{"id":34,"date":"2025-03-04T11:15:58","date_gmt":"2025-03-04T10:15:58","guid":{"rendered":"https:\/\/www.linie4life.com\/ochrana-osobnich-udaju\/"},"modified":"2025-05-26T13:05:45","modified_gmt":"2025-05-26T11:05:45","slug":"schutz-personenbezogener-daten","status":"publish","type":"page","link":"https:\/\/www.linie4life.com\/at\/ochrana-osobnich-udaju\/","title":{"rendered":"Schutz personenbezogener Daten"},"content":{"rendered":"<div data-elementor-type=\"wp-page\" data-elementor-id=\"34\" class=\"elementor elementor-34\" data-elementor-post-type=\"page\">\n\t\t\t\t<div class=\"elementor-element elementor-element-4e0a76c e-flex e-con-boxed e-con e-parent\" data-id=\"4e0a76c\" data-element_type=\"container\" data-e-type=\"container\">\n\t\t\t\t\t<div class=\"e-con-inner\">\n\t\t\t\t<div class=\"elementor-element elementor-element-10fa37b elementor-widget elementor-widget-heading\" data-id=\"10fa37b\" data-element_type=\"widget\" data-e-type=\"widget\" data-widget_type=\"heading.default\">\n\t\t\t\t\t<h1 class=\"elementor-heading-title elementor-size-default\">Schutz personenbezogener Daten<\/h1>\t\t\t\t<\/div>\n\t\t\t\t<div class=\"elementor-element elementor-element-2d247ee elementor-widget elementor-widget-text-editor\" data-id=\"2d247ee\" data-element_type=\"widget\" data-e-type=\"widget\" data-widget_type=\"text-editor.default\">\n\t\t\t\t\t\t\t\t\t<h2><strong>I. Grundlegende Bestimmungen<\/strong><\/h2><ol><li><strong>Verantwortlicher f\u00fcr personenbezogene Daten<\/strong> Gem\u00e4\u00df Artikel 4 Absatz 7 der Verordnung (EU) 2016\/679 des Europ\u00e4ischen Parlaments und des Rates (DSGVO) <strong>NATURPRODUKTE-KLINIK LTD<\/strong> (Firmennummer 11332850), mit Sitz <strong>Einheit Q, 35 Astbury Road, London, England, SE15 2NL<\/strong> (nachfolgend \u201eAdministrator\u201c genannt).<\/li><li><strong>Kontaktdaten des Administrators:<\/strong><ul><li><strong>Adresse:<\/strong> Einheit Q, 35 Astbury Road, London, England, SE15 2NL<\/li><li><strong>E-Mail:<\/strong> <span style=\"text-decoration: underline;\"><a href=\"mailto:info@linie4life.com\">info@linie4life.com<\/a><\/span><\/li><\/ul><\/li><li><strong>personenbezogene Daten<\/strong> bezeichnet alle Informationen \u00fcber eine identifizierte oder identifizierbare nat\u00fcrliche Person.<\/li><\/ol><h2><strong><br \/>II. Quellen und Kategorien verarbeiteter personenbezogener Daten<\/strong><\/h2><ol><li>Der Administrator verarbeitet personenbezogene Daten, die Sie ihm zur Verf\u00fcgung gestellt haben oder die der Administrator aufgrund der Erf\u00fcllung Ihrer Bestellung erhalten hat.<\/li><li>Es werden die f\u00fcr die Vertragserf\u00fcllung notwendigen Identifikations- und Kontaktdaten verarbeitet.<\/li><\/ol><h2><strong>III. Rechtsgrundlage und Zweck der Verarbeitung personenbezogener Daten<\/strong><\/h2><ol><li><strong>Der rechtm\u00e4\u00dfige Grund f\u00fcr die Verarbeitung personenbezogener Daten ist:<\/strong><ul><li>Das berechtigte Interesse des Verantwortlichen an der Bereitstellung von Direktmarketing (<strong>Art. 6 Abs. 1 lit. f DSGVO<\/strong>)<\/li><li>Ihre Einwilligung zur Verarbeitung zu Marketingzwecken (<strong>Art. 6 Abs. 1 lit. a DSGVO<\/strong>)<\/li><\/ul><\/li><li><strong>Zweck der Verarbeitung personenbezogener Daten:<\/strong><ul><li>Auftragsabwicklung und Vertragserf\u00fcllung<\/li><li>Senden von kommerziellen Mitteilungen und Marketingangeboten<\/li><\/ul><\/li><li>Der Administrator f\u00fchrt keine automatisierte Entscheidungsfindung gem\u00e4\u00df Artikel 22 der DSGVO durch.<\/li><\/ol><h2><strong>IV. Dauer der Speicherung personenbezogener Daten<\/strong><\/h2><ol><li><strong>Personenbezogene Daten werden gespeichert:<\/strong><ul><li>F\u00fcr die Dauer des Vertragsverh\u00e4ltnisses und danach <strong>15 Jahre<\/strong>.<\/li><li>F\u00fcr die Dauer der Einwilligung zu Marketingzwecken, h\u00f6chstens <strong>15 Jahre<\/strong>.<\/li><\/ul><\/li><li>Nach Ablauf der Aufbewahrungsfrist werden die Daten gel\u00f6scht.<\/li><\/ol><h2><strong>V. Empf\u00e4nger personenbezogener Daten<\/strong><\/h2><ol><li>Personenbezogene Daten k\u00f6nnen weitergegeben werden:<ul><li>An der Lieferung von Waren\/Dienstleistungen beteiligte Personen<\/li><li>Marketing-Dienstleister<\/li><\/ul><\/li><li>Der Administrator beabsichtigt nicht, personenbezogene Daten au\u00dferhalb der EU zu \u00fcbermitteln.<\/li><\/ol><h2><strong>Ihre Rechte<\/strong><\/h2><ol><li>Gem\u00e4\u00df der DSGVO haben Sie das Recht:<ul><li>Um auf personenbezogene Daten zuzugreifen (<strong>Artikel 15 DSGVO<\/strong>)<\/li><li>Zur Korrektur personenbezogener Daten (<strong>Artikel 16 DSGVO<\/strong>)<\/li><li>Zum L\u00f6schen personenbezogener Daten (<strong>Artikel 17 DSGVO<\/strong>)<\/li><li>Um die Verarbeitung einzuschr\u00e4nken (<strong>Artikel 18 DSGVO<\/strong>)<\/li><li>Zur Daten\u00fcbertragbarkeit (<strong>Artikel 20 DSGVO<\/strong>)<\/li><li>Widerspruch gegen die Verarbeitung (<strong>Artikel 21 DSGVO<\/strong>)<\/li><li>Einwilligung zur Verarbeitung widerrufen<\/li><\/ul><\/li><li>Sie haben das Recht, eine Beschwerde einzureichen bei <strong>Beh\u00f6rde f\u00fcr den Schutz personenbezogener Daten<\/strong>.<\/li><\/ol><h2><strong>VII. Sicherheit personenbezogener Daten<\/strong><\/h2><ol><li>Der Administrator hat technische und organisatorische Ma\u00dfnahmen zum Schutz personenbezogener Daten getroffen.<\/li><li>Personenbezogene Daten sind vor unberechtigtem Zugriff gesch\u00fctzt.<\/li><\/ol><h2><strong>VIII. Schlussbestimmungen<\/strong><\/h2><ol><li>Durch das Setzen eines H\u00e4kchens im entsprechenden Zustimmungsfeld auf der Website best\u00e4tigen Sie Ihr Einverst\u00e4ndnis mit den Bedingungen.<\/li><li>Der Administrator ist berechtigt, diese Allgemeinen Gesch\u00e4ftsbedingungen zu \u00e4ndern; die neue Version wird auf der Website ver\u00f6ffentlicht.<\/li><\/ol><h3><strong>Diese Allgemeinen Gesch\u00e4ftsbedingungen treten am 23. November 2023 in Kraft.<\/strong><\/h3>\t\t\t\t\t\t\t\t<\/div>\n\t\t\t\t\t<\/div>\n\t\t\t\t<\/div>\n\t\t\t\t<\/div>","protected":false},"excerpt":{"rendered":"<p>Ochrana osobn\u00edch \u00fadaj\u016f I. Z\u00e1kladn\u00ed ustanoven\u00ed Spr\u00e1vcem osobn\u00edch \u00fadaj\u016f podle \u010dl. 4 bod 7 na\u0159\u00edzen\u00ed Evropsk\u00e9ho parlamentu a Rady (EU) 2016\/679 (GDPR) je NATUREPRODUCTSCLINIC LTD (Company number 11332850), se s\u00eddlem Unit Q, 35 Astbury Road, London, England, SE15 2NL (d\u00e1le jen &#8222;spr\u00e1vce&#8220;). Kontaktn\u00ed \u00fadaje spr\u00e1vce: Adresa: Unit Q, 35 Astbury Road, London, England, SE15 2NL [&hellip;]<\/p>\n","protected":false},"author":2,"featured_media":0,"parent":0,"menu_order":7,"comment_status":"closed","ping_status":"closed","template":"elementor_header_footer","meta":{"footnotes":""},"class_list":["post-34","page","type-page","status-publish","hentry"],"_links":{"self":[{"href":"https:\/\/www.linie4life.com\/at\/wp-json\/wp\/v2\/pages\/34","targetHints":{"allow":["GET"]}}],"collection":[{"href":"https:\/\/www.linie4life.com\/at\/wp-json\/wp\/v2\/pages"}],"about":[{"href":"https:\/\/www.linie4life.com\/at\/wp-json\/wp\/v2\/types\/page"}],"author":[{"embeddable":true,"href":"https:\/\/www.linie4life.com\/at\/wp-json\/wp\/v2\/users\/2"}],"replies":[{"embeddable":true,"href":"https:\/\/www.linie4life.com\/at\/wp-json\/wp\/v2\/comments?post=34"}],"version-history":[{"count":5,"href":"https:\/\/www.linie4life.com\/at\/wp-json\/wp\/v2\/pages\/34\/revisions"}],"predecessor-version":[{"id":7361,"href":"https:\/\/www.linie4life.com\/at\/wp-json\/wp\/v2\/pages\/34\/revisions\/7361"}],"wp:attachment":[{"href":"https:\/\/www.linie4life.com\/at\/wp-json\/wp\/v2\/media?parent=34"}],"curies":[{"name":"wp","href":"https:\/\/api.w.org\/{rel}","templated":true}]}}