{"id":13857,"date":"2025-09-12T10:06:01","date_gmt":"2025-09-12T08:06:01","guid":{"rendered":"https:\/\/www.linie4life.com\/?post_type=product&#038;p=13857"},"modified":"2026-04-15T14:03:28","modified_gmt":"2026-04-15T12:03:28","slug":"paket-3x-kraft-der-proteolytischen-enzyme-12-enzyme-lumbrokinase-nattokinase-atp-90-kapseln-60-tage","status":"publish","type":"product","link":"https:\/\/www.linie4life.com\/at\/obchod\/balicek-3x-power-of-proteolytic-enzymes-12-enzymu-lumbrokinaza-nattokinaza-atp-90-kapsli-60-dni\/","title":{"rendered":"3er-Packung (POPE) POWER OF PROTEOLYTIC ENZYMES 12 Enzyme + Lumbrokinase Nattokinase ATP 90 Kapseln 60 Tage"},"content":{"rendered":"<h2>Eine Mischung aus 12 sorgf\u00e4ltig ausgew\u00e4hlten proteolytischen Enzymen<\/h2>\n<p class=\"p1\"><strong>ST\u00c4RKER, EFFIZIENTER,<\/strong>\u00a0<strong>Mich<\/strong><b>x 12 sorgf\u00e4ltig ausgew\u00e4hlte proteolytische Enzyme\u00a0<\/b><strong>KRAFT PROTEOLYTISCHER ENZYME, 100% nat\u00fcrlich, OHNE F\u00dcLLSTOFFE.<\/strong><\/p>\n<p class=\"p1\"><strong>Dies sind keine Verdauungsenzyme<\/strong>Wie kann jemand f\u00e4lschlicherweise glauben, dass <strong>obwohl sie im Produkt enthalten sind<\/strong>, haupts\u00e4chlich<strong> Grund f\u00fcr ihre Verwendung<\/strong> Ist <strong>Gesamtpotenzial zur Gesundheitsverbesserung<\/strong>. Sie enthalten <strong>Mischung sorgf\u00e4ltig ausgew\u00e4hlter Enzyme<\/strong>welche<strong> beeinflusst eine Reihe biochemischer Prozesse im K\u00f6rper<\/strong>\u00a0gerade in Synergie, wenn <strong>jeder von ihnen ist f\u00fcr einen anderen Schaltkreis zust\u00e4ndig<\/strong> im menschlichen K\u00f6rper und genau <strong>Dank dessen werden Sie das Ergebnis selbst sehen.<\/strong><\/p>\n<p>Proteolytische Enzyme sind aufgrund ihrer biologischen Eigenschaften von wissenschaftlichem Interesse und <strong>breites Anwendungsspektrum<\/strong>. In einigen Ans\u00e4tzen werden sie als Teil der sogenannten. <em>Enzymtherapie<\/em>, wo sie als Teil einer umfassenden K\u00f6rperpflege eingesetzt werden.<\/p>\n<h2><b>Proteolytisch<\/b> Enzyme<b> nicht nur f\u00fcr die Verdauung<\/b><\/h2>\n<p>Es handelt sich nicht prim\u00e4r um Verdauungsenzyme, wie manchmal f\u00e4lschlicherweise angenommen wird. Obwohl Enzyme im Allgemeinen mit der Verdauung in Verbindung gebracht werden, k\u00f6nnen ihre Einsatzm\u00f6glichkeiten vielf\u00e4ltiger sein und beschr\u00e4nken sich nicht auf die Unterst\u00fctzung von Verdauungsprozessen.<\/p>\n<p>Das Produkt enth\u00e4lt eine Kombination sorgf\u00e4ltig ausgew\u00e4hlter Enzyme, die an verschiedenen biochemischen Prozessen im K\u00f6rper beteiligt sind. Die einzelnen Enzyme wirken synergistisch zusammen und sind jeweils auf unterschiedliche Prozesse fokussiert. Diese gegenseitige Synergie ist der Grund daf\u00fcr, dass sie Bestandteil einer komplexen Enzymmischung sind.<\/p>\n<p><strong>Es gibt mehrere proteolytische Enzyme, die beim Abbau von Fibrin und Biofilmen helfen k\u00f6nnen (Pankreasenzyme, Bromelain, Nattokinase, Serrapeptase und Lumbrokinase).\u00a0<\/strong>Lumbrokinase geh\u00f6rt zu einer Gruppe fibrinolytischer Enzyme, die aus Regenw\u00fcrmern (Lumbricus rubellus) gewonnen werden. Es handelt sich um sechs Enzyme der Protease-Reihe mit unterschiedlichen fibrinolytischen Aktivit\u00e4ten. Die Enzyme sind wirksam beim Abbau von Fibrin und des Fibrinproteins, das die Biofilmmatrix zusammenh\u00e4lt. Regenw\u00fcrmer werden in der traditionellen chinesischen Medizin Ostasiens seit Jahrtausenden verwendet.<\/p>\n<p>&nbsp;<\/p>\n<p><strong>Von allen proteolytischen Enzymen oder proteinspaltenden Enzymen \u00e4hneln nur Serrapeptase und Nattokinase hinsichtlich ihrer fibrinolytischen Aktivit\u00e4t der Lumbrokinase.\u00a0<\/strong>Lumbrokinase ist fast 30-mal wirksamer als Nattokinase, das Enzym aus Natto. Ungef\u00e4hr 300-mal st\u00e4rker als Serrapeptase \u2013 ein aus Seidenraupen gewonnenes Enzym.<\/p>\n<p><strong>Der Hauptvorteil und die St\u00e4rke des Produkts POWER OF PROTEOLYTIC ENZYMES ist genau<\/strong>\u00a0In\u00a0<strong>EINZIGARTIGE MISCHUNG AUS 12 HOCHWIRKSAM ENZYMEN<\/strong>: Bromelain (2400 GDU\/g), Papain (6000 USP\/mg), Amylase (15000 SKB\/g), Lipase (2000 FIP\/g), Protease (60000 HUT\/g), Laktase (2000 ALU\/g), Saccharose (1000 INVU\/g), Maltase (300 DP\/g), Trypsin (1:150),\u00a0<strong>Nattokinase (2000 FU\/g)<\/strong>,\u00a0<strong>Lumbrokinase (200.000 IE\/g<\/strong>),\u00a0<strong>Adenosintriphosphat-ATP (250 Millionen LCU<\/strong>).<\/p>\n<p><strong>Integrieren Sie proteolytische Enzyme in Ihre Ern\u00e4hrung,<\/strong>\u00a0bieten kann,\u00a0<strong>eine Reihe von Vorteilen.\u00a0<\/strong>Enzyme sind spezielle Proteine, die\u00a0<strong>Sie spielen bei fast allen biochemischen Reaktionen eine Schl\u00fcsselrolle.<\/strong>\u00a0Zu diesen Reaktionen geh\u00f6ren\u00a0<strong>Verdauung von Nahrung, Synthese von Zellbestandteilen, DNA-Reparatur und viele andere wichtige Prozesse<\/strong>. Enzyme\u00a0<strong>Sie wirken als Katalysatoren<\/strong>, was bedeutet, dass\u00a0<strong>Sie beschleunigen Reaktionen, ohne selbst verbraucht zu werden<\/strong>\u00a0oder w\u00e4hrend des Prozesses dauerhaft ge\u00e4ndert.<\/p>\n<p>&nbsp;<\/p>\n<p>Proteolytische Enzyme, auch Proteasen genannt, sind spezielle Enzymtypen, die die F\u00e4higkeit besitzen, Proteine (Eiwei\u00dfe) in kleinere Peptide oder Aminos\u00e4uren zu zerlegen.\u00a0<strong>Es ist wichtig, dass die proteolytischen Enzyme im K\u00f6rper im Gleichgewicht sind<\/strong>und daher\u00a0<strong>werden in verschiedenen Teilen des Verdauungstraktes reguliert und produziert<\/strong>.\u00a0<strong>Wenn ein Ungleichgewicht auftritt<\/strong>\u00a0<strong>oder Probleme bei der Produktion dieser Enzyme auftreten, kann dies die Funktion des gesamten Systems beeintr\u00e4chtigen.<\/strong><\/p>\n<p>&nbsp;<\/p>\n<p>Es handelt sich um eine nat\u00fcrliche, gentechnikfreie und fortschrittliche Unterst\u00fctzung nicht nur f\u00fcr gesundes Altern, sondern auch f\u00fcr ein langes Leben.<strong>\u00a0<em>Keine chemischen F\u00fcllstoffe! 100% natur.<\/em><\/strong><\/p>\n<p>&nbsp;<\/p>\n<hr \/>\n<h5><b>ZUSAMMENSETZUNG\u00a0<\/b><b>zur Nahrungserg\u00e4nzung\u00a0<\/b><b>(KRAFT PROTEOLYTISCHER ENZYME):<\/b><\/h5>\n<p>1000 mg Menge pro Portion RHP<\/p>\n<p>Bromelain (2400 GDU\/g) 90 mg *<\/p>\n<p>Papain (6000 USP\/mg) 90 mg *<\/p>\n<p>Amylase (15.000 SKB\/g) 80 mg *<\/p>\n<p>Lipase (2000 FIP\/g) 50 mg *<\/p>\n<p>Protease (60.000 HUT\/g) 190 mg *<\/p>\n<p>Laktase (2.000 ALU\/g) 70 mg *<\/p>\n<p>Saccharose (1000 INVU\/g) 70 mg *<\/p>\n<p>Maltase (300 DP\/g) 70 mg *<\/p>\n<p>Trypsin als 1:150 50 mg *<\/p>\n<p>Nattokinase (2000 FU\/g) 90 mg *<\/p>\n<p>Lumbrokinase (200.000 IE\/g) 90 mg *<\/p>\n<p>Adenosintriphosphat-ATP (250 Millionen LCU) 60 mg *<\/p>\n<p>&nbsp;<\/p>\n<p>Weitere Inhaltsstoffe: vegane Kapsel. Enth\u00e4lt keine k\u00fcnstlichen Aromen oder S\u00fc\u00dfstoffe, Konservierungsmittel, Zucker, St\u00e4rke, Milch, Laktose, Soja, Ei, Glutamat, Weizen, Hefe, Magnesiumstearat und ist NICHT gentechnisch ver\u00e4ndert.<\/p>\n<p>&nbsp;<\/p>\n<h5><b>DOSIERUNG\u00a0<\/b><b>zur Nahrungserg\u00e4nzung\u00a0<\/b><b>(KRAFT PROTEOLYTISCHER ENZYME):<\/b><\/h5>\n<p>Verzehrempfehlung: 3 Kapseln t\u00e4glich: 1 morgens, 1 mittags, 1 abends, immer vor den Mahlzeiten.\u00a0<strong>Verpackung<\/strong>: 90 Kapseln f\u00fcr 30 Tage,<b>\u00a0Dieses Set enth\u00e4lt insgesamt 3 Dosen.<\/b><\/p>\n<h5><b>LAGERUNG f\u00fcr Nahrungserg\u00e4nzungsmittel\u00a0<\/b><b>(KRAFT PROTEOLYTISCHER ENZYME):<\/b><\/h5>\n<p>Trocken und bei Raumtemperatur lagern. Vor Frost sch\u00fctzen. Nicht direkter Sonneneinstrahlung aussetzen. Au\u00dferhalb der Reichweite von Kindern aufbewahren.<\/p>\n<h5><strong>BEACHTEN\u00a0<\/strong><b>zur Nahrungserg\u00e4nzung (POWER OF PROTEOLYTIC ENZYMES):<\/b><\/h5>\n<p>Es handelt sich nicht um ein Arzneimittel und ersetzt keine abwechslungsreiche Ern\u00e4hrung. Wenn Sie schwanger sind, stillen oder Medikamente einnehmen, konsultieren Sie vor der Anwendung Ihren Arzt. Nicht anwenden bei bekannter \u00dcberempfindlichkeit gegen einen der Inhaltsstoffe.<\/p>","protected":false},"excerpt":{"rendered":"<h2>Gezielte Enzymunterst\u00fctzung f\u00fcr inneres Gleichgewicht und Regeneration<\/h2>\n<p><strong>Kraft proteolytischer Enzyme<\/strong> ist sehr <strong>wirksame Kombination von 12 proteolytischen Enzymen<\/strong> Sie wurden entwickelt, um nat\u00fcrliche Regulierungs- und Regenerationsprozesse im K\u00f6rper zu unterst\u00fctzen. Enzyme sind daran beteiligt. <strong>Proteinverarbeitung<\/strong> und sich in die Gewebepflege einf\u00fcgen <strong>Balance, Bewegungskomfort<\/strong> und insgesamt <strong>Vitalit\u00e4t<\/strong> Der Organismus wird insbesondere bei l\u00e4ngerfristiger k\u00f6rperlicher oder metabolischer Belastung belastet. Das Produkt eignet sich f\u00fcr anspruchsvolle Anwender, die eine funktionelle, saubere und gezielte L\u00f6sung ohne unn\u00f6tige Chemikalien und F\u00fcllstoffe suchen. Die technisch ausgereifte Zusammensetzung ist auch langfristig sinnvoll.<\/p>\n<p><em><strong>Die Kraft proteolytischer Enzyme \u2013 wenn Sie Ihren K\u00f6rper dort unterst\u00fctzen m\u00f6chten, wo er am meisten leistet. Versorgen Sie Ihren K\u00f6rper gezielt mit Enzymen.<\/strong><\/em><\/p>\n<p>Paket beinhaltet: <strong>3 Dosen<\/strong> LEISTUNG PROTEOLYTISCHER ENZYME <strong>(Der Coupon kann nicht angewendet werden, da das Set bereits reduziert ist und der Rabatt bereits enthalten ist) + zus\u00e4tzlich wird Vitamin D3 Spray 40.000 IE mit Orangengeschmack automatisch GRATIS hinzugef\u00fcgt.<\/strong><\/p>","protected":false},"featured_media":13873,"comment_status":"open","ping_status":"closed","template":"","meta":[],"product_brand":[58],"product_cat":[15,27,26,201,286,79,80,81,29,30,32,33],"product_tag":[],"class_list":{"0":"post-13857","1":"product","2":"type-product","3":"status-publish","4":"has-post-thumbnail","6":"product_brand-for-a-long-life","7":"product_cat-detoxikace","8":"product_cat-dlouhovekost","9":"product_cat-imunita","10":"product_cat-lymfa","11":"product_cat-bestsellers","12":"product_cat-ocista-jater","13":"product_cat-prevence","14":"product_cat-regenerace","15":"product_cat-spanek-a-uzkost","16":"product_cat-zdrave-srdce","17":"product_cat-zdravi-muze","18":"product_cat-zdravi-zeny","20":"first","21":"instock","22":"taxable","23":"shipping-taxable","24":"purchasable","25":"product-type-simple"},"_links":{"self":[{"href":"https:\/\/www.linie4life.com\/at\/wp-json\/wp\/v2\/product\/13857","targetHints":{"allow":["GET"]}}],"collection":[{"href":"https:\/\/www.linie4life.com\/at\/wp-json\/wp\/v2\/product"}],"about":[{"href":"https:\/\/www.linie4life.com\/at\/wp-json\/wp\/v2\/types\/product"}],"replies":[{"embeddable":true,"href":"https:\/\/www.linie4life.com\/at\/wp-json\/wp\/v2\/comments?post=13857"}],"version-history":[{"count":10,"href":"https:\/\/www.linie4life.com\/at\/wp-json\/wp\/v2\/product\/13857\/revisions"}],"predecessor-version":[{"id":18183,"href":"https:\/\/www.linie4life.com\/at\/wp-json\/wp\/v2\/product\/13857\/revisions\/18183"}],"wp:featuredmedia":[{"embeddable":true,"href":"https:\/\/www.linie4life.com\/at\/wp-json\/wp\/v2\/media\/13873"}],"wp:attachment":[{"href":"https:\/\/www.linie4life.com\/at\/wp-json\/wp\/v2\/media?parent=13857"}],"wp:term":[{"taxonomy":"product_brand","embeddable":true,"href":"https:\/\/www.linie4life.com\/at\/wp-json\/wp\/v2\/product_brand?post=13857"},{"taxonomy":"product_cat","embeddable":true,"href":"https:\/\/www.linie4life.com\/at\/wp-json\/wp\/v2\/product_cat?post=13857"},{"taxonomy":"product_tag","embeddable":true,"href":"https:\/\/www.linie4life.com\/at\/wp-json\/wp\/v2\/product_tag?post=13857"}],"curies":[{"name":"wp","href":"https:\/\/api.w.org\/{rel}","templated":true}]}}