{"id":15001,"date":"2025-11-08T09:42:38","date_gmt":"2025-11-08T08:42:38","guid":{"rendered":"https:\/\/www.linie4life.com\/?post_type=product&#038;p=15001"},"modified":"2026-04-15T21:09:32","modified_gmt":"2026-04-15T19:09:32","slug":"packung-mit-3x-serrapeptase-250000-spu-in-1-kapsel-hochwirksam-ohne-fullstoffe-60-kapseln-60-tage","status":"publish","type":"product","link":"https:\/\/www.linie4life.com\/at\/obchod\/balicek-3x-serrapeptaza-250000-spu-v-1-kapsli-vysoka-ucinnost-bez-plnidel-60-kapsli-60-dni\/","title":{"rendered":"Packung mit 3x Serrapeptase 250000 SPU (in 1 Kapsel) hochwirksam ohne F\u00fcllstoffe 60 Kapseln 60 Tage"},"content":{"rendered":"<h2>Serrapeptase im Kontext<\/h2>\n<p><span class=\"s1\"><strong style=\"font-weight: 400;\"><em>Serrapeptase<\/em> <\/strong>\u00a0Ist <strong style=\"font-weight: 400;\">Seit mehr als 25 Jahren in Europa und Asien im Einsatz.<\/strong> und hat <strong style=\"font-weight: 400;\">Breites Anwendungsspektrum.<\/strong> Auf jeden Fall mit ihr <strong style=\"font-weight: 400;\">Du kannst nicht dar\u00fcber hinausreichen<\/strong>. <strong>Eine gute Grundlage daf\u00fcr sind die positiven Auswirkungen auf den gesamten Organismus.<\/strong><\/span><\/p>\n<p>In Japan ist es sogar als offizielle Behandlungsmethode f\u00fcr Arteriosklerose und koronare Herzkrankheit zugelassen.<\/p>\n<p>Positive Effekte\u00a0<strong>Serrapeptase<\/strong> sind klinisch best\u00e4tigt f\u00fcr ein breites Spektrum an Entz\u00fcndungen, beschleunigen den Heilungsprozess, lindern Schmerzen und Schwellungen, aber auch f\u00fcr:<\/p>\n<ul>\n<li>Herz- und Gef\u00e4\u00dferkrankungen<\/li>\n<li>Bluthochdruck<\/li>\n<li>Typ-2-Diabetes und diabetische Neuropathie<\/li>\n<li>Osteoporose<\/li>\n<li>Multiple Sklerose<\/li>\n<li>Migr\u00e4ne und Kopfschmerzen<\/li>\n<li>Mukoviszidose der Brust<\/li>\n<li>Gelenkentz\u00fcndung, Arthritis, rheumatoide Arthritis<\/li>\n<li>Entz\u00fcndungen der oberen und unteren Atemwege<\/li>\n<li>Entz\u00fcndungen verschiedener Art<\/li>\n<li>Darmerkrankung<\/li>\n<li>Asthma<\/li>\n<li>Unf\u00e4lle und Sportverletzungen<\/li>\n<li>Reinigung des K\u00f6rpers von Giftstoffen<\/li>\n<li>St\u00e4rkung der Immunit\u00e4t<\/li>\n<\/ul>\n<p>&nbsp;<\/p>\n<p>Serrapeptase <strong>ist seit langem Gegenstand der Forschung in Bezug auf verschiedene K\u00f6rpersysteme, darunter das Kreislauf-, das Bewegungs- und das Atmungssystem, sowie auf Prozesse im Zusammenhang mit der Anpassung des Organismus an Stress und der langfristigen Funktionsf\u00e4higkeit des K\u00f6rpers, von Erkrankungen des Herzens und der Blutgef\u00e4\u00dfe \u00fcber Unf\u00e4lle und Sportverletzungen bis hin zur Kontrolle von Entz\u00fcndungsreaktionen.<\/strong>. Serrapeptase <strong>Es wurde und wird traditionell in der traditionellen Heilkunde und der Alternativmedizin f\u00fcr verschiedene Zwecke verwendet.<\/strong><\/p>\n<p>Serrapeptase, auch bekannt als Serralysin, ist ein proteolytisches Enzym, das in Seidenraupen vorkommt.<\/p>\n<p>&nbsp;<\/p>\n<h2>Enzymatische Aktivit\u00e4t oder Enzympotenz<\/h2>\n<p>Der entscheidende Faktor ist <strong>enzymatische Aktivit\u00e4t<\/strong>, Es handelt sich nicht um die Masse des Enzyms selbst. Die Effizienz des Enzyms wird in Einheiten angegeben. <strong>SPU (Serratiopeptidase-Einheiten)<\/strong> \u2013 Je h\u00f6her der SPU-Wert, desto h\u00f6her die Aktivit\u00e4t. Zum Beispiel die Bezeichnung <strong>SERRAPEPTASE 250.000 SPU<\/strong> Die St\u00e4rke eines Enzyms wird durch seine biologische Aktivit\u00e4t und nicht durch sein Gewicht ausgedr\u00fcckt. Manche Hersteller geben auf dem Etikett lediglich die Menge in Milligramm an. Diese Angabe informiert jedoch nur \u00fcber das Gewicht der Substanz, nicht \u00fcber ihre tats\u00e4chliche enzymatische St\u00e4rke.<\/p>\n<p>Es ist au\u00dferdem wichtig zu \u00fcberpr\u00fcfen, ob die angegebene Aktivit\u00e4t (z. B. 250.000 SPU) der tats\u00e4chlichen Aktivit\u00e4t entspricht. <strong>eine Kapsel<\/strong>, oder ob die Dosis auf mehrere Tagesdosen aufgeteilt ist. Wird der Wert beispielsweise auf zwei oder drei Kapseln berechnet, entf\u00e4llt nur ein Teil der deklarierten Wirkung auf eine einzelne Kapsel. Beim Preisvergleich ist es daher sinnvoll, die Wirkung pro Kapsel zu ber\u00fccksichtigen. Andernfalls mag das Produkt zwar g\u00fcnstiger erscheinen, enth\u00e4lt aber tats\u00e4chlich weniger Wirkstoff und einen h\u00f6heren Anteil an Hilfsstoffen.<\/p>\n<p>&nbsp;<\/p>\n<hr \/>\n<h5><b>DOSIERUNG <\/b><b>zur Nahrungserg\u00e4nzung (Serrapeptase 250.000 SPU):<\/b><\/h5>\n<p>1 Kapsel t\u00e4glich<\/p>\n<p><b>Verpackung: 180 vegane Kapseln f\u00fcr 60 Tage (Packung mit 3 x 60 Kapseln). <\/b><\/p>\n<p>Magensaftresistente Kapseln besitzen eine spezielle Beschichtung, die sich im sauren Milieu des Magens nicht aufl\u00f6st, sondern erst im alkalischen Milieu des D\u00fcnndarms, wo der Inhalt freigesetzt wird. Dadurch wird der Inhalt vor der Magens\u00e4ure gesch\u00fctzt und sichergestellt, dass das Enzym nur dort wirkt, wo es wirken soll.<span class=\"uJ19be notranslate\" data-wiz-uids=\"sYoAsd_e,sYoAsd_f,sYoAsd_g\" data-processed=\"true\"><span class=\"vKEkVd\" data-animation-atomic=\"\" data-wiz-attrbind=\"class=sYoAsd_e\/TKHnVd;\" data-processed=\"true\">\u00a0<\/span><\/span><\/p>\n<h5><b>ZUSAMMENSETZUNG <\/b><b>f\u00fcr Nahrungserg\u00e4nzungsmittel (Serrapeptase 250000 SPU):<\/b><\/h5>\n<p>Das proteolytische Enzym Serrapeptase (mit mindestens 250.000 SPU\/SU pro Kapsel). Weitere Inhaltsstoffe: Vegane Kapsel. <strong>Serrapeptase<\/strong> enth\u00e4lt keine k\u00fcnstlichen Aromen oder S\u00fc\u00dfstoffe, Konservierungsmittel, Zucker, St\u00e4rke, Milch, Laktose, Soja, Eier, Glutamat, Weizen, Hefe, Magnesiumstearat und ist NICHT gentechnisch ver\u00e4ndert.<\/p>\n<h5><b>LAGERUNG f\u00fcr Nahrungserg\u00e4nzungsmittel (Serrapeptase 250000 SPU):<\/b><\/h5>\n<p>Trocken und bei Raumtemperatur lagern. Vor Frost sch\u00fctzen. Nicht direkter Sonneneinstrahlung aussetzen. Au\u00dferhalb der Reichweite von Kindern aufbewahren.<\/p>\n<h5><strong>BEACHTEN <\/strong><b>f\u00fcr Nahrungserg\u00e4nzungsmittel (Serrapeptase 250000 SPU):<\/b><\/h5>\n<p>Es handelt sich nicht um ein Arzneimittel und ersetzt keine abwechslungsreiche Ern\u00e4hrung. Wenn Sie schwanger sind, stillen oder Medikamente einnehmen, konsultieren Sie vor der Anwendung Ihren Arzt. Nicht anwenden bei bekannter \u00dcberempfindlichkeit gegen einen der Inhaltsstoffe.<\/p>","protected":false},"excerpt":{"rendered":"<h2>Serrapeptase 250.000 SPU zur Unterst\u00fctzung von Prozessen im Weichgewebe und der Gef\u00e4\u00dfdurchg\u00e4ngigkeit in 3er-Packungen (Coupon kann nicht angewendet werden, da das Set bereits rabattiert ist und der Rabatt bereits enthalten ist) + zus\u00e4tzlich wird DIGESTIFF automatisch GRATIS hinzugef\u00fcgt - Enzyme zur Unterst\u00fctzung einer besseren Verdauung.<\/h2>\n<p><strong>Serrapeptase 250.000 SPU<\/strong> ist sehr aktiv <strong>proteolytisches Enzym<\/strong>, Dieses Produkt wird von vielen Menschen gew\u00e4hlt, die die nat\u00fcrlichen Reinigungs- und Regenerationsprozesse ihres K\u00f6rpers unterst\u00fctzen m\u00f6chten. Es ist besonders gefragt im Zusammenhang mit dem Ausgleich von Entz\u00fcndungsprozessen und der F\u00f6rderung eines gesunden Organismus. Dank seiner hohen Enzymaktivit\u00e4t tr\u00e4gt es zur Pflege des Gef\u00e4\u00dfkomforts, des Bewegungsapparates und des allgemeinen inneren Gleichgewichts bei, insbesondere bei anhaltendem Stress. Reine Zusammensetzung ohne unn\u00f6tige Zusatzstoffe \u2013 gezielte Enzymunterst\u00fctzung f\u00fcr alle, die die Ursache des Problems angehen m\u00f6chten.<\/p>\n<p><em><strong>Serrapeptase mit hoher enzymatischer Aktivit\u00e4t von 250.000 SPU in reiner Form ohne F\u00fcllstoffe, in magensaftresistenten Kapseln.<\/strong><\/em><\/p>\n<p>&nbsp;<\/p>\n<p><strong>Hier finden Sie das Produkt SERRAPEPTASE 500000 SPU:<\/strong><\/p>\n<p><a href=\"https:\/\/www.linie4life.com\/at\/shop\/serrapeptase-500000-sp-hohe-effizienz\/?wmc-currency=EUR\">https:\/\/www.linie4life.com\/obchod\/serrapeptaza-500000-spu-vysoka-ucinnost\/<\/a><\/p>","protected":false},"featured_media":16793,"comment_status":"open","ping_status":"closed","template":"","meta":[],"product_brand":[58],"product_cat":[15,27,292,25,26,23,201,286,79,80,78,81,29,31,30,32,33],"product_tag":[],"class_list":{"0":"post-15001","1":"product","2":"type-product","3":"status-publish","4":"has-post-thumbnail","6":"product_brand-for-a-long-life","7":"product_cat-detoxikace","8":"product_cat-dlouhovekost","9":"product_cat-exkluzivni-vip-vyber","10":"product_cat-hubnuti","11":"product_cat-imunita","12":"product_cat-krasa","13":"product_cat-lymfa","14":"product_cat-bestsellers","15":"product_cat-ocista-jater","16":"product_cat-prevence","17":"product_cat-psychika","18":"product_cat-regenerace","19":"product_cat-spanek-a-uzkost","20":"product_cat-zdrave-zazivani","21":"product_cat-zdrave-srdce","22":"product_cat-zdravi-muze","23":"product_cat-zdravi-zeny","25":"first","26":"instock","27":"taxable","28":"shipping-taxable","29":"purchasable","30":"product-type-simple"},"_links":{"self":[{"href":"https:\/\/www.linie4life.com\/at\/wp-json\/wp\/v2\/product\/15001","targetHints":{"allow":["GET"]}}],"collection":[{"href":"https:\/\/www.linie4life.com\/at\/wp-json\/wp\/v2\/product"}],"about":[{"href":"https:\/\/www.linie4life.com\/at\/wp-json\/wp\/v2\/types\/product"}],"replies":[{"embeddable":true,"href":"https:\/\/www.linie4life.com\/at\/wp-json\/wp\/v2\/comments?post=15001"}],"version-history":[{"count":10,"href":"https:\/\/www.linie4life.com\/at\/wp-json\/wp\/v2\/product\/15001\/revisions"}],"predecessor-version":[{"id":18049,"href":"https:\/\/www.linie4life.com\/at\/wp-json\/wp\/v2\/product\/15001\/revisions\/18049"}],"wp:featuredmedia":[{"embeddable":true,"href":"https:\/\/www.linie4life.com\/at\/wp-json\/wp\/v2\/media\/16793"}],"wp:attachment":[{"href":"https:\/\/www.linie4life.com\/at\/wp-json\/wp\/v2\/media?parent=15001"}],"wp:term":[{"taxonomy":"product_brand","embeddable":true,"href":"https:\/\/www.linie4life.com\/at\/wp-json\/wp\/v2\/product_brand?post=15001"},{"taxonomy":"product_cat","embeddable":true,"href":"https:\/\/www.linie4life.com\/at\/wp-json\/wp\/v2\/product_cat?post=15001"},{"taxonomy":"product_tag","embeddable":true,"href":"https:\/\/www.linie4life.com\/at\/wp-json\/wp\/v2\/product_tag?post=15001"}],"curies":[{"name":"wp","href":"https:\/\/api.w.org\/{rel}","templated":true}]}}