{"id":17698,"date":"2026-03-13T00:58:19","date_gmt":"2026-03-12T23:58:19","guid":{"rendered":"https:\/\/www.linie4life.com\/?post_type=product&#038;p=17698"},"modified":"2026-04-27T12:14:31","modified_gmt":"2026-04-27T10:14:31","slug":"neustart-im-fruhling-in-4-schritten","status":"publish","type":"product","link":"https:\/\/www.linie4life.com\/at\/obchod\/jarni-restart-ve-4-krocich\/","title":{"rendered":"Fr\u00fchlingsstart in 4 Schritten + Bonus: 1x gratis DIGESTIFF"},"content":{"rendered":"<h2>Neustart im Fr\u00fchling in 4 Schritten<\/h2>\n<p>Der Fr\u00fchling ist eine Zeit, in der viele Menschen ihre Gewohnheiten ganz nat\u00fcrlich \u00fcberdenken und nach M\u00f6glichkeiten suchen, das Gleichgewicht des K\u00f6rpers nach dem Winter wiederherzustellen.<\/p>\n<p>Aktionspaket <strong>Neustart im Fr\u00fchling in 4 Schritten<\/strong> kombiniert vier Nahrungserg\u00e4nzungsmittel, die sich auf eng miteinander verbundene Bereiche konzentrieren \u2013 Verdauung, Stoffwechsel, Enzymprozesse und die nat\u00fcrlichen Reinigungsmechanismen des K\u00f6rpers.<\/p>\n<p>Diese Kombination kann eine geeignete Erg\u00e4nzung zum Fr\u00fchjahrsprogramm f\u00fcr diejenigen sein, die ihr Wohlbefinden und ihre Zufriedenheit auf eine umfassendere Weise angehen m\u00f6chten.<\/p>\n<p>&nbsp;<\/p>\n<h2>4 Schritte f\u00fcr einen Neustart im Fr\u00fchling<\/h2>\n<h3>1. Wohlbefinden f\u00fcr die Verdauung<\/h3>\n<p><strong>VERDAUUNGS<\/strong><\/p>\n<p>Digestiff enth\u00e4lt eine Mischung aus Enzymen und Pflanzenextrakten, die gezielt den Verdauungs- und Nahrungsverarbeitungsprozess unterst\u00fctzen. Viele Kunden integrieren es in ihre t\u00e4gliche Routine, um das Wohlbefinden und die nat\u00fcrliche Verdauung zu f\u00f6rdern.<\/p>\n<p><strong>Sie erhalten 2 Packungen im Paket (1 zus\u00e4tzliche Packung gratis).<\/strong><\/p>\n<p>&nbsp;<\/p>\n<h3>2. Stoffwechselgleichgewicht<\/h3>\n<p><strong>Pfundverlierer<\/strong><\/p>\n<p>Poundloser wurde mit Schwerpunkt auf Stoffwechselprozessen im Zusammenhang mit dem Energiemanagement des K\u00f6rpers entwickelt und ist oft Teil eines Programms, das auf Gewichtsmanagement und allgemeines Stoffwechselgleichgewicht abzielt.<\/p>\n<p>&nbsp;<\/p>\n<h3>3. Interne Reinigungsprozesse<\/h3>\n<p><strong>HMC Schwermetallreiniger<\/strong><\/p>\n<p>Der Schwermetallreiniger enth\u00e4lt eine Kombination von Inhaltsstoffen wie Chitin aus Pilzmyzel, Chlorella und Spirulina, die traditionell mit den nat\u00fcrlichen Reinigungsprozessen des K\u00f6rpers und der Unterst\u00fctzung des inneren Gleichgewichts in Verbindung gebracht werden.<\/p>\n<p>&nbsp;<\/p>\n<h3>4. Enzymgleichgewicht<\/h3>\n<p><strong>LEISTUNG PROTEOLYTISCHER ENZYME<\/strong><\/p>\n<p>POWER OF PROTEOLYTIC ENZYMES ist eine hochwirksame Kombination aus 12 proteolytischen Enzymen, die die nat\u00fcrlichen Regulierungs- und Regenerationsprozesse im K\u00f6rper unterst\u00fctzen sollen.<\/p>\n<p>&nbsp;<\/p>\n<h2><strong>Fr\u00fchlingsneustart im Kontext<\/strong><\/h2>\n<p>Der Fr\u00fchling ist eine Zeit der Erneuerung in der Natur. Nach dem Winter ver\u00e4ndern sich der Rhythmus von Licht, Temperatur und die nat\u00fcrlichen biologischen Prozesse im K\u00f6rper. Daher versp\u00fcren viele Menschen im Fr\u00fchling das Bed\u00fcrfnis, ihren Tagesablauf anzupassen, die Verdauung zu f\u00f6rdern und mehr auf das innere Gleichgewicht zu achten.<\/p>\n<p>Der K\u00f6rper funktioniert als vernetztes System. Wie effizient er Nahrung verarbeitet, wie er Energie reguliert und wie seine nat\u00fcrlichen Reinigungsmechanismen funktionieren, h\u00e4ngen eng zusammen. Ger\u00e4t einer dieser Bereiche aus dem Gleichgewicht, kann dies nach und nach Ihr allgemeines Wohlbefinden, Ihre Leichtigkeit oder Ihre Energie beeintr\u00e4chtigen.<\/p>\n<p>Deshalb wird in der modernen Ern\u00e4hrungswissenschaft immer h\u00e4ufiger dar\u00fcber gesprochen <strong>umfassender Ansatz<\/strong>. Statt sich auf einen Bereich zu konzentrieren, arbeitet es mit mehreren miteinander verbundenen Prozessen \u2013 Verdauung, Stoffwechsel, Enzymreaktionen und dem inneren Milieu des Organismus.<\/p>\n<p>Paket <strong>Neustart im Fr\u00fchling in 4 Schritten<\/strong> basiert auf dieser Logik. Es kombiniert Nahrungserg\u00e4nzungsmittel, die auf verschiedene Teile dieses Systems abzielen:<\/p>\n<ul>\n<li>der Prozess der Verdauung und Verarbeitung von Nahrungsmitteln<\/li>\n<li>Energiemanagement des Organismus<\/li>\n<li>nat\u00fcrliche Reinigungsmechanismen<\/li>\n<li>Enzymprozesse im Organismus<\/li>\n<\/ul>\n<p>In der Praxis bedeutet dies, dass es sich nicht nur um ein einzelnes Nahrungserg\u00e4nzungsmittel handelt, sondern um eine durchdachte Kombination von Produkten, die verschiedene Aspekte der t\u00e4glichen K\u00f6rperpflege erg\u00e4nzen k\u00f6nnen.<\/p>\n<p>F\u00fcr viele Menschen ist der Fr\u00fchling ein nat\u00fcrlicher Zeitpunkt, an dem sie zu einer systematischeren Herangehensweise zur\u00fcckkehren \u2013 sie passen ihre Ern\u00e4hrung an, bewegen sich mehr und achten st\u00e4rker darauf, wie ihr K\u00f6rper als Ganzes funktioniert.<\/p>\n<p>In diesem Kontext wurde das Paket erstellt. <strong>Neustart im Fr\u00fchling in 4 Schritten<\/strong>.<\/p>\n<p>Nicht als schnelle L\u00f6sung, sondern als durchdachte Erg\u00e4nzung zum Tagesablauf f\u00fcr die Zeit, in der wir dem K\u00f6rper mehr Raum f\u00fcr Balance, Leichtigkeit und nat\u00fcrliche Funktionen geben wollen.<\/p>\n<p>&nbsp;<\/p>\n<h3>Der Fr\u00fchling als nat\u00fcrlicher Neustart<\/h3>\n<p>&nbsp;<\/p>\n<h2>Warum im Fr\u00fchling?<\/h2>\n<p>Der Winter ist naturgem\u00e4\u00df eine anspruchsvollere Zeit f\u00fcr den K\u00f6rper. Der Rhythmus von Licht, Bewegung und Ern\u00e4hrung ver\u00e4ndert sich. Wir essen oft mehr, bewegen uns weniger und der K\u00f6rper arbeitet anders als in den w\u00e4rmeren Monaten.<\/p>\n<p>Mit dem Fr\u00fchling \u00e4ndert sich dieser Rhythmus allm\u00e4hlich. L\u00e4ngere Tage, mehr Licht und ein aktiverer Lebensstil f\u00f6rdern auf nat\u00fcrliche Weise eine Phase der Erneuerung. Deshalb sehen viele Menschen den Fr\u00fchling als eine gute Zeit, ihre Gewohnheiten anzupassen \u2013 die Ern\u00e4hrung zu erleichtern, sich mehr zu bewegen und mehr auf das innere Gleichgewicht des K\u00f6rpers zu achten.<\/p>\n<p>In der modernen Ern\u00e4hrungswissenschaft wird zunehmend deutlich, dass diese Ver\u00e4nderungen am sinnvollsten sind, wenn wir sie betrachten. <strong>im Kontext<\/strong>. Verdauung, Stoffwechsel, Enzymprozesse und die nat\u00fcrlichen Reinigungsmechanismen des K\u00f6rpers funktionieren als ein miteinander verbundenes System.<\/p>\n<p>Aus dieser Idee entstand das Paket. <strong>Neustart im Fr\u00fchling in 4 Schritten<\/strong> \u2013 als eine durchdachte Kombination von Nahrungserg\u00e4nzungsmitteln f\u00fcr eine Zeit, in der viele Menschen naturgem\u00e4\u00df nach einer M\u00f6glichkeit suchen, das Gleichgewicht des K\u00f6rpers zu unterst\u00fctzen und eine neue Routine zu beginnen.<\/p>\n<p>&nbsp;<\/p>\n<p><strong>F\u00fcr wen ist das Paket geeignet?<\/strong><\/p>\n<p>Das Paket k\u00f6nnte eine geeignete Option f\u00fcr diejenigen sein, die:<\/p>\n<ul>\n<li>Wir m\u00f6chten die Verdauung und das Wohlbefinden nach der Wintersaison unterst\u00fctzen.<\/li>\n<li>suchen nach einem systematischeren Ansatz f\u00fcr das metabolische Gleichgewicht<\/li>\n<li>auf das innere Gleichgewicht des Organismus achten.<\/li>\n<li>Sie bevorzugen durchdachte Kombinationen von Accessoires gegen\u00fcber einer zuf\u00e4lligen Auswahl einzelner Produkte.<\/li>\n<\/ul>\n<p>&nbsp;<\/p>\n<p><strong>Wann w\u00e4hlen Kunden am h\u00e4ufigsten ein Paket?<\/strong><\/p>\n<p>Viele Kunden greifen zu diesem Paket. <strong>Neustart im Fr\u00fchling in 4 Schritten<\/strong> insbesondere in der Zeit, in der sie wollen:<\/p>\n<ul>\n<li>Nach der Winterperiode ein neues Regime beginnen<\/li>\n<li>Achten Sie mehr auf die Verdauung und den Stoffwechsel.<\/li>\n<li>Konzentriere dich auf dein Gewicht<\/li>\n<li>Erg\u00e4nzen Sie die t\u00e4gliche Pflege durch eine komplexere Kombination von Nahrungserg\u00e4nzungsmitteln.<\/li>\n<\/ul>\n<p>&nbsp;<\/p>\n<p><strong>Was ist im Paket enthalten: Die beliebtesten Federkombinationen<\/strong><\/p>\n<ul>\n<li>Verdauungshilfe <strong>2\u00d7 (1 Packung gratis)<\/strong><\/li>\n<li>Pfundverlierer<\/li>\n<li>HMC Schwermetallreiniger<\/li>\n<li>LEISTUNG PROTEOLYTISCHER ENZYME<\/li>\n<\/ul>\n<p>Gesamt <strong>4 Nahrungserg\u00e4nzungsmittel, die auf verschiedene Bereiche der K\u00f6rperfunktionen abzielen.<\/strong> \u2013 Verdauung, Stoffwechsel, Enzymprozesse und inneres Gleichgewicht.<\/p>\n<p>\ud83c\udf81 Au\u00dferdem erhalten Sie eine zweite DIGESTIFF-Folge gratis.<\/p>\n<p>&nbsp;<\/p>\n<p>&nbsp;<\/p>\n<hr \/>\n<p><strong>Technische Daten und Zusammensetzung<\/strong><\/p>\n<p><strong>Empfohlene Verwendung<\/strong><\/p>\n<p><strong>Verdauungshilfe<\/strong><br \/>\nEmpfohlene Dosierung: 2 Kapseln t\u00e4glich \u2013 1 Kapsel morgens und 1 Kapsel mittags vor den Mahlzeiten.<br \/>\nDie Packung enth\u00e4lt 60 Kapseln (f\u00fcr 30 Tage).<br \/>\nDas Paket beinhaltet: <strong>2 Packungen<\/strong>.<\/p>\n<p><strong>Pfundverlierer<\/strong><br \/>\nEmpfohlene Dosierung: 2 Kapseln zweimal t\u00e4glich, immer vor den Mahlzeiten morgens und abends.<br \/>\nDie Packung enth\u00e4lt 120 Kapseln.<\/p>\n<p><strong>HMC Schwermetallreiniger<\/strong><br \/>\nErwachsene: Morgens 1 Teel\u00f6ffel auf n\u00fcchternen Magen. 1 Teel\u00f6ffel in ein Glas geben, etwas Wasser hinzuf\u00fcgen, umr\u00fchren und trinken.<br \/>\nKinder von 3 bis 15 Jahren: \u00bd Teel\u00f6ffel einmal t\u00e4glich morgens auf n\u00fcchternen Magen.<br \/>\nDie Packung enth\u00e4lt 30.000 mg und ist f\u00fcr eine 30-t\u00e4gige Kur ausgelegt.<\/p>\n<p><strong>LEISTUNG PROTEOLYTISCHER ENZYME<\/strong><br \/>\nEmpfohlene Dosierung: 1 Kapsel t\u00e4glich.<br \/>\nDie Packung enth\u00e4lt 60 vegane Kapseln, was f\u00fcr etwa 60 Tage reicht.<\/p>\n<p>Die Kapseln sind <strong>magensaftresistente<\/strong>, Das bedeutet, dass sie eine spezielle Beschichtung besitzen, die gegen die Magens\u00e4ure resistent ist. Sie l\u00f6sen sich erst im alkalischeren Milieu des D\u00fcnndarms auf, wo ihr Inhalt freigesetzt wird.<\/p>\n<p><strong>Zusammensetzung<\/strong><\/p>\n<p><strong>Digestif \u2013 Zusammensetzung pro Tagesdosis<\/strong><\/p>\n<p>Bromelain (2400 GDU\/g) \u2013 600 mg<br \/>\nPapain (2400 USP\/mg) \u2013 300 mg<br \/>\nInulin \u2013 100 mg<\/p>\n<p>Sonstige Inhaltsstoffe: vegane Kapsel.<\/p>\n<p><strong>Pfundverlierer<\/strong><\/p>\n<p>Enth\u00e4lt 100% nat\u00fcrliche Doppelpilzextrakte mit folgender Zusammensetzung:<\/p>\n<ul>\n<li>Beta-Glucane 1,3 und 1,6<\/li>\n<li>Grifolins\u00e4ure<\/li>\n<li>Triterpene<\/li>\n<\/ul>\n<p>Es enth\u00e4lt au\u00dferdem Kurkumawurzelpulver, Piperin, Blasentang (Fucus vesiculosus), Fenchel (Foeniculum vulgare), Kr\u00e4uterextrakte und vegane Probiotika von PROVEOTICS.<br \/>\nVon Hand in vegane Kapseln abgef\u00fcllt.<\/p>\n<p><strong>HMC Schwermetallreiniger<\/strong><\/p>\n<p>Enth\u00e4lt 100% nat\u00fcrliche Pilzextrakte.<br \/>\nDie Grundlage bildet ein Komplex aus drei nat\u00fcrlichen Inhaltsstoffen, die aus den Zellw\u00e4nden von Pilzen gewonnen werden:<\/p>\n<ul>\n<li>Chitin<\/li>\n<li>Glucan<\/li>\n<li>Melanin<\/li>\n<\/ul>\n<p><strong>LEISTUNG PROTEOLYTISCHER ENZYME<\/strong><\/p>\n<p>Komplex aus 12 proteolytischen Enzymen:<\/p>\n<p>1000 mg Menge pro Portion RHP<\/p>\n<p>Bromelain (2400 GDU\/g) 90 mg *<\/p>\n<p>Papain (6000 USP\/mg) 90 mg *<\/p>\n<p>Amylase (15.000 SKB\/g) 80 mg *<\/p>\n<p>Lipase (2000 FIP\/g) 50 mg *<\/p>\n<p>Protease (60.000 HUT\/g) 190 mg *<\/p>\n<p>Laktase (2.000 ALU\/g) 70 mg *<\/p>\n<p>Saccharose (1000 INVU\/g) 70 mg *<\/p>\n<p>Maltase (300 DP\/g) 70 mg *<\/p>\n<p>Trypsin als 1:150 50 mg *<\/p>\n<p>Nattokinase (2000 FU\/g) 90 mg *<\/p>\n<p>Lumbrokinase (200.000 IE\/g) 90 mg *<\/p>\n<p>Adenosintriphosphat-ATP (250 Millionen LCU) 60 mg *Zus\u00e4tzliche Inhaltsstoffe: vegane Kapsel.<\/p>\n<p>&nbsp;<\/p>\n<p><strong>Die Produkte enthalten nicht: <\/strong>Keine k\u00fcnstlichen Aromen oder S\u00fc\u00dfstoffe, Konservierungsstoffe, Zucker, St\u00e4rke, Milch, Laktose, Soja, Eier, Glutamat, Weizen, Hefe oder Magnesiumstearat.<br \/>\nProdukte <strong>sind nicht gentechnisch ver\u00e4ndert (GVO)<\/strong>.<\/p>\n<p><strong>Lagerung<\/strong><\/p>\n<p>An einem trockenen Ort bei Raumtemperatur lagern.<br \/>\nVor Frost und direkter Sonneneinstrahlung sch\u00fctzen.<br \/>\nAu\u00dferhalb der Reichweite von Kindern aufbewahren.<\/p>\n<p><strong>Beachten<\/strong><\/p>\n<p>Nahrungserg\u00e4nzungsmittel.<br \/>\nEs handelt sich nicht um ein Arzneimittel und es ersetzt keine abwechslungsreiche und ausgewogene Ern\u00e4hrung.<\/p>\n<p>Wenn Sie schwanger sind, stillen oder Medikamente einnehmen, konsultieren Sie vor der Anwendung Ihren Arzt.<br \/>\nNicht anwenden bei bekannter \u00dcberempfindlichkeit gegen einen der Inhaltsstoffe des Produkts.<\/p>","protected":false},"excerpt":{"rendered":"<p>Der Fr\u00fchling ist eine nat\u00fcrliche Zeit f\u00fcr einen Neuanfang. Paket <strong>Neustart im Fr\u00fchling in 4 Schritten<\/strong> kombiniert vier Nahrungserg\u00e4nzungsmittel, die sich auf die Bereiche konzentrieren, mit denen sich viele Menschen am h\u00e4ufigsten nach der Wintersaison auseinandersetzen \u2013 Verdauung, Stoffwechselgleichgewicht, nat\u00fcrliche Reinigungsprozesse und Enzymgleichgewicht.<\/p>\n<p>Das Paket beinhaltet Produkte <strong>Digestiff (2\u00d7 \u2013 1 St\u00fcck gratis), Poundloser, HMC Heavy Metal Cleaner und POWER OF PROTEOLYTIC ENZYME<\/strong>.<\/p>\n<p>Au\u00dferdem erhalten Sie <strong>zweite Packung Digestiff-frei<\/strong>, So kann die Unterst\u00fctzung der Verdauung auch nach dem ersten Monat der Kur fortgesetzt werden.<\/p>\n<p><em><strong>4 + 1 Produkte = ein durchdachtes Fr\u00fchjahrsprogramm.<\/strong><\/em><\/p>\n<p>\ud83c\udf81 <strong data-start=\"1528\" data-end=\"1547\">Bonus im Paket<\/strong><\/p>","protected":false},"featured_media":18176,"comment_status":"open","ping_status":"closed","template":"","meta":[],"product_brand":[58],"product_cat":[15,25,201,79,31,32,33],"product_tag":[],"class_list":{"0":"post-17698","1":"product","2":"type-product","3":"status-publish","4":"has-post-thumbnail","6":"product_brand-for-a-long-life","7":"product_cat-detoxikace","8":"product_cat-hubnuti","9":"product_cat-lymfa","10":"product_cat-ocista-jater","11":"product_cat-zdrave-zazivani","12":"product_cat-zdravi-muze","13":"product_cat-zdravi-zeny","15":"first","16":"instock","17":"sale","18":"purchasable","19":"product-type-woosb"},"_links":{"self":[{"href":"https:\/\/www.linie4life.com\/at\/wp-json\/wp\/v2\/product\/17698","targetHints":{"allow":["GET"]}}],"collection":[{"href":"https:\/\/www.linie4life.com\/at\/wp-json\/wp\/v2\/product"}],"about":[{"href":"https:\/\/www.linie4life.com\/at\/wp-json\/wp\/v2\/types\/product"}],"replies":[{"embeddable":true,"href":"https:\/\/www.linie4life.com\/at\/wp-json\/wp\/v2\/comments?post=17698"}],"version-history":[{"count":10,"href":"https:\/\/www.linie4life.com\/at\/wp-json\/wp\/v2\/product\/17698\/revisions"}],"predecessor-version":[{"id":18172,"href":"https:\/\/www.linie4life.com\/at\/wp-json\/wp\/v2\/product\/17698\/revisions\/18172"}],"wp:featuredmedia":[{"embeddable":true,"href":"https:\/\/www.linie4life.com\/at\/wp-json\/wp\/v2\/media\/18176"}],"wp:attachment":[{"href":"https:\/\/www.linie4life.com\/at\/wp-json\/wp\/v2\/media?parent=17698"}],"wp:term":[{"taxonomy":"product_brand","embeddable":true,"href":"https:\/\/www.linie4life.com\/at\/wp-json\/wp\/v2\/product_brand?post=17698"},{"taxonomy":"product_cat","embeddable":true,"href":"https:\/\/www.linie4life.com\/at\/wp-json\/wp\/v2\/product_cat?post=17698"},{"taxonomy":"product_tag","embeddable":true,"href":"https:\/\/www.linie4life.com\/at\/wp-json\/wp\/v2\/product_tag?post=17698"}],"curies":[{"name":"wp","href":"https:\/\/api.w.org\/{rel}","templated":true}]}}