{"id":18232,"date":"2026-04-13T01:00:09","date_gmt":"2026-04-12T23:00:09","guid":{"rendered":"https:\/\/www.linie4life.com\/?post_type=product&#038;p=18232"},"modified":"2026-04-15T19:10:59","modified_gmt":"2026-04-15T17:10:59","slug":"2x-serrapeptase-serrapeptase-250000","status":"publish","type":"product","link":"https:\/\/www.linie4life.com\/at\/obchod\/2x-serrapeptaza-serrapeptase-250000\/","title":{"rendered":"2 x SERRAPEPTASE PLUS 250.000 SPU \u2013 proteolytisches Enzym, insgesamt 180 Kapseln"},"content":{"rendered":"<h2>SERRAPEPTASE PLUS 250.000 SPU \u2013 Spar-2er-Packung<\/h2>\n<h2>Serrapeptase \u2013 ein proteolytisches Enzym<\/h2>\n<p>Hochaktives proteolytisches Enzym <strong>Serrapeptase<\/strong> in einer Premiumst\u00e4rke von 250.000 SPU. Dieser vorteilhafte <strong>2er-Packung<\/strong> Enth\u00e4lt zwei volle Packungen SERRAPEPTASE PLUS, was Ihnen einen deutlich besseren Preis pro Einheit und eine l\u00e4ngere Versorgung mit Ihrem Lieblingsenzym bietet.<\/p>\n<p>SERRAPEPTASE PLUS ist aufgrund seiner systemischen Wirkung sehr gefragt. Dank der s\u00e4urebest\u00e4ndigen Kapsel wird das Enzym direkt im D\u00fcnndarm freigesetzt und kann von dort aus vom K\u00f6rper aufgenommen werden. Das Produkt z\u00e4hlt zu den st\u00e4rksten Serrapeptase-Varianten auf dem Markt und zeichnet sich durch seine hohe Reinheit und stabile enzymatische Aktivit\u00e4t aus.<\/p>\n<h2>Was ist Serrapeptase?<\/h2>\n<p>Serrapeptase ist ein nat\u00fcrliches proteolytisches Enzym, das Proteine spaltet und von Bakterien der Gattung Serratia produziert wird. Es wird durch kontrollierte Fermentation gewonnen, was eine hohe Qualit\u00e4t und gleichbleibende Aktivit\u00e4t gew\u00e4hrleistet.<\/p>\n<p>Traditionell wird es mit nat\u00fcrlichen Prozessen im K\u00f6rper in Verbindung gebracht, vor allem mit dem Abbau von Proteinstrukturen, die der K\u00f6rper nicht mehr ben\u00f6tigt, w\u00e4hrend gesundes Gewebe intakt bleibt.<\/p>\n<h2>Wie Serrapeptase funktioniert<\/h2>\n<p>Nach der Resorption ist Serrapeptase f\u00fcr ihre systemische Wirkung bekannt \u2013 das Enzym kann im gesamten K\u00f6rper zirkulieren. Es ist begehrt, da es nat\u00fcrliche Prozesse im Zusammenhang mit Proteinstrukturen im K\u00f6rper unterst\u00fctzt.<\/p>\n<h2>Warum sollten Sie sich f\u00fcr diese 2er-Packung entscheiden?<\/h2>\n<ul>\n<li><strong>Guter Preis<\/strong> \u2013 Sie sparen im Vergleich zum Kauf von zwei separaten Paketen.<\/li>\n<li><strong>L\u00e4ngere Lieferzeit<\/strong> \u2013 ideal f\u00fcr den regelm\u00e4\u00dfigen Gebrauch<\/li>\n<li><strong>Premiumqualit\u00e4t<\/strong> \u2013 250.000 SPU pro Kapsel<\/li>\n<li><strong>S\u00e4urebest\u00e4ndige Kapseln<\/strong> \u2013 optimale Enzymfreisetzung im D\u00fcnndarm<\/li>\n<li><strong>Tiermedizin<\/strong> mit hoher Reinheit<\/li>\n<\/ul>\n<p>SERRAPEPTASE PLUS 250.000 SPU in einer praktischen 2er-Packung ist eine hervorragende Wahl f\u00fcr alle, die hochwertige Serrapeptase in ausreichender Menge zu einem vern\u00fcnftigen Preis w\u00fcnschen.<\/p>\n<h2>250.000 SPU St\u00e4rke \u2013 hochpotente Serrapeptase<\/h2>\n<p>Die Wirksamkeit der Serrapeptase wird in SPU (SerratioPeptidase-Einheiten) gemessen. Je h\u00f6her der Wert, desto wirksamer das Enzym.<\/p>\n<p>SERRAPEPTASE PLUS enth\u00e4lt:<\/p>\n<ul>\n<li><strong>250.000 SPU in einer Kapsel<\/strong><\/li>\n<li><strong>110 mg Wirkstoff<\/strong><\/li>\n<\/ul>\n<p>Dies ist eine der st\u00e4rksten Serrapeptasen auf dem Markt \u2013 ideal zur intensiven Unterst\u00fctzung des K\u00f6rpers.<\/p>\n<h3>Schl\u00fcsselfaktor: s\u00e4urebest\u00e4ndige Kapseln<\/h3>\n<p>Serrapeptase ist sehr empfindlich gegen\u00fcber dem sauren Milieu des Magens; ohne Schutz w\u00fcrde es schnell abgebaut und seine Wirksamkeit verlieren.<\/p>\n<p>Daher wird SERRAPEPTASE PLUS in einer s\u00e4urebest\u00e4ndigen Kapsel geliefert, die:<\/p>\n<ul>\n<li>sch\u00fctzt das Enzym vor Magens\u00e4ure<\/li>\n<li>erm\u00f6glicht den sicheren Durchgang in den D\u00fcnndarm<\/li>\n<li>gew\u00e4hrleistet die Aufnahme in den Blutkreislauf<\/li>\n<li>erm\u00f6glicht gezieltes Eingreifen im Organismus<\/li>\n<\/ul>\n<p>Die Kapsel muss im Ganzen eingenommen werden \u2013 sie darf nicht versch\u00fcttet oder zerbrochen werden.<\/p>\n<h3>Anwendung in der Veterin\u00e4rmedizin \u2013 gleicher Wirkstoff<\/h3>\n<p>Serrapeptase ist als Tierarzneimittel zugelassen und wird verwendet f\u00fcr:<\/p>\n<ul>\n<li>Pferde<\/li>\n<li>gro\u00dfe Hunderassen<\/li>\n<\/ul>\n<p>Wichtig:<br \/>\nEs geht darum <strong>identischer Wirkstoff<\/strong>, das auch f\u00fcr Menschen verwendet wird \u2013 der einzige Unterschied besteht in der Dosierung entsprechend dem K\u00f6rpergewicht.<\/p>\n<p>&nbsp;<\/p>\n<hr \/>\n<p>Das Produkt ist in der Liste der Tierarzneimittel unter der Nummer aufgef\u00fchrt: <strong>142-23\/C<\/strong><\/p>\n<p>&nbsp;<\/p>\n<p><strong>Dosierung<\/strong><\/p>\n<ul>\n<li>Bis 80 kg: 1 Kapsel t\u00e4glich<\/li>\n<li>\u00fcber 80 kg: 2 Kapseln t\u00e4glich (morgens und abends)<\/li>\n<\/ul>\n<p>Optimale Nutzung:<\/p>\n<ul>\n<li>auf n\u00fcchternen Magen (etwa 30 Minuten vor einer Mahlzeit)<\/li>\n<li>oder mindestens 2 Stunden nach dem Essen<\/li>\n<\/ul>\n<p><strong>Zusammensetzung<\/strong><\/p>\n<ul>\n<li>Serrapeptase \u2013 250.000 SPU (110 mg)<\/li>\n<li>Inulin \u2013 241 mg<\/li>\n<li>Magnesiumstearat \u2013 5 mg<\/li>\n<li>S\u00e4urebest\u00e4ndige Kapseln (Hypromellose, Gellangummi)<\/li>\n<\/ul>\n<p>Die Packung enth\u00e4lt 180 Kapseln.<\/p>\n<hr \/>\n<p>&nbsp;<\/p>\n<p>Tierarzneimittel. Nicht zur Behandlung, Vorbeugung oder Diagnose von Krankheiten bestimmt. Wir empfehlen, einen Tierarzt zu konsultieren.<\/p>","protected":false},"excerpt":{"rendered":"<p>&nbsp;<\/p>\n<h2>Serrapeptase \u2013 ein proteolytisches Enzym<\/h2>\n<p><strong>SERRAPEPTASE PLUS 250.000 SPU<\/strong> enth\u00e4lt hochaktive <strong>proteolytisches Enzym Serrapeptase<\/strong> in Premium-Enzymaktivit\u00e4t 250.000 SPU.<br \/>\nDieses Produkt ist aufgrund seiner systemischen Wirkung sehr gefragt, die durch die s\u00e4ureresistente Kapsel erm\u00f6glicht wird, dass das Enzym erst im D\u00fcnndarm freigesetzt und dort absorbiert werden kann.<br \/>\nEs handelt sich um ein Pr\u00e4parat mit hoher Reinheit und stabiler enzymatischer Aktivit\u00e4t, das zu den st\u00e4rkeren Serrapeptase-Varianten auf dem Markt z\u00e4hlt.<\/p>\n<p dir=\"auto\"><em>Jetzt zum vor\u00fcbergehend reduzierten Preis erh\u00e4ltlich, der nicht mit anderen Rabattcoupons oder Aktionen kombiniert werden kann.<\/em><\/p>","protected":false},"featured_media":18233,"comment_status":"open","ping_status":"closed","template":"","meta":[],"product_brand":[290],"product_cat":[289],"product_tag":[],"class_list":{"0":"post-18232","1":"product","2":"type-product","3":"status-publish","4":"has-post-thumbnail","6":"product_brand-kompava","7":"product_cat-veterinarni-pripravky","9":"first","10":"instock","11":"purchasable","12":"product-type-simple"},"_links":{"self":[{"href":"https:\/\/www.linie4life.com\/at\/wp-json\/wp\/v2\/product\/18232","targetHints":{"allow":["GET"]}}],"collection":[{"href":"https:\/\/www.linie4life.com\/at\/wp-json\/wp\/v2\/product"}],"about":[{"href":"https:\/\/www.linie4life.com\/at\/wp-json\/wp\/v2\/types\/product"}],"replies":[{"embeddable":true,"href":"https:\/\/www.linie4life.com\/at\/wp-json\/wp\/v2\/comments?post=18232"}],"version-history":[{"count":7,"href":"https:\/\/www.linie4life.com\/at\/wp-json\/wp\/v2\/product\/18232\/revisions"}],"predecessor-version":[{"id":18342,"href":"https:\/\/www.linie4life.com\/at\/wp-json\/wp\/v2\/product\/18232\/revisions\/18342"}],"wp:featuredmedia":[{"embeddable":true,"href":"https:\/\/www.linie4life.com\/at\/wp-json\/wp\/v2\/media\/18233"}],"wp:attachment":[{"href":"https:\/\/www.linie4life.com\/at\/wp-json\/wp\/v2\/media?parent=18232"}],"wp:term":[{"taxonomy":"product_brand","embeddable":true,"href":"https:\/\/www.linie4life.com\/at\/wp-json\/wp\/v2\/product_brand?post=18232"},{"taxonomy":"product_cat","embeddable":true,"href":"https:\/\/www.linie4life.com\/at\/wp-json\/wp\/v2\/product_cat?post=18232"},{"taxonomy":"product_tag","embeddable":true,"href":"https:\/\/www.linie4life.com\/at\/wp-json\/wp\/v2\/product_tag?post=18232"}],"curies":[{"name":"wp","href":"https:\/\/api.w.org\/{rel}","templated":true}]}}