{"id":18877,"date":"2026-05-10T18:23:48","date_gmt":"2026-05-10T16:23:48","guid":{"rendered":"https:\/\/www.linie4life.com\/?post_type=product&#038;p=18877"},"modified":"2026-05-10T18:52:10","modified_gmt":"2026-05-10T16:52:10","slug":"3x-serrapeptase-plus-250-000-spu-proteolytisches-enzym","status":"publish","type":"product","link":"https:\/\/www.linie4life.com\/at\/obchod\/3x-serrapeptase-plus-250-000-spu-proteolyticky-enzym\/","title":{"rendered":"3 x SERRAPEPTASE PLUS 250.000 SPU \u2013 proteolytisches Enzym, insgesamt 270 Kapseln"},"content":{"rendered":"<h2>SERRAPEPTASE PLUS 250.000 SPU \u2013 Sparpackung mit 3 St\u00fcck<\/h2>\n<h2>Serrapeptase \u2013 ein proteolytisches Enzym<\/h2>\n<p>Hochaktives proteolytisches Enzym <strong>Serrapeptase<\/strong> in einer Premiumst\u00e4rke von 250.000 SPU. Dieser vorteilhafte <strong>3er-Packung<\/strong> Enth\u00e4lt drei Packungen SERRAPEPTASE PLUS, was Ihnen einen deutlich besseren Preis pro Einheit und eine l\u00e4ngere Versorgung mit Ihrem Lieblingsenzym bietet.<\/p>\n<p>SERRAPEPTASE PLUS ist aufgrund seiner systemischen Wirkung sehr gefragt. Dank der s\u00e4urebest\u00e4ndigen Kapsel wird das Enzym direkt im D\u00fcnndarm freigesetzt und kann von dort weiter aufgenommen werden. Das Produkt z\u00e4hlt zu den st\u00e4rksten Serrapeptase-Varianten auf dem Markt und zeichnet sich durch seine hohe Reinheit und stabile enzymatische Aktivit\u00e4t aus.<\/p>\n<h2>Serrapeptase \u2013 ein Enzym, das mit systemischen Wirkungen im K\u00f6rper in Verbindung gebracht wird<\/h2>\n<p>Serrapeptase ist ein proteolytisches Enzym, also ein Enzym, das Proteinstrukturen spaltet. Sowohl im fachlichen als auch im allgemeinen Sprachgebrauch wird es vor allem mit seiner Wirkung auf tote, besch\u00e4digte oder nicht mehr ben\u00f6tigte Proteinstrukturen in Verbindung gebracht.<\/p>\n<p>Im Gegensatz zu herk\u00f6mmlichen Verdauungsenzymen ist Serrapeptase vor allem wegen ihrer sogenannten systemischen Wirkung gefragt \u2013 nach der Resorption kann sie in verschiedenen Teilen des K\u00f6rpers aktiv sein.<\/p>\n<ul>\n<li>im Zusammenhang mit der Zersetzung toter Proteinstrukturen<\/li>\n<li>traditionell im Zusammenhang mit der nat\u00fcrlichen Regeneration des Organismus verwendet.<\/li>\n<li>begehrt wegen des Komforts f\u00fcr den Bewegungsapparat<\/li>\n<li>wird h\u00e4ufig im Zusammenhang mit Schleim und Atemwegen erw\u00e4hnt<\/li>\n<li>im Zusammenhang mit der enzymatischen Unterst\u00fctzung bei Stress f\u00fcr den K\u00f6rper<\/li>\n<li>beliebt aufgrund ihrer hohen systemischen Enzymaktivit\u00e4t<\/li>\n<\/ul>\n<h2>Die am h\u00e4ufigsten genannten Anwendungsgebiete von Serrapeptase<\/h2>\n<p>Serrapeptase ist seit langem Gegenstand von Interesse in der Fachliteratur und der alternativen Literatur. Traditionell wird es mit folgenden Bereichen in Verbindung gebracht:<\/p>\n<ul>\n<li>Zersetzung von totem Gewebe und Proteinablagerungen<\/li>\n<li>Unterst\u00fctzung nat\u00fcrlicher Prozesse im Zusammenhang mit der Regeneration<\/li>\n<li>enzymatische Aktivit\u00e4t im Zusammenhang mit Entz\u00fcndungsprozessen<\/li>\n<li>Abbau von Schleim und Unterst\u00fctzung der Atemwegsdurchg\u00e4ngigkeit<\/li>\n<li>Pflege des Gef\u00e4\u00dfsystems und der Proteinablagerungen<\/li>\n<li>Genesung nach erh\u00f6hter k\u00f6rperlicher Anstrengung<\/li>\n<\/ul>\n<p>In einigen Quellen wird Serrapeptase auch im Zusammenhang mit Folgendem beschrieben:<\/p>\n<ul>\n<li>Blutgerinnsel und Fibrin<\/li>\n<li>arterielle Ablagerungen<\/li>\n<li>Zysten und andere Proteinstrukturen<\/li>\n<li>Schwellung und Ansammlung von Proteinresten<\/li>\n<\/ul>\n<p>Diese Informationen basieren auf traditioneller Anwendung, wissenschaftlichen Ver\u00f6ffentlichungen und verf\u00fcgbaren Quellen \u00fcber Serrapeptase.<\/p>\n<h2>Was ist Serrapeptase?<\/h2>\n<p>Serrapeptase ist ein nat\u00fcrliches proteolytisches Enzym, das Proteine spaltet und von Bakterien der Gattung Serratia produziert wird. Es wird durch kontrollierte Fermentation gewonnen, was eine hohe Qualit\u00e4t und gleichbleibende Aktivit\u00e4t gew\u00e4hrleistet.<\/p>\n<p>Traditionell wird es mit nat\u00fcrlichen Prozessen in Verbindung gebracht, vor allem mit dem Abbau von Proteinstrukturen, die der K\u00f6rper nicht mehr ben\u00f6tigt, w\u00e4hrend gesundes Gewebe intakt bleibt.<\/p>\n<h2>Wie Serrapeptase funktioniert<\/h2>\n<p>Nach der Resorption ist Serrapeptase f\u00fcr ihre systemische Wirkung bekannt \u2013 das Enzym kann im gesamten K\u00f6rper zirkulieren. Es ist begehrt, da es nat\u00fcrliche Prozesse im Zusammenhang mit Proteinstrukturen im K\u00f6rper unterst\u00fctzt.<\/p>\n<h2>Warum sollten Sie sich f\u00fcr dieses 3er-Pack entscheiden?<\/h2>\n<ul>\n<li><strong>Guter Preis<\/strong> \u2013 Sie sparen im Vergleich zum Kauf von zwei separaten Paketen.<\/li>\n<li><strong>L\u00e4ngere Lieferzeit<\/strong> \u2013 ideal f\u00fcr den regelm\u00e4\u00dfigen Gebrauch<\/li>\n<li><strong>Premiumqualit\u00e4t<\/strong> \u2013 250.000 SPU pro Kapsel<\/li>\n<li><strong>S\u00e4urebest\u00e4ndige Kapseln<\/strong> \u2013 optimale Enzymfreisetzung im D\u00fcnndarm<\/li>\n<li><strong>Tiermedizin<\/strong> mit hoher Reinheit<\/li>\n<\/ul>\n<p>SERRAPEPTASE PLUS 250.000 SPU in einer praktischen 2er-Packung ist eine hervorragende Wahl f\u00fcr alle, die hochwertige Serrapeptase in ausreichender Menge zu einem vern\u00fcnftigen Preis w\u00fcnschen.<\/p>\n<h2>250.000 SPU St\u00e4rke \u2013 hochpotente Serrapeptase<\/h2>\n<p>Die Wirksamkeit der Serrapeptase wird in SPU (SerratioPeptidase-Einheiten) gemessen. Je h\u00f6her der Wert, desto wirksamer das Enzym.<\/p>\n<p>SERRAPEPTASE PLUS enth\u00e4lt:<\/p>\n<ul>\n<li><strong>250.000 SPU in einer Kapsel<\/strong><\/li>\n<li><strong>110 mg Wirkstoff<\/strong><\/li>\n<\/ul>\n<p>Dies ist eine der st\u00e4rksten Serrapeptasen auf dem Markt \u2013 ideal zur intensiven Unterst\u00fctzung des K\u00f6rpers.<\/p>\n<h3>Schl\u00fcsselfaktor: s\u00e4urebest\u00e4ndige Kapseln<\/h3>\n<p>Serrapeptase ist sehr empfindlich gegen\u00fcber dem sauren Milieu des Magens; ohne Schutz w\u00fcrde es schnell abgebaut und seine Wirksamkeit verlieren.<\/p>\n<p>Daher wird SERRAPEPTASE PLUS in einer s\u00e4urebest\u00e4ndigen Kapsel geliefert, die:<\/p>\n<ul>\n<li>sch\u00fctzt das Enzym vor Magens\u00e4ure<\/li>\n<li>erm\u00f6glicht den sicheren Durchgang in den D\u00fcnndarm<\/li>\n<li>gew\u00e4hrleistet die Aufnahme in den Blutkreislauf<\/li>\n<li>erm\u00f6glicht gezieltes Eingreifen im Organismus<\/li>\n<\/ul>\n<p>Die Kapsel muss im Ganzen eingenommen werden \u2013 sie darf nicht versch\u00fcttet oder zerbrochen werden.<\/p>\n<h3>Anwendung in der Veterin\u00e4rmedizin \u2013 gleicher Wirkstoff<\/h3>\n<p>Serrapeptase ist als Tierarzneimittel zugelassen und wird verwendet f\u00fcr:<\/p>\n<ul>\n<li>Pferde<\/li>\n<li>gro\u00dfe Hunderassen<\/li>\n<\/ul>\n<p>Wichtig:<br \/>\nEs geht darum <strong>identischer Wirkstoff<\/strong>, das auch f\u00fcr Menschen verwendet wird \u2013 der einzige Unterschied besteht in der Dosierung entsprechend dem K\u00f6rpergewicht.<\/p>\n<p>&nbsp;<\/p>\n<hr \/>\n<p>Das Produkt ist in der Liste der Tierarzneimittel unter der Nummer aufgef\u00fchrt: <strong>142-23\/C<\/strong><\/p>\n<p>&nbsp;<\/p>\n<p><strong>Dosierung<\/strong><\/p>\n<ul>\n<li>Bis 80 kg: 1 Kapsel t\u00e4glich<\/li>\n<li>\u00fcber 80 kg: 2 Kapseln t\u00e4glich (morgens und abends)<\/li>\n<\/ul>\n<p>Optimale Nutzung:<\/p>\n<ul>\n<li>auf n\u00fcchternen Magen (etwa 30 Minuten vor einer Mahlzeit)<\/li>\n<li>oder mindestens 2 Stunden nach dem Essen<\/li>\n<\/ul>\n<p><strong>Zusammensetzung<\/strong><\/p>\n<ul>\n<li>Serrapeptase \u2013 250.000 SPU (110 mg)<\/li>\n<li>Inulin \u2013 241 mg<\/li>\n<li>Magnesiumstearat \u2013 5 mg<\/li>\n<li>S\u00e4urebest\u00e4ndige Kapseln (Hypromellose, Gellangummi)<\/li>\n<\/ul>\n<p>Die Packung enth\u00e4lt 180 Kapseln.<\/p>\n<hr \/>\n<p>&nbsp;<\/p>\n<p>Tierarzneimittel. Nicht zur Behandlung, Vorbeugung oder Diagnose von Krankheiten bestimmt. Wir empfehlen, einen Tierarzt zu konsultieren.<\/p>","protected":false},"excerpt":{"rendered":"<h2>Hochaktive Serrapeptase 250.000 SPU in einer praktischen Dreierpackung f\u00fcr den Langzeitgebrauch<\/h2>\n<p>Das vorteilhafte Paket enth\u00e4lt 3\u00d7 SERRAPEPTASE PLUS 250.000 SPU <strong>Serrapeptase, ein proteolytisches Enzym mit hoher enzymatischer Aktivit\u00e4t.<\/strong> Serrapeptase wird traditionell mit Folgendem in Verbindung gebracht:<strong>aufgrund der Ansammlung abgestorbener Proteinstrukturen, Schleim<\/strong> und andere Proteinablagerungen, die vom Organismus nicht mehr verwendet werden.<\/p>\n<p>Mit einer St\u00e4rke von 250.000 SPU z\u00e4hlt dieses Produkt zu den konzentriertesten Serrapeptase-Pr\u00e4paraten f\u00fcr den regelm\u00e4\u00dfigen Gebrauch. Es wird zur Unterst\u00fctzung nat\u00fcrlicher Regenerationsprozesse, des Enzymgleichgewichts im K\u00f6rper und bei erh\u00f6hter k\u00f6rperlicher Anstrengung gesch\u00e4tzt.<\/p>\n<p><strong>S\u00e4urebest\u00e4ndige Kapseln<\/strong> Es hilft, das Enzym vor der Magens\u00e4ure zu sch\u00fctzen und erm\u00f6glicht dessen Freisetzung erst im D\u00fcnndarm, wo es vom K\u00f6rper besser verwertet werden kann.<\/p>\n<p><em>Jetzt zum vor\u00fcbergehend reduzierten Preis erh\u00e4ltlich, der nicht mit anderen Rabattcoupons oder Aktionen kombiniert werden kann.<\/em><\/p>","protected":false},"featured_media":18880,"comment_status":"open","ping_status":"closed","template":"","meta":[],"product_brand":[290],"product_cat":[289],"product_tag":[],"class_list":{"0":"post-18877","1":"product","2":"type-product","3":"status-publish","4":"has-post-thumbnail","6":"product_brand-kompava","7":"product_cat-veterinarni-pripravky","9":"first","10":"instock","11":"purchasable","12":"product-type-simple"},"_links":{"self":[{"href":"https:\/\/www.linie4life.com\/at\/wp-json\/wp\/v2\/product\/18877","targetHints":{"allow":["GET"]}}],"collection":[{"href":"https:\/\/www.linie4life.com\/at\/wp-json\/wp\/v2\/product"}],"about":[{"href":"https:\/\/www.linie4life.com\/at\/wp-json\/wp\/v2\/types\/product"}],"replies":[{"embeddable":true,"href":"https:\/\/www.linie4life.com\/at\/wp-json\/wp\/v2\/comments?post=18877"}],"version-history":[{"count":2,"href":"https:\/\/www.linie4life.com\/at\/wp-json\/wp\/v2\/product\/18877\/revisions"}],"predecessor-version":[{"id":18879,"href":"https:\/\/www.linie4life.com\/at\/wp-json\/wp\/v2\/product\/18877\/revisions\/18879"}],"wp:featuredmedia":[{"embeddable":true,"href":"https:\/\/www.linie4life.com\/at\/wp-json\/wp\/v2\/media\/18880"}],"wp:attachment":[{"href":"https:\/\/www.linie4life.com\/at\/wp-json\/wp\/v2\/media?parent=18877"}],"wp:term":[{"taxonomy":"product_brand","embeddable":true,"href":"https:\/\/www.linie4life.com\/at\/wp-json\/wp\/v2\/product_brand?post=18877"},{"taxonomy":"product_cat","embeddable":true,"href":"https:\/\/www.linie4life.com\/at\/wp-json\/wp\/v2\/product_cat?post=18877"},{"taxonomy":"product_tag","embeddable":true,"href":"https:\/\/www.linie4life.com\/at\/wp-json\/wp\/v2\/product_tag?post=18877"}],"curies":[{"name":"wp","href":"https:\/\/api.w.org\/{rel}","templated":true}]}}