{"id":5966,"date":"2025-03-20T16:10:44","date_gmt":"2025-03-20T15:10:44","guid":{"rendered":"https:\/\/www.linie4life.com\/?post_type=product&#038;p=5966"},"modified":"2026-04-16T10:55:04","modified_gmt":"2026-04-16T08:55:04","slug":"etalon-zellalterungsverzogerung-720-kapseln-365-tage","status":"publish","type":"product","link":"https:\/\/www.linie4life.com\/at\/obchod\/etalon-cell-zpomaleni-starnuti-720-kapsli-365-dni\/","title":{"rendered":"ETALON CELL unterst\u00fctzt die Verlangsamung der Zeichen der Zellalterung 720 Kapseln 365 Tage"},"content":{"rendered":"<div>\n<p>Sehen Sie sich ein kurzes Video an:<\/p>\n<p data-start=\"242\" data-end=\"959\"><a class=\"decorated-link\" href=\"https:\/\/youtube.com\/shorts\/q8PkFqZIEFg\" target=\"_blank\" rel=\"noopener\" data-start=\"304\" data-end=\"348\">CZ<\/a> | <a class=\"decorated-link\" href=\"https:\/\/youtube.com\/shorts\/UzIWRqmOJH4\" target=\"_blank\" rel=\"noopener\" data-start=\"351\" data-end=\"395\">SK<\/a> | <a class=\"decorated-link\" href=\"https:\/\/youtube.com\/shorts\/y7TCsltH7DQ\" target=\"_blank\" rel=\"noopener\" data-start=\"398\" data-end=\"442\">DE<\/a> | <a class=\"decorated-link\" href=\"https:\/\/youtube.com\/shorts\/NJ5DkEZnbOw\" target=\"_blank\" rel=\"noopener\" data-start=\"445\" data-end=\"489\">BG<\/a> | <a class=\"decorated-link\" href=\"https:\/\/youtube.com\/shorts\/sKGPBb2TGfg\" target=\"_blank\" rel=\"noopener\" data-start=\"492\" data-end=\"536\">DE<\/a> | <a class=\"decorated-link\" href=\"https:\/\/youtube.com\/shorts\/-0FdfGBgNB4\" target=\"_blank\" rel=\"noopener\" data-start=\"539\" data-end=\"583\">EG<\/a> | <a class=\"decorated-link\" href=\"https:\/\/youtube.com\/shorts\/oV9t40u9HRU\" target=\"_blank\" rel=\"noopener\" data-start=\"586\" data-end=\"630\">FR<\/a> | <a class=\"decorated-link\" href=\"https:\/\/youtube.com\/shorts\/4Gd2RkXTDhI\" target=\"_blank\" rel=\"noopener\" data-start=\"633\" data-end=\"677\">HU<\/a> | <a class=\"decorated-link\" href=\"https:\/\/youtube.com\/shorts\/lHg2tpfr0qo\" target=\"_blank\" rel=\"noopener\" data-start=\"680\" data-end=\"724\">ES<\/a> | <a class=\"decorated-link\" href=\"https:\/\/youtube.com\/shorts\/HJGysenrIFQ\" target=\"_blank\" rel=\"noopener\" data-start=\"727\" data-end=\"771\">PL<\/a> | <a class=\"decorated-link\" href=\"https:\/\/youtube.com\/shorts\/IOCtHwyZVLE\" target=\"_blank\" rel=\"noopener\" data-start=\"774\" data-end=\"818\">FR<\/a> | <a class=\"decorated-link\" href=\"https:\/\/youtube.com\/shorts\/eS6Cyv5aKkk\" target=\"_blank\" rel=\"noopener\" data-start=\"821\" data-end=\"865\">RU<\/a> | <a class=\"decorated-link\" href=\"https:\/\/youtube.com\/shorts\/B7UUAAz6qgw\" target=\"_blank\" rel=\"noopener\" data-start=\"868\" data-end=\"912\">Vereinigtes K\u00f6nigreich<\/a> | <a class=\"decorated-link\" href=\"https:\/\/youtube.com\/shorts\/Ec_9PpA5a1Q\" target=\"_blank\" rel=\"noopener\" data-start=\"915\" data-end=\"959\">VI<\/a><\/p>\n<p><em><strong>STANDARDZELLE <\/strong><\/em>kann zur Vitalisierung, Elastizit\u00e4t und Feuchtigkeit der Haut beitragen, teilnehmen an <strong>Zellteilung und unterst\u00fctzen so die Verj\u00fcngung des Immunsystems<\/strong>, Unterst\u00fctzung <strong>Verlangsamung des Alterungsprozesses<\/strong> und kann <strong>unterst\u00fctzen kognitive Funktionen<\/strong> (Ged\u00e4chtnis, Aufmerksamkeit, geistige F\u00e4higkeiten), Sinneswahrnehmungen (Sehen, H\u00f6ren, Riechen). <strong>Unterst\u00fctzung der Bildung von T-Lymphozyten<\/strong>.<\/p>\n<\/div>\n<div>\n<p><em><strong>STANDARDZELLE <\/strong><\/em>ist ein epigenetisches Nahrungserg\u00e4nzungsmittel, das den einzigen bekannten patentierten N\u00e4hrstoffbestandteil enth\u00e4lt, der kurze menschliche Telomere durch die vor\u00fcbergehende Aktivierung des Enzyms Telomerase verl\u00e4ngern kann. Dies kann den Alterungsprozess von Zellen, einschlie\u00dflich der des Immunsystems, verlangsamen.<\/p>\n<p><em><strong>STANDARDZELLE<\/strong><\/em>\u00a0Es kann auch dazu beitragen, das Energieniveau zu steigern. <em><strong>STANDARDZELLE<\/strong><\/em>\u00a0Enth\u00e4lt eine wirksame Kombination aus Antioxidantien, die Zellen, DNA, Stammzellen und Telomere vor oxidativem Stress sch\u00fctzen k\u00f6nnen. N\u00e4hrstoffe unterst\u00fctzen Stammzellen, was wiederum die nat\u00fcrlichen Verj\u00fcngungsmechanismen f\u00f6rdert. Es kann die nat\u00fcrliche Zellregeneration unterst\u00fctzen und die Anzahl der Zellteilungen erh\u00f6hen.<\/p>\n<p><em><strong>STANDARDZELLE<\/strong><\/em> 100%, nat\u00fcrliches epigenetisches Anti-Aging-Pr\u00e4parat. <strong>Hilft, die Zeichen der Hautalterung auf zellul\u00e4rer Ebene zu verlangsamen, verbessert die Regeneration und Vitalit\u00e4t<\/strong>. 12-monatige Behandlung.<\/p>\n<p><span style=\"font-weight: 400;\">Durch die Erh\u00f6hung der Telomerase-Aktivit\u00e4t kann es dazu beitragen, <\/span><b>Verlangsamung der Zellalterung<\/b><span style=\"font-weight: 400;\">Es kann dazu beitragen, die Zellalterung zu verz\u00f6gern und kann vor allem <\/span><b>Verbesserung der Lebensqualit\u00e4t<\/b><span style=\"font-weight: 400;\"> w\u00e4hrend der weiteren Alterung.<\/span><\/p>\n<p><strong><i>STANDARDZELLE<\/i><\/strong><span style=\"font-weight: 400;\"> unterst\u00fctzt Sie dabei, die Voraussetzungen f\u00fcr Ihre <\/span><b>der K\u00f6rper heilte von selbst viel besser<\/b><span style=\"font-weight: 400;\">Dank der wissenschaftlichen Forschung, die durch den Nobelpreis inspiriert wurde, <\/span><i><span style=\"font-weight: 400;\"><strong>STANDARDZELLE<\/strong>,<\/span><\/i><span style=\"font-weight: 400;\"> kann die Alterung verlangsamen <\/span><b>nicht nur au\u00dferhalb, sondern auch innerhalb Ihres K\u00f6rpers<\/b><span style=\"font-weight: 400;\">.<\/span><\/p>\n<p><span style=\"font-weight: 400;\">Durch regelm\u00e4\u00dfige Anwendung k\u00f6nnen Sie nicht nur <\/span><b>gut aussehen<\/b><span style=\"font-weight: 400;\">, aber vor allem k\u00f6nnen Sie auch <\/span><b>sich wohlf\u00fchlen<\/b><span style=\"font-weight: 400;\">. <\/span><\/p>\n<p><em><strong>STANDARDZELLE<\/strong><\/em><span style=\"font-weight: 400;\"> kann helfen, unsere <\/span><b>K\u00f6rper, um gesund zu altern.<\/b><\/p>\n<p><strong>MACHEN SIE SICH GL\u00dcCKLICH <\/strong>sich in jedem Alter wohlzuf\u00fchlen und innerlich und \u00e4u\u00dferlich jung auszusehen.<\/p>\n<p><strong>Laborstudien zur mitotischen Teilung somatischer Zellen haben gezeigt, dass die Reduktion der Telomere einer der Hauptmechanismen ist, die Folgendes verursachen:<\/strong><\/p>\n<ul>\n<li>Einschr\u00e4nkung der Zellteilung<\/li>\n<li>Damit verbundene Beschleunigung degenerativer Prozesse, einschlie\u00dflich der Alterung von Organsystemen<\/li>\n<\/ul>\n<p>&nbsp;<\/p>\n<p>Es wurde gezeigt, dass die L\u00e4nge der Telomere (kurze Telomere) die Entwicklung von Krankheiten und Pathologien wie Asthma bronchiale, Neurodermitis und Psoriasis, rheumatoider Arthritis, systemischem Lupus erythematodes, vorzeitiger Alterung und Funktionsst\u00f6rungen des gesamten Immunsystems, koronarer Herzinsuffizienz, chronischer Herzinsuffizienz, Arteriosklerose, Herzinfarkt, Osteoporose, Diabetes mellitus Typ 1 und 2, Alzheimer-Krankheit, Parkinson-Krankheit, Demenz, Leberzirrhose, metabolischem Syndrom und anderen beeinflusst. Mit zunehmendem Alter verk\u00fcrzen Menschen nicht nur ihre Telomere, sondern auch die Anzahl der Zellteilungszyklen nimmt ab. Daher k\u00f6nnen Telomere als Marker der allgemeinen biologischen Alterung angesehen werden.<\/p>\n<p>Aufgrund langfristiger Ertr\u00e4ge <em><strong>E<\/strong><strong>KRALLENZELLE<\/strong><\/em>\u00a0(Mindestlaufzeit 12 Monate) <strong>Die F\u00e4higkeit, die Telomeraseaktivit\u00e4t zu erh\u00f6hen, wurde anhand messbarer Tests eines akkreditierten Labors nachgewiesen<\/strong>Basierend auf diesen Tests wurde gezeigt, dass <em><strong>STANDARDZELLE,<\/strong><\/em> <strong>ist in der Lage<\/strong>, <strong>verl\u00e4ngern die Telomere und verz\u00f6gern dadurch die \u201eAlterung\u201c der Zelle.<\/strong><\/p>\n<p>&nbsp;<\/p>\n<p><strong>WARUM EMPFEHLE ICH AUS PERS\u00d6NLICHER ERFAHRUNG DIE VERWENDUNG VON ETALON CELL?\u00a0<\/strong><\/p>\n<p>Ich nehme sp\u00fcrbare Ver\u00e4nderungen an mir wahr, innerlich und \u00e4u\u00dferlich, und habe den Test auch selbst gemacht.<\/p>\n<div>\n<ul>\n<li>Es enth\u00e4lt den einzigen bekannten patentierten N\u00e4hrstoffbestandteil, der die kurzen menschlichen Telomere verl\u00e4ngert.<\/li>\n<li>Es aktiviert vor\u00fcbergehend Telomerase \u2013 ein Enzym, das Telomere verl\u00e4ngert.<\/li>\n<li>Es verlangsamt den Alterungsprozess der Zellen, einschlie\u00dflich der Zellen des Immunsystems.<\/li>\n<li>Unterst\u00fctzt ein erh\u00f6htes Energieniveau.<\/li>\n<li>Es enth\u00e4lt eine starke Kombination von Antioxidantien, die Zellen, DNA, Stammzellen und Telomere vor oxidativem Stress sch\u00fctzen.<\/li>\n<li>Es enth\u00e4lt N\u00e4hrstoffe, die die Stammzellen des K\u00f6rpers unterst\u00fctzen, was wiederum die nat\u00fcrlichen Verj\u00fcngungsmechanismen unterst\u00fctzt.<\/li>\n<li>Es unterst\u00fctzt die nat\u00fcrliche Zellregeneration und erh\u00f6ht die Anzahl der Zellteilungen.<\/li>\n<\/ul>\n<\/div>\n<\/div>\n<p>&nbsp;<\/p>\n<p>&nbsp;<\/p>\n<div dir=\"ltr\">\n<div><\/div>\n<\/div>\n<div dir=\"ltr\">\n<div><em><strong>STANDARDZELLE<\/strong><\/em>\u00a0stimuliert leicht die Telomeraseaktivit\u00e4t und der Enzymspiegel steigt nur innerhalb sicherer Grenzen an (der sogenannte &quot;Telomerasez\u00e4hler&quot; wird ber\u00fccksichtigt). Bei Verwendung <em><strong>STANDARDZELLE<\/strong><\/em> Die onkologischen Risiken \u00e4lterer Patienten werden durch die Erneuerung der Zellen des Immunsystems reduziert. Verwendung von Nahrungserg\u00e4nzungsmitteln <em><strong>STANDARDZELLE<\/strong><\/em> die Anzahl der Zellen mit kurzen Telomeren deutlich reduzieren. Epigenetische Nutraceutika <em><strong>STANDARDZELLE <\/strong><\/em>und seine Verwendung soll m\u00f6gliche Sorgen und \u00c4ngste ber\u00fccksichtigen, die mit der Information \u00fcber die Risiken einer Krebserkrankung einhergehen.<\/div>\n<\/div>\n<div><\/div>\n<div>\n<hr \/>\n<\/div>\n<div><\/div>\n<div>\n<h5 aria-hidden=\"false\"><strong>DOSIERUNG (f\u00fcr das epigenetische Nutraceutikum ETALON CELL):<\/strong><\/h5>\n<div><\/div>\n<div dir=\"ltr\">\n<div>\n<div><strong>J\u00e4hrliche Behandlung<\/strong><\/div>\n<div>Alter 30-60 Jahre \u2013 2 Kapseln t\u00e4glich<\/div>\n<div>Alter 60-75 Jahre \u2013 ein bis zwei Monate 4 Kapseln t\u00e4glich, dann 2 Kapseln t\u00e4glich<\/div>\n<div>\u00dcber 75 Jahre \u2013 4-6 Monate 4 Kapseln t\u00e4glich, dann 2 Kapseln t\u00e4glich<\/div>\n<\/div>\n<\/div>\n<\/div>\n<div dir=\"ltr\">\n<div><\/div>\n<h5><strong>LAGERUNG <\/strong><strong>(f\u00fcr das epigenetische Nutraceutikum ETALON CELL):<\/strong><\/h5>\n<p>Trocken und bei Raumtemperatur lagern. Vor Frost sch\u00fctzen. Nicht direkter Sonneneinstrahlung aussetzen. Au\u00dferhalb der Reichweite von Kindern aufbewahren.<\/p>\n<h5><strong>BEACHTEN <\/strong><strong>(f\u00fcr das epigenetische Nutraceutikum ETALON CELL):<\/strong><\/h5>\n<p>Es handelt sich nicht um ein Arzneimittel und ersetzt keine abwechslungsreiche Ern\u00e4hrung. Wenn Sie schwanger sind, stillen oder Medikamente einnehmen, konsultieren Sie vor der Anwendung Ihren Arzt. Nicht anwenden bei bekannter \u00dcberempfindlichkeit gegen einen der Inhaltsstoffe.<\/p>\n<h5><strong>ZUSAMMENSETZUNG <\/strong><strong>(f\u00fcr das epigenetische Nutraceutikum ETALON CELL):<\/strong><\/h5>\n<div>Vitamin D \u2013 400 IE, Hyalurons\u00e4ure \u2013 15 mg, Astragalus Membranaceus-Extrakt \u2013 47,5 mg. Astragalus-Extrakt enth\u00e4lt: Astragaloside, Flavonoide, Polysaccharide, Phytosterole, Pigmente, Aminos\u00e4uren, Betain, Cholin, unges\u00e4ttigte Fetts\u00e4uren (Linols\u00e4ure). Enth\u00e4lt keine k\u00fcnstlichen Aromen oder S\u00fc\u00dfstoffe, keine Konservierungsstoffe, keinen Zucker, keine St\u00e4rke, keine Milch, keine Laktose, kein Soja, keine Eier, kein Glutamat, keinen Weizen, keine Hefe, kein Magnesiumstearat.<\/div>\n<\/div>","protected":false},"excerpt":{"rendered":"<h2>Umfassende Zellpflege mit Wirkstoffen aus der Ziegenmariendistel f\u00fcr jeden Tag, das ganze Jahr \u00fcber.<\/h2>\n<p><strong>STANDARD Zelle<\/strong> stellt ein langfristiges Konzept dar <strong>Mobilfunkunterst\u00fctzung<\/strong> Es basiert auf der Synergie aktiver Inhaltsstoffe (Astragalosid-IV-Komplex, aktives Cycloastragenol, Vitamin D und Hyalurons\u00e4ure) in einer Tagesdosis f\u00fcr das ganze Jahr. Es ist f\u00fcr die systematische Pflege konzipiert. <strong>Zellul\u00e4res Gleichgewicht, Telomere, Vitalit\u00e4t<\/strong> a <strong>nat\u00fcrliche Regenerationsprozesse<\/strong>, Funktionen, die sich mit zunehmendem Alter sonst verlangsamen. Das Produkt richtet sich an alle, die langfristig etwas f\u00fcr ihren K\u00f6rper tun m\u00f6chten. Dank seiner durchdachten Zusammensetzung l\u00e4sst es sich nahtlos in den Alltag integrieren \u2013 als stabile Grundlage. <strong>Pflege von Energie, Widerstandsf\u00e4higkeit und biologischem Zustand einschlie\u00dflich des biologischen Alters.<\/strong><\/p>\n<p><em><strong>ETALON Cell \u2013 ein Jahr gezielte Zellunterst\u00fctzung. Beginnen Sie mit systematischer, gezielter Behandlung.<\/strong><\/em><\/p>\n<div style=\"border: 2px solid #eb248c; border-radius: 12px; padding: 16px; background: rgba(248,238,233,0.99);\"><strong>Beim Kauf von ETALON CELL erhalten Sie ein kostenloses Jahrespaket mit hochwertigem Meereskollagen.<\/strong><br \/>\nKollagen ist Bestandteil der langfristigen Pflege von Gelenken, Knorpel, Haut und dem gesamten Bewegungsapparat und f\u00fcgt sich in einen systematischen Ansatz zur Vitalit\u00e4t und Regeneration des Organismus ein.<br \/>\nGeeignet f\u00fcr Frauen und M\u00e4nner jeden Alters sowie f\u00fcr Sportler oder Personen, die einer h\u00f6heren k\u00f6rperlichen oder geistigen Belastung ausgesetzt sind.<\/div>","protected":false},"featured_media":6003,"comment_status":"open","ping_status":"closed","template":"","meta":[],"product_brand":[58],"product_cat":[27,26,23,80,81,32,33],"product_tag":[64,65,66,67,68,69,70],"class_list":{"0":"post-5966","1":"product","2":"type-product","3":"status-publish","4":"has-post-thumbnail","6":"product_brand-for-a-long-life","7":"product_cat-dlouhovekost","8":"product_cat-imunita","9":"product_cat-krasa","10":"product_cat-prevence","11":"product_cat-regenerace","12":"product_cat-zdravi-muze","13":"product_cat-zdravi-zeny","14":"product_tag-hubnuti","15":"product_tag-lek","16":"product_tag-medicina","17":"product_tag-priroda","18":"product_tag-prirodni","19":"product_tag-zdravi","20":"product_tag-zdravy","22":"first","23":"instock","24":"purchasable","25":"product-type-simple"},"_links":{"self":[{"href":"https:\/\/www.linie4life.com\/at\/wp-json\/wp\/v2\/product\/5966","targetHints":{"allow":["GET"]}}],"collection":[{"href":"https:\/\/www.linie4life.com\/at\/wp-json\/wp\/v2\/product"}],"about":[{"href":"https:\/\/www.linie4life.com\/at\/wp-json\/wp\/v2\/types\/product"}],"replies":[{"embeddable":true,"href":"https:\/\/www.linie4life.com\/at\/wp-json\/wp\/v2\/comments?post=5966"}],"version-history":[{"count":11,"href":"https:\/\/www.linie4life.com\/at\/wp-json\/wp\/v2\/product\/5966\/revisions"}],"predecessor-version":[{"id":17647,"href":"https:\/\/www.linie4life.com\/at\/wp-json\/wp\/v2\/product\/5966\/revisions\/17647"}],"wp:featuredmedia":[{"embeddable":true,"href":"https:\/\/www.linie4life.com\/at\/wp-json\/wp\/v2\/media\/6003"}],"wp:attachment":[{"href":"https:\/\/www.linie4life.com\/at\/wp-json\/wp\/v2\/media?parent=5966"}],"wp:term":[{"taxonomy":"product_brand","embeddable":true,"href":"https:\/\/www.linie4life.com\/at\/wp-json\/wp\/v2\/product_brand?post=5966"},{"taxonomy":"product_cat","embeddable":true,"href":"https:\/\/www.linie4life.com\/at\/wp-json\/wp\/v2\/product_cat?post=5966"},{"taxonomy":"product_tag","embeddable":true,"href":"https:\/\/www.linie4life.com\/at\/wp-json\/wp\/v2\/product_tag?post=5966"}],"curies":[{"name":"wp","href":"https:\/\/api.w.org\/{rel}","templated":true}]}}