{"id":5969,"date":"2025-03-20T16:10:44","date_gmt":"2025-03-20T15:10:44","guid":{"rendered":"https:\/\/www.linie4life.com\/?post_type=product&#038;p=5969"},"modified":"2026-05-03T13:22:43","modified_gmt":"2026-05-03T11:22:43","slug":"schwermetallreiniger-schwermetallentgiftung","status":"publish","type":"product","link":"https:\/\/www.linie4life.com\/at\/obchod\/heavy-metal-cleaner-detoxikace-tezkych-kovu\/","title":{"rendered":"HMC Schwermetallreiniger \u2013 nat\u00fcrliche Unterst\u00fctzung der Lymphdrainage \u2013 30 g f\u00fcr 30 Tage"},"content":{"rendered":"<h2>HEAVY METAL CLEANER p\u0159\u00edrodn\u00ed dopln\u011bk na podporu detoxikace t\u011b\u017ek\u00fdch kov\u016f a toxin\u016f<\/h2>\n<p><strong>HEAVY METAL CLEANER j<\/strong>e p\u0159\u00edrodn\u00ed dopln\u011bk na podporu detoxikace t\u011b\u017ek\u00fdch kov\u016f, toxin\u016f. Obsahuje chitin, beta-glukany a melanin, kter\u00e9 \u0161etrn\u011b \u010dist\u00ed t\u011blo bez naru\u0161en\u00ed miner\u00e1ln\u00ed rovnov\u00e1hy.<\/p>\n<p class=\"p1\"><span style=\"font-weight: 400;\"><strong><em>HMC<\/em> (heavy metal cleaner) <\/strong>je<strong> komplex 3 p\u0159\u00edrodn\u00edch slo\u017eek<\/strong> \u2013 <\/span><b>chitin, glukan a melaninov\u00e9 antioxidanty, v kombinaci p\u016fsob\u00ed synergicky a to je efekt je\u0161t\u011b v\u011bt\u0161\u00ed. <\/b><span style=\"font-weight: 400;\">Tyto slo\u017eky se z\u00edsk\u00e1vaj\u00ed z bun\u011b\u010dn\u00fdch st\u011bn hub pomoc\u00ed speci\u00e1ln\u00edch metod a technologi\u00ed a ka\u017ed\u00e1 z t\u011bchto 3 slo\u017eek m\u016f\u017ee podpo\u0159it <\/span><b>detoxikaci organismu, vylou\u010dit vst\u0159eban\u00e9 tuky, odpadn\u00ed l\u00e1tky z organismu a t\u00edm udr\u017eet zdrav\u00fd st\u0159evn\u00ed mikrobiom, t\u011blesnou v\u00e1hu, energii, imunitu.<\/b><\/p>\n<p class=\"p1\">P\u0159\u00edrodn\u00ed podpora<b> p\u0159i vy\u010derp\u00e1n\u00ed organismu, dlouhodob\u00e9 \u00fanav\u011b, \u00a0<\/b>na\u010derp\u00e1n\u00ed energie, p\u0159i boreli\u00f3ze<b>, <\/b>i podpora lymfatick\u00e9ho syst\u00e9mu.<\/p>\n<p class=\"p1\"><b> <\/b>Vhodn\u00e1 p\u0159\u00edrodn\u00ed podpora<b>\u00a0u <strong>Helicobactera pylori (b\u00fdv\u00e1 i \u010dast\u00e1 p\u0159\u00ed\u010dina vzniku \u017ealude\u010dn\u00edho v\u0159edu).\u00a0<\/strong><\/b><\/p>\n<p class=\"p1\"><strong>TIP:<\/strong> M\u016f\u017eete pou\u017e\u00edt <strong>HMC<\/strong> na<strong> \u010di\u0161t\u011bn\u00ed zub\u016f, pokud m\u00e1te pr\u00e1v\u011b vym\u011bn\u011bn\u00e9 amalg\u00e1mov\u00e9 plomby, kou\u0159\u00edte, pijete v\u00edce \u010derven\u00e9ho v\u00edna, k\u00e1vy)<\/strong>. Tak\u00e9 jako podporu, <strong>kdy\u017e sn\u00edte n\u011bco &#8222;zka\u017een\u00e9ho<\/strong>&#8220; a nec\u00edt\u00edte se dob\u0159e a n\u00e1znaku na mo\u017enou <strong>otravu<\/strong> <strong>j\u00eddlem<\/strong> nebo <strong>po po\u017eit\u00ed v\u011bt\u0161\u00edho mno\u017estv\u00ed alkoholu.<\/strong><\/p>\n<p><span class=\"s1\"><b>Obsahuje chitin<\/b>, <b>betaglukany<\/b> a siln\u00e9<b> melaninov\u00e9<\/b> <b>antioxidanty<\/b>. Na rozd\u00edl od jin\u00fdch p\u0159\u00edpravku, p\u0159i jejich\u017e u\u017e\u00edv\u00e1n\u00ed, m\u016f\u017ee, \u010dasto \u010dasem doch\u00e1zet, ke sn\u00ed\u017een\u00ed obsahu d\u016fle\u017eit\u00fdch makro a mikro \u017eivin, <strong>HMC<\/strong><strong> neodstra\u0148uje a nevyvazuje, pro organismus, d\u016fle\u017eit\u00e9 l\u00e1tky a je vhodn\u00e9 ho u\u017e\u00edvat p\u0159i detoxikaci organismu organismu. <\/strong>S\u00e1hnout po n\u011bm m\u016f\u017eete, pokud<strong> pot\u0159ebujete podpo\u0159it energii a bojujete s dlouhodobou \u00fanavou,<\/strong> kter\u00e1 m\u016f\u017ee m\u00edt \u0159adu p\u0159\u00ed\u010din. M\u016f\u017ee zm\u00edrnit n\u011bkter\u00e9 ne\u017e\u00e1douc\u00ed \u00fa\u010dinky p\u0159i u\u017e\u00edv\u00e1n\u00ed l\u00e9k\u016f v\u010detn\u011b radioterapie nebo chemoterapie.<\/span><\/p>\n<div class=\"WaaZC\">\n<div class=\"RJPOee EIJn2\">\n<div class=\"rPeykc\" data-hveid=\"CAMQAQ\" data-ved=\"2ahUKEwj7x7b_6s-NAxX5iv0HHfDBLpIQo_EKegQIAxAB\"><span data-huuid=\"5775130451974636828\"><strong>Lymfatick\u00fd syst\u00e9m a propustnost st\u0159ev jsou \u00fazce propojeny<\/strong>, proto\u017ee <strong>lymfa slou\u017e\u00ed jako transport pro vst\u0159eb\u00e1van\u00e9 tuky ze st\u0159eva a l\u00e1tky, kter\u00fd by m\u011bly b\u00fdt vylou\u010deny. <\/strong><\/span><span data-huuid=\"5775130451974639365\">Propustnost st\u0159evn\u00ed st\u011bny (tzv. Leaky Gut syndrom) m\u016f\u017ee ovlivnit funkci lymfatick\u00e9ho syst\u00e9mu a zp\u016fsob, jak\u00fdm t\u011blo zvl\u00e1d\u00e1 vst\u0159eb\u00e1v\u00e1n\u00ed \u017eivin a vylu\u010dov\u00e1n\u00ed odpadu. To m\u00e1 <strong>obrovsk\u00fd vliv ukl\u00e1d\u00e1n\u00ed tuk\u016f v t\u011ble, n\u00e1r\u016fst t\u011blesn\u00e9 hmotnosti, otoky t\u011bla.\u00a0<\/strong><\/span><\/div>\n<\/div>\n<\/div>\n<div class=\"WaaZC\">\n<div class=\"RJPOee EIJn2\"><\/div>\n<\/div>\n<p><strong>V \u010cEM je HMC JIN\u00dd A TAK V\u00ddJIME\u010cN\u00dd?<\/strong><\/p>\n<p>Rozd\u00edl je v tom, <strong>\u017ee neabsorbuje esenci\u00e1ln\u00ed kyseliny ani hlavn\u00ed biogenn\u00ed miner\u00e1ly<\/strong> (v\u00e1pn\u00edk, drasl\u00edk, sod\u00edk, ho\u0159\u010d\u00edk apod.) a tedy <strong>neporu\u0161uje metabolismus miner\u00e1l\u016f, stopov\u00fdch prvk\u016f a nevyvazuje miner\u00e1ly z t\u011bla.<\/strong><\/p>\n<p>Tuto sorp\u010dn\u00ed efektivitu v HMC zaji\u0161\u0165uje speci\u00e1ln\u00ed chitin. Chitin obsa\u017een\u00fd v HMC je ve form\u011b nejjemn\u011bj\u0161\u00edch mikrofibril (m\u016f\u017eeme \u0159\u00edci nano). Vedle chitinu, HMC obsahuje, tak\u00e9 velmi siln\u00e9 imunomodul\u00e1tory &#8211; beta-glukany a siln\u00fd antioxidant melanin.<\/p>\n<p><strong>CO JSOU T\u011a\u017dK\u00c9 KOVY A VYJMENUJME SI N\u011aKTER\u00c9 Z NICH?<\/strong><\/p>\n<div class=\"flex-1 overflow-hidden\">\n<div class=\"react-scroll-to-bottom--css-tibiu-79elbk h-full dark:bg-gray-800\">\n<div class=\"react-scroll-to-bottom--css-tibiu-1n7m0yu\">\n<div class=\"flex flex-col text-sm dark:bg-gray-800\">\n<div class=\"group w-full text-token-text-primary border-b border-black\/10 dark:border-gray-900\/50 bg-gray-50 dark:bg-[#444654]\" data-testid=\"conversation-turn-43\">\n<div class=\"p-4 justify-center text-base md:gap-6 md:py-6 m-auto\">\n<div class=\"flex flex-1 gap-4 text-base mx-auto md:gap-6 md:max-w-2xl lg:max-w-[38rem] xl:max-w-3xl }\">\n<div class=\"relative flex w-[calc(100%-50px)] flex-col gap-1 md:gap-3 lg:w-[calc(100%-115px)]\">\n<div class=\"flex flex-grow flex-col gap-3 max-w-full\">\n<div class=\"min-h-[20px] flex flex-col items-start gap-3 overflow-x-auto whitespace-pre-wrap break-words\">\n<div class=\"markdown prose w-full break-words dark:prose-invert light\">\n<p><strong>Z\u00e1t\u011b\u017e t\u011b\u017ek\u00fdmi kovy v organismu<\/strong>, zn\u00e1m\u00e1 tak\u00e9 jako t\u011b\u017ek\u00e1 metal\u00e9mie, se vyskytuje, kdy\u017e jsou <strong>t\u011b\u017ek\u00e9 kovy jako olovo, rtu\u0165, kadmium, arsen, a dal\u0161\u00ed, p\u0159\u00edtomny v t\u011ble v nadm\u011brn\u00fdch mno\u017estv\u00edch<\/strong>. Tyto kovy <strong>mohou vstoupit do t\u011bla r\u016fzn\u00fdmi zp\u016fsoby,<\/strong> v\u010detn\u011b <strong>konzumace kontaminovan\u00e9 potravy nebo vody, vdechov\u00e1n\u00ed zne\u010di\u0161t\u011bn\u00e9ho vzduchu, absorpce k\u016f\u017e\u00ed<\/strong> nebo <strong>vystaven\u00edm pracovn\u00edmu prost\u0159ed\u00ed s t\u011b\u017ek\u00fdmi kovy.<\/strong> Zde jsou uvedeny n\u011bkter\u00e9 t\u011b\u017ek\u00e9 kovy, kter\u00e9 mohou m\u00edt dopad na lidsk\u00e9 t\u011blo:<\/p>\n<ol>\n<li><strong>Olovo<\/strong>: P\u0159\u00edznaky otravy olovem mohou zahrnovat poruchy neurologick\u00e9ho v\u00fdvoje u d\u011bt\u00ed, probl\u00e9my s krvetvorbou, poruchy ledvin, a po\u0161kozen\u00ed nervov\u00e9ho syst\u00e9mu.<\/li>\n<li><strong>Rtu\u0165<\/strong>: Rtu\u0165 m\u016f\u017ee ovlivnit nervov\u00fd syst\u00e9m a zp\u016fsobit probl\u00e9my s koordinac\u00ed, pam\u011bt\u00ed a koncentrac\u00ed. Chronick\u00e1 expozice rtuti m\u016f\u017ee v\u00e9st k z\u00e1va\u017en\u00fdm zdravotn\u00edm probl\u00e9m\u016fm, jako je rakovina nebo po\u0161kozen\u00ed ledvin.<\/li>\n<li><strong>Kadmium<\/strong>: Kadmium m\u016f\u017ee ovlivnit ledviny, j\u00e1tra a pl\u00edce. Chronicity expozice kadmia m\u016f\u017ee zp\u016fsobit onemocn\u011bn\u00ed ledvin a zv\u00fd\u0161it riziko rakoviny.<\/li>\n<li><strong>Arsen<\/strong>: Arsen m\u016f\u017ee po\u0161kodit k\u016f\u017ei, pl\u00edce, j\u00e1tra a ledviny. Expozice arsenem m\u016f\u017ee v\u00e9st k v\u00fdvoji r\u016fzn\u00fdch zdravotn\u00edch probl\u00e9m\u016f, v\u010detn\u011b rakoviny.<\/li>\n<li><strong>Kadmium<\/strong>: Kadmium je zn\u00e1m\u00fdm karcinogenem a m\u016f\u017ee zp\u016fsobit v\u00e1\u017en\u00e9 po\u0161kozen\u00ed plic, ledvin a kost\u00ed.<\/li>\n<\/ol>\n<p><strong>Z\u00e1t\u011b\u017e t\u011b\u017ek\u00fdmi kovy m\u016f\u017ee b\u00fdt akutn\u00ed nebo chronick\u00e1 a m\u016f\u017ee m\u00edt z\u00e1va\u017en\u00e9 dopady na zdrav\u00ed.<\/strong> Diagn\u00f3za a l\u00e9\u010dba t\u011b\u017ek\u00e9 metal\u00e9mie obvykle vy\u017eaduje l\u00e9ka\u0159skou p\u00e9\u010di, v\u010detn\u011b testov\u00e1n\u00ed hladin t\u011b\u017ek\u00fdch kov\u016f v t\u011ble a vhodn\u00e9 l\u00e9\u010dby, kter\u00e1 m\u016f\u017ee zahrnovat odstran\u011bn\u00ed kov\u016f z t\u011bla a l\u00e9\u010dbu p\u0159\u00edznak\u016f otravy.<strong>Prevence je kl\u00ed\u010dov\u00fdm faktorem v ochran\u011b p\u0159ed z\u00e1t\u011b\u017e\u00ed t\u011b\u017ek\u00fdmi kovy<\/strong>. Ide\u00e1ln\u011b se vyh\u00fdbat kov\u016fm v pracovn\u00edm prost\u0159ed\u00ed, pokud je to mo\u017en\u00e9, zlep\u0161en\u00ed kvality vody a potravin. <strong>Dal\u0161\u00ed toxiny a chemick\u00e9 slou\u010deniny<\/strong>, <strong>kter\u00e9 jsou \u0161kodliv\u00e9 zejm\u00e9na pro j\u00e1tra, ledviny a za\u017e\u00edvac\u00ed trakt, nap\u0159. stabiliz\u00e1tory potravin, konzerva\u010dn\u00ed l\u00e1tky, plniva, barviva, p\u0159\u00edsady, dusi\u010dnany, dusitany a pesticidy, rafinovan\u00e9 oleje apod. Doporu\u010duji \u010d\u00edst etikety a zaj\u00edmat se o slo\u017een\u00ed, \u00a0ne nadarmo, se \u0159\u00edk\u00e1, JSTE TO CO J\u00cdTE. \u00a0<\/strong>Sama nos\u00edm do obchodu chytr\u00fd telefon, kde m\u00e1m lupu, abych v\u016fbec p\u0159e\u010detla co je na etiket\u011b naps\u00e1no.<span class=\"s1\">V medic\u00edn\u011b se spr\u00e1vn\u011b p\u0159edpokl\u00e1d\u00e1, \u017ee <strong>dob\u0159e funguj\u00edc\u00ed j\u00e1tra jsou z\u00e1rukou dobr\u00e9 pr\u00e1ce pro cel\u00fd organismus.<\/strong> J\u00e1tra \u010dist\u00ed krev od toxick\u00fdch l\u00e1tek, ale kdy\u017e se tyto l\u00e1tky p\u0159\u00edli\u0161 hromad\u00ed, st\u00e1vaj\u00ed se j\u00e1tra ob\u011bt\u00ed toxin\u016f. Je zn\u00e1mo, \u017ee <strong>po\u0161kozen\u00ed jater je mo\u017enou p\u0159\u00ed\u010dinou mnoha ko\u017en\u00edch onemocn\u011bn\u00ed a alergick\u00fdch reakc\u00ed.\u00a0<\/strong><\/span>\u0160kodliv\u00e9 \u00fa\u010dinky t\u011b\u017ek\u00fdch kov\u016f se mohou v\u00e1zat na \u017eivotn\u011b d\u016fle\u017eit\u00e9 bun\u011b\u010dn\u00e9 komponenty, jako jsou struktur\u00e1ln\u00ed proteiny, enzymy a nukleov\u00e9 kyseliny, a mohou naru\u0161ovat jejich fungov\u00e1n\u00ed. P\u0159\u00edznaky a \u00fa\u010dinky se mohou li\u0161it v z\u00e1vislosti na kovu, nebo slou\u010denin\u011b kovu a na pou\u017eit\u00e9 d\u00e1vce. <strong>Dlouhodob\u00e1 expozice toxick\u00fdmi t\u011b\u017ek\u00fdmi kovy m\u016f\u017ee m\u00edt obecn\u011b karcinogenn\u00ed n\u00e1sledky, m\u016f\u017ee po\u0161kodit centr\u00e1ln\u00ed a perifern\u00ed nervov\u00fd syst\u00e9m a m\u00edt \u0161patn\u00fd dopad na ob\u011bhovou soustavu<\/strong>.<\/p>\n<p><strong>POJ\u010eME SI \u0158\u00cdCT V\u00cdCE O CHITINU, BETAGLUKANECH A MELANINU<\/strong><\/p>\n<\/div>\n<\/div>\n<p><b>Chitin<\/b> je strukturov\u00e1n v bun\u011b\u010dn\u00fdch st\u011bn\u00e1ch hub ve form\u011b jemn\u00fdch vl\u00e1ken vytv\u00e1\u0159ej\u00edc\u00edch prostorovou s\u00ed\u0165 s obrovskou m\u011brnou povrchovou plochou,\u00a0co\u017e vysv\u011btluje <b>jedine\u010dnou sorp\u010dn\u00ed schopnost<\/b> chitinu. Jedn\u00e1 se o p\u0159\u00edrodn\u00ed biopolymer, kter\u00fd ve sv\u00e9 molekule obsahuje atomy dus\u00edku a m\u00e1 jedine\u010dnou sorp\u010dn\u00ed schopnost <b>absorbovat toxiny a t\u011b\u017ek\u00e9 kovy<\/b>. Neodstra\u0148uje v\u0161ak hlavn\u00ed bioaktivn\u00ed a stopov\u00e9 prvky a neinterferuje s metabolismem miner\u00e1l\u016f. Chitin <b>absorbuje prakticky v\u0161echny t\u011b\u017ek\u00e9 kovy, radionuklitidy a toxick\u00e9 l\u00e1tky<\/b>, ale neodstra\u0148uje prvky d\u016fle\u017eit\u00e9 pro organismus. Pr\u00e1v\u011b tyto vlastnosti chitinu vysv\u011btluj\u00ed \u00fa\u010dinnost p\u0159i otrav\u011b jater nebo ledvin zp\u016fsoben\u00e9 nezdrav\u00fdm \u017eivotn\u00edm stylem, potravinami nebo drogami.<\/p>\n<\/div>\n<\/div>\n<\/div>\n<\/div>\n<\/div>\n<\/div>\n<\/div>\n<\/div>\n<\/div>\n<p><span class=\"s1\"><b>Betaglukany <\/b>jsou jednou z <b>nejsiln\u011bj\u0161\u00edch p\u0159\u00edrodn\u00edch l\u00e1tek koriguj\u00edc\u00edch lidskou imunitu<\/b>. Protirakovinn\u00e9 vlastnosti hub jsou zp\u016fsobeny glukany a biopolymery, kter\u00e9 jsou podstatn\u00fdmi slo\u017ekami bun\u011b\u010dn\u00fdch st\u011bn hub. <\/span><\/p>\n<p><span class=\"s1\"><b>Melaninov\u00e9<\/b> antioxidanty jsou velmi <b>\u00fa\u010dinn\u00fdmi biologick\u00fdmi ochr\u00e1nci bun\u011bk p\u0159ed nep\u0159\u00edzniv\u00fdmi vn\u011bj\u0161\u00edmi a vnit\u0159n\u00edmi vlivy<\/b>. D\u00edky p\u0159\u00edtomnosti velk\u00e9ho po\u010dtu paramagnetick\u00fdch center v jejich molekul\u00e1ch je melanin schopen <b>neutralizovat voln\u00e9 radik\u00e1ly<\/b>, kter\u00e9 se vyskytuj\u00ed v \u017eiv\u00e9 bu\u0148ce pod vlivem pronikaj\u00edc\u00edho ultrafialov\u00e9ho z\u00e1\u0159en\u00ed r\u016fzn\u00fdch toxin\u016f a enzym\u016f patogenn\u00edch bakteri\u00ed. Houbov\u00fd melanin na rozd\u00edl od zv\u00ed\u0159ec\u00edho melaninu nezp\u016fsobuje vedlej\u0161\u00ed \u00fa\u010dinky. Je<span class=\"Apple-converted-space\">\u00a0<\/span>\u010d\u00e1ste\u010dn\u011b absorbov\u00e1n v gastrointestin\u00e1ln\u00edm traktu a p\u0159en\u00e1\u0161en krv\u00ed v t\u011ble, \u010d\u00edm\u017e chr\u00e1n\u00ed bu\u0148ky p\u0159ed ni\u010div\u00fdmi \u00fa\u010dinky voln\u00fdch radik\u00e1l\u016f.<\/span><\/p>\n<p>&nbsp;<\/p>\n<hr \/>\n<h5 class=\"p1\"><span class=\"s1\"><b>D\u00c1VKOV\u00c1N\u00cd <\/b><\/span><span class=\"s1\"><b>(pro dopln\u011bk stravy HMC &#8211; heavy metal cleaner):<\/b><\/span><\/h5>\n<p><span class=\"s1\"><b>Dosp\u011bl\u00ed:<\/b> 1 \u010dajov\u00e1 l\u017ei\u010dka r\u00e1no nala\u010dno. Nasypte 1 \u010dajovou l\u017ei\u010dku do sklenice, p\u0159ilijte trochu vody, d\u016fkladn\u011b zam\u00edchejte a pot\u00e9 vypijte.\u00a0<\/span><span class=\"s1\"><b>D\u011bti od 3 do 15 let:<\/b> 1\/2 \u010dajov\u00e9 l\u017ei\u010dky 1x denn\u011b r\u00e1no nala\u010dno.\u00a0<\/span><span class=\"s1\"><b>Obsah balen\u00ed je 30000 mg a je navr\u017een pro k\u00faru na 30 dn\u00ed. P\u0159i dlouhodob\u00e9m u\u017e\u00edv\u00e1n\u00ed nem\u00e1 \u017e\u00e1dn\u00e9 vedlej\u0161\u00ed \u00fa\u010dinky ani kontraindikace.<\/b><\/span><\/p>\n<h5 class=\"p1\"><span class=\"s1\"><b>SLO\u017dEN\u00cd <\/b><\/span><span class=\"s1\"><b>(pro dopln\u011bk stravy HMC &#8211; heavy metal cleaner):<\/b><\/span><\/h5>\n<p><span class=\"s1\">HMC obsahuje 100% p\u0159\u00edrodn\u00ed v\u00fdta\u017eky z extrakt\u016f hub. Z\u00e1kladem HMC je komplex 3 p\u0159\u00edrodn\u00edch slo\u017eek (chitinu, glukanu a melaninu) z\u00edskan\u00fdch z bun\u011b\u010dn\u00fdch st\u011bn hub pomoc\u00ed speci\u00e1ln\u00edch metod a technologi\u00ed. <\/span><b><\/b><span class=\"s1\"><b>HMC\u00a0neobsahuje:<\/b> um\u011bl\u00e9 p\u0159\u00edchuti ani sladidla, konzerva\u010dn\u00ed l\u00e1tky, <\/span><span class=\"s1\">cukr,\u00a0\u0161krob, ml\u00e9ko, lakt\u00f3zu, s\u00f3ju, vejce, glutam\u00e1t,\u00a0p\u0161enici,\u00a0dro\u017ed\u00ed, stear\u00e1t ho\u0159e\u010dnat\u00fd\u00a0a\u00a0NEN\u00cd GENETICKY MODIFIKOVAN\u00dd.\u00a0<\/span><\/p>\n<h5 class=\"p1\"><span class=\"s1\"><b>SKLADOV\u00c1N\u00cd <\/b><\/span><span class=\"s1\"><b>(pro dopln\u011bk stravy HMC &#8211; heavy metal cleaner):<\/b><\/span><\/h5>\n<p>Uchov\u00e1vejte v suchu p\u0159i pokojov\u00e9 teplot\u011b. Chra\u0148te p\u0159ed mrazem. Nevystavujte p\u0159\u00edm\u00e9mu slune\u010dn\u00edmu z\u00e1\u0159en\u00ed. Skladujte mimo dosah d\u011bt\u00ed.<\/p>\n<h4 class=\"p10\"><span class=\"s1\"><b>UPOZORN\u011aN\u00cd (pro dopln\u011bk stravy HMC &#8211; heavy metal cleaner):<\/b><\/span><\/h4>\n<p>Nejde o l\u00e9k a nenahrazuje pestrou stravu. Pokud jste t\u011bhotn\u00e1, koj\u00edte nebo u\u017e\u00edv\u00e1te l\u00e9ky, pora\u010fte se o u\u017e\u00edv\u00e1n\u00ed se sv\u00fdm l\u00e9ka\u0159em. Nepou\u017e\u00edvejte p\u0159i zn\u00e1m\u00e9 p\u0159ecitliv\u011blosti na n\u011bkterou slo\u017eku p\u0159\u00edpravku.<\/p>\n","protected":false},"excerpt":{"rendered":"<h2>Gezielte Unterst\u00fctzung nat\u00fcrlicher Reinigungsprozesse von Schwermetallen<\/h2>\n<p><strong>Schwermetallreiniger<\/strong> ist eine gut durchdachte Kombination von Wirkstoffen wie Chitin <strong>aus Pilzmyzel, Chlorella, Spirulina<\/strong> und andere Pflanzenbestandteile, die traditionell mit <strong>Bindung und Ausscheidung unerw\u00fcnschter Substanzen aus dem K\u00f6rper<\/strong>. Das Produkt unterst\u00fctzt die innere Balance und die Reinigungsprozesse des K\u00f6rpers, insbesondere bei anhaltendem Stress durch die moderne Umwelt, Stress oder einen unregelm\u00e4\u00dfigen Lebensstil. Es eignet sich zur vorbeugenden und langfristigen K\u00f6rperpflege. Die reine, funktionelle Zusammensetzung ist ideal f\u00fcr alle, die ihren K\u00f6rper systematisch und gr\u00fcndlich entlasten m\u00f6chten.<\/p>\n<p><em><strong>Schwermetallreiniger \u2013 wenn Sie Ihrem K\u00f6rper Raum zur nat\u00fcrlichen Selbstreinigung geben m\u00f6chten. Unterst\u00fctzt das innere Gleichgewicht.<\/strong><\/em><\/p>","protected":false},"featured_media":6046,"comment_status":"open","ping_status":"closed","template":"","meta":[],"product_brand":[58],"product_cat":[15,26,23,201,28,80,78,81,29,32,33],"product_tag":[],"class_list":{"0":"post-5969","1":"product","2":"type-product","3":"status-publish","4":"has-post-thumbnail","6":"product_brand-for-a-long-life","7":"product_cat-detoxikace","8":"product_cat-imunita","9":"product_cat-krasa","10":"product_cat-lymfa","11":"product_cat-pohyb","12":"product_cat-prevence","13":"product_cat-psychika","14":"product_cat-regenerace","15":"product_cat-spanek-a-uzkost","16":"product_cat-zdravi-muze","17":"product_cat-zdravi-zeny","19":"first","20":"instock","21":"purchasable","22":"product-type-simple"},"_links":{"self":[{"href":"https:\/\/www.linie4life.com\/at\/wp-json\/wp\/v2\/product\/5969","targetHints":{"allow":["GET"]}}],"collection":[{"href":"https:\/\/www.linie4life.com\/at\/wp-json\/wp\/v2\/product"}],"about":[{"href":"https:\/\/www.linie4life.com\/at\/wp-json\/wp\/v2\/types\/product"}],"replies":[{"embeddable":true,"href":"https:\/\/www.linie4life.com\/at\/wp-json\/wp\/v2\/comments?post=5969"}],"version-history":[{"count":10,"href":"https:\/\/www.linie4life.com\/at\/wp-json\/wp\/v2\/product\/5969\/revisions"}],"predecessor-version":[{"id":17387,"href":"https:\/\/www.linie4life.com\/at\/wp-json\/wp\/v2\/product\/5969\/revisions\/17387"}],"wp:featuredmedia":[{"embeddable":true,"href":"https:\/\/www.linie4life.com\/at\/wp-json\/wp\/v2\/media\/6046"}],"wp:attachment":[{"href":"https:\/\/www.linie4life.com\/at\/wp-json\/wp\/v2\/media?parent=5969"}],"wp:term":[{"taxonomy":"product_brand","embeddable":true,"href":"https:\/\/www.linie4life.com\/at\/wp-json\/wp\/v2\/product_brand?post=5969"},{"taxonomy":"product_cat","embeddable":true,"href":"https:\/\/www.linie4life.com\/at\/wp-json\/wp\/v2\/product_cat?post=5969"},{"taxonomy":"product_tag","embeddable":true,"href":"https:\/\/www.linie4life.com\/at\/wp-json\/wp\/v2\/product_tag?post=5969"}],"curies":[{"name":"wp","href":"https:\/\/api.w.org\/{rel}","templated":true}]}}