{"id":5970,"date":"2025-03-20T16:10:44","date_gmt":"2025-03-20T15:10:44","guid":{"rendered":"https:\/\/www.linie4life.com\/?post_type=product&#038;p=5970"},"modified":"2026-03-08T09:38:51","modified_gmt":"2026-03-08T08:38:51","slug":"kombucha-extrakt-entgiftung-gewichtsverlust-lymphe","status":"publish","type":"product","link":"https:\/\/www.linie4life.com\/at\/obchod\/kombucha-extrakt-detoxikace-hubnuti-lymfa\/","title":{"rendered":"KOMBUCHA EXTRAKT 30:1 Leberentgiftung Gewichtsverlust Lymphe 300 ml f\u00fcr 9 Liter"},"content":{"rendered":"<h2>Kombucha-Extrakt im Verh\u00e4ltnis 30:1<\/h2>\n<p><span class=\"s1\"><strong>100 % nat\u00fcrlicher therapeutischer Extrakt geeignet zur Unterst\u00fctzung der Entgiftung des K\u00f6rpers, Leberreinigung, Unterst\u00fctzung des Lymphflusses, Gewichtsverlust, M\u00fcdigkeit, Verbrauch einer gr\u00f6\u00dferen Menge an Energie, bei erh\u00f6htem Bedarf (Wintersaison, Stress, Zivilisationskrankheiten)<\/strong>. Kombucha e<\/span><span class=\"s1\">Extrakt <strong>hat eine mehr als 100-mal h\u00f6here Konzentration an gesunden N\u00e4hrstoffen als nicht konzentrierter Kombucha-Tee.<\/strong> <strong>Es wird aus Kombucha-Tee hergestellt.<\/strong>, das mittels Vakuumtrenntechnik zu einem Konzentrat und anschlie\u00dfend zu einem Extrakt verarbeitet wird, <strong>wenn Zucker, Restalkohol und Hefe abgetrennt werden und nur Wirkstoffe in hoher Konzentration \u00fcbrig bleiben, die einen hohen N\u00e4hrstoffgehalt an Mineralien, B-Vitaminen und eine einzigartige Kombination aus Glucon- und Glucurons\u00e4ure aufweisen. <\/strong><\/span><span class=\"s1\">Glucurons\u00e4ure spielt eine Schl\u00fcsselrolle im Entgiftungsprozess der Leber<\/span><span class=\"s1\"><strong>.<\/strong><\/span><\/p>\n<p><span class=\"s1\"><b>Welche Vorteile bietet Kombucha-Extrakt und wie kann es hilfreich sein? <\/b><\/span><\/p>\n<p><span class=\"s1\"><b>Hier sind einige Gr\u00fcnde, warum sich Menschen f\u00fcr die Verwendung entscheiden:<\/b><\/span><\/p>\n<p>Kombucha-Extrakt ist auch\u00a0<strong>reich an Polyphenolen, Flavonoiden, Antioxidantien, Vitamin C, probiotischen Bakterien. <\/strong>F<span style=\"color: #202124; font-family: inherit;\">Ein fermentiertes Getr\u00e4nk wird aus einer Kolonie von Bakterien und Hefen hergestellt, oft als SCOBY bezeichnet \u2013 eine symbiotische Kultur von Bakterien und Hefen. Dieser Fermentationsprozess produziert Probiotika, n\u00fctzliche Mikroorganismen, die unterst\u00fctzen k\u00f6nnen <\/span> Wachstum n\u00fctzlicher Darmbakterien und Reduzierung sch\u00e4dlicher Bakterien. Dies kann m\u00f6glicherweise Verdauungsprobleme wie Bl\u00e4hungen, Gase und Verdauungsst\u00f6rungen lindern und sich auf <span style=\"color: #202124;\">Darmmikrobiom, harmonisieren das Gleichgewicht der Darmbakterien und verbessern die Verdauung und Aufnahme.\u00a0<\/span><\/p>\n<div><b>Gute Laune und Wohlbefinden k\u00f6nnen ein Spiegelbild unserer Bauchgef\u00fchle sein.<\/b> Es gibt Spekulationen, dass die Darm-Hirn-Verbindung eine Rolle bei der Stimmungsregulierung spielt und eine optimale Bakterienzusammensetzung im Darm zu einem besseren geistigen Wohlbefinden beitragen kann.<\/div>\n<div><b><span style=\"color: #202124;\">Kombucha wird mit Entgiftung in Verbindung gebracht, aber auch als geeignete Unterst\u00fctzung f\u00fcr Lymphmassagen, Fasten, Gewichtsabnahme und verschiedene Arten von Di\u00e4ten (zum Beispiel <\/span><span style=\"color: #202124; font-family: inherit;\">niedriger Kaloriengehalt), Ersch\u00f6pfung\u00a0<\/span><\/b><span style=\"color: #202124;\"><b>Organismus, aber auch bei einer Reihe von Zivilisationskrankheiten (Borreliose, Gelbsucht, EB-Viren). <\/b><\/span><b>Wissen Sie, was eine K\u00f6rperentgiftung ist?<\/b> Es bedeutet im Grunde \u201eK\u00f6rperreinigung\u201c \u2013 es ist eine Methode, die seit Tausenden von Jahren angewendet wird. Das Ziel der Entgiftung ist es, den K\u00f6rper zu reinigen und ihn von allen sch\u00e4dlichen Substanzen zu befreien, die ihn verstopfen. <b>Im K\u00f6rper findet st\u00e4ndig eine nat\u00fcrliche Entgiftung statt. Giftstoffe werden \u00fcber die Organe \u2013 Leber, Nieren und Darm \u2013 ausgeschieden. <\/b><b>Und welche Rolle spielen Antioxidantien im menschlichen K\u00f6rper?<\/b> Sie tragen dazu bei, die Zellen vor oxidativem Stress und Sch\u00e4den durch freie Radikale zu sch\u00fctzen und verringern so m\u00f6glicherweise das Risiko chronischer Erkrankungen.<\/div>\n<div><\/div>\n<div><\/div>\n<div><\/div>\n<div><\/div>\n<div><\/div>\n<div><\/div>\n<div><\/div>\n<div><\/div>\n<div><\/div>\n<p><span class=\"s1\">Kombucha-Extrakt enth\u00e4lt <b>Mineralien<\/b>: <\/span><\/p>\n<ul class=\"ul1\">\n<li class=\"li1\"><span class=\"s1\">Magnesium <\/span><\/li>\n<li class=\"li1\"><span class=\"s1\">Kalzium <\/span><\/li>\n<li class=\"li1\"><span class=\"s1\">Zink <\/span><\/li>\n<li class=\"li1\"><span class=\"s1\">Eisen <\/span><\/li>\n<li class=\"li1\"><span class=\"s1\">Kupfer <\/span><\/li>\n<li class=\"li1\"><span class=\"s1\">Mangan usw. <\/span><\/li>\n<\/ul>\n<p><span class=\"s1\"><b>Vitamine:<\/b> <\/span><\/p>\n<ul class=\"ul1\">\n<li class=\"li1\"><span class=\"s1\">B1 <\/span><\/li>\n<li class=\"li1\"><span class=\"s1\">B2 <\/span><\/li>\n<li class=\"li1\"><span class=\"s1\">B3 <\/span><\/li>\n<li class=\"li1\"><span class=\"s1\">B5 <\/span><\/li>\n<li class=\"li1\"><span class=\"s1\">B6 <\/span><\/li>\n<li class=\"li2\"><span class=\"s3\">C <\/span><\/li>\n<\/ul>\n<p><span class=\"s1\">und einzigartig <b>Kombination organischer S\u00e4uren<\/b>: <\/span><\/p>\n<ul class=\"ul1\">\n<li class=\"li1\"><span class=\"s1\">Glucons\u00e4ure <\/span><\/li>\n<li class=\"li1\"><span class=\"s1\">Glucurons\u00e4ure <\/span><\/li>\n<\/ul>\n<p><span class=\"s1\">Glucurons\u00e4ure spielt eine Schl\u00fcsselrolle im Entgiftungsprozess der Leber.<\/span><\/p>\n<p>&nbsp;<\/p>\n<hr \/>\n<h5 class=\"p1\"><span class=\"s1\"><b>DOSIERUNG <\/b><\/span><strong>zur Nahrungserg\u00e4nzung (Kombucha-Extrakt):<\/strong><\/h5>\n<p><span class=\"s1\">Die Dosierung ist nicht ganz genau. Es wird empfohlen von <b>3 Teel\u00f6ffel<\/b> bis nach <b>3 Essl\u00f6ffel t\u00e4glich<\/b>, idealerweise vor einer Mahlzeit. <\/span><span class=\"s1\">Wenn der Geschmack zu stark erscheint, mischen Sie zun\u00e4chst <b>1 Teel\u00f6ffel<\/b> Extrakt <b>100 ml Wasser<\/b> dreimal t\u00e4glich. Nach 3-4 Tagen, wenn Sie sich an den Geschmack gew\u00f6hnt haben, wechseln Sie zur empfohlenen Dosierung. <b>Es ist wichtig zu beachten<\/b><span style=\"color: #202124; font-family: inherit;\">dass viele Menschen Kombucha-Extrakt als eine gesunde Erg\u00e4nzung ihrer Ern\u00e4hrung und als Teil ihres Lebensstils betrachten <\/span><span style=\"color: #202124;\">Stil, <\/span><span style=\"color: #202124; font-family: inherit;\">P<\/span>Wenn Sie erw\u00e4gen, Ihrer Ern\u00e4hrung Kombucha-Extrakt hinzuzuf\u00fcgen, ist es eine gute Idee, mit einer kleinen Menge (1 Teel\u00f6ffel pro Tag) zu beginnen und die Dosis nach einigen Tagen schrittweise zu erh\u00f6hen.<\/span><\/p>\n<p><span class=\"s1\">Kombucha-Extrakt ist auch f\u00fcr Kinder ab 3 Jahren geeignet.<\/span><\/p>\n<h5 class=\"p1\"><span class=\"s1\"><b>ZUSAMMENSETZUNG <\/b><\/span><strong>zur Nahrungserg\u00e4nzung (Kombucha-Extrakt):<\/strong><\/h5>\n<p><span class=\"s1\">Paket beinhaltet: <b>300 ml Extrakt<\/b>, was entspricht <b>9 Liter Kombucha-Tee<\/b>. <\/span><span class=\"s1\">Kombucha-Extrakt ist <b>100% natur <\/b>und enth\u00e4lt keine k\u00fcnstlichen Aromen oder S\u00fc\u00dfstoffe, Konservierungsmittel, Zucker, St\u00e4rke, Milch, Laktose, Soja, Eier, Glutamat, Weizen, Hefe, Magnesiumstearat oder GVO. <b><span style=\"color: #202124; font-family: inherit;\"><strong>TIPP<\/strong>: <\/span><\/b><span style=\"color: #202124; font-family: inherit;\">Wussten Sie, dass Sie Kombucha-Extrakt nicht nur trinken m\u00fcssen, sondern<\/span><b><span style=\"color: #202124; font-family: inherit;\"><strong> Sie k\u00f6nnen es zu Ihren Lieblingsgerichten hinzuf\u00fcgen <\/strong><\/span><\/b><span style=\"color: #202124; font-family: inherit;\">(ins Fr\u00fchst\u00fccksbrei, Joghurt, H\u00fcttenk\u00e4se oder Sie k\u00f6nnen es sogar \u00fcber Ihr Lieblingsdessert gie\u00dfen)? So genie\u00dfen Sie es noch mehr und k\u00f6nnen gleichzeitig etwas Gutes f\u00fcr sich tun.<\/span><\/span><\/p>\n<h5 class=\"p1\"><span class=\"s1\"><b>LAGERUNG <\/b><\/span><strong>zur Nahrungserg\u00e4nzung (Kombucha-Extrakt):<\/strong><\/h5>\n<p>Trocken und bei Raumtemperatur lagern. Vor Frost sch\u00fctzen. Nicht direkter Sonneneinstrahlung aussetzen. Au\u00dferhalb der Reichweite von Kindern aufbewahren.<\/p>\n<h5><strong>WARNUNG zum Nahrungserg\u00e4nzungsmittel (Kombucha-Extrakt):<\/strong><\/h5>\n<p><span class=\"s1\">Farbe, Geschmack und Dichte k\u00f6nnen sich bis hin zu einer leicht kristallinen Form ver\u00e4ndern, was jedoch keinen Einfluss auf die Qualit\u00e4t des Extrakts hat. <\/span>Wenn Sie schwanger sind, stillen oder Medikamente einnehmen, konsultieren Sie vor der Anwendung Ihren Arzt. Nicht anwenden bei bekannter \u00dcberempfindlichkeit gegen einen Bestandteil des Produktes.<\/p>","protected":false},"excerpt":{"rendered":"<p><strong>Kombucha-Extrakt<\/strong> wird aus Kombucha-Tee hergestellt, einem fermentierten probiotischen Getr\u00e4nk aus gr\u00fcnem oder schwarzem Tee. Es wird seit Jahrhunderten verwendet, um <b>Entgiftung und Leberreinigung. <\/b>Die in Kombucha enthaltene Glucurons\u00e4ure spielt eine Schl\u00fcsselrolle im Entgiftungsprozess der Leber.<\/p>\n<p><strong><i>Kombucha ist ein hochgesch\u00e4tztes, nat\u00fcrlich fermentiertes Produkt, das f\u00fcr sein reichhaltiges bioaktives Profil bekannt ist.<\/i><\/strong><\/p>\n<p><strong>Kombucha-Extrakt<\/strong> enth\u00e4lt <b>Mineralien<\/b>: Magnesium, Kalzium, Zink, Eisen, Kupfer, Mangan usw., <b>Vitamine<\/b>: B1, B2, B3, B5, B6, C und einzigartig <b>Kombination organischer S\u00e4uren<\/b>Enth\u00e4lt Glucons\u00e4ure und Glucurons\u00e4ure. Enth\u00e4lt keine k\u00fcnstlichen Aromen, S\u00fc\u00dfstoffe, Konservierungsstoffe, Zucker, St\u00e4rke, Milch, Laktose, Soja, Ei, Glutamat, Weizen, Hefe oder Magnesiumstearat. <b>Gentechnikfrei<\/b>.<\/p>","protected":false},"featured_media":6013,"comment_status":"open","ping_status":"closed","template":"","meta":[],"product_brand":[58],"product_cat":[15,25,26,201,79,80,81,77,32,33],"product_tag":[],"class_list":{"0":"post-5970","1":"product","2":"type-product","3":"status-publish","4":"has-post-thumbnail","6":"product_brand-for-a-long-life","7":"product_cat-detoxikace","8":"product_cat-hubnuti","9":"product_cat-imunita","10":"product_cat-lymfa","11":"product_cat-ocista-jater","12":"product_cat-prevence","13":"product_cat-regenerace","14":"product_cat-zdravi-deti","15":"product_cat-zdravi-muze","16":"product_cat-zdravi-zeny","18":"first","19":"instock","20":"taxable","21":"shipping-taxable","22":"purchasable","23":"product-type-simple"},"_links":{"self":[{"href":"https:\/\/www.linie4life.com\/at\/wp-json\/wp\/v2\/product\/5970","targetHints":{"allow":["GET"]}}],"collection":[{"href":"https:\/\/www.linie4life.com\/at\/wp-json\/wp\/v2\/product"}],"about":[{"href":"https:\/\/www.linie4life.com\/at\/wp-json\/wp\/v2\/types\/product"}],"replies":[{"embeddable":true,"href":"https:\/\/www.linie4life.com\/at\/wp-json\/wp\/v2\/comments?post=5970"}],"version-history":[{"count":9,"href":"https:\/\/www.linie4life.com\/at\/wp-json\/wp\/v2\/product\/5970\/revisions"}],"predecessor-version":[{"id":17388,"href":"https:\/\/www.linie4life.com\/at\/wp-json\/wp\/v2\/product\/5970\/revisions\/17388"}],"wp:featuredmedia":[{"embeddable":true,"href":"https:\/\/www.linie4life.com\/at\/wp-json\/wp\/v2\/media\/6013"}],"wp:attachment":[{"href":"https:\/\/www.linie4life.com\/at\/wp-json\/wp\/v2\/media?parent=5970"}],"wp:term":[{"taxonomy":"product_brand","embeddable":true,"href":"https:\/\/www.linie4life.com\/at\/wp-json\/wp\/v2\/product_brand?post=5970"},{"taxonomy":"product_cat","embeddable":true,"href":"https:\/\/www.linie4life.com\/at\/wp-json\/wp\/v2\/product_cat?post=5970"},{"taxonomy":"product_tag","embeddable":true,"href":"https:\/\/www.linie4life.com\/at\/wp-json\/wp\/v2\/product_tag?post=5970"}],"curies":[{"name":"wp","href":"https:\/\/api.w.org\/{rel}","templated":true}]}}