{"id":5971,"date":"2025-03-20T16:10:44","date_gmt":"2025-03-20T15:10:44","guid":{"rendered":"https:\/\/www.linie4life.com\/?post_type=product&#038;p=5971"},"modified":"2026-04-13T16:37:29","modified_gmt":"2026-04-13T14:37:29","slug":"naturliches-nahrungserganzungsmittel-zur-gewichtsabnahme-und-fur-eine-bessere-stimmung-grun","status":"publish","type":"product","link":"https:\/\/www.linie4life.com\/at\/obchod\/prirodni-doplnek-na-hubnuti-a-naladu-make-u-happy-green\/","title":{"rendered":"MAKE U HAPPY GREEN Detox Abnehmen Lebensfreude 250 g 30 Tage 250 g 30 Tage"},"content":{"rendered":"<h2 class=\"p1\">MAKE U HAPPY + 100% Nat\u00fcrliches Getr\u00e4nk aus Gem\u00fcse, Fr\u00fcchten und Kr\u00e4utern<\/h2>\n<p class=\"p1\"><strong>Es kann ihnen helfen, schwierige Zeiten zu bew\u00e4ltigen.<\/strong><\/p>\n<p class=\"p1\">Ich wei\u00df aus eigener Erfahrung, dass<strong> Es unterdr\u00fcckt den Hunger, f\u00f6rdert einen besseren und erholsameren Schlaf und vermittelt inneren Frieden. <\/strong>MIT<span class=\"s1\">Mein Appetit nahm ab und ich h\u00f6rte auf, Nahrungsmittel zu essen, die nur leere Kalorien enthalten.<\/span><strong><span class=\"s1\">Sie k\u00f6nnen weniger salzige, s\u00fc\u00dfe und ungesunde Lebensmittel essen und Ihr K\u00f6rpergewicht halten.\u00a0<\/span><\/strong>Gleichzeitig <b>macht nicht s\u00fcchtig<\/b> a <b>belastet nicht<\/b> also dein <b>K\u00f6rper mit unn\u00f6tigen Chemikalien.<\/b><\/p>\n<p>Lesen Sie meine <strong>TIPPS<\/strong><strong> UND EMPFEHLUNGEN f\u00fcr KINDER und STUDENTEN <\/strong>und meine <strong>PERS\u00d6NLICHE ERFAHRUNG <\/strong>und vielleicht finden Sie dadurch die Antworten auf die Fragen, die Sie suchen.<\/p>\n<h2>Was ist MAKE U HAPPY und ist es wirklich frei von Chemikalien?<\/h2>\n<p>Eine Mischung aus Bio-Obst-, Gem\u00fcse- und Kr\u00e4uterextrakten. Ja, Make U Happy wird ausschlie\u00dflich aus nat\u00fcrlichen Zutaten hergestellt. Es ist auch f\u00fcr Menschen mit Laktoseintoleranz, Kaseinallergie, Histaminallergie und Glutenallergie geeignet. Auch Vegetarier, Veganer und Menschen mit einem anderen Lebensstil sch\u00e4tzen es. Aus eigener Erfahrung wei\u00df ich, dass es h\u00e4ufig w\u00e4hrend der Entgiftung und beim Fasten verwendet wird, wenn die Nahrungsaufnahme nicht ausreicht und man sich m\u00fcde und energielos f\u00fchlt.<\/p>\n<p><span class=\"s1\"><b>Nicht jeder Mensch ern\u00e4hrt sich ausreichend mit Fleisch, unser K\u00f6rper muss auch Aminos\u00e4uren wie L-Tryptophan \u00fcber die Nahrung aufnehmen. <\/b>Diese essentielle Aminos\u00e4ure ist in gro\u00dfen Mengen in Fleisch enthalten und unser K\u00f6rper kann sie nicht selbst produzieren. Daher m\u00fcssen wir sie \u00fcber die Nahrung aufnehmen. Sie spielt eine wichtige Rolle bei der Synthese von Serotonin, einem Neurotransmitter, der oft mit Gl\u00fccksgef\u00fchlen und Wohlbefinden in Verbindung gebracht wird. <strong>Diese Aminos\u00e4ure kommt in gr\u00f6\u00dferen Mengen in Fleisch vor.<\/strong> <strong>Leider kommt es nach dem Verzehr von Fleisch sehr h\u00e4ufig vor, dass wir uns \u201eschwer\u201c f\u00fchlen.<\/strong>. <\/span><span class=\"Y2IQFc\" lang=\"cs\">Der K\u00f6rper nutzt L-Tryptophan, das \u00fcber die Nahrung und aus Proteinen, haupts\u00e4chlich aus Fleisch, gewonnen wird, als Vorstufe f\u00fcr die Serotoninsynthese. Der Verzehr von L-Tryptophan-reichen Lebensmitteln kann m\u00f6glicherweise zu einem erh\u00f6hten Serotoninspiegel im Gehirn f\u00fchren. <span class=\"s1\">Manchmal spielen ethische Gr\u00fcnde eine Rolle, jeder empfindet es anders, beides ist nicht falsch, es ist eine Frage des Lebensstils. Die L\u00f6sung w\u00e4re, viel Rohkost zu konsumieren, aber das ist nicht f\u00fcr jeden akzeptabel und in den meisten F\u00e4llen unrealistisch. <\/span><\/span><\/p>\n<p><span class=\"Y2IQFc\" lang=\"cs\"><span class=\"s1\">Wie <strong>Quelle<\/strong><\/span><\/span><span class=\"Y2IQFc\" lang=\"cs\"><strong> L-Tryptophan ist in proteinreichen Lebensmitteln wie Gefl\u00fcgel, magerem Fleisch, Fisch, Eiern, Milchprodukten, N\u00fcssen und Samen enthalten.<\/strong> <\/span><span class=\"Y2IQFc\" lang=\"cs\">W\u00e4hrend die Ern\u00e4hrung allein keine professionelle psychiatrische Behandlung ersetzen kann, kann eine ausgewogene Ern\u00e4hrung mit viel L-Tryptophan zum allgemeinen emotionalen Wohlbefinden beitragen. <\/span><span class=\"Y2IQFc\" lang=\"cs\">Es ist wichtig zu beachten, dass der Zusammenhang zwischen L-Tryptophan-Aufnahme, Serotoninproduktion und Stimmung komplex ist und von Person zu Person variiert. Viele Faktoren, darunter Genetik, Ern\u00e4hrung und Lebensstil, beeinflussen, wie sich L-Tryptophan auf den emotionalen Zustand eines Menschen auswirkt. <\/span><span class=\"Y2IQFc\" lang=\"cs\">Eine ausgewogene Ern\u00e4hrung mit einer Vielzahl von N\u00e4hrstoffen kann die Serotoninproduktion f\u00f6rdern, aber auch zum allgemeinen k\u00f6rperlichen und geistigen Wohlbefinden beitragen. <strong>Eine abwechslungsreiche Ern\u00e4hrung mit viel Obst, Gem\u00fcse, Vollkornprodukten, magerem Eiwei\u00df und gesunden Fetten kann dazu beitragen, ein stabiles Energieniveau aufrechtzuerhalten, Stimmungsschwankungen zu reduzieren und eine positive Lebenseinstellung zu f\u00f6rdern. <\/strong><\/span><span class=\"Y2IQFc\" lang=\"cs\">Obwohl die Ern\u00e4hrung Ihre Stimmung und Ihr Wohlbefinden beeinflussen kann, ist es wichtig, sich daran zu erinnern, dass psychische Gesundheit ein komplexes Thema ist. Wenn Sie mit anhaltenden Gef\u00fchlen von Ungl\u00fcck, Depression oder Angstzust\u00e4nden zu k\u00e4mpfen haben, ist es wichtig, professionelle Hilfe in Anspruch zu nehmen.<\/span><\/p>\n<p>&nbsp;<\/p>\n<p><b>WAS GENAU BEWIRKT DAS IN MEINEM K\u00d6RPER?<\/b><\/p>\n<p>Fast jeder wei\u00df, dass das Fr\u00fchst\u00fcck die wichtigste Mahlzeit des Tages ist. Deshalb ist es so wichtig, dass die erste Mahlzeit, die wir zu uns nehmen, so nahrhaft wie m\u00f6glich ist. Make U Happy kann eine schnelle L\u00f6sung sein, wenn man in Eile ist, morgens wenig Zeit hat und seinem K\u00f6rper nur das Beste geben m\u00f6chte. Dank Make U Happy habe ich keinen Hunger, esse kleinere Portionen, mein Blutzuckerspiegel schwankt nicht mehr und ich f\u00fchle mich wohl. Und ich wei\u00df, dass ich meinem K\u00f6rper nur nat\u00fcrliche Zutaten ohne chemische Zus\u00e4tze zuf\u00fchre.<\/p>\n<p>&nbsp;<\/p>\n<p><b>WIE NEHME ICH AB, WENN ICH MAKE U HAPPY VERWENDE?<\/b><\/p>\n<p>Durch die Einnahme von Make U Happy kann auch Ihr Appetit reduziert werden und Sie k\u00f6nnen Hei\u00dfhunger auf Lebensmittel vermeiden, die sogenannte leere Kalorien enthalten, die unserem K\u00f6rper nichts bringen, aber unser K\u00f6rper speichert sie als Fett und Ihre Kleidung wird immer enger. Dank Make U Happy k\u00f6nnen Sie weniger salzige, s\u00fc\u00dfe und ungesunde Lebensmittel essen. Ich spreche aus eigener Erfahrung. Sie k\u00f6nnen Ihren Hunger und unkontrollierbare Hei\u00dfhungerattacken besser kontrollieren. Das merkt man auch an Ihrer Kleidung: Sie wird einfach lockerer und es lohnt sich :-)<\/p>\n<p>&nbsp;<\/p>\n<p><b>WERDE ICH BESSER SCHLAFEN?<\/b><\/p>\n<p>Aus eigener Erfahrung kann ich sagen, dass ich in den ersten Tagen keine gro\u00dfe Ver\u00e4nderung sp\u00fcrte. Bei mir trat sie erst nach zwei bis drei Wochen ein. Die Arbeitsbelastung und der Mangel an Ruhe k\u00f6nnten ebenfalls eine Rolle gespielt haben. Durch die Anwendung von Make U Happy verbesserte sich mein Schlaf allm\u00e4hlich und ich f\u00fchlte mich ausgeruhter.<\/p>\n<p>&nbsp;<\/p>\n<p><b>WIE LANGE SOLLTE ICH MAKE U HAPPY VERWENDEN?<\/b><\/p>\n<p>Make U Happy kann langfristig verwendet werden. Es liegt an Ihnen, wie lange Sie es verwenden m\u00f6chten.<\/p>\n<p><b>HAT MAKE YOU HAPPY NEBENWIRKUNGEN?<\/b><\/p>\n<p>Make U Happy hat keine bekannten Nebenwirkungen.<\/p>\n<p><b>WIE LANGE DAUERT ES, BIS ICH EINE VER\u00c4NDERUNG SP\u00dcRE?<\/b><\/p>\n<p>Normalerweise dauert es etwa 6\u20138 Tage, bis Sie die ersten Ver\u00e4nderungen sp\u00fcren, aber jeder Mensch ist anders und manche sehen die ersten Ver\u00e4nderungen schon nach wenigen Tagen.<\/p>\n<p>&nbsp;<\/p>\n<p><strong>PERS\u00d6NLICHE ERFAHRUNG: <\/strong>Ich benutze Make U Happy schon seit langer Zeit.<strong>.<\/strong> Besonders im Herbst und Winter, wenn die Tage k\u00fcrzer werden und mir die Energie ausgeht und es an Sonnenlicht mangelt, greife ich gerne danach. Ich leide nicht an Herbstdepressionen, aber manchmal kommt die Milz und hilft mir, diese Zeit zu \u00fcberwinden. Der Grund ist,<strong> f\u00fcr mich war es, meine Schlafqualit\u00e4t zu verbessern und meinen Blutzuckerspiegel nicht schwanken zu lassen, <\/strong>um nicht an Hypoglyk\u00e4mie zu leiden <strong>\u00a0und sie hatte keinen unkontrollierten Appetit, <\/strong>wie es fr\u00fcher oft der Fall war und <strong>Ich war am Verhungern, wenn ich aufgrund meiner Pflichten tags\u00fcber keine Zeit zum Essen hatte.<\/strong>Ich arbeite seit \u00fcber 25 Jahren im Bereich Ern\u00e4hrung und wei\u00df, dass eine regelm\u00e4\u00dfige und abwechslungsreiche Ern\u00e4hrung ideal ist, aber manchmal klappt es einfach nicht.<strong>. Pers\u00f6nlich habe ich das Gef\u00fchl, dass ich vor allem nachmittags nicht mehr \u201eklatsche\u201c und meinen Appetit unter Kontrolle habe :-) und ich bin nicht mehr so hungrig und mein Gewicht h\u00e4lt sich bei +\/- 1 kg und dank dessen f\u00fchle ich mich innerlich zufrieden, es geht mir gut :-) und die innere Ruhe ist es mir wirklich wert.<\/strong><\/p>\n<p>&nbsp;<\/p>\n<p><strong>TIPPS UND EMPFEHLUNGEN f\u00fcr KINDER und SCH\u00dcLER:<\/strong> \u00a0Make U Happy begann im Sommer morgens zu trinken <strong>Meine 13-j\u00e4hrige Tochter. Schon nach wenigen Tagen bemerkte sie Ver\u00e4nderungen. Sie hatte nicht mehr so eine Naschsucht, war ruhiger, lie\u00df sich nicht mehr so ablenken, konnte sich besser konzentrieren und als Bonus nahm sie ab.<\/strong> <strong>Zuerst musste ich ihr buchst\u00e4blich \u201ehinterherjagen\u201c.<\/strong> und zu \u00fcberzeugen und zu erkl\u00e4ren, <strong>um es dir morgen fr\u00fch zu geben.<\/strong> Ich verstehe sie tats\u00e4chlich, <strong>sie wusste nicht, wie sich alles relativ schnell zum Besseren wenden k\u00f6nnte<\/strong>Als Studentin ist ihr Morgen hektisch und sie hat einfach keine Zeit, daher war ein schnelles Fr\u00fchst\u00fcck f\u00fcr sie oft ein Problem oder sie lie\u00df es ausfallen, weil sie keine Zeit daf\u00fcr hatte. <strong>Der Unterschied zwischen vor und nach den Ferien besteht darin, dass sie sich jetzt morgens vornimmt, Make U Happy zu machen, wei\u00df, dass die Zubereitung nur eine Minute dauert und sich gut f\u00fchlt, ruhig zur Schule geht, genug Energie hat und sich auf ihr Studium konzentrieren kann und ihr unkontrollierter Hei\u00dfhunger auf S\u00fc\u00dfigkeiten aufgeh\u00f6rt hat.<\/strong><\/p>\n<p>&nbsp;<\/p>\n<hr \/>\n<h5 class=\"p1\"><span class=\"s1\"><b>DOSIERUNG <\/b><\/span><strong>zur Nahrungserg\u00e4nzung (Make U Happy GREEN):<\/strong><\/h5>\n<p><span class=\"s2\">1x t\u00e4glich auf n\u00fcchternen Magen <\/span><span class=\"s2\">1 Essl\u00f6ffel (7\u20138 g) in lauwarmem Wasser (250\u2013300 ml) aufgel\u00f6st.<\/span><span class=\"s1\">Um eine maximale Wirkung zu erzielen, ist es notwendig, vor dem Essen (oder Trinken) mindestens weitere 20-30 Minuten zu warten.\u00a0<\/span>au\u00dfer Wasser). <b>Packung 250 g (30-Tage-Kur).<\/b><\/p>\n<h5 class=\"p1\"><span class=\"s1\"><b>ZUSAMMENSETZUNG <\/b><\/span><strong>f\u00fcr Nahrungserg\u00e4nzungsmittel (Make U Happy <\/strong><strong>GR\u00dcN<\/strong><strong>):<\/strong><\/h5>\n<p><strong>MAKE U HAPPY GREEN<\/strong> ist ein rein pflanzliches Produkt bestehend aus: Amaranth, Quinoa, Karotten (17 %), Chlorella, Fenchel (3 %), Anis (1,8 %), Wermut, Rote Bete (1,4 %), Wacholderbeeren (1 %), Schafgarbe (1 %), Kreuzk\u00fcmmel (1 %), Gr\u00fcnteeflocken, Basilikum (1 %), L\u00f6wenzahnbl\u00e4tter (0,8 %), Koriander (0,6 %), Zitronenmelisse (0,6 %), Kamille, Holunderbeersaft (0,4 %), Brombeerbl\u00e4tter (0,4 %), Wermut Estragon (0,4 %), Rosmarin (0,4 %), Salbei (0,4 %), Brennnessel (0,4 %), Thymian, Pfefferminze (0,4 %), Rooibos, S\u00fc\u00dfholz, B\u00e4rlauch, Schwarzk\u00fcmmel (0,2 %), Gew\u00fcrznelken (0,2 %), Piment, Spitzwegerich (0,2 %), Kreuzk\u00fcmmel (0,2 %).<\/p>\n<h5 class=\"p1\"><span class=\"s1\"><b>LAGERUNG <\/b><\/span><strong>zur Nahrungserg\u00e4nzung (Make U Happy GREEN):<\/strong><\/h5>\n<p>Trocken und bei Raumtemperatur lagern. Vor Frost sch\u00fctzen. Nicht direkter Sonneneinstrahlung aussetzen. Au\u00dferhalb der Reichweite von Kindern aufbewahren.<\/p>\n<h5><strong>WARNUNG zum Nahrungserg\u00e4nzungsmittel (Make U Happy GREEN):<\/strong><\/h5>\n<p>Es handelt sich nicht um ein Arzneimittel und ersetzt keine abwechslungsreiche Ern\u00e4hrung. Wenn Sie schwanger sind, stillen oder Medikamente einnehmen, konsultieren Sie vor der Anwendung Ihren Arzt. Nicht anwenden bei bekannter \u00dcberempfindlichkeit gegen einen der Inhaltsstoffe.<\/p>","protected":false},"excerpt":{"rendered":"<h2>F\u00f6rdert Leichtigkeit, Stimmung und Stoffwechselgleichgewicht<\/h2>\n<p><strong>MAKE U HAPPY GREEN<\/strong> ist ein nat\u00fcrliches Nahrungserg\u00e4nzungsmittel mit einer Kombination aus Pflanzenextrakten und Wirkstoffen, die in <strong>Pflege des psychischen Wohlbefindens, des inneren Gleichgewichts, der Gewichtskontrolle und der Kontrolle ungesunder Gel\u00fcste<\/strong>. Die Formel wurde f\u00fcr Momente entwickelt, in denen Sie sich k\u00f6rperlich und geistig leichter f\u00fchlen m\u00f6chten, ohne dabei die Kontrolle \u00fcber Ihren Alltag zu verlieren. Das Produkt eignet sich ideal f\u00fcr einen Lebensstil, der auf Ausgeglichenheit, Energie und eine positive Lebenseinstellung setzt \u2013 ganz ohne extreme Eingriffe. MAKE U HAPPY GREEN vereint einen funktionalen Ansatz mit einer Leichtigkeit, die K\u00f6rper und Geist Raum f\u00fcr ein nat\u00fcrliches Zusammenspiel gibt.<\/p>\n<p><em><strong>MAKE U HAPPY GREEN \u2013 f\u00fcr ein leichteres K\u00f6rpergef\u00fchl und einen ruhigeren Geist. Beginnen Sie mit einer Balance, die Sie jeden Tag unterst\u00fctzt.<\/strong><\/em><\/p>","protected":false},"featured_media":6033,"comment_status":"open","ping_status":"closed","template":"","meta":[],"product_brand":[58],"product_cat":[15,25,23,201,80,78,81,29,31,77,32,33],"product_tag":[],"class_list":{"0":"post-5971","1":"product","2":"type-product","3":"status-publish","4":"has-post-thumbnail","6":"product_brand-for-a-long-life","7":"product_cat-detoxikace","8":"product_cat-hubnuti","9":"product_cat-krasa","10":"product_cat-lymfa","11":"product_cat-prevence","12":"product_cat-psychika","13":"product_cat-regenerace","14":"product_cat-spanek-a-uzkost","15":"product_cat-zdrave-zazivani","16":"product_cat-zdravi-deti","17":"product_cat-zdravi-muze","18":"product_cat-zdravi-zeny","20":"first","21":"instock","22":"taxable","23":"shipping-taxable","24":"purchasable","25":"product-type-simple"},"_links":{"self":[{"href":"https:\/\/www.linie4life.com\/at\/wp-json\/wp\/v2\/product\/5971","targetHints":{"allow":["GET"]}}],"collection":[{"href":"https:\/\/www.linie4life.com\/at\/wp-json\/wp\/v2\/product"}],"about":[{"href":"https:\/\/www.linie4life.com\/at\/wp-json\/wp\/v2\/types\/product"}],"replies":[{"embeddable":true,"href":"https:\/\/www.linie4life.com\/at\/wp-json\/wp\/v2\/comments?post=5971"}],"version-history":[{"count":8,"href":"https:\/\/www.linie4life.com\/at\/wp-json\/wp\/v2\/product\/5971\/revisions"}],"predecessor-version":[{"id":17389,"href":"https:\/\/www.linie4life.com\/at\/wp-json\/wp\/v2\/product\/5971\/revisions\/17389"}],"wp:featuredmedia":[{"embeddable":true,"href":"https:\/\/www.linie4life.com\/at\/wp-json\/wp\/v2\/media\/6033"}],"wp:attachment":[{"href":"https:\/\/www.linie4life.com\/at\/wp-json\/wp\/v2\/media?parent=5971"}],"wp:term":[{"taxonomy":"product_brand","embeddable":true,"href":"https:\/\/www.linie4life.com\/at\/wp-json\/wp\/v2\/product_brand?post=5971"},{"taxonomy":"product_cat","embeddable":true,"href":"https:\/\/www.linie4life.com\/at\/wp-json\/wp\/v2\/product_cat?post=5971"},{"taxonomy":"product_tag","embeddable":true,"href":"https:\/\/www.linie4life.com\/at\/wp-json\/wp\/v2\/product_tag?post=5971"}],"curies":[{"name":"wp","href":"https:\/\/api.w.org\/{rel}","templated":true}]}}