{"id":5974,"date":"2025-03-20T16:10:44","date_gmt":"2025-03-20T15:10:44","guid":{"rendered":"https:\/\/www.linie4life.com\/?post_type=product&#038;p=5974"},"modified":"2026-04-14T14:08:47","modified_gmt":"2026-04-14T12:08:47","slug":"naturliches-mineralstoffpraparat-mitracell","status":"publish","type":"product","link":"https:\/\/www.linie4life.com\/at\/obchod\/prirodni-mineralni-doplnek-mitracell\/","title":{"rendered":"MITRACELL 80 Mineralien aus Paraguay f\u00fcr Energie und Immunit\u00e4t 60 Kapseln 30 Tage"},"content":{"rendered":"<h2>Mineralien und Spurenelemente aus Paraguay<\/h2>\n<p><span style=\"font-weight: 400;\">Steinmehl <\/span><strong><i>MITRACELL<\/i><\/strong><span style=\"font-weight: 400;\"> ist reich an <\/span><b>Mineralien und Spurenelemente<\/b><span style=\"font-weight: 400;\"> gewonnen aus einem einzigartigen Stein aus dem paraguayischen Dschungel. <strong>Mineralien sind wichtig f\u00fcr den menschlichen K\u00f6rper<\/strong> <\/span><b>und verschiedene Lebensprozesse<\/b><span style=\"font-weight: 400;\"> Von der Knochen- und Zahnbildung bis hin zu einer normalen Funktion des Verdauungssystems, Ihr <strong>das Herz bekommt die Energie, die es braucht.<\/strong><\/span><\/p>\n<p><strong>Mineralien<\/strong><strong style=\"font-weight: 400;\"> sind N\u00e4hrstoffe f\u00fcr Zellen<\/strong>, <strong>aus<\/strong><b>Die Grundbausteine unseres K\u00f6rpers sind Mineralstoffe und Spurenelemente. <\/b><span style=\"font-weight: 400;\">Sie wurden von Schamanen verwendet, <\/span><span style=\"font-weight: 400;\">mitten im paraguayischen Dschungel, <\/span><span style=\"font-weight: 400;\">als die nat\u00fcrlichste und zug\u00e4nglichste Methode direkt aus der Natur, die sie vor mehreren Jahrzehnten entdeckten. <\/span><\/p>\n<p><strong>Der menschliche K\u00f6rper kann ohne Mineralien nicht gut funktionieren. Obwohl Mineralien nur etwa 31 % des K\u00f6rpergewichts ausmachen, kann der menschliche K\u00f6rper sie nicht \u201eproduzieren\u201c.<\/strong><\/p>\n<p><strong>EMPFEHLUNG: <\/strong>Nicht nur wir Menschen, sondern auch unsere Haustiere, Blumen, Kr\u00e4uter und Str\u00e4ucher ben\u00f6tigen Mineralien.<\/p>\n<p class=\"p1\" style=\"text-align: left;\"><span style=\"font-weight: 400;\">Ich berate seit \u00fcber 25 Jahren in den Bereichen Ern\u00e4hrung und Gesundheit und wei\u00df, dass <strong>Es ist unm\u00f6glich, eine ausgewogene Ern\u00e4hrung mit 100 % aufrechtzuerhalten<\/strong> und deshalb <strong>Ich verwende diese Mineralien selbst.<\/strong><\/span><\/p>\n<p><span class=\"s1\">Angemessen <strong>f\u00fcr Veganer, Vegetarier, Laktoseintoleranz, Histaminintoleranz, Allergie gegen Kuheiwei\u00df - Casein, Z\u00f6liakie, aber auch Fasten, Gewichtsabnahme, in Zeiten erh\u00f6hten Mineralstoffbedarfs - Zivilisationskrankheiten, Stress, Winterzeit.<\/strong><\/span><\/p>\n<p><span class=\"s1\">Mineralstoff- und spurenelementreiches Steinmehl, gewonnen aus einem einzigartigen Stein aus dem paraguayischen Dschungel.<\/span><\/p>\n<p><span class=\"s1\"><strong>F\u00fcr unseren K\u00f6rper<\/strong> <strong>Ist<\/strong> daher<strong> am besten,<\/strong> gegen bestimmte Krankheiten, der beste Ansatz, <b>regelm\u00e4\u00dfige Einnahme ausreichender Mengen an Mineralien und antioxidantienreichen Lebensmitteln <\/b>in unserer Ern\u00e4hrung.<\/span><\/p>\n<p><strong>Eine ausgewogene und abwechslungsreiche Ern\u00e4hrung sollte den K\u00f6rper mit den notwendigen N\u00e4hrstoffen, Mineralien und Spurenelementen versorgen. Der heutige gesch\u00e4ftige und stressige Lebensstil erlaubt es uns nicht immer, die Grunds\u00e4tze der richtigen Ern\u00e4hrung zu befolgen, weshalb es notwendig ist <\/strong><b>Mineralien und Spurenelemente zur Erg\u00e4nzung<\/b>.<\/p>\n<p>Viele <b>Zivilisationskrankheiten<\/b> Ist <b>verursacht durch unzureichende Mengen an Mineralien aus der Nahrung und \u201eoxidativen Stress\u201c<\/b>, was das Ergebnis eines Ungleichgewichts zwischen der Produktion und der Neutralisierung freier Radikale ist. Freie Radikale entstehen im K\u00f6rper als Nebenprodukte des normalen Stoffwechsels aufgrund von Strahlung und bestimmten Umweltschadstoffen. Freie Radikale sind hochreaktiv, k\u00f6nnen Zellen sch\u00e4digen und sind an verschiedenen Krankheiten beteiligt. Freie Radikale werden normalerweise durch unser effizientes Stoffwechselsystem im K\u00f6rper neutralisiert, das folgendes enthalten muss: - Mineralien, von denen Sie wahrscheinlich nie geh\u00f6rt haben - Iridium, Mangan, Molybd\u00e4n, Bor, Selen, Ruthenium, Rhodium usw. Im menschlichen K\u00f6rper g\u00e4be es ein optimales Gleichgewicht zwischen freien Radikalen und Antioxidantien. Bei einigen pathologischen Zust\u00e4nden und bei schwerkranken Patienten f\u00fchren oxidativer Stress und langfristiger Mangel an Mineralstoffzufuhr dazu, dass der Antioxidantienspiegel unter den Normalwert f\u00e4llt.<\/p>\n<p>&nbsp;<\/p>\n<p><strong>VEGAN<\/strong><\/p>\n<p>Eine vegane oder streng vegetarische Ern\u00e4hrung schlie\u00dft alle tierischen Produkte aus, einschlie\u00dflich Eier, Milchprodukte und Honig. Einer der Hauptunterschiede zwischen einer veganen und einer typisch vegetarischen Ern\u00e4hrung ist der Verzicht auf Eier und Milchprodukte wie Milch, K\u00e4se, Butter und Joghurt. Veganer k\u00f6nnen einen besonders niedrigen Vitamin-B- und Kalziumspiegel haben, wenn sie nicht gen\u00fcgend Lebensmittel wie Kohl, Blattgem\u00fcse, Tempeh und Tofu (Soja) essen. Diese geringe Protein- und Kalziumaufnahme wird durch den Mangel an Milch, Eiern und Joghurt noch verst\u00e4rkt. Bei Vegetariern, die nicht gen\u00fcgend Blattgem\u00fcse essen, das eine reichliche Kalziumquelle darstellt, wurde eine beeintr\u00e4chtigte Knochenmineralisierung festgestellt.<\/p>\n<p><strong> Mineralstoffe und Spurenelemente k\u00f6nnen einer Unterversorgung mit den t\u00e4glichen N\u00e4hrstoffen in der Ern\u00e4hrung vorbeugen.<\/strong><\/p>\n<p>&nbsp;<\/p>\n<p><strong>VEGETARIER <\/strong><\/p>\n<p>Vegetarismus ist eine Ern\u00e4hrungsweise, die vollst\u00e4ndig auf den Verzehr von Fleisch (rotem Fleisch, Gefl\u00fcgel und Meeresfr\u00fcchten) verzichtet. Dazu kann auch der Verzicht auf Nebenprodukte wie tierisches Lab und Gelatine geh\u00f6ren. Vegetarische Ern\u00e4hrung ist typischerweise reich an Carotinoiden, aber relativ arm an Omega-3-Fetts\u00e4uren und Vitamin B12.<\/p>\n<p>Die Vorteile einer vegetarischen Ern\u00e4hrung sind bekannt und gut dokumentiert. Es ist jedoch wichtig, auch die m\u00f6glichen Nachteile dieser Ern\u00e4hrungsweise zu ber\u00fccksichtigen. Einer davon ist der Proteinmangel. Der Hauptgrund daf\u00fcr ist, dass Vegetarier kein Fleisch essen, welches in der menschlichen Ern\u00e4hrung die Hauptproteinquelle darstellt. Daher ist es wahrscheinlich, dass Vegetarier Schwierigkeiten haben, die empfohlene t\u00e4gliche Proteinmenge zu sich zu nehmen.<\/p>\n<p><strong>Mineralstoffe und Spurenelemente k\u00f6nnen einer Unterversorgung mit den t\u00e4glichen N\u00e4hrstoffen in der Ern\u00e4hrung vorbeugen.<\/strong><\/p>\n<p>&nbsp;<\/p>\n<p><strong>LAKTOSEINTOLERANZ<\/strong><\/p>\n<p>Wenn Sie an Laktoseintoleranz oder einer erh\u00f6hten Milchunvertr\u00e4glichkeit leiden, m\u00fcssen Sie Ihre Essgewohnheiten \u00e4ndern. Das ist eine gro\u00dfe Umstellung f\u00fcr Ihren K\u00f6rper. Keine Milch, kein Joghurt, kein K\u00e4se, keine cremigen So\u00dfen. Leider bedeutet das auch, dass Ihrem K\u00f6rper nicht gen\u00fcgend Kalzium und andere wichtige Mineralien und Spurenelemente zur Verf\u00fcgung stehen.<\/p>\n<p><strong>Mineralstoffe und Spurenelemente k\u00f6nnen einer Unterversorgung mit den t\u00e4glichen N\u00e4hrstoffen in der Ern\u00e4hrung vorbeugen.<\/strong><\/p>\n<p>&nbsp;<\/p>\n<p><strong>KNOCHEN UND Z\u00c4HNE<\/strong><\/p>\n<p>Wenn die Knochen d\u00fcnner werden, was zu einem erh\u00f6hten Risiko von Knochenbr\u00fcchen f\u00fchrt, nimmt die Mineraldichte in den Knochen ab, die Mikroarchitektur der Knochen verschlechtert sich und die Menge und Vielfalt der Proteine in den Knochen ver\u00e4ndert sich. Auch unsere Z\u00e4hne m\u00fcssen gesch\u00fctzt und rechtzeitig gepflegt werden. Wir k\u00f6nnen einen Teil davon durch Ern\u00e4hrung und Lebensstil, einschlie\u00dflich Bewegung, beeinflussen. Mit zunehmendem Alter empfehle ich, unseren K\u00f6rper mit den notwendigen Mineralstoffen und Spurenelementen sowie Vitamin D3 zu versorgen.<\/p>\n<p>&nbsp;<\/p>\n<p><strong>Worauf ist bei der Auswahl zu achten?<\/strong> Sind 100 % in Chelatform nat\u00fcrlich, vom menschlichen K\u00f6rper gut aufnehmbar?<\/p>\n<p>&nbsp;<\/p>\n<hr \/>\n<h5 class=\"p5\"><span class=\"s1\"><b>ZUSAMMENSETZUNG <\/b><\/span><strong><span class=\"s1\">f\u00fcr Nahrungserg\u00e4nzungsmittel (Mitracell):<\/span><\/strong><\/h5>\n<p><strong>MITRACELL <span class=\"s1\">enth\u00e4lt insgesamt 80 Mineralien. Was sind das <b>35 wichtigsten<\/b>? <\/span><\/strong>Zink, Chrom, Molybd\u00e4n, Calcium, Eisen, Kalium, Siliciumdioxid, Natrium, Phosphor, Mangan, Kupfer, Nickel, Kobalt, Bor, Magnesium, Vanadium, Jod, Schwefel, Selen, Lithium, Rubidium, Zinn, Ruthenium, Rhodium, Silber, Iridium, Indium, Platin, Barium, Carbon Organic (organischer Kohlenstoff), Stickstoff, Gallium, Lanthan, Samarium, Wolfram, Calcium (Kalzium) aus Korallen, vegane Kapsel.<\/p>\n<p><strong>Ich empfehle die Lekt\u00fcre von Fachpublikationen, in denen Sie mehr \u00fcber einzelne Mineralien erfahren k\u00f6nnen, wie zum Beispiel diese:<\/strong><\/p>\n<p>&nbsp;<\/p>\n<p><span class=\"s1\"><b>1. Zink<\/b><\/span><\/p>\n<p><span class=\"s1\">Es ist ein wichtiger Bestandteil des Immunsystems und hilft bei der Bek\u00e4mpfung von Infektionen.<\/span><\/p>\n<h5><b style=\"color: #666666; font-size: 14px;\">2. Chrom<\/b><\/h5>\n<p><span class=\"s1\">Es hilft, den Blutzuckerspiegel zu kontrollieren und wandelt Proteine, Kohlenhydrate und Fette in Energie um. Es tr\u00e4gt auch zum Aufbau von Muskelmasse bei und reduziert gleichzeitig das Gewicht.<\/span><\/p>\n<p><b>3. Molybd\u00e4n<\/b><\/p>\n<p><span class=\"s1\">Molybd\u00e4n ist ein essentielles Mineral f\u00fcr die ordnungsgem\u00e4\u00dfe Funktion von Enzymen und tr\u00e4gt zur Verbesserung der Durchblutung bei.<\/span><\/p>\n<p><span class=\"s1\"><b>4. Kalzium<\/b><\/span><\/p>\n<p><span class=\"s1\">Calcium ist ein anorganisches Mineral, das nicht in Kuhmilch vorkommt. Es ist das wertvollste Mineral in unserem K\u00f6rper und kommt haupts\u00e4chlich in Knochen und Z\u00e4hnen vor. Es tr\u00e4gt zum normalen Energiestoffwechsel, K\u00f6rpergewicht, Muskelfunktion, Nervensystem und Verdauungsenzymfunktion bei. Calcium ist wichtig f\u00fcr die Erhaltung normaler Knochen und Z\u00e4hne.<\/span><\/p>\n<p><span class=\"s1\"><b>5. Eisen<\/b><\/span><\/p>\n<p><span class=\"s1\">Es tr\u00e4gt zur normalen Produktion roter Blutk\u00f6rperchen und H\u00e4moglobin bei, hilft M\u00fcdigkeit und Ersch\u00f6pfung zu reduzieren und tr\u00e4gt zu einer normalen Funktion des Immunsystems bei.<\/span><\/p>\n<p><span class=\"s1\"><b>6. Kalium<\/b><\/span><\/p>\n<p><span class=\"s1\">Es tr\u00e4gt zur normalen Funktion des Nervensystems, zur ordnungsgem\u00e4\u00dfen Funktion der Muskeln und zur Aufrechterhaltung eines normalen Blutdrucks bei.<\/span><\/p>\n<p><span class=\"s1\"><b>7. Silizium<\/b><\/span><\/p>\n<p><span class=\"s1\">Es ist wichtig f\u00fcr die Erhaltung starker Knochen. Es tr\u00e4gt dazu bei, den nat\u00fcrlichen Glanz der Haut zu erhalten, f\u00f6rdert das Wachstum und die Dichte von Haaren und N\u00e4geln, beugt Herz-Kreislauf-Erkrankungen vor und verringert das Risiko von Alopezie (Haarausfall an einigen oder allen K\u00f6rperteilen).<\/span><\/p>\n<p><span class=\"s1\"><b>8. Natrium<\/b><\/span><\/p>\n<p><span class=\"s1\">Es hilft bei der Regulierung des Blutdrucks und der Nerven\u00fcbertragung, beugt Muskelkr\u00e4mpfen vor und h\u00e4lt den Fl\u00fcssigkeitshaushalt und den richtigen pH-Wert aufrecht.<\/span><\/p>\n<p><span class=\"s1\"><b>9. Phosphor<\/b><\/span><\/p>\n<p><span class=\"s1\">Bis zu 80 % des k\u00f6rpereigenen Phosphors sind in Knochen und Z\u00e4hnen gespeichert. Es tr\u00e4gt zu einem normalen Energiestoffwechsel, der ordnungsgem\u00e4\u00dfen Funktion der Zellmembranen und der Erhaltung normaler Knochen und Z\u00e4hne bei.<\/span><\/p>\n<p><span class=\"s1\"><b>10. Mangan<\/b><\/span><\/p>\n<p><span class=\"s1\">Es tr\u00e4gt zur normalen Produktion von Bindegewebe und zum Schutz der Zellen vor oxidativem Stress bei.<\/span><\/p>\n<p><span class=\"s1\"><b>11. Kupfer<\/b><\/span><\/p>\n<p><span class=\"s1\">Es tr\u00e4gt zu einer normalen Pigmentierung von Haaren und Haut und zu einem normalen Eisentransport im Blut bei.<\/span><\/p>\n<p><span class=\"s1\"><b>12. Nickel<\/b><\/span><\/p>\n<p><span class=\"s1\">Nickel kommt in DNA und RNA vor \u2013 es ist Bestandteil jeder Zelle im menschlichen K\u00f6rper, hilft beim Abbau von Glukose, st\u00e4rkt die Knochen und tr\u00e4gt zur Beschleunigung chemischer Reaktionen in unserem K\u00f6rper bei.<\/span><\/p>\n<p><span class=\"s1\"><b>13. Kobalt<\/b><\/span><\/p>\n<p><span class=\"s1\">Unterst\u00fctzt die Produktion roter Blutk\u00f6rperchen und hilft, den Homocysteinspiegel zu senken \u2013 Homocystein ist ein Risikofaktor f\u00fcr Herzerkrankungen und wird mit einem niedrigen Vitamin-B6-, B12- und Fols\u00e4urespiegel in Verbindung gebracht. Kobalt unterst\u00fctzt die normale Nierenfunktion und beugt verschiedenen Nierenerkrankungen vor \u2013 Nierenerkrankungen werden auch als terminales Nierenversagen bezeichnet.<\/span><\/p>\n<p><span class=\"s1\"><b>14. Vanadium<\/b><\/span><\/p>\n<p><span class=\"s1\">Es hilft, den Blutzuckerspiegel zu kontrollieren, sch\u00fctzt die Knochen, hilft, den Blutdruck zu senken und baut die Muskelmasse auf.<\/span><\/p>\n<p><span class=\"s1\"><b>15. Bor<\/b><\/span><\/p>\n<p><span class=\"s1\">Es erh\u00f6ht den Testosteronspiegel, der f\u00fcr den Muskelaufbau und die Muskelregeneration nach dem Training wichtig ist. Es tr\u00e4gt zur Erhaltung starker Knochen bei, erh\u00f6ht den \u00d6strogenspiegel und spielt eine wichtige Rolle bei der Aufrechterhaltung der Zellfunktion.<\/span><\/p>\n<p><span class=\"s1\"><b>16. Magnesium<\/b><\/span><\/p>\n<p><span class=\"s1\">Es tr\u00e4gt zur Verringerung von M\u00fcdigkeit und Ersch\u00f6pfung bei und tr\u00e4gt zum Elektrolytgleichgewicht und einem normalen Energiestoffwechsel bei.<\/span><\/p>\n<p><span class=\"s1\"><b>17. Jod<\/b><\/span><\/p>\n<p><span class=\"s1\">Jod tr\u00e4gt zur normalen Produktion von Schilddr\u00fcsenhormonen und zur ordnungsgem\u00e4\u00dfen Funktion der Schilddr\u00fcse bei.<\/span><\/p>\n<p><span class=\"s1\"><b>18. Selen<\/b><\/span><\/p>\n<p><span class=\"s1\">Es tr\u00e4gt zur Erhaltung des normalen Nagelzustands und der richtigen Schilddr\u00fcsenfunktion bei und sch\u00fctzt die Zellen vor oxidativem Stress.<\/span><\/p>\n<p><span class=\"s1\"><b>19. Lithium<\/b><\/span><\/p>\n<p><span class=\"s1\">Es tr\u00e4gt zur Bildung neuer Stammzellen bei, unterst\u00fctzt die Knochengesundheit und lindert Kopfschmerzen.<\/span><\/p>\n<p><span class=\"s1\"><b>20. Schwefel<\/b><\/span><\/p>\n<p><span class=\"s1\">Schwefel ist wichtig f\u00fcr die Bildung von Aminos\u00e4uren, die zur Produktion von Proteinen, Hormonen, Geweben und Enzymen ben\u00f6tigt werden. Schwefel reguliert den Kohlenhydratstoffwechsel und ist wichtig f\u00fcr die Insulinproduktion.<\/span><\/p>\n<p><span class=\"s1\"><b>21. Rubidium<\/b><\/span><\/p>\n<p><span class=\"s1\">Rubidium h\u00e4lt das hormonelle Gleichgewicht aufrecht, hilft bei der Regulierung und Aufnahme von Eisen und hilft auch bei Depressionen.<\/span><\/p>\n<p><span class=\"s1\"><b>22. Ruthenium<\/b><\/span><\/p>\n<p><span class=\"s1\">Es hilft bei der Entgiftung der Zellen, reduziert das K\u00f6rpergewicht, st\u00e4rkt das Immunsystem und tr\u00e4gt dazu bei, dass das Gehirn besser arbeitet.<\/span><\/p>\n<p><span class=\"s1\"><b>23. Rhodium<\/b><\/span><\/p>\n<p><span class=\"s1\">Es st\u00e4rkt das Immunsystem, beschleunigt die Heilung im K\u00f6rper, steigert Energie, k\u00f6rperliche Kraft und sportliche Verfassung.<\/span><\/p>\n<p><span class=\"s1\"><b>24. Silber<\/b><\/span><\/p>\n<p><span class=\"s1\">Silber wirkt antibakteriell, entz\u00fcndungshemmend, antiviral und st\u00e4rkt das Immunsystem.<\/span><\/p>\n<p><span class=\"s1\"><b>25. Zinn<\/b><\/span><\/p>\n<p><span class=\"s1\">Zinn steigert die Energie, hilft bei Depressionen, Atemproblemen bei Asthma und wirkt sich positiv auf die Verdauung und die Nebennierenfunktion aus.<\/span><\/p>\n<p><span class=\"s1\"><b>26. Iridium<\/b><\/span><\/p>\n<p><span class=\"s1\">Iridium hilft bei der Bek\u00e4mpfung freier Radikale, hat eine starke antioxidative Wirkung, kann den Zellstoffwechsel verbessern, die Alterung verlangsamen und neurologisches Gewebe regenerieren.<\/span><\/p>\n<p><span class=\"s1\"><b>27. Indium<\/b><\/span><\/p>\n<p><span class=\"s1\">Es hilft bei der Hormonproduktion, unterst\u00fctzt das Immunsystem, verlangsamt die Alterung, steigert die Energie, verbessert die Durchblutung, hilft bei Fettleibigkeit und hilft bei Depressionen.<\/span><\/p>\n<p><span class=\"s1\"><b>28. Platin<\/b><\/span><\/p>\n<p><span class=\"s1\">Es verbessert die geistigen F\u00e4higkeiten. Es st\u00e4rkt das Immunsystem, entfernt Giftstoffe aus dem K\u00f6rper, steigert die geistige Wachheit und die allgemeine Energie. Platin ist auch sehr wichtig f\u00fcr Muskeln, Nerven und Haut.<\/span><\/p>\n<p><span class=\"s1\"><b>29. Barium <\/b><\/span><\/p>\n<p><span class=\"s1\">Barium (22 mg im durchschnittlichen menschlichen K\u00f6rper): Wird f\u00fcr Magen-Darm-Bedarf verwendet.<\/span><\/p>\n<p><span class=\"s1\"><b>30. Organischer Kohlenstoff<\/b><\/span><\/p>\n<p><span class=\"s1\">Kohlenstoff ist ein Grundbaustein f\u00fcr die Bildung von Proteinen, Kohlenhydraten und Fetten. Er spielt eine wichtige Rolle bei der Regulierung der K\u00f6rperphysiologie.<\/span><\/p>\n<p><span class=\"s1\"><b>31. Stickstoff<\/b><\/span><\/p>\n<p><span class=\"s1\">Stickstoff ist f\u00fcr die Produktion von Proteinen und Aminos\u00e4uren notwendig.<\/span><\/p>\n<p><span class=\"s1\"><b>32. Gallium<\/b><\/span><\/p>\n<p><span class=\"s1\">Gallium (0,7 mg im durchschnittlichen menschlichen K\u00f6rper): Gallium moduliert die Gehirnchemie und reduziert das Auftreten von Hirnkrebs und Tumoren.<\/span><\/p>\n<p><span class=\"s1\"><b>33. Lanthan<\/b><\/span><\/p>\n<p><span class=\"s1\">Lanthan (0,8 mg im durchschnittlichen menschlichen K\u00f6rper): Steigert das Zellwachstum und verl\u00e4ngert die Lebensdauer.<\/span><\/p>\n<p><span class=\"s1\"><b>34. Samarium<\/b><\/span><\/p>\n<p><span class=\"s1\">Samarium (50 \u03bcg im durchschnittlichen menschlichen K\u00f6rper): Unterst\u00fctzt das normale Zellwachstum, verl\u00e4ngert das Leben und hilft, Krebs vorzubeugen. Samariummangel kann zu H\u00f6rverlust und m\u00e4nnlicher Glatzenbildung f\u00fchren.<\/span><\/p>\n<p><span class=\"s1\"><b>35. Wolfram<\/b><\/span><\/p>\n<p><span class=\"s1\">Wolfram (20 \u03bcg im durchschnittlichen menschlichen K\u00f6rper): Man geht davon aus, dass Wolfram von kleinen Mengen Enzymen auf \u00e4hnliche Weise wie Molybd\u00e4n verwendet wird.<\/span><\/p>\n<p>&nbsp;<\/p>\n<p><span class=\"s2\"><b>MITRACELL<\/b> <\/span><span class=\"s1\"><strong>enth\u00e4lt keine: k\u00fcnstlichen Aromen oder S\u00fc\u00dfstoffe, Konservierungsstoffe, Zucker, St\u00e4rke, Milch, Laktose, Soja, Eier, Glutamat, Weizen, Hefe, Magnesiumstearat und ist NICHT GENTECHNISCH VER\u00c4NDERT.<\/strong><\/span><\/p>\n<h5 class=\"p5\"><span class=\"s1\"><b>DOSIERUNG <\/b><\/span><strong><span class=\"s1\">f\u00fcr Nahrungserg\u00e4nzungsmittel (Mitracell):<\/span><\/strong><\/h5>\n<p><span class=\"s1\">Nehmen Sie t\u00e4glich 1-2 Kapseln mit reichlich Wasser vor den Mahlzeiten ein. Verpackung: <span class=\"Apple-converted-space\">60<\/span> Kapseln.<\/span><\/p>\n<h5 class=\"p1\"><span class=\"s1\"><b>LAGERUNG <\/b><\/span><strong><span class=\"s1\">f\u00fcr Nahrungserg\u00e4nzungsmittel (Mitracell):<\/span><\/strong><\/h5>\n<p>Trocken und bei Raumtemperatur lagern. Vor Frost sch\u00fctzen. Nicht direkter Sonneneinstrahlung aussetzen. Au\u00dferhalb der Reichweite von Kindern aufbewahren.<\/p>\n<h5><strong>BEACHTEN\u00a0<span class=\"s1\">f\u00fcr Nahrungserg\u00e4nzungsmittel (Mitracell):<\/span><\/strong><\/h5>\n<p>Es handelt sich nicht um ein Arzneimittel und ersetzt keine abwechslungsreiche Ern\u00e4hrung. Wenn Sie schwanger sind, stillen oder Medikamente einnehmen, konsultieren Sie vor der Anwendung Ihren Arzt. Nicht anwenden bei bekannter \u00dcberempfindlichkeit gegen einen der Inhaltsstoffe.<\/p>","protected":false},"excerpt":{"rendered":"<h2>Mineralische Unterst\u00fctzung f\u00fcr das zellul\u00e4re Gleichgewicht und die Vitalit\u00e4t des Organismus<\/h2>\n<p><strong>MITRACELL<\/strong> ist ein nat\u00fcrliches Mineralpr\u00e4parat, das aus Mineralien aus dem paraguayischen Dschungel hergestellt wird. <strong>zur Unterst\u00fctzung des zellul\u00e4ren Gleichgewichts, der Vitalit\u00e4t und des ordnungsgem\u00e4\u00dfen Funktionierens grundlegender Prozesse<\/strong> im K\u00f6rper. Es enth\u00e4lt<strong> gezielte Kombination von Mineralien<\/strong>, die teilnehmen <strong>Energiestoffwechsel, Nervenaktivit\u00e4t und allgemeine Stabilit\u00e4t<\/strong> Organismus. Das Produkt eignet sich f\u00fcr die t\u00e4gliche Pflege, insbesondere bei erh\u00f6hter k\u00f6rperlicher oder geistiger Belastung, M\u00fcdigkeit oder chronischem Stress. Dank seiner einfachen und reinen Zusammensetzung ist MITRACELL f\u00fcr die Langzeitanwendung als solide Basis f\u00fcr den Mineralstoffhaushalt geeignet \u2013 ohne Chemikalien und F\u00fcllstoffe, mit Fokus auf Funktionalit\u00e4t und Kontinuit\u00e4t.<\/p>\n<p><em><strong>MITRACELL \u2013 eine solide Mineralbasis f\u00fcr jeden Tag. Unterst\u00fctzen Sie Ihren K\u00f6rper dort, wo das Gleichgewicht beginnt \u2013 in den Zellen.<\/strong><\/em><\/p>","protected":false},"featured_media":6030,"comment_status":"open","ping_status":"closed","template":"","meta":[],"product_brand":[58],"product_cat":[15,27,25,26,23,201,79,78,81,29,30,77,32,33],"product_tag":[],"class_list":{"0":"post-5974","1":"product","2":"type-product","3":"status-publish","4":"has-post-thumbnail","6":"product_brand-for-a-long-life","7":"product_cat-detoxikace","8":"product_cat-dlouhovekost","9":"product_cat-hubnuti","10":"product_cat-imunita","11":"product_cat-krasa","12":"product_cat-lymfa","13":"product_cat-ocista-jater","14":"product_cat-psychika","15":"product_cat-regenerace","16":"product_cat-spanek-a-uzkost","17":"product_cat-zdrave-srdce","18":"product_cat-zdravi-deti","19":"product_cat-zdravi-muze","20":"product_cat-zdravi-zeny","22":"first","23":"instock","24":"taxable","25":"shipping-taxable","26":"purchasable","27":"product-type-simple"},"_links":{"self":[{"href":"https:\/\/www.linie4life.com\/at\/wp-json\/wp\/v2\/product\/5974","targetHints":{"allow":["GET"]}}],"collection":[{"href":"https:\/\/www.linie4life.com\/at\/wp-json\/wp\/v2\/product"}],"about":[{"href":"https:\/\/www.linie4life.com\/at\/wp-json\/wp\/v2\/types\/product"}],"replies":[{"embeddable":true,"href":"https:\/\/www.linie4life.com\/at\/wp-json\/wp\/v2\/comments?post=5974"}],"version-history":[{"count":10,"href":"https:\/\/www.linie4life.com\/at\/wp-json\/wp\/v2\/product\/5974\/revisions"}],"predecessor-version":[{"id":17391,"href":"https:\/\/www.linie4life.com\/at\/wp-json\/wp\/v2\/product\/5974\/revisions\/17391"}],"wp:featuredmedia":[{"embeddable":true,"href":"https:\/\/www.linie4life.com\/at\/wp-json\/wp\/v2\/media\/6030"}],"wp:attachment":[{"href":"https:\/\/www.linie4life.com\/at\/wp-json\/wp\/v2\/media?parent=5974"}],"wp:term":[{"taxonomy":"product_brand","embeddable":true,"href":"https:\/\/www.linie4life.com\/at\/wp-json\/wp\/v2\/product_brand?post=5974"},{"taxonomy":"product_cat","embeddable":true,"href":"https:\/\/www.linie4life.com\/at\/wp-json\/wp\/v2\/product_cat?post=5974"},{"taxonomy":"product_tag","embeddable":true,"href":"https:\/\/www.linie4life.com\/at\/wp-json\/wp\/v2\/product_tag?post=5974"}],"curies":[{"name":"wp","href":"https:\/\/api.w.org\/{rel}","templated":true}]}}