{"id":5976,"date":"2025-03-20T16:10:44","date_gmt":"2025-03-20T15:10:44","guid":{"rendered":"https:\/\/www.linie4life.com\/?post_type=product&#038;p=5976"},"modified":"2026-04-08T08:50:53","modified_gmt":"2026-04-08T06:50:53","slug":"pelvictool-naturliche-losung-gegen-harnverlust","status":"publish","type":"product","link":"https:\/\/www.linie4life.com\/at\/obchod\/pelvictool-prirodni-reseni-pri-uniku-moci\/","title":{"rendered":"PELVICTOOL Unterst\u00fctzung bei gyn\u00e4kologischen und urologischen Problemen 120 Kapseln f\u00fcr 30 Tage"},"content":{"rendered":"<p><strong>PELVICTOOL ist ein nat\u00fcrliches Nahrungserg\u00e4nzungsmittel zur inneren Unterst\u00fctzung des Intimbereichs.<\/strong>. Es kombiniert traditionelle pflanzliche Inhaltsstoffe, Beta-Glucane und probiotische Kulturen, die f\u00fcr ihre Rolle bekannt sind bei <strong>Aufrechterhaltung der normalen Harnwegsfunktion, des K\u00f6rpergleichgewichts und des allgemeinen Wohlbefindens<\/strong>.<\/p>\n<p><strong>Aufgrund seiner Zusammensetzung kann es eine geeignete Wahl sein:<\/strong><\/p>\n<ul>\n<li>mit reduziertem Komfort f\u00fcr Blase und Harnwege<\/li>\n<li>w\u00e4hrend Perioden erh\u00f6hter Empfindlichkeit des Intimbereichs<\/li>\n<li>wenn Sie eine Schw\u00e4chung des Beckenbodens versp\u00fcren<\/li>\n<li>bei anhaltendem Stress und Anspannung, die sich oft \u201edort unten\u201c bemerkbar machen\u201c<\/li>\n<\/ul>\n<h2>Der Zusammenhang zwischen Beckenbodenschw\u00e4che und dem Wohlbefinden von Frauen<\/h2>\n<p>Geben Sie ihm eine Chance, genau wie ich \u00a0<strong>PELVICTOOL und das Ergebnis wird bald eintreffen. <\/strong>Beckenwerkzeug<strong> <span style=\"font-weight: 400;\">Ich pers\u00f6nlich kann es aus eigener Erfahrung empfehlen.<\/span><\/strong><\/p>\n<p>Wussten Sie, dass sogar <strong>Harninkontinenz ist f\u00fcr Frauen in immer j\u00fcngerem Alter ein Problem.<\/strong>Dieses Problem <strong>ist oft mit einer schwachen Beckenbodenmuskulatur verbunden<\/strong>. <strong>Beckenwerkzeug<\/strong> <strong>(nat\u00fcrliches Nahrungserg\u00e4nzungsmittel)<\/strong> kann eine gute Wahl sein, da seine Zusammensetzung bei gyn\u00e4kologischen und urologischen Problemen hilfreich sein kann. Harnverlust kann auch mit gro\u00dfem Stress, Anspannung, h\u00e4ufigem Wasserlassen oder sogar einer Situation verbunden sein, in der man nicht einmal Zeit hat, auf die Toilette zu gehen, und es kann zu einer sogenannten \u00fcberaktiven Blase kommen. Es ist auch notwendig, nach einem Zusammenhang zwischen Inkontinenz und Psyche zu suchen. Psychosomatik kann unserem K\u00f6rper sehr helfen, aber umgekehrt auch sehr schaden.<\/p>\n<p>Wie fast jede Frau achte ich auf meine Gesundheit, um mich wohlzuf\u00fchlen. Leider <strong>manchmal nicht genug<\/strong>, <strong>Setzen Sie sich auf eine kalte Bank, lassen Sie an hei\u00dfen Sommertagen einen nassen Badeanzug an, lassen Sie die Klimaanlage eingeschaltet und schon haben Sie ein Problem.<\/strong> Auch Partnerwechsel k\u00f6nnen oft Probleme bereiten und die Besuche beim Frauenarzt werden h\u00e4ufiger und h\u00e4ufiger. <strong>Haben Sie viel ausprobiert und sind st\u00e4ndig auf der Suche nach einer L\u00f6sung?<\/strong>\u00a0<strong>Angefangen bei \u00e4therischen \u00d6len, Sp\u00fclungen, Salben, Einf\u00fchrkapseln, probiotischen Tampons und speziellen Gelen f\u00fcr die Intimhygiene, leider oft ohne Erfolg.<\/strong>Du hast im Internet einige \u201eschlaue\u201c Ratschl\u00e4ge gelesen, andere bekommst du von einer Freundin, du hast mehrere erfolglose Versuche hinter dir, \u201eirgendetwas\u201c direkt in die Vagina einzuf\u00fchren, das helfen soll und am Ende w\u00e4schst du deine Unterw\u00e4sche jeden Tag, weil das meiste nichts hilft?<\/p>\n<p>Pers\u00f6nlich <strong>Ich empfehle Frauen, ihren Beckenboden zu st\u00e4rken.<\/strong>Es gibt zahlreiche \u00dcbungen, die nur wenige Minuten am Tag in Anspruch nehmen, aber t\u00e4glich und langfristig durchgef\u00fchrt werden m\u00fcssen. <strong>Versuchen Sie zum Beispiel Folgendes<\/strong>: Lege dich entspannt auf eine Matte auf dem Boden und beuge die Beine leicht. Spanne beim Einatmen die Harnr\u00f6hren- und Analschlie\u00dfmuskeln an, als ob du wirklich Stuhlgang haben m\u00f6chtest, und ziehe beim Ausatmen den Bauch ein. Halte die Spannung 2-3 Sekunden und lasse dann los. Mach das <b>\u00dcbungen<\/b> 10-mal t\u00e4glich, nach zwei Wochen k\u00f6nnen Sie auf 20-mal t\u00e4glich steigern.<\/p>\n<p>&nbsp;<\/p>\n<hr \/>\n<h5 class=\"p1\"><span class=\"s1\"><b>DOSIERUNG <\/b><\/span><span class=\"s1\"><b>f\u00fcr Nahrungserg\u00e4nzungsmittel (Pelvictool):\u00a0<\/b><\/span><\/h5>\n<p><span class=\"s1\">Vor dem Essen <strong>(morgens und abends) jeweils 2 Kapseln<\/strong>, d. h.<strong> 4 Kapseln\/Tag<\/strong> (B<\/span><span class=\"s1\">(120 Kapseln)<\/span><\/p>\n<h5 class=\"p1\"><span class=\"s1\"><b>ZUSAMMENSETZUNG <\/b><\/span><span class=\"s1\"><b>f\u00fcr Nahrungserg\u00e4nzungsmittel (Pelvictool):<\/b><\/span><\/h5>\n<p><span class=\"s1\">Ulmen-M\u00e4des\u00fc\u00df (Filipendula ulmaria), Hagebutte (Rosa canina), Schachtelhalm (Equisetum arvense), Beta-Glucan 1,3 und 1,6 aus Vitalpilzen, PROVEOTICS (vegane Probiotika), Lactobacillus bulgaricus, Bifidobacterium longum, Lactobacillus paracasei, Streptococcus thermophilus, Lactobacillus: acidophilus, rhamnosus, fermentum, helveticus.<\/span><\/p>\n<p>&nbsp;<\/p>\n<div class=\"page\" title=\"Seite 13\">\n<div class=\"layoutArea\">\n<div class=\"column\">\n<p><strong>M\u00e4des\u00fc\u00df unterst\u00fctzt:<\/strong><\/p>\n<ul>\n<li>\u2013 \u201enormaler Zustand der Gelenke\u201c<\/li>\n<li>\u2013 \u201eAusscheidung von Wasser aus dem K\u00f6rper\u201c<\/li>\n<li>\u2013 \u201enormale Funktion der Harnwege \u2013 Nieren\u201c<\/li>\n<li>\u2013 \u201enormale Funktion des Atmungssystems\u201c<\/li>\n<li>\u2013 \u201eHarnausscheidung\u201c<\/li>\n<li>\u2013 \u201eErfrischung des K\u00f6rpers, nat\u00fcrliche Abwehrkr\u00e4fte\u201c<\/li>\n<li>\u2013 \u201ePsychische Gesundheit\/Entspannung \u2013 Schlaf\u201c<\/li>\n<li>\u2013 \u201enormale Herzfunktion, Cholesterinspiegel im Blut\u201c<\/li>\n<li>\u2013 \u201enormaler Zustand von Haut und Gewebe\u201c<\/li>\n<\/ul>\n<p>&nbsp;<\/p>\n<\/div>\n<div class=\"column\">\n<p><strong>Hagebutte unterst\u00fctzt:<\/strong><\/p>\n<ul>\n<li>\u2013 \u201ePsychische Gesundheit \u2013 Entspannung\u201c<\/li>\n<li>\u2013 \u201eK\u00f6rper und Geist st\u00e4rken\u201c<\/li>\n<li>\u2013 \u201eNormalzustand des Organismus\u201c<\/li>\n<li>\u2013 \u201eAntioxidans\u201c<\/li>\n<li>\u2013 \u201enormale Blasen- und Nierenfunktion\u201c<\/li>\n<li>\u2013 \u201enormale Verdauung\u201c<\/li>\n<li>\u2013 \u201enat\u00fcrliche Abwehr \u2013 Immunsystem\u201c<\/li>\n<li>\u2013 \u201enormale Funktion des Atmungssystems\u201c<\/li>\n<li>\u2013 \u201eKreislauf \u2013 schwere Beine\u201c<\/li>\n<\/ul>\n<p>&nbsp;<\/p>\n<div class=\"page\" title=\"Seite 13\">\n<div class=\"layoutArea\">\n<div class=\"column\">\n<p><strong>Schachtelhalm unterst\u00fctzt:<\/strong><\/p>\n<ul>\n<li style=\"list-style-type: none;\">\n<ul>\n<li>\u2013 \u201eAntioxidans\u201c<\/li>\n<li>\u2013 \u201eGelenke \u2013 Flexibilit\u00e4t\u201c<\/li>\n<li>\u2013 \u201eNervengleichgewicht \u2013 Beruhigung \u2013 Entspannung\u201c<\/li>\n<li>\u2013 \u201enormale Prostatafunktion\u201c<\/li>\n<li>\u2013 \u201enormale Funktion der Harnwege und Nieren\u201c<\/li>\n<li>\u2013 \u201enormale Leberfunktion \u2013 Cholera \u2013 Reinigung\u201c<\/li>\n<li>\u2013 \u201enormaler Zustand von Haut, Haaren und N\u00e4geln\u201c<\/li>\n<li>\u2013 \u201enormaler Zustand der Knochen und Gelenke\u201c<\/li>\n<li>\u2013 \u201eErfrischung des K\u00f6rpers, gesunde Atmung, Belastbarkeit\u201c<\/li>\n<li>\u2013 \u201eVerd\u00fcnnung\u201c<\/li>\n<li>\u2013 \u201eAusscheidung\u201c<\/li>\n<li>\u2013 \u201enormale Aktivit\u00e4t des Herz-Kreislauf-Systems \u2013 Flexibilit\u00e4t\u201c<\/li>\n<\/ul>\n<\/li>\n<\/ul>\n<p>&nbsp;<\/p>\n<ul>\n<li style=\"list-style-type: none;\"><strong>Beta-Glucane<\/strong>: \u201e\u03b2-Glucane tragen zur Aufrechterhaltung eines normalen Cholesterinspiegels im Blut bei\u201c<\/li>\n<\/ul>\n<\/div>\n<\/div>\n<\/div>\n<p>&nbsp;<\/p>\n<\/div>\n<\/div>\n<\/div>\n<p><strong><span class=\"s1\">Es enth\u00e4lt keine k\u00fcnstlichen Aromen oder S\u00fc\u00dfstoffe, Konservierungsstoffe, Zucker, St\u00e4rke, Milch, Laktose, Soja, Eier, Glutamat, Weizen, Hefe, Magnesiumstearat und ist gentechnikfrei.<\/span><\/strong><\/p>\n<p>&nbsp;<\/p>\n<h5 class=\"p1\"><span class=\"s1\"><b>LAGERUNG <\/b><\/span><span class=\"s1\"><b>f\u00fcr Nahrungserg\u00e4nzungsmittel (Pelvictool):<\/b><\/span><\/h5>\n<p>Trocken und bei Raumtemperatur lagern. Vor Frost sch\u00fctzen. Nicht direkter Sonneneinstrahlung aussetzen. Au\u00dferhalb der Reichweite von Kindern aufbewahren.<\/p>\n<h5><strong>BEACHTEN <\/strong><span class=\"s1\"><b>f\u00fcr Nahrungserg\u00e4nzungsmittel (Pelvictool):<\/b><\/span><\/h5>\n<p>Es handelt sich nicht um ein Arzneimittel und ersetzt keine abwechslungsreiche Ern\u00e4hrung. Wenn Sie schwanger sind, stillen oder Medikamente einnehmen, konsultieren Sie vor der Anwendung Ihren Arzt. Nicht anwenden bei bekannter \u00dcberempfindlichkeit gegen einen der Inhaltsstoffe.<\/p>","protected":false},"excerpt":{"rendered":"<h2>Nat\u00fcrliche Unterst\u00fctzung f\u00fcr den Beckenboden und die Harnwege<\/h2>\n<p><strong>Beckenwerkzeug<\/strong> Ist <strong>nat\u00fcrliche Beckenbodenunterst\u00fctzung<\/strong> Entwickelt f\u00fcr Frauen, die ihr Selbstvertrauen im Alltag zur\u00fcckgewinnen m\u00f6chten. Die ausgekl\u00fcgelte Kombination aktiver Inhaltsstoffe unterst\u00fctzt die normale Funktion der Beckenbodenmuskulatur und der Harnwege und eignet sich f\u00fcr die langfristige K\u00f6rperpflege. Es ist geeignet bei Schw\u00e4che nach der Geburt, im fortgeschrittenen Alter oder bei erh\u00f6hter k\u00f6rperlicher oder seelischer Belastung.<\/p>\n<p><strong>Beckenwerkzeug<\/strong> 100% ist ein nat\u00fcrliches Nahrungserg\u00e4nzungsmittel, das entwickelt wurde <strong>zur Unterst\u00fctzung der Harnwegsgesundheit, des vaginalen Gleichgewichts und des Beckenbodens<\/strong>.Es ist geeignet <strong>mit vermindertem Blasenkomfort, erh\u00f6hter Empfindlichkeit des Intimbereichs<\/strong> selbst in Perioden, <strong>wenn der K\u00f6rper auf Stress, hormonelle Ver\u00e4nderungen oder langfristigen Stress reagiert<\/strong>.<\/p>\n<p><em><strong>PELVICTOOL \u2013 Unterst\u00fctzung dort, wo Komfort, Kontrolle und Bewegungsfreiheit wichtig sind.<\/strong><\/em><\/p>","protected":false},"featured_media":6023,"comment_status":"open","ping_status":"closed","template":"","meta":[],"product_brand":[58],"product_cat":[23,80,33],"product_tag":[],"class_list":{"0":"post-5976","1":"product","2":"type-product","3":"status-publish","4":"has-post-thumbnail","6":"product_brand-for-a-long-life","7":"product_cat-krasa","8":"product_cat-prevence","9":"product_cat-zdravi-zeny","11":"first","12":"instock","13":"taxable","14":"shipping-taxable","15":"purchasable","16":"product-type-simple"},"_links":{"self":[{"href":"https:\/\/www.linie4life.com\/at\/wp-json\/wp\/v2\/product\/5976","targetHints":{"allow":["GET"]}}],"collection":[{"href":"https:\/\/www.linie4life.com\/at\/wp-json\/wp\/v2\/product"}],"about":[{"href":"https:\/\/www.linie4life.com\/at\/wp-json\/wp\/v2\/types\/product"}],"replies":[{"embeddable":true,"href":"https:\/\/www.linie4life.com\/at\/wp-json\/wp\/v2\/comments?post=5976"}],"version-history":[{"count":10,"href":"https:\/\/www.linie4life.com\/at\/wp-json\/wp\/v2\/product\/5976\/revisions"}],"predecessor-version":[{"id":17393,"href":"https:\/\/www.linie4life.com\/at\/wp-json\/wp\/v2\/product\/5976\/revisions\/17393"}],"wp:featuredmedia":[{"embeddable":true,"href":"https:\/\/www.linie4life.com\/at\/wp-json\/wp\/v2\/media\/6023"}],"wp:attachment":[{"href":"https:\/\/www.linie4life.com\/at\/wp-json\/wp\/v2\/media?parent=5976"}],"wp:term":[{"taxonomy":"product_brand","embeddable":true,"href":"https:\/\/www.linie4life.com\/at\/wp-json\/wp\/v2\/product_brand?post=5976"},{"taxonomy":"product_cat","embeddable":true,"href":"https:\/\/www.linie4life.com\/at\/wp-json\/wp\/v2\/product_cat?post=5976"},{"taxonomy":"product_tag","embeddable":true,"href":"https:\/\/www.linie4life.com\/at\/wp-json\/wp\/v2\/product_tag?post=5976"}],"curies":[{"name":"wp","href":"https:\/\/api.w.org\/{rel}","templated":true}]}}