{"id":5977,"date":"2025-03-20T16:10:44","date_gmt":"2025-03-20T15:10:44","guid":{"rendered":"https:\/\/www.linie4life.com\/?post_type=product&#038;p=5977"},"modified":"2026-05-04T19:54:40","modified_gmt":"2026-05-04T17:54:40","slug":"carpagel-naturliches-gel-gegen-gelenkschmerzen","status":"publish","type":"product","link":"https:\/\/www.linie4life.com\/at\/obchod\/carpagel-prirodni-gel-na-bolest-kloubu\/","title":{"rendered":"CARPAGEL nat\u00fcrliches Breitbandgel, schnelle Wirkung 200 ml"},"content":{"rendered":"<div class=\"gmail_default\">\n<p><span style=\"font-weight: 400;\"><em><strong>CARPAGEL<\/strong><\/em>Ist <strong>nat\u00fcrlich, entz\u00fcndungshemmend,<\/strong><strong>Breitbandgel mit schneller Linderung \u00a0<\/strong>mit einem hohen Gehalt an Kr\u00e4uterextrakten, \u00e4therischen \u00d6len und Peloidextrakten, geeignet nicht nur f\u00fcr <strong>k\u00f6rperliche Anstrengung, zur Regeneration<\/strong> Bewegungsapparat und Sie k\u00f6nnen Ihre Aktivit\u00e4ten wieder aufnehmen. Gleichzeitig kann es helfen <strong>Linderung von Schmerzen im R\u00fccken, Schultern, Knien, H\u00fcften, kleinen Gelenken, <\/strong><strong>und beim Karpaltunnelsyndrom hilfreich sein.<\/strong><\/span><\/p>\n<p>Gebraucht <strong>zur Schmerzlinderung<\/strong>,<strong> Entz\u00fcndungen reduzieren<\/strong> a <strong>Verringerung der Schwellung bei verschiedenen Schmerzzust\u00e4nden<\/strong>, wie Muskel- und Gelenkverletzungen, R\u00fcckenschmerzen oder degenerative Gelenkerkrankungen.<\/p>\n<p><span style=\"font-weight: 400;\">Nat\u00fcrliche Unterst\u00fctzung f\u00fcr <\/span><b>schnellere Regeneration,<\/b><span style=\"font-weight: 400;\"><strong> der m\u00f6gliche Ort,<\/strong><strong>verursacht<\/strong> gr\u00f6\u00dfere Anstrengung, Belastung (nicht nur k\u00f6rperliche Arbeit, sondern vor allem <strong>ein langfristiges Gesundheitsproblem, das durch Entz\u00fcndungen verursacht wird<\/strong> im K\u00f6rper).<\/span><\/p>\n<p><strong>CARPAGEL sorgt f\u00fcr schnelle Linderung und Regeneration von Gelenken und Muskeln innerhalb weniger Augenblicke.<\/strong> Nat\u00fcrliche Unterst\u00fctzung zur Linderung und Beseitigung von Schmerzen im R\u00fccken, in den Schultern, Knien, H\u00fcften, kleinen Gelenken, einschlie\u00dflich des Karpaltunnelsyndroms. Es kann viele Ursachen geben, die unseren Bewegungsapparat belasten (<strong>Entz\u00fcndungen im K\u00f6rper beginnend mit, <\/strong><strong>langfristige \u00dcberanstrengung, sitzende T\u00e4tigkeit, Fehlhaltungen und die damit verbundene Belastung des Bewegungsapparates), <\/strong>aber auch \u00fcberm\u00e4\u00dfig<strong>k\u00f6rperliche Anstrengung <\/strong>(Riss oder Zerrung von Muskeln, B\u00e4ndern)<strong>.<\/strong> Die Ursache kann auch sein<strong>Stress<\/strong>, bei der der K\u00f6rper Hormone produziert, die die Muskelspannung erh\u00f6hen, wodurch es in einigen K\u00f6rperteilen zu Steifheit kommt und es unm\u00f6glich wird, sich voll auf unsere Aktivit\u00e4ten und die Arbeit zu konzentrieren.<\/p>\n<h5><strong><span class=\"s1\">CARPAGEL <\/span><\/strong><span class=\"s1\">Ich empfehle die Verwendung zusammen mit den proteolytischen Enzymen SERRAPETPAZE.<\/span><strong><span class=\"s1\">die unterst\u00fctzen k\u00f6nnen, <\/span><\/strong><span class=\"s1\">in Kombination mit CARPAGEL<\/span><strong><span class=\"s1\">und eine schnellere R\u00fcckkehr zu normalen Aktivit\u00e4ten.<\/span><\/strong><\/h5>\n<p>&nbsp;<\/p>\n<\/div>\n<hr \/>\n<div>\n<h5 class=\"p1\"><span class=\"s1\"><b>DOSIERUNG <\/b><\/span><span class=\"s1\"><b>(f\u00fcr CARPAGEL):<\/b><\/span><\/h5>\n<\/div>\n<div class=\"gmail_default\"><span class=\"gmail-s1\"><strong>Verpackung<\/strong>: 200 ml Gel (Reiseversion 60 ml), das wir bei akutem Bedarf bis zu 4-6 Mal t\u00e4glich gr\u00fcndlich einmassieren empfehlen, aber auch vor oder nach k\u00f6rperlicher Anstrengung angewendet werden kann. Dank seiner schnelleren Absorption kann das Gel eine schnellere Schmerzlinderung und gleichzeitig eine schnellere Regeneration unterst\u00fctzen.<\/span><\/div>\n<p><span class=\"s1\">Auf m\u00fcde oder schmerzende Stellen auftragen und leicht in Richtung Herz einmassieren, um die Durchblutung zu f\u00f6rdern.<\/span><\/p>\n<p><span class=\"s1\">In Kombination mit Elektrotherapie (Sto\u00dfwellen, Magnetfeldtherapie) kann die Wirksamkeit der Ger\u00e4te deutlich gesteigert werden. Vor und nach der Therapie anwenden.<\/span><\/p>\n<h5 class=\"p1\"><span class=\"s1\"><b>ZUSAMMENSETZUNG <\/b><\/span><span class=\"s1\"><b>(f\u00fcr CARPAGEL):<\/b><\/span><\/h5>\n<p><span class=\"s1\">Aqua, Kr\u00e4uter ext. (Aesculus hippocastanum, Anthyllis vulneraria, Arnika montana, Calendula officinalis, Filipendula ulmaria, Fucus vesiculosus, Hypericum perforatum), Menthol, Kampfer, Torfextrakt, Carbomer, Thymus vulgaris-\u00d6l, Mentha piperita-\u00d6l<\/span><\/p>\n<h5 class=\"p1\"><span class=\"s1\"><b>LAGERUNG <\/b><\/span><span class=\"s1\"><b>(f\u00fcr CARPAGEL):<\/b><\/span><\/h5>\n<p>Trocken und bei Raumtemperatur lagern. Vor Frost sch\u00fctzen. Nicht direkter Sonneneinstrahlung aussetzen. Au\u00dferhalb der Reichweite von Kindern aufbewahren.<\/p>\n<h5 class=\"p4\"><span class=\"s1\"><b>WARNUNG (f\u00fcr CARPAGEL):<\/b><\/span><\/h5>\n<p><span class=\"s1\">Das Gel ist nur zur \u00e4u\u00dferlichen Anwendung bestimmt. <\/span><span class=\"s1\">Nicht auf Schleimh\u00e4uten, verletzter Haut oder in der N\u00e4he der Augen anwenden! \u00a0<\/span><span class=\"s1\">Waschen Sie Ihre H\u00e4nde nach der Anwendung gr\u00fcndlich. <\/span><span class=\"s1\">Setzen Sie die behandelte Stelle keiner direkten Sonneneinstrahlung aus. <\/span><span class=\"s1\">Verschlie\u00dfen Sie das Produkt nach jedem Gebrauch sorgf\u00e4ltig. Die unterschiedliche Farbe des Produkts ist auf die enthaltenen nat\u00fcrlichen Extrakte zur\u00fcckzuf\u00fchren. Nicht f\u00fcr Kinder unter 3 Jahren geeignet. Wenn Sie schwanger sind, stillen oder Medikamente einnehmen, konsultieren Sie vor der Anwendung Ihren Arzt. Dies ist kein Arzneimittel. Nicht anwenden, wenn Sie bekannterma\u00dfen gegen einen der Inhaltsstoffe \u00fcberempfindlich sind.<\/span><\/p>\n<p><strong><span class=\"s1\">Das Produkt enth\u00e4lt keine k\u00fcnstlichen Farb- oder Duftstoffe.<\/span><\/strong><\/p>","protected":false},"excerpt":{"rendered":"<h2>Lokale Unterst\u00fctzung f\u00fcr Gelenk- und Muskelbeschwerden<\/h2>\n<p>CARPAGEL ist ein nat\u00fcrliches Gel, das entwickelt wurde <strong>zur lokalen Pflege von Gelenken, Muskeln und beanspruchten K\u00f6rperteilen<\/strong>. Enth\u00e4lt sorgf\u00e4ltig ausgew\u00e4hlte Pflanzenextrakte und Wirkstoffe wie zum Beispiel <strong>Harpago (Teufelsklaue)<\/strong>) und anderen pflanzlichen Inhaltsstoffen, die traditionell in der Pflege des Bewegungsapparates verwendet werden. Das Gel zieht schnell ein, k\u00fchlt angenehm und l\u00e4sst sich gut in die t\u00e4gliche Routine integrieren. <strong>bei k\u00f6rperlicher Anstrengung, Sport<\/strong> oder <strong>langfristige \u00dcberlastung von Gelenken und Muskeln<\/strong>.<\/p>\n<p><em><strong>CARPAGEL \u2013 Bewegungsentlastung, die Sie jeden Tag sp\u00fcren werden. G\u00f6nnen Sie Ihren Gelenken und Muskeln die Pflege, die sie am meisten brauchen.<\/strong><\/em><\/p>","protected":false},"featured_media":12912,"comment_status":"open","ping_status":"closed","template":"","meta":[],"product_brand":[58],"product_cat":[28,81,32,33],"product_tag":[],"class_list":{"0":"post-5977","1":"product","2":"type-product","3":"status-publish","4":"has-post-thumbnail","6":"product_brand-for-a-long-life","7":"product_cat-pohyb","8":"product_cat-regenerace","9":"product_cat-zdravi-muze","10":"product_cat-zdravi-zeny","12":"first","13":"instock","14":"purchasable","15":"product-type-simple"},"_links":{"self":[{"href":"https:\/\/www.linie4life.com\/at\/wp-json\/wp\/v2\/product\/5977","targetHints":{"allow":["GET"]}}],"collection":[{"href":"https:\/\/www.linie4life.com\/at\/wp-json\/wp\/v2\/product"}],"about":[{"href":"https:\/\/www.linie4life.com\/at\/wp-json\/wp\/v2\/types\/product"}],"replies":[{"embeddable":true,"href":"https:\/\/www.linie4life.com\/at\/wp-json\/wp\/v2\/comments?post=5977"}],"version-history":[{"count":10,"href":"https:\/\/www.linie4life.com\/at\/wp-json\/wp\/v2\/product\/5977\/revisions"}],"predecessor-version":[{"id":17394,"href":"https:\/\/www.linie4life.com\/at\/wp-json\/wp\/v2\/product\/5977\/revisions\/17394"}],"wp:featuredmedia":[{"embeddable":true,"href":"https:\/\/www.linie4life.com\/at\/wp-json\/wp\/v2\/media\/12912"}],"wp:attachment":[{"href":"https:\/\/www.linie4life.com\/at\/wp-json\/wp\/v2\/media?parent=5977"}],"wp:term":[{"taxonomy":"product_brand","embeddable":true,"href":"https:\/\/www.linie4life.com\/at\/wp-json\/wp\/v2\/product_brand?post=5977"},{"taxonomy":"product_cat","embeddable":true,"href":"https:\/\/www.linie4life.com\/at\/wp-json\/wp\/v2\/product_cat?post=5977"},{"taxonomy":"product_tag","embeddable":true,"href":"https:\/\/www.linie4life.com\/at\/wp-json\/wp\/v2\/product_tag?post=5977"}],"curies":[{"name":"wp","href":"https:\/\/api.w.org\/{rel}","templated":true}]}}