{"id":5978,"date":"2025-03-20T16:10:44","date_gmt":"2025-03-20T15:10:44","guid":{"rendered":"https:\/\/www.linie4life.com\/?post_type=product&#038;p=5978"},"modified":"2026-04-28T15:14:41","modified_gmt":"2026-04-28T13:14:41","slug":"dialose-naturliche-hilfe-bei-blutzuckerschwankungen","status":"publish","type":"product","link":"https:\/\/www.linie4life.com\/at\/obchod\/dialess-prirodni-pomoc-pri-kolisani-cukru-v-krvi\/","title":{"rendered":"DIALESS Glukosespiegel-Optimierung Diabetes 120 Kapseln f\u00fcr 30 Tage"},"content":{"rendered":"<p><strong><i>ZIFFERLOS <\/i><\/strong><span style=\"font-weight: 400;\">geeignete Unterst\u00fctzung zur Optimierung des Blutzuckerspiegels (Glukose) bei Diabetikern und zur Anpassung des K\u00f6rpergewichts. Dank der einzigartigen <\/span>Kombination aus Extrakten, Naturstoffen,<b> d\u00fcrfen <\/b><b>tragen positiv zur Senkung des Blutzuckerspiegels bei <\/b>(Glucose) <b>einschlie\u00dflich Langzeitzucker <\/b>(Glykoh\u00e4moglobin).<\/p>\n<p class=\"p1\" style=\"text-align: left;\"><i><span style=\"font-weight: 400;\"><strong>ZIFFERLOS <\/strong><\/span><\/i><span style=\"font-weight: 400;\">kann auch dazu beitragen, <\/span><b>bessere Funktion des Verdauungstrakts<\/b><span style=\"font-weight: 400;\">\u00a0so dass es <\/span><b>optimales K\u00f6rpergewicht gehalten<\/b><span style=\"font-weight: 400;\"> Ausschlie\u00dflich unter Verwendung nat\u00fcrlicher Inhaltsstoffe.<\/span><\/p>\n<h2>Glukosestoffwechsel im Kontext<\/h2>\n<p><strong>Die Lebensqualit\u00e4t wird von vielen Faktoren beeinflusst, <\/strong>Dies kann langfristige Auswirkungen auf das t\u00e4gliche Wohlbefinden und die allgemeine Vitalit\u00e4t haben. Ger\u00e4t der K\u00f6rper aus dem Gleichgewicht und laufen die Stoffwechselprozesse nicht optimal ab, kann sich dies allm\u00e4hlich in verminderter Energie, geringerem Wohlbefinden und einer reduzierten Widerstandsf\u00e4higkeit des Organismus \u00e4u\u00dfern.<strong>.<\/strong>\u00a0<strong>Unzureichende Umwandlung von Zuckern<\/strong> a <strong>Es kommt zu St\u00f6rungen bei der Verarbeitung von Proteinen, Fetten, Mineralien und Wasser. <\/strong>Weil <strong>Der K\u00f6rper kann Glukose aus der Nahrung aufgrund von Problemen mit einem Hormon namens Insulin nicht effektiv als Energiequelle nutzen<\/strong>Insulin ist ein Hormon, das von den Betazellen der Langerhans-Inseln in der Bauchspeicheldr\u00fcse produziert wird. <strong>reguliert den Blutzuckerspiegel<\/strong> durch die Tatsache, dass <strong>Es erm\u00f6glicht der Glukose aus der Nahrung, in die Zellen zu gelangen, wo sie als Energiequelle genutzt wird.<\/strong><\/p>\n<p>&nbsp;<\/p>\n<p><strong>ZU DEN HAUPTFUNKTIONEN VON INSULIN GEH\u00d6REN:<\/strong><\/p>\n<ol>\n<li><strong>Blutzuckerregulierung<\/strong>Insulin hilft, den Blutzuckerspiegel zu senken, indem es den K\u00f6rperzellen erm\u00f6glicht, Glukose aufzunehmen und als Energiequelle zu nutzen. Wenn wir zucker- oder kohlenhydrathaltige Nahrung zu uns nehmen, steigt unser Blutzuckerspiegel. Als Reaktion auf den erh\u00f6hten Zuckerspiegel wird Insulin ins Blut ausgesch\u00fcttet und unterst\u00fctzt den Glukosetransport in die Zellen.<\/li>\n<li><strong>Energiespeicherung<\/strong>: Insulin f\u00f6rdert au\u00dferdem die Speicherung von \u00fcbersch\u00fcssiger Glukose in Leber- und Muskelzellen als Glykogen. Diese Glykogenspeicher dienen dem K\u00f6rper als Energiereservoir, auf das er bei Bedarf zur\u00fcckgreifen kann.<\/li>\n<li><strong>Hemmung der Glukosefreisetzung aus der Leber<\/strong>: Insulin unterdr\u00fcckt die Freisetzung von Glukose aus der Leber ins Blut. Dies verhindert, dass der Blutzuckerspiegel nach einer Mahlzeit zu stark ansteigt.<\/li>\n<li><strong>Unterst\u00fctzung des Zellwachstums<\/strong>: Insulin beeinflusst das Zellwachstum und die Zellentwicklung, insbesondere w\u00e4hrend der Kindheit und Jugend.<\/li>\n<\/ol>\n<p>&nbsp;<\/p>\n<p>Wir k\u00f6nnen uns konzentrieren auf <strong>eine Reihe von Symptomen, die darauf hinweisen k\u00f6nnen, <\/strong>dass es angebracht w\u00e4re<strong>, schenken Sie ihm selbst mehr Aufmerksamkeit.<\/strong> Es k\u00f6nnte sein <strong>\u00fcberm\u00e4\u00dfiger Durst, h\u00e4ufiges Wasserlassen, M\u00fcdigkeit, Ersch\u00f6pfungsgef\u00fchl, gesteigerter Hunger, Gewichtsverlust, langsame Wundheilung, Sehst\u00f6rungen, schlechte Wundheilung, Fu\u00dfpilz<\/strong>Symptome sind <strong>allm\u00e4hlich erscheinen<\/strong> \u00fcber mehrere Jahre hinweg. Und <strong>Wir k\u00f6nnen unseren Lebensstil und unsere Ern\u00e4hrung anpassen und mehr Bewegung einbauen<\/strong>Oder geh nach Hause <strong>ein Blutzuckermessger\u00e4t kaufen<\/strong> a <strong>Beginnen Sie mit der Messung Ihres Blutzuckerspiegels, <\/strong>so Glyk\u00e4mie und versuchen <strong>Auswirkungen und Komplikationen reduzieren<\/strong>, <strong>was zu einem erh\u00f6hten Blutzuckerspiegel f\u00fchren kann.<\/strong><\/p>\n<p><strong>Welche Auswirkungen k\u00f6nnte es geben?<\/strong> Weitere Einzelheiten k\u00f6nnen Sie im Internet oder in Fachpublikationen nachlesen.<\/p>\n<p>&nbsp;<\/p>\n<hr \/>\n<h5 class=\"p1\"><span class=\"s1\"><b>DOSIERUNG <\/b><\/span><strong>(f\u00fcr das Nahrungserg\u00e4nzungsmittel DIALESS):<\/strong><\/h5>\n<p><span class=\"s2\">4 Kapseln t\u00e4glich: 2 Kapseln direkt nach dem Mittagessen <\/span><span class=\"s2\">und 2 Kapseln direkt nach dem Abendessen. <strong>B<\/strong><\/span><b>Das Men\u00fc enth\u00e4lt: <\/b>120 vegane Kapseln f\u00fcr eine 30-t\u00e4gige Einnahme.<br \/>\n<b><\/b><\/p>\n<h5 class=\"p1\"><span class=\"s1\"><b>ZUSAMMENSETZUNG <\/b><\/span><strong>(f\u00fcr das Nahrungserg\u00e4nzungsmittel DIALESS):<\/strong><\/h5>\n<p>Vitamine E und C, Kalzium, Alisma Orientalis, Cornus officinalis, Atractylis Macrocephala. <span class=\"s1\"><b>ZIFFERLOS <\/b>(nat\u00fcrliches Nahrungserg\u00e4nzungsmittel) enth\u00e4lt keine k\u00fcnstlichen Aromen oder S\u00fc\u00dfstoffe, Konservierungsmittel, Zucker, St\u00e4rke, Milch, Laktose, Soja, Eier, Glutamat, Weizen, Hefe, Magnesiumstearat und ist NICHT GENTECHNISCH VER\u00c4NDERT.\u00a0<\/span><\/p>\n<p>Alisma Orientalis ist eine weltweit verbreitete Wasserpflanze. Sie wird erfolgreich in der traditionellen chinesischen Medizin eingesetzt. Eine Studie aus dem Jahr 2006 untersuchte verschiedene Pflanzen und ihre Auswirkungen auf den Glukose- und Fettstoffwechsel. Die Ergebnisse zeigten, dass Alisma eine der wirksamsten Pflanzen ist. Diese Pflanze f\u00fchrt zu einer erh\u00f6hten zellul\u00e4ren Insulinsensitivit\u00e4t, \u00e4hnlich wie einige g\u00e4ngige Medikamente.<\/p>\n<p>Cornus officinalis ist als Heilpflanze mit nachgewiesener Wirkung bei Diabetes bekannt, da es die Insulinproduktion steigert, die Insulin-\u201eZellbildner\u201c sch\u00fctzt und Nierensch\u00e4den reduziert, die bei Diabetikern sehr typisch und weit verbreitet sind.<\/p>\n<p>Atractylis macrocephala ist eine traditionelle Heilpflanze mit positiven Auswirkungen auf den Leberschutz, den Leberzellumbau und das Leberwachstum, f\u00f6rdert die Peristaltik, senkt den Blutzuckerspiegel und hat eine starke antibakterielle Wirkung. Dank modernster Technologie sind wir in der Lage, Extrakte und Wirkstoffe aus Heilpflanzen herzustellen, die einen erh\u00f6hten Blutzuckerspiegel positiv beeinflussen und zur Stabilisierung beitragen.<\/p>\n<h5 class=\"p1\"><span class=\"s1\"><b>LAGERUNG <\/b><\/span><strong>(f\u00fcr das Nahrungserg\u00e4nzungsmittel DIALESS):<\/strong><\/h5>\n<p>Trocken und bei Raumtemperatur lagern. Vor Frost sch\u00fctzen. Nicht direkter Sonneneinstrahlung aussetzen. Au\u00dferhalb der Reichweite von Kindern aufbewahren.<\/p>\n<h5><strong>WARNUNG (f\u00fcr DIALESS Nahrungserg\u00e4nzungsmittel):<\/strong><\/h5>\n<p>Es handelt sich nicht um ein Arzneimittel und ersetzt keine abwechslungsreiche Ern\u00e4hrung. Wenn Sie schwanger sind, stillen oder Medikamente einnehmen, konsultieren Sie vor der Anwendung Ihren Arzt. Nicht anwenden bei bekannter \u00dcberempfindlichkeit gegen einen der Inhaltsstoffe. <span class=\"s1\">Wir empfehlen Ihnen, Ihren Blutzuckerspiegel regelm\u00e4\u00dfig zu \u00fcberpr\u00fcfen.<\/span><\/p>","protected":false},"excerpt":{"rendered":"<h2>Unterst\u00fctzung des Stoffwechselgleichgewichts und des Blutzuckerspiegels durch gezielte Wirkstoffe<\/h2>\n<p>DIALESS ist eine durchdachte Kombination aktiver Inhaltsstoffe (<strong>Vitamine, Mineralstoffe, spezielle Kr\u00e4uter<\/strong>) entwickelt, um nat\u00fcrliche <strong>Stoffwechselgleichgewicht<\/strong> Organismus mit besonderem Fokus auf <strong>Zuckerstoffwechsel <\/strong>und Unterst\u00fctzungskontrolle<strong> Gewicht<\/strong>. Passt in die Pflege von <strong>Stabilit\u00e4t des Energiehaushalts und des Blutzuckerspiegels<\/strong>, Insbesondere in Zeiten erh\u00f6hter Belastung, unregelm\u00e4\u00dfiger Tagesabl\u00e4ufe oder chronischem Stress ist dieses Produkt ideal. Es eignet sich f\u00fcr alle, die ihrem K\u00f6rper pr\u00e4ventiv und aktiv etwas Gutes tun m\u00f6chten. Die reine und gezielte Zusammensetzung f\u00f6rdert langfristiges Wohlbefinden und innere Balance.<\/p>\n<p><em><strong>DIALESS \u2013 f\u00fcr einen ausgeglichenen Stoffwechsel, kontrollierte Gewichte und einen gesunden Blutzuckerspiegel. Unterst\u00fctzen Sie Ihren K\u00f6rper auf intelligente und nat\u00fcrliche Weise.<\/strong><\/em><\/p>","protected":false},"featured_media":6036,"comment_status":"open","ping_status":"closed","template":"","meta":[],"product_brand":[58],"product_cat":[25,80,31,32,33],"product_tag":[],"class_list":{"0":"post-5978","1":"product","2":"type-product","3":"status-publish","4":"has-post-thumbnail","6":"product_brand-for-a-long-life","7":"product_cat-hubnuti","8":"product_cat-prevence","9":"product_cat-zdrave-zazivani","10":"product_cat-zdravi-muze","11":"product_cat-zdravi-zeny","13":"first","14":"instock","15":"purchasable","16":"product-type-simple"},"_links":{"self":[{"href":"https:\/\/www.linie4life.com\/at\/wp-json\/wp\/v2\/product\/5978","targetHints":{"allow":["GET"]}}],"collection":[{"href":"https:\/\/www.linie4life.com\/at\/wp-json\/wp\/v2\/product"}],"about":[{"href":"https:\/\/www.linie4life.com\/at\/wp-json\/wp\/v2\/types\/product"}],"replies":[{"embeddable":true,"href":"https:\/\/www.linie4life.com\/at\/wp-json\/wp\/v2\/comments?post=5978"}],"version-history":[{"count":10,"href":"https:\/\/www.linie4life.com\/at\/wp-json\/wp\/v2\/product\/5978\/revisions"}],"predecessor-version":[{"id":17395,"href":"https:\/\/www.linie4life.com\/at\/wp-json\/wp\/v2\/product\/5978\/revisions\/17395"}],"wp:featuredmedia":[{"embeddable":true,"href":"https:\/\/www.linie4life.com\/at\/wp-json\/wp\/v2\/media\/6036"}],"wp:attachment":[{"href":"https:\/\/www.linie4life.com\/at\/wp-json\/wp\/v2\/media?parent=5978"}],"wp:term":[{"taxonomy":"product_brand","embeddable":true,"href":"https:\/\/www.linie4life.com\/at\/wp-json\/wp\/v2\/product_brand?post=5978"},{"taxonomy":"product_cat","embeddable":true,"href":"https:\/\/www.linie4life.com\/at\/wp-json\/wp\/v2\/product_cat?post=5978"},{"taxonomy":"product_tag","embeddable":true,"href":"https:\/\/www.linie4life.com\/at\/wp-json\/wp\/v2\/product_tag?post=5978"}],"curies":[{"name":"wp","href":"https:\/\/api.w.org\/{rel}","templated":true}]}}