{"id":5979,"date":"2025-03-20T16:10:44","date_gmt":"2025-03-20T15:10:44","guid":{"rendered":"https:\/\/www.linie4life.com\/?post_type=product&#038;p=5979"},"modified":"2026-05-05T10:19:49","modified_gmt":"2026-05-05T08:19:49","slug":"gouttool-naturliches-nahrungserganzungsmittel-fur-gelenke","status":"publish","type":"product","link":"https:\/\/www.linie4life.com\/at\/obchod\/gouttool-prirodni-doplnek-na-klouby\/","title":{"rendered":"GOUTTOOL Gicht Gelenke Lymphe Schwellungen Urologische Probleme 120 Kapseln f\u00fcr 30 Tage"},"content":{"rendered":"<p><span class=\"s1\">Aufgrund des schlechten Purinabbaus k\u00f6nnen wir auch <strong>genetische Veranlagung<\/strong>. Aber das ist nicht der einzige Risikofaktor. Ein weiterer ist nat\u00fcrlich ein schlechter Lebensstil und <strong>Verzehr ungeeigneter Lebensmittel mit erh\u00f6htem Puringehalt, was sich auf einen Anstieg des Harns\u00e4urespiegels und Gicht auswirkt.<\/strong> Auch \u00dcbergewicht spielt eine Rolle.\u00a0<\/span><\/p>\n<p>&nbsp;<\/p>\n<p><strong><span class=\"s1\"> Purine vs. Harns\u00e4ure?<\/span><\/strong><\/p>\n<p><strong>Purine<\/strong> Sind <strong>chemische Verbindungen<\/strong> in einigen Lebensmitteln enthalten. Unser K\u00f6rper kann sie normalerweise verarbeiten <strong>sich selbst zu beraten und sie auszugeben<\/strong>Sind sie jedoch zu viele, kann der K\u00f6rper sie nicht verdauen und infolgedessen \u00a0<strong>der Harns\u00e4urespiegel steigt<\/strong>\u00a0im Blut.<\/p>\n<p><strong>Harns\u00e4ure<\/strong> ist ein Abfallprodukt, das bei der Verdauung von Purinen freigesetzt wird. Es wird \u00fcber die Nieren ausgeschieden. Ein Teil davon verbleibt im K\u00f6rper als <strong>Antioxidans<\/strong> und sch\u00fctzt uns vor Sauerstoffradikalen. Ein dauerhaft erh\u00f6hter Wert ist allerdings schlecht. Und wie findet man heraus, ob die Harns\u00e4ure im Normbereich liegt? Es gibt eine Reihe von Symptomen, \u00fcber die man sich im Internet informieren kann oder im Rahmen einer Vorsorgeuntersuchung beim Arzt bei der Blutabnahme oder als Selbstzahlertest in jedem Labor in der N\u00e4he mit Warteliste und ohne Termin.<\/p>\n<p><strong>Wenn der K\u00f6rper den \u00dcberschuss nicht ausscheiden kann<\/strong><\/p>\n<p>Die F\u00e4higkeit, Purine abzubauen, ist individuell verschieden \u2013 bei manchen spielen die Gene eine Rolle, bei anderen der langfristige Lebensstil. Ein \u00dcberschuss an purinreichen Lebensmitteln, eine einseitige Ern\u00e4hrung oder \u00dcbergewicht k\u00f6nnen zu einer Purinansammlung im K\u00f6rper f\u00fchren. <strong>Sie beginnen, Substanzen anzusammeln, die der K\u00f6rper nicht mehr effektiv verarbeiten kann.<\/strong>.<\/p>\n<p><strong>Purine und Harns\u00e4ure<\/strong><\/p>\n<p>Purine sind ein nat\u00fcrlicher Bestandteil einiger Lebensmittel und werden vom K\u00f6rper normalerweise gut verarbeitet. Bei einer zu hohen Zufuhr \u00fcber einen l\u00e4ngeren Zeitraum k\u00f6nnen sie jedoch folgende Auswirkungen haben: <strong>\u00fcbersch\u00fcssige Harns\u00e4ure<\/strong> \u2013 Abfallprodukte, die normalerweise \u00fcber die Nieren ausgeschieden werden. Eine geringe Menge ist normal f\u00fcr den K\u00f6rper, aber eine \u00dcberdosierung kann zu Problemen f\u00fchren. <strong>Schwellungen, Steifheit, Gelenkbeschwerden oder ein Gef\u00fchl von &quot;schwerem&quot; K\u00f6rper<\/strong>.<\/p>\n<p><strong>Woran erkennt man, dass das Gleichgewicht nicht optimal ist?<\/strong><\/p>\n<p>K\u00f6rpersignale k\u00f6nnen ebenfalls Hinweise liefern. <strong>einfache Laboruntersuchung<\/strong>, Diese Behandlung ist Teil der Vorsorgeuntersuchung oder kann auch eigenst\u00e4ndig durchgef\u00fchrt werden. Je fr\u00fcher der K\u00f6rper entlastet und unterst\u00fctzt wird, desto besser erlangt er seine Leichtigkeit und sein funktionelles Gleichgewicht zur\u00fcck.<\/p>\n<p>&nbsp;<\/p>\n<hr \/>\n<h5 class=\"p1\"><span class=\"s1\"><b>DOSIERUNG <\/b><\/span><span class=\"s1\"><b>zur Nahrungserg\u00e4nzung (Gouttool):<\/b><\/span><\/h5>\n<p><span class=\"s3\">4 Kapseln \u2013 2 morgens und 2 abends, vor den Mahlzeiten einnehmen, <\/span><span class=\"s3\">120 vegane Kapseln<\/span><\/p>\n<h5 class=\"p1\"><span class=\"s1\"><b>ZUSAMMENSETZUNG <\/b><\/span><span class=\"s1\"><b>zur Nahrungserg\u00e4nzung (Gouttool):<\/b><\/span><\/h5>\n<p>Heidekraut, Schachtelhalm (Equisetum arvense), Ulmen-M\u00e4des\u00fc\u00df (Filipendula ulmaria), Hundsrose (Rosa Canina), nat\u00fcrlicher Komplex aus Beta-Glucanen aus Heilpilzen, Triterpene, nat\u00fcrliche kristalline Aminos\u00e4uren Piperin, Grifolinacid, vegane Probiotika von PROVEOTICS (vegane Kapsel).<\/p>\n<p><strong><span class=\"s1\">Es enth\u00e4lt keine k\u00fcnstlichen Aromen oder S\u00fc\u00dfstoffe, Konservierungsstoffe, Zucker, St\u00e4rke, Milch, Laktose, Soja, Eier, Glutamat, Weizen, Hefe, Magnesiumstearat und ist gentechnikfrei.<\/span><\/strong><\/p>\n<p><strong>Heather unterst\u00fctzt:<\/strong><\/p>\n<div class=\"layoutArea\">\n<div class=\"column\">\n<ul>\n<li>\u2013 \u201enormale Funktion der Harnwege \u2013 Nieren\u201c<\/li>\n<li>\u2013 \u201eEntspannung\u201c<\/li>\n<\/ul>\n<p>&nbsp;<\/p>\n<\/div>\n<\/div>\n<div class=\"page\" title=\"Seite 13\">\n<div class=\"layoutArea\">\n<div class=\"column\">\n<p><strong>M\u00e4des\u00fc\u00df unterst\u00fctzt:<\/strong><\/p>\n<ul>\n<li>\u2013 \u201enormaler Zustand der Gelenke\u201c<\/li>\n<li>\u2013 \u201eAusscheidung von Wasser aus dem K\u00f6rper\u201c<\/li>\n<li>\u2013 \u201enormale Funktion der Harnwege \u2013 Nieren\u201c<\/li>\n<li>\u2013 \u201enormale Funktion des Atmungssystems\u201c<\/li>\n<li>\u2013 \u201eHarnausscheidung\u201c<\/li>\n<li>\u2013 \u201eErfrischung des K\u00f6rpers, nat\u00fcrliche Abwehrkr\u00e4fte\u201c<\/li>\n<li>\u2013 \u201ePsychische Gesundheit\/Entspannung \u2013 Schlaf\u201c<\/li>\n<li>\u2013 \u201enormale Herzfunktion, Cholesterinspiegel im Blut\u201c<\/li>\n<li>\u2013 \u201enormaler Zustand von Haut und Gewebe\u201c<\/li>\n<\/ul>\n<p>&nbsp;<\/p>\n<\/div>\n<div class=\"column\">\n<div class=\"page\" title=\"Seite 13\">\n<div class=\"layoutArea\">\n<div class=\"column\">\n<p><strong>Schachtelhalm unterst\u00fctzt:<\/strong><\/p>\n<ul>\n<li style=\"list-style-type: none;\">\n<ul>\n<li>\u2013 \u201eAntioxidans\u201c<\/li>\n<li>\u2013 \u201eGelenke \u2013 Flexibilit\u00e4t\u201c<\/li>\n<li>\u2013 \u201eNervengleichgewicht \u2013 Beruhigung \u2013 Entspannung\u201c<\/li>\n<li>\u2013 \u201enormale Prostatafunktion\u201c<\/li>\n<li>\u2013 \u201enormale Funktion der Harnwege und Nieren\u201c<\/li>\n<li>\u2013 \u201enormale Leberfunktion \u2013 Cholera \u2013 Reinigung\u201c<\/li>\n<li>\u2013 \u201enormaler Zustand von Haut, Haaren und N\u00e4geln\u201c<\/li>\n<li>\u2013 \u201enormaler Zustand der Knochen und Gelenke\u201c<\/li>\n<li>\u2013 \u201eErfrischung des K\u00f6rpers, gesunde Atmung, Belastbarkeit\u201c<\/li>\n<li>\u2013 \u201eVerd\u00fcnnung\u201c<\/li>\n<li>\u2013 \u201eAusscheidung\u201c<\/li>\n<li>\u2013 \u201enormale Aktivit\u00e4t des Herz-Kreislauf-Systems \u2013 Flexibilit\u00e4t\u201c<\/li>\n<\/ul>\n<\/li>\n<\/ul>\n<p>&nbsp;<\/p>\n<div class=\"page\" title=\"Seite 14\">\n<div class=\"layoutArea\">\n<div class=\"column\">\n<div class=\"page\" title=\"Seite 14\">\n<div class=\"layoutArea\">\n<div class=\"column\"><strong>Beta-Glucane: &quot;<\/strong>\u03b2-Glucane tragen zur Aufrechterhaltung eines normalen Cholesterinspiegels im Blut bei.<\/div>\n<div><\/div>\n<\/div>\n<\/div>\n<\/div>\n<\/div>\n<\/div>\n<p><span class=\"s1\"><b>LAGERUNG <\/b><\/span><span class=\"s1\"><b>zur Nahrungserg\u00e4nzung (Gouttool):<\/b><\/span><\/p>\n<\/div>\n<\/div>\n<\/div>\n<\/div>\n<\/div>\n<\/div>\n<p>Trocken und bei Raumtemperatur lagern. Vor Frost sch\u00fctzen. Nicht direkter Sonneneinstrahlung aussetzen. Au\u00dferhalb der Reichweite von Kindern aufbewahren.<\/p>\n<h5><strong>BEACHTEN <\/strong><span class=\"s1\"><b>zur Nahrungserg\u00e4nzung (Gouttool):<\/b><\/span><\/h5>\n<p>Es handelt sich nicht um ein Arzneimittel und ersetzt keine abwechslungsreiche Ern\u00e4hrung. Wenn Sie schwanger sind, stillen oder Medikamente einnehmen, konsultieren Sie vor der Anwendung Ihren Arzt. Nicht anwenden bei bekannter \u00dcberempfindlichkeit gegen einen der Inhaltsstoffe.<\/p>","protected":false},"excerpt":{"rendered":"<h2>Gezielte Unterst\u00fctzung f\u00fcr Gelenkkomfort und Lymphfluss<\/h2>\n<p><i><span style=\"font-weight: 400;\"><strong>GOUTTOOL<\/strong> <\/span><\/i><span style=\"font-weight: 400;\">Ist <\/span><b>ein Komplex aus Kr\u00e4utern, Beta-Glucanen, Triterpenen und Probiotika.\u00a0<\/b><strong>Unterst\u00fctzt die Pflege von Gelenken, Knorpel und dem gesamten Bewegungsapparat.<\/strong>, besonders <strong>w\u00e4hrend Phasen, in denen Schwellungen, ein Schweregef\u00fchl in den Beinen oder eine eingeschr\u00e4nkte Beweglichkeit auftreten.<\/strong> Es ist <strong>eine passende Erg\u00e4nzung<\/strong> i <strong>mit erh\u00f6hten Harns\u00e4urewerten<\/strong> und Purine, wenn der K\u00f6rper eine sanfte, aber systematische Unterst\u00fctzung ben\u00f6tigt.<\/p>\n<p><strong>Auch sie werden es zu sch\u00e4tzen wissen. <\/strong>diese, <strong>der sich mit Beschwerden der Blase und der Harnwege befasst, einschlie\u00dflich Empfindlichkeit und h\u00e4ufigem Harndrang<\/strong> oder reduzierte Kontrolle. Unterst\u00fctzt das Gleichgewicht des inneren Milieus, <strong>Hilft dem K\u00f6rper, \u00fcbersch\u00fcssige Fl\u00fcssigkeiten auszuscheiden.<\/strong> und somit <strong>Es lindert auf nat\u00fcrliche Weise Schwellungen in den Beinen und im ganzen K\u00f6rper.\u00a0<\/strong><strong>Durch die Unterst\u00fctzung des Lymphsystems und eines reibungslosen Lymphflusses kann es eine wertvolle Hilfe bei Entgiftungskuren und der Gewichtskontrolle sein.<\/strong> \u2013 insbesondere wenn es Teil einer umfassenderen Behandlung ist, zum Beispiel in Kombination mit einer Lymphdrainage.<\/p>\n<p>Die Zusammensetzung ist darauf ausgelegt, den Gelenkkomfort und das innere Gleichgewicht zu unterst\u00fctzen, insbesondere bei l\u00e4ngerer k\u00f6rperlicher Anstrengung, sitzender T\u00e4tigkeit oder mit zunehmendem Alter.<\/p>\n<p><em><strong>GOUTTOOL \u2013 Linderung von Gelenk-, Knorpel-, Weichteil-, Schwellungs- und Lymphschmerzen, auf die Sie sich verlassen k\u00f6nnen.<\/strong><\/em><\/p>","protected":false},"featured_media":6039,"comment_status":"open","ping_status":"closed","template":"","meta":[],"product_brand":[58],"product_cat":[15,25,201,28,32,33],"product_tag":[],"class_list":{"0":"post-5979","1":"product","2":"type-product","3":"status-publish","4":"has-post-thumbnail","6":"product_brand-for-a-long-life","7":"product_cat-detoxikace","8":"product_cat-hubnuti","9":"product_cat-lymfa","10":"product_cat-pohyb","11":"product_cat-zdravi-muze","12":"product_cat-zdravi-zeny","14":"first","15":"instock","16":"purchasable","17":"product-type-simple"},"_links":{"self":[{"href":"https:\/\/www.linie4life.com\/at\/wp-json\/wp\/v2\/product\/5979","targetHints":{"allow":["GET"]}}],"collection":[{"href":"https:\/\/www.linie4life.com\/at\/wp-json\/wp\/v2\/product"}],"about":[{"href":"https:\/\/www.linie4life.com\/at\/wp-json\/wp\/v2\/types\/product"}],"replies":[{"embeddable":true,"href":"https:\/\/www.linie4life.com\/at\/wp-json\/wp\/v2\/comments?post=5979"}],"version-history":[{"count":10,"href":"https:\/\/www.linie4life.com\/at\/wp-json\/wp\/v2\/product\/5979\/revisions"}],"predecessor-version":[{"id":17585,"href":"https:\/\/www.linie4life.com\/at\/wp-json\/wp\/v2\/product\/5979\/revisions\/17585"}],"wp:featuredmedia":[{"embeddable":true,"href":"https:\/\/www.linie4life.com\/at\/wp-json\/wp\/v2\/media\/6039"}],"wp:attachment":[{"href":"https:\/\/www.linie4life.com\/at\/wp-json\/wp\/v2\/media?parent=5979"}],"wp:term":[{"taxonomy":"product_brand","embeddable":true,"href":"https:\/\/www.linie4life.com\/at\/wp-json\/wp\/v2\/product_brand?post=5979"},{"taxonomy":"product_cat","embeddable":true,"href":"https:\/\/www.linie4life.com\/at\/wp-json\/wp\/v2\/product_cat?post=5979"},{"taxonomy":"product_tag","embeddable":true,"href":"https:\/\/www.linie4life.com\/at\/wp-json\/wp\/v2\/product_tag?post=5979"}],"curies":[{"name":"wp","href":"https:\/\/api.w.org\/{rel}","templated":true}]}}