{"id":5988,"date":"2025-03-20T16:10:45","date_gmt":"2025-03-20T15:10:45","guid":{"rendered":"https:\/\/www.linie4life.com\/?post_type=product&#038;p=5988"},"modified":"2026-04-16T10:15:53","modified_gmt":"2026-04-16T08:15:53","slug":"darks-gutschein-im-wert-von-10-000-kc","status":"publish","type":"product","link":"https:\/\/www.linie4life.com\/at\/obchod\/darkovy-voucher-v-hodnote-10000-kc\/","title":{"rendered":"Geschenkgutschein im Wert von 10000 CZK"},"content":{"rendered":"<p><strong>Machen Sie Ihren Lieben eine Freude mit einem Geschenkgutschein und der M\u00f6glichkeit einer kostenlosen Beratung,<\/strong> dank der sie w\u00e4hlen k\u00f6nnen <strong>Geschenk nach Ihren Bed\u00fcrfnissen<\/strong> und erhalten, nicht nur,<strong> wertvolle Ratschl\u00e4ge<\/strong>das wird ihnen helfen <strong>Erreichen Sie Ihr Traumgewicht und eine bessere Lebensqualit\u00e4t<\/strong> oder einfach <strong>\u201eWohlf\u00fchlen\u201c dank kostenlosem Gemeinschaftsgespr\u00e4ch. <\/strong><\/p>\n<p>Ich arbeite seit vielen Jahren als professioneller Coach. Gemeinsam k\u00f6nnen wir uns auf Themen aus Ihrem Privat- und Berufsleben konzentrieren, damit Sie inneren Frieden finden, die Dinge, die Sie derzeit belasten, l\u00f6sen und die Kraft und Entschlossenheit finden, sie zu \u00e4ndern oder Spa\u00df daran haben, sich mit der richtigen Ern\u00e4hrung auf Ihr Traumgewicht zu konzentrieren. <strong>Ich bin seit \u00fcber 25 Jahren in der Branche t\u00e4tig und teile meine Erfahrungen gerne mit Ihnen.<\/strong><\/p>\n<p>Es gibt viele M\u00f6glichkeiten, Ihren K\u00f6rper zu heilen, zu verj\u00fcngen, einfach zu unterst\u00fctzen und schnell die gew\u00fcnschten Ergebnisse zu erzielen. Sie m\u00fcssen nur wissen, wie es geht, und deshalb biete ich Ihnen die M\u00f6glichkeit <strong><a href=\"https:\/\/www.linie4life.com\/at\/beratung\/?wmc-currency=EUR\">pers\u00f6nliche Online-Beratung<\/a> FREI<\/strong>Dabei besprechen wir alles individuell und passen es gemeinsam an Ihre Bed\u00fcrfnisse an.<\/p>\n<p>Ob es um bestehende und anhaltende Probleme geht, die Ihren Alltag beeintr\u00e4chtigen, oder um pr\u00e4ventive Ma\u00dfnahmen. Kurz gesagt: <strong>Dank unserer gemeinsamen Beratung vergleichen Sie Ihre Gedanken und finden selbst eine L\u00f6sung. Ich werde Ihnen nur eine helfende Hand reichen. Alles steckt in Ihnen, Sie m\u00fcssen nur den ersten Schritt machen, den Mut in sich selbst finden, anfangen, Dinge zu l\u00f6sen und das Leben nach Ihren W\u00fcnschen zu leben.<\/strong><\/p>\n<p>&nbsp;<\/p>","protected":false},"excerpt":{"rendered":"<p>Sie wissen nicht oder z\u00f6gern, was Sie Ihren Lieben zum Geburtstag, zu Weihnachten oder zum Jahrestag schenken sollen? Machen Sie dem Empf\u00e4nger eine Freude <b>Geschenkgutschein,<\/b> dank derer sie selbst w\u00e4hlen, <b>nach Ihren W\u00fcnschen<\/b>.<\/p>\n<p>Nat\u00fcrlich kann der Empf\u00e4nger auch <b>kostenlose pers\u00f6nliche Online-Beratung<\/b>wo wir gemeinsam den am besten geeigneten Plan ausw\u00e4hlen.<\/p>\n<p><strong>Die Zustellung des Gutscheins erfolgt sp\u00e4testens 24 Stunden nach Zahlungseingang an die von Ihnen angegebene E-Mail-Adresse.<\/strong><\/p>\n<p>&nbsp;<\/p>","protected":false},"featured_media":6094,"comment_status":"open","ping_status":"closed","template":"","meta":[],"product_brand":[195],"product_cat":[283],"product_tag":[71],"class_list":{"0":"post-5988","1":"product","2":"type-product","3":"status-publish","4":"has-post-thumbnail","6":"product_brand-linie4life","7":"product_cat-darkove-poukazy","8":"product_tag-online","10":"first","11":"instock","12":"purchasable","13":"product-type-simple"},"_links":{"self":[{"href":"https:\/\/www.linie4life.com\/at\/wp-json\/wp\/v2\/product\/5988","targetHints":{"allow":["GET"]}}],"collection":[{"href":"https:\/\/www.linie4life.com\/at\/wp-json\/wp\/v2\/product"}],"about":[{"href":"https:\/\/www.linie4life.com\/at\/wp-json\/wp\/v2\/types\/product"}],"replies":[{"embeddable":true,"href":"https:\/\/www.linie4life.com\/at\/wp-json\/wp\/v2\/comments?post=5988"}],"version-history":[{"count":3,"href":"https:\/\/www.linie4life.com\/at\/wp-json\/wp\/v2\/product\/5988\/revisions"}],"predecessor-version":[{"id":6709,"href":"https:\/\/www.linie4life.com\/at\/wp-json\/wp\/v2\/product\/5988\/revisions\/6709"}],"wp:featuredmedia":[{"embeddable":true,"href":"https:\/\/www.linie4life.com\/at\/wp-json\/wp\/v2\/media\/6094"}],"wp:attachment":[{"href":"https:\/\/www.linie4life.com\/at\/wp-json\/wp\/v2\/media?parent=5988"}],"wp:term":[{"taxonomy":"product_brand","embeddable":true,"href":"https:\/\/www.linie4life.com\/at\/wp-json\/wp\/v2\/product_brand?post=5988"},{"taxonomy":"product_cat","embeddable":true,"href":"https:\/\/www.linie4life.com\/at\/wp-json\/wp\/v2\/product_cat?post=5988"},{"taxonomy":"product_tag","embeddable":true,"href":"https:\/\/www.linie4life.com\/at\/wp-json\/wp\/v2\/product_tag?post=5988"}],"curies":[{"name":"wp","href":"https:\/\/api.w.org\/{rel}","templated":true}]}}