{"id":5990,"date":"2025-03-20T16:10:45","date_gmt":"2025-03-20T15:10:45","guid":{"rendered":"https:\/\/www.linie4life.com\/?post_type=product&#038;p=5990"},"modified":"2026-05-05T10:37:48","modified_gmt":"2026-05-05T08:37:48","slug":"licht-des-lebens-anti-aging-verlangsamung-der-alterung","status":"publish","type":"product","link":"https:\/\/www.linie4life.com\/at\/obchod\/light-of-life-anti-aging-zpomaleni-starnuti\/","title":{"rendered":"Light of Life unterst\u00fctzt die Verlangsamung der Alterung des K\u00f6rpers 120 Kapseln 60 Tage"},"content":{"rendered":"<p>Entdecken Sie die Kraft des Lichts des Lebens in Ihrer Sprache \u2013 klicken Sie einfach auf die untenstehende Verkn\u00fcpfung, um das kurze Video abzuspielen:<\/p>\n<p data-start=\"242\" data-end=\"959\"><a class=\"decorated-link\" href=\"https:\/\/youtube.com\/shorts\/q8PkFqZIEFg\" target=\"_blank\" rel=\"noopener\" data-start=\"304\" data-end=\"348\">CZ<\/a> | <a class=\"decorated-link\" href=\"https:\/\/youtube.com\/shorts\/UzIWRqmOJH4\" target=\"_blank\" rel=\"noopener\" data-start=\"351\" data-end=\"395\">SK<\/a> | <a class=\"decorated-link\" href=\"https:\/\/youtube.com\/shorts\/y7TCsltH7DQ\" target=\"_blank\" rel=\"noopener\" data-start=\"398\" data-end=\"442\">DE<\/a> | <a class=\"decorated-link\" href=\"https:\/\/youtube.com\/shorts\/NJ5DkEZnbOw\" target=\"_blank\" rel=\"noopener\" data-start=\"445\" data-end=\"489\">BG<\/a> | <a class=\"decorated-link\" href=\"https:\/\/youtube.com\/shorts\/sKGPBb2TGfg\" target=\"_blank\" rel=\"noopener\" data-start=\"492\" data-end=\"536\">DE<\/a> | <a class=\"decorated-link\" href=\"https:\/\/youtube.com\/shorts\/-0FdfGBgNB4\" target=\"_blank\" rel=\"noopener\" data-start=\"539\" data-end=\"583\">EG<\/a> | <a class=\"decorated-link\" href=\"https:\/\/youtube.com\/shorts\/oV9t40u9HRU\" target=\"_blank\" rel=\"noopener\" data-start=\"586\" data-end=\"630\">FR<\/a> | <a class=\"decorated-link\" href=\"https:\/\/youtube.com\/shorts\/4Gd2RkXTDhI\" target=\"_blank\" rel=\"noopener\" data-start=\"633\" data-end=\"677\">HU<\/a> | <a class=\"decorated-link\" href=\"https:\/\/youtube.com\/shorts\/lHg2tpfr0qo\" target=\"_blank\" rel=\"noopener\" data-start=\"680\" data-end=\"724\">ES<\/a> | <a class=\"decorated-link\" href=\"https:\/\/youtube.com\/shorts\/HJGysenrIFQ\" target=\"_blank\" rel=\"noopener\" data-start=\"727\" data-end=\"771\">PL<\/a> | <a class=\"decorated-link\" href=\"https:\/\/youtube.com\/shorts\/IOCtHwyZVLE\" target=\"_blank\" rel=\"noopener\" data-start=\"774\" data-end=\"818\">FR<\/a> | <a class=\"decorated-link\" href=\"https:\/\/youtube.com\/shorts\/eS6Cyv5aKkk\" target=\"_blank\" rel=\"noopener\" data-start=\"821\" data-end=\"865\">RU<\/a> | <a class=\"decorated-link\" href=\"https:\/\/youtube.com\/shorts\/B7UUAAz6qgw\" target=\"_blank\" rel=\"noopener\" data-start=\"868\" data-end=\"912\">Vereinigtes K\u00f6nigreich<\/a> | <a class=\"decorated-link\" href=\"https:\/\/youtube.com\/shorts\/Ec_9PpA5a1Q\" target=\"_blank\" rel=\"noopener\" data-start=\"915\" data-end=\"959\">VI<\/a><\/p>\n<p><strong>MODERNES NAHRUNGSERG\u00c4NZUNGSMITTEL \u2013 UNTERST\u00dcTZUNG F\u00dcR GESUNDES ALTERN MIT CYCLOASTRAGENOL, EINEM TELOMERASE-AKTIVATOR <\/strong>(ein Prozess, der zu einem langsameren und ges\u00fcnderen Altern beitragen und die Wiederherstellung des Telomerwachstums unterst\u00fctzen sowie auf deren Verk\u00fcrzung wirken kann).<\/p>\n<h5><i><span style=\"font-weight: 400;\">LICHT DES LEBENS<\/span><\/i><span style=\"font-weight: 400;\"> ist ein Nahrungserg\u00e4nzungsmittel, <\/span><span style=\"font-weight: 400;\">die unserem K\u00f6rper helfen k\u00f6nnen, <\/span><b>gesund altern<\/b><span style=\"font-weight: 400;\">Er war<\/span><span style=\"font-weight: 400;\"><strong>\u00a0inspiriert durch wissenschaftliche Forschung, die sogar<\/strong><b> mit dem Nobelpreis ausgezeichnet <\/b>und erhielt zudem die h\u00f6chste Auszeichnung des Europ\u00e4ischen Kongresses f\u00fcr \u00c4sthetische Anti-Aging-Medizin (AMEC) in der Kategorie <strong>Das beste Anti-Aging-Nahrungserg\u00e4nzungsmittel.<\/strong><\/span><\/h5>\n<h5><i><span style=\"font-weight: 400;\">LICHT DES LEBENS<\/span><\/i><strong><span style=\"font-weight: 400;\"> Ich benutze es selbst, <\/span><\/strong><span style=\"font-weight: 400;\">Ich bin 49 Jahre alt.<\/span><span style=\"font-weight: 400;\"> und ich bin ehrlich - ich habe Angst vor dem Altern <\/span><strong><span style=\"font-weight: 400;\">Und deshalb versuche ich, das Beste f\u00fcr meinen K\u00f6rper zu tun, und das kann ich aus eigener Erfahrung auch., <\/span><i>LICHT DES LEBENS, <\/i>empfehlen.<\/strong><\/h5>\n<p>Light of Life ist ein modernes Nahrungserg\u00e4nzungsmittel, das <strong>Verbindet Erkenntnisse aus traditionellen asiatischen Kr\u00e4uterpraktiken mit aktuellen Forschungsergebnissen auf dem Gebiet der Epigenetik und der zellul\u00e4ren Alterung.<\/strong> Licht des Lebens <strong>Es enth\u00e4lt eine Kombination von Substanzen, die laut wissenschaftlichen Untersuchungen mit zellul\u00e4rer Vitalit\u00e4t, DNA-Schutz und einer Verlangsamung des Alterungsprozesses in Verbindung stehen.<\/strong> Es verbindet modernes epigenetisches Wissen mit der jahrtausendealten Tradition der Kr\u00e4uterkunde.<\/p>\n<p><strong>\u201eG\u00d6NNEN SIE SICH FREUDE\u201c, um sich in jedem Alter wohlzuf\u00fchlen und innerlich und \u00e4u\u00dferlich jung auszusehen.<\/strong><\/p>\n<p><strong>Wissenschaftliche Untersuchungen haben gezeigt, dass die zugrunde liegende Ursache der Alterung die Verk\u00fcrzung der Telomere ist \u2013 der sch\u00fctzenden Endabschnitte der DNA an beiden Enden jedes Chromosoms.<\/strong> Eine Verk\u00fcrzung der Telomere l\u00e4sst sich durch Ern\u00e4hrung und Bewegung zwar verhindern, allerdings nur bis zu einem gewissen Grad. Sie k\u00f6nnen die Telomere verl\u00e4ngern, indem Sie die Telomerase aktivieren. Telomerase ist ein Enzym, das zus\u00e4tzliche DNA-Abschnitte an Chromosomen anheften und so die L\u00e4nge der Telomere wiederherstellen kann. Und Sie k\u00f6nnen jetzt Ihre eigene nat\u00fcrliche Telomerase aktivieren.<\/p>\n<p><strong>Die Grundbestandteile von Light of Life \u2013 Light of Life, das dabei helfen kann, die Auswirkungen des Alterns sowohl au\u00dferhalb als auch innerhalb des K\u00f6rpers zu verlangsamen.<\/strong> Dies ist dem Extrakt aus der Wurzel des Tragantbaums (Astragalus) zu verdanken, der den Astragalosid-IV-Komplex, den Wirkstoff Cycloastragenol mit Zusatz von Hyalurons\u00e4ure enth\u00e4lt.<\/p>\n<p>&nbsp;<\/p>\n<h5><b>ZUSAMMENSETZUNG:<\/b><\/h5>\n<p>Astragalosid-IV-Komplex (Triterpenoidsaponine (Astragaloside), Flavonoide, Polysaccharide, Phytosterole, Pigmente, Aminos\u00e4uren, Betain, Cholin, unges\u00e4ttigte Fetts\u00e4uren \u2013 Linol- und Linolens\u00e4ure), aktives Cycloastragenol, Hyalurons\u00e4ure 15 mg, Vitamin D3 400 IE.<\/p>\n<p><strong>ASTRAGALOSID IV-KOMPLEX \u2013 ASTRAGALUS MEMBRANACEUS-EXTRAKT<\/strong><\/p>\n<p>(Astragalus membranaceus \u2013 auch bekannt als Wurzel der Jugend und des ewigen Lebens) geh\u00f6rt zur Familie der H\u00fclsenfr\u00fcchtler (Fabaceae). Diese Heilpflanze besitzt vielf\u00e4ltige Anwendungsgebiete, darunter Immunstimulation, antibakterielle, entz\u00fcndungshemmende, blutdrucksenkende, lebersch\u00fctzende und gef\u00e4\u00dferweiternde Wirkungen. Die Wurzel wird haupts\u00e4chlich als Heilmittel verwendet. Die Verwendung von Astragalus-Extrakten zu medizinischen Zwecken l\u00e4sst sich \u00fcber 4000 Jahre zur\u00fcckverfolgen.<\/p>\n<p><strong>Es enth\u00e4lt folgende Stoffe:<\/strong> Triterpenoidsaponine (Astragaloside), Flavonoide, Polysaccharide, Phytosterole, Pigmente, Aminos\u00e4uren, Betain, Cholin, unges\u00e4ttigte Fetts\u00e4uren \u2013 Linols\u00e4ure und Linolens\u00e4ure.<\/p>\n<p><strong>Was sind Astragaloside im Allgemeinen und welche Funktion haben sie?<\/strong>\u00a0 Sie spielen eine entscheidende Rolle bei der Immunstimulation in allen F\u00e4llen einer eingeschr\u00e4nkten Funktion des Immunsystems und unterst\u00fctzen die Bildung von T-Lymphozyten. T-Lymphozyten sind eine Art Leukozyten \u2013 wei\u00dfe Blutk\u00f6rperchen. Es gibt verschiedene Arten von T-Lymphozyten, aber im Allgemeinen kann man sagen, dass sie die nat\u00fcrliche Grundlage der spezifischen (erworbenen) zellul\u00e4ren Immunit\u00e4t bilden.<\/p>\n<p><strong>Welche Funktion haben andere Cycloartan-Saponine?<\/strong> Sie werden aufgrund ihrer virostatischen Wirkung eingesetzt. Sie verhindern beispielsweise die Replikation der genetischen Information von Viren (virale DNA oder RNA) und verhindern so deren Vermehrung im K\u00f6rper. Sie f\u00f6rdern die Produktion von Interferonen, die 1957 als Biomolek\u00fcle mit starker antiviraler Wirkung entdeckt wurden.<\/p>\n<p>In traditionellen Ans\u00e4tzen wird die Ziegenmariendistel mit der Unterst\u00fctzung des inneren Gleichgewichts des K\u00f6rpers und der F\u00e4higkeit des K\u00f6rpers, auf langfristigen physischen oder metabolischen Stress zu reagieren, in Verbindung gebracht. <strong>Im modernen Kontext ist es vor allem wegen seiner bioaktiven Komponenten von Interesse, die im Zusammenhang mit zellul\u00e4ren Prozessen und der Anpassung von Organismen untersucht werden.<\/strong><\/p>\n<p>In der Fachliteratur wird es haupts\u00e4chlich im Zusammenhang mit Substanzen erw\u00e4hnt, die Gegenstand der Forschung sind, weil sie eine Rolle bei Prozessen spielen, die mit zellul\u00e4ren Funktionen und der allgemeinen Anpassung des Organismus an Stress zusammenh\u00e4ngen.\u00a0<strong>Besonderes Augenmerk wird auch auf Mechanismen gelegt, die mit dem Fl\u00fcssigkeitshaushalt des K\u00f6rpers, der Funktion des Kreislaufsystems und nat\u00fcrlichen Gewebereparaturprozessen zusammenh\u00e4ngen. Die Membran des K\u00fcrbis wird zudem im Hinblick auf Stoffwechselprozesse und die allgemeine Vitalit\u00e4t des Organismus im Laufe der Zeit und des Alterns untersucht.<\/strong><\/p>\n<p><strong>AKTIVES CYCLOASTRAGENOL KANN GESUNDES ALTERN UNTERST\u00dcTZEN<\/strong><\/p>\n<p>Laborergebnisse, die im Journal of Immunology ver\u00f6ffentlicht wurden, zeigen, dass die Proliferation von T-Zellen durch eine Erh\u00f6hung der Telomerase-Aktivit\u00e4t verl\u00e4ngert werden kann. Vereinfacht ausgedr\u00fcckt: Eine menschliche K\u00f6rperzelle hat eine begrenzte Anzahl von Teilungen. Ist diese Grenze erreicht, zerf\u00e4llt die Zelle und wird aus dem K\u00f6rper entfernt. Die Verk\u00fcrzung der Telomere ist einer der Hauptmechanismen, die die mit dem Altern verbundene Teilungsbegrenzung verursachen. Cycloastragenol kann die Telomerase-Aktivit\u00e4t erh\u00f6hen und dadurch die Telomerl\u00e4nge verl\u00e4ngern. Dies stoppt die Zellalterung.<\/p>\n<p><strong>HYALURONS\u00c4URE \u2013 EIN WIRKSAM WIRKSAMER ANTI-AGING-STOFF<\/strong><\/p>\n<p>Im dermatologischen Labor der Toho-Universit\u00e4t wurde \u00fcber einen Zeitraum von vier Wochen eine Doppelblindstudie an Probanden mit trockener, rauer Haut durchgef\u00fchrt. Die Ergebnisse waren verbl\u00fcffend: Verbesserte Sehkraft, Hautfeuchtigkeitsmessungen zeigten einen h\u00f6heren Feuchtigkeitsgehalt. Mikroskopische Hautoberfl\u00e4chen zeigten nach vier Wochen eine zunehmende Gl\u00e4tte und eine deutliche Reduzierung der F\u00e4ltchen.*<\/p>\n<p>* Klinische Auswirkungen von Hyalurons\u00e4ure in der Nahrung auf trockene und raue Haut in Sato, Sakamoto, Odnaka, Yoshida, Urishibata Second Dermatology Laboratory, Medical School, Toho University.<\/p>\n<p><strong>WAS IST LICHT DES LEBENS?<\/strong><\/p>\n<p>Light of Life ist eine Kombination aus nat\u00fcrlichen und k\u00f6rpereigenen Verbindungen, die den Alterungsprozess verlangsamen k\u00f6nnen.<\/p>\n<p><strong>WIE WIRKT DAS LICHT DES LEBENS IN UNSEREM K\u00d6RPER?<\/strong><\/p>\n<p>Die stabilisierte Zusammensetzung durchdringt die Zellmembran und aktiviert das Enzym.<\/p>\n<p><strong>K\u00d6NNEN WIR SAGEN, DASS LICHT DES LEBENS DIE ALTERUNG STOPPEN UND ZELLEN \u201eJUNG\u201c HALTEN KANN?<\/strong><\/p>\n<p>Den Alterungsprozess vollst\u00e4ndig zu stoppen, ist \u00fcbertrieben. Ewiges Leben ist noch immer ein Traum, aber die Verz\u00f6gerung des Alterungsprozesses kann Realit\u00e4t werden.<\/p>\n<p><strong>WAS SIND TELOMERE?<\/strong><\/p>\n<p>Telomere sind die Endst\u00fccke der Chromosomen, die f\u00fcr die Zellteilung essentiell sind und sich bei jeder Mitose (Zellteilung) verk\u00fcrzen.<\/p>\n<p><strong>WAS IST TELOMERASE?<\/strong><\/p>\n<p>Telomerase ist ein Enzym, das (in gr\u00f6\u00dferen Mengen) Telomere verl\u00e4ngern kann.<\/p>\n<p><strong>WELCHE ROLLE SPIELEN TELOMERE UND TELOMERASEN IN UNSEREM K\u00d6RPER?<\/strong><\/p>\n<p>Es handelt sich um ein grundlegendes \u2013 und mit zunehmendem Alter abnehmendes \u2013 System, das Ihre Lebenserwartung bestimmt. Es kann durch richtige\/falsche Ern\u00e4hrung und Bewegung beeinflusst werden, aber vor allem bleibt es die zentrale Position zwischen alter und junger Zellebene.<\/p>\n<p><strong>WENN DAS LICHT DES LEBENS GESUNDE ZELLEN BEEINFLUSSEN KANN, KANN ES DANN AUCH KREBSZELLEN ERN\u00c4HREN?<\/strong><\/p>\n<p>Krebszellen haben einen v\u00f6llig anderen Stoffwechsel. Sie ern\u00e4hren sich durch Glykolyse, indem sie Sauerstoff verweigern. Sie halten au\u00dferdem ihre Telomere intakt, wodurch sie l\u00e4nger leben k\u00f6nnen. Nach f\u00fcnf Jahren wissenschaftlicher Diskussionen und Forschung gibt es keine Hinweise darauf, dass ein erh\u00f6hter Telomerase-Wert negativ ist. Andererseits gilt allgemein: Wenn die \u201eguten\u201c Zellen jung und gesund sind, ist es f\u00fcr Krebszellen sehr schwierig, neue Opfer zu finden, um sich auszubreiten (Metastasen zu bilden).<\/p>\n<p><strong>WARUM SAGT JEDER ETWAS ANDERES \u00dcBER KREBSZELLEN UND TELOMERASE?<\/strong><\/p>\n<p>Studien und genetische Forschung sind keine mathematischen Wissenschaften. T\u00e4glich erscheinen neue Erkenntnisse, die Anlass zur Diskussion geben und in vielen F\u00e4llen die vorherige Studie oder Forschung erg\u00e4nzen oder ersetzen. Dies ist die Quelle unterschiedlicher Meinungen.<\/p>\n<p><strong>HAT ES NEBENWIRKUNGEN?<\/strong><\/p>\n<p>Aus eigener Erfahrung kann ich sagen, dass ich seit der Anwendung von Light of Life einen Unterschied sp\u00fcre. Der letzte Beweis daf\u00fcr war das Klassentreffen, als mich einige Mitsch\u00fcler nicht wiedererkannten :-). Sie sagten mir, ich sei ein paar Jahre j\u00fcnger. Tats\u00e4chlich erlebe ich das relativ oft, und das ist eigentlich sch\u00f6n. Ich f\u00fchle mich innerlich wohl, und das spiegelt sich auch in meinem \u00c4u\u00dferen wider. Ich wei\u00df, dass das Altern ein nat\u00fcrlicher Prozess ist, aber wenn ich etwas tun kann, um es zu verlangsamen, tue ich es \u2013 Di\u00e4t, Sport, auf meinen Trinkrhythmus achten, Lymphmassagen machen, meditieren, entspannen, Dinge tun, die mir Spa\u00df machen.<\/p>\n<p><strong>WIE LANGE DAUERT ES, BIS MAN ERSTE VER\u00c4NDERUNGEN SP\u00dcRT?<\/strong><\/p>\n<p>Die ersten Ver\u00e4nderungen sp\u00fcrst du vielleicht schon nach 3-4 Wochen. Nat\u00fcrlich musst du das gesamte Paket in Anspruch nehmen. Wir sind alle unterschiedlich, wir haben unsere Sorgen und Freuden und es gibt viele Faktoren, die uns beeinflussen.<\/p>\n<p><strong>WAS IST DER UNTERSCHIED ZWISCHEN EINEM MEDIKAMENT UND EINEM NAHRUNGSERG\u00c4NZUNGSMITTEL?<\/strong><\/p>\n<p>Ein Arzneimittel ist ein Produkt zur Behandlung von Krankheiten, um Ihren Zustand schnell zu verbessern. Es ist die Dom\u00e4ne von \u00c4rzten und Apotheken. Ein Nahrungserg\u00e4nzungsmittel ist ein Produkt, das haupts\u00e4chlich unterst\u00fctzend wirken sollte. Aufgrund moderner Eingriffe in Landwirtschaft und Lebensmittelzubereitung ist es sinnvoll, es auch in Ihren Alltag zu integrieren. Es ist die Dom\u00e4ne von Wissenschaftlern und Ern\u00e4hrungswissenschaftlern.<\/p>\n<p><iframe title=\"Light of Life Nahrungserg\u00e4nzungsmittel des Jahres 2019!\" width=\"800\" height=\"450\" src=\"https:\/\/www.youtube.com\/embed\/uUiMj4uepII?feature=oembed\" frameborder=\"0\" allow=\"accelerometer; autoplay; clipboard-write; encrypted-media; gyroscope; picture-in-picture; web-share\" referrerpolicy=\"strict-origin-when-cross-origin\" allowfullscreen><\/iframe><\/p>\n<p><strong>AUSZEICHNUNGEN f\u00fcr LIGHT OF LIFE:\u00a0<\/strong><\/p>\n<p><strong>Light of Life ist von wissenschaftlichen Forschungen inspiriert, die sogar<\/strong><b> mit dem Nobelpreis ausgezeichnet <\/b>und erhielt zudem die h\u00f6chste Auszeichnung des Europ\u00e4ischen Kongresses f\u00fcr \u00c4sthetische Anti-Aging-Medizin (AMEC) in der Kategorie <strong>Das beste Anti-Aging-Nahrungserg\u00e4nzungsmittel<\/strong>.<\/p>\n<p>&nbsp;<\/p>\n<p><strong>Nach einer gewissen Nutzungsdauer bemerkte ich zunehmend ein allgemeines Gef\u00fchl des inneren Wohlbefindens und einen gesteigerten Komfort.\u00a0<\/strong>Ich bemerke Ver\u00e4nderungen vor allem in meinem Befinden \u2013 sowohl k\u00f6rperlich als auch seelisch. Ich f\u00fchle mich ausgeglichener, leichter und harmonischer, was sich auch nach au\u00dfen widerspiegelt. Diese subjektiven Empfindungen sind ein wichtiger Bestandteil meines Alltags und meiner Selbstf\u00fcrsorge. *)<\/p>\n<p>*) Dies ist eine individuelle Erfahrung und keine Aussage \u00fcber die Wirkung des Produkts.<\/p>\n<p>&nbsp;<\/p>\n<p><strong>Hergestellt von:<\/strong> USA.<\/p>\n<p>&nbsp;<\/p>\n<hr \/>\n<h5><strong>DOSIERUNG <\/strong><strong>(f\u00fcr das Nahrungserg\u00e4nzungsmittel Light of Life):<\/strong><\/h5>\n<p>2 Kapseln t\u00e4glich vor den Mahlzeiten morgens (120 Softgel-Kapseln pro Packung)<\/p>\n<p><strong>Merkmale:<\/strong> Ohne Gentechnik (ohne genetische Ver\u00e4nderung von Organismen), frei von Milchbestandteilen, Fischbestandteilen, ohne Zusatz von Gluten, Laktose, Salzzusatz, ohne Zucker, Nussbestandteile, Alkoholgehalt und anderen Allergenen.<\/p>\n<h5><strong>LAGERUNG (<\/strong><strong>f\u00fcr das Nahrungserg\u00e4nzungsmittel Light of life):<\/strong><\/h5>\n<p>Trocken und bei Raumtemperatur lagern. Vor Frost sch\u00fctzen. Nicht direkter Sonneneinstrahlung aussetzen. Au\u00dferhalb der Reichweite von Kindern aufbewahren.<\/p>\n<h5><strong>WARNUNG (zum Nahrungserg\u00e4nzungsmittel Light of Life):<\/strong><\/h5>\n<p>Es handelt sich nicht um ein Arzneimittel und ersetzt keine abwechslungsreiche Ern\u00e4hrung. Wenn Sie schwanger sind, stillen oder Medikamente einnehmen, konsultieren Sie vor der Anwendung Ihren Arzt. Nicht anwenden bei bekannter \u00dcberempfindlichkeit gegen einen der Inhaltsstoffe.<\/p>\n<p>&nbsp;<\/p>","protected":false},"excerpt":{"rendered":"<h2>Gezielte Anti-Aging-Unterst\u00fctzung auf Basis von Astragalus-Extrakt<\/h2>\n<p>Light of Life ist eine ausgekl\u00fcgelte Kombination epigenetischer Wirkstoffe, die f\u00fcr Folgendes entwickelt wurde: <strong>Unterst\u00fctzung der Zellvitalit\u00e4t<\/strong> und langfristig <strong>internes Gleichgewicht<\/strong>. Die Zusammensetzung basiert auf Substanzen (Astragalosid-IV-Komplex, aktives Cycloastragenol und Hyalurons\u00e4ure), die sich in nat\u00fcrliche Prozesse einf\u00fcgen. <strong>Erneuerung<\/strong> Organismus und <strong>Zellschutz<\/strong> von den Auswirkungen des Alltagsstresses, einschlie\u00dflich der Pflege von <strong>Telomere<\/strong>. Light of Life ist f\u00fcr diejenigen, die wollen <strong>die Zeichen des Alterns verlangsamen<\/strong> auf nat\u00fcrliche Weise und <strong>Energie steigern<\/strong>, <strong>Ausdauer<\/strong> und insgesamt <strong>Frischegef\u00fchl<\/strong>. Es eignet sich als Teil einer langfristigen K\u00f6rperpflegestrategie, bei der Qualit\u00e4t, Kontinuit\u00e4t und funktionelle Zusammensetzung, unterst\u00fctzt durch moderne Technologien, entscheidend sind.<\/p>\n<p><em><strong>Light of Life \u2013 wenn Sie kontrolliert und nicht unkontrolliert altern m\u00f6chten. Verw\u00f6hnen Sie Ihren K\u00f6rper mit Wirkstoffen, deren Wirksamkeit in zahlreichen Studien erforscht wurde.<\/strong><\/em><\/p>","protected":false},"featured_media":6098,"comment_status":"open","ping_status":"closed","template":"","meta":[],"product_brand":[58],"product_cat":[27,26,23,286,80,81,32,33],"product_tag":[],"class_list":{"0":"post-5990","1":"product","2":"type-product","3":"status-publish","4":"has-post-thumbnail","6":"product_brand-for-a-long-life","7":"product_cat-dlouhovekost","8":"product_cat-imunita","9":"product_cat-krasa","10":"product_cat-bestsellers","11":"product_cat-prevence","12":"product_cat-regenerace","13":"product_cat-zdravi-muze","14":"product_cat-zdravi-zeny","16":"first","17":"instock","18":"purchasable","19":"product-type-simple"},"_links":{"self":[{"href":"https:\/\/www.linie4life.com\/at\/wp-json\/wp\/v2\/product\/5990","targetHints":{"allow":["GET"]}}],"collection":[{"href":"https:\/\/www.linie4life.com\/at\/wp-json\/wp\/v2\/product"}],"about":[{"href":"https:\/\/www.linie4life.com\/at\/wp-json\/wp\/v2\/types\/product"}],"replies":[{"embeddable":true,"href":"https:\/\/www.linie4life.com\/at\/wp-json\/wp\/v2\/comments?post=5990"}],"version-history":[{"count":11,"href":"https:\/\/www.linie4life.com\/at\/wp-json\/wp\/v2\/product\/5990\/revisions"}],"predecessor-version":[{"id":17446,"href":"https:\/\/www.linie4life.com\/at\/wp-json\/wp\/v2\/product\/5990\/revisions\/17446"}],"wp:featuredmedia":[{"embeddable":true,"href":"https:\/\/www.linie4life.com\/at\/wp-json\/wp\/v2\/media\/6098"}],"wp:attachment":[{"href":"https:\/\/www.linie4life.com\/at\/wp-json\/wp\/v2\/media?parent=5990"}],"wp:term":[{"taxonomy":"product_brand","embeddable":true,"href":"https:\/\/www.linie4life.com\/at\/wp-json\/wp\/v2\/product_brand?post=5990"},{"taxonomy":"product_cat","embeddable":true,"href":"https:\/\/www.linie4life.com\/at\/wp-json\/wp\/v2\/product_cat?post=5990"},{"taxonomy":"product_tag","embeddable":true,"href":"https:\/\/www.linie4life.com\/at\/wp-json\/wp\/v2\/product_tag?post=5990"}],"curies":[{"name":"wp","href":"https:\/\/api.w.org\/{rel}","templated":true}]}}