{"id":6135,"date":"2025-03-20T16:12:13","date_gmt":"2025-03-20T15:12:13","guid":{"rendered":"https:\/\/www.linie4life.com\/?post_type=product&#038;p=6135"},"modified":"2026-05-03T07:34:41","modified_gmt":"2026-05-03T05:34:41","slug":"kieselgur-entgiftung-gewichtsverlust-haut-nagel-haare","status":"publish","type":"product","link":"https:\/\/www.linie4life.com\/at\/obchod\/kremelina-detoxikace-hubnuti-kuze-nehty-vlasy\/","title":{"rendered":"MEHRKOMPONENTEN DIAMITE Entgiftung Darm Haut Haare N\u00e4gel 60 Tage 500 ml"},"content":{"rendered":"<h2>V\u00edceslo\u017ekov\u00e1 K\u0158EMELINA s fytoplanktonem, polysacharidy, vl\u00e1kninou a prebiotiky<\/h2>\n<p><span style=\"font-weight: 400;\"><em>V\u00edceslo\u017ekov\u00e1<strong> K\u0158EMELINA s fytoplanktonem, polysacharidy, vl\u00e1kninou a prebiotiky,<\/strong><\/em> 100% \u010dist\u00e1 sladkovodn\u00ed organick\u00e1 a alkalick\u00e1 potravin\u00e1\u0159sk\u00e1 k\u0159emelina.<\/span><\/p>\n<p><span style=\"font-weight: 400;\"><em><strong>K\u0158EMELINA<\/strong><\/em><\/span><span style=\"font-weight: 400;\"> m\u00e1 n\u011bkolik potenci\u00e1ln\u00edch p\u0159\u00ednos\u016f a benefit\u016f. <\/span>Je to <strong>p\u0159\u00edrodn\u00ed, NON-GMO <\/strong>pokro\u010dil\u00e1 <strong>podpora zdrav\u00e9ho st\u00e1rnut\u00ed a p\u0159irozen\u00e9 kr\u00e1sy. Na\u0161e k\u016f\u017ee, st\u0159eva, nehty, vlasy tak\u00e9 pot\u0159ebuj\u00ed &#8222;v\u00fd\u017eivu&#8220;.<\/strong><\/p>\n<p><span style=\"font-weight: 400;\"><em><strong>K\u0158EMELINA<\/strong><\/em><\/span> potravinov\u00e9 kvality je prastar\u00e1 l\u00e1tka a skute\u010dn\u00fd modern\u00ed <strong>p\u0159\u00edrodn\u00ed poklad<\/strong>, kter\u00fd\u00a0<strong>bezpe\u010dn\u011b a jednodu\u0161e m\u016f\u017ee \u0159e\u0161it \u0159adu <\/strong>v\u011bc\u00ed.<\/p>\n<p><strong>DOPORU\u010cEN\u00cd<\/strong>: V\u011bd\u011bli jste, \u017ee ji m\u016f\u017eete pou\u017e\u00edt i pro sv\u00e9 mazl\u00ed\u010dky? M\u00e1te doma pejska, ko\u010di\u010dku, kr\u00e1l\u00ed\u010dka nebo jin\u00e1 zv\u00ed\u0159\u00e1tka a chcete jim dop\u0159\u00e1t to nejlep\u0161\u00ed jako pro sebe? M\u016f\u017eete i jim d\u00e1t do j\u00eddla K\u0158EMELINU a ud\u011blat to nejlep\u0161\u00ed pro sebe a sv\u00e9 mil\u00e1\u010dky.<\/p>\n<p style=\"text-align: left;\">\u010ci\u0161t\u011bna a sterilizov\u00e1na v unik\u00e1tn\u00ed v\u00fdrob\u011b, <strong>V\u00cdCESLO\u017dKOV\u00c1<\/strong> <strong>K\u0158EMELINA<\/strong> s fytoplanktonem, prebiotiky, polysacharidy a jedlou sodou, na alkalickou k\u0159emelinu vhodnou pro lidskou spot\u0159ebu, <strong>neobsahuje \u017d\u00c1DN\u00c9 chemick\u00e9 jin\u00e9 p\u0159\u00edsady<\/strong>. <strong>Jemn\u00fd, t\u00e9m\u011b\u0159 b\u00edl\u00fd, 10-mimm jemn\u00fd pr\u00e1\u0161ek, kter\u00fd se snadno rozpust\u00ed ve vod\u011b<\/strong>. Obsahuje v pr\u016fm\u011bru <strong>96 % oxidu k\u0159emi\u010dit\u00e9ho a m\u00e9n\u011b ne\u017e 0,5 % krystalick\u00e9ho oxidu k\u0159emi\u010dit\u00e9ho<\/strong><span class=\"s1\">\u00a0= <\/span><strong>vysok\u00fd obsah p\u0159\u00edrodn\u00edho organick\u00e9ho oxidu k\u0159emi\u010dit\u00e9ho.<\/strong><\/p>\n<p style=\"text-align: left;\"><strong>Je to p\u0159\u00edrodn\u00ed, NON-GMO pokro\u010dil\u00e1 podpora zdrav\u00e9ho st\u00e1rnut\u00ed a dopl\u0148kov\u00e9 v\u00fd\u017eivy.<\/strong><\/p>\n<p style=\"text-align: left;\"><strong>Doporu\u010den\u00ed: <\/strong>vhodn\u00e1 u\u017e\u00edvat pro p<span class=\"s1\">ozitivn\u00ed \u00fa\u010dinky potravinov\u00e9 alkalick\u00e9 K\u0158EMELINY s\u00a0fytoplanktonem a polysacharidy<\/span>\u00a0v kombinacI s <strong><a href=\"https:\/\/www.linie4life.com\/obchod\/proveotic-probiotika-bez-mleka-streva\/\">PROVEOTICS<\/a> pro dosa\u017een\u00ed \u0159ady prosp\u011b\u0161n\u00fdch benefit\u016f. <\/strong><\/p>\n<p style=\"text-align: left;\"><strong>PROVEOTICS <\/strong>jsou lyofilizovan\u00e9 a <b>nevy\u017eaduj\u00ed tedy chlazen\u00ed, neztr\u00e1c\u00ed svou s\u00edlu a \u00fa\u010dinnost<\/b><b>. POZOR: <\/b>nen\u00ed bakter jako bakter, toto je d\u016fle\u017eit\u00e9, je rozd\u00edl v tom co opravdu kupujete, kolik obsahuje kmen\u016f, p\u016fvod, v\u011bt\u0161ina je p\u011bstov\u00e1na na ml\u00e9\u010dn\u00e9m podkladu, zda jsou \u010dist\u00e1 nebo s aditivy, zda jsou enterosolventn\u00ed opravdu a zda je pravda co firma uv\u00e1d\u00ed, bohu\u017eel, \u010dasto je to jen marketing. Rozd\u00edl zde je v\u00fdrazn\u00fd, nap\u0159\u00edklad: my m\u00e1me v\u0161e 100% \u010dist\u00e9 v\u010detn\u011b vegansk\u00fdch kapsl\u00ed bez chemick\u00fdch slou\u010denin a syntetik a p\u0159idan\u00fdch aditiv a hlavn\u011b to podstatn\u00e9, nerozpustn\u00e9 kapsle, zapouzd\u0159en\u00e9 baktery, kter\u00e9 projdou agresivn\u00edm prost\u0159ed\u00edm \u017ealudku, tj. p\u016fsoben\u00ed kyseliny chlorovod\u00edkov\u00e9, kde je pH okolo 2 a otev\u0159eou se a\u017e ve st\u0159ev\u011b.<\/p>\n<div class=\"flex-1 overflow-hidden\">\n<div class=\"react-scroll-to-bottom--css-tibiu-79elbk h-full dark:bg-gray-800\">\n<div class=\"react-scroll-to-bottom--css-tibiu-1n7m0yu\">\n<div class=\"flex flex-col text-sm dark:bg-gray-800\">\n<div class=\"group w-full text-token-text-primary border-b border-black\/10 dark:border-gray-900\/50 bg-gray-50 dark:bg-[#444654]\" data-testid=\"conversation-turn-21\">\n<div class=\"p-4 justify-center text-base md:gap-6 md:py-6 m-auto\">\n<div class=\"flex flex-1 gap-4 text-base mx-auto md:gap-6 md:max-w-2xl lg:max-w-[38rem] xl:max-w-3xl }\">\n<div class=\"relative flex w-[calc(100%-50px)] flex-col gap-1 md:gap-3 lg:w-[calc(100%-115px)]\">\n<div class=\"flex flex-grow flex-col gap-3 max-w-full\">\n<div class=\"min-h-[20px] flex flex-col items-start gap-3 overflow-x-auto whitespace-pre-wrap break-words\">\n<div class=\"markdown prose w-full break-words dark:prose-invert light\">\n<p><strong>K\u0159emelina m\u00e1 n\u011bkolik potenci\u00e1ln\u00edch p\u0159\u00ednos\u016f a benefit\u016f pro t\u011blo<\/strong>, a\u010dkoli v\u011bdeck\u00fd v\u00fdzkum v t\u00e9to oblasti je st\u00e1le limitovan\u00fd.<\/p>\n<\/div>\n<\/div>\n<\/div>\n<\/div>\n<\/div>\n<\/div>\n<\/div>\n<\/div>\n<\/div>\n<\/div>\n<\/div>\n<p><strong>K\u0158EMELINA <\/strong>(r<span class=\"Y2IQFc\" lang=\"cs\">ozsivkov\u00e1 zemina) je p\u0159irozen\u011b se vyskytuj\u00edc\u00ed m\u011bkk\u00e1 sediment\u00e1rn\u00ed hornina slo\u017een\u00e1 ze zkamen\u011bl\u00fdch zbytk\u016f rozsivek, co\u017e jsou mikroskopick\u00e9 \u0159asy se schr\u00e1nkami oxidu k\u0159emi\u010dit\u00e9ho a pat\u0159\u00ed mezi <b>nejb\u011b\u017en\u011bj\u0161\u00ed typy fytoplanktonu<\/b>. Tyto fytoplanktony, kdysi vzkv\u00e9tali jako forma zlatohn\u011bd\u00fdch vodn\u00edch \u0159as nebo plankton\u016f, kter\u00e9 \u017eily ve sladkovodn\u00edch jezerech jako zdroj potravy pro r\u016fzn\u00e9 druhy vodn\u00edch tvor\u016f. \u010casto se pou\u017e\u00edv\u00e1 v zem\u011bd\u011blstv\u00ed, k huben\u00ed \u0161k\u016fdc\u016f, u filtrace vody, atd. <strong>Potravinov\u00e1 k\u0159emelina je bezpe\u010dn\u00e1 pro lidskou spot\u0159ebu a pou\u017e\u00edv\u00e1 se pro sv\u00e9 potenci\u00e1ln\u00ed p\u0159\u00ednosy<\/strong>. Fytoplankton jsou mikroskopick\u00e9, fotosyntetick\u00e9 organismy, kter\u00e9 se un\u00e1\u0161ej\u00ed ve vodn\u00edch ploch\u00e1ch, v\u010detn\u011b oce\u00e1n\u016f a sladkovodn\u00edch syst\u00e9m\u016f. Slou\u017e\u00ed jako z\u00e1klad vodn\u00edch potravinov\u00fdch \u0159et\u011bzc\u016f a poskytuj\u00ed z\u00e1kladn\u00ed \u017eiviny pro mo\u0159sk\u00fd \u017eivot. N\u011bkter\u00e9 druhy fytoplanktonu, jako je mo\u0159sk\u00fd fytoplankton, jsou bohat\u00e9 na \u017eiviny, v\u010detn\u011b esenci\u00e1ln\u00edch mastn\u00fdch kyselin, vitam\u00edn\u016f, miner\u00e1l\u016f a antioxidant\u016f. Jsou zn\u00e1m\u00e9 zejm\u00e9na pro sv\u016fj obsah omega-3 mastn\u00fdch kyselin.\u00a0<\/span><\/p>\n<div class=\"flex-1 overflow-hidden\">\n<div class=\"react-scroll-to-bottom--css-tibiu-79elbk h-full dark:bg-gray-800\">\n<div class=\"react-scroll-to-bottom--css-tibiu-1n7m0yu\">\n<div class=\"flex flex-col text-sm dark:bg-gray-800\">\n<div class=\"group w-full text-token-text-primary border-b border-black\/10 dark:border-gray-900\/50 bg-gray-50 dark:bg-[#444654]\" data-testid=\"conversation-turn-21\">\n<div class=\"p-4 justify-center text-base md:gap-6 md:py-6 m-auto\">\n<div class=\"flex flex-1 gap-4 text-base mx-auto md:gap-6 md:max-w-2xl lg:max-w-[38rem] xl:max-w-3xl }\">\n<div class=\"relative flex w-[calc(100%-50px)] flex-col gap-1 md:gap-3 lg:w-[calc(100%-115px)]\">\n<div class=\"flex flex-grow flex-col gap-3 max-w-full\">\n<div class=\"min-h-[20px] flex flex-col items-start gap-3 overflow-x-auto whitespace-pre-wrap break-words\">\n<div class=\"markdown prose w-full break-words dark:prose-invert light\">\n<p>K\u0159emelina, zn\u00e1m\u00e1 tak\u00e9 jako diatomov\u00e1 zemina nebo diatomit, vznik\u00e1 p\u0159edev\u0161\u00edm z fosiln\u00edch poz\u016fstatk\u016f mikroskopick\u00fdch \u0159as zvan\u00fdch diatomy. Jejich schr\u00e1nky jsou tvo\u0159eny oxidem k\u0159emi\u010dit\u00fdm (SiO2) a jsou velmi odoln\u00e9. <strong>D\u016fle\u017eit\u00fdm aspektem vzniku k\u0159emeliny je pomal\u00fd proces sedimentace a hromad\u011bn\u00ed diatom\u016f po dlouh\u00e9 obdob\u00ed \u010dasu<\/strong>. <strong>V\u00fdsledkem je hornina s unik\u00e1tn\u00edmi vlastnostmi<\/strong>, kter\u00e9 se pou\u017e\u00edvaj\u00ed v r\u016fzn\u00fdch pr\u016fmyslov\u00fdch a komer\u010dn\u00edch aplikac\u00edch, v\u010detn\u011b filtrace, zem\u011bd\u011blstv\u00ed, potravin\u00e1\u0159stv\u00ed a kosmetiky.<\/p>\n<p>&nbsp;<\/p>\n<p><strong>Vznik k\u0159emeliny m\u016f\u017ee b\u00fdt pops\u00e1n n\u00e1sleduj\u00edc\u00edm zp\u016fsobem:<\/strong><\/p>\n<ol>\n<li><strong>\u0158asy Diatomy<\/strong>: Diatomy jsou jednobun\u011b\u010dn\u00e9 \u0159asy, kter\u00e9 \u017eij\u00ed ve sladk\u00fdch i slan\u00fdch vod\u00e1ch po cel\u00e9m sv\u011bt\u011b. Tyto mikroorganismy maj\u00ed schr\u00e1nky nebo sko\u0159epiny, kter\u00e9 obsahuj\u00ed oxid k\u0159emi\u010dit\u00fd (SiO2). \u0158asy tvo\u0159\u00ed tis\u00edce a tis\u00edce t\u011bchto schr\u00e1nek b\u011bhem sv\u00e9ho \u017eivota.<\/li>\n<li><strong>Akumulace Schr\u00e1nek<\/strong>: B\u011bhem \u017eivota diatom\u016f se schr\u00e1nky hromad\u00ed na dn\u011b vodn\u00edch t\u011bles, jako jsou jezera, mo\u0159e a \u0159eky. Tato hromadn\u00e1 akumulace schr\u00e1nek m\u016f\u017ee v\u00e9st k tvorb\u011b diatomov\u00fdch sediment\u016f, kter\u00e9 se s\u010dasem st\u00e1vaj\u00ed diatomov\u00fdmi lo\u017eisky.<\/li>\n<li><strong>Zakonzervov\u00e1n\u00ed a Transformace<\/strong>: K\u0159emelina vznik\u00e1, kdy\u017e se tyto diatomov\u00e9 sedimenty stla\u010d\u00ed a zpevn\u00ed. Proces zahrnuje zakonzervov\u00e1n\u00ed a mineralizaci schr\u00e1nek do horniny nebo sedimentu. B\u011bhem tohoto procesu se oxid k\u0159emi\u010dit\u00fd st\u00e1v\u00e1 dominantn\u00ed slo\u017ekou, co\u017e d\u00e1v\u00e1 k\u0159emelin\u011b jej\u00ed charakteristickou chemickou strukturu.<\/li>\n<li><strong>V\u00fdsledn\u00fd Produkt<\/strong>: V\u00fdsledkem tohoto procesu je diatomov\u00e1 zemina, kter\u00e1 m\u00e1 jemnou, por\u00e9zn\u00ed strukturu a je bohat\u00e1 na oxid k\u0159emi\u010dit\u00fd. Tato struktura obsahuje mnoho mal\u00fdch d\u011br a m\u00e1 velk\u00fd povrchov\u00fd obsah, co\u017e \u010din\u00ed k\u0159emelinu velmi absorp\u010dn\u00ed.<\/li>\n<\/ol>\n<p>&nbsp;<\/p>\n<\/div>\n<hr \/>\n<\/div>\n<\/div>\n<\/div>\n<\/div>\n<\/div>\n<\/div>\n<\/div>\n<\/div>\n<\/div>\n<\/div>\n<h5 class=\"p3\"><span class=\"s1\"><b>D\u00c1VKOV\u00c1N\u00cd <\/b><\/span><strong>pro dopln\u011bk stravy (K\u0159emelina s fytoplanktonem):<\/strong><\/h5>\n<p class=\"p3\"><span class=\"s1\">1 &#8211; 2 \u010dajov\u00e9 l\u017ei\u010dky denn\u011b rozpustit do teplej\u0161\u00ed vody, aby se aktivovaly ve\u0161ker\u00e9 slo\u017eky, jeliko\u017e se jedn\u00e1 o v\u00edceslo\u017ekov\u00fd produkt (t\u00edm se li\u0161\u00ed od b\u011b\u017en\u00e9 k\u0159emeliny na trhu v\u010detn\u011b jemnosti) a vyp\u00edt podle pot\u0159eby na pr\u00e1zdn\u00fd \u017ealudek s min. 100 &#8211; 200 ml vody. D\u011bti od 3 &#8211; 15 let berou polovi\u010dn\u00ed d\u00e1vku. <\/span><span class=\"s1\"><b>Balen\u00ed:\u00a0<\/b><span class=\"Apple-converted-space\">3<\/span>0 &#8211; 60 d\u00e1vek na 30 nebo 60 dn\u00ed<\/span><\/p>\n<h5 class=\"p3\"><span class=\"s1\"><b>SLO\u017dEN\u00cd <\/b><\/span><strong>pro dopln\u011bk stravy (K\u0159emelina s fytoplanktonem):<\/strong><\/h5>\n<p class=\"p3\"><span class=\"s1\">Obsahuje v pr\u016fm\u011bru 96 % oxidu k\u0159emi\u010dit\u00e9ho a m\u00e9n\u011b ne\u017e 0,5 % krystalick\u00e9ho oxidu k\u0159emi\u010dit\u00e9ho = <\/span>vysok\u00fd obsah p\u0159\u00edrodn\u00edho organick\u00e9ho oxidu k\u0159emi\u010dit\u00e9ho. <span class=\"s1\"><strong>Na\u0161e K\u0158EMELINA s\u00a0fytoplanktonem a polysacharidy\u00a0<\/strong>neobsahuje um\u011bl\u00e9 p\u0159\u00edchuti nebo sladidla, konzerva\u010dn\u00ed l\u00e1tky, cukr, \u0161krob, ml\u00e9ko, lakt\u00f3zu, s\u00f3ju, vejce, glutam\u00e1t, p\u0161enici, dro\u017ed\u00ed, stear\u00e1t ho\u0159e\u010dnat\u00fd a NEN\u00cd GENETICKY MODIFIKOVAN\u00dd.<\/span><\/p>\n<h5 class=\"p1\"><span class=\"s1\"><b>SKLADOV\u00c1N\u00cd <\/b><\/span><strong>pro dopln\u011bk stravy (K\u0159emelina s fytoplanktonem):<\/strong><\/h5>\n<p class=\"p1\">Uchov\u00e1vejte v suchu p\u0159i pokojov\u00e9 teplot\u011b. Chra\u0148te p\u0159ed mrazem. Nevystavujte p\u0159\u00edm\u00e9mu slune\u010dn\u00edmu z\u00e1\u0159en\u00ed. Skladujte mimo dosah d\u011bt\u00ed.<\/p>\n<h5><strong>UPOZORN\u011aN\u00cd pro dopln\u011bk stravy (K\u0159emelina s fytoplanktonem):<\/strong><\/h5>\n<p>Nejde o l\u00e9k a nenahrazuje pestrou stravu. Pokud jste t\u011bhotn\u00e1, koj\u00edte nebo u\u017e\u00edv\u00e1te l\u00e9ky, pora\u010fte se o u\u017e\u00edv\u00e1n\u00ed se sv\u00fdm l\u00e9ka\u0159em. Nepou\u017e\u00edvejte p\u0159i zn\u00e1m\u00e9 p\u0159ecitliv\u011blosti na n\u011bkterou slo\u017eku p\u0159\u00edpravku.<\/p>\n","protected":false},"excerpt":{"rendered":"<h3>Nat\u00fcrliche Mineralstoffunterst\u00fctzung zur Reinigung und Vitalisierung des Organismus<\/h3>\n<p><strong>Kieselgur<\/strong> Ist <strong>nat\u00fcrliche Siliziumquelle<\/strong>, das aufgrund seiner F\u00e4higkeit, nat\u00fcrliche <strong>Reinigungsverfahren<\/strong> K\u00f6rper. St\u00fctzt <strong>innere Balance<\/strong> Organismus und ist als Bestandteil der Hautpflege beliebt <strong>Verdauung, Stoffwechselkomfort<\/strong> und insgesamt <strong>Gef\u00fchl der Leichtigkeit<\/strong>. Es spielt auch eine Rolle in der Sch\u00f6nheitspflege \u2013 f\u00fcr Haut, Haare und N\u00e4gel \u2013 und ist bei Menschen beliebt, die einfache und nat\u00fcrliche L\u00f6sungen bevorzugen. Reine Form ohne Zusatzstoffe, geeignet f\u00fcr die t\u00e4gliche Anwendung. <strong>100% reine, organische und alkalische S\u00fc\u00dfwasser-Kieselgur in Lebensmittelqualit\u00e4t.<\/strong><\/p>\n<p><strong><em>Kieselgur \u2013 f\u00fcr ein nat\u00fcrliches Gleichgewicht von innen heraus. Beginnen Sie mit einer sinnvollen Entgiftung.<\/em><\/strong><\/p>","protected":false},"featured_media":6162,"comment_status":"open","ping_status":"closed","template":"","meta":[],"product_brand":[58],"product_cat":[15,25,26,31,32,33],"product_tag":[],"class_list":{"0":"post-6135","1":"product","2":"type-product","3":"status-publish","4":"has-post-thumbnail","6":"product_brand-for-a-long-life","7":"product_cat-detoxikace","8":"product_cat-hubnuti","9":"product_cat-imunita","10":"product_cat-zdrave-zazivani","11":"product_cat-zdravi-muze","12":"product_cat-zdravi-zeny","14":"first","15":"instock","16":"purchasable","17":"product-type-simple"},"_links":{"self":[{"href":"https:\/\/www.linie4life.com\/at\/wp-json\/wp\/v2\/product\/6135","targetHints":{"allow":["GET"]}}],"collection":[{"href":"https:\/\/www.linie4life.com\/at\/wp-json\/wp\/v2\/product"}],"about":[{"href":"https:\/\/www.linie4life.com\/at\/wp-json\/wp\/v2\/types\/product"}],"replies":[{"embeddable":true,"href":"https:\/\/www.linie4life.com\/at\/wp-json\/wp\/v2\/comments?post=6135"}],"version-history":[{"count":10,"href":"https:\/\/www.linie4life.com\/at\/wp-json\/wp\/v2\/product\/6135\/revisions"}],"predecessor-version":[{"id":17367,"href":"https:\/\/www.linie4life.com\/at\/wp-json\/wp\/v2\/product\/6135\/revisions\/17367"}],"wp:featuredmedia":[{"embeddable":true,"href":"https:\/\/www.linie4life.com\/at\/wp-json\/wp\/v2\/media\/6162"}],"wp:attachment":[{"href":"https:\/\/www.linie4life.com\/at\/wp-json\/wp\/v2\/media?parent=6135"}],"wp:term":[{"taxonomy":"product_brand","embeddable":true,"href":"https:\/\/www.linie4life.com\/at\/wp-json\/wp\/v2\/product_brand?post=6135"},{"taxonomy":"product_cat","embeddable":true,"href":"https:\/\/www.linie4life.com\/at\/wp-json\/wp\/v2\/product_cat?post=6135"},{"taxonomy":"product_tag","embeddable":true,"href":"https:\/\/www.linie4life.com\/at\/wp-json\/wp\/v2\/product_tag?post=6135"}],"curies":[{"name":"wp","href":"https:\/\/api.w.org\/{rel}","templated":true}]}}