{"id":6139,"date":"2025-03-20T16:12:13","date_gmt":"2025-03-20T15:12:13","guid":{"rendered":"https:\/\/www.linie4life.com\/?post_type=product&#038;p=6139"},"modified":"2026-05-03T18:06:09","modified_gmt":"2026-05-03T16:06:09","slug":"sunshine-vitamin-d3-im-spray-2000-ie","status":"publish","type":"product","link":"https:\/\/www.linie4life.com\/at\/obchod\/sunshine-vitamin-d3-ve-spreji-2000-iu\/","title":{"rendered":"SUNSHINE Vitamin-D3-Spray 2000 IE Orangengeschmack 50 ml 120 Tage"},"content":{"rendered":"<h2>SUNSHINE Vitamin-D3-Nahrungserg\u00e4nzungsmittel \u2013 nat\u00fcrliches Vitaminspray mit Orangengeschmack<\/h2>\n<p>Die Hauptvorteile dieser <b>FLLmicro<\/b><b><sup>TM<\/sup><\/b> Vitamin D3 Sprays gew\u00e4hrleisten die h\u00f6chste Bioverf\u00fcgbarkeit von Vitamin D im Vergleich zu anderen Formen der Vitamin D Einnahme, wie Tabletten, Kapseln, Tropfen oder anderen Sprayformen ohne Mikroemulsion, weshalb es bei uns Vitamin D3 SUNSHINE in dieser Form gibt.<\/p>\n<p><strong>In einer doppelblinden, randomisierten, placebokontrollierten klinischen Studie<\/strong> In vivo wurde nachgewiesen, dass nat\u00fcrliches Vitaminspray <strong>SUNSHINE D3 erh\u00f6hte den Vitamin D-Spiegel<\/strong> f\u00fcr Benutzer <strong>durchschnittlich 123 % im Vergleich zum urspr\u00fcnglichen Niveau innerhalb von 30 Tagen ab Testbeginn.<\/strong><\/p>\n<p>Es ist <strong>nat\u00fcrlich, gentechnikfrei <\/strong>fortschrittlich <strong>Unterst\u00fctzung eines gesunden Alterns.<\/strong><\/p>\n<p><strong><em>Vitamin D3 SONNENSCHEIN<\/em><\/strong>gelangt in Form von Mikrotr\u00f6pfchen in die Kapillaren der Mundschleimhaut und ins Blut.\u00a0<strong>Der Wirkstoff wird sofort vom Kreislaufsystem aufgenommen und verteilt sich im ganzen K\u00f6rper. Der Magen-Darm-Trakt ist an diesem Prozess nicht beteiligt. <\/strong>was die vollst\u00e4ndige Aufnahme des Vitamins oft erschwert.<strong> Die Mikroemulsionsform des Vitamins garantiert \u00fcberzeugend eine maximale Effizienz der Vitaminaufnahme im K\u00f6rper, bis zu 95% im Vergleich zu Vitamin D3 in Kapseln oder Tropfen.\u00a0<\/strong><\/p>\n<p><strong>Im Allgemeinen k\u00f6nnen wir sagen, dass Vitamin D,<\/strong> nicht nur <strong>beteiligt sich an der Entwicklung gesunder Knochen und Z\u00e4hne<\/strong>, aber auch <strong>Es kann den K\u00f6rper vor vielen Krankheiten sch\u00fctzen, von Grippe \u00fcber Depressionen bis hin zu Diabetes. Ein langfristiger Vitamin-D-Mangel erh\u00f6ht zudem das Risiko f\u00fcr Osteoporose und Atemwegsinfektionen. <\/strong>Es beeintr\u00e4chtigt auch die normale Muskelfunktion, das Immunsystem und den Prozess der Zellteilung.<\/p>\n<p><strong>Vitamin D spielt eine wichtige Rolle bei der Aufnahme von Kalzium und Phosphor sowie der Knochenmineralisierung.<\/strong>In den letzten Jahren wurden interessante Ergebnisse beobachtet hinsichtlich <strong>Herz-Kreislauf-Gesundheit, Immunmodulation, Fettleibigkeit und Diabetes<\/strong>.<\/p>\n<p>Vitamin D, das in bestimmten Lebensmitteln enthalten ist und in unserem K\u00f6rper durch Sonneneinstrahlung synthetisiert wird, ist ein wichtiger N\u00e4hrstoff f\u00fcr die menschliche Gesundheit.<\/p>\n<p>&nbsp;<\/p>\n<hr \/>\n<h5 class=\"p3\"><span class=\"s1\"><b>DOSIERUNG <\/b><\/span><strong>zur Nahrungserg\u00e4nzung (Vitamin Sunshine D3):<\/strong><\/h5>\n<p class=\"p3\"><span class=\"s1\">1 Spr\u00fchsto\u00df pro Tag (2000 IE) f\u00fcr 120 Tage ist die empfohlene Tagesdosis. Bei erh\u00f6htem Bedarf (Herbst- und Wintermonate, bei Stress, Energieverlust, M\u00fcdigkeit, Ersch\u00f6pfung, Schw\u00e4chung des K\u00f6rpers) empfehlen wir, die Tagesdosis auf 2-6 Spr\u00fchst\u00f6\u00dfe pro Tag zu erh\u00f6hen.<\/span><\/p>\n<p class=\"p3\"><span class=\"s1\">Kinder von 3-15 Jahren: 1 Spr\u00fchsto\u00df t\u00e4glich.\u00a0<\/span><\/p>\n<h5 class=\"p3\"><span class=\"s1\"><b>ZUSAMMENSETZUNG <\/b><\/span><strong>zur Nahrungserg\u00e4nzung (Vitamin Sunshine D3):<\/strong><\/h5>\n<p>Nat\u00fcrliches Vitamin D3, angereichert mit Orangenaroma und dem nat\u00fcrlichen S\u00fc\u00dfstoff Xylitol, unterst\u00fctzt die Mund- und Zahngesundheit. Der Wirkstoff von SUNSHINE D3 ist Lanolin.<\/p>\n<p>PlaySure Play Sure-Doping-zertifiziertes Produkt. Koscher hergestellt und verpackt gem\u00e4\u00df den j\u00fcdischen koscheren Ern\u00e4hrungsgesetzen.<\/p>\n<h5 class=\"p1\"><span class=\"s1\"><b>LAGERUNG <\/b><\/span><strong>zur Nahrungserg\u00e4nzung (Vitamin Sunshine D3):<\/strong><\/h5>\n<p class=\"p1\">Trocken und bei Raumtemperatur lagern. Vor Frost sch\u00fctzen. Nicht direkter Sonneneinstrahlung aussetzen. Au\u00dferhalb der Reichweite von Kindern aufbewahren.<\/p>\n<h5><strong>WARNUNG zum Nahrungserg\u00e4nzungsmittel (Sunshine D3 Vitamin):<\/strong><\/h5>\n<p>Es handelt sich nicht um ein Arzneimittel und ersetzt keine abwechslungsreiche Ern\u00e4hrung. Wenn Sie schwanger sind, stillen oder Medikamente einnehmen, konsultieren Sie vor der Anwendung Ihren Arzt. Nicht anwenden bei bekannter \u00dcberempfindlichkeit gegen einen der Inhaltsstoffe.<\/p>","protected":false},"excerpt":{"rendered":"<h2>Vitamin-D3-Spray zur t\u00e4glichen Unterst\u00fctzung von Immunsystem und Vitalit\u00e4t<\/h2>\n<p><strong>SONNENSCHEIN Vitamin D3<\/strong> im Spray liefert 2<strong>000 IE Vitamin D3 in einer hoch bioverf\u00fcgbaren Form<\/strong>, was sich in die allt\u00e4gliche Pflege einf\u00fcgt<strong>Immunsystem, Muskeln und allgemeine Vitalit\u00e4t<\/strong> Vitamin D ist f\u00fcr den Organismus besonders wichtig in Zeiten mit wenig Sonnenlicht, bei erh\u00f6hter k\u00f6rperlicher oder geistiger Belastung oder f\u00fcr Menschen, die sich unregelm\u00e4\u00dfig im Freien aufhalten. Die praktische Sprayform erm\u00f6glicht <strong>einfache und pr\u00e4zise Dosierung<\/strong> ohne die Verdauung zu belasten. Die reine Zusammensetzung ohne unn\u00f6tige Zusatzstoffe macht SUNSHINE zu einer einfachen, aber funktionalen Basis f\u00fcr die langfristige Gesundheitsvorsorge.<\/p>\n<p><em><strong>SUNSHINE D3 \u2013 eine t\u00e4gliche Dosis Licht, auch wenn die Sonne fehlt. Versorgen Sie Ihren K\u00f6rper auf clevere und einfache Weise mit Vitamin D.<\/strong><\/em><\/p>","protected":false},"featured_media":6168,"comment_status":"open","ping_status":"closed","template":"","meta":[],"product_brand":[58],"product_cat":[27,25,26,23,81,29,30,32,33],"product_tag":[64,72,65,66,67,68,73,69,70],"class_list":{"0":"post-6139","1":"product","2":"type-product","3":"status-publish","4":"has-post-thumbnail","6":"product_brand-for-a-long-life","7":"product_cat-dlouhovekost","8":"product_cat-hubnuti","9":"product_cat-imunita","10":"product_cat-krasa","11":"product_cat-regenerace","12":"product_cat-spanek-a-uzkost","13":"product_cat-zdrave-srdce","14":"product_cat-zdravi-muze","15":"product_cat-zdravi-zeny","16":"product_tag-hubnuti","17":"product_tag-imunita","18":"product_tag-lek","19":"product_tag-medicina","20":"product_tag-priroda","21":"product_tag-prirodni","22":"product_tag-vitamin","23":"product_tag-zdravi","24":"product_tag-zdravy","26":"first","27":"instock","28":"purchasable","29":"product-type-simple"},"_links":{"self":[{"href":"https:\/\/www.linie4life.com\/at\/wp-json\/wp\/v2\/product\/6139","targetHints":{"allow":["GET"]}}],"collection":[{"href":"https:\/\/www.linie4life.com\/at\/wp-json\/wp\/v2\/product"}],"about":[{"href":"https:\/\/www.linie4life.com\/at\/wp-json\/wp\/v2\/types\/product"}],"replies":[{"embeddable":true,"href":"https:\/\/www.linie4life.com\/at\/wp-json\/wp\/v2\/comments?post=6139"}],"version-history":[{"count":10,"href":"https:\/\/www.linie4life.com\/at\/wp-json\/wp\/v2\/product\/6139\/revisions"}],"predecessor-version":[{"id":17368,"href":"https:\/\/www.linie4life.com\/at\/wp-json\/wp\/v2\/product\/6139\/revisions\/17368"}],"wp:featuredmedia":[{"embeddable":true,"href":"https:\/\/www.linie4life.com\/at\/wp-json\/wp\/v2\/media\/6168"}],"wp:attachment":[{"href":"https:\/\/www.linie4life.com\/at\/wp-json\/wp\/v2\/media?parent=6139"}],"wp:term":[{"taxonomy":"product_brand","embeddable":true,"href":"https:\/\/www.linie4life.com\/at\/wp-json\/wp\/v2\/product_brand?post=6139"},{"taxonomy":"product_cat","embeddable":true,"href":"https:\/\/www.linie4life.com\/at\/wp-json\/wp\/v2\/product_cat?post=6139"},{"taxonomy":"product_tag","embeddable":true,"href":"https:\/\/www.linie4life.com\/at\/wp-json\/wp\/v2\/product_tag?post=6139"}],"curies":[{"name":"wp","href":"https:\/\/api.w.org\/{rel}","templated":true}]}}