{"id":6146,"date":"2025-03-20T16:12:13","date_gmt":"2025-03-20T15:12:13","guid":{"rendered":"https:\/\/www.linie4life.com\/?post_type=product&#038;p=6146"},"modified":"2026-04-16T10:20:28","modified_gmt":"2026-04-16T08:20:28","slug":"provootische-probiotika-ohne-milchdarm","status":"publish","type":"product","link":"https:\/\/www.linie4life.com\/at\/obchod\/proveotic-probiotika-bez-mleka-streva\/","title":{"rendered":"PROVEOTICS vegane Probiotika und Pr\u00e4biotika ohne Milch 60 Kapseln 30 Tage"},"content":{"rendered":"<h2><strong>12 ausgewogene probiotische St\u00e4mme und Pr\u00e4biotika f\u00fcr alle, auch f\u00fcr Veganer und Allergiker.<\/strong><\/h2>\n<p><em>Wirksame und hochwirksame Probiotika und Pr\u00e4biotika, geeignet f\u00fcr alle Altersgruppen, aber auch f\u00fcr Menschen mit Z\u00f6liakie, Laktoseintoleranz sowie Allergien gegen Kasein und Histamin. Magensaftresistente Kapseln, die sich im Darm aufl\u00f6sen.<\/em><\/p>\n<p>Kombination <strong>12 sorgf\u00e4ltig aufeinander abgestimmte probiotische St\u00e4mme, erg\u00e4nzt mit Pr\u00e4biotika<\/strong> wurde mit Fokus auf breite Vertr\u00e4glichkeit und maximale Vertr\u00e4glichkeit f\u00fcr den Organismus entwickelt. Die Zusammensetzung ist geeignet <strong>f\u00fcr alle Altersgruppen<\/strong>, einschlie\u00dflich Menschen mit <strong>Z\u00f6liakie<\/strong>, <strong data-start=\"406\" data-end=\"432\">Laktoseintoleranz<\/strong>, <strong>Kaseinallergie<\/strong> wessen <strong>Histaminempfindlichkeit<\/strong>. Das Produkt ist vollst\u00e4ndig <strong>vegan<\/strong>, ohne unn\u00f6tige Zusatzstoffe und technologische Beimischungen. Verwendet <strong>magensaftresistente Kapseln<\/strong> sch\u00fctzt probiotische Kulturen vor den Auswirkungen der Magens\u00e4ure und <strong data-start=\"665\" data-end=\"696\">Sie l\u00f6sen sich erst im Darm auf.<\/strong>, wo probiotische St\u00e4mme und Pr\u00e4biotika auf nat\u00fcrliche Weise das Darmgleichgewicht und das Wohlbefinden im Verdauungstrakt unterst\u00fctzen k\u00f6nnen.<\/p>\n<h3>Unser Lactobacillus enth\u00e4lt keine Milch.<\/h3>\n<p>Viele Menschen assoziieren den Lactobacillus-Stamm mit Laktose und Milchzucker. Lactobacillus wird nicht nur aus fermentierten Milchprodukten gewonnen, sondern auch zur Fermentierung von Milchprodukten sowie zur Herstellung von K\u00e4se und Joghurt verwendet. Lactobacillus wird h\u00e4ufig auf Milchsubstrat gez\u00fcchtet, die Milch wird jedoch w\u00e4hrend der Verarbeitung entfernt. Eine weitere M\u00f6glichkeit ist die Z\u00fcchtung auf K\u00fcrbissubstrat.\u00a0<strong>So machen wir das!<\/strong><\/p>\n<div class=\"et_pb_with_border et_pb_module et_pb_wc_description et_pb_wc_description_1_tb_body et_pb_bg_layout_light et_pb_text_align_justified\">\n<div class=\"et_pb_module_inner\">\n<h3>Warum nicht alle Probiotika gleich sind<\/h3>\n<p><em>Qualit\u00e4t, Herkunft und Verarbeitungstechnologie spielen eine entscheidende Rolle.<\/em><\/p>\n<p>Es gibt grundlegende Unterschiede auf dem Probiotika-Markt, die auf den ersten Blick nicht erkennbar sind. Es ist nicht nur das, <strong>dass das Produkt &quot;einige Bakterien&quot; enth\u00e4lt\u201e<\/strong>, Aber <strong>welche St\u00e4mme<\/strong>, <strong>in welcher Menge<\/strong>, <strong>Woher stammen sie?<\/strong> a <strong>In welcher Form gelangen sie tats\u00e4chlich in den K\u00f6rper?<\/strong>.<\/p>\n<p>Die entscheidende Rolle spielen:<\/p>\n<ul>\n<li><strong>Anzahl und Vielfalt der probiotischen St\u00e4mme<\/strong>,<\/li>\n<li data-start=\"676\" data-end=\"762\">\n<p data-start=\"678\" data-end=\"762\"><strong data-start=\"678\" data-end=\"698\">Anbaumethode<\/strong> (Die meisten gebr\u00e4uchlichen Probiotika werden auf Milchbasis gez\u00fcchtet),<\/p>\n<\/li>\n<li data-start=\"763\" data-end=\"859\">\n<p data-start=\"765\" data-end=\"859\"><strong data-start=\"765\" data-end=\"784\">Reinheit der Zusammensetzung<\/strong> und das Vorhandensein oder Fehlen von Zusatzstoffen, synthetischen Stoffen und technologischen Beimischungen,<\/p>\n<\/li>\n<li data-start=\"860\" data-end=\"942\">\n<p data-start=\"862\" data-end=\"942\"><strong data-start=\"862\" data-end=\"880\">Kapselqualit\u00e4t<\/strong> und ihre tats\u00e4chliche Widerstandsf\u00e4higkeit gegen\u00fcber der Umgebung des Verdauungstraktes,<\/p>\n<\/li>\n<li data-start=\"943\" data-end=\"1081\">\n<p data-start=\"945\" data-end=\"1081\">und auch <strong data-start=\"952\" data-end=\"984\">die Richtigkeit der Herstellerangaben<\/strong>, die in manchen F\u00e4llen leider eher eine Marketingaussage als ein echter Standard sind.<\/p>\n<\/li>\n<\/ul>\n<p data-start=\"1083\" data-end=\"1456\">Bei Proveotics ist dieser Unterschied grundlegend. Das Produkt basiert auf <strong data-start=\"1143\" data-end=\"1166\">100% reine Zusammensetzung<\/strong>, einschlie\u00dflich <strong data-start=\"1175\" data-end=\"1250\">Vegane Kapseln ohne chemische Verbindungen, synthetische Stoffe und Zusatzstoffe<\/strong>. Der entscheidende Faktor ist jedoch die Technologie zum Schutz der Bakterien selbst \u2013 <strong data-start=\"1317\" data-end=\"1383\">unl\u00f6sliche, magensaftresistente Kapseln mit verkapselten Kulturen<\/strong>, die so konzipiert sind, dass <strong data-start=\"1414\" data-end=\"1455\">der aggressiven Umgebung des Magens standhalten<\/strong>. Danke <strong>Lyophilisierung<\/strong> Probiotische Kulturen behalten ihre Struktur, Stabilit\u00e4t und Qualit\u00e4t bis zur Aktivierung im Verdauungstrakt. Sie m\u00fcssen nicht im K\u00fchlschrank aufbewahrt werden.<\/p>\n<p data-start=\"1458\" data-end=\"1769\">Die Magens\u00e4ure hat einen pH-Wert von ungef\u00e4hr <strong data-start=\"1508\" data-end=\"1519\">etwa 2<\/strong>, einer Umgebung, in der herk\u00f6mmliche probiotische Kulturen oft absterben, bevor sie ihr Ziel erreichen. Bei Proveotics hingegen sind die Kapseln <strong data-start=\"1672\" data-end=\"1698\">Sie \u00f6ffnen sich nur im Darm<\/strong>, d.h. an dem Ort, wo probiotische St\u00e4mme ihre Funktion tats\u00e4chlich erf\u00fcllen k\u00f6nnen.<\/p>\n<\/div>\n<\/div>\n<h2>Was sind Probiotika?<\/h2>\n<p><span class=\"Y2IQFc\" lang=\"cs\"><strong>Sie haben wahrscheinlich eine allgemeine Vorstellung davon, was Probiotika eigentlich sind.<\/strong>\u00a0Probiotika sind lebende Mikroorganismen, die bei ausreichender Einnahme verschiedene gesundheitliche Vorteile bieten. Diese Mikroorganismen <strong>werden oft als \u201egute\u201c oder \u201efreundliche\u201c Bakterien bezeichnet, da sie zur Aufrechterhaltung eines ausgewogenen und gesunden Darmmikrobioms beitragen k\u00f6nnen. <\/strong><\/span><span class=\"Y2IQFc\" lang=\"cs\">Sie tragen zur Aufrechterhaltung eines ausgeglichenen Darmmikrobioms bei, indem sie<strong> f\u00f6rdern das Wachstum n\u00fctzlicher Bakterien und hemmen das Wachstum sch\u00e4dlicher Bakterien<\/strong>Dieses Gleichgewicht ist f\u00fcr die Verdauung, die N\u00e4hrstoffaufnahme und das allgemeine Wohlbefinden des Verdauungstrakts von entscheidender Bedeutung.<\/span><\/p>\n<p><strong>Probiotika kommen nat\u00fcrlicherweise in fermentierten Lebensmitteln wie Joghurt, Kefir, Sauerkraut, Kimchi und Miso vor, unter anderem, oder sind erh\u00e4ltlich<\/strong> in Form von Nahrungserg\u00e4nzungsmitteln. Es ist wichtig zu wissen, dass die Wirksamkeit von Probiotika je nach den verwendeten St\u00e4mmen und individuellen Faktoren variieren kann. Sprechen wir also etwas genauer dar\u00fcber.<\/p>\n<div style=\"border: 1px solid rgba(0, 0, 0, 0.08); border-radius: 14px; background-color: rgba(0, 0, 0, 0.02); padding: 18px 22px; margin: 24px 0;\">\n<p style=\"margin: 0; color: #333;\">Aus eigener Erfahrung <strong>Ich empfehle es insbesondere in Zeiten, in denen der K\u00f6rper geschw\u00e4cht oder \u00fcberlastet ist.<\/strong> \u2013 zum Beispiel bei der Einnahme von Antibiotika, bei einer Erk\u00e4ltung mit vermehrter Schleimproduktion, bei Verdauungsbeschwerden (Bl\u00e4hungen, Druckgef\u00fchl, V\u00f6llegef\u00fchl oder einem \u201eaufgebl\u00e4hten Bauch\u201c), bei Nahrungsmittelallergien, nach Untersuchungen wie z. B.<br \/>\nEine Darmspiegelung oder Magenspiegelung kann auch bei Gewichtsabnahme sinnvoll sein. Die positiven Auswirkungen \u00fcberraschen uns jedoch oft, selbst dort, wo wir sie nicht erwarten w\u00fcrden \u2013 in Form von innerem Frieden, psychischem Wohlbefinden und einer gest\u00e4rkten Widerstandsf\u00e4higkeit des Organismus.<\/p>\n<\/div>\n<h3>Was Proveotics so wirksam macht: probiotische St\u00e4mme<\/h3>\n<p>Eine ausgewogene Kombination von Probiotika zur Unterst\u00fctzung der Darmflora, der Verdauung und des inneren Gleichgewichts.<\/p>\n<h4>Lactobacillus bulgaricus<\/h4>\n<p>Lactobacillus bulgaricus ist ein nat\u00fcrlich vorkommendes Milchs\u00e4urebakterium, das zur Darmflora geh\u00f6rt. Es findet sich auch in traditionell fermentierten Lebensmitteln. Dieser Stamm wird aufgrund seiner F\u00e4higkeit gesch\u00e4tzt, <strong>unterst\u00fctzen das Gleichgewicht der Darmumgebung<\/strong>, Sie tragen zu einer effizienten Verdauung bei und unterst\u00fctzen die nat\u00fcrlichen Abwehrmechanismen des K\u00f6rpers. Forschungsergebnisse deuten auf ihre Rolle bei folgenden Punkten hin: <strong>Erhaltung eines gesunden Verdauungsbeschwerdens, der Funktion der Schleimh\u00e4ute und der allgemeinen Vitalit\u00e4t<\/strong>.<\/p>\n<h4>Bifidobacterium longum<\/h4>\n<p>Bifidobacterium longum ist ein nat\u00fcrlicher Bewohner des menschlichen Verdauungstrakts. Es handelt sich um ein nicht-pathogenes Bakterium, das an der Fermentation von Kohlenhydraten und der Produktion von Milchs\u00e4ure beteiligt ist. Dies tr\u00e4gt dazu bei, <strong>Schaffung eines g\u00fcnstigen Darmmilieus<\/strong>, Dadurch wird das Wachstum unerw\u00fcnschter Mikroorganismen eingeschr\u00e4nkt und die Harmonie der Darmflora gef\u00f6rdert. Dieser Stamm ist mit folgenden Faktoren assoziiert: <strong>Verdauungsbeschwerden, Stoffwechselgleichgewicht und Unterst\u00fctzung der nat\u00fcrlichen Immunit\u00e4t<\/strong>, insbesondere in Zeiten erh\u00f6hter Belastung des K\u00f6rpers.<\/p>\n<h4>Lactobacillus paracasei<\/h4>\n<p>Lactobacillus paracasei ist ein Milchs\u00e4urebakterium, das h\u00e4ufig bei der Lebensmittelfermentation und in probiotischen Kulturen eingesetzt wird. Es kommt nat\u00fcrlicherweise im Darm und in der Mundh\u00f6hle vor. Es ist Teil der normalen menschlichen Darmflora und bekannt f\u00fcr seine F\u00e4higkeit, \u2026 <strong>an der Darmschleimhaut haften<\/strong>, Sie sind an der Faserverarbeitung beteiligt und produzieren Milchs\u00e4ure. Einige St\u00e4mme werden hinsichtlich ihrer Eigenschaften untersucht. <strong>Einfluss auf das Gleichgewicht des Darmmilieus, die Immunantwort und die allgemeine Anpassung des Organismus<\/strong>.<\/p>\n<h4>Streptococcus thermophilus<\/h4>\n<p>Streptococcus thermophilus ist ein Bakterium, das in der Milchindustrie h\u00e4ufig zur Herstellung von Joghurt und K\u00e4se eingesetzt wird. Es gilt als sichere und n\u00fctzliche Kultur und wird insbesondere f\u00fcr seine F\u00e4higkeit gesch\u00e4tzt, \u2026 <strong>um Laktose zu verdauen<\/strong> und verbessert dadurch die Verdaulichkeit von Milchprodukten. Im Verdauungstrakt ist es an Folgendem beteiligt: <strong>Unterst\u00fctzung enzymatischer Prozesse und Harmonie der Darmflora<\/strong>.<\/p>\n<h4>Lactobacillus acidophilus<\/h4>\n<p>Lactobacillus acidophilus ist ein Milchs\u00e4urebakterium, das nat\u00fcrlicherweise im Verdauungstrakt und in der Mundh\u00f6hle vorkommt. Es gedeiht in saurem Milieu und produziert Milchs\u00e4ure. Es tr\u00e4gt dazu bei, <strong>Aufrechterhaltung des mikrobiellen Gleichgewichts<\/strong>, Es hemmt das \u00fcberm\u00e4\u00dfige Wachstum unerw\u00fcnschter Mikroorganismen und unterst\u00fctzt nat\u00fcrliche Verdauungsprozesse. Es ist h\u00e4ufig Bestandteil fermentierter Lebensmittel und probiotischer Mischungen, die f\u00fcr \u2026 bestimmt sind. <strong>allgemeines Wohlbefinden im Verdauungstrakt<\/strong>.<\/p>\n<h4>Lactobacillus rhamnosus<\/h4>\n<p>Lactobacillus rhamnosus ist einer der am besten erforschten probiotischen St\u00e4mme. Er ist bekannt f\u00fcr seine <strong>Widerstandsf\u00e4higkeit gegen\u00fcber der Umgebung des Verdauungstraktes<\/strong> und die F\u00e4higkeit, den Darm vor\u00fcbergehend zu besiedeln. Es beteiligt sich an <strong>Stabilit\u00e4t der Darmflora<\/strong>, Es f\u00f6rdert das nat\u00fcrliche Entgiftungsgleichgewicht und die Unterst\u00fctzung des Immunsystems. Es wird auch h\u00e4ufig mit Folgendem in Verbindung gebracht: <strong>Harmonisierung der K\u00f6rperreaktion auf \u00e4u\u00dfere Reize<\/strong>.<\/p>\n<h4>Lactobacillus fermentum<\/h4>\n<p>Lactobacillus fermentum ist ein Milchs\u00e4urebakterium, das bei der Lebensmittelfermentation eingesetzt wird. Einige St\u00e4mme werden hinsichtlich ihrer F\u00e4higkeit untersucht, <strong>Wechselwirkungen mit dem Fett- und Gallens\u00e4urestoffwechsel<\/strong>.Tr\u00e4gt bei zu <strong>Aufrechterhaltung des Darmgleichgewichts<\/strong>, unterst\u00fctzt die Anpassungsf\u00e4higkeit der Mikrobiota und die Widerstandsf\u00e4higkeit der Bakterienzellen gegen\u00fcber \u00e4u\u00dferen Einfl\u00fcssen.<\/p>\n<h4>Lactobacillus helveticus<\/h4>\n<p>Lactobacillus helveticus ist ein traditioneller Bestandteil fermentierter Milchprodukte, insbesondere von K\u00e4se. Er zeichnet sich durch seine hohe proteolytische Aktivit\u00e4t aus, die \u2026 produziert <strong>bioaktive Peptide<\/strong>. Diese Peptide werden hinsichtlich ihrer <strong>Einfluss auf Stoffwechsel- und Regulationsprozesse im Organismus<\/strong>. Der Stamm wird mit Unterst\u00fctzung in Verbindung gebracht. <strong>Gesamtbalance, Vitalit\u00e4t und funktionaler Komfort<\/strong>.<\/p>\n<p>&nbsp;<\/p>\n<h5 class=\"p1\"><span class=\"s1\"><b>DOSIERUNG <\/b><\/span><strong>zur Nahrungserg\u00e4nzung (Proveotics):<\/strong><\/h5>\n<p><span class=\"s1\">2 mal t\u00e4glich (morgens und abends). Vor oder zu den Mahlzeiten einnehmen. <strong>Der Vorteil dieser Probiotika besteht darin, dass sie sich erst im Darm aufl\u00f6sen.<\/strong><\/span><\/p>\n<p><b>Kinder von 3 bis 15 Jahren nehmen die halbe Dosis.<\/b><\/p>\n<p><b>Packungsinhalt: <\/b>120 vegane Kapseln f\u00fcr 60 Tage<\/p>\n<p>&nbsp;<\/p>\n<p class=\"p1\"><span class=\"s1\"><b>ZUSAMMENSETZUNG <\/b><\/span><strong>zur Nahrungserg\u00e4nzung (Proveotics):<\/strong><\/p>\n<p>Veganes Probiotikum, Tagesdosis enth\u00e4lt 12 St\u00e4mme und 12 Milliarden KBE.<\/p>\n<p>Lactobacillus: paracasei, acidophilus, rhamnosus, bulgaricus, fermentum, helveticus, plantarum, casei, reuteri, Bifidobacterium longum, Streptococcus thermophilus, Saccharomyces boulardii mit einer patentierten Mischung aus speziellen mizellaren PREbiotischen Ballaststoffen aus Heilpilzen und gefriergetrocknetem Maniokpulver<\/p>\n<p><span class=\"s1\"><b>Weitere Inhaltsstoffe:<\/b> nat\u00fcrliche vegane Kapsel.<\/span><\/p>\n<div class=\"et_pb_with_border et_pb_module et_pb_wc_description et_pb_wc_description_1_tb_body et_pb_bg_layout_light et_pb_text_align_justified\">\n<div class=\"et_pb_module_inner\"><b>PROVEOTIK <\/b>(Nahrungserg\u00e4nzungsmittel) enth\u00e4lt keine k\u00fcnstlichen Aromen oder S\u00fc\u00dfstoffe, Konservierungsmittel, Zucker, St\u00e4rke, Milch, Laktose, Soja, Eier, Glutamat, Weizen, Hefe, Magnesiumstearat und ist NICHT GENTECHNISCH VER\u00c4NDERT.<\/div>\n<\/div>\n<p class=\"p1\"><span class=\"s1\"><b>LAGERUNG <\/b><\/span><strong>zur Nahrungserg\u00e4nzung (Proveotics):<\/strong><\/p>\n<p>Trocken und bei Raumtemperatur lagern. Vor Frost sch\u00fctzen. Nicht direkter Sonneneinstrahlung aussetzen. Au\u00dferhalb der Reichweite von Kindern aufbewahren.<\/p>\n<p><strong>WARNUNG f\u00fcr Nahrungserg\u00e4nzungsmittel (Proveotics):<\/strong><\/p>\n<p>Es handelt sich nicht um ein Arzneimittel und ersetzt keine abwechslungsreiche Ern\u00e4hrung. Wenn Sie schwanger sind, stillen oder Medikamente einnehmen, konsultieren Sie vor der Anwendung Ihren Arzt. Nicht anwenden bei bekannter \u00dcberempfindlichkeit gegen einen der Inhaltsstoffe.<\/p>\n<p><strong>Die EU-Gesetzgebung erlaubt es uns nicht, detaillierte Informationen zur Wirksamkeit von Kr\u00e4utern und Kr\u00e4uterprodukten bereitzustellen. Tats\u00e4chlich nutzen Menschen sie seit Jahrtausenden und suchen dabei nach Hilfe aus der Natur. Wir m\u00fcssen diese EU-Verordnung einhalten, da es sich nicht um ein pharmazeutisch registriertes Arzneimittel handelt. Vielen Dank f\u00fcr Ihr Verst\u00e4ndnis.\u00a0<\/strong><strong>Aus diesem Grund empfehle ich, f\u00fcr weitere Informationen Artikel im Internet und gedruckte Ver\u00f6ffentlichungen zu lesen.\u00a0<\/strong><strong>Gerne helfe ich Ihnen bei der Beantwortung Ihrer Fragen unter: info@linie4life.com<\/strong><\/p>\n<p>&nbsp;<\/p>\n<p><strong>Linie4life \u2013 Ihr Lebensweg \u2013 alles zum Abnehmen, f\u00fcr mehr Gesundheit und zur Verlangsamung des Alterns.<\/strong><\/p>","protected":false},"excerpt":{"rendered":"<h2>Probiotika f\u00fcr maximale Benutzerfreundlichkeit<\/h2>\n<p><strong>Proveotics<\/strong> repr\u00e4sentiert <strong>eine pr\u00e4zise abgestimmte Rezeptur aus 12 gefriergetrockneten, hochwertigen probiotischen St\u00e4mmen und Pr\u00e4biotika<\/strong>, eingekapselt in <strong>magensaftresistente Kapseln<\/strong> zur gezielten Freisetzung im Darm. <strong>Absolut reine, vegane Rezeptur ohne Zusatzstoffe, synthetische Inhaltsstoffe und auf Milchbasis<\/strong> gew\u00e4hrleistet eine hohe Toleranz auch dann, wenn <strong>Z\u00f6liakie, Laktoseintoleranz, Kaseinallergie oder Histaminempfindlichkeit<\/strong>. Das Ergebnis ist <strong>Maximale Bioverf\u00fcgbarkeit, Stabilit\u00e4t der Darmflora und langfristiger Verdauungskomfort<\/strong> \u2013 ohne Kompromisse.<\/p>\n<p>Kosteng\u00fcnstige Verpackung:<\/p>\n<p><a href=\"https:\/\/www.linie4life.com\/at\/shop\/proveotic-vegane-probiotika-ohne-milch-120-kapseln\/?wmc-currency=EUR\">https:\/\/www.linie4life.com\/obchod\/proveotic-veganska-probiotika-bez-mleka-120-tobolek\/<\/a><\/p>","protected":false},"featured_media":12910,"comment_status":"open","ping_status":"closed","template":"","meta":[],"product_brand":[58],"product_cat":[25,26,23,78,29,31,77,32,33],"product_tag":[],"class_list":{"0":"post-6146","1":"product","2":"type-product","3":"status-publish","4":"has-post-thumbnail","6":"product_brand-for-a-long-life","7":"product_cat-hubnuti","8":"product_cat-imunita","9":"product_cat-krasa","10":"product_cat-psychika","11":"product_cat-spanek-a-uzkost","12":"product_cat-zdrave-zazivani","13":"product_cat-zdravi-deti","14":"product_cat-zdravi-muze","15":"product_cat-zdravi-zeny","17":"first","18":"instock","19":"purchasable","20":"product-type-simple"},"_links":{"self":[{"href":"https:\/\/www.linie4life.com\/at\/wp-json\/wp\/v2\/product\/6146","targetHints":{"allow":["GET"]}}],"collection":[{"href":"https:\/\/www.linie4life.com\/at\/wp-json\/wp\/v2\/product"}],"about":[{"href":"https:\/\/www.linie4life.com\/at\/wp-json\/wp\/v2\/types\/product"}],"replies":[{"embeddable":true,"href":"https:\/\/www.linie4life.com\/at\/wp-json\/wp\/v2\/comments?post=6146"}],"version-history":[{"count":8,"href":"https:\/\/www.linie4life.com\/at\/wp-json\/wp\/v2\/product\/6146\/revisions"}],"predecessor-version":[{"id":12940,"href":"https:\/\/www.linie4life.com\/at\/wp-json\/wp\/v2\/product\/6146\/revisions\/12940"}],"wp:featuredmedia":[{"embeddable":true,"href":"https:\/\/www.linie4life.com\/at\/wp-json\/wp\/v2\/media\/12910"}],"wp:attachment":[{"href":"https:\/\/www.linie4life.com\/at\/wp-json\/wp\/v2\/media?parent=6146"}],"wp:term":[{"taxonomy":"product_brand","embeddable":true,"href":"https:\/\/www.linie4life.com\/at\/wp-json\/wp\/v2\/product_brand?post=6146"},{"taxonomy":"product_cat","embeddable":true,"href":"https:\/\/www.linie4life.com\/at\/wp-json\/wp\/v2\/product_cat?post=6146"},{"taxonomy":"product_tag","embeddable":true,"href":"https:\/\/www.linie4life.com\/at\/wp-json\/wp\/v2\/product_tag?post=6146"}],"curies":[{"name":"wp","href":"https:\/\/api.w.org\/{rel}","templated":true}]}}