{"id":6190,"date":"2025-03-20T16:12:34","date_gmt":"2025-03-20T15:12:34","guid":{"rendered":"https:\/\/www.linie4life.com\/?post_type=product&#038;p=6190"},"modified":"2026-05-05T10:19:49","modified_gmt":"2026-05-05T08:19:49","slug":"digestiff-naturliche-verdauungsenzyme","status":"publish","type":"product","link":"https:\/\/www.linie4life.com\/at\/obchod\/digestiff-prirodni-enzymy-na-traveni\/","title":{"rendered":"DIGESTIFF starke und wirksame Verdauungsenzyme f\u00fcr schnelle Verbrennung 60 Kapseln 30 Tage"},"content":{"rendered":"<h2 class=\"p1\">\u00a0Nat\u00fcrliche Verdauungsenzyme zur Unterst\u00fctzung von Verdauung, N\u00e4hrstoffaufnahme und Verbrennung<\/h2>\n<p>Haupts\u00e4chlich<strong> Gr\u00fcnde f\u00fcr die Einnahme von DIGESTIFF<\/strong> Ist <strong>allgemeines Wohlbefinden im Zusammenhang mit der Verdauung, aber auch S\u00e4ttigung, V\u00f6llegef\u00fchl, Bl\u00e4hungen, Verdauungsst\u00f6rungen. <\/strong>Sie enthalten <strong>Mischung sorgf\u00e4ltig ausgew\u00e4hlter Enzyme<\/strong>welche<strong> beeinflusst eine Reihe biochemischer Prozesse im K\u00f6rper.,<\/strong> nur in Synergie. <strong>Die St\u00e4rke und Wirksamkeit von DIGESTIFF ist um ein Vielfaches h\u00f6her, st\u00e4rker und wirksamer als die von handels\u00fcblichen Verdauungsenzymen und liegt darin begr\u00fcndet<\/strong><strong>\u00a0Nur<\/strong> In <strong>EINZIGARTIGE MISCHUNGEN MIT HOHER EFFIZIENZ<\/strong>: Bromelain (2400 GDU\/g) 600 mg, Papain (2400 USP\/mg) 300 mg, Inulin 100 mg.<\/p>\n<p class=\"p1\">Fortschrittliche, gentechnikfreie Unterst\u00fctzung f\u00fcr Ihr Darmmikrobiom.<\/p>\n<h3>Wie sieht es mit der Enzympotenz aus?<\/h3>\n<p>Viele Hersteller verwenden auf dem Etikett zur Enzymst\u00e4rke nur das Enzymgewicht in Milligramm, was nichts aussagt, sondern lediglich angibt, wie viel das Enzym im Produkt wiegt. <strong>Entscheidend ist die St\u00e4rke des Enzyms<\/strong> und es bestimmt <strong>seine Effizienz, nicht sein Gewicht.<\/strong> <strong>Je h\u00f6her es ist<\/strong>, <strong>desto wirksamer ist das Enzym<\/strong>. <strong>Ich empfehle nur ein Produkt ohne chemische F\u00fcllstoffe.<\/strong>weil es sch\u00e4dlich f\u00fcr den K\u00f6rper ist und <strong>100% natur<\/strong>, aus eigener Erfahrung.<\/p>\n<p class=\"p1\"><strong>DIE KRAFT DER NATUR F\u00dcR SIE<\/strong>: Schluss mit Beschwerden im Alltag. Wussten Sie, dass Enzyme vielseitig einsetzbar sind und an zahlreichen enzymatischen Prozessen im K\u00f6rper beteiligt sind? Sie wirken synergistisch, jedes hat seine eigene Funktion und kann Ihnen so bei Ihren Problemen helfen.<\/p>\n<h3>Proteolytische Enzyme als Teil der nat\u00fcrlichen Verdauungsunterst\u00fctzung<\/h3>\n<p><span style=\"color: #000000;\">Bromelain ist ein proteolytisches Enzym, das aus der Ananas gewonnen wird und f\u00fcr seine entz\u00fcndungshemmenden Eigenschaften bekannt ist. <\/span><span style=\"color: #000000;\">Eigenschaften, w\u00e4hrend Papain ein proteolytisches Enzym aus Papaya ist und f\u00fcr seine verdauungsf\u00f6rdernde Wirkung bekannt ist<\/span><span style=\"color: #000000;\">Zusammen bieten sie eine Vielzahl von Vorteilen. Insgesamt ist der Einsatz von <\/span><span style=\"color: #000000;\">Verdauungsenzyme, die f\u00fcr Personen von Vorteil sind, die Schwierigkeiten mit <\/span><span style=\"color: #000000;\">Verdauung bestimmter Nahrungsmittel, wie Proteine oder Laktose, aber auch bei Nahrungsmittelallergien (Histamin, Laktose, Kasein). Inulin hingegen ist ein l\u00f6slicher Ballaststoff, <\/span><span style=\"color: #000000;\">das in Pflanzen wie Zichorienwurzel, Artischocken und Spargel vorkommt. Es ist ein Pr\u00e4biotikum, das <\/span><span style=\"color: #000000;\">unterst\u00fctzt das Wachstum n\u00fctzlicher Darmbakterien.<\/span><\/p>\n<p><strong>Integrieren Sie proteolytische Enzyme in Ihre Ern\u00e4hrung,<\/strong> bieten kann, <strong>eine Reihe von Vorteilen. <\/strong>Enzyme sind spezielle Proteine, die <strong>Sie spielen bei fast allen biochemischen Reaktionen eine Schl\u00fcsselrolle.<\/strong>\u00a0Zu diesen Reaktionen geh\u00f6ren <strong>Verdauung von Nahrung, Synthese von Zellbestandteilen, DNA-Reparatur und viele andere wichtige Prozesse<\/strong>. Enzyme <strong>Sie wirken als Katalysatoren<\/strong>, was bedeutet, dass <strong>Sie beschleunigen Reaktionen, ohne selbst verbraucht zu werden<\/strong> oder w\u00e4hrend des Prozesses dauerhaft ge\u00e4ndert.<\/p>\n<h3>Was sind proteolytische Enzyme?<\/h3>\n<p>Proteolytische Enzyme, auch Proteasen genannt, sind spezielle Enzymtypen, die die F\u00e4higkeit besitzen, Proteine (Eiwei\u00dfe) in kleinere Peptide oder Aminos\u00e4uren zu zerlegen.\u00a0<strong>Es ist wichtig, dass die proteolytischen Enzyme im K\u00f6rper im Gleichgewicht sind<\/strong>und daher <strong>werden in verschiedenen Teilen des Verdauungstraktes reguliert und produziert<\/strong>.<\/p>\n<p><strong>Wenn ein Ungleichgewicht auftritt<\/strong> <strong>oder Probleme bei der Produktion dieser Enzyme, kann die Funktion des gesamten Systems beeintr\u00e4chtigt werden. Zum Beispiel unser Darmmikrobiom, die Verdauung, die Absorption und die damit verbundenen allgemeinen Beschwerden.<\/strong><\/p>\n<p>Es handelt sich um ein nat\u00fcrliches, gentechnikfreies, fortschrittliches Verdauungshilfsmittel.<strong> Keine chemischen F\u00fcllstoffe! 100% natur.<\/strong><\/p>\n<p>&nbsp;<\/p>\n<div style=\"border: 2px solid #eb248c; border-radius: 12px; padding: 16px; background: rgba(248,238,233,0.99);\">\n<h2>Ein synergistisches Paar f\u00fcr einen umfassenderen Ansatz<\/h2>\n<h3><strong>Empfohlene Kombination: DIGESTIFF + <\/strong><strong>Pfundverlierer<\/strong><\/h3>\n<p><strong>DIGESTIFF l\u00e4sst sich bequem erg\u00e4nzen mit <a href=\"https:\/\/www.linie4life.com\/at\/shop\/poundloser-naturliches-nahrungserganzungsmittel-zur-gewichtsabnahme\/?wmc-currency=EUR\">Pfundverlierer<\/a>. <\/strong>Eine Kombination f\u00fcr alle, die nicht nur ihre Verdauung, sondern auch ihren gesamten Stoffwechsel unterst\u00fctzen m\u00f6chten. DIGESTIFF konzentriert sich auf die enzymatischen Prozesse der Verdauung, Bl\u00e4hungen und eine gesunde Verdauung. POUNDLOSER legt Wert auf die Darmpermeabilit\u00e4t, die N\u00e4hrstoffverwertung aus der Nahrung und das Energiemanagement (Kalorien) und hilft zudem bei der Regulierung des Stuhlgangs (Durchfall, Verstopfung).<\/p>\n<p>Dieses Paar kann eine interessante Erg\u00e4nzung zur Pflege des Verdauungssystems, zur Gewichtskontrolle und zur Darmmikrobiota darstellen.<\/p>\n<\/div>\n<p>&nbsp;<\/p>\n<hr \/>\n<h5 class=\"p3\"><span class=\"s1\"><b>ZUSAMMENSETZUNG <\/b><\/span><span class=\"s1\"><b>zur Nahrungserg\u00e4nzung <\/b><\/span><span class=\"s1\"><b>(DIGESTIFF):<\/b><\/span><\/h5>\n<p>%-Menge pro Tagesportion:<\/p>\n<p>Bromelain (2400 GDU\/g) 600 mg *<\/p>\n<p>Papain (2400 USP\/mg) 300 mg *<\/p>\n<p>Inulin 100 mg *<\/p>\n<p class=\"p3\">Weitere Inhaltsstoffe: Vegane Kapsel. N<span class=\"s1\">Es enth\u00e4lt keine k\u00fcnstlichen Aromen oder S\u00fc\u00dfstoffe, Konservierungsmittel, Zucker, St\u00e4rke, Milch, Laktose, Soja, Eier, Glutamat, Weizen, Hefe, Magnesiumstearat und ist NICHT gentechnisch ver\u00e4ndert.<\/span><\/p>\n<p>&nbsp;<\/p>\n<h5 class=\"p3\"><span class=\"s1\"><b>DOSIERUNG <\/b><\/span><span class=\"s1\"><b>zur Nahrungserg\u00e4nzung <\/b><\/span><span class=\"s1\"><b>(DIGESTIFF):<\/b><\/span><\/h5>\n<p>Verzehrempfehlung: 2 Kapseln t\u00e4glich: 1 morgens, 1 mittags, vor den Mahlzeiten. Packungsinhalt: 60 Kapseln f\u00fcr 30 Tage.<\/p>\n<h5 class=\"p1\"><span class=\"s1\"><b>LAGERUNG f\u00fcr Nahrungserg\u00e4nzungsmittel <\/b><\/span><span class=\"s1\"><b>(<\/b><\/span><span class=\"s1\"><b>VERDAUUNGS<\/b><\/span><span class=\"s1\"><b>):<\/b><\/span><\/h5>\n<p class=\"p1\">Trocken und bei Raumtemperatur lagern. Vor Frost sch\u00fctzen. Nicht direkter Sonneneinstrahlung aussetzen. Au\u00dferhalb der Reichweite von Kindern aufbewahren.<\/p>\n<h5><strong>BEACHTEN <\/strong><span class=\"s1\"><b>f\u00fcr Nahrungserg\u00e4nzungsmittel (<\/b><\/span><span class=\"s1\"><b>VERDAUUNGS<\/b><\/span><span class=\"s1\"><b>):<\/b><\/span><\/h5>\n<p>Es handelt sich nicht um ein Arzneimittel und ersetzt keine abwechslungsreiche Ern\u00e4hrung. Wenn Sie schwanger sind, stillen oder Medikamente einnehmen, konsultieren Sie vor der Anwendung Ihren Arzt. Nicht anwenden bei bekannter \u00dcberempfindlichkeit gegen einen der Inhaltsstoffe.<\/p>","protected":false},"excerpt":{"rendered":"<h2>Nat\u00fcrliche Unterst\u00fctzung f\u00fcr die Verdauung und N\u00e4hrstoffverwertung<\/h2>\n<p><strong>VERDAUUNGS <\/strong>ist eine ausgekl\u00fcgelte Kombination nat\u00fcrlicher Verdauungsenzyme, die <strong>unterst\u00fctzt<\/strong> nat\u00fcrlich <strong>Verdauung und ein Gef\u00fchl der Leichtigkeit nach dem Essen<\/strong>. Es hilft dem K\u00f6rper, Proteine, Fette und Kohlenhydrate effizienter zu verarbeiten und tr\u00e4gt zu einer besseren N\u00e4hrstoffverwertung aus der Nahrung bei. Es ist besonders geeignet <strong>bei V\u00f6llegef\u00fchl, Bl\u00e4hungen oder nach \u00fcppigen Mahlzeiten<\/strong>. Dank seiner milden Zusammensetzung eignet sich Digestiff f\u00fcr den t\u00e4glichen Gebrauch im Rahmen einer ausgewogenen Lebensweise \u2013 \u00fcberall dort, wo Sie Ihr Verdauungssystem entlasten m\u00f6chten.<\/p>\n<p><em><strong>Hochwirksame nat\u00fcrliche Verdauungsenzyme 100% ohne Zusatzstoffe, S\u00fc\u00dfungsmittel und F\u00fcllstoffe, die den nat\u00fcrlichen Verdauungsprozess unterst\u00fctzen, ein Gef\u00fchl der Leichtigkeit nach dem Essen erzeugen und eine schnellere Fettverbrennung erm\u00f6glichen.<\/strong><\/em><\/p>\n<p>&nbsp;<\/p>\n<p><strong>AKTION:<\/strong> <strong>Kaufen Sie 2 Packungen DIGESTIFF und erhalten Sie die dritte Packung GRATIS.<\/strong>. Sie erhalten 3 Packungen zum Preis von 2. Die dritte Packung wird Ihrer Bestellung automatisch hinzugef\u00fcgt.<\/p>","protected":false},"featured_media":18101,"comment_status":"open","ping_status":"closed","template":"","meta":[],"product_brand":[58],"product_cat":[15,25,26,23,31,32,33],"product_tag":[],"class_list":{"0":"post-6190","1":"product","2":"type-product","3":"status-publish","4":"has-post-thumbnail","6":"product_brand-for-a-long-life","7":"product_cat-detoxikace","8":"product_cat-hubnuti","9":"product_cat-imunita","10":"product_cat-krasa","11":"product_cat-zdrave-zazivani","12":"product_cat-zdravi-muze","13":"product_cat-zdravi-zeny","15":"first","16":"instock","17":"purchasable","18":"product-type-simple"},"_links":{"self":[{"href":"https:\/\/www.linie4life.com\/at\/wp-json\/wp\/v2\/product\/6190","targetHints":{"allow":["GET"]}}],"collection":[{"href":"https:\/\/www.linie4life.com\/at\/wp-json\/wp\/v2\/product"}],"about":[{"href":"https:\/\/www.linie4life.com\/at\/wp-json\/wp\/v2\/types\/product"}],"replies":[{"embeddable":true,"href":"https:\/\/www.linie4life.com\/at\/wp-json\/wp\/v2\/comments?post=6190"}],"version-history":[{"count":10,"href":"https:\/\/www.linie4life.com\/at\/wp-json\/wp\/v2\/product\/6190\/revisions"}],"predecessor-version":[{"id":18102,"href":"https:\/\/www.linie4life.com\/at\/wp-json\/wp\/v2\/product\/6190\/revisions\/18102"}],"wp:featuredmedia":[{"embeddable":true,"href":"https:\/\/www.linie4life.com\/at\/wp-json\/wp\/v2\/media\/18101"}],"wp:attachment":[{"href":"https:\/\/www.linie4life.com\/at\/wp-json\/wp\/v2\/media?parent=6190"}],"wp:term":[{"taxonomy":"product_brand","embeddable":true,"href":"https:\/\/www.linie4life.com\/at\/wp-json\/wp\/v2\/product_brand?post=6190"},{"taxonomy":"product_cat","embeddable":true,"href":"https:\/\/www.linie4life.com\/at\/wp-json\/wp\/v2\/product_cat?post=6190"},{"taxonomy":"product_tag","embeddable":true,"href":"https:\/\/www.linie4life.com\/at\/wp-json\/wp\/v2\/product_tag?post=6190"}],"curies":[{"name":"wp","href":"https:\/\/api.w.org\/{rel}","templated":true}]}}