{"id":6801,"date":"2025-04-27T15:31:25","date_gmt":"2025-04-27T13:31:25","guid":{"rendered":"https:\/\/www.linie4life.com\/?post_type=product&#038;p=6801"},"modified":"2026-03-03T12:53:49","modified_gmt":"2026-03-03T11:53:49","slug":"tee-zur-gewichtsabnahme-entgiftung-flussigkeitszufuhr","status":"publish","type":"product","link":"https:\/\/www.linie4life.com\/at\/obchod\/caj-na-hubnuti-detoxikaci-hydrataci\/","title":{"rendered":"Tee zur Gewichtsabnahme, Entgiftung, Hydratation der Lymphe, Unterst\u00fctzung der Trinkkur, Gesundheit, 100 Portionen"},"content":{"rendered":"<p><b>WAS MACHT UNSEREN TEE SO BESONDERS?<\/b><\/p>\n<p><b>Gr\u00fcner Tee<\/b> \u2013 Hilft, den Stoffwechsel zu beschleunigen und tr\u00e4gt zur Fettverbrennung bei. <b>Guarana<\/b> \u2013 Ein nat\u00fcrlicher Energie-Booster! Unterst\u00fctzt Vitalit\u00e4t, Konzentration und nat\u00fcrliche Gewichtskontrolle. <b>Ingwer<\/b> \u2013 Ein toller Partner nicht nur f\u00fcr Ihre Gelenke und Muskeln. Es gibt dem K\u00f6rper auch Vitalit\u00e4t und unterst\u00fctzt die Regeneration. <b>Spirulina<\/b> \u2013 Ein nat\u00fcrliches Antioxidans voller N\u00e4hrstoffe, das zu einem normalen Blutzuckerspiegel beitr\u00e4gt und die Immunit\u00e4t unterst\u00fctzt. <b>L-Carnitin L-Tartrat<\/b> \u2013 Eine beliebte Substanz zur Gewichtsabnahme. Es hilft, Fette in Energie umzuwandeln. <b>Isomaltulose (Palatinose)<\/b> \u2013 Zucker mit niedrigem glyk\u00e4mischen Index, der Ihnen Energie gibt, ohne den Blutzuckerspiegel stark anzuheben.<\/p>\n<p>&nbsp;<\/p>\n<p><b>WIE HILFT UNSER TEE BEIM ABNEHMEN UND DER GESUNDHEIT?<\/b><\/p>\n<p>Dank der Kombination <b>L-Carnitin, gr\u00fcner Tee, Guarana und Spirulina<\/b> Sie unterst\u00fctzen die nat\u00fcrliche Fettverbrennung und Energieumwandlung.<\/p>\n<p><b>Kalorienarmes Getr\u00e4nk<\/b> Passend zu Ihrem Trinkplan, den Sie sich mehrmals t\u00e4glich ohne Reue g\u00f6nnen k\u00f6nnen.<\/p>\n<p>&nbsp;<\/p>\n<p><b>WAS SAGT DIE WISSENSCHAFT?<\/b><\/p>\n<p><b>Palatinose (Isomaltulose)<\/b> \u2013 Ein langsam verdauliches Kohlenhydrat, das dazu beitr\u00e4gt <b>ein geringerer Anstieg des Blutzuckerspiegels<\/b> im Vergleich zu herk\u00f6mmlichem Zucker. Dies bedeutet stabile Energie ohne schnelle Schwankungen.<\/p>\n<p><b>Spirulina<\/b> \u2013 Es hilft <b>Kontrolle des K\u00f6rpergewichts<\/b> und unterst\u00fctzt <b>Muskelregeneration<\/b>.<\/p>\n<p><b>Guarana<\/b> \u2013 <b>Unterst\u00fctzt auf nat\u00fcrliche Weise die Immunit\u00e4t<\/b> und hilft, den ganzen Tag \u00fcber ein angemessenes Energiemanagement aufrechtzuerhalten.<\/p>\n<p>&nbsp;<\/p>\n<p><b>WARUM SOLLTEN SIE UNSEREN TEE ZUR GEWICHTSABNAHME TRINKEN UND IHRE T\u00c4GLICHE TRINKREGELUNG UNTERST\u00dcTZEN?<\/b><\/p>\n<p>Unterst\u00fctzt die Gewichtsabnahme und Gewichtskontrolle<br \/>\nHilft bei der Entgiftung des K\u00f6rpers<br \/>\nTr\u00e4gt zur richtigen Fl\u00fcssigkeitszufuhr bei<br \/>\nSt\u00e4rkt das Immunsystem<br \/>\nGibt auf nat\u00fcrliche Weise Energie und Vitalit\u00e4t<\/p>\n<p>&nbsp;<\/p>\n<p><b>IST UNSER TEE F\u00dcR JEDEN ZUM ABNEHMEN UND ZUR UNTERST\u00dcTZUNG EINER TRINKREGALISIERUNG GEEIGNET?<\/b><\/p>\n<p><strong>Dieser Tee ist geeignet f\u00fcr:<\/strong> die Unterst\u00fctzung bei der Gewichtsabnahme suchen und auf ausreichende Fl\u00fcssigkeitszufuhr tags\u00fcber angewiesen sind, die auf eine gesunde Lebensweise Wert legen, Vegetarier, Veganer.<\/p>\n<p><b><\/b>Keine Sorge - <b>enth\u00e4lt keine Allergene<\/b> <b>keine k\u00fcnstlichen S\u00fc\u00dfstoffe.<\/b><b><\/b><\/p>\n<p>&nbsp;<\/p>\n<p><strong>WIE<\/strong><b>KANN MAN TEE ZUBEREITEN, UM GEWICHT ZU VERLIEREN UND EINE TRINKREGIE ZU UNTERST\u00dcTZEN?<\/b><\/p>\n<p>Die Mischung in kaltem oder hei\u00dfem Wasser (vor dem Siedepunkt) aufl\u00f6sen.<br \/>\nVerzehrempfehlung: 1 bis 3 Portionen t\u00e4glich (2 g bis 6 g) in 250 ml Wasser oder einer beliebigen Wassermenge.<br \/>\nGenie\u00dfen Sie den erfrischenden Geschmack und lassen Sie der Natur ihren Lauf.<\/p>\n<p>&nbsp;<\/p>\n<hr \/>\n<p><strong>ZUSAMMENSETZUNG: <\/strong>Gr\u00fcntee-Extrakt, Isomaltulose (Palatinose), L-Carnitin-L-Tartrat, Spirulina, Guarana, Ingwer, Inulin (Wassermelonengeschmack).<\/p>\n<p>&nbsp;<\/p>\n<p><b>Erleben Sie die Kraft der Natur in jeder Tasse und unterst\u00fctzen Sie Ihre Gesundheit, Vitalit\u00e4t und Gewichtsabnahme auf nat\u00fcrliche Weise.<\/b><\/p>\n<p><b>Gesundheit beginnt mit einer Tasse Tee.<\/b><b> <\/b><\/p>","protected":false},"excerpt":{"rendered":"<p><b>Der frische Geschmack der Wassermelone, <\/b>Ein gesunder Lebensstil kann auch gut schmecken. <b>Entdecken Sie die Kraft der Natur<\/b> in jeder Tasse<b>, endlich Trinkwasser in leckerer Form,<\/b> das in die Zellen gelangt <strong>und die Dinge beginnen zu geschehen.<\/strong>\u00a0<i><\/i><\/p>\n<p>Eine k\u00f6stliche M\u00f6glichkeit, Ihren K\u00f6rper bei der Gewichtsabnahme, Entgiftung, Fl\u00fcssigkeitszufuhr, allgemeiner Vitalit\u00e4t, M\u00fcdigkeit, Ersch\u00f6pfung und verbesserter Gesundheit zu unterst\u00fctzen. Unsere <strong>Ein einzigartiger Instanttee vereint die nat\u00fcrliche Kraft von Kr\u00e4utern und funktionellen Zutaten.<\/strong><\/p>\n<p>Danke <b>nat\u00fcrlicher Wassermelonengeschmack<\/b> Unser Tee erfrischt Sie und verw\u00f6hnt Ihren Gaumen, egal ob Sie ihn hei\u00df oder kalt genie\u00dfen. <b>Wer ihn einmal probiert hat, freut sich auf die n\u00e4chste Tasse \u2013 ein Tee, der durch seinen Geschmack und seine Ruhe \u00fcberzeugt.<i>f\u00fcr Harmonien.<\/i><\/b><\/p>\n<p>Und das alles <b>ohne S\u00fc\u00dfstoffe<\/b> a <strong>unn\u00f6tige Kalorien!\u00a0<\/strong><\/p>\n<p>In einer Portion haben Sie nur <strong>minimale Energieaufnahme<\/strong>, was es zu einer idealen Wahl f\u00fcr Ihren t\u00e4glichen Trinkplan macht.<\/p>\n<p><strong>AKTION: Gratis beim Kauf von DIGESTIFF \u2013 Enzyme zur Unterst\u00fctzung einer besseren Verdauung:<\/strong><\/p>\n<p><a href=\"https:\/\/www.linie4life.com\/at\/shop\/digestiff-naturliche-verdauungsenzyme\/?wmc-currency=EUR\">https:\/\/www.linie4life.com\/obchod\/digestiff-prirodni-enzymy-na-traveni\/<\/a><\/p>\n<p>&nbsp;<\/p>\n<p>&nbsp;<\/p>","protected":false},"featured_media":13393,"comment_status":"open","ping_status":"closed","template":"","meta":[],"product_brand":[195],"product_cat":[15,27,25,26,23,201,79,28,80,78,81,29,31,77,32,33],"product_tag":[],"class_list":{"0":"post-6801","1":"product","2":"type-product","3":"status-publish","4":"has-post-thumbnail","6":"product_brand-linie4life","7":"product_cat-detoxikace","8":"product_cat-dlouhovekost","9":"product_cat-hubnuti","10":"product_cat-imunita","11":"product_cat-krasa","12":"product_cat-lymfa","13":"product_cat-ocista-jater","14":"product_cat-pohyb","15":"product_cat-prevence","16":"product_cat-psychika","17":"product_cat-regenerace","18":"product_cat-spanek-a-uzkost","19":"product_cat-zdrave-zazivani","20":"product_cat-zdravi-deti","21":"product_cat-zdravi-muze","22":"product_cat-zdravi-zeny","24":"first","25":"instock","26":"taxable","27":"shipping-taxable","28":"purchasable","29":"product-type-simple"},"_links":{"self":[{"href":"https:\/\/www.linie4life.com\/at\/wp-json\/wp\/v2\/product\/6801","targetHints":{"allow":["GET"]}}],"collection":[{"href":"https:\/\/www.linie4life.com\/at\/wp-json\/wp\/v2\/product"}],"about":[{"href":"https:\/\/www.linie4life.com\/at\/wp-json\/wp\/v2\/types\/product"}],"replies":[{"embeddable":true,"href":"https:\/\/www.linie4life.com\/at\/wp-json\/wp\/v2\/comments?post=6801"}],"version-history":[{"count":9,"href":"https:\/\/www.linie4life.com\/at\/wp-json\/wp\/v2\/product\/6801\/revisions"}],"predecessor-version":[{"id":17364,"href":"https:\/\/www.linie4life.com\/at\/wp-json\/wp\/v2\/product\/6801\/revisions\/17364"}],"wp:featuredmedia":[{"embeddable":true,"href":"https:\/\/www.linie4life.com\/at\/wp-json\/wp\/v2\/media\/13393"}],"wp:attachment":[{"href":"https:\/\/www.linie4life.com\/at\/wp-json\/wp\/v2\/media?parent=6801"}],"wp:term":[{"taxonomy":"product_brand","embeddable":true,"href":"https:\/\/www.linie4life.com\/at\/wp-json\/wp\/v2\/product_brand?post=6801"},{"taxonomy":"product_cat","embeddable":true,"href":"https:\/\/www.linie4life.com\/at\/wp-json\/wp\/v2\/product_cat?post=6801"},{"taxonomy":"product_tag","embeddable":true,"href":"https:\/\/www.linie4life.com\/at\/wp-json\/wp\/v2\/product_tag?post=6801"}],"curies":[{"name":"wp","href":"https:\/\/api.w.org\/{rel}","templated":true}]}}