{"id":7754,"date":"2025-06-04T12:28:57","date_gmt":"2025-06-04T10:28:57","guid":{"rendered":"https:\/\/www.linie4life.com\/?post_type=product&#038;p=7754"},"modified":"2026-04-15T14:34:06","modified_gmt":"2026-04-15T12:34:06","slug":"packung-3xserrapeptase-500000","status":"publish","type":"product","link":"https:\/\/www.linie4life.com\/at\/obchod\/balicek-3xserrapeptaza-500000\/","title":{"rendered":"Paket 3x SERRAPEPTASE 500000 SPU hohe Effizienz ohne F\u00fcllstoffe 60 Kapseln 60 Tage"},"content":{"rendered":"<h2>Serrapeptase im Kontext<\/h2>\n<p><span class=\"s1\"><strong style=\"font-weight: 400;\"><em>Serrapeptase<\/em> <\/strong>\u00a0Ist <strong style=\"font-weight: 400;\">Seit mehr als 25 Jahren in Europa und Asien im Einsatz.<\/strong> und hat <strong style=\"font-weight: 400;\">Breites Anwendungsspektrum.<\/strong> Auf jeden Fall mit ihr <strong style=\"font-weight: 400;\">Du kannst nicht dar\u00fcber hinausreichen<\/strong>. <strong>Eine gute Grundlage daf\u00fcr sind die positiven Auswirkungen auf den gesamten Organismus.<\/strong><\/span><\/p>\n<p>In Japan ist es sogar als offizielle Behandlungsmethode f\u00fcr Arteriosklerose und koronare Herzkrankheit zugelassen.<\/p>\n<p>Positive Effekte\u00a0<strong>Serrapeptase<\/strong> sind klinisch best\u00e4tigt f\u00fcr ein breites Spektrum an Entz\u00fcndungen, beschleunigen den Heilungsprozess, lindern Schmerzen und Schwellungen, aber auch f\u00fcr:<\/p>\n<ul>\n<li>Herz- und Gef\u00e4\u00dferkrankungen<\/li>\n<li>Bluthochdruck<\/li>\n<li>Typ-2-Diabetes und diabetische Neuropathie<\/li>\n<li>Osteoporose<\/li>\n<li>Multiple Sklerose<\/li>\n<li>Migr\u00e4ne und Kopfschmerzen<\/li>\n<li>Mukoviszidose der Brust<\/li>\n<li>Gelenkentz\u00fcndung, Arthritis, rheumatoide Arthritis<\/li>\n<li>Entz\u00fcndungen der oberen und unteren Atemwege<\/li>\n<li>Entz\u00fcndungen verschiedener Art<\/li>\n<li>Darmerkrankung<\/li>\n<li>Asthma<\/li>\n<li>Unf\u00e4lle und Sportverletzungen<\/li>\n<li>Reinigung des K\u00f6rpers von Giftstoffen<\/li>\n<li>St\u00e4rkung der Immunit\u00e4t<\/li>\n<\/ul>\n<p>&nbsp;<\/p>\n<p>Serrapeptase ist seit Langem Gegenstand fachlichen Interesses im Zusammenhang mit verschiedenen K\u00f6rpersystemen \u2013 insbesondere dem Kreislauf-, Bewegungs- und Atmungssystem \u2013 sowie Prozessen der Stressanpassung und der langfristigen Funktionsf\u00e4higkeit des Organismus. Sie wird bei Erkrankungen des Herzens und der Blutgef\u00e4\u00dfe, bei Verletzungen und sportlicher Belastung sowie bei verschiedenen Entz\u00fcndungsprozessen untersucht. Auch in der traditionellen Medizin und in alternativen Heilverfahren findet Serrapeptase Anwendung und wird dort f\u00fcr vielf\u00e4ltige Zwecke eingesetzt.<\/p>\n<p>&nbsp;<\/p>\n<p>Serrapeptase, auch bekannt als Serralysin oder Serratiapeptase, ist ein nat\u00fcrlich vorkommendes proteolytisches Enzym, beispielsweise in Seidenraupen.<\/p>\n<h2 data-start=\"0\" data-end=\"39\">\u00dcber die Wirkung des Enzyms Serrapeptase<\/h2>\n<p data-start=\"41\" data-end=\"294\">Serrapeptase ist ein proteolytisches Enzym, das hei\u00dft, es spaltet Proteine in kleinere Peptide und Aminos\u00e4uren. Aminos\u00e4uren sind die Grundbausteine von Proteinen und spielen eine wichtige Rolle in zahlreichen physiologischen Prozessen des K\u00f6rpers.<\/p>\n<p data-start=\"296\" data-end=\"550\">Proteolytische Enzyme sind ein nat\u00fcrlicher Bestandteil biologischer Prozesse und am Abbau und der Umwandlung von Proteinstrukturen beteiligt. In Nahrungserg\u00e4nzungsmitteln wird Serrapeptase zur Unterst\u00fctzung einer ausgewogenen Lebensweise eingesetzt.<\/p>\n<h2>Enzymatische Aktivit\u00e4t und Potenz der Serrapeptase<\/h2>\n<p>Der entscheidende Parameter ist die enzymatische Aktivit\u00e4t, nicht die Masse des Enzyms selbst. Die Wirksamkeit wird in SPU-Einheiten (Serratiopeptidase-Einheiten) angegeben \u2013 je h\u00f6her der SPU-Wert, desto h\u00f6her die Enzymaktivit\u00e4t. Die Bezeichnung SERRAPEPTASE 500.000 SPU gibt daher Auskunft \u00fcber die biologische Aktivit\u00e4t, nicht \u00fcber die Masse der Substanz.<\/p>\n<p>Manche Hersteller geben auf dem Etikett nur die Menge in Milligramm an, dies gibt jedoch nur das Gewicht des enthaltenen Stoffes an, nicht aber dessen tats\u00e4chliche Enzymst\u00e4rke.<\/p>\n<p>Es ist au\u00dferdem wichtig zu pr\u00fcfen, ob die angegebene Aktivit\u00e4t (z. B. 500.000 SPU) pro Kapsel oder aufgeteilt auf mehrere Tagesdosen gilt. Wird der Wert auf zwei oder drei Kapseln berechnet, enth\u00e4lt jede Kapsel nur einen Teil der angegebenen Aktivit\u00e4t.<\/p>\n<p>Beim Vergleich von Produkten empfiehlt es sich daher, die Wirkung auf eine einzelne Kapsel zu beziehen. Andernfalls kann das Produkt zwar kosteng\u00fcnstig erscheinen, enth\u00e4lt aber tats\u00e4chlich weniger Wirkstoff und einen h\u00f6heren Anteil an Hilfsstoffen.<\/p>\n<p>&nbsp;<\/p>\n<hr \/>\n<p><strong>Dosierung (Serrapeptase 500.000 SPU)<\/strong><\/p>\n<p>Empfohlene Dosierung: 1 Kapsel t\u00e4glich.<\/p>\n<p>Die Packung enth\u00e4lt 180 vegane Kapseln (3 Dosen \u00e0 60 Kapseln), was einer Anwendungsdauer von 60 Tagen entspricht.<\/p>\n<p>Die Kapseln sind magensaftresistent \u2013 sie besitzen eine spezielle Beschichtung, die dem sauren Milieu des Magens widersteht. Sie l\u00f6sen sich erst im alkalischeren Milieu des D\u00fcnndarms auf, wo ihr Inhalt freigesetzt wird. Dadurch wird das Enzym vor der Magens\u00e4ure gesch\u00fctzt und nur dort freigesetzt, wo es ben\u00f6tigt wird.<\/p>\n<p><strong>Inhaltsstoffe (Serrapeptase 500.000 SPU)<\/strong><\/p>\n<p>Proteolytisches Enzym Serrapeptase (mindestens 500.000 SPU\/SU pro Kapsel).<br \/>\nSonstige Inhaltsstoffe: vegane Kapsel.<\/p>\n<p>Das Produkt enth\u00e4lt keine k\u00fcnstlichen Aromen oder S\u00fc\u00dfstoffe, Konservierungsstoffe, Zucker, St\u00e4rke, Milch, Laktose, Soja, Eier, Glutamat, Weizen, Hefe oder Magnesiumstearat. Es ist nicht gentechnisch ver\u00e4ndert.<\/p>\n<p><strong>Lagerung<\/strong><\/p>\n<p>Trocken und bei Raumtemperatur lagern. Vor Frost und direkter Sonneneinstrahlung sch\u00fctzen. F\u00fcr Kinder unzug\u00e4nglich aufbewahren.<\/p>\n<p><strong>Beachten<\/strong><\/p>\n<p>Nahrungserg\u00e4nzungsmittel. Dies ist kein Arzneimittel und ersetzt keine abwechslungsreiche und ausgewogene Ern\u00e4hrung. Wenn Sie schwanger sind, stillen oder Medikamente einnehmen, konsultieren Sie vor der Anwendung Ihren Arzt. Nicht anwenden bei bekannter \u00dcberempfindlichkeit gegen einen der Inhaltsstoffe.<\/p>","protected":false},"excerpt":{"rendered":"<h2>Serrapeptase 500.000 SPU zur Unterst\u00fctzung von Prozessen im Weichgewebe und der Gef\u00e4\u00dfdurchg\u00e4ngigkeit in 3er-Packungen (Coupon kann nicht verwendet werden, da das Set bereits rabattiert ist und den Rabatt beinhaltet) + zus\u00e4tzlich wird DIGESTIFF automatisch GRATIS hinzugef\u00fcgt - Enzyme, die eine bessere Verdauung und Absorption unterst\u00fctzen.<\/h2>\n<p><strong>Serrapeptase 500.000 SPU<\/strong> ist sehr aktiv <strong>proteolytisches Enzym<\/strong>, Dieses Produkt wird von vielen Menschen gew\u00e4hlt, die die nat\u00fcrlichen Reinigungs- und Regenerationsprozesse ihres K\u00f6rpers unterst\u00fctzen m\u00f6chten. Es ist besonders gefragt im Zusammenhang mit dem Ausgleich von Entz\u00fcndungsprozessen und der F\u00f6rderung eines gesunden Organismus. Dank seiner hohen Enzymaktivit\u00e4t tr\u00e4gt es zur Pflege des Gef\u00e4\u00dfkomforts, des Bewegungsapparates und des allgemeinen inneren Gleichgewichts bei, insbesondere bei anhaltendem Stress. Reine Zusammensetzung ohne unn\u00f6tige Zusatzstoffe \u2013 gezielte Enzymunterst\u00fctzung f\u00fcr alle, die die Ursache des Problems angehen m\u00f6chten.<\/p>\n<p><em><strong>Serrapeptase mit hoher enzymatischer Aktivit\u00e4t von 500.000 SPU in reiner Form ohne F\u00fcllstoffe, in magensaftresistenten Kapseln.<\/strong><\/em><\/p>\n<p>&nbsp;<\/p>\n<p>Paket beinhaltet: <strong>3 Dosen<\/strong> Serrapeptase 500.000 SPU.<\/p>\n<p>&nbsp;<\/p>","protected":false},"featured_media":12907,"comment_status":"open","ping_status":"closed","template":"","meta":[],"product_brand":[58],"product_cat":[15,27,292,25,26,23,201,286,79,80,78,81,29,31,30,32,33],"product_tag":[],"class_list":{"0":"post-7754","1":"product","2":"type-product","3":"status-publish","4":"has-post-thumbnail","6":"product_brand-for-a-long-life","7":"product_cat-detoxikace","8":"product_cat-dlouhovekost","9":"product_cat-exkluzivni-vip-vyber","10":"product_cat-hubnuti","11":"product_cat-imunita","12":"product_cat-krasa","13":"product_cat-lymfa","14":"product_cat-bestsellers","15":"product_cat-ocista-jater","16":"product_cat-prevence","17":"product_cat-psychika","18":"product_cat-regenerace","19":"product_cat-spanek-a-uzkost","20":"product_cat-zdrave-zazivani","21":"product_cat-zdrave-srdce","22":"product_cat-zdravi-muze","23":"product_cat-zdravi-zeny","25":"first","26":"instock","27":"taxable","28":"shipping-taxable","29":"purchasable","30":"product-type-simple"},"_links":{"self":[{"href":"https:\/\/www.linie4life.com\/at\/wp-json\/wp\/v2\/product\/7754","targetHints":{"allow":["GET"]}}],"collection":[{"href":"https:\/\/www.linie4life.com\/at\/wp-json\/wp\/v2\/product"}],"about":[{"href":"https:\/\/www.linie4life.com\/at\/wp-json\/wp\/v2\/types\/product"}],"replies":[{"embeddable":true,"href":"https:\/\/www.linie4life.com\/at\/wp-json\/wp\/v2\/comments?post=7754"}],"version-history":[{"count":10,"href":"https:\/\/www.linie4life.com\/at\/wp-json\/wp\/v2\/product\/7754\/revisions"}],"predecessor-version":[{"id":18048,"href":"https:\/\/www.linie4life.com\/at\/wp-json\/wp\/v2\/product\/7754\/revisions\/18048"}],"wp:featuredmedia":[{"embeddable":true,"href":"https:\/\/www.linie4life.com\/at\/wp-json\/wp\/v2\/media\/12907"}],"wp:attachment":[{"href":"https:\/\/www.linie4life.com\/at\/wp-json\/wp\/v2\/media?parent=7754"}],"wp:term":[{"taxonomy":"product_brand","embeddable":true,"href":"https:\/\/www.linie4life.com\/at\/wp-json\/wp\/v2\/product_brand?post=7754"},{"taxonomy":"product_cat","embeddable":true,"href":"https:\/\/www.linie4life.com\/at\/wp-json\/wp\/v2\/product_cat?post=7754"},{"taxonomy":"product_tag","embeddable":true,"href":"https:\/\/www.linie4life.com\/at\/wp-json\/wp\/v2\/product_tag?post=7754"}],"curies":[{"name":"wp","href":"https:\/\/api.w.org\/{rel}","templated":true}]}}