{"id":14,"date":"2025-03-20T13:36:42","date_gmt":"2025-03-20T12:36:42","guid":{"rendered":"https:\/\/www.linie4life.com\/?page_id=14"},"modified":"2026-03-02T00:36:33","modified_gmt":"2026-03-01T23:36:33","slug":"%d0%be%d0%bf%d0%bb%d0%b0%d0%ba%d0%b2%d0%b0%d0%bd%d0%b5","status":"publish","type":"page","link":"https:\/\/www.linie4life.com\/bg\/reklamace\/","title":{"rendered":"\u0420\u0435\u043a\u043b\u0430\u043c\u0430\u0446\u0438\u0438 \u0438 \u0432\u0440\u044a\u0449\u0430\u043d\u0435 \u043d\u0430 \u0441\u0442\u043e\u043a\u0438"},"content":{"rendered":"<div data-elementor-type=\"wp-page\" data-elementor-id=\"14\" class=\"elementor elementor-14\" data-elementor-post-type=\"page\">\n\t\t\t\t<div class=\"elementor-element elementor-element-123c720 e-flex e-con-boxed e-con e-parent\" data-id=\"123c720\" data-element_type=\"container\" data-e-type=\"container\">\n\t\t\t\t\t<div class=\"e-con-inner\">\n\t\t\t\t<div class=\"elementor-element elementor-element-906ec6d elementor-widget elementor-widget-heading\" data-id=\"906ec6d\" data-element_type=\"widget\" data-e-type=\"widget\" data-widget_type=\"heading.default\">\n\t\t\t\t\t<h1 class=\"elementor-heading-title elementor-size-default\">\u0412\u0440\u044a\u0449\u0430\u043d\u0435 \u0438 \u0440\u0435\u043a\u043b\u0430\u043c\u0430\u0446\u0438\u0438<\/h1>\t\t\t\t<\/div>\n\t\t\t\t<div class=\"elementor-element elementor-element-58962fd elementor-widget elementor-widget-text-editor\" data-id=\"58962fd\" data-element_type=\"widget\" data-e-type=\"widget\" data-widget_type=\"text-editor.default\">\n\t\t\t\t\t\t\t\t\t<p>\u0418\u0441\u043a\u0430\u043c \u043f\u043e\u043a\u0443\u043f\u043a\u0430\u0442\u0430 \u0432\u0438 \u0432 Linie4Life \u0434\u0430 \u0431\u044a\u0434\u0435 \u0431\u0435\u0437\u043e\u043f\u0430\u0441\u043d\u0430 \u0438 \u0447\u0435\u0441\u0442\u043d\u0430.<br \/>\u041f\u043e-\u0434\u043e\u043b\u0443 \u0449\u0435 \u043d\u0430\u043c\u0435\u0440\u0438\u0442\u0435 \u043e\u0431\u0449 \u043f\u0440\u0435\u0433\u043b\u0435\u0434 \u043d\u0430 \u0432\u0430\u0448\u0438\u0442\u0435 \u043f\u0440\u0430\u0432\u0430 \u0438 \u043f\u0440\u043e\u0446\u0435\u0434\u0443\u0440\u0438 \u043f\u0440\u0438 \u0432\u0440\u044a\u0449\u0430\u043d\u0435 \u043d\u0430 \u0441\u0442\u043e\u043a\u0438 \u0438\u043b\u0438 \u043f\u043e\u0434\u0430\u0432\u0430\u043d\u0435 \u043d\u0430 \u0440\u0435\u043a\u043b\u0430\u043c\u0430\u0446\u0438\u044f.<\/p>\t\t\t\t\t\t\t\t<\/div>\n\t\t\t\t<div class=\"elementor-element elementor-element-4237281 elementor-widget elementor-widget-heading\" data-id=\"4237281\" data-element_type=\"widget\" data-e-type=\"widget\" data-widget_type=\"heading.default\">\n\t\t\t\t\t<h4 class=\"elementor-heading-title elementor-size-default\">1. \u041e\u0442\u043a\u0430\u0437 \u043e\u0442 \u0434\u043e\u0433\u043e\u0432\u043e\u0440\u0430 (\u0432\u0440\u044a\u0449\u0430\u043d\u0435 \u043d\u0430 \u0441\u0442\u043e\u043a\u0438 \u0432 \u0440\u0430\u043c\u043a\u0438\u0442\u0435 \u043d\u0430 14 \u0434\u043d\u0438)<\/h4>\t\t\t\t<\/div>\n\t\t\t\t<div class=\"elementor-element elementor-element-63f5b53 elementor-widget elementor-widget-text-editor\" data-id=\"63f5b53\" data-element_type=\"widget\" data-e-type=\"widget\" data-widget_type=\"text-editor.default\">\n\t\t\t\t\t\t\t\t\t<p>\u0410\u043a\u043e \u0441\u0442\u0435 \u0437\u0430\u043a\u0443\u043f\u0438\u043b\u0438 \u043a\u0430\u0442\u043e \u043f\u043e\u0442\u0440\u0435\u0431\u0438\u0442\u0435\u043b (\u0438\u0437\u0432\u044a\u043d \u0442\u044a\u0440\u0433\u043e\u0432\u0441\u043a\u0430\u0442\u0430 \u0441\u0438 \u0434\u0435\u0439\u043d\u043e\u0441\u0442), \u0438\u043c\u0430\u0442\u0435 \u043f\u0440\u0430\u0432\u043e \u0434\u0430 \u0441\u0435 \u043e\u0442\u043a\u0430\u0436\u0435\u0442\u0435 \u043e\u0442 \u0434\u043e\u0433\u043e\u0432\u043e\u0440\u0430 \u0437\u0430 \u043f\u043e\u043a\u0443\u043f\u043a\u0430, \u0431\u0435\u0437 \u0434\u0430 \u043f\u043e\u0441\u043e\u0447\u0432\u0430\u0442\u0435 \u043f\u0440\u0438\u0447\u0438\u043d\u0430.<\/p><h5><strong>\u041a\u0430\u0440\u0435\u043d\u0442\u0435\u043d \u0441\u0440\u043e\u043a<\/strong><\/h5><p>14 \u0434\u043d\u0438:<\/p><ul><li>\u043e\u0442 \u0434\u0430\u0442\u0430\u0442\u0430 \u043d\u0430 \u043f\u043e\u043b\u0443\u0447\u0430\u0432\u0430\u043d\u0435 \u043d\u0430 \u0441\u0442\u043e\u043a\u0438\u0442\u0435<\/li><li>\u043e\u0442 \u0434\u0430\u0442\u0430\u0442\u0430 \u043d\u0430 \u043f\u043e\u043b\u0443\u0447\u0430\u0432\u0430\u043d\u0435 \u043d\u0430 \u043f\u043e\u0441\u043b\u0435\u0434\u043d\u0430\u0442\u0430 \u0434\u043e\u0441\u0442\u0430\u0432\u043a\u0430 (\u0430\u043a\u043e \u0441\u0430 \u043f\u043e\u0440\u044a\u0447\u0430\u043d\u0438 \u043d\u044f\u043a\u043e\u043b\u043a\u043e \u0430\u0440\u0442\u0438\u043a\u0443\u043b\u0430)<\/li><li>\u043e\u0442 \u0434\u0430\u0442\u0430\u0442\u0430 \u043d\u0430 \u043f\u043e\u043b\u0443\u0447\u0430\u0432\u0430\u043d\u0435 \u043d\u0430 \u043f\u044a\u0440\u0432\u0430\u0442\u0430 \u0434\u043e\u0441\u0442\u0430\u0432\u043a\u0430 (\u0437\u0430 \u0440\u0435\u0434\u043e\u0432\u043d\u0438 \u043f\u043e\u0432\u0442\u0430\u0440\u044f\u0449\u0438 \u0441\u0435 \u0434\u043e\u0441\u0442\u0430\u0432\u043a\u0438)<\/li><\/ul><p>\u0417\u0430 \u0434\u0430 \u0441\u0435 \u0441\u043f\u0430\u0437\u044f\u0442 \u0441\u0440\u043e\u043a\u043e\u0432\u0435\u0442\u0435, \u0435 \u0434\u043e\u0441\u0442\u0430\u0442\u044a\u0447\u043d\u043e \u0434\u0430 \u0441\u0435 \u0438\u0437\u043f\u0440\u0430\u0442\u0438 \u0438\u0437\u0432\u0435\u0441\u0442\u0438\u0435\u0442\u043e \u0437\u0430 \u043e\u0442\u043a\u0430\u0437 \u043f\u0440\u0435\u0434\u0438 \u0438\u0437\u0442\u0438\u0447\u0430\u043d\u0435\u0442\u043e \u043c\u0443.<\/p><h5><strong>\u041a\u0430\u043a \u0434\u0430 \u043f\u0440\u043e\u0434\u044a\u043b\u0436\u0438\u0442\u0435 \u0441 \u0442\u0435\u0433\u043b\u0435\u043d\u0435\u0442\u043e<\/strong><\/h5><ol><li>\u0418\u0437\u043f\u0440\u0430\u0442\u0435\u0442\u0435 \u0438\u043c\u0435\u0439\u043b \u0434\u043e: <strong>info@linie4life.com<\/strong><\/li><\/ol><p>\u041c\u043e\u043b\u044f, \u0443\u0442\u043e\u0447\u043d\u0435\u0442\u0435:<\/p><ul><li>\u043d\u043e\u043c\u0435\u0440 \u043d\u0430 \u043f\u043e\u0440\u044a\u0447\u043a\u0430<\/li><li>\u0434\u0430\u0442\u0430 \u043d\u0430 \u043f\u0440\u0438\u0435\u043c\u0430\u043d\u0435<\/li><li>\u0432\u0430\u0448\u0435\u0442\u043e \u0438\u043c\u0435 \u0438 \u0434\u0430\u043d\u043d\u0438 \u0437\u0430 \u043a\u043e\u043d\u0442\u0430\u043a\u0442<\/li><li>\u044f\u0441\u043d\u043e \u0438\u0437\u044f\u0432\u043b\u0435\u043d\u0438\u0435, \u0447\u0435 \u0441\u0435 \u043e\u0442\u043a\u0430\u0437\u0432\u0430\u0442\u0435 \u043e\u0442 \u0434\u043e\u0433\u043e\u0432\u043e\u0440\u0430<\/li><\/ul><p>2. \u0418\u0437\u043f\u0440\u0430\u0442\u0435\u0442\u0435 \u0441\u0442\u043e\u043a\u0438\u0442\u0435 \u043d\u0435 \u043f\u043e-\u043a\u044a\u0441\u043d\u043e \u043e\u0442 14 \u0434\u043d\u0438 \u0441\u043b\u0435\u0434 \u0442\u0435\u0433\u043b\u0435\u043d\u0435\u0442\u043e \u043d\u0430 \u0430\u0434\u0440\u0435\u0441\u0430 \u043d\u0430 \u0441\u043a\u043b\u0430\u0434\u0430:<\/p><p><strong>\u0420\u0438\u043d\u0433\u0445\u043e\u0444\u0435\u0440\u043e\u0432\u0430 422,<br \/>251 68 \u041a\u0430\u043c\u0435\u043d\u0438\u0446\u0435<br \/>\u0427\u0435\u0445\u0438\u044f<\/strong><\/p><p>\u041a\u0443\u043f\u0443\u0432\u0430\u0447\u044a\u0442 \u043f\u043e\u0435\u043c\u0430 \u0440\u0430\u0437\u0445\u043e\u0434\u0438\u0442\u0435 \u0437\u0430 \u0432\u0440\u044a\u0449\u0430\u043d\u0435 \u043d\u0430 \u0441\u0442\u043e\u043a\u0438\u0442\u0435.<\/p><h5><strong>\u0423\u0441\u043b\u043e\u0432\u0438\u044f \u0437\u0430 \u0432\u0440\u044a\u0449\u0430\u043d\u0435<\/strong><\/h5><p>\u0421\u0442\u043e\u043a\u0438\u0442\u0435 \u0442\u0440\u044f\u0431\u0432\u0430 \u0434\u0430 \u0431\u044a\u0434\u0430\u0442:<\/p><ul><li>\u043d\u0435\u0432\u0440\u0435\u0434\u0438\u043c<\/li><li>\u043d\u0435\u0438\u0437\u043f\u043e\u043b\u0437\u0432\u0430\u043d<\/li><li>\u043d\u0435\u0437\u0430\u043c\u044a\u0440\u0441\u0435\u043d<\/li><li>\u0430\u043a\u043e \u0435 \u0432\u044a\u0437\u043c\u043e\u0436\u043d\u043e \u0432 \u043e\u0440\u0438\u0433\u0438\u043d\u0430\u043b\u043d\u0430\u0442\u0430 \u043e\u043f\u0430\u043a\u043e\u0432\u043a\u0430<\/li><\/ul><p>\u041f\u0440\u043e\u0434\u0430\u0432\u0430\u0447\u044a\u0442 \u0438\u043c\u0430 \u043f\u0440\u0430\u0432\u043e \u0435\u0434\u043d\u043e\u0441\u0442\u0440\u0430\u043d\u043d\u043e \u0434\u0430 \u043f\u0440\u0438\u0445\u0432\u0430\u043d\u0435 \u043e\u0431\u0435\u0437\u0449\u0435\u0442\u0435\u043d\u0438\u0435\u0442\u043e \u0437\u0430 \u043d\u0430\u043c\u0430\u043b\u0435\u043d\u0438\u0435\u0442\u043e \u043d\u0430 \u0441\u0442\u043e\u0439\u043d\u043e\u0441\u0442\u0442\u0430 \u043d\u0430 \u0441\u0442\u043e\u043a\u0438\u0442\u0435 \u043e\u0442 \u0432\u044a\u0440\u043d\u0430\u0442\u0430\u0442\u0430 \u043f\u043e\u043a\u0443\u043f\u043d\u0430 \u0446\u0435\u043d\u0430.<\/p><h5><strong>\u041a\u043e\u0433\u0430\u0442\u043e \u043d\u0435 \u043c\u043e\u0436\u0435\u0442\u0435 \u0434\u0430 \u0441\u0435 \u043e\u0442\u043a\u0430\u0436\u0435\u0442\u0435 \u043e\u0442 \u0434\u043e\u0433\u043e\u0432\u043e\u0440\u0430<\/strong><\/h5><p>\u041d\u0435 \u043c\u043e\u0436\u0435\u0442\u0435 \u0434\u0430 \u0442\u0435\u0433\u043b\u0438\u0442\u0435, \u043d\u0430\u0440\u0435\u0434 \u0441 \u0434\u0440\u0443\u0433\u0438 \u043d\u0435\u0449\u0430:<\/p><ul><li>\u00a0\u043f\u043e \u0445\u0438\u0433\u0438\u0435\u043d\u043d\u0438 \u043f\u0440\u0438\u0447\u0438\u043d\u0438 \u0437\u0430 \u0441\u0442\u043e\u043a\u0438 \u0432 \u0437\u0430\u043f\u0435\u0447\u0430\u0442\u0430\u043d\u0430 \u043e\u043f\u0430\u043a\u043e\u0432\u043a\u0430, \u043a\u043e\u044f\u0442\u043e \u0435 \u0431\u0438\u043b\u0430 \u043e\u0442\u0432\u043e\u0440\u0435\u043d\u0430<\/li><li>\u0432 \u0434\u0440\u0443\u0433\u0438 \u0441\u043b\u0443\u0447\u0430\u0438, \u043f\u0440\u0435\u0434\u0432\u0438\u0434\u0435\u043d\u0438 \u043e\u0442 \u0437\u0430\u043a\u043e\u043d\u0430<\/li><\/ul><h5><strong>\u0412\u044a\u0437\u0441\u0442\u0430\u043d\u043e\u0432\u044f\u0432\u0430\u043d\u0435 \u043d\u0430 \u0441\u0443\u043c\u0430\u0442\u0430<\/strong><\/h5><p>\u0429\u0435 \u0432\u044a\u0437\u0441\u0442\u0430\u043d\u043e\u0432\u0438\u043c \u043f\u0430\u0440\u0438\u0442\u0435 \u0432\u0438 \u043d\u0435 \u043f\u043e-\u043a\u044a\u0441\u043d\u043e \u043e\u0442 14 \u0434\u043d\u0438 \u0441\u043b\u0435\u0434 \u043a\u0430\u0442\u043e \u0441\u0435 \u043e\u0442\u043a\u0430\u0436\u0435\u0442\u0435 \u043e\u0442 \u0434\u043e\u0433\u043e\u0432\u043e\u0440\u0430.<\/p><p>\u0412\u044a\u0437\u0441\u0442\u0430\u043d\u043e\u0432\u044f\u0432\u0430\u043d\u0435\u0442\u043e \u043d\u0430 \u0441\u0443\u043c\u0430\u0442\u0430 \u0449\u0435 \u0431\u044a\u0434\u0435 \u0438\u0437\u0432\u044a\u0440\u0448\u0435\u043d\u043e \u043f\u043e \u0441\u044a\u0449\u0438\u044f \u043d\u0430\u0447\u0438\u043d, \u043f\u043e \u043a\u043e\u0439\u0442\u043e \u0435 \u043f\u043e\u043b\u0443\u0447\u0435\u043d\u043e \u043f\u043b\u0430\u0449\u0430\u043d\u0435\u0442\u043e (\u043e\u0441\u0432\u0435\u043d \u0430\u043a\u043e \u043d\u0435 \u0441\u0435 \u0441\u043f\u043e\u0440\u0430\u0437\u0443\u043c\u0435\u0435\u043c \u0437\u0430 \u0434\u0440\u0443\u0433\u043e).<\/p><p>\u041f\u0440\u043e\u0434\u0430\u0432\u0430\u0447\u044a\u0442 \u043d\u0435 \u0435 \u0437\u0430\u0434\u044a\u043b\u0436\u0435\u043d \u0434\u0430 \u0432\u044a\u0437\u0441\u0442\u0430\u043d\u043e\u0432\u0438 \u043f\u0430\u0440\u0438\u0442\u0435, \u043f\u0440\u0435\u0434\u0438 \u0434\u0430 \u043f\u043e\u043b\u0443\u0447\u0438 \u0432\u044a\u0440\u043d\u0430\u0442\u0438\u0442\u0435 \u0441\u0442\u043e\u043a\u0438 \u0438\u043b\u0438 \u043f\u0440\u0435\u0434\u0438 \u0434\u0430 \u043f\u0440\u0435\u0434\u043e\u0441\u0442\u0430\u0432\u0438\u0442\u0435 \u0434\u043e\u043a\u0430\u0437\u0430\u0442\u0435\u043b\u0441\u0442\u0432\u043e \u0437\u0430 \u0442\u044f\u0445\u043d\u0430\u0442\u0430 \u0434\u043e\u0441\u0442\u0430\u0432\u043a\u0430.<\/p><p>\u0410\u043a\u043e \u0441\u0442\u0435 \u0438\u0437\u0431\u0440\u0430\u043b\u0438 \u043f\u043e-\u0441\u043a\u044a\u043f \u043c\u0435\u0442\u043e\u0434 \u043d\u0430 \u0434\u043e\u0441\u0442\u0430\u0432\u043a\u0430 \u043e\u0442 \u043d\u0430\u0439-\u0435\u0432\u0442\u0438\u043d\u0438\u044f, \u0449\u0435 \u0431\u044a\u0434\u0435 \u0432\u044a\u0437\u0441\u0442\u0430\u043d\u043e\u0432\u0435\u043d\u0430 \u0441\u0430\u043c\u043e \u0441\u0443\u043c\u0430\u0442\u0430, \u0441\u044a\u043e\u0442\u0432\u0435\u0442\u0441\u0442\u0432\u0430\u0449\u0430 \u043d\u0430 \u043d\u0430\u0439-\u0435\u0432\u0442\u0438\u043d\u0438\u044f \u0432\u0430\u0440\u0438\u0430\u043d\u0442.<\/p>\t\t\t\t\t\t\t\t<\/div>\n\t\t\t\t<div class=\"elementor-element elementor-element-23b5b5a elementor-widget elementor-widget-heading\" data-id=\"23b5b5a\" data-element_type=\"widget\" data-e-type=\"widget\" data-widget_type=\"heading.default\">\n\t\t\t\t\t<h4 class=\"elementor-heading-title elementor-size-default\">2. \u0420\u0435\u043a\u043b\u0430\u043c\u0430\u0446\u0438\u0438 (\u043f\u0440\u0430\u0432\u0430 \u043e\u0442 \u0434\u0435\u0444\u0435\u043a\u0442\u043d\u043e \u0438\u0437\u043f\u044a\u043b\u043d\u0435\u043d\u0438\u0435)<\/h4>\t\t\t\t<\/div>\n\t\t\t\t<div class=\"elementor-element elementor-element-04e6340 elementor-widget elementor-widget-text-editor\" data-id=\"04e6340\" data-element_type=\"widget\" data-e-type=\"widget\" data-widget_type=\"text-editor.default\">\n\t\t\t\t\t\t\t\t\t<p>\u041f\u0440\u043e\u0434\u0430\u0432\u0430\u0447\u044a\u0442 \u0435 \u043e\u0442\u0433\u043e\u0432\u043e\u0440\u0435\u043d \u0437\u0430 \u0442\u043e\u0432\u0430 \u0441\u0442\u043e\u043a\u0438\u0442\u0435 \u0434\u0430 \u0441\u0430 \u0431\u0435\u0437 \u0434\u0435\u0444\u0435\u043a\u0442\u0438 \u043f\u0440\u0438 \u043f\u043e\u043b\u0443\u0447\u0430\u0432\u0430\u043d\u0435\u0442\u043e \u0438\u043c.<\/p><p>\u041a\u0443\u043f\u0443\u0432\u0430\u0447\u044a\u0442 \u043c\u043e\u0436\u0435 \u0434\u0430 \u043f\u043e\u0434\u0430\u0434\u0435 \u0440\u0435\u043a\u043b\u0430\u043c\u0430\u0446\u0438\u044f \u0437\u0430 \u0434\u0435\u0444\u0435\u043a\u0442, \u043a\u043e\u0439\u0442\u043e \u0441\u0435 \u043f\u0440\u043e\u044f\u0432\u0438 \u0432 \u0440\u0430\u043c\u043a\u0438\u0442\u0435 \u043d\u0430 24 \u043c\u0435\u0441\u0435\u0446\u0430 \u043e\u0442 \u043f\u043e\u043b\u0443\u0447\u0430\u0432\u0430\u043d\u0435\u0442\u043e \u043d\u0430 \u0441\u0442\u043e\u043a\u0430\u0442\u0430.<\/p><p>\u0416\u0430\u043b\u0431\u0438 \u043c\u043e\u0433\u0430\u0442 \u0434\u0430 \u0431\u044a\u0434\u0430\u0442 \u043f\u043e\u0434\u0430\u0434\u0435\u043d\u0438 \u043f\u043e \u0438\u043c\u0435\u0439\u043b \u0434\u043e <strong><a class=\"decorated-link cursor-pointer\" rel=\"noopener\" data-start=\"916\" data-end=\"935\">info@linie4life.com<\/a><\/strong> \u0438\u043b\u0438 \u043f\u0438\u0441\u043c\u0435\u043d\u043e \u043d\u0430 \u0430\u0434\u0440\u0435\u0441\u0430 \u043d\u0430 \u0441\u0435\u0434\u0430\u043b\u0438\u0449\u0435\u0442\u043e \u043d\u0430 \u0434\u0440\u0443\u0436\u0435\u0441\u0442\u0432\u043e\u0442\u043e.<\/p><h5><strong>\u0412\u0430\u0448\u0438\u0442\u0435 \u043f\u0440\u0430\u0432\u0430 \u043f\u0440\u0438 \u043f\u043e\u0434\u0430\u0432\u0430\u043d\u0435 \u043d\u0430 \u0436\u0430\u043b\u0431\u0430<\/strong><\/h5><p>\u0412 \u0441\u043b\u0443\u0447\u0430\u0439 \u043d\u0430 \u0434\u0435\u0444\u0435\u043a\u0442, \u043c\u043e\u0436\u0435\u0442\u0435 \u0434\u0430 \u043f\u043e\u0438\u0441\u043a\u0430\u0442\u0435:<\/p><ul><li>\u0440\u0435\u043c\u043e\u043d\u0442 \u043d\u0430 \u0441\u0442\u043e\u043a\u0438<\/li><li>\u0437\u0430\u043c\u044f\u043d\u0430 \u0437\u0430 \u043d\u043e\u0432\u043e<\/li><li>\u0440\u0430\u0437\u0443\u043c\u043d\u0430 \u043e\u0442\u0441\u0442\u044a\u043f\u043a\u0430<\/li><li>\u043e\u0442\u043a\u0430\u0437 \u043e\u0442 \u0434\u043e\u0433\u043e\u0432\u043e\u0440\u0430 (\u0432 \u0441\u043b\u0443\u0447\u0430\u0439 \u043d\u0430 \u0441\u044a\u0449\u0435\u0441\u0442\u0432\u0435\u043d\u043e \u043d\u0430\u0440\u0443\u0448\u0435\u043d\u0438\u0435 \u043d\u0430 \u0434\u043e\u0433\u043e\u0432\u043e\u0440\u0430)<\/li><\/ul><h5><strong>\u041a\u043e\u0433\u0430 \u043c\u043e\u0436\u0435\u0442\u0435 \u0434\u0430 \u0441\u0435 \u043e\u0442\u043a\u0430\u0436\u0435\u0442\u0435 \u043e\u0442 \u0434\u043e\u0433\u043e\u0432\u043e\u0440\u0430?<\/strong><\/h5><ul><li>\u0430\u043a\u043e \u0441\u0442\u043e\u043a\u0438\u0442\u0435 \u0438\u043c\u0430\u0442 \u0441\u044a\u0449\u0435\u0441\u0442\u0432\u0435\u043d \u0434\u0435\u0444\u0435\u043a\u0442<\/li><li>\u0432 \u0441\u043b\u0443\u0447\u0430\u0439 \u043d\u0430 \u043f\u043e\u0432\u0442\u043e\u0440\u043d\u043e \u043f\u043e\u044f\u0432\u044f\u0432\u0430\u043d\u0435 \u043d\u0430 \u0434\u0435\u0444\u0435\u043a\u0442 \u0441\u043b\u0435\u0434 \u0440\u0435\u043c\u043e\u043d\u0442<\/li><li>\u0441 \u0433\u043e\u043b\u044f\u043c \u0431\u0440\u043e\u0439 \u0434\u0435\u0444\u0435\u043a\u0442\u0438<\/li><\/ul><h5><strong>\u041a\u0430\u043a \u0434\u0430 \u043f\u0440\u043e\u0446\u0435\u0434\u0438\u0440\u0430\u043c\u0435 \u0441 \u0436\u0430\u043b\u0431\u0430<\/strong><\/h5><ol><li>\u0421\u0432\u044a\u0440\u0436\u0435\u0442\u0435 \u0441\u0435 \u0441 \u043d\u0430\u0441 \u043d\u0430: <strong>info@linie4life.com<\/strong><\/li><\/ol><p>\u041c\u043e\u043b\u044f, \u0443\u0442\u043e\u0447\u043d\u0435\u0442\u0435:<\/p><ul><li>\u043d\u043e\u043c\u0435\u0440 \u043d\u0430 \u043f\u043e\u0440\u044a\u0447\u043a\u0430<\/li><li>\u043e\u043f\u0438\u0441\u0430\u043d\u0438\u0435 \u043d\u0430 \u0434\u0435\u0444\u0435\u043a\u0442\u0430<\/li><li>\u0436\u0435\u043b\u0430\u043d\u043e \u0440\u0435\u0448\u0435\u043d\u0438\u0435<\/li><\/ul><p>\u0421\u043b\u0435\u0434 \u043a\u0430\u0442\u043e \u043f\u043e\u043b\u0443\u0447\u0438\u043c \u0432\u0430\u0448\u0430\u0442\u0430 \u0436\u0430\u043b\u0431\u0430, \u0449\u0435 \u0432\u0438 \u0438\u0437\u043f\u0440\u0430\u0442\u0438\u043c \u043f\u0438\u0441\u043c\u0435\u043d\u043e \u043f\u043e\u0442\u0432\u044a\u0440\u0436\u0434\u0435\u043d\u0438\u0435 \u0437\u0430 \u043f\u043e\u043b\u0443\u0447\u0430\u0432\u0430\u043d\u0435\u0442\u043e \u045d.<\/p><p>2. \u0418\u0437\u043f\u0440\u0430\u0442\u0435\u0442\u0435 \u0441\u0442\u043e\u043a\u0438\u0442\u0435 \u043d\u0430 \u0430\u0434\u0440\u0435\u0441\u0430 \u043d\u0430 \u0441\u043a\u043b\u0430\u0434\u0430:<\/p><p><strong>\u0420\u0438\u043d\u0433\u0445\u043e\u0444\u0435\u0440\u043e\u0432\u0430 422,<br \/>251 68 \u041a\u0430\u043c\u0435\u043d\u0438\u0446\u0435<br \/>\u0427\u0435\u0445\u0438\u044f<\/strong><\/p><h5><strong>\u041e\u0431\u0440\u0430\u0431\u043e\u0442\u0432\u0430\u043d\u0435 \u043d\u0430 \u0436\u0430\u043b\u0431\u0438<\/strong><\/h5><ul><li>\u0429\u0435 \u0432\u0437\u0435\u043c\u0435\u043c \u0440\u0435\u0448\u0435\u043d\u0438\u0435 \u043f\u043e \u0436\u0430\u043b\u0431\u0430\u0442\u0430 \u043d\u0435\u0437\u0430\u0431\u0430\u0432\u043d\u043e, \u0430 \u0432 \u0441\u043b\u043e\u0436\u043d\u0438 \u0441\u043b\u0443\u0447\u0430\u0438 \u0432 \u0440\u0430\u043c\u043a\u0438\u0442\u0435 \u043d\u0430 3 \u0440\u0430\u0431\u043e\u0442\u043d\u0438 \u0434\u043d\u0438.<\/li><li>\u0420\u0435\u043a\u043b\u0430\u043c\u0430\u0446\u0438\u044f\u0442\u0430, \u0432\u043a\u043b\u044e\u0447\u0438\u0442\u0435\u043b\u043d\u043e \u043e\u0442\u0441\u0442\u0440\u0430\u043d\u044f\u0432\u0430\u043d\u0435\u0442\u043e \u043d\u0430 \u0434\u0435\u0444\u0435\u043a\u0442\u0430, \u0449\u0435 \u0431\u044a\u0434\u0435 \u043e\u0431\u0440\u0430\u0431\u043e\u0442\u0435\u043d\u0430 \u043d\u0430\u0439-\u043a\u044a\u0441\u043d\u043e \u0432 \u0440\u0430\u043c\u043a\u0438\u0442\u0435 \u043d\u0430 30 \u0434\u043d\u0438 (\u043e\u0441\u0432\u0435\u043d \u0430\u043a\u043e \u043d\u0435 \u0441\u0435 \u0441\u043f\u043e\u0440\u0430\u0437\u0443\u043c\u0435\u0435\u043c \u0437\u0430 \u0434\u0440\u0443\u0433\u043e).<\/li><li>\u0429\u0435 \u0432\u0438 \u0438\u043d\u0444\u043e\u0440\u043c\u0438\u0440\u0430\u043c\u0435 \u0437\u0430 \u0440\u0435\u0437\u0443\u043b\u0442\u0430\u0442\u0430 \u043f\u0438\u0441\u043c\u0435\u043d\u043e.<\/li><\/ul><p>\u0412 \u0441\u043b\u0443\u0447\u0430\u0439 \u043d\u0430 \u043e\u0441\u043d\u043e\u0432\u0430\u0442\u0435\u043b\u043d\u0430 \u0440\u0435\u043a\u043b\u0430\u043c\u0430\u0446\u0438\u044f, \u0438\u043c\u0430\u0442\u0435 \u043f\u0440\u0430\u0432\u043e \u043d\u0430 \u043e\u0431\u0435\u0437\u0449\u0435\u0442\u0435\u043d\u0438\u0435 \u0437\u0430 \u0440\u0430\u0437\u0443\u043c\u043d\u043e \u043d\u0430\u043f\u0440\u0430\u0432\u0435\u043d\u0438\u0442\u0435 \u0440\u0430\u0437\u0445\u043e\u0434\u0438.<\/p><h5><strong>\u041a\u043e\u0433\u0430\u0442\u043e \u0436\u0430\u043b\u0431\u0430\u0442\u0430 \u043d\u0435 \u043c\u043e\u0436\u0435 \u0434\u0430 \u0431\u044a\u0434\u0435 \u043f\u0440\u0438\u0435\u0442\u0430<\/strong><\/h5><p>\u0416\u0430\u043b\u0431\u0430\u0442\u0430 \u043d\u0435 \u0441\u0435 \u043e\u0442\u043d\u0430\u0441\u044f \u043d\u0430\u043f\u0440\u0438\u043c\u0435\u0440 \u0437\u0430:<\/p><ul><li>\u043d\u043e\u0440\u043c\u0430\u043b\u043d\u043e \u0438\u0437\u043d\u043e\u0441\u0432\u0430\u043d\u0435, \u043f\u0440\u0438\u0447\u0438\u043d\u0435\u043d\u043e \u043e\u0442 \u0443\u043f\u043e\u0442\u0440\u0435\u0431\u0430<\/li><li>\u0434\u0435\u0444\u0435\u043a\u0442\u0438, \u0437\u0430 \u043a\u043e\u0438\u0442\u043e \u043a\u0443\u043f\u0443\u0432\u0430\u0447\u044a\u0442 \u0435 \u0437\u043d\u0430\u0435\u043b \u043f\u0440\u0435\u0434\u0438 \u043f\u0440\u0438\u0435\u043c\u0430\u043d\u0435\u0442\u043e<\/li><li>\u0434\u0435\u0444\u0435\u043a\u0442\u0438, \u043f\u0440\u0438\u0447\u0438\u043d\u0435\u043d\u0438 \u043e\u0442 \u043d\u0435\u043f\u0440\u0430\u0432\u0438\u043b\u043d\u043e \u0431\u043e\u0440\u0430\u0432\u0435\u043d\u0435<\/li><\/ul>\t\t\t\t\t\t\t\t<\/div>\n\t\t\t\t<div class=\"elementor-element elementor-element-d257847 elementor-widget elementor-widget-text-editor\" data-id=\"d257847\" data-element_type=\"widget\" data-e-type=\"widget\" data-widget_type=\"text-editor.default\">\n\t\t\t\t\t\t\t\t\t<h4><strong>\u0414\u0430\u043d\u043d\u0438 \u0437\u0430 \u043a\u043e\u043d\u0442\u0430\u043a\u0442 \u0441 \u043f\u0440\u043e\u0434\u0430\u0432\u0430\u0447\u0430<\/strong><\/h4><p><strong>NATUREPRODUCTSCLINIC LTD<\/strong><br \/>\u0411\u043b\u043e\u043a Q, \u0410\u0441\u0442\u0431\u044a\u0440\u0438 \u0420\u043e\u0443\u0434 35<br \/>\u041b\u043e\u043d\u0434\u043e\u043d, SE15 2NL<br \/>\u0410\u043d\u0433\u043b\u0438\u044f<br \/>\u0420\u0435\u0433\u0438\u0441\u0442\u0440\u0430\u0446\u0438\u043e\u043d\u0435\u043d \u043d\u043e\u043c\u0435\u0440 \u043d\u0430 \u0444\u0438\u0440\u043c\u0430\u0442\u0430: 11332850<\/p><p>\u0418\u043c\u0435\u0439\u043b: info@linie4life.com<\/p>\t\t\t\t\t\t\t\t<\/div>\n\t\t\t\t<div class=\"elementor-element elementor-element-3bcdfb8 elementor-widget elementor-widget-text-editor\" data-id=\"3bcdfb8\" data-element_type=\"widget\" data-e-type=\"widget\" data-widget_type=\"text-editor.default\">\n\t\t\t\t\t\t\t\t\t<h5><strong>\u041e\u043a\u043e\u043d\u0447\u0430\u0442\u0435\u043b\u043d\u0430 \u0438\u043d\u0444\u043e\u0440\u043c\u0430\u0446\u0438\u044f<\/strong><\/h5><p>\u041f\u044a\u043b\u043d\u0438\u044f\u0442 \u0442\u0435\u043a\u0441\u0442 \u043d\u0430 \u043e\u0431\u0449\u0438\u0442\u0435 \u0443\u0441\u043b\u043e\u0432\u0438\u044f \u043c\u043e\u0436\u0435 \u0434\u0430 \u0431\u044a\u0434\u0435 \u043d\u0430\u043c\u0435\u0440\u0435\u043d \u0442\u0443\u043a.<a href=\"http:\/\/www.linie4life.com\/bg\/%d0%be%d0%b1%d1%89%d0%b8-%d1%83%d1%81%d0%bb%d0%be%d0%b2%d0%b8%d1%8f\/?wmc-currency=EUR\"> -&gt;<\/a>\u00a0<\/p>\t\t\t\t\t\t\t\t<\/div>\n\t\t\t\t<div class=\"elementor-element elementor-element-b8d6b68 elementor-align-left elementor-tablet-align-justify elementor-widget__width-inherit elementor-widget-mobile__width-inherit elementor-widget-laptop__width-initial elementor-widget elementor-widget-button\" data-id=\"b8d6b68\" data-element_type=\"widget\" data-e-type=\"widget\" data-widget_type=\"button.default\">\n\t\t\t\t\t\t\t\t\t\t<a class=\"elementor-button elementor-button-link elementor-size-xl elementor-animation-hang\" href=\"https:\/\/www.linie4life.com\/wp-content\/uploads\/2025\/03\/odstoupeni_od_smlouvy.docx\">\n\t\t\t\t\t\t<span class=\"elementor-button-content-wrapper\">\n\t\t\t\t\t\t<span class=\"elementor-button-icon\">\n\t\t\t\t<svg aria-hidden=\"true\" class=\"e-font-icon-svg e-fas-download\" viewbox=\"0 0 512 512\" xmlns=\"http:\/\/www.w3.org\/2000\/svg\"><path d=\"M216 0h80c13.3 0 24 10.7 24 24v168h87.7c17.8 0 26.7 21.5 14.1 34.1L269.7 378.3c-7.5 7.5-19.8 7.5-27.3 0L90.1 226.1c-12.6-12.6-3.7-34.1 14.1-34.1H192V24c0-13.3 10.7-24 24-24zm296 376v112c0 13.3-10.7 24-24 24H24c-13.3 0-24-10.7-24-24V376c0-13.3 10.7-24 24-24h146.7l49 49c20.1 20.1 52.5 20.1 72.6 0l49-49H488c13.3 0 24 10.7 24 24zm-124 88c0-11-9-20-20-20s-20 9-20 20 9 20 20 20 20-9 20-20zm64 0c0-11-9-20-20-20s-20 9-20 20 9 20 20 20 20-9 20-20z\"><\/path><\/svg>\t\t\t<\/span>\n\t\t\t\t\t\t\t\t\t<span class=\"elementor-button-text\">\u041f\u0440\u0438\u043c\u0435\u0440\u0435\u043d \u0444\u043e\u0440\u043c\u0443\u043b\u044f\u0440 \u0437\u0430 \u043e\u0442\u043a\u0430\u0437<\/span>\n\t\t\t\t\t<\/span>\n\t\t\t\t\t<\/a>\n\t\t\t\t\t\t\t\t<\/div>\n\t\t\t\t\t<\/div>\n\t\t\t\t<\/div>\n\t\t\t\t<\/div>","protected":false},"excerpt":{"rendered":"<p>Vr\u00e1cen\u00ed zbo\u017e\u00ed &amp; reklamace Chci, aby byl v\u00e1\u0161 n\u00e1kup na Linie4Life bezpe\u010dn\u00fd a f\u00e9rov\u00fd.N\u00ed\u017ee najdete p\u0159ehled va\u0161ich pr\u00e1v a postup\u016f p\u0159i vr\u00e1cen\u00ed zbo\u017e\u00ed nebo uplatn\u011bn\u00ed reklamace. 1. Odstoupen\u00ed od smlouvy (vr\u00e1cen\u00ed zbo\u017e\u00ed do 14 dn\u016f) Pokud jste nakoupili jako spot\u0159ebitel (mimo svou podnikatelskou \u010dinnost), m\u00e1te pr\u00e1vo od kupn\u00ed smlouvy odstoupit bez ud\u00e1n\u00ed d\u016fvodu. Lh\u016fta pro [&hellip;]<\/p>\n","protected":false},"author":1,"featured_media":0,"parent":0,"menu_order":0,"comment_status":"closed","ping_status":"closed","template":"elementor_header_footer","meta":{"footnotes":""},"class_list":["post-14","page","type-page","status-publish","hentry"],"_links":{"self":[{"href":"https:\/\/www.linie4life.com\/bg\/wp-json\/wp\/v2\/pages\/14","targetHints":{"allow":["GET"]}}],"collection":[{"href":"https:\/\/www.linie4life.com\/bg\/wp-json\/wp\/v2\/pages"}],"about":[{"href":"https:\/\/www.linie4life.com\/bg\/wp-json\/wp\/v2\/types\/page"}],"author":[{"embeddable":true,"href":"https:\/\/www.linie4life.com\/bg\/wp-json\/wp\/v2\/users\/1"}],"replies":[{"embeddable":true,"href":"https:\/\/www.linie4life.com\/bg\/wp-json\/wp\/v2\/comments?post=14"}],"version-history":[{"count":10,"href":"https:\/\/www.linie4life.com\/bg\/wp-json\/wp\/v2\/pages\/14\/revisions"}],"predecessor-version":[{"id":17512,"href":"https:\/\/www.linie4life.com\/bg\/wp-json\/wp\/v2\/pages\/14\/revisions\/17512"}],"wp:attachment":[{"href":"https:\/\/www.linie4life.com\/bg\/wp-json\/wp\/v2\/media?parent=14"}],"curies":[{"name":"\u0440\u0430\u0431\u043e\u0442\u043d\u0430 \u0441\u0440\u0435\u0449\u0430","href":"https:\/\/api.w.org\/{rel}","templated":true}]}}