{"id":34,"date":"2025-03-04T11:15:58","date_gmt":"2025-03-04T10:15:58","guid":{"rendered":"https:\/\/www.linie4life.com\/ochrana-osobnich-udaju\/"},"modified":"2025-05-26T13:05:45","modified_gmt":"2025-05-26T11:05:45","slug":"%d0%b7%d0%b0%d1%89%d0%b8%d1%82%d0%b0-%d0%bd%d0%b0-%d0%bb%d0%b8%d1%87%d0%bd%d0%b8%d1%82%d0%b5-%d0%b4%d0%b0%d0%bd%d0%bd%d0%b8","status":"publish","type":"page","link":"https:\/\/www.linie4life.com\/bg\/ochrana-osobnich-udaju\/","title":{"rendered":"\u0417\u0430\u0449\u0438\u0442\u0430 \u043d\u0430 \u043b\u0438\u0447\u043d\u0438\u0442\u0435 \u0434\u0430\u043d\u043d\u0438"},"content":{"rendered":"<div data-elementor-type=\"wp-page\" data-elementor-id=\"34\" class=\"elementor elementor-34\" data-elementor-post-type=\"page\">\n\t\t\t\t<div class=\"elementor-element elementor-element-4e0a76c e-flex e-con-boxed e-con e-parent\" data-id=\"4e0a76c\" data-element_type=\"container\" data-e-type=\"container\">\n\t\t\t\t\t<div class=\"e-con-inner\">\n\t\t\t\t<div class=\"elementor-element elementor-element-10fa37b elementor-widget elementor-widget-heading\" data-id=\"10fa37b\" data-element_type=\"widget\" data-e-type=\"widget\" data-widget_type=\"heading.default\">\n\t\t\t\t\t<h1 class=\"elementor-heading-title elementor-size-default\">\u0417\u0430\u0449\u0438\u0442\u0430 \u043d\u0430 \u043b\u0438\u0447\u043d\u0438\u0442\u0435 \u0434\u0430\u043d\u043d\u0438<\/h1>\t\t\t\t<\/div>\n\t\t\t\t<div class=\"elementor-element elementor-element-2d247ee elementor-widget elementor-widget-text-editor\" data-id=\"2d247ee\" data-element_type=\"widget\" data-e-type=\"widget\" data-widget_type=\"text-editor.default\">\n\t\t\t\t\t\t\t\t\t<h2><strong>I. \u041e\u0441\u043d\u043e\u0432\u043d\u0438 \u0440\u0430\u0437\u043f\u043e\u0440\u0435\u0434\u0431\u0438<\/strong><\/h2><ol><li><strong>\u0410\u0434\u043c\u0438\u043d\u0438\u0441\u0442\u0440\u0430\u0442\u043e\u0440 \u043d\u0430 \u043b\u0438\u0447\u043d\u0438 \u0434\u0430\u043d\u043d\u0438<\/strong> \u0421\u044a\u0433\u043b\u0430\u0441\u043d\u043e \u0447\u043b\u0435\u043d 4(7) \u043e\u0442 \u0420\u0435\u0433\u043b\u0430\u043c\u0435\u043d\u0442 (\u0415\u0421) 2016\/679 \u043d\u0430 \u0415\u0432\u0440\u043e\u043f\u0435\u0439\u0441\u043a\u0438\u044f \u043f\u0430\u0440\u043b\u0430\u043c\u0435\u043d\u0442 \u0438 \u043d\u0430 \u0421\u044a\u0432\u0435\u0442\u0430 (GDPR), <strong>NATUREPRODUCTSCLINIC LTD<\/strong> (\u0444\u0438\u0440\u043c\u0435\u043d \u043d\u043e\u043c\u0435\u0440 11332850), \u0441 \u0440\u0435\u0433\u0438\u0441\u0442\u0440\u0438\u0440\u0430\u043d \u043e\u0444\u0438\u0441 <strong>Unit Q, 35 Astbury Road, \u041b\u043e\u043d\u0434\u043e\u043d, \u0410\u043d\u0433\u043b\u0438\u044f, SE15 2NL<\/strong> (\u043d\u0430\u0440\u0438\u0447\u0430\u043d \u043f\u043e-\u0434\u043e\u043b\u0443 \u201e\u0430\u0434\u043c\u0438\u043d\u0438\u0441\u0442\u0440\u0430\u0442\u043e\u0440\u201c).<\/li><li><strong>\u0414\u0430\u043d\u043d\u0438 \u0437\u0430 \u043a\u043e\u043d\u0442\u0430\u043a\u0442 \u0441 \u0430\u0434\u043c\u0438\u043d\u0438\u0441\u0442\u0440\u0430\u0442\u043e\u0440\u0430:<\/strong><ul><li><strong>\u0410\u0434\u0440\u0435\u0441:<\/strong> Unit Q, 35 Astbury Road, \u041b\u043e\u043d\u0434\u043e\u043d, \u0410\u043d\u0433\u043b\u0438\u044f, SE15 2NL<\/li><li><strong>\u0418\u043c\u0435\u0439\u043b:<\/strong> <span style=\"text-decoration: underline;\"><a href=\"mailto:info@linie4life.com\">info@linie4life.com<\/a><\/span><\/li><\/ul><\/li><li><strong>\u041b\u0438\u0447\u043d\u0438 \u0434\u0430\u043d\u043d\u0438<\/strong> \u043e\u0437\u043d\u0430\u0447\u0430\u0432\u0430 \u0432\u0441\u044f\u043a\u0430 \u0438\u043d\u0444\u043e\u0440\u043c\u0430\u0446\u0438\u044f \u0437\u0430 \u0438\u0434\u0435\u043d\u0442\u0438\u0444\u0438\u0446\u0438\u0440\u0430\u043d\u043e \u0438\u043b\u0438 \u0438\u0434\u0435\u043d\u0442\u0438\u0444\u0438\u0446\u0438\u0440\u0443\u0435\u043c\u043e \u0444\u0438\u0437\u0438\u0447\u0435\u0441\u043a\u043e \u043b\u0438\u0446\u0435.<\/li><\/ol><h2><strong><br \/>II. \u0418\u0437\u0442\u043e\u0447\u043d\u0438\u0446\u0438 \u0438 \u043a\u0430\u0442\u0435\u0433\u043e\u0440\u0438\u0438 \u043e\u0431\u0440\u0430\u0431\u043e\u0442\u0432\u0430\u043d\u0438 \u043b\u0438\u0447\u043d\u0438 \u0434\u0430\u043d\u043d\u0438<\/strong><\/h2><ol><li>\u0410\u0434\u043c\u0438\u043d\u0438\u0441\u0442\u0440\u0430\u0442\u043e\u0440\u044a\u0442 \u043e\u0431\u0440\u0430\u0431\u043e\u0442\u0432\u0430 \u043b\u0438\u0447\u043d\u0438 \u0434\u0430\u043d\u043d\u0438, \u043a\u043e\u0438\u0442\u043e \u0441\u0442\u0435 \u043c\u0443 \u043f\u0440\u0435\u0434\u043e\u0441\u0442\u0430\u0432\u0438\u043b\u0438 \u0438\u043b\u0438 \u043a\u043e\u0438\u0442\u043e \u0430\u0434\u043c\u0438\u043d\u0438\u0441\u0442\u0440\u0430\u0442\u043e\u0440\u044a\u0442 \u0435 \u043f\u043e\u043b\u0443\u0447\u0438\u043b \u0432\u044a\u0437 \u043e\u0441\u043d\u043e\u0432\u0430 \u043d\u0430 \u0438\u0437\u043f\u044a\u043b\u043d\u0435\u043d\u0438\u0435\u0442\u043e \u043d\u0430 \u0432\u0430\u0448\u0430\u0442\u0430 \u043f\u043e\u0440\u044a\u0447\u043a\u0430.<\/li><li>\u041e\u0431\u0440\u0430\u0431\u043e\u0442\u0432\u0430\u0442 \u0441\u0435 \u0438\u0434\u0435\u043d\u0442\u0438\u0444\u0438\u043a\u0430\u0446\u0438\u043e\u043d\u043d\u0438 \u0438 \u043a\u043e\u043d\u0442\u0430\u043a\u0442\u043d\u0438 \u0434\u0430\u043d\u043d\u0438, \u043d\u0435\u043e\u0431\u0445\u043e\u0434\u0438\u043c\u0438 \u0437\u0430 \u0438\u0437\u043f\u044a\u043b\u043d\u0435\u043d\u0438\u0435\u0442\u043e \u043d\u0430 \u0434\u043e\u0433\u043e\u0432\u043e\u0440\u0430.<\/li><\/ol><h2><strong>III. \u041f\u0440\u0430\u0432\u043d\u043e \u043e\u0441\u043d\u043e\u0432\u0430\u043d\u0438\u0435 \u0438 \u0446\u0435\u043b \u043d\u0430 \u043e\u0431\u0440\u0430\u0431\u043e\u0442\u0432\u0430\u043d\u0435\u0442\u043e \u043d\u0430 \u043b\u0438\u0447\u043d\u0438 \u0434\u0430\u043d\u043d\u0438<\/strong><\/h2><ol><li><strong>\u0417\u0430\u043a\u043e\u043d\u043d\u043e\u0442\u043e \u043e\u0441\u043d\u043e\u0432\u0430\u043d\u0438\u0435 \u0437\u0430 \u043e\u0431\u0440\u0430\u0431\u043e\u0442\u0432\u0430\u043d\u0435 \u043d\u0430 \u043b\u0438\u0447\u043d\u0438 \u0434\u0430\u043d\u043d\u0438 \u0435:<\/strong><ul><li>\u041b\u0435\u0433\u0438\u0442\u0438\u043c\u043d\u0438\u044f\u0442 \u0438\u043d\u0442\u0435\u0440\u0435\u0441 \u043d\u0430 \u0430\u0434\u043c\u0438\u043d\u0438\u0441\u0442\u0440\u0430\u0442\u043e\u0440\u0430 \u0434\u0430 \u043f\u0440\u0435\u0434\u043e\u0441\u0442\u0430\u0432\u044f \u0434\u0438\u0440\u0435\u043a\u0442\u0435\u043d \u043c\u0430\u0440\u043a\u0435\u0442\u0438\u043d\u0433 (<strong>\u0427\u043b\u0435\u043d 6(1)(f) \u043e\u0442 GDPR<\/strong>)<\/li><li>\u0412\u0430\u0448\u0435\u0442\u043e \u0441\u044a\u0433\u043b\u0430\u0441\u0438\u0435 \u0437\u0430 \u043e\u0431\u0440\u0430\u0431\u043e\u0442\u043a\u0430 \u0437\u0430 \u043c\u0430\u0440\u043a\u0435\u0442\u0438\u043d\u0433\u043e\u0432\u0438 \u0446\u0435\u043b\u0438 (<strong>\u0427\u043b\u0435\u043d 6(1)(\u0430) \u043e\u0442 GDPR<\/strong>)<\/li><\/ul><\/li><li><strong>\u0426\u0435\u043b \u043d\u0430 \u043e\u0431\u0440\u0430\u0431\u043e\u0442\u0432\u0430\u043d\u0435\u0442\u043e \u043d\u0430 \u043b\u0438\u0447\u043d\u0438 \u0434\u0430\u043d\u043d\u0438:<\/strong><ul><li>\u041e\u0431\u0440\u0430\u0431\u043e\u0442\u043a\u0430 \u043d\u0430 \u043f\u043e\u0440\u044a\u0447\u043a\u0438 \u0438 \u0438\u0437\u043f\u044a\u043b\u043d\u0435\u043d\u0438\u0435 \u043d\u0430 \u0434\u043e\u0433\u043e\u0432\u043e\u0440\u0438<\/li><li>\u0418\u0437\u043f\u0440\u0430\u0449\u0430\u043d\u0435 \u043d\u0430 \u0442\u044a\u0440\u0433\u043e\u0432\u0441\u043a\u0438 \u0441\u044a\u043e\u0431\u0449\u0435\u043d\u0438\u044f \u0438 \u043c\u0430\u0440\u043a\u0435\u0442\u0438\u043d\u0433\u043e\u0432\u0438 \u043e\u0444\u0435\u0440\u0442\u0438<\/li><\/ul><\/li><li>\u0410\u0434\u043c\u0438\u043d\u0438\u0441\u0442\u0440\u0430\u0442\u043e\u0440\u044a\u0442 \u043d\u0435 \u0438\u0437\u0432\u044a\u0440\u0448\u0432\u0430 \u0430\u0432\u0442\u043e\u043c\u0430\u0442\u0438\u0437\u0438\u0440\u0430\u043d\u043e \u0432\u0437\u0435\u043c\u0430\u043d\u0435 \u043d\u0430 \u0440\u0435\u0448\u0435\u043d\u0438\u044f \u0441\u044a\u0433\u043b\u0430\u0441\u043d\u043e \u0447\u043b\u0435\u043d 22 \u043e\u0442 GDPR.<\/li><\/ol><h2><strong>IV. \u0421\u0440\u043e\u043a \u043d\u0430 \u0441\u044a\u0445\u0440\u0430\u043d\u0435\u043d\u0438\u0435 \u043d\u0430 \u043b\u0438\u0447\u043d\u0438\u0442\u0435 \u0434\u0430\u043d\u043d\u0438<\/strong><\/h2><ol><li><strong>\u041b\u0438\u0447\u043d\u0438\u0442\u0435 \u0434\u0430\u043d\u043d\u0438 \u0441\u0435 \u0441\u044a\u0445\u0440\u0430\u043d\u044f\u0432\u0430\u0442:<\/strong><ul><li>\u0417\u0430 \u0441\u0440\u043e\u043a\u0430 \u043d\u0430 \u0434\u043e\u0433\u043e\u0432\u043e\u0440\u043d\u0438\u0442\u0435 \u043e\u0442\u043d\u043e\u0448\u0435\u043d\u0438\u044f \u0438 \u0432\u043f\u043e\u0441\u043b\u0435\u0434\u0441\u0442\u0432\u0438\u0435 <strong>15 \u0433\u043e\u0434\u0438\u043d\u0438<\/strong>.<\/li><li>\u0417\u0430 \u0441\u0440\u043e\u043a\u0430 \u043d\u0430 \u0441\u044a\u0433\u043b\u0430\u0441\u0438\u0435\u0442\u043e \u0437\u0430 \u043c\u0430\u0440\u043a\u0435\u0442\u0438\u043d\u0433\u043e\u0432\u0438 \u0446\u0435\u043b\u0438, \u043d\u0435 \u043f\u043e-\u0434\u044a\u043b\u044a\u0433 \u043e\u0442 <strong>15 \u0433\u043e\u0434\u0438\u043d\u0438<\/strong>.<\/li><\/ul><\/li><li>\u0421\u043b\u0435\u0434 \u0438\u0437\u0442\u0438\u0447\u0430\u043d\u0435 \u043d\u0430 \u0441\u0440\u043e\u043a\u0430 \u0437\u0430 \u0441\u044a\u0445\u0440\u0430\u043d\u0435\u043d\u0438\u0435, \u0434\u0430\u043d\u043d\u0438\u0442\u0435 \u0449\u0435 \u0431\u044a\u0434\u0430\u0442 \u0438\u0437\u0442\u0440\u0438\u0442\u0438.<\/li><\/ol><h2><strong>V. \u041f\u043e\u043b\u0443\u0447\u0430\u0442\u0435\u043b\u0438 \u043d\u0430 \u043b\u0438\u0447\u043d\u0438 \u0434\u0430\u043d\u043d\u0438<\/strong><\/h2><ol><li>\u041b\u0438\u0447\u043d\u0438\u0442\u0435 \u0434\u0430\u043d\u043d\u0438 \u043c\u043e\u0433\u0430\u0442 \u0434\u0430 \u0431\u044a\u0434\u0430\u0442 \u0440\u0430\u0437\u043a\u0440\u0438\u0442\u0438:<ul><li>\u041b\u0438\u0446\u0430, \u0443\u0447\u0430\u0441\u0442\u0432\u0430\u0449\u0438 \u0432 \u0434\u043e\u0441\u0442\u0430\u0432\u043a\u0430\u0442\u0430 \u043d\u0430 \u0441\u0442\u043e\u043a\u0438\/\u0443\u0441\u043b\u0443\u0433\u0438<\/li><li>\u0414\u043e\u0441\u0442\u0430\u0432\u0447\u0438\u0446\u0438 \u043d\u0430 \u043c\u0430\u0440\u043a\u0435\u0442\u0438\u043d\u0433\u043e\u0432\u0438 \u0443\u0441\u043b\u0443\u0433\u0438<\/li><\/ul><\/li><li>\u0410\u0434\u043c\u0438\u043d\u0438\u0441\u0442\u0440\u0430\u0442\u043e\u0440\u044a\u0442 \u043d\u044f\u043c\u0430 \u043d\u0430\u043c\u0435\u0440\u0435\u043d\u0438\u0435 \u0434\u0430 \u043f\u0440\u0435\u0445\u0432\u044a\u0440\u043b\u044f \u043b\u0438\u0447\u043d\u0438 \u0434\u0430\u043d\u043d\u0438 \u0438\u0437\u0432\u044a\u043d \u0415\u0421.<\/li><\/ol><h2><strong>VI. \u0412\u0430\u0448\u0438\u0442\u0435 \u043f\u0440\u0430\u0432\u0430<\/strong><\/h2><ol><li>\u0421\u044a\u0433\u043b\u0430\u0441\u043d\u043e GDPR, \u0438\u043c\u0430\u0442\u0435 \u043f\u0440\u0430\u0432\u043e \u0434\u0430:<ul><li>\u0417\u0430 \u0434\u043e\u0441\u0442\u044a\u043f \u0434\u043e \u043b\u0438\u0447\u043d\u0438 \u0434\u0430\u043d\u043d\u0438 (<strong>\u0427\u043b\u0435\u043d 15 \u043e\u0442 GDPR<\/strong>)<\/li><li>\u0417\u0430 \u043a\u043e\u0440\u0438\u0433\u0438\u0440\u0430\u043d\u0435 \u043d\u0430 \u043b\u0438\u0447\u043d\u0438 \u0434\u0430\u043d\u043d\u0438 (<strong>\u0427\u043b\u0435\u043d 16 \u043e\u0442 GDPR<\/strong>)<\/li><li>\u0417\u0430 \u0434\u0430 \u0438\u0437\u0442\u0440\u0438\u0435\u0442\u0435 \u043b\u0438\u0447\u043d\u0438 \u0434\u0430\u043d\u043d\u0438 (<strong>\u0427\u043b\u0435\u043d 17 \u043e\u0442 GDPR<\/strong>)<\/li><li>\u0417\u0430 \u0434\u0430 \u043e\u0433\u0440\u0430\u043d\u0438\u0447\u0438\u0442\u0435 \u043e\u0431\u0440\u0430\u0431\u043e\u0442\u043a\u0430\u0442\u0430 (<strong>\u0427\u043b\u0435\u043d 18 \u043e\u0442 GDPR<\/strong>)<\/li><li>\u041e\u0442\u043d\u043e\u0441\u043d\u043e \u043f\u0440\u0435\u043d\u043e\u0441\u0438\u043c\u043e\u0441\u0442\u0442\u0430 \u043d\u0430 \u0434\u0430\u043d\u043d\u0438\u0442\u0435 (<strong>\u0427\u043b\u0435\u043d 20 \u043e\u0442 GDPR<\/strong>)<\/li><li>\u0412\u044a\u0437\u0440\u0430\u0436\u0435\u043d\u0438\u0435 \u0441\u0440\u0435\u0449\u0443 \u043e\u0431\u0440\u0430\u0431\u043e\u0442\u043a\u0430\u0442\u0430 (<strong>\u0427\u043b\u0435\u043d 21 \u043e\u0442 GDPR<\/strong>)<\/li><li>\u041e\u0442\u0442\u0435\u0433\u043b\u044f\u043d\u0435 \u043d\u0430 \u0441\u044a\u0433\u043b\u0430\u0441\u0438\u0435 \u0437\u0430 \u043e\u0431\u0440\u0430\u0431\u043e\u0442\u043a\u0430<\/li><\/ul><\/li><li>\u0418\u043c\u0430\u0442\u0435 \u043f\u0440\u0430\u0432\u043e \u0434\u0430 \u043f\u043e\u0434\u0430\u0434\u0435\u0442\u0435 \u0436\u0430\u043b\u0431\u0430 \u0434\u043e <strong>\u041e\u0440\u0433\u0430\u043d \u0437\u0430 \u0437\u0430\u0449\u0438\u0442\u0430 \u043d\u0430 \u043b\u0438\u0447\u043d\u0438\u0442\u0435 \u0434\u0430\u043d\u043d\u0438<\/strong>.<\/li><\/ol><h2><strong>VII. \u0421\u0438\u0433\u0443\u0440\u043d\u043e\u0441\u0442 \u043d\u0430 \u043b\u0438\u0447\u043d\u0438\u0442\u0435 \u0434\u0430\u043d\u043d\u0438<\/strong><\/h2><ol><li>\u0410\u0434\u043c\u0438\u043d\u0438\u0441\u0442\u0440\u0430\u0442\u043e\u0440\u044a\u0442 \u0435 \u043f\u0440\u0435\u0434\u043f\u0440\u0438\u0435\u043b \u0442\u0435\u0445\u043d\u0438\u0447\u0435\u0441\u043a\u0438 \u0438 \u043e\u0440\u0433\u0430\u043d\u0438\u0437\u0430\u0446\u0438\u043e\u043d\u043d\u0438 \u043c\u0435\u0440\u043a\u0438 \u0437\u0430 \u0437\u0430\u0449\u0438\u0442\u0430 \u043d\u0430 \u043b\u0438\u0447\u043d\u0438\u0442\u0435 \u0434\u0430\u043d\u043d\u0438.<\/li><li>\u041b\u0438\u0447\u043d\u0438\u0442\u0435 \u0434\u0430\u043d\u043d\u0438 \u0441\u0430 \u0437\u0430\u0449\u0438\u0442\u0435\u043d\u0438 \u043e\u0442 \u043d\u0435\u043e\u0442\u043e\u0440\u0438\u0437\u0438\u0440\u0430\u043d \u0434\u043e\u0441\u0442\u044a\u043f.<\/li><\/ol><h2><strong>VIII. \u0417\u0430\u043a\u043b\u044e\u0447\u0438\u0442\u0435\u043b\u043d\u0438 \u0440\u0430\u0437\u043f\u043e\u0440\u0435\u0434\u0431\u0438<\/strong><\/h2><ol><li>\u0412\u0438\u0435 \u043f\u043e\u0442\u0432\u044a\u0440\u0436\u0434\u0430\u0432\u0430\u0442\u0435 \u0441\u044a\u0433\u043b\u0430\u0441\u0438\u0435\u0442\u043e \u0441\u0438 \u0441 \u043e\u0431\u0449\u0438\u0442\u0435 \u0443\u0441\u043b\u043e\u0432\u0438\u044f, \u043a\u0430\u0442\u043e \u043f\u043e\u0441\u0442\u0430\u0432\u0438\u0442\u0435 \u043e\u0442\u043c\u0435\u0442\u043a\u0430 \u0432 \u043f\u043e\u043b\u0435\u0442\u043e \u0437\u0430 \u0441\u044a\u0433\u043b\u0430\u0441\u0438\u0435 \u043d\u0430 \u0443\u0435\u0431\u0441\u0430\u0439\u0442\u0430.<\/li><li>\u0410\u0434\u043c\u0438\u043d\u0438\u0441\u0442\u0440\u0430\u0442\u043e\u0440\u044a\u0442 \u0435 \u0443\u043f\u044a\u043b\u043d\u043e\u043c\u043e\u0449\u0435\u043d \u0434\u0430 \u043f\u0440\u043e\u043c\u0435\u043d\u044f \u0442\u0435\u0437\u0438 \u043e\u0431\u0449\u0438 \u0443\u0441\u043b\u043e\u0432\u0438\u044f; \u043d\u043e\u0432\u0430\u0442\u0430 \u0432\u0435\u0440\u0441\u0438\u044f \u0449\u0435 \u0431\u044a\u0434\u0435 \u043f\u0443\u0431\u043b\u0438\u043a\u0443\u0432\u0430\u043d\u0430 \u043d\u0430 \u0443\u0435\u0431\u0441\u0430\u0439\u0442\u0430.<\/li><\/ol><h3><strong>\u0422\u0435\u0437\u0438 \u043e\u0431\u0449\u0438 \u0443\u0441\u043b\u043e\u0432\u0438\u044f \u0432\u043b\u0438\u0437\u0430\u0442 \u0432 \u0441\u0438\u043b\u0430 \u043d\u0430 23 \u043d\u043e\u0435\u043c\u0432\u0440\u0438 2023 \u0433.<\/strong><\/h3>\t\t\t\t\t\t\t\t<\/div>\n\t\t\t\t\t<\/div>\n\t\t\t\t<\/div>\n\t\t\t\t<\/div>","protected":false},"excerpt":{"rendered":"<p>Ochrana osobn\u00edch \u00fadaj\u016f I. Z\u00e1kladn\u00ed ustanoven\u00ed Spr\u00e1vcem osobn\u00edch \u00fadaj\u016f podle \u010dl. 4 bod 7 na\u0159\u00edzen\u00ed Evropsk\u00e9ho parlamentu a Rady (EU) 2016\/679 (GDPR) je NATUREPRODUCTSCLINIC LTD (Company number 11332850), se s\u00eddlem Unit Q, 35 Astbury Road, London, England, SE15 2NL (d\u00e1le jen &#8222;spr\u00e1vce&#8220;). Kontaktn\u00ed \u00fadaje spr\u00e1vce: Adresa: Unit Q, 35 Astbury Road, London, England, SE15 2NL [&hellip;]<\/p>\n","protected":false},"author":2,"featured_media":0,"parent":0,"menu_order":7,"comment_status":"closed","ping_status":"closed","template":"elementor_header_footer","meta":{"footnotes":""},"class_list":["post-34","page","type-page","status-publish","hentry"],"_links":{"self":[{"href":"https:\/\/www.linie4life.com\/bg\/wp-json\/wp\/v2\/pages\/34","targetHints":{"allow":["GET"]}}],"collection":[{"href":"https:\/\/www.linie4life.com\/bg\/wp-json\/wp\/v2\/pages"}],"about":[{"href":"https:\/\/www.linie4life.com\/bg\/wp-json\/wp\/v2\/types\/page"}],"author":[{"embeddable":true,"href":"https:\/\/www.linie4life.com\/bg\/wp-json\/wp\/v2\/users\/2"}],"replies":[{"embeddable":true,"href":"https:\/\/www.linie4life.com\/bg\/wp-json\/wp\/v2\/comments?post=34"}],"version-history":[{"count":5,"href":"https:\/\/www.linie4life.com\/bg\/wp-json\/wp\/v2\/pages\/34\/revisions"}],"predecessor-version":[{"id":7361,"href":"https:\/\/www.linie4life.com\/bg\/wp-json\/wp\/v2\/pages\/34\/revisions\/7361"}],"wp:attachment":[{"href":"https:\/\/www.linie4life.com\/bg\/wp-json\/wp\/v2\/media?parent=34"}],"curies":[{"name":"\u0440\u0430\u0431\u043e\u0442\u043d\u0430 \u0441\u0440\u0435\u0449\u0430","href":"https:\/\/api.w.org\/{rel}","templated":true}]}}