{"id":7843,"date":"2025-06-05T14:01:53","date_gmt":"2025-06-05T12:01:53","guid":{"rendered":"https:\/\/www.linie4life.com\/zasady-cookies-eu\/"},"modified":"2026-02-16T03:21:59","modified_gmt":"2026-02-16T02:21:59","slug":"eu-cookie-richtlinie","status":"publish","type":"page","link":"https:\/\/www.linie4life.com\/de\/zasady-cookies-eu\/","title":{"rendered":"Cookie-Richtlinie (EU)"},"content":{"rendered":"<div data-elementor-type=\"wp-page\" data-elementor-id=\"7843\" class=\"elementor elementor-7843\" data-elementor-post-type=\"page\">\n\t\t\t\t<div class=\"elementor-element elementor-element-b6e1274 e-flex e-con-boxed e-con e-parent\" data-id=\"b6e1274\" data-element_type=\"container\" data-e-type=\"container\">\n\t\t\t\t\t<div class=\"e-con-inner\">\n\t\t<div class=\"elementor-element elementor-element-64d49fd e-con-full e-flex e-con e-child\" data-id=\"64d49fd\" data-element_type=\"container\" data-e-type=\"container\">\n\t\t\t\t<div class=\"elementor-element elementor-element-e3751eb elementor-widget elementor-widget-text-editor\" data-id=\"e3751eb\" data-element_type=\"widget\" data-e-type=\"widget\" data-widget_type=\"text-editor.default\">\n\t\t\t\t\t\t\t\t\t<h1><strong>Cookie-Richtlinie<\/strong><\/h1><p><strong>G\u00fcltigkeitsdatum:<\/strong> 2. Februar 2026<br \/><strong>Letzte Aktualisierung:<\/strong> 2. Februar 2026<\/p><p><strong>\u00a0<\/strong><\/p><p><strong>Was sind Cookies?<\/strong><\/p><p>Diese Cookie-Richtlinie erkl\u00e4rt, was Cookies sind, wie wir sie verwenden, welche Arten von Cookies wir verwenden (d. h. welche Informationen wir durch Cookies sammeln und wie diese Informationen verwendet werden) und wie Sie Ihre Cookie-Einstellungen verwalten k\u00f6nnen.<\/p><p>Cookies sind kleine Textdateien, die auf Ihrem Ger\u00e4t gespeichert werden, wenn Sie eine Website in Ihrem Internetbrowser aufrufen. Sie tragen dazu bei, die einwandfreie Funktion der Website zu gew\u00e4hrleisten, ihre Sicherheit zu erh\u00f6hen, die Benutzerfreundlichkeit zu verbessern und uns die Analyse der Website-Performance zu erm\u00f6glichen, um festzustellen, was gut funktioniert und wo Verbesserungspotenzial besteht.<\/p><p><strong>\u00a0<\/strong><\/p><p><strong>Wie verwenden wir Cookies?<\/strong><\/p><p>Wie die meisten Online-Dienste verwendet auch unsere Website Cookies von Erst- und Drittanbietern f\u00fcr verschiedene Zwecke.<\/p><p>Erstanbieter-Cookies sind f\u00fcr das ordnungsgem\u00e4\u00dfe Funktionieren der Website notwendig und erfassen keine personenbezogenen Daten.<\/p><p>Cookies von Drittanbietern helfen uns insbesondere dabei:<\/p><ul><li>analysieren, wie die Website funktioniert,<\/li><li>\u00dcberwachung der Nutzerinteraktionen mit der Website,<\/li><li>die Sicherheit unserer Dienste gew\u00e4hrleisten,<\/li><li>relevante Werbung anzeigen,<\/li><li>Verbesserung des Benutzerkomforts und der Geschwindigkeit zuk\u00fcnftiger Besuche.<\/li><\/ul><p>\u00a0<\/p><p><strong>Arten von Cookies, die wir verwenden<\/strong><\/p><p><strong>Notwendige Cookies<\/strong><\/p><p>Diese Cookies sind f\u00fcr die grundlegenden Funktionen der Website unerl\u00e4sslich. Ohne sie w\u00fcrde die Website nicht ordnungsgem\u00e4\u00df funktionieren. Sie speichern keine personenbezogenen Daten.<\/p><table><thead><tr><td><p><strong>Name<\/strong><\/p><\/td><td><p><strong>Dauer<\/strong><\/p><\/td><td><p><strong>Beschreibung<\/strong><\/p><\/td><\/tr><\/thead><tbody><tr><td><p>Elementor<\/p><\/td><td><p>Es verf\u00e4llt nie.<\/p><\/td><td><p>Es wird von der WordPress-Vorlage verwendet, um Website-Inhalte zu bearbeiten und anzuzeigen.<\/p><\/td><\/tr><tr><td><p>wpEmojiSettingsSupports<\/p><\/td><td><p>Sitzung<\/p><\/td><td><p>Ermittelt, ob der Browser die Anzeige von Emojis unterst\u00fctzt.<\/p><\/td><\/tr><tr><td><p>CookieJa-Zustimmung<\/p><\/td><td><p>1 Jahr<\/p><\/td><td><p>Es speichert die Zustimmung des Nutzers zu Cookies, um dessen Pr\u00e4ferenzen zu respektieren.<\/p><\/td><\/tr><tr><td><p>BESUCHER_DATENSCHUTZ_METADATEN<\/p><\/td><td><p>6 Monate<\/p><\/td><td><p>Speichert den Cookie-Zustimmungsstatus des Nutzers f\u00fcr die aktuelle Domain (YouTube).<\/p><\/td><\/tr><tr><td><p>PHPSESSID<\/p><\/td><td><p>Sitzung<\/p><\/td><td><p>Speichert eine eindeutige Benutzer-Sitzungs-ID.<\/p><\/td><\/tr><tr><td><p>__cf_bm<\/p><\/td><td><p>1 Stunde<\/p><\/td><td><p>Cloudflare Anti-Bot-Cookie.<\/p><\/td><\/tr><tr><td><p>m<\/p><\/td><td><p>1 Jahr, 1 Monat, 4 Tage<\/p><\/td><td><p>Stripe \u2013 Betrugspr\u00e4vention und Ger\u00e4teidentifizierung.<\/p><\/td><\/tr><tr><td><p>__stripe_mid<\/p><\/td><td><p>1 Jahr<\/p><\/td><td><p>Stripe \u2013 Zahlungsabwicklung.<\/p><\/td><\/tr><tr><td><p>__stripe_sid<\/p><\/td><td><p>1 Stunde<\/p><\/td><td><p>Stripe \u2013 Zahlungsabwicklung.<\/p><\/td><\/tr><tr><td><p>pbid<\/p><\/td><td><p>6 Monate<\/p><\/td><td><p>PixelYourSite \u2013 Benutzersitzungsverwaltung.<\/p><\/td><\/tr><\/tbody><\/table><p><strong>\u00a0<\/strong><\/p><p><strong>Funktionale Cookies<\/strong><\/p><p>Diese Cookies erm\u00f6glichen erweiterte Funktionen, wie das Teilen von Inhalten in sozialen Netzwerken oder das Abspielen eingebetteter Videos.<\/p><table><thead><tr><td><p><strong>Name<\/strong><\/p><\/td><td><p><strong>Dauer<\/strong><\/p><\/td><td><p><strong>Beschreibung<\/strong><\/p><\/td><\/tr><\/thead><tbody><tr><td><p>BESUCHERINFO1_LIVE<\/p><\/td><td><p>6 Monate<\/p><\/td><td><p>YouTube \u2013 Messung der Verbindungsgeschwindigkeit.<\/p><\/td><\/tr><tr><td><p>yt-remote-*<\/p><\/td><td><p>Sitzungs- \/ Dauerhaft<\/p><\/td><td><p>Sie speichern die YouTube-Player-Einstellungen.<\/p><\/td><\/tr><tr><td><p>ytidb::LAST_RESULT_ENTRY_KEY<\/p><\/td><td><p>Es verf\u00e4llt nie.<\/p><\/td><td><p>Speichert das zuletzt angeklickte YouTube-Suchergebnis.<\/p><\/td><\/tr><\/tbody><\/table><p><strong>\u00a0<\/strong><\/p><p><strong>Analyse-Cookies<\/strong><\/p><p>Sie dienen dazu, zu verstehen, wie Besucher die Website nutzen. Sie helfen dabei, die Besucherzahlen, die Absprungrate, die Traffic-Quelle und andere Statistiken zu erfassen.<\/p><table><thead><tr><td><p><strong>Name<\/strong><\/p><\/td><td><p><strong>Dauer<\/strong><\/p><\/td><td><p><strong>Beschreibung<\/strong><\/p><\/td><\/tr><\/thead><tbody><tr><td><p>sbjs_*<\/p><\/td><td><p>Sitzung<\/p><\/td><td><p>Identifizierung der Quelle des Besuchs (Sourcebuster).<\/p><\/td><\/tr><tr><td><p>_ga, <em>ga<\/em>*<\/p><\/td><td><p>1 Jahr, 1 Monat, 4 Tage<\/p><\/td><td><p>Google Analytics \u2013 anonyme Traffic-Statistiken.<\/p><\/td><\/tr><tr><td><p>_klick<\/p><\/td><td><p>1 Jahr<\/p><\/td><td><p>Microsoft Clarity \u2013 Beibehaltung der Benutzer-ID.<\/p><\/td><\/tr><tr><td><p>_clsk<\/p><\/td><td><p>1 Tag<\/p><\/td><td><p>Microsoft Clarity \u2013 Sitzungsaufzeichnung.<\/p><\/td><\/tr><tr><td><p>YSC<\/p><\/td><td><p>Sitzung<\/p><\/td><td><p>YouTube \u2013 Videoaufrufe verfolgen.<\/p><\/td><\/tr><tr><td><p>Lippe_*<\/p><\/td><td><p>Sitzung \/ 7 Tage<\/p><\/td><td><p>PixelYourSite \u2013 Analysedienste.<\/p><\/td><\/tr><\/tbody><\/table><p><strong>\u00a0<\/strong><\/p><p><strong>Werbe-Cookies<\/strong><\/p><p>Sie dienen dazu, personalisierte Werbung anzuzeigen und die Effektivit\u00e4t von Werbekampagnen zu messen.<\/p><table><thead><tr><td><p><strong>Name<\/strong><\/p><\/td><td><p><strong>Dauer<\/strong><\/p><\/td><td><p><strong>Beschreibung<\/strong><\/p><\/td><\/tr><\/thead><tbody><tr><td><p>yt.innertube::*<\/p><\/td><td><p>Es verf\u00e4llt nie.<\/p><\/td><td><p>YouTube \u2013 Speicherung des Video-Wiedergabeverlaufs.<\/p><\/td><\/tr><tr><td><p>_fbp<\/p><\/td><td><p>7 Tage<\/p><\/td><td><p>Facebook \u2013 Anzeige personalisierter Werbung.<\/p><\/td><\/tr><tr><td><p>_gcl_au<\/p><\/td><td><p>3 Monate<\/p><\/td><td><p>Google Tag Manager \u2013 Testen der Werbewirksamkeit.<\/p><\/td><\/tr><tr><td><p>test_cookie<\/p><\/td><td><p>15 Minuten<\/p><\/td><td><p>\u00dcberpr\u00fcfung der Cookie-Unterst\u00fctzung.<\/p><\/td><\/tr><tr><td><p>IDE<\/p><\/td><td><p>1 Jahr 24 Tage<\/p><\/td><td><p>Google DoubleClick \u2013 personalisierte Werbung.<\/p><\/td><\/tr><tr><td><p>NID<\/p><\/td><td><p>6 Monate<\/p><\/td><td><p>Google \u2013 Werbezwecke.<\/p><\/td><\/tr><\/tbody><\/table><p><strong>\u00a0<\/strong><\/p><p><strong>Nicht kategorisierte Cookies<\/strong><\/p><p>Diese Cookies werden derzeit analysiert und wurden noch keiner bestimmten Kategorie zugeordnet.<\/p><table><thead><tr><td><p><strong>Name<\/strong><\/p><\/td><td><p><strong>Dauer<\/strong><\/p><\/td><td><p><strong>Beschreibung<\/strong><\/p><\/td><\/tr><\/thead><tbody><tr><td><p>__Secure-ROLLOUT_TOKEN<\/p><\/td><td><p>6 Monate<\/p><\/td><td><p>Feature-Testmanagement (YouTube).<\/p><\/td><\/tr><tr><td><p>__Sicher-YEC<\/p><\/td><td><p>\u2014<\/p><\/td><td><p>Beschreibung noch nicht verf\u00fcgbar.<\/p><\/td><\/tr><tr><td><p>__Secure-YNID<\/p><\/td><td><p>6 Monate<\/p><\/td><td><p>Nutzersicherheitsschutz (Google).<\/p><\/td><\/tr><tr><td><p>pys_consent<\/p><\/td><td><p>1 Jahr<\/p><\/td><td><p>Einwilligungsmanagement (PixelYourSite).<\/p><\/td><\/tr><tr><td><p>wmc_currency<\/p><\/td><td><p>1 Monat<\/p><\/td><td><p>Speichert die bevorzugte W\u00e4hrung des Benutzers.<\/p><\/td><\/tr><\/tbody><\/table><p><strong>\u00a0<\/strong><\/p><p><strong>Cookie-Einstellungen verwalten<\/strong><\/p><p>Sie k\u00f6nnen Ihre Cookie-Einstellungen jederzeit anpassen, indem Sie auf die Schaltfl\u00e4che \u201eEinwilligungseinstellungen\u201c klicken. Dadurch wird die Leiste zur Einwilligungsverwaltung erneut ge\u00f6ffnet, und Sie k\u00f6nnen Ihre Einstellungen \u00e4ndern oder Ihre Einwilligung widerrufen.<\/p><p>Verschiedene Internetbrowser erm\u00f6glichen das Blockieren und L\u00f6schen von Cookies. Sie k\u00f6nnen die Einstellungen direkt in Ihrem Browser anpassen. Anleitungen dazu finden Sie hier:<\/p><ul><li><strong>Google Chrome:<\/strong> <a href=\"https:\/\/support.google.com\/accounts\/answer\/32050\" target=\"_blank\" rel=\"noopener\">https:\/\/support.google.com\/accounts\/answer\/32050<\/a><\/li><li><strong>Safari:<\/strong> <a href=\"https:\/\/support.apple.com\/en-in\/guide\/safari\/sfri11471\/mac\" target=\"_blank\" rel=\"noopener\">https:\/\/support.apple.com\/en-in\/guide\/safari\/sfri11471\/mac<\/a><\/li><li><strong>Mozilla Firefox:<\/strong> <a href=\"https:\/\/support.mozilla.org\/en-US\/kb\/clear-cookies-and-site-data-firefox\" target=\"_blank\" rel=\"noopener\">https:\/\/support.mozilla.org\/en-US\/kb\/clear-cookies-and-site-data-firefox<\/a><\/li><li><strong>Internet Explorer:<\/strong> <a href=\"https:\/\/support.microsoft.com\/en-us\/topic\/how-to-delete-cookie-files-in-internet-explorer-bca9446f-d873-78de-77ba-d42645fa52fc\" target=\"_blank\" rel=\"noopener\">https:\/\/support.microsoft.com\/en-us\/topic\/how-to-delete-cookie-files-in-internet-explorer-bca9446f-d873-78de-77ba-d42645fa52fc<\/a><\/li><\/ul><p>Wenn Sie einen anderen Browser verwenden, befolgen Sie bitte die offizielle Dokumentation f\u00fcr diesen Browser.<\/p><p><em>\u00a0<\/em><\/p><p><em>Diese Cookie-Richtlinie wurde mit dem Tool CookieYes \u2013 Cookie Policy Generator erstellt.<\/em><\/p>\t\t\t\t\t\t\t\t<\/div>\n\t\t\t\t<\/div>\n\t\t\t\t\t<\/div>\n\t\t\t\t<\/div>\n\t\t\t\t<\/div>","protected":false},"excerpt":{"rendered":"<p>Z\u00e1sady pou\u017e\u00edv\u00e1n\u00ed soubor\u016f cookies Datum \u00fa\u010dinnosti: 2. \u00fanora 2026Posledn\u00ed aktualizace: 2. \u00fanora 2026 \u00a0 Co jsou soubory cookies? Tyto Z\u00e1sady pou\u017e\u00edv\u00e1n\u00ed soubor\u016f cookies vysv\u011btluj\u00ed, co jsou cookies, jak je pou\u017e\u00edv\u00e1me, jak\u00e9 typy cookies vyu\u017e\u00edv\u00e1me (tj. jak\u00e9 informace prost\u0159ednictv\u00edm cookies shroma\u017e\u010fujeme a jak jsou tyto informace vyu\u017e\u00edv\u00e1ny) a jak m\u016f\u017eete spravovat sv\u00e9 nastaven\u00ed cookies. Cookies jsou [&hellip;]<\/p>\n","protected":false},"author":1,"featured_media":0,"parent":0,"menu_order":0,"comment_status":"closed","ping_status":"closed","template":"elementor_header_footer","meta":{"footnotes":""},"class_list":["post-7843","page","type-page","status-publish","hentry"],"_links":{"self":[{"href":"https:\/\/www.linie4life.com\/de\/wp-json\/wp\/v2\/pages\/7843","targetHints":{"allow":["GET"]}}],"collection":[{"href":"https:\/\/www.linie4life.com\/de\/wp-json\/wp\/v2\/pages"}],"about":[{"href":"https:\/\/www.linie4life.com\/de\/wp-json\/wp\/v2\/types\/page"}],"author":[{"embeddable":true,"href":"https:\/\/www.linie4life.com\/de\/wp-json\/wp\/v2\/users\/1"}],"replies":[{"embeddable":true,"href":"https:\/\/www.linie4life.com\/de\/wp-json\/wp\/v2\/comments?post=7843"}],"version-history":[{"count":6,"href":"https:\/\/www.linie4life.com\/de\/wp-json\/wp\/v2\/pages\/7843\/revisions"}],"predecessor-version":[{"id":17070,"href":"https:\/\/www.linie4life.com\/de\/wp-json\/wp\/v2\/pages\/7843\/revisions\/17070"}],"wp:attachment":[{"href":"https:\/\/www.linie4life.com\/de\/wp-json\/wp\/v2\/media?parent=7843"}],"curies":[{"name":"wp","href":"https:\/\/api.w.org\/{rel}","templated":true}]}}