{"id":36,"date":"2025-03-04T11:15:58","date_gmt":"2025-03-04T10:15:58","guid":{"rendered":"https:\/\/www.linie4life.com\/doprava\/"},"modified":"2026-03-14T18:12:49","modified_gmt":"2026-03-14T17:12:49","slug":"transport","status":"publish","type":"page","link":"https:\/\/www.linie4life.com\/en\/doprava\/","title":{"rendered":"Shipping"},"content":{"rendered":"<div data-elementor-type=\"wp-page\" data-elementor-id=\"36\" class=\"elementor elementor-36\" data-elementor-post-type=\"page\">\n\t\t\t\t<div class=\"elementor-element elementor-element-1de4ce9 e-flex e-con-boxed e-con e-parent\" data-id=\"1de4ce9\" data-element_type=\"container\" data-e-type=\"container\" data-settings=\"{&quot;background_background&quot;:&quot;classic&quot;}\">\n\t\t\t\t\t<div class=\"e-con-inner\">\n\t\t<div class=\"elementor-element elementor-element-4e4d7e3 e-con-full e-flex e-con e-child\" data-id=\"4e4d7e3\" data-element_type=\"container\" data-e-type=\"container\">\n\t\t\t\t<div class=\"elementor-element elementor-element-67416e6 elementor-widget__width-inherit elementor-widget elementor-widget-heading\" data-id=\"67416e6\" data-element_type=\"widget\" data-e-type=\"widget\" data-widget_type=\"heading.default\">\n\t\t\t\t\t<h1 class=\"elementor-heading-title elementor-size-default\">Shipping and delivery <\/h1>\t\t\t\t<\/div>\n\t\t\t\t<div class=\"elementor-element elementor-element-8247add elementor-widget__width-initial elementor-widget-laptop__width-initial elementor-widget elementor-widget-text-editor\" data-id=\"8247add\" data-element_type=\"widget\" data-e-type=\"widget\" data-widget_type=\"text-editor.default\">\n\t\t\t\t\t\t\t\t\t<h4 data-start=\"202\" data-end=\"306\"><strong>Order delivery \u2013 regions<\/strong><\/h4><p data-start=\"202\" data-end=\"306\">We ensure delivery of orders every working day by <strong data-start=\"256\" data-end=\"305\">Great Britain and selected European Union countries<\/strong>.<\/p><p data-start=\"308\" data-end=\"341\">We deliver to the following countries:<\/p><p data-start=\"343\" data-end=\"498\"><strong data-start=\"343\" data-end=\"498\">Bulgaria<br data-start=\"354\" data-end=\"357\" \/>Czech Republic<br data-start=\"372\" data-end=\"375\" \/>France<br data-start=\"382\" data-end=\"385\" \/>Italy<br data-start=\"391\" data-end=\"394\" \/>Hungary<br data-start=\"402\" data-end=\"405\" \/>Germany<br data-start=\"412\" data-end=\"415\" \/>Poland<br data-start=\"421\" data-end=\"424\" \/>Austria<br data-start=\"432\" data-end=\"435\" \/>Romania<br data-start=\"443\" data-end=\"446\" \/>Slovakia<br data-start=\"455\" data-end=\"458\" \/>Slovenia<br data-start=\"467\" data-end=\"470\" \/>Spain<br data-start=\"479\" data-end=\"482\" \/>Great Britain<\/strong><\/p><p data-start=\"343\" data-end=\"498\">The store currently does not ship outside the listed countries.<\/p>\t\t\t\t\t\t\t\t<\/div>\n\t\t\t\t<div class=\"elementor-element elementor-element-ab79677 elementor-widget elementor-widget-text-editor\" data-id=\"ab79677\" data-element_type=\"widget\" data-e-type=\"widget\" data-widget_type=\"text-editor.default\">\n\t\t\t\t\t\t\t\t\t<h4><strong>Delivery price<\/strong><\/h4><p><strong>We deliver free of charge to all EU countries!<\/strong> Delivery to the UK is currently \u00a315.<\/p><p>Available shipping methods are always displayed in the shopping cart according to the selected country of delivery. We cooperate with local and international shipping services. Specific carriers are always displayed before completing the order.<\/p><h4><strong>Delivery time<\/strong><\/h4><ul><li>CZ, SK: usually 1\u20132 business days<\/li><li>Selected EU countries: usually 2-3 business days<\/li><li>OK: usually 2\u20133 business days<\/li><\/ul><p>Valid for orders delivered before 10:00 AM local time.<\/p><p>The stated deadlines are indicative and may vary depending on the carrier or transport workload.\u00a0<\/p><h4><strong>Important information<\/strong><\/h4><p>For shipments to the United Kingdom, local customs and tax regulations may apply, which may increase delivery times and\/or the actual delivery cost.<\/p>\t\t\t\t\t\t\t\t<\/div>\n\t\t\t\t<div class=\"elementor-element elementor-element-08ced77 elementor-widget elementor-widget-text-editor\" data-id=\"08ced77\" data-element_type=\"widget\" data-e-type=\"widget\" data-widget_type=\"text-editor.default\">\n\t\t\t\t\t\t\t\t\t<p>Shipment logistics are provided from the Czech Republic.<\/p>\t\t\t\t\t\t\t\t<\/div>\n\t\t\t\t<div class=\"elementor-element elementor-element-015f4b1 elementor-widget elementor-widget-text-editor\" data-id=\"015f4b1\" data-element_type=\"widget\" data-e-type=\"widget\" data-widget_type=\"text-editor.default\">\n\t\t\t\t\t\t\t\t\t<p><strong>Cash on delivery price<\/strong><\/p><p>In the case of payment for an order on cash on delivery, the cash on delivery fee is EUR 1.9\/50 CZK or the equivalent in other currencies.<\/p>\t\t\t\t\t\t\t\t<\/div>\n\t\t\t\t<\/div>\n\t\t<div class=\"elementor-element elementor-element-e6efdea e-con-full elementor-hidden-widescreen elementor-hidden-desktop elementor-hidden-laptop elementor-hidden-tablet elementor-hidden-mobile e-flex e-con e-child\" data-id=\"e6efdea\" data-element_type=\"container\" data-e-type=\"container\">\n\t\t\t\t<div class=\"elementor-element elementor-element-0aa8fb9 elementor-widget__width-inherit elementor-widget-mobile__width-initial elementor-widget elementor-widget-heading\" data-id=\"0aa8fb9\" data-element_type=\"widget\" data-e-type=\"widget\" data-widget_type=\"heading.default\">\n\t\t\t\t\t<h2 class=\"elementor-heading-title elementor-size-default\">\ud83c\udde8\ud83c\uddff Czech Republic &amp; \ud83c\uddf8\ud83c\uddf0 Slovakia<\/h2>\t\t\t\t<\/div>\n\t\t\t\t<div class=\"elementor-element elementor-element-aaa9f78 elementor-widget__width-inherit elementor-widget-laptop__width-initial elementor-widget elementor-widget-text-editor\" data-id=\"aaa9f78\" data-element_type=\"widget\" data-e-type=\"widget\" data-widget_type=\"text-editor.default\">\n\t\t\t\t\t\t\t\t\t<p>For orders under 500 CZK, the following shipping prices apply:<\/p>\t\t\t\t\t\t\t\t<\/div>\n\t\t<div class=\"elementor-element elementor-element-e703b09 e-con-full e-flex e-con e-child\" data-id=\"e703b09\" data-element_type=\"container\" data-e-type=\"container\" data-settings=\"{&quot;background_background&quot;:&quot;classic&quot;}\">\n\t\t<div class=\"elementor-element elementor-element-9f913f2 e-con-full e-flex e-con e-child\" data-id=\"9f913f2\" data-element_type=\"container\" data-e-type=\"container\">\n\t\t\t\t<div class=\"elementor-element elementor-element-dfb2121 elementor-widget__width-initial elementor-widget-laptop__width-initial elementor-widget-mobile__width-initial elementor-widget elementor-widget-image\" data-id=\"dfb2121\" data-element_type=\"widget\" data-e-type=\"widget\" data-widget_type=\"image.default\">\n\t\t\t\t\t\t\t\t\t\t\t\t\t\t\t<img fetchpriority=\"high\" decoding=\"async\" width=\"264\" height=\"191\" src=\"https:\/\/www.linie4life.com\/wp-content\/uploads\/2025\/03\/logo-zasilkovnacz-na-cervenem-pozadi-predstavujici-logistickou-a-dorucovaci-sluzbu-pro-zasilani-baliku.webp\" class=\"attachment-large size-large wp-image-5903\" alt=\"Z\u00e1silkovna.cz logo on a red background, representing a logistics and delivery service for sending packages.\" title=\"\">\t\t\t\t\t\t\t\t\t\t\t\t\t\t\t<\/div>\n\t\t\t\t<div class=\"elementor-element elementor-element-0a200e5 elementor-widget__width-initial elementor-widget-tablet__width-inherit elementor-widget-mobile__width-inherit elementor-widget elementor-widget-text-editor\" data-id=\"0a200e5\" data-element_type=\"widget\" data-e-type=\"widget\" data-widget_type=\"text-editor.default\">\n\t\t\t\t\t\t\t\t\t<p><strong>Alza mail order house + delivery points<br \/>&amp; Alzaboxes<\/strong><\/p><p><span style=\"color: #339966;\"><strong>89 CZK<\/strong><\/span><\/p><p>Delivery: 1-3 business days<\/p>\t\t\t\t\t\t\t\t<\/div>\n\t\t\t\t<\/div>\n\t\t\t\t<\/div>\n\t\t<div class=\"elementor-element elementor-element-0a3facc e-con-full e-flex e-con e-child\" data-id=\"0a3facc\" data-element_type=\"container\" data-e-type=\"container\" data-settings=\"{&quot;background_background&quot;:&quot;classic&quot;}\">\n\t\t<div class=\"elementor-element elementor-element-c35c599 e-con-full e-flex e-con e-child\" data-id=\"c35c599\" data-element_type=\"container\" data-e-type=\"container\">\n\t\t\t\t<div class=\"elementor-element elementor-element-4cacd70 elementor-widget__width-initial elementor-widget-laptop__width-initial elementor-widget-mobile__width-initial elementor-widget elementor-widget-image\" data-id=\"4cacd70\" data-element_type=\"widget\" data-e-type=\"widget\" data-widget_type=\"image.default\">\n\t\t\t\t\t\t\t\t\t\t\t\t\t\t\t<img decoding=\"async\" width=\"800\" height=\"360\" src=\"https:\/\/www.linie4life.com\/wp-content\/uploads\/2025\/03\/logo-ppl-se-tremi-modrymi-prouzky-a-modrym-textem-na-bilem-pozadi-symbolizujici-rychlou-prepravu.webp\" class=\"attachment-large size-large wp-image-5904\" alt=\"PPL logo with three blue stripes and blue text on a white background, symbolizing fast transportation.\" title=\"\">\t\t\t\t\t\t\t\t\t\t\t\t\t\t\t<\/div>\n\t\t\t\t<div class=\"elementor-element elementor-element-01811f1 elementor-widget__width-initial elementor-widget-mobile__width-inherit elementor-widget elementor-widget-text-editor\" data-id=\"01811f1\" data-element_type=\"widget\" data-e-type=\"widget\" data-widget_type=\"text-editor.default\">\n\t\t\t\t\t\t\t\t\t<p><strong>PPL\/PPL Parcelshop<\/strong><\/p><p><span style=\"color: #339966;\"><strong>119 CZK\/89 CZK<\/strong><\/span><\/p><p>Delivery: 1-3 business days<\/p>\t\t\t\t\t\t\t\t<\/div>\n\t\t\t\t<\/div>\n\t\t\t\t<\/div>\n\t\t<div class=\"elementor-element elementor-element-fb53d52 e-con-full e-flex e-con e-child\" data-id=\"fb53d52\" data-element_type=\"container\" data-e-type=\"container\" data-settings=\"{&quot;background_background&quot;:&quot;classic&quot;}\">\n\t\t<div class=\"elementor-element elementor-element-9328687 e-con-full e-flex e-con e-child\" data-id=\"9328687\" data-element_type=\"container\" data-e-type=\"container\">\n\t\t\t\t<div class=\"elementor-element elementor-element-9f1683e elementor-widget__width-initial elementor-widget-laptop__width-initial elementor-widget-mobile__width-initial elementor-widget elementor-widget-image\" data-id=\"9f1683e\" data-element_type=\"widget\" data-e-type=\"widget\" data-widget_type=\"image.default\">\n\t\t\t\t\t\t\t\t\t\t\t\t\t\t\t<img decoding=\"async\" width=\"800\" height=\"215\" src=\"https:\/\/www.linie4life.com\/wp-content\/uploads\/2025\/03\/logo-spolecnosti-gls-ve-zluto-modrych-barvach-symbolizujici-logistiku-a-rychle-dorucovaci-sluzby.webp\" class=\"attachment-large size-large wp-image-5906\" alt=\"GLS logo in yellow and blue colors, symbolizing logistics and fast delivery services.\" title=\"\">\t\t\t\t\t\t\t\t\t\t\t\t\t\t\t<\/div>\n\t\t\t\t<div class=\"elementor-element elementor-element-5a521ca elementor-widget__width-initial elementor-widget-mobile__width-inherit elementor-widget elementor-widget-text-editor\" data-id=\"5a521ca\" data-element_type=\"widget\" data-e-type=\"widget\" data-widget_type=\"text-editor.default\">\n\t\t\t\t\t\t\t\t\t<p><strong>GLS<\/strong><\/p><p><span style=\"color: #339966;\"><strong>119 CZK<\/strong><\/span><\/p><p>Delivery: 1-3 business days<br \/><br \/><\/p>\t\t\t\t\t\t\t\t<\/div>\n\t\t\t\t<\/div>\n\t\t\t\t<\/div>\n\t\t<div class=\"elementor-element elementor-element-ff7dc6a e-con-full e-flex e-con e-child\" data-id=\"ff7dc6a\" data-element_type=\"container\" data-e-type=\"container\" data-settings=\"{&quot;background_background&quot;:&quot;classic&quot;}\">\n\t\t<div class=\"elementor-element elementor-element-6257845 e-con-full e-flex e-con e-child\" data-id=\"6257845\" data-element_type=\"container\" data-e-type=\"container\">\n\t\t\t\t<div class=\"elementor-element elementor-element-f98908c elementor-widget__width-initial elementor-widget-laptop__width-initial elementor-widget-mobile__width-initial elementor-widget elementor-widget-image\" data-id=\"f98908c\" data-element_type=\"widget\" data-e-type=\"widget\" data-widget_type=\"image.default\">\n\t\t\t\t\t\t\t\t\t\t\t\t\t\t\t<img loading=\"lazy\" decoding=\"async\" width=\"200\" height=\"100\" src=\"https:\/\/www.linie4life.com\/wp-content\/uploads\/2025\/03\/logo-balikovny-s-barevnymi-ctverci-symbolizujicimi-moderni-a-rychle-logisticke-sluzby-pro-dorucovani-baliku-v-cr.webp\" class=\"attachment-large size-large wp-image-5907\" alt=\"Bal\u00edkovna logo with colored squares symbolizing modern and fast logistics services for parcel delivery in the Czech Republic.\" title=\"\">\t\t\t\t\t\t\t\t\t\t\t\t\t\t\t<\/div>\n\t\t\t\t<div class=\"elementor-element elementor-element-edb7e0e elementor-widget__width-initial elementor-widget-mobile__width-inherit elementor-widget elementor-widget-text-editor\" data-id=\"edb7e0e\" data-element_type=\"widget\" data-e-type=\"widget\" data-widget_type=\"text-editor.default\">\n\t\t\t\t\t\t\t\t\t<p><strong>Balikovna \u2013 To the address:\u00a0<\/strong><\/p><p><span style=\"color: #339966;\"><strong>89 CZK<\/strong><\/span><\/p><p>Delivery: 1-3 business days<\/p>\t\t\t\t\t\t\t\t<\/div>\n\t\t\t\t<\/div>\n\t\t\t\t<\/div>\n\t\t<div class=\"elementor-element elementor-element-811b645 e-con-full e-flex e-con e-child\" data-id=\"811b645\" data-element_type=\"container\" data-e-type=\"container\" data-settings=\"{&quot;background_background&quot;:&quot;classic&quot;}\">\n\t\t<div class=\"elementor-element elementor-element-66cbb08 e-con-full e-flex e-con e-child\" data-id=\"66cbb08\" data-element_type=\"container\" data-e-type=\"container\">\n\t\t\t\t<div class=\"elementor-element elementor-element-781883e elementor-widget__width-initial elementor-widget-laptop__width-initial elementor-widget-tablet__width-initial elementor-widget-mobile__width-initial elementor-widget elementor-widget-image\" data-id=\"781883e\" data-element_type=\"widget\" data-e-type=\"widget\" data-widget_type=\"image.default\">\n\t\t\t\t\t\t\t\t\t\t\t\t\t\t\t<img loading=\"lazy\" decoding=\"async\" width=\"200\" height=\"100\" src=\"https:\/\/www.linie4life.com\/wp-content\/uploads\/2025\/03\/logo-ceske-posty-s-charakteristickym-modro-zlutym-ztvarnenim-symbolizujici-postovni-sluzby-v-ceske-republice.webp\" class=\"attachment-large size-large wp-image-5908\" alt=\"The logo of the Czech Post with a characteristic blue-yellow design, symbolizing postal services in the Czech Republic.\" title=\"\">\t\t\t\t\t\t\t\t\t\t\t\t\t\t\t<\/div>\n\t\t\t\t<div class=\"elementor-element elementor-element-a2d2406 elementor-widget__width-initial elementor-widget-mobile__width-inherit elementor-widget elementor-widget-text-editor\" data-id=\"a2d2406\" data-element_type=\"widget\" data-e-type=\"widget\" data-widget_type=\"text-editor.default\">\n\t\t\t\t\t\t\t\t\t<p><strong>Czech Post Parcel in hand<\/strong><\/p><p><span style=\"color: #339966;\"><strong>129 CZK<\/strong><\/span><\/p><p>Delivery: 1-3 business days<\/p>\t\t\t\t\t\t\t\t<\/div>\n\t\t\t\t<\/div>\n\t\t\t\t<\/div>\n\t\t<div class=\"elementor-element elementor-element-a430356 e-con-full e-flex e-con e-child\" data-id=\"a430356\" data-element_type=\"container\" data-e-type=\"container\" data-settings=\"{&quot;background_background&quot;:&quot;classic&quot;}\">\n\t\t<div class=\"elementor-element elementor-element-1718d26 e-con-full e-flex e-con e-child\" data-id=\"1718d26\" data-element_type=\"container\" data-e-type=\"container\">\n\t\t\t\t<div class=\"elementor-element elementor-element-21cdb52 elementor-widget__width-initial elementor-widget-laptop__width-initial elementor-widget-tablet__width-initial elementor-widget-mobile__width-initial elementor-widget elementor-widget-image\" data-id=\"21cdb52\" data-element_type=\"widget\" data-e-type=\"widget\" data-widget_type=\"image.default\">\n\t\t\t\t\t\t\t\t\t\t\t\t\t\t\t<img loading=\"lazy\" decoding=\"async\" width=\"800\" height=\"336\" src=\"https:\/\/www.linie4life.com\/wp-content\/uploads\/2025\/03\/logo-logisticke-spolecnosti-dpd-cerveny-symbol-baliku-vedle-textu-zamerene-na-dorucovani-zasilek.webp\" class=\"attachment-large size-large wp-image-5905\" alt=\"Logo of the logistics company DPD, a red parcel symbol next to the text, focused on delivering parcels.\" title=\"\">\t\t\t\t\t\t\t\t\t\t\t\t\t\t\t<\/div>\n\t\t\t\t<div class=\"elementor-element elementor-element-aeee673 elementor-widget__width-initial elementor-widget-mobile__width-inherit elementor-widget elementor-widget-text-editor\" data-id=\"aeee673\" data-element_type=\"widget\" data-e-type=\"widget\" data-widget_type=\"text-editor.default\">\n\t\t\t\t\t\t\t\t\t<p><strong>DPD<\/strong><\/p><p><span style=\"color: #339966;\"><strong>119 CZK<\/strong><\/span><\/p><p>Delivery: 1-3 business days<\/p>\t\t\t\t\t\t\t\t<\/div>\n\t\t\t\t<\/div>\n\t\t\t\t<\/div>\n\t\t\t\t<\/div>\n\t\t<div class=\"elementor-element elementor-element-079cd2a e-con-full elementor-hidden-widescreen elementor-hidden-desktop elementor-hidden-laptop elementor-hidden-tablet elementor-hidden-mobile e-flex e-con e-child\" data-id=\"079cd2a\" data-element_type=\"container\" data-e-type=\"container\">\n\t\t\t\t<div class=\"elementor-element elementor-element-1109ecf elementor-widget__width-inherit elementor-widget-mobile__width-initial elementor-widget elementor-widget-heading\" data-id=\"1109ecf\" data-element_type=\"widget\" data-e-type=\"widget\" data-widget_type=\"heading.default\">\n\t\t\t\t\t<h2 class=\"elementor-heading-title elementor-size-default\">\ud83c\udf0d Abroad<\/h2>\t\t\t\t<\/div>\n\t\t\t\t<div class=\"elementor-element elementor-element-a11ba08 elementor-widget__width-inherit elementor-widget elementor-widget-text-editor\" data-id=\"a11ba08\" data-element_type=\"widget\" data-e-type=\"widget\" data-widget_type=\"text-editor.default\">\n\t\t\t\t\t\t\t\t\t<p>Delivery to address or drop box is possible. For orders under 1,000 CZK, the following shipping prices apply:<\/p>\t\t\t\t\t\t\t\t<\/div>\n\t\t<div class=\"elementor-element elementor-element-40b5f0a e-con-full e-flex e-con e-child\" data-id=\"40b5f0a\" data-element_type=\"container\" data-e-type=\"container\" data-settings=\"{&quot;background_background&quot;:&quot;classic&quot;}\">\n\t\t<div class=\"elementor-element elementor-element-d267c50 e-con-full e-flex e-con e-child\" data-id=\"d267c50\" data-element_type=\"container\" data-e-type=\"container\">\n\t\t\t\t<div class=\"elementor-element elementor-element-62bf8de elementor-widget__width-initial elementor-widget-laptop__width-initial elementor-widget-mobile__width-initial elementor-widget elementor-widget-image\" data-id=\"62bf8de\" data-element_type=\"widget\" data-e-type=\"widget\" data-widget_type=\"image.default\">\n\t\t\t\t\t\t\t\t\t\t\t\t\t\t\t<img fetchpriority=\"high\" decoding=\"async\" width=\"264\" height=\"191\" src=\"https:\/\/www.linie4life.com\/wp-content\/uploads\/2025\/03\/logo-zasilkovnacz-na-cervenem-pozadi-predstavujici-logistickou-a-dorucovaci-sluzbu-pro-zasilani-baliku.webp\" class=\"attachment-large size-large wp-image-5903\" alt=\"Z\u00e1silkovna.cz logo on a red background, representing a logistics and delivery service for sending packages.\" title=\"\">\t\t\t\t\t\t\t\t\t\t\t\t\t\t\t<\/div>\n\t\t\t\t<div class=\"elementor-element elementor-element-188c455 elementor-widget__width-initial elementor-widget-mobile__width-inherit elementor-widget elementor-widget-text-editor\" data-id=\"188c455\" data-element_type=\"widget\" data-e-type=\"widget\" data-widget_type=\"text-editor.default\">\n\t\t\t\t\t\t\t\t\t<p><strong>Mail order house\u00a0<\/strong><\/p><p><span style=\"color: #339966;\"><strong>\u20ac5 \/ Free from 1,000 CZK<\/strong><\/span><\/p><p>Delivery: 2-3 business days<\/p>\t\t\t\t\t\t\t\t<\/div>\n\t\t\t\t<\/div>\n\t\t\t\t<\/div>\n\t\t<div class=\"elementor-element elementor-element-6749723 e-con-full e-flex e-con e-child\" data-id=\"6749723\" data-element_type=\"container\" data-e-type=\"container\" data-settings=\"{&quot;background_background&quot;:&quot;classic&quot;}\">\n\t\t<div class=\"elementor-element elementor-element-1e87d0c e-con-full e-flex e-con e-child\" data-id=\"1e87d0c\" data-element_type=\"container\" data-e-type=\"container\">\n\t\t\t\t<div class=\"elementor-element elementor-element-8909fde elementor-widget__width-initial elementor-widget-laptop__width-initial elementor-widget-mobile__width-initial elementor-widget elementor-widget-image\" data-id=\"8909fde\" data-element_type=\"widget\" data-e-type=\"widget\" data-widget_type=\"image.default\">\n\t\t\t\t\t\t\t\t\t\t\t\t\t\t\t<img decoding=\"async\" width=\"800\" height=\"360\" src=\"https:\/\/www.linie4life.com\/wp-content\/uploads\/2025\/03\/logo-ppl-se-tremi-modrymi-prouzky-a-modrym-textem-na-bilem-pozadi-symbolizujici-rychlou-prepravu.webp\" class=\"attachment-large size-large wp-image-5904\" alt=\"PPL logo with three blue stripes and blue text on a white background, symbolizing fast transportation.\" title=\"\">\t\t\t\t\t\t\t\t\t\t\t\t\t\t\t<\/div>\n\t\t\t\t<div class=\"elementor-element elementor-element-30a9934 elementor-widget__width-initial elementor-widget-mobile__width-inherit elementor-widget elementor-widget-text-editor\" data-id=\"30a9934\" data-element_type=\"widget\" data-e-type=\"widget\" data-widget_type=\"text-editor.default\">\n\t\t\t\t\t\t\t\t\t<p><strong>PPL\/DHL<\/strong><\/p><p><span style=\"color: #339966;\"><strong>\u20ac5 \/ Free from 1,000 CZK<\/strong><\/span><\/p><p>Delivery: 2-3 business days<\/p>\t\t\t\t\t\t\t\t<\/div>\n\t\t\t\t<\/div>\n\t\t\t\t<\/div>\n\t\t<div class=\"elementor-element elementor-element-2287f13 e-con-full e-flex e-con e-child\" data-id=\"2287f13\" data-element_type=\"container\" data-e-type=\"container\" data-settings=\"{&quot;background_background&quot;:&quot;classic&quot;}\">\n\t\t<div class=\"elementor-element elementor-element-3a74706 e-con-full e-flex e-con e-child\" data-id=\"3a74706\" data-element_type=\"container\" data-e-type=\"container\">\n\t\t\t\t<div class=\"elementor-element elementor-element-ee5b05e elementor-widget__width-initial elementor-widget-laptop__width-initial elementor-widget-mobile__width-initial elementor-widget elementor-widget-image\" data-id=\"ee5b05e\" data-element_type=\"widget\" data-e-type=\"widget\" data-widget_type=\"image.default\">\n\t\t\t\t\t\t\t\t\t\t\t\t\t\t\t<img loading=\"lazy\" decoding=\"async\" width=\"800\" height=\"336\" src=\"https:\/\/www.linie4life.com\/wp-content\/uploads\/2025\/03\/logo-logisticke-spolecnosti-dpd-cerveny-symbol-baliku-vedle-textu-zamerene-na-dorucovani-zasilek.webp\" class=\"attachment-large size-large wp-image-5905\" alt=\"Logo of the logistics company DPD, a red parcel symbol next to the text, focused on delivering parcels.\" title=\"\">\t\t\t\t\t\t\t\t\t\t\t\t\t\t\t<\/div>\n\t\t\t\t<div class=\"elementor-element elementor-element-9d840c9 elementor-widget__width-initial elementor-widget-mobile__width-inherit elementor-widget elementor-widget-text-editor\" data-id=\"9d840c9\" data-element_type=\"widget\" data-e-type=\"widget\" data-widget_type=\"text-editor.default\">\n\t\t\t\t\t\t\t\t\t<p><strong>DPD<\/strong><\/p><p><span style=\"color: #339966;\"><strong>\u20ac5 \/ Free from 1,000 CZK<\/strong><\/span><\/p><p>Delivery: 2-3 business days<\/p>\t\t\t\t\t\t\t\t<\/div>\n\t\t\t\t<\/div>\n\t\t\t\t<\/div>\n\t\t\t\t<\/div>\n\t\t\t\t\t<\/div>\n\t\t\t\t<\/div>\n\t\t\t\t<\/div>","protected":false},"excerpt":{"rendered":"<p>Doprava a doru\u010den\u00ed Doru\u010dov\u00e1n\u00ed objedn\u00e1vek &#8211; regiony Zaji\u0161\u0165ujeme doru\u010den\u00ed objedn\u00e1vek ka\u017ed\u00fd pracovn\u00ed den do Velk\u00e9 Brit\u00e1nie a vybran\u00fdch zem\u00ed Evropsk\u00e9 unie. Doru\u010dujeme do n\u00e1sleduj\u00edc\u00edch zem\u00ed: Bulharsko\u010cesk\u00e1 republikaFrancieIt\u00e1lieMa\u010farskoN\u011bmeckoPolskoRakouskoRumunskoSlovenskoSlovinsko\u0160pan\u011blskoVelk\u00e1 Brit\u00e1nie Obchod aktu\u00e1ln\u011b nedoru\u010duje mimo uveden\u00e9 zem\u011b. Cena doru\u010den\u00ed Do v\u0161ech zem\u00ed EU doru\u010dujeme zdarma! Doru\u010den\u00ed pro Velkou Brit\u00e1nii aktu\u00e1ln\u011b \u010din\u00ed 15 \u00a3. Dostupn\u00e9 zp\u016fsoby dopravy jsou v\u017edy [&hellip;]<\/p>\n","protected":false},"author":2,"featured_media":0,"parent":0,"menu_order":9,"comment_status":"closed","ping_status":"closed","template":"elementor_header_footer","meta":{"footnotes":""},"class_list":["post-36","page","type-page","status-publish","hentry"],"_links":{"self":[{"href":"https:\/\/www.linie4life.com\/en\/wp-json\/wp\/v2\/pages\/36","targetHints":{"allow":["GET"]}}],"collection":[{"href":"https:\/\/www.linie4life.com\/en\/wp-json\/wp\/v2\/pages"}],"about":[{"href":"https:\/\/www.linie4life.com\/en\/wp-json\/wp\/v2\/types\/page"}],"author":[{"embeddable":true,"href":"https:\/\/www.linie4life.com\/en\/wp-json\/wp\/v2\/users\/2"}],"replies":[{"embeddable":true,"href":"https:\/\/www.linie4life.com\/en\/wp-json\/wp\/v2\/comments?post=36"}],"version-history":[{"count":10,"href":"https:\/\/www.linie4life.com\/en\/wp-json\/wp\/v2\/pages\/36\/revisions"}],"predecessor-version":[{"id":17750,"href":"https:\/\/www.linie4life.com\/en\/wp-json\/wp\/v2\/pages\/36\/revisions\/17750"}],"wp:attachment":[{"href":"https:\/\/www.linie4life.com\/en\/wp-json\/wp\/v2\/media?parent=36"}],"curies":[{"name":"wp","href":"https:\/\/api.w.org\/{rel}","templated":true}]}}