{"id":7843,"date":"2025-06-05T14:01:53","date_gmt":"2025-06-05T12:01:53","guid":{"rendered":"https:\/\/www.linie4life.com\/zasady-cookies-eu\/"},"modified":"2026-02-16T03:21:59","modified_gmt":"2026-02-16T02:21:59","slug":"eu-cookie-policy","status":"publish","type":"page","link":"https:\/\/www.linie4life.com\/en\/zasady-cookies-eu\/","title":{"rendered":"Cookie Policy (EU)"},"content":{"rendered":"<div data-elementor-type=\"wp-page\" data-elementor-id=\"7843\" class=\"elementor elementor-7843\" data-elementor-post-type=\"page\">\n\t\t\t\t<div class=\"elementor-element elementor-element-b6e1274 e-flex e-con-boxed e-con e-parent\" data-id=\"b6e1274\" data-element_type=\"container\" data-e-type=\"container\">\n\t\t\t\t\t<div class=\"e-con-inner\">\n\t\t<div class=\"elementor-element elementor-element-64d49fd e-con-full e-flex e-con e-child\" data-id=\"64d49fd\" data-element_type=\"container\" data-e-type=\"container\">\n\t\t\t\t<div class=\"elementor-element elementor-element-e3751eb elementor-widget elementor-widget-text-editor\" data-id=\"e3751eb\" data-element_type=\"widget\" data-e-type=\"widget\" data-widget_type=\"text-editor.default\">\n\t\t\t\t\t\t\t\t\t<h1><strong>Cookie Policy<\/strong><\/h1><p><strong>Effective date:<\/strong> February 2, 2026<br \/><strong>Last update:<\/strong> February 2, 2026<\/p><p><strong>\u00a0<\/strong><\/p><p><strong>What are cookies?<\/strong><\/p><p>This Cookie Policy explains what cookies are, how we use them, what types of cookies we use (i.e. what information we collect through cookies and how this information is used) and how you can manage your cookie settings.<\/p><p>Cookies are small text files that are stored on your device when you load a website in your internet browser. They help ensure the proper functioning of the website, increase its security, improve user experience and allow us to analyze the performance of the website so that we can identify what is working well and where there is room for improvement.<\/p><p><strong>\u00a0<\/strong><\/p><p><strong>How do we use cookies?<\/strong><\/p><p>Like most online services, our website uses first- and third-party cookies for various purposes.<\/p><p>First-party cookies are necessary for the website to function properly and do not collect any personally identifiable information.<\/p><p>Third-party cookies help us in particular:<\/p><ul><li>analyze how the website works,<\/li><li>monitor user interactions with the website,<\/li><li>ensure the security of our services,<\/li><li>display relevant advertising,<\/li><li>improve user comfort and speed of future visits.<\/li><\/ul><p>\u00a0<\/p><p><strong>Types of cookies we use<\/strong><\/p><p><strong>Necessary cookies<\/strong><\/p><p>These cookies are essential for the basic functions of the website. Without them, the website would not function properly. They do not store any personally identifiable information.<\/p><table><thead><tr><td><p><strong>Name<\/strong><\/p><\/td><td><p><strong>Duration<\/strong><\/p><\/td><td><p><strong>Description<\/strong><\/p><\/td><\/tr><\/thead><tbody><tr><td><p>elementor<\/p><\/td><td><p>It never expires.<\/p><\/td><td><p>It is used by the WordPress template to edit and display website content.<\/p><\/td><\/tr><tr><td><p>wpEmojiSettingsSupports<\/p><\/td><td><p>Session<\/p><\/td><td><p>Determines whether the browser supports displaying emoji.<\/p><\/td><\/tr><tr><td><p>cookieyes-consent<\/p><\/td><td><p>1 year<\/p><\/td><td><p>It stores the user&#039;s consent to cookies in order to respect their preferences.<\/p><\/td><\/tr><tr><td><p>VISITOR_PRIVACY_METADATA<\/p><\/td><td><p>6 months<\/p><\/td><td><p>Stores the user&#039;s cookie consent status for the current domain (YouTube).<\/p><\/td><\/tr><tr><td><p>PHPSESSID<\/p><\/td><td><p>Session<\/p><\/td><td><p>Stores a unique user session ID.<\/p><\/td><\/tr><tr><td><p>__cf_bm<\/p><\/td><td><p>1 hour<\/p><\/td><td><p>Cloudflare anti-bot cookie.<\/p><\/td><\/tr><tr><td><p>m<\/p><\/td><td><p>1 year 1 month 4 days<\/p><\/td><td><p>Stripe \u2013 fraud prevention and device identification.<\/p><\/td><\/tr><tr><td><p>__stripe_mid<\/p><\/td><td><p>1 year<\/p><\/td><td><p>Stripe \u2013 payment processing.<\/p><\/td><\/tr><tr><td><p>__stripe_sid<\/p><\/td><td><p>1 hour<\/p><\/td><td><p>Stripe \u2013 payment processing.<\/p><\/td><\/tr><tr><td><p>pbid<\/p><\/td><td><p>6 months<\/p><\/td><td><p>PixelYourSite \u2013 user session management.<\/p><\/td><\/tr><\/tbody><\/table><p><strong>\u00a0<\/strong><\/p><p><strong>Functional cookies<\/strong><\/p><p>These cookies enable advanced features, such as sharing content on social networks or playing embedded videos.<\/p><table><thead><tr><td><p><strong>Name<\/strong><\/p><\/td><td><p><strong>Duration<\/strong><\/p><\/td><td><p><strong>Description<\/strong><\/p><\/td><\/tr><\/thead><tbody><tr><td><p>VISITOR_INFO1_LIVE<\/p><\/td><td><p>6 months<\/p><\/td><td><p>YouTube \u2013 connection speed measurement.<\/p><\/td><\/tr><tr><td><p>yt-remote-*<\/p><\/td><td><p>Session \/ permanent<\/p><\/td><td><p>They store YouTube player preferences.<\/p><\/td><\/tr><tr><td><p>ytidb::LAST_RESULT_ENTRY_KEY<\/p><\/td><td><p>It never expires.<\/p><\/td><td><p>Saves the last clicked YouTube search result.<\/p><\/td><\/tr><\/tbody><\/table><p><strong>\u00a0<\/strong><\/p><p><strong>Analytical cookies<\/strong><\/p><p>They are used to understand how visitors use the website. They help track the number of visitors, bounce rate, traffic source, and other statistics.<\/p><table><thead><tr><td><p><strong>Name<\/strong><\/p><\/td><td><p><strong>Duration<\/strong><\/p><\/td><td><p><strong>Description<\/strong><\/p><\/td><\/tr><\/thead><tbody><tr><td><p>sbjs_*<\/p><\/td><td><p>Session<\/p><\/td><td><p>Identification of the source of the visit (Sourcebuster).<\/p><\/td><\/tr><tr><td><p>_ga, <em>ga<\/em>*<\/p><\/td><td><p>1 year 1 month 4 days<\/p><\/td><td><p>Google Analytics \u2013 anonymous traffic statistics.<\/p><\/td><\/tr><tr><td><p>_clck<\/p><\/td><td><p>1 year<\/p><\/td><td><p>Microsoft Clarity \u2013 User ID retention.<\/p><\/td><\/tr><tr><td><p>_clsk<\/p><\/td><td><p>1 day<\/p><\/td><td><p>Microsoft Clarity \u2013 session recording.<\/p><\/td><\/tr><tr><td><p>YSC<\/p><\/td><td><p>Session<\/p><\/td><td><p>YouTube \u2013 tracking video views.<\/p><\/td><\/tr><tr><td><p>lip_*<\/p><\/td><td><p>Session \/ 7 days<\/p><\/td><td><p>PixelYourSite \u2013 analytics services.<\/p><\/td><\/tr><\/tbody><\/table><p><strong>\u00a0<\/strong><\/p><p><strong>Advertising cookies<\/strong><\/p><p>They are used to display personalized ads and measure the effectiveness of advertising campaigns.<\/p><table><thead><tr><td><p><strong>Name<\/strong><\/p><\/td><td><p><strong>Duration<\/strong><\/p><\/td><td><p><strong>Description<\/strong><\/p><\/td><\/tr><\/thead><tbody><tr><td><p>yt.innertube::*<\/p><\/td><td><p>It never expires.<\/p><\/td><td><p>YouTube \u2013 storing video viewing history.<\/p><\/td><\/tr><tr><td><p>_fbp<\/p><\/td><td><p>7 days<\/p><\/td><td><p>Facebook \u2013 displaying personalized ads.<\/p><\/td><\/tr><tr><td><p>_gcl_au<\/p><\/td><td><p>3 months<\/p><\/td><td><p>Google Tag Manager \u2013 testing advertising effectiveness.<\/p><\/td><\/tr><tr><td><p>test_cookie<\/p><\/td><td><p>15 minutes<\/p><\/td><td><p>Verifying cookie support.<\/p><\/td><\/tr><tr><td><p>IDE<\/p><\/td><td><p>1 year 24 days<\/p><\/td><td><p>Google DoubleClick - personalized advertising.<\/p><\/td><\/tr><tr><td><p>NID<\/p><\/td><td><p>6 months<\/p><\/td><td><p>Google \u2013 advertising purposes.<\/p><\/td><\/tr><\/tbody><\/table><p><strong>\u00a0<\/strong><\/p><p><strong>Uncategorized cookies<\/strong><\/p><p>These cookies are currently being analyzed and have not yet been classified into a specific category.<\/p><table><thead><tr><td><p><strong>Name<\/strong><\/p><\/td><td><p><strong>Duration<\/strong><\/p><\/td><td><p><strong>Description<\/strong><\/p><\/td><\/tr><\/thead><tbody><tr><td><p>__Secure-ROLLOUT_TOKEN<\/p><\/td><td><p>6 months<\/p><\/td><td><p>Feature testing management (YouTube).<\/p><\/td><\/tr><tr><td><p>__Secure-YEC<\/p><\/td><td><p>\u2014<\/p><\/td><td><p>Description not yet available.<\/p><\/td><\/tr><tr><td><p>__Secure-YNID<\/p><\/td><td><p>6 months<\/p><\/td><td><p>User security protection (Google).<\/p><\/td><\/tr><tr><td><p>pys_consent<\/p><\/td><td><p>1 year<\/p><\/td><td><p>Consent Management (PixelYourSite).<\/p><\/td><\/tr><tr><td><p>wmc_currency<\/p><\/td><td><p>1 month<\/p><\/td><td><p>Stores the user&#039;s preferred currency.<\/p><\/td><\/tr><\/tbody><\/table><p><strong>\u00a0<\/strong><\/p><p><strong>Managing cookie settings<\/strong><\/p><p>You can adjust your cookie preferences at any time by clicking on the &quot;Consent Preferences&quot; button. This will reopen the consent management bar and you can change your settings or withdraw your consent.<\/p><p>Various internet browsers allow you to block and delete cookies. You can adjust the settings directly in your browser. Instructions can be found here:<\/p><ul><li><strong>Google Chrome:<\/strong> <a href=\"https:\/\/support.google.com\/accounts\/answer\/32050\" target=\"_blank\" rel=\"noopener\">https:\/\/support.google.com\/accounts\/answer\/32050<\/a><\/li><li><strong>Safari:<\/strong> <a href=\"https:\/\/support.apple.com\/en-in\/guide\/safari\/sfri11471\/mac\" target=\"_blank\" rel=\"noopener\">https:\/\/support.apple.com\/en-in\/guide\/safari\/sfri11471\/mac<\/a><\/li><li><strong>Mozilla Firefox:<\/strong> <a href=\"https:\/\/support.mozilla.org\/en-US\/kb\/clear-cookies-and-site-data-firefox\" target=\"_blank\" rel=\"noopener\">https:\/\/support.mozilla.org\/en-US\/kb\/clear-cookies-and-site-data-firefox<\/a><\/li><li><strong>Internet Explorer:<\/strong> <a href=\"https:\/\/support.microsoft.com\/en-us\/topic\/how-to-delete-cookie-files-in-internet-explorer-bca9446f-d873-78de-77ba-d42645fa52fc\" target=\"_blank\" rel=\"noopener\">https:\/\/support.microsoft.com\/en-us\/topic\/how-to-delete-cookie-files-in-internet-explorer-bca9446f-d873-78de-77ba-d42645fa52fc<\/a><\/li><\/ul><p>If you are using a different browser, please follow the official documentation for that browser.<\/p><p><em>\u00a0<\/em><\/p><p><em>This Cookie Policy was created using the CookieYes \u2013 Cookie Policy Generator tool.<\/em><\/p>\t\t\t\t\t\t\t\t<\/div>\n\t\t\t\t<\/div>\n\t\t\t\t\t<\/div>\n\t\t\t\t<\/div>\n\t\t\t\t<\/div>","protected":false},"excerpt":{"rendered":"<p>Z\u00e1sady pou\u017e\u00edv\u00e1n\u00ed soubor\u016f cookies Datum \u00fa\u010dinnosti: 2. \u00fanora 2026Posledn\u00ed aktualizace: 2. \u00fanora 2026 \u00a0 Co jsou soubory cookies? Tyto Z\u00e1sady pou\u017e\u00edv\u00e1n\u00ed soubor\u016f cookies vysv\u011btluj\u00ed, co jsou cookies, jak je pou\u017e\u00edv\u00e1me, jak\u00e9 typy cookies vyu\u017e\u00edv\u00e1me (tj. jak\u00e9 informace prost\u0159ednictv\u00edm cookies shroma\u017e\u010fujeme a jak jsou tyto informace vyu\u017e\u00edv\u00e1ny) a jak m\u016f\u017eete spravovat sv\u00e9 nastaven\u00ed cookies. Cookies jsou [&hellip;]<\/p>\n","protected":false},"author":1,"featured_media":0,"parent":0,"menu_order":0,"comment_status":"closed","ping_status":"closed","template":"elementor_header_footer","meta":{"footnotes":""},"class_list":["post-7843","page","type-page","status-publish","hentry"],"_links":{"self":[{"href":"https:\/\/www.linie4life.com\/en\/wp-json\/wp\/v2\/pages\/7843","targetHints":{"allow":["GET"]}}],"collection":[{"href":"https:\/\/www.linie4life.com\/en\/wp-json\/wp\/v2\/pages"}],"about":[{"href":"https:\/\/www.linie4life.com\/en\/wp-json\/wp\/v2\/types\/page"}],"author":[{"embeddable":true,"href":"https:\/\/www.linie4life.com\/en\/wp-json\/wp\/v2\/users\/1"}],"replies":[{"embeddable":true,"href":"https:\/\/www.linie4life.com\/en\/wp-json\/wp\/v2\/comments?post=7843"}],"version-history":[{"count":6,"href":"https:\/\/www.linie4life.com\/en\/wp-json\/wp\/v2\/pages\/7843\/revisions"}],"predecessor-version":[{"id":17070,"href":"https:\/\/www.linie4life.com\/en\/wp-json\/wp\/v2\/pages\/7843\/revisions\/17070"}],"wp:attachment":[{"href":"https:\/\/www.linie4life.com\/en\/wp-json\/wp\/v2\/media?parent=7843"}],"curies":[{"name":"wp","href":"https:\/\/api.w.org\/{rel}","templated":true}]}}