{"id":34,"date":"2025-03-04T11:15:58","date_gmt":"2025-03-04T10:15:58","guid":{"rendered":"https:\/\/www.linie4life.com\/ochrana-osobnich-udaju\/"},"modified":"2025-05-26T13:05:45","modified_gmt":"2025-05-26T11:05:45","slug":"proteccion-de-datos-personales","status":"publish","type":"page","link":"https:\/\/www.linie4life.com\/es\/ochrana-osobnich-udaju\/","title":{"rendered":"Protecci\u00f3n de datos personales"},"content":{"rendered":"<div data-elementor-type=\"wp-page\" data-elementor-id=\"34\" class=\"elementor elementor-34\" data-elementor-post-type=\"page\">\n\t\t\t\t<div class=\"elementor-element elementor-element-4e0a76c e-flex e-con-boxed e-con e-parent\" data-id=\"4e0a76c\" data-element_type=\"container\" data-e-type=\"container\">\n\t\t\t\t\t<div class=\"e-con-inner\">\n\t\t\t\t<div class=\"elementor-element elementor-element-10fa37b elementor-widget elementor-widget-heading\" data-id=\"10fa37b\" data-element_type=\"widget\" data-e-type=\"widget\" data-widget_type=\"heading.default\">\n\t\t\t\t\t<h1 class=\"elementor-heading-title elementor-size-default\">Protecci\u00f3n de datos personales<\/h1>\t\t\t\t<\/div>\n\t\t\t\t<div class=\"elementor-element elementor-element-2d247ee elementor-widget elementor-widget-text-editor\" data-id=\"2d247ee\" data-element_type=\"widget\" data-e-type=\"widget\" data-widget_type=\"text-editor.default\">\n\t\t\t\t\t\t\t\t\t<h2><strong>I. Disposiciones b\u00e1sicas<\/strong><\/h2><ol><li><strong>Responsable del tratamiento de datos personales<\/strong> De conformidad con el art\u00edculo 4(7) del Reglamento (UE) 2016\/679 del Parlamento Europeo y del Consejo (RGPD), <strong>NATUREPRODUCTSCLINIC LTD<\/strong> (N\u00famero de empresa 11332850), con domicilio social <strong>Unidad Q, 35 Astbury Road, Londres, Inglaterra, SE15 2NL<\/strong> (en adelante denominado el \u201cadministrador\u201d).<\/li><li><strong>Datos de contacto del administrador:<\/strong><ul><li><strong>DIRECCI\u00d3N:<\/strong> Unidad Q, 35 Astbury Road, Londres, Inglaterra, SE15 2NL<\/li><li><strong>Correo electr\u00f3nico:<\/strong> <span style=\"text-decoration: underline;\"><a href=\"mailto:info@linie4life.com\">info@linie4life.com<\/a><\/span><\/li><\/ul><\/li><li><strong>Datos personales<\/strong> significa cualquier informaci\u00f3n sobre una persona f\u00edsica identificada o identificable.<\/li><\/ol><h2><strong><br \/>II. Fuentes y categor\u00edas de datos personales tratados<\/strong><\/h2><ol><li>El administrador procesa los datos personales que usted le ha proporcionado o que el administrador ha obtenido en funci\u00f3n del cumplimiento de su pedido.<\/li><li>Se tratan datos de identificaci\u00f3n y contacto necesarios para la ejecuci\u00f3n del contrato.<\/li><\/ol><h2><strong>III. Base jur\u00eddica y finalidad del tratamiento de datos personales<\/strong><\/h2><ol><li><strong>La base legal para el tratamiento de datos personales es:<\/strong><ul><li>El inter\u00e9s leg\u00edtimo del responsable del tratamiento en proporcionar marketing directo (<strong>Art\u00edculo 6(1)(f) del RGPD<\/strong>)<\/li><li>Su consentimiento para el procesamiento con fines de marketing (<strong>Art\u00edculo 6(1)(a) del RGPD<\/strong>)<\/li><\/ul><\/li><li><strong>Finalidad del tratamiento de datos personales:<\/strong><ul><li>Procesamiento de pedidos y cumplimiento de contratos<\/li><li>Env\u00edo de comunicaciones comerciales y ofertas de marketing<\/li><\/ul><\/li><li>El administrador no lleva a cabo decisiones automatizadas de conformidad con el art\u00edculo 22 del RGPD.<\/li><\/ol><h2><strong>IV. Periodo de conservaci\u00f3n de los datos personales<\/strong><\/h2><ol><li><strong>Los datos personales se almacenan:<\/strong><ul><li>Durante la duraci\u00f3n de la relaci\u00f3n contractual y posteriormente <strong>15 a\u00f1os<\/strong>.<\/li><li>Durante la duraci\u00f3n del consentimiento para fines de marketing, no m\u00e1s de <strong>15 a\u00f1os<\/strong>.<\/li><\/ul><\/li><li>Una vez transcurrido el per\u00edodo de retenci\u00f3n, los datos se eliminar\u00e1n.<\/li><\/ol><h2><strong>V. Destinatarios de los datos personales<\/strong><\/h2><ol><li>Los datos personales podr\u00e1n ser divulgados:<ul><li>Personas involucradas en la entrega de bienes\/servicios<\/li><li>Proveedores de servicios de marketing<\/li><\/ul><\/li><li>El administrador no tiene intenci\u00f3n de transferir datos personales fuera de la UE.<\/li><\/ol><h2><strong>VI. Sus derechos<\/strong><\/h2><ol><li>De acuerdo con el RGPD, usted tiene derecho a:<ul><li>Para acceder a los datos personales (<strong>Art\u00edculo 15 del RGPD<\/strong>)<\/li><li>Para corregir datos personales (<strong>Art\u00edculo 16 del RGPD<\/strong>)<\/li><li>Para eliminar datos personales (<strong>Art\u00edculo 17 del RGPD<\/strong>)<\/li><li>Para restringir el procesamiento (<strong>Art\u00edculo 18 del RGPD<\/strong>)<\/li><li>Sobre la portabilidad de datos (<strong>Art\u00edculo 20 del RGPD<\/strong>)<\/li><li>Oposici\u00f3n al tratamiento (<strong>Art\u00edculo 21 del RGPD<\/strong>)<\/li><li>Retirar el consentimiento al tratamiento<\/li><\/ul><\/li><li>Tienes derecho a presentar una queja ante <strong>Autoridad de Protecci\u00f3n de Datos Personales<\/strong>.<\/li><\/ol><h2><strong>VII. Seguridad de los datos personales<\/strong><\/h2><ol><li>El administrador ha tomado medidas t\u00e9cnicas y organizativas para proteger los datos personales.<\/li><li>Los datos personales est\u00e1n protegidos contra el acceso no autorizado.<\/li><\/ol><h2><strong>VIII. Disposiciones finales<\/strong><\/h2><ol><li>Usted confirma su aceptaci\u00f3n de los t\u00e9rminos y condiciones marcando la casilla de consentimiento en el sitio web.<\/li><li>El administrador est\u00e1 autorizado a cambiar estos t\u00e9rminos y condiciones; la nueva versi\u00f3n ser\u00e1 publicada en el sitio web.<\/li><\/ol><h3><strong>Estos t\u00e9rminos y condiciones entrar\u00e1n en vigor el 23 de noviembre de 2023.<\/strong><\/h3>\t\t\t\t\t\t\t\t<\/div>\n\t\t\t\t\t<\/div>\n\t\t\t\t<\/div>\n\t\t\t\t<\/div>","protected":false},"excerpt":{"rendered":"<p>Ochrana osobn\u00edch \u00fadaj\u016f I. Z\u00e1kladn\u00ed ustanoven\u00ed Spr\u00e1vcem osobn\u00edch \u00fadaj\u016f podle \u010dl. 4 bod 7 na\u0159\u00edzen\u00ed Evropsk\u00e9ho parlamentu a Rady (EU) 2016\/679 (GDPR) je NATUREPRODUCTSCLINIC LTD (Company number 11332850), se s\u00eddlem Unit Q, 35 Astbury Road, London, England, SE15 2NL (d\u00e1le jen &#8222;spr\u00e1vce&#8220;). Kontaktn\u00ed \u00fadaje spr\u00e1vce: Adresa: Unit Q, 35 Astbury Road, London, England, SE15 2NL [&hellip;]<\/p>\n","protected":false},"author":2,"featured_media":0,"parent":0,"menu_order":7,"comment_status":"closed","ping_status":"closed","template":"elementor_header_footer","meta":{"footnotes":""},"class_list":["post-34","page","type-page","status-publish","hentry"],"_links":{"self":[{"href":"https:\/\/www.linie4life.com\/es\/wp-json\/wp\/v2\/pages\/34","targetHints":{"allow":["GET"]}}],"collection":[{"href":"https:\/\/www.linie4life.com\/es\/wp-json\/wp\/v2\/pages"}],"about":[{"href":"https:\/\/www.linie4life.com\/es\/wp-json\/wp\/v2\/types\/page"}],"author":[{"embeddable":true,"href":"https:\/\/www.linie4life.com\/es\/wp-json\/wp\/v2\/users\/2"}],"replies":[{"embeddable":true,"href":"https:\/\/www.linie4life.com\/es\/wp-json\/wp\/v2\/comments?post=34"}],"version-history":[{"count":5,"href":"https:\/\/www.linie4life.com\/es\/wp-json\/wp\/v2\/pages\/34\/revisions"}],"predecessor-version":[{"id":7361,"href":"https:\/\/www.linie4life.com\/es\/wp-json\/wp\/v2\/pages\/34\/revisions\/7361"}],"wp:attachment":[{"href":"https:\/\/www.linie4life.com\/es\/wp-json\/wp\/v2\/media?parent=34"}],"curies":[{"name":"gracias","href":"https:\/\/api.w.org\/{rel}","templated":true}]}}