{"id":7843,"date":"2025-06-05T14:01:53","date_gmt":"2025-06-05T12:01:53","guid":{"rendered":"https:\/\/www.linie4life.com\/zasady-cookies-eu\/"},"modified":"2026-02-16T03:21:59","modified_gmt":"2026-02-16T02:21:59","slug":"politica-de-cookies-de-la-ue","status":"publish","type":"page","link":"https:\/\/www.linie4life.com\/es\/zasady-cookies-eu\/","title":{"rendered":"Pol\u00edtica de cookies (UE)"},"content":{"rendered":"<div data-elementor-type=\"wp-page\" data-elementor-id=\"7843\" class=\"elementor elementor-7843\" data-elementor-post-type=\"page\">\n\t\t\t\t<div class=\"elementor-element elementor-element-b6e1274 e-flex e-con-boxed e-con e-parent\" data-id=\"b6e1274\" data-element_type=\"container\" data-e-type=\"container\">\n\t\t\t\t\t<div class=\"e-con-inner\">\n\t\t<div class=\"elementor-element elementor-element-64d49fd e-con-full e-flex e-con e-child\" data-id=\"64d49fd\" data-element_type=\"container\" data-e-type=\"container\">\n\t\t\t\t<div class=\"elementor-element elementor-element-e3751eb elementor-widget elementor-widget-text-editor\" data-id=\"e3751eb\" data-element_type=\"widget\" data-e-type=\"widget\" data-widget_type=\"text-editor.default\">\n\t\t\t\t\t\t\t\t\t<h1><strong>Pol\u00edtica de cookies<\/strong><\/h1><p><strong>Fecha de entrada en vigor:<\/strong> 2 de febrero de 2026<br \/><strong>\u00daltima actualizaci\u00f3n:<\/strong> 2 de febrero de 2026<\/p><p><strong>\u00a0<\/strong><\/p><p><strong>\u00bfQu\u00e9 son las cookies?<\/strong><\/p><p>Esta Pol\u00edtica de cookies explica qu\u00e9 son las cookies, c\u00f3mo las usamos, qu\u00e9 tipos de cookies usamos (es decir, qu\u00e9 informaci\u00f3n recopilamos a trav\u00e9s de las cookies y c\u00f3mo se utiliza esta informaci\u00f3n) y c\u00f3mo puede administrar su configuraci\u00f3n de cookies.<\/p><p>Las cookies son peque\u00f1os archivos de texto que se almacenan en su dispositivo al acceder a un sitio web en su navegador. Ayudan a garantizar el correcto funcionamiento del sitio web, aumentan su seguridad, mejoran la experiencia del usuario y nos permiten analizar su rendimiento para identificar qu\u00e9 funciona correctamente y qu\u00e9 aspectos se pueden mejorar.<\/p><p><strong>\u00a0<\/strong><\/p><p><strong>\u00bfC\u00f3mo utilizamos las cookies?<\/strong><\/p><p>Como la mayor\u00eda de los servicios en l\u00ednea, nuestro sitio web utiliza cookies propias y de terceros para diversos fines.<\/p><p>Las cookies de origen son necesarias para que el sitio web funcione correctamente y no recopilan ninguna informaci\u00f3n de identificaci\u00f3n personal.<\/p><p>Las cookies de terceros nos ayudan en particular a:<\/p><ul><li>analizar c\u00f3mo funciona el sitio web,<\/li><li>monitorear las interacciones de los usuarios con el sitio web,<\/li><li>garantizar la seguridad de nuestros servicios,<\/li><li>mostrar publicidad relevante,<\/li><li>Mejorar la comodidad del usuario y la velocidad de futuras visitas.<\/li><\/ul><p>\u00a0<\/p><p><strong>Tipos de cookies que utilizamos<\/strong><\/p><p><strong>Cookies necesarias<\/strong><\/p><p>Estas cookies son esenciales para el funcionamiento b\u00e1sico del sitio web. Sin ellas, el sitio web no funcionar\u00eda correctamente. No almacenan informaci\u00f3n personal identificable.<\/p><table><thead><tr><td><p><strong>Nombre<\/strong><\/p><\/td><td><p><strong>Duraci\u00f3n<\/strong><\/p><\/td><td><p><strong>Descripci\u00f3n<\/strong><\/p><\/td><\/tr><\/thead><tbody><tr><td><p>elementor<\/p><\/td><td><p>Nunca caduca.<\/p><\/td><td><p>La plantilla de WordPress lo utiliza para editar y mostrar el contenido del sitio web.<\/p><\/td><\/tr><tr><td><p>wpEmojiSettingsSupports<\/p><\/td><td><p>Sesi\u00f3n<\/p><\/td><td><p>Determina si el navegador admite la visualizaci\u00f3n de emojis.<\/p><\/td><\/tr><tr><td><p>consentimiento de cookieyes<\/p><\/td><td><p>1 a\u00f1o<\/p><\/td><td><p>Almacena el consentimiento del usuario a las cookies con el fin de respetar sus preferencias.<\/p><\/td><\/tr><tr><td><p>METADATOS DE PRIVACIDAD DEL VISITANTE<\/p><\/td><td><p>6 meses<\/p><\/td><td><p>Almacena el estado de consentimiento de cookies del usuario para el dominio actual (YouTube).<\/p><\/td><\/tr><tr><td><p>PHPSESSID<\/p><\/td><td><p>Sesi\u00f3n<\/p><\/td><td><p>Almacena un ID de sesi\u00f3n de usuario \u00fanico.<\/p><\/td><\/tr><tr><td><p>__cf_bm<\/p><\/td><td><p>1 hora<\/p><\/td><td><p>Cookie anti-bot de Cloudflare.<\/p><\/td><\/tr><tr><td><p>m<\/p><\/td><td><p>1 a\u00f1o 1 mes 4 d\u00edas<\/p><\/td><td><p>Stripe: prevenci\u00f3n de fraude e identificaci\u00f3n de dispositivos.<\/p><\/td><\/tr><tr><td><p>__raya_media<\/p><\/td><td><p>1 a\u00f1o<\/p><\/td><td><p>Stripe \u2013 procesamiento de pagos.<\/p><\/td><\/tr><tr><td><p>__stripe_sid<\/p><\/td><td><p>1 hora<\/p><\/td><td><p>Stripe \u2013 procesamiento de pagos.<\/p><\/td><\/tr><tr><td><p>pbid<\/p><\/td><td><p>6 meses<\/p><\/td><td><p>PixelYourSite \u2013 gesti\u00f3n de sesiones de usuario.<\/p><\/td><\/tr><\/tbody><\/table><p><strong>\u00a0<\/strong><\/p><p><strong>Cookies funcionales<\/strong><\/p><p>Estas cookies habilitan funciones avanzadas, como compartir contenido en redes sociales o reproducir v\u00eddeos incrustados.<\/p><table><thead><tr><td><p><strong>Nombre<\/strong><\/p><\/td><td><p><strong>Duraci\u00f3n<\/strong><\/p><\/td><td><p><strong>Descripci\u00f3n<\/strong><\/p><\/td><\/tr><\/thead><tbody><tr><td><p>INFORMACI\u00d3N DEL VISITANTE1 EN VIVO<\/p><\/td><td><p>6 meses<\/p><\/td><td><p>YouTube \u2013 medici\u00f3n de velocidad de conexi\u00f3n.<\/p><\/td><\/tr><tr><td><p>yt-remoto-*<\/p><\/td><td><p>Sesi\u00f3n \/ permanente<\/p><\/td><td><p>Almacenan las preferencias del reproductor de YouTube.<\/p><\/td><\/tr><tr><td><p>ytidb::CLAVE DE ENTRADA DEL \u00daLTIMO RESULTADO<\/p><\/td><td><p>Nunca caduca.<\/p><\/td><td><p>Guarda el \u00faltimo resultado de b\u00fasqueda de YouTube en el que se hizo clic.<\/p><\/td><\/tr><\/tbody><\/table><p><strong>\u00a0<\/strong><\/p><p><strong>Cookies anal\u00edticas<\/strong><\/p><p>Se utilizan para comprender c\u00f3mo los visitantes utilizan el sitio web. Permiten rastrear el n\u00famero de visitantes, la tasa de rebote, el origen del tr\u00e1fico y otras estad\u00edsticas.<\/p><table><thead><tr><td><p><strong>Nombre<\/strong><\/p><\/td><td><p><strong>Duraci\u00f3n<\/strong><\/p><\/td><td><p><strong>Descripci\u00f3n<\/strong><\/p><\/td><\/tr><\/thead><tbody><tr><td><p>sbjs_*<\/p><\/td><td><p>Sesi\u00f3n<\/p><\/td><td><p>Identificaci\u00f3n del origen de la visita (Sourcebuster).<\/p><\/td><\/tr><tr><td><p>_Georgia, <em>Georgia<\/em>*<\/p><\/td><td><p>1 a\u00f1o 1 mes 4 d\u00edas<\/p><\/td><td><p>Google Analytics \u2013 estad\u00edsticas de tr\u00e1fico an\u00f3nimas.<\/p><\/td><\/tr><tr><td><p>_clic<\/p><\/td><td><p>1 a\u00f1o<\/p><\/td><td><p>Microsoft Clarity \u2013 Retenci\u00f3n de ID de usuario.<\/p><\/td><\/tr><tr><td><p>_clsk<\/p><\/td><td><p>1 d\u00eda<\/p><\/td><td><p>Microsoft Clarity \u2013 grabaci\u00f3n de sesiones.<\/p><\/td><\/tr><tr><td><p>YSC<\/p><\/td><td><p>Sesi\u00f3n<\/p><\/td><td><p>YouTube: seguimiento de visualizaciones de v\u00eddeos.<\/p><\/td><\/tr><tr><td><p>labio_*<\/p><\/td><td><p>Sesi\u00f3n \/ 7 d\u00edas<\/p><\/td><td><p>PixelYourSite \u2013 servicios de an\u00e1lisis.<\/p><\/td><\/tr><\/tbody><\/table><p><strong>\u00a0<\/strong><\/p><p><strong>Cookies publicitarias<\/strong><\/p><p>Se utilizan para mostrar anuncios personalizados y medir la efectividad de las campa\u00f1as publicitarias.<\/p><table><thead><tr><td><p><strong>Nombre<\/strong><\/p><\/td><td><p><strong>Duraci\u00f3n<\/strong><\/p><\/td><td><p><strong>Descripci\u00f3n<\/strong><\/p><\/td><\/tr><\/thead><tbody><tr><td><p>yt.innertube::*<\/p><\/td><td><p>Nunca caduca.<\/p><\/td><td><p>YouTube: almacenamiento del historial de visualizaci\u00f3n de videos.<\/p><\/td><\/tr><tr><td><p>_fbp<\/p><\/td><td><p>7 d\u00edas<\/p><\/td><td><p>Facebook: muestra anuncios personalizados.<\/p><\/td><\/tr><tr><td><p>_gcl_au<\/p><\/td><td><p>3 meses<\/p><\/td><td><p>Google Tag Manager: prueba la eficacia de la publicidad.<\/p><\/td><\/tr><tr><td><p>cookie de prueba<\/p><\/td><td><p>15 minutos<\/p><\/td><td><p>Verificando el soporte de cookies.<\/p><\/td><\/tr><tr><td><p>IDE<\/p><\/td><td><p>1 a\u00f1o 24 d\u00edas<\/p><\/td><td><p>Google DoubleClick: publicidad personalizada.<\/p><\/td><\/tr><tr><td><p>NID<\/p><\/td><td><p>6 meses<\/p><\/td><td><p>Google \u2013 fines publicitarios.<\/p><\/td><\/tr><\/tbody><\/table><p><strong>\u00a0<\/strong><\/p><p><strong>Cookies sin categorizar<\/strong><\/p><p>Estas cookies se est\u00e1n analizando actualmente y a\u00fan no se han clasificado en una categor\u00eda espec\u00edfica.<\/p><table><thead><tr><td><p><strong>Nombre<\/strong><\/p><\/td><td><p><strong>Duraci\u00f3n<\/strong><\/p><\/td><td><p><strong>Descripci\u00f3n<\/strong><\/p><\/td><\/tr><\/thead><tbody><tr><td><p>__Secure-ROLLOUT_TOKEN<\/p><\/td><td><p>6 meses<\/p><\/td><td><p>Gesti\u00f3n de pruebas de funciones (YouTube).<\/p><\/td><\/tr><tr><td><p>__Secure-YEC<\/p><\/td><td><p>\u2014<\/p><\/td><td><p>Descripci\u00f3n a\u00fan no disponible.<\/p><\/td><\/tr><tr><td><p>__Secure-YNID<\/p><\/td><td><p>6 meses<\/p><\/td><td><p>Protecci\u00f3n de seguridad del usuario (Google).<\/p><\/td><\/tr><tr><td><p>consentimiento_pys<\/p><\/td><td><p>1 a\u00f1o<\/p><\/td><td><p>Gesti\u00f3n de consentimiento (PixelYourSite).<\/p><\/td><\/tr><tr><td><p>wmc_moneda<\/p><\/td><td><p>1 mes<\/p><\/td><td><p>Almacena la moneda preferida del usuario.<\/p><\/td><\/tr><\/tbody><\/table><p><strong>\u00a0<\/strong><\/p><p><strong>Administrar la configuraci\u00f3n de cookies<\/strong><\/p><p>Puede ajustar sus preferencias de cookies en cualquier momento haciendo clic en el bot\u00f3n &quot;Preferencias de consentimiento&quot;. Esto abrir\u00e1 de nuevo la barra de gesti\u00f3n de consentimientos y podr\u00e1 cambiar su configuraci\u00f3n o revocar su consentimiento.<\/p><p>Varios navegadores de internet permiten bloquear y eliminar las cookies. Puede ajustar la configuraci\u00f3n directamente en su navegador. Puede encontrar las instrucciones aqu\u00ed:<\/p><ul><li><strong>Google Chrome:<\/strong> <a href=\"https:\/\/support.google.com\/accounts\/answer\/32050\" target=\"_blank\" rel=\"noopener\">https:\/\/support.google.com\/accounts\/answer\/32050<\/a><\/li><li><strong>Safari:<\/strong> <a href=\"https:\/\/support.apple.com\/en-in\/guide\/safari\/sfri11471\/mac\" target=\"_blank\" rel=\"noopener\">https:\/\/support.apple.com\/en-in\/guide\/safari\/sfri11471\/mac<\/a><\/li><li><strong>Mozilla Firefox:<\/strong> <a href=\"https:\/\/support.mozilla.org\/en-US\/kb\/clear-cookies-and-site-data-firefox\" target=\"_blank\" rel=\"noopener\">https:\/\/support.mozilla.org\/en-US\/kb\/clear-cookies-and-site-data-firefox<\/a><\/li><li><strong>Explorador de Internet:<\/strong> <a href=\"https:\/\/support.microsoft.com\/en-us\/topic\/how-to-delete-cookie-files-in-internet-explorer-bca9446f-d873-78de-77ba-d42645fa52fc\" target=\"_blank\" rel=\"noopener\">https:\/\/support.microsoft.com\/en-us\/topic\/how-to-delete-cookie-files-in-internet-explorer-bca9446f-d873-78de-77ba-d42645fa52fc<\/a><\/li><\/ul><p>Si est\u00e1 utilizando un navegador diferente, siga la documentaci\u00f3n oficial de ese navegador.<\/p><p><em>\u00a0<\/em><\/p><p><em>Esta Pol\u00edtica de Cookies fue creada utilizando la herramienta CookieYes \u2013 Generador de Pol\u00edticas de Cookies.<\/em><\/p>\t\t\t\t\t\t\t\t<\/div>\n\t\t\t\t<\/div>\n\t\t\t\t\t<\/div>\n\t\t\t\t<\/div>\n\t\t\t\t<\/div>","protected":false},"excerpt":{"rendered":"<p>Z\u00e1sady pou\u017e\u00edv\u00e1n\u00ed soubor\u016f cookies Datum \u00fa\u010dinnosti: 2. \u00fanora 2026Posledn\u00ed aktualizace: 2. \u00fanora 2026 \u00a0 Co jsou soubory cookies? Tyto Z\u00e1sady pou\u017e\u00edv\u00e1n\u00ed soubor\u016f cookies vysv\u011btluj\u00ed, co jsou cookies, jak je pou\u017e\u00edv\u00e1me, jak\u00e9 typy cookies vyu\u017e\u00edv\u00e1me (tj. jak\u00e9 informace prost\u0159ednictv\u00edm cookies shroma\u017e\u010fujeme a jak jsou tyto informace vyu\u017e\u00edv\u00e1ny) a jak m\u016f\u017eete spravovat sv\u00e9 nastaven\u00ed cookies. Cookies jsou [&hellip;]<\/p>\n","protected":false},"author":1,"featured_media":0,"parent":0,"menu_order":0,"comment_status":"closed","ping_status":"closed","template":"elementor_header_footer","meta":{"footnotes":""},"class_list":["post-7843","page","type-page","status-publish","hentry"],"_links":{"self":[{"href":"https:\/\/www.linie4life.com\/es\/wp-json\/wp\/v2\/pages\/7843","targetHints":{"allow":["GET"]}}],"collection":[{"href":"https:\/\/www.linie4life.com\/es\/wp-json\/wp\/v2\/pages"}],"about":[{"href":"https:\/\/www.linie4life.com\/es\/wp-json\/wp\/v2\/types\/page"}],"author":[{"embeddable":true,"href":"https:\/\/www.linie4life.com\/es\/wp-json\/wp\/v2\/users\/1"}],"replies":[{"embeddable":true,"href":"https:\/\/www.linie4life.com\/es\/wp-json\/wp\/v2\/comments?post=7843"}],"version-history":[{"count":6,"href":"https:\/\/www.linie4life.com\/es\/wp-json\/wp\/v2\/pages\/7843\/revisions"}],"predecessor-version":[{"id":17070,"href":"https:\/\/www.linie4life.com\/es\/wp-json\/wp\/v2\/pages\/7843\/revisions\/17070"}],"wp:attachment":[{"href":"https:\/\/www.linie4life.com\/es\/wp-json\/wp\/v2\/media?parent=7843"}],"curies":[{"name":"gracias","href":"https:\/\/api.w.org\/{rel}","templated":true}]}}