{"id":34,"date":"2025-03-04T11:15:58","date_gmt":"2025-03-04T10:15:58","guid":{"rendered":"https:\/\/www.linie4life.com\/ochrana-osobnich-udaju\/"},"modified":"2025-05-26T13:05:45","modified_gmt":"2025-05-26T11:05:45","slug":"personal-data-protection","status":"publish","type":"page","link":"https:\/\/www.linie4life.com\/eu\/ochrana-osobnich-udaju\/","title":{"rendered":"Privacy Policy"},"content":{"rendered":"<div data-elementor-type=\"wp-page\" data-elementor-id=\"34\" class=\"elementor elementor-34\" data-elementor-post-type=\"page\">\n\t\t\t\t<div class=\"elementor-element elementor-element-4e0a76c e-flex e-con-boxed e-con e-parent\" data-id=\"4e0a76c\" data-element_type=\"container\" data-e-type=\"container\">\n\t\t\t\t\t<div class=\"e-con-inner\">\n\t\t\t\t<div class=\"elementor-element elementor-element-10fa37b elementor-widget elementor-widget-heading\" data-id=\"10fa37b\" data-element_type=\"widget\" data-e-type=\"widget\" data-widget_type=\"heading.default\">\n\t\t\t\t\t<h1 class=\"elementor-heading-title elementor-size-default\">Privacy Policy<\/h1>\t\t\t\t<\/div>\n\t\t\t\t<div class=\"elementor-element elementor-element-2d247ee elementor-widget elementor-widget-text-editor\" data-id=\"2d247ee\" data-element_type=\"widget\" data-e-type=\"widget\" data-widget_type=\"text-editor.default\">\n\t\t\t\t\t\t\t\t\t<h2><strong>I. Basic provisions<\/strong><\/h2><ol><li><strong>Personal data controller<\/strong> According to Article 4(7) of Regulation (EU) 2016\/679 of the European Parliament and of the Council (GDPR), <strong>NATUREPRODUCTSCLINIC LTD<\/strong> (Company number 11332850), with registered office <strong>Unit Q, 35 Astbury Road, London, England, SE15 2NL<\/strong> (hereinafter referred to as the &quot;administrator&quot;).<\/li><li><strong>Administrator contact details:<\/strong><ul><li><strong>Address:<\/strong> Unit Q, 35 Astbury Road, London, England, SE15 2NL<\/li><li><strong>E-mail:<\/strong> <span style=\"text-decoration: underline;\"><a href=\"mailto:info@linie4life.com\">info@linie4life.com<\/a><\/span><\/li><\/ul><\/li><li><strong>Personal data<\/strong> means any information about an identified or identifiable natural person.<\/li><\/ol><h2><strong><br \/>II. Sources and categories of processed personal data<\/strong><\/h2><ol><li>The administrator processes personal data that you have provided to him\/her or that the administrator has obtained based on the fulfillment of your order.<\/li><li>Identification and contact data necessary for the performance of the contract are processed.<\/li><\/ol><h2><strong>III. Legal basis and purpose of processing personal data<\/strong><\/h2><ol><li><strong>The lawful reason for processing personal data is:<\/strong><ul><li>The controller&#039;s legitimate interest in providing direct marketing (<strong>Article 6(1)(f) GDPR<\/strong>)<\/li><li>Your consent to processing for marketing purposes (<strong>Article 6(1)(a) GDPR<\/strong>)<\/li><\/ul><\/li><li><strong>Purpose of processing personal data:<\/strong><ul><li>Order processing and contract fulfillment<\/li><li>Sending commercial communications and marketing offers<\/li><\/ul><\/li><li>The administrator does not carry out automated decision-making pursuant to Article 22 of the GDPR.<\/li><\/ol><h2><strong>IV. Retention period of personal data<\/strong><\/h2><ol><li><strong>Personal data is stored:<\/strong><ul><li>For the duration of the contractual relationship and subsequently <strong>15 years<\/strong>.<\/li><li>For the duration of the consent for marketing purposes, no longer than <strong>15 years<\/strong>.<\/li><\/ul><\/li><li>After the retention period has expired, the data will be deleted.<\/li><\/ol><h2><strong>V. Recipients of personal data<\/strong><\/h2><ol><li>Personal data may be disclosed:<ul><li>Persons involved in the delivery of goods\/services<\/li><li>Marketing service providers<\/li><\/ul><\/li><li>The administrator does not intend to transfer personal data outside the EU.<\/li><\/ol><h2><strong>VI. Your rights<\/strong><\/h2><ol><li>According to the GDPR, you have the right to:<ul><li>To access personal data (<strong>Article 15 GDPR<\/strong>)<\/li><li>To correct personal data (<strong>Article 16 GDPR<\/strong>)<\/li><li>To delete personal data (<strong>Article 17 GDPR<\/strong>)<\/li><li>To restrict processing (<strong>Article 18 GDPR<\/strong>)<\/li><li>On data portability (<strong>Article 20 GDPR<\/strong>)<\/li><li>Objection to processing (<strong>Article 21 GDPR<\/strong>)<\/li><li>Withdraw consent to processing<\/li><\/ul><\/li><li>You have the right to file a complaint with <strong>Personal Data Protection Authority<\/strong>.<\/li><\/ol><h2><strong>VII. Security of personal data<\/strong><\/h2><ol><li>The administrator has taken technical and organizational measures to secure personal data.<\/li><li>Personal data is protected against unauthorized access.<\/li><\/ol><h2><strong>VIII. Final provisions<\/strong><\/h2><ol><li>You confirm your agreement to the terms and conditions by checking the consent box on the website.<\/li><li>The administrator is authorized to change these terms and conditions; the new version will be published on the website.<\/li><\/ol><h3><strong>These terms and conditions come into effect on November 23, 2023.<\/strong><\/h3>\t\t\t\t\t\t\t\t<\/div>\n\t\t\t\t\t<\/div>\n\t\t\t\t<\/div>\n\t\t\t\t<\/div>","protected":false},"excerpt":{"rendered":"<p>Ochrana osobn\u00edch \u00fadaj\u016f I. Z\u00e1kladn\u00ed ustanoven\u00ed Spr\u00e1vcem osobn\u00edch \u00fadaj\u016f podle \u010dl. 4 bod 7 na\u0159\u00edzen\u00ed Evropsk\u00e9ho parlamentu a Rady (EU) 2016\/679 (GDPR) je NATUREPRODUCTSCLINIC LTD (Company number 11332850), se s\u00eddlem Unit Q, 35 Astbury Road, London, England, SE15 2NL (d\u00e1le jen &#8222;spr\u00e1vce&#8220;). Kontaktn\u00ed \u00fadaje spr\u00e1vce: Adresa: Unit Q, 35 Astbury Road, London, England, SE15 2NL [&hellip;]<\/p>\n","protected":false},"author":2,"featured_media":0,"parent":0,"menu_order":7,"comment_status":"closed","ping_status":"closed","template":"elementor_header_footer","meta":{"footnotes":""},"class_list":["post-34","page","type-page","status-publish","hentry"],"_links":{"self":[{"href":"https:\/\/www.linie4life.com\/eu\/wp-json\/wp\/v2\/pages\/34","targetHints":{"allow":["GET"]}}],"collection":[{"href":"https:\/\/www.linie4life.com\/eu\/wp-json\/wp\/v2\/pages"}],"about":[{"href":"https:\/\/www.linie4life.com\/eu\/wp-json\/wp\/v2\/types\/page"}],"author":[{"embeddable":true,"href":"https:\/\/www.linie4life.com\/eu\/wp-json\/wp\/v2\/users\/2"}],"replies":[{"embeddable":true,"href":"https:\/\/www.linie4life.com\/eu\/wp-json\/wp\/v2\/comments?post=34"}],"version-history":[{"count":5,"href":"https:\/\/www.linie4life.com\/eu\/wp-json\/wp\/v2\/pages\/34\/revisions"}],"predecessor-version":[{"id":7361,"href":"https:\/\/www.linie4life.com\/eu\/wp-json\/wp\/v2\/pages\/34\/revisions\/7361"}],"wp:attachment":[{"href":"https:\/\/www.linie4life.com\/eu\/wp-json\/wp\/v2\/media?parent=34"}],"curies":[{"name":"wp","href":"https:\/\/api.w.org\/{rel}","templated":true}]}}