{"id":5973,"date":"2025-03-20T16:10:44","date_gmt":"2025-03-20T15:10:44","guid":{"rendered":"https:\/\/www.linie4life.com\/?post_type=product&#038;p=5973"},"modified":"2026-04-15T16:23:55","modified_gmt":"2026-04-15T14:23:55","slug":"poundloser-natural-weight-loss-supplement","status":"publish","type":"product","link":"https:\/\/www.linie4life.com\/eu\/obchod\/prirodni-doplnek-na-hubnuti-poundloser\/","title":{"rendered":"POUNDLOSER stool modification, intestinal permeability control, fat burner 120 capsules 30 days"},"content":{"rendered":"<h2>Podpora redukce t\u011blesn\u00e9ho tuku bez jo-jo efektu<\/h2>\n<p data-start=\"0\" data-end=\"77\"><strong data-start=\"0\" data-end=\"77\">Komplexn\u00ed p\u0159\u00edstup: metabolismus, tr\u00e1ven\u00ed a rovnov\u00e1ha st\u0159evn\u00edho mikrobiomu<\/strong><\/p>\n<p data-start=\"79\" data-end=\"447\">POUNDLOSER je navr\u017een jako p\u0159irozen\u00e1 podpora pro ty, kte\u0159\u00ed cht\u011bj\u00ed pracovat s t\u011blesnou hmotnost\u00ed systematicky a dlouhodob\u011b. Jeho bylinn\u00e1 a p\u0159\u00edrodn\u00ed formulace se zam\u011b\u0159uje na metabolick\u00e9 procesy spojen\u00e9 s hospoda\u0159en\u00edm organismu s energi\u00ed a m\u016f\u017ee b\u00fdt sou\u010d\u00e1st\u00ed re\u017eimu, kter\u00fd sm\u011b\u0159uje k postupn\u00e9mu sn\u00ed\u017een\u00ed t\u011blesn\u00e9ho tuku a stabilizaci hmotnosti bez extr\u00e9mn\u00edch dietn\u00edch v\u00fdkyv\u016f.<\/p>\n<p data-start=\"449\" data-end=\"796\">St\u00e1le v\u00edce v\u00fdzkum\u016f i praktick\u00fdch zku\u0161enost\u00ed p\u0159itom ukazuje, \u017ee v\u00fdznamnou roli v regulaci t\u011blesn\u00e9 hmotnosti hraje tak\u00e9 stav tr\u00e1vic\u00edho syst\u00e9mu a rovnov\u00e1ha st\u0159evn\u00edho mikrobiomu. To, jak efektivn\u011b t\u011blo potravu zpracuje, jak jsou vyu\u017eity \u017eiviny a jak funguje st\u0159evn\u00ed prost\u0159ed\u00ed, m\u016f\u017ee ovliv\u0148ovat metabolickou rovnov\u00e1hu i celkov\u00fd pocit lehkosti a energie.<\/p>\n<p data-start=\"798\" data-end=\"1102\">Proto n\u011bkte\u0159\u00ed z\u00e1kazn\u00edci kombinuj\u00ed POUNDLOSER tak\u00e9 s produktem Digestiff, kter\u00fd obsahuje sm\u011bs enzym\u016f a rostlinn\u00fdch extrakt\u016f zam\u011b\u0159en\u00fdch na podporu tr\u00e1ven\u00ed a zpracov\u00e1n\u00ed p\u0159ijat\u00e9 potravy. Tato kombinace m\u016f\u017ee p\u0159isp\u011bt k lep\u0161\u00edmu komfortu za\u017e\u00edv\u00e1n\u00ed, pravideln\u00e9mu tr\u00e1ven\u00ed a p\u0159irozen\u00e9 rovnov\u00e1ze st\u0159evn\u00edho mikrobiomu.\u00a0Spole\u010dn\u011b tak mohou tvo\u0159it promy\u0161len\u00fd p\u0159\u00edstup pro ty, kte\u0159\u00ed cht\u011bj\u00ed v\u011bnovat pozornost nejen energetick\u00e9mu metabolismu, ale i prost\u0159ed\u00ed tr\u00e1vic\u00edho traktu \u2013 tedy syst\u00e9mu, kter\u00fd hraje d\u016fle\u017eitou roli v tom, jak t\u011blo s energi\u00ed a \u017eivinami dlouhodob\u011b hospoda\u0159\u00ed.<\/p>\n<p><span class=\"s1\"><b>POUNDLOSER<\/b> (dopln\u011bk stravy) neobsahuje um\u011bl\u00e9 p\u0159\u00edchuti nebo sladidla, konzervanty, cukr, \u0161krob, ml\u00e9ko, lakt\u00f3zu, s\u00f3ju, vejce, glutam\u00e1t, p\u0161enici, dro\u017ed\u00ed, stear\u00e1t ho\u0159e\u010dnat\u00fd a je bez GMO. \u00da\u010dinn\u00e9 l\u00e1tky obsa\u017een\u00e9 v <strong>POUNDLOSERu<\/strong> jsou vyr\u00e1b\u011bny z\u00e1sadn\u011b v maxim\u00e1ln\u00ed dostupn\u00e9 p\u0159\u00edrodn\u00ed biologick\u00e9 form\u011b pro co nejefektivn\u011bj\u0161\u00ed vst\u0159eb\u00e1v\u00e1n\u00ed do lidsk\u00e9ho organismu.<\/span><\/p>\n<p>&nbsp;<\/p>\n<div style=\"border: 2px solid #eb248c; border-radius: 12px; padding: 16px; background: rgba(248,238,233,0.99);\">\n<h2>Synergick\u00e1 dvojice pro komplexn\u011bj\u0161\u00ed p\u0159\u00edstup<\/h2>\n<h3><strong>Doporu\u010den\u00e1 kombinace: POUNDLOSER + DIGESTIFF<\/strong><\/h3>\n<p>Mnoho z\u00e1kazn\u00edk\u016f kombinuje <strong>POUNDLSER <\/strong>tak\u00e9 s produktem <a href=\"https:\/\/www.linie4life.com\/obchod\/digestiff-prirodni-enzymy-na-traveni\/\"><strong>Digestiff &gt;&gt;<\/strong><\/a>.<br \/>\nZat\u00edmco POUNDLOSER je formulov\u00e1n s d\u016frazem na metabolick\u00e9 procesy souvisej\u00edc\u00ed s hospoda\u0159en\u00edm organismu s energi\u00ed, propustnost\u00ed st\u0159eva, DIGESTIFF se zam\u011b\u0159uje na enzymatick\u00e9 procesy tr\u00e1ven\u00ed a zpracov\u00e1n\u00ed p\u0159ijat\u00e9 potravy.<br \/>\nTyto dva produkty tak mohou tvo\u0159it p\u0159irozen\u011b se dopl\u0148uj\u00edc\u00ed kombinaci pro ty, kte\u0159\u00ed cht\u011bj\u00ed p\u0159istupovat ke sv\u00e9 v\u00e1ze komplexn\u011bji. Vhodn\u00e9 nejen u potravinov\u00fdch alergi\u00ed, ale i jako p\u0159\u00edrodn\u00ed podpora u o\u010disty organismu, detoxikace, diabetu, atd.<\/p>\n<\/div>\n<p>&nbsp;<\/p>\n<h2>Propustnost st\u0159ev a mikrobiom v souvislostech<\/h2>\n<p><strong>Propustnost st\u0159ev zn\u00e1m\u00e1 jako \u201eleaky gut\u201c syndrom<\/strong>, je stav, kdy je <strong>st\u0159evn\u00ed st\u011bna nadm\u011brn\u011b pr\u016fchodn\u00e1<\/strong> a do krevn\u00edho ob\u011bhu se dostanou l\u00e1tky, kter\u00e9 za norm\u00e1ln\u00edch okolnost\u00ed tam b\u00fdt nemaj\u00ed. <span data-huuid=\"16635816700763631025\">T\u00edm <strong>doch\u00e1z\u00ed k naru\u0161en\u00ed rovnov\u00e1hy<\/strong> v t\u011ble a m\u016f\u017ee to m\u00edt <strong>nep\u0159\u00edzniv\u00e9 \u00fa\u010dinky na zdrav\u00ed.<\/strong><span class=\"pjBG2e\" data-cid=\"fd5d9fd8-c375-416a-9052-51f709a87e04\"><span class=\"UV3uM\">\u00a0<\/span><\/span><\/span><\/p>\n<p><strong>Co j\u00edm m\u00e1 vliv na moje t\u011blo a hlavn\u011b na propustnost m\u00fdch st\u0159ev. <\/strong>Sama v\u00edm, jak je d\u016fle\u017eit\u00e9, m\u00edt st\u0159evn\u00ed mikrofl\u00f3ru v tom nejlep\u0161\u00edm stavu, proto\u017ee trp\u00edm na potravinov\u00e9 alergie a zajistit sv\u00e9mu t\u011blu nejen <b>udr\u017een\u00ed optim\u00e1ln\u00ed v\u00e1hy a &#8222;udr\u017eet t\u011blesn\u00fd tuk na uzd\u011b&#8220;<\/b>, ale i <b>pos\u00edlen\u00ed imunity<\/b>\u00a0a <b>zaji\u0161t\u011bn\u00ed hlavn\u011b dobr\u00e9ho za\u017e\u00edv\u00e1n\u00ed a tr\u00e1ven\u00ed a nem\u00edt doslova po ka\u017ed\u00e9m j\u00eddle nafoukl\u00e9 b\u0159\u00ed\u0161ko, je n\u011bkdy velk\u00e9 \u00fasil\u00ed.\u00a0<\/b>Sna\u017e\u00edm se j\u00edst pestrou stravu, m\u00edt v n\u00ed dostatek b\u00edlkovin, hl\u00edd\u00e1m si nasycen\u00e9 tuky, rychl\u00e9 cukry, ale i zeleninu a ovoce, ale ne poka\u017ed\u00e9 se mi to poda\u0159\u00ed. V\u00edce se pokus\u00edm vysv\u011btlit n\u00ed\u017ee, proto\u017ee <strong>i j\u00e1 sama m\u00e1m zku\u0161enost se z\u00e1n\u011bty st\u0159eva, konkr\u00e9tn\u011b s Chronovou chorobou<\/strong> a pravideln\u011b chod\u00edm na imunologii a alergologii na krevn\u00ed odb\u011bry a jsem sledov\u00e1na l\u00e9ka\u0159em.<\/p>\n<p><strong>Co je to vlastn\u011b propustnost st\u0159eva se m\u016f\u017eete do\u010d\u00edst v \u0159ad\u011b publikac\u00ed, tedy jen kr\u00e1tce:<\/strong><\/p>\n<p>Propustnost st\u0159eva se tak\u00e9 naz\u00fdvan\u00e1 st\u0159evn\u00ed permeabilita, je <strong>pojmem t\u00fdkaj\u00edc\u00edm se schopnosti st\u0159evn\u00ed st\u011bny propou\u0161t\u011bt nebo zadr\u017eovat r\u016fzn\u00e9 l\u00e1tky a mikroorganismy.<\/strong> Je to d\u016fle\u017eit\u00fd aspekt st\u0159evn\u00edho zdrav\u00ed a m\u016f\u017ee m\u00edt vliv na celkov\u00e9 zdrav\u00ed organismu. Tedy st\u0159evo a jeho propustnost hraje kl\u00ed\u010dovou roli v lidsk\u00e9m t\u011ble.<\/p>\n<div class=\"flex-1 overflow-hidden\">\n<div class=\"react-scroll-to-bottom--css-tibiu-79elbk h-full dark:bg-gray-800\">\n<div class=\"react-scroll-to-bottom--css-tibiu-1n7m0yu\">\n<div class=\"flex flex-col text-sm dark:bg-gray-800\">\n<div class=\"group w-full text-token-text-primary border-b border-black\/10 dark:border-gray-900\/50 bg-gray-50 dark:bg-[#444654]\" data-testid=\"conversation-turn-15\">\n<div class=\"p-4 justify-center text-base md:gap-6 md:py-6 m-auto\">\n<div class=\"flex flex-1 gap-4 text-base mx-auto md:gap-6 md:max-w-2xl lg:max-w-[38rem] xl:max-w-3xl }\">\n<div class=\"relative flex w-[calc(100%-50px)] flex-col gap-1 md:gap-3 lg:w-[calc(100%-115px)]\">\n<div class=\"flex flex-grow flex-col gap-3 max-w-full\">\n<div class=\"min-h-[20px] flex flex-col items-start gap-3 overflow-x-auto whitespace-pre-wrap break-words\">\n<div class=\"markdown prose w-full break-words dark:prose-invert light\">\n<ol>\n<li><strong>Funkce st\u0159evn\u00ed st\u011bny<\/strong>: St\u0159evn\u00ed st\u011bna je pokryta tenk\u00fdm vrstvou bun\u011bk a sliznic\u00ed, kter\u00e9 maj\u00ed za \u00fakol zadr\u017eovat potenci\u00e1ln\u011b \u0161kodliv\u00e9 l\u00e1tky, jako jsou bakterie, viry, toxin\u016f a nep\u0159ijateln\u00e9 \u010d\u00e1stice, a z\u00e1rove\u0148 umo\u017e\u0148ovat vstup \u017eivin a vody do krevn\u00edho ob\u011bhu.<\/li>\n<li><strong>St\u0159evn\u00ed bari\u00e9ra<\/strong>: St\u0159evn\u00ed st\u011bna tvo\u0159\u00ed jakousi bari\u00e9ru mezi obsahem st\u0159eva a krevn\u00edm ob\u011bhem. Tato bari\u00e9ra by m\u011bla b\u00fdt selektivn\u00ed, co\u017e znamen\u00e1, \u017ee propou\u0161t\u00ed \u017eiviny a ne\u0161kodn\u00e9 l\u00e1tky, zat\u00edmco zadr\u017euje patogenn\u00ed organismy a toxiny.<\/li>\n<li><strong>Poruchy propustnosti st\u0159eva<\/strong>: Pokud dojde k naru\u0161en\u00ed norm\u00e1ln\u00ed funkce st\u0159evn\u00ed st\u011bny a zv\u00fd\u0161en\u00ed jej\u00ed propustnosti, mohou b\u00fdt n\u011bkter\u00e9 l\u00e1tky a mikroorganismy propu\u0161t\u011bny do krevn\u00edho ob\u011bhu. To se n\u011bkdy naz\u00fdv\u00e1 &#8222;proklouznut\u00ed st\u0159evn\u00ed st\u011bny&#8220; a m\u016f\u017ee b\u00fdt spojeno s r\u016fzn\u00fdmi st\u0159evn\u00edmi a imunitn\u00edmi probl\u00e9my.<\/li>\n<li><strong>Vliv na zdrav\u00ed<\/strong>: Porucha propustnosti st\u0159eva m\u016f\u017ee b\u00fdt spojena s \u0159adou zdravotn\u00edch probl\u00e9m\u016f, v\u010detn\u011b st\u0159evn\u00edho z\u00e1n\u011btu (nap\u0159\u00edklad Crohnova choroba), syndromu propustn\u00e9ho st\u0159eva, potravinov\u00fdch alergi\u00ed, autoimunitn\u00edch onemocn\u011bn\u00ed a dokonce i s ur\u010dit\u00fdmi neurologick\u00fdmi poruchami.<\/li>\n<li><strong>Co lze ud\u011blat u propustnosti st\u0159eva<\/strong>: Spr\u00e1vn\u00e1 v\u00fd\u017eiva, vhodn\u00e9 stravovac\u00ed n\u00e1vyky, omezov\u00e1n\u00ed stresu a vhodn\u00e1 l\u00e9\u010dba, pokud jsou poruchy st\u0159evn\u00ed propustnosti diagnostikov\u00e1ny.<\/li>\n<li><strong>Diagnostika<\/strong>: K diagnostice poruchy propustnosti st\u0159eva se mohou pou\u017e\u00edvat r\u016fzn\u00e9 laboratorn\u00ed testy a vy\u0161et\u0159en\u00ed, v\u010detn\u011b test\u016f na specifick\u00e9 markery pro propustn\u00e9 st\u0159evo.<\/li>\n<\/ol>\n<\/div>\n<\/div>\n<\/div>\n<\/div>\n<\/div>\n<\/div>\n<\/div>\n<\/div>\n<\/div>\n<\/div>\n<\/div>\n<p><strong>Pro\u010d je tak d\u016fle\u017eit\u00e9 m\u00edt ve st\u0159evech spr\u00e1vnou mikrofl\u00f3ru?<\/strong><\/p>\n<p>Proto\u017ee mikrofl\u00f3ra m\u00e1 v\u00fdznamn\u00fd dopad na mnoho \u017eivotn\u011b d\u016fle\u017eit\u00fdch proces\u016f v na\u0161em t\u011ble.<\/p>\n<p>Podporuje tr\u00e1ven\u00ed a vst\u0159eb\u00e1v\u00e1n\u00ed \u017eivin (mikro\u017eivin), tvo\u0159\u00ed d\u016fle\u017eitou bari\u00e9ru, kter\u00e1 chr\u00e1n\u00ed t\u011blo p\u0159ed vniknut\u00edm ne\u017e\u00e1douc\u00edch bakteri\u00ed, parazit\u016f atd.<\/p>\n<p>V\u011bd\u011bli jste, \u017ee<strong> s<\/strong><span class=\"s1\"><b>t\u0159evn\u00ed mikrobiom nebo-li mikrofl\u00f3ra<\/b> m\u00e1 v\u00fdznamn\u00fd dopad na mnoho \u017eivotn\u011b d\u016fle\u017eit\u00fdch proces\u016f v na\u0161em t\u011ble. <b>Podporuje tr\u00e1ven\u00ed a vst\u0159eb\u00e1v\u00e1n\u00ed \u017eivin<\/b> (mikro\u017eivin), tvo\u0159\u00ed d\u016fle\u017eitou bari\u00e9ru, kter\u00e1 chr\u00e1n\u00ed t\u011blo p\u0159ed vniknut\u00edm ne\u017e\u00e1douc\u00edch bakteri\u00ed, parazit\u016f atd. Z\u00e1rove\u0148 <b>produkuje a uvol\u0148uje d\u016fle\u017eit\u00e9 enzymy<\/b> a biologicky d\u016fle\u017eit\u00e9 l\u00e1tky, jako jsou vitam\u00edny, neurotransmitery atd., kter\u00e9 jsou nezbytn\u00e9 pro <b>spr\u00e1vn\u00e9 fungov\u00e1n\u00ed mozku<\/b>. Velmi d\u016fle\u017eit\u00e1 je proto tlou\u0161\u0165ka st\u0159evn\u00ed mikrofl\u00f3ry, proto\u017ee plnohodnotn\u00e9 enzymatick\u00e9 procesy prob\u00edhaj\u00ed ve st\u0159evech, v\u010detn\u011b optim\u00e1ln\u00ed propustnosti st\u0159eva pro mikronutrienty. <span class=\"Apple-converted-space\">\u00a0 \u00a0<\/span><\/span><\/p>\n<p>Stejn\u011b tak je d\u016fle\u017eit\u00e9, aby neinfek\u010dn\u00ed m\u00edsta ve st\u0159ev\u011b, kter\u00e1 byla d\u0159\u00edve obsazena patogenn\u00edmi bakteriemi, nebyla pr\u00e1v\u011b budouc\u00ed p\u0159\u00ed\u010dinou potenci\u00e1ln\u00edch z\u00e1n\u011btliv\u00fdch proces\u016f.<\/p>\n<p><span class=\"s1\"><b>Spr\u00e1vn\u00e1 rovnov\u00e1ha st\u0159evn\u00ed mikrofl\u00f3ry<\/b> pom\u00e1h\u00e1 udr\u017eovat st\u0159evn\u00ed st\u011bny siln\u00e9 a \u0161patn\u00e9 bakterie na uzd\u011b a m\u016f\u017ee sn\u00ed\u017eit riziko chronick\u00fdch onemocn\u011bn\u00ed.\u00a0<\/span><b><\/b><strong>Mikrobakteri\u00e1ln\u00ed populace st\u0159ev<\/strong> <strong>je<\/strong> tak\u00e9 \u010d\u00e1ste\u010dn\u011b <strong>zodpov\u011bdn\u00e1 za hormon\u00e1ln\u00ed regulaci hladu a nasycen\u00ed (p<span class=\"s1\">odporuje redukci t\u011blesn\u00e9ho tuku).<\/span><\/strong>\u00a0Krom\u011b toho <strong>podporuje potla\u010den\u00ed z\u00e1n\u011btliv\u00fdch proces\u016f v t\u011ble<\/strong> a tak\u00e9 <strong>hraje hlavn\u00ed roli v tom, zda \u010dlov\u011bk trp\u00ed na alergie, astma, depresi, rakovinou, Alzheimerovou chorobu nebo demenci.<\/strong><\/p>\n<p>&nbsp;<\/p>\n<hr \/>\n<h5 class=\"p2\"><span class=\"s1\"><b>D\u00c1VKOV\u00c1N\u00cd <\/b><\/span><strong>pro dopln\u011bk stravy (Poundloser):<\/strong><\/h5>\n<p><span class=\"s1\">2x denn\u011b 2 kapsle, v\u017edy p\u0159ed j\u00eddlem r\u00e1no a ve\u010der. <\/span><span class=\"s1\">Balen\u00ed obsahuje 120 kapsl\u00ed.<\/span><\/p>\n<h5 class=\"p2\"><span class=\"s1\"><b>SLO\u017dEN\u00cd <\/b><\/span><strong>pro dopln\u011bk stravy (Poundloser):<\/strong><\/h5>\n<p><span class=\"s1\">Obsahuje 100% p\u0159\u00edrodn\u00ed dvojit\u00e9 extrakty z hub obsahuj\u00edc\u00ed Betaglukany 1,3 a 1,6, kyselinu grifolinovou, triterpeny s ko\u0159enov\u00fdm pr\u00e1\u0161kem kurkuma,\u00a0\u00a0piperin,\u00a0\u00a0Fucus vesiculosus, Foeniculum vulgare \u2028 bylinkov\u00e9 extrakty a PROVEOTICS vegansk\u00e1 probiotika. Ru\u010dn\u00ed v\u00fdroba pln\u011bn\u00ed do vegansk\u00fdch kapsl\u00ed.<\/span><\/p>\n<h5 class=\"p1\"><span class=\"s1\"><b>SKLADOV\u00c1N\u00cd <\/b><\/span><strong>pro dopln\u011bk stravy (Poundloser):<\/strong><\/h5>\n<p>Uchov\u00e1vejte v suchu p\u0159i pokojov\u00e9 teplot\u011b. Chra\u0148te p\u0159ed mrazem. Nevystavujte p\u0159\u00edm\u00e9mu slune\u010dn\u00edmu z\u00e1\u0159en\u00ed. Skladujte mimo dosah d\u011bt\u00ed.<\/p>\n<h5><strong>UPOZORN\u011aN\u00cd pro dopln\u011bk stravy (Poundloser):<\/strong><\/h5>\n<p>Nejde o l\u00e9k a nenahrazuje pestrou stravu. Pokud jste t\u011bhotn\u00e1, koj\u00edte nebo u\u017e\u00edv\u00e1te l\u00e9ky, pora\u010fte se o u\u017e\u00edv\u00e1n\u00ed se sv\u00fdm l\u00e9ka\u0159em. Nepou\u017e\u00edvejte p\u0159i zn\u00e1m\u00e9 p\u0159ecitliv\u011blosti na n\u011bkterou slo\u017eku p\u0159\u00edpravku.<\/p>\n","protected":false},"excerpt":{"rendered":"<h2>Natural support for weight control<\/h2>\n<p>POUNDLOSER is a natural dietary supplement designed for those who want to work on body weight <strong>without the yo-yo effect<\/strong>. The combination of carefully selected plant extracts and active ingredients fits into <strong>support of metabolic balance, intestinal permeability related to nutrient absorption, but also constipation, diarrhea), control of appetite and an overall feeling of lightness<\/strong>. The product is suitable as part of a balanced lifestyle, especially when adjusting eating habits, physical activity or in periods when you need to keep your regime under control. Meaningful support that respects the pace of your body.<\/p>\n<p><em><strong>POUNDLOSER \u2013 when you want to control your weight. Start with a metabolic balance that makes sense.\u00a0<\/strong><\/em><\/p>","protected":false},"featured_media":6010,"comment_status":"open","ping_status":"closed","template":"","meta":[],"product_brand":[58],"product_cat":[15,27,25,23,201,80,31,32,33],"product_tag":[],"class_list":{"0":"post-5973","1":"product","2":"type-product","3":"status-publish","4":"has-post-thumbnail","6":"product_brand-for-a-long-life","7":"product_cat-detoxikace","8":"product_cat-dlouhovekost","9":"product_cat-hubnuti","10":"product_cat-krasa","11":"product_cat-lymfa","12":"product_cat-prevence","13":"product_cat-zdrave-zazivani","14":"product_cat-zdravi-muze","15":"product_cat-zdravi-zeny","17":"first","18":"instock","19":"taxable","20":"shipping-taxable","21":"purchasable","22":"product-type-simple"},"_links":{"self":[{"href":"https:\/\/www.linie4life.com\/eu\/wp-json\/wp\/v2\/product\/5973","targetHints":{"allow":["GET"]}}],"collection":[{"href":"https:\/\/www.linie4life.com\/eu\/wp-json\/wp\/v2\/product"}],"about":[{"href":"https:\/\/www.linie4life.com\/eu\/wp-json\/wp\/v2\/types\/product"}],"replies":[{"embeddable":true,"href":"https:\/\/www.linie4life.com\/eu\/wp-json\/wp\/v2\/comments?post=5973"}],"version-history":[{"count":10,"href":"https:\/\/www.linie4life.com\/eu\/wp-json\/wp\/v2\/product\/5973\/revisions"}],"predecessor-version":[{"id":17703,"href":"https:\/\/www.linie4life.com\/eu\/wp-json\/wp\/v2\/product\/5973\/revisions\/17703"}],"wp:featuredmedia":[{"embeddable":true,"href":"https:\/\/www.linie4life.com\/eu\/wp-json\/wp\/v2\/media\/6010"}],"wp:attachment":[{"href":"https:\/\/www.linie4life.com\/eu\/wp-json\/wp\/v2\/media?parent=5973"}],"wp:term":[{"taxonomy":"product_brand","embeddable":true,"href":"https:\/\/www.linie4life.com\/eu\/wp-json\/wp\/v2\/product_brand?post=5973"},{"taxonomy":"product_cat","embeddable":true,"href":"https:\/\/www.linie4life.com\/eu\/wp-json\/wp\/v2\/product_cat?post=5973"},{"taxonomy":"product_tag","embeddable":true,"href":"https:\/\/www.linie4life.com\/eu\/wp-json\/wp\/v2\/product_tag?post=5973"}],"curies":[{"name":"wp","href":"https:\/\/api.w.org\/{rel}","templated":true}]}}