{"id":5983,"date":"2025-03-20T16:10:45","date_gmt":"2025-03-20T15:10:45","guid":{"rendered":"https:\/\/www.linie4life.com\/?post_type=product&#038;p=5983"},"modified":"2026-04-15T16:21:58","modified_gmt":"2026-04-15T14:21:58","slug":"natural-support-for-prostate-prevention","status":"publish","type":"product","link":"https:\/\/www.linie4life.com\/eu\/obchod\/prirodni-podpora-prevence-prostaty\/","title":{"rendered":"PROSTATOOL natural prostate prevention support 120 capsules for 30 days"},"content":{"rendered":"<p><strong>Prostata pat\u0159\u00ed mezi choulostiv\u00e1 t\u00e9mata<\/strong>, toto mohu potvrdit ze sv\u00e9 25-let\u00e9 praxe. A i kdy\u017e se <strong>t\u00fdk\u00e1 zdrav\u00ed, v\u011bt\u0161ina mu\u017e\u016f o n\u00ed nerada b\u011b\u017en\u011b mluv\u00ed<\/strong>. Pov\u00edme si, jak prostata m\u016f\u017ee ovlivnit celkov\u00e9 zdrav\u00ed a <strong>d\u00e1m v\u00e1m n\u011bkolik rad<\/strong>, jak p\u0159edch\u00e1zet probl\u00e9m\u016fm a prvn\u00ed z nich je: <strong>Mluvit o n\u00ed a chodit na pravideln\u00e9 preventivn\u00ed prohl\u00eddky na urologii, <\/strong>je opravdu d\u016fle\u017eit\u00e9 a mohu to jen potvrdit, z osobn\u00ed zku\u0161enosti s m\u00fdm t\u00e1tou.<\/p>\n<h2>CO JE PROSTATA A JAKOU M\u00c1 FUNKCI V T\u011aLE?<\/h2>\n<p>P\u0159edstojn\u00e1 \u017el\u00e1za neboli prostata, je <strong>\u017el\u00e1za, nach\u00e1zej\u00edc\u00ed se na spodn\u00ed stran\u011b mo\u010dov\u00e9ho \u00fastroj\u00ed, pod mo\u010dov\u00fdm m\u011bch\u00fd\u0159em, obklopuj\u00edc\u00ed mo\u010dovou trubici.<\/strong> Produkuje se v n\u00ed prvn\u00ed slo\u017eka semenn\u00e9 tekutiny neboli ejakul\u00e1tu, jej\u00ed\u017e \u00falohou je \u0159edit spermie. Prostatu tvo\u0159\u00ed tak\u00e9 vl\u00e1kna hladk\u00e9 svaloviny, d\u00edky nim\u017e doch\u00e1z\u00ed k vyprazd\u0148ov\u00e1n\u00ed semenn\u00e9 tekutiny p\u0159i ejakulaci. Prostatu maj\u00ed pouze mu\u017ei, a to ji\u017e od narozen\u00ed. Respektive je\u0161t\u011b d\u0159\u00edve, prostata se vyv\u00edj\u00ed u\u017e u plodu.<\/p>\n<p><strong>Velikost zdrav\u00e9 prostaty u dosp\u011bl\u00e9ho mu\u017ee<\/strong> odpov\u00edd\u00e1 <strong>velikosti vla\u0161sk\u00e9ho o\u0159echu<\/strong> a <strong>v\u00e1\u017e\u00ed kolem 20 gram\u016f<\/strong>. S p\u0159ib\u00fdvaj\u00edc\u00edm v\u011bkem m\u016f\u017ee, v extr\u00e9mn\u00edch p\u0159\u00edpadech, v\u00e1\u017eit a\u017e 200 gram\u016f, co\u017e m\u016f\u017ee zp\u016fsobit zna\u010dn\u00e9 komplikace.<\/p>\n<p>Zv\u011bt\u0161en\u00e1 prostata m\u016f\u017ee <strong>utla\u010dovat mo\u010dovou trubici<\/strong>, co\u017e <strong>m\u016f\u017ee zp\u016fsobit zpomalen\u00fd start mo\u010den\u00ed<\/strong>, z\u00fa\u017een\u00ed proudu mo\u010di, <strong>nutnost vyvinou v\u011bt\u0161\u00ed \u00fasil\u00ed p\u0159i mo\u010den\u00ed<\/strong>, \u010dast\u011bj\u0161\u00ed a p\u0159eru\u0161ovan\u00e9 mo\u010den\u00ed, <strong>pocit nedokonal\u00e9ho vypr\u00e1zdn\u011bn\u00ed<\/strong>, \u00fanik mo\u010di nebo <strong>\u010dast\u011bj\u0161\u00ed pot\u0159eba mo\u010den\u00ed b\u011bhem sp\u00e1nku.<\/strong><\/p>\n<h2>CO M\u016e\u017dE ZP\u016eSOBIT ZV\u011aT\u0160EN\u00c1 PROSTATA?<\/h2>\n<p>Kolem 50 let v\u011bku a pozd\u011bji b\u00fdv\u00e1 b\u011b\u017en\u00e9, \u017ee se <strong>prostata zv\u011bt\u0161\u00ed<\/strong>. Tento jev se odborn\u011b naz\u00fdv\u00e1 <strong>benign\u00ed hyperplazie prostaty<\/strong>, setkat se m\u016f\u017eete i se zkratkou BHP. Objevit se v\u0161ak m\u016f\u017ee i d\u0159\u00edve, a to dokonce u\u017e od 40. roku. Ve v\u011bku nad 60 let zv\u011bt\u0161enou prostatou trp\u00ed polovina mu\u017e\u016f a nad 70 let dokonce 90 %. S rostouc\u00edm v\u011bkem se samoz\u0159ejm\u011b probl\u00e9my zhor\u0161uj\u00ed. Ov\u0161em p\u0159\u00edm\u00e1 \u00fam\u011bra mezi velikost\u00ed prostaty a probl\u00e9my, kter\u00e9 zp\u016fsobuje, nen\u00ed. Tak\u017ee, v n\u011bkter\u00fdch p\u0159\u00edpadech, i m\u00e9n\u011b zv\u011bt\u0161en\u00e1 prostata m\u016f\u017ee zp\u016fsobit v\u011bt\u0161\u00ed probl\u00e9my, ne\u017e ta zv\u011bt\u0161en\u00e1 v\u00fdrazn\u011b, jak m\u011b upozornil MUDr. Anton\u00edn Pe\u010denka, kter\u00fd se v\u011bnoval po v\u011bt\u0161inu \u017eivotu pr\u00e1v\u011b t\u00e9to problematice.<\/p>\n<p>Zv\u011bt\u0161en\u00e1 prostata m\u016f\u017ee <strong>utla\u010dovat mo\u010dovou trubici<\/strong>, co\u017e zp\u016fsobuje:<\/p>\n<ul>\n<li>zpomalen\u00fd start mo\u010den\u00ed<\/li>\n<li>z\u00fa\u017een\u00ed proudu mo\u010di<\/li>\n<li>nutnost vyvinou v\u011bt\u0161\u00ed \u00fasil\u00ed p\u0159i mo\u010den\u00ed<\/li>\n<li>\u010dast\u011bj\u0161\u00ed a p\u0159eru\u0161ovan\u00e9 mo\u010den\u00ed<\/li>\n<li>pocit nedokonal\u00e9ho vypr\u00e1zdn\u011bn\u00ed<\/li>\n<li>\u00fanik mo\u010di<\/li>\n<li>nykturie (\u010dast\u011bj\u0161\u00ed pot\u0159eba mo\u010den\u00ed b\u011bhem sp\u00e1nku).<\/li>\n<\/ul>\n<p>P\u0159i zanedb\u00e1n\u00ed m\u016f\u017ee doch\u00e1zet i k opakovan\u00fdm z\u00e1n\u011bt\u016fm mo\u010dov\u00fdch cest a m\u011bstn\u00e1n\u00ed mo\u010di v m\u011bch\u00fd\u0159i i ledvin\u011b. D\u016fsledkem m\u016f\u017ee b\u00fdt a\u017e <strong>selh\u00e1n\u00ed ledvin<\/strong>. V\u011bt\u0161\u00ed riziko m\u016f\u017ee b\u00fdt u mu\u017e\u016f, kte\u0159\u00ed maj\u00ed zv\u00fd\u0161enou produkci <strong>testosteronu<\/strong>, vysok\u00fd krevn\u00ed tlak, trp\u00ed <strong>obezitou<\/strong>, cukrovkou nebo nemaj\u00ed spr\u00e1vn\u00e9 stravovac\u00ed n\u00e1vyky.<\/p>\n<h2>CO JE TO ANTIGEN PROSTATY (PSA)<\/h2>\n<div class=\"flex-1 overflow-hidden\">\n<div class=\"react-scroll-to-bottom--css-tibiu-79elbk h-full dark:bg-gray-800\">\n<div class=\"react-scroll-to-bottom--css-tibiu-1n7m0yu\">\n<div class=\"flex flex-col text-sm dark:bg-gray-800\">\n<div class=\"group w-full text-token-text-primary border-b border-black\/10 dark:border-gray-900\/50 bg-gray-50 dark:bg-[#444654]\" data-testid=\"conversation-turn-37\">\n<div class=\"p-4 justify-center text-base md:gap-6 md:py-6 m-auto\">\n<div class=\"flex flex-1 gap-4 text-base mx-auto md:gap-6 md:max-w-2xl lg:max-w-[38rem] xl:max-w-3xl }\">\n<div class=\"relative flex w-[calc(100%-50px)] flex-col gap-1 md:gap-3 lg:w-[calc(100%-115px)]\">\n<div class=\"flex flex-grow flex-col gap-3 max-w-full\">\n<div class=\"min-h-[20px] flex flex-col items-start gap-3 overflow-x-auto whitespace-pre-wrap break-words\">\n<div class=\"markdown prose w-full break-words dark:prose-invert light\">\n<p>Antigen specifick\u00fd pro prostatu (<strong>PSA<\/strong>) je <strong>protein produkov\u00e1n prostatou<\/strong>, co\u017e je \u017el\u00e1zovit\u00fd org\u00e1n nach\u00e1zej\u00edc\u00ed se pod mo\u010dov\u00fdm m\u011bch\u00fd\u0159em u mu\u017e\u016f. PSA je b\u011b\u017en\u011b pou\u017e\u00edv\u00e1n jako biomarker p\u0159i vy\u0161et\u0159en\u00edch pro diagnostiku a sledov\u00e1n\u00ed r\u016fzn\u00fdch stav\u016f t\u00fdkaj\u00edc\u00edch se prostaty. <strong>Zde je n\u011bkolik kl\u00ed\u010dov\u00fdch informac\u00ed o PSA:<\/strong><\/p>\n<ol>\n<li><strong>Funkce PSA<\/strong>: Norm\u00e1ln\u011b se mal\u00e9 mno\u017estv\u00ed PSA uvol\u0148uje do krve prostatou. Jeho hlavn\u00ed funkc\u00ed je udr\u017eov\u00e1n\u00ed tekut\u00e9ho stavu ejakul\u00e1tu. PSA pom\u00e1h\u00e1 \u0159edit spermat\u00e1ln\u00ed tekutinu, aby byla pro spermie pohybliv\u00e1.<\/li>\n<li><strong>Diagnostika rakoviny prostaty<\/strong>: Hlavn\u00edm pou\u017eit\u00edm PSA v medic\u00edn\u011b je screening a diagnostika rakoviny prostaty. Zv\u00fd\u0161en\u00e9 hladiny PSA mohou nazna\u010dovat p\u0159\u00edtomnost rakoviny prostaty, i kdy\u017e tento test nen\u00ed specifick\u00fd pouze pro rakovinu. Jin\u00e9 stavy, jako je benign\u00ed hyperplazie prostaty (BHP) nebo z\u00e1n\u011bty prostaty, mohou tak\u00e9 zp\u016fsobit zv\u00fd\u0161en\u00ed hladiny PSA.<\/li>\n<li><strong>Monitorov\u00e1n\u00ed l\u00e9\u010dby rakoviny prostaty<\/strong>: Po diagn\u00f3ze rakoviny prostaty m\u016f\u017ee b\u00fdt PSA pou\u017eit k monitorov\u00e1n\u00ed \u00fa\u010dinnosti l\u00e9\u010dby. Pokles hladiny PSA m\u016f\u017ee nazna\u010dovat, \u017ee l\u00e9\u010dba funguje, zat\u00edmco zv\u00fd\u0161en\u00ed hladiny m\u016f\u017ee b\u00fdt zn\u00e1mkou recidivy.<\/li>\n<li><strong>Norm\u00e1ln\u00ed hladiny PSA<\/strong>: Norm\u00e1ln\u00ed hladina PSA se m\u016f\u017ee li\u0161it mezi jednotliv\u00fdmi mu\u017ei, ale obvykle se pohybuje do ur\u010dit\u00e9ho rozmez\u00ed. Hladiny PSA se \u010dasto vyjad\u0159uj\u00ed v ng\/ml (nanogramech na mililitr krve). Hodnoty pod 4 ng\/ml se obvykle pova\u017euj\u00ed za norm\u00e1ln\u00ed, ale r\u016fzn\u00e1 krit\u00e9ria mohou pou\u017e\u00edvat r\u016fzn\u00e9 prahov\u00e9 hodnoty.<\/li>\n<li><strong>Fale\u0161n\u011b pozitivn\u00ed a fale\u0161n\u011b negativn\u00ed v\u00fdsledky<\/strong>: PSA test m\u016f\u017ee d\u00e1vat fale\u0161n\u011b pozitivn\u00ed v\u00fdsledky (kdy\u017e je PSA zv\u00fd\u0161eno, ale nejde o rakovinu) nebo fale\u0161n\u011b negativn\u00ed v\u00fdsledky (kdy\u017e je PSA norm\u00e1ln\u00ed, ale p\u0159\u00edtomna je rakovina). Proto se PSA \u010dasto kombinuje s dal\u0161\u00edmi vy\u0161et\u0159en\u00edmi, jako je digit\u00e1ln\u00ed rekt\u00e1ln\u00ed vy\u0161et\u0159en\u00ed (DRE) nebo biopsie prostaty, pro p\u0159esn\u011bj\u0161\u00ed diagnostiku.<\/li>\n<\/ol>\n<p><strong>PSA je u\u017eite\u010dn\u00fdm n\u00e1strojem p\u0159i vy\u0161et\u0159en\u00edch prostaty<\/strong>, ale je d\u016fle\u017eit\u00e9 ho interpretovat s ohledem na celkov\u00fd klinick\u00fd obraz a dal\u0161\u00ed faktory, jako je v\u011bk a zdravotn\u00ed stav pacienta. V\u00fdznamn\u00fd n\u00e1r\u016fst PSA by m\u011bl v\u017edy b\u00fdt d\u016fvodem konzultace s l\u00e9ka\u0159em, kter\u00fd m\u016f\u017ee prov\u00e9st dal\u0161\u00ed vy\u0161et\u0159en\u00ed a rozhodnout o vhodn\u00e9m postupu.<\/p>\n<\/div>\n<\/div>\n<\/div>\n<\/div>\n<\/div>\n<\/div>\n<\/div>\n<\/div>\n<\/div>\n<\/div>\n<\/div>\n<p>Pokud je nutn\u00e1 <strong>l\u00e9\u010dba<\/strong>, obvykle se prov\u00e1d\u00ed za pomoci alfa-blok\u00e1tor\u016f a 5-alfa-redukt\u00e1z\u016f, kter\u00e9 b\u00fdvaj\u00ed velmi dob\u0159e sn\u00e1\u0161eny a je mo\u017en\u00e9 je u\u017e\u00edvat dlouhodob\u011b. <b>Karcinom nebo-li rakovina prostaty je nej\u010dast\u011bj\u0161\u00edm onkologick\u00fdm onemocn\u011bn\u00ed mu\u017e\u016f v <em>\u010cesk\u00e9 republice<\/em>. Ka\u017ed\u00fd rok onemocn\u00ed t\u00e9m\u011b\u0159 8 tis\u00edc mu\u017e\u016f a v\u00fdskyt neust\u00e1le roste. V tomto sm\u011bru je velmi d\u016fle\u017eit\u00e1 prevence.<\/b><\/p>\n<h2>\u017dIVOTOSPR\u00c1VA JAKO Z\u00c1KLAD MO\u017dN\u00c9 PREVENCE PROSTATY<\/h2>\n<p>Lep\u0161\u00ed ne\u017e n\u00e1sledn\u00e1 l\u00e9\u010dba, je v\u0161ak <strong>prevence<\/strong>, a to nejen u zv\u011bt\u0161en\u00e9 prostaty. A ve v\u011bt\u0161in\u011b p\u0159\u00edpad\u016f je naprost\u00fdm z\u00e1kladem <strong>\u017eivotospr\u00e1va<\/strong>. M\u016f\u017eete se vyh\u00fdbat <strong>konzervovan\u00fdm<\/strong> a <strong>ko\u0159en\u011bn\u00fdm <\/strong>j\u00eddl\u016fm. Omezit \u010derven\u00e9 <strong>maso, ml\u00e9\u010dn\u00e9 v\u00fdrobky a cukr<\/strong>. Naopak m\u016f\u017eete <strong>za\u0159adit do stravy<\/strong> co nejv\u00edc <strong>\u010derstv\u00e9 zeleniny, vl\u00e1kniny, vitam\u00ednu B a E, zinku, d\u00fd\u0148ov\u00fdch sem\u00ednek a omega 3 esenci\u00e1ln\u00edch mastn\u00fdch kyselin<\/strong>. Podpo\u0159it m\u016f\u017eete i pitn\u00fd re\u017eim a p\u00edt \u010daj z kop\u0159ivy dvoudom\u00e9.<\/p>\n<p>&nbsp;<\/p>\n<p>&nbsp;<\/p>\n<div><\/div>\n<h5><strong>D\u00c1VKOV\u00c1N\u00cd <\/strong><strong>(pro dopln\u011bk stravy PROSTATOOL):<\/strong><\/h5>\n<p>U\u017e\u00edvejte <strong>4 kapsle denn\u011b<\/strong> \u2013 2 kapsle r\u00e1no, 2 kapsle ve\u010der p\u0159ed j\u00eddlem a zapijte <strong>dostate\u010dn\u00fdm mno\u017estv\u00edm vody<\/strong>.<\/p>\n<p>&nbsp;<\/p>\n<h5><strong>SLO\u017dEN\u00cd <\/strong><strong>(pro dopln\u011bk stravy PROSTATOOL):<\/strong><\/h5>\n<p>Tu\u017eebn\u00edk jilmov\u00fd (Filipendula ulmaria), R\u016f\u017ee ps\u00ed (Rosa Canina) P\u0159esli\u010dka roln\u00ed (Equisetum arvense), Beta glukany 1,3 &amp; 1,6 z medicin\u00e1ln\u00edch hub, Grifolinacid, triterpeny, krystalick\u00e9 aminokyseliny, Piperin, PROVEOTICS vegansk\u00e1 probiotika (Lactobacillus: paracasei, acidophilus, rhamnosus, bulgaricus, fermentum, helveticus, plantarum, casei, reuteri, Bifidobacterium longum, Streptococcus thermophilus, Saccharomyces boulardii s patentovanou sm\u011bs\u00ed speci\u00e1ln\u00ed micel\u00e1rn\u00ed PREbiotick\u00e9 vl\u00e1kniny z medicin\u00e1ln\u00edch hub a lyofilizovan\u00e9ho pr\u00e1\u0161ku z manioku jedl\u00e9ho).<\/p>\n<p>Obsah balen\u00ed: 120 vegansk\u00fdch kapsl\u00ed. D\u00edky sv\u00e9mu slo\u017een\u00ed je\u00a0<b>vhodn\u00fd i pro vegany<\/b>.<\/p>\n<p>PROSTATOOL <strong>neobsahuje<\/strong> \u017e\u00e1dn\u00e1 um\u011bl\u00e1 ochucovala ani sladidla, konzervanty, cukr, \u0161krob, ml\u00e9ko, lakt\u00f3zu, s\u00f3ju, vejce, glutam\u00e1t, p\u0161enici, dro\u017ed\u00ed, stear\u00e1t ho\u0159e\u010dnat\u00fd. Prostatool <strong>nen\u00ed geneticky modifikovan\u00fd<\/strong>.<\/p>\n<p>&nbsp;<\/p>\n<div class=\"page\" title=\"Page 13\">\n<div class=\"layoutArea\">\n<div class=\"column\">\n<p><strong>Tuz\u030cebni\u0301k jilmovy\u0301 podporuje:<\/strong><\/p>\n<ul>\n<li>\u2013 \u00a0\u201enorma\u0301lni\u0301 stav kloubu\u030a\u201c<\/li>\n<li>\u2013 \u00a0\u201evyluc\u030cova\u0301ni\u0301 vody z organismu\u201c<\/li>\n<li>\u2013 \u00a0\u201enorma\u0301lni\u0301 funkce moc\u030covy\u0301ch cest \u2013 ledviny\u201c<\/li>\n<li>\u2013 \u00a0\u201enorma\u0301lni\u0301 funkce dy\u0301chaci\u0301ho syste\u0301mu\u201c<\/li>\n<li>\u2013 \u00a0\u201evyluc\u030cova\u0301ni\u0301 moc\u030ci\u201c<\/li>\n<li>\u2013 \u00a0\u201eosve\u030cz\u030ceni\u0301 te\u030cla, pr\u030cirozena\u0301 obranyschopnost\u201c<\/li>\n<li>\u2013 \u00a0\u201edus\u030cevni\u0301 zdravi\u0301\/relaxace \u2013 spa\u0301nek\u201c<\/li>\n<li>\u2013 \u00a0\u201enorma\u0301lni\u0301 c\u030cinnosti srdce, hladina cholesterolu v krvi\u201c<\/li>\n<li>\u2013 \u00a0\u201enorma\u0301lni\u0301 stav pokoz\u030cky a tka\u0301ni\u0301\u201c<\/li>\n<\/ul>\n<\/div>\n<div class=\"column\">\n<div class=\"page\" title=\"Page 13\">\n<div class=\"layoutArea\">\n<div class=\"column\">\n<p><strong>Pr\u030ceslic\u030cka podporuje:<\/strong><\/p>\n<ul>\n<li style=\"list-style-type: none;\">\n<ul>\n<li>\u2013 \u00a0\u201eantioxidant\u201c<\/li>\n<li>\u2013 \u00a0\u201eklouby \u2013 flexibilita\u201c<\/li>\n<li>\u2013 \u00a0\u201enervova\u0301 rovnova\u0301ha \u2013 uklidne\u030cni\u0301 \u2013 relaxace\u201c<\/li>\n<li>\u2013 \u00a0\u201enorma\u0301lni\u0301 funkce prostaty\u201c<\/li>\n<li>\u2013 \u00a0\u201enorma\u0301lni\u0301 funkce moc\u030covy\u0301ch cest a ledvin\u201c<\/li>\n<li>\u2013 \u00a0\u201enorma\u0301lni\u0301 c\u030cinnost jater \u2013 cholera\u0301za \u2013 proc\u030cis\u030cte\u030cni\u0301\u201c<\/li>\n<li>\u2013 \u00a0\u201enorma\u0301lni\u0301 stav pokoz\u030cky, vlasu\u030a a nehtu\u030a\u201c<\/li>\n<li>\u2013 \u00a0\u201enorma\u0301lni\u0301 stav kosti\u0301 a kloubu\u030a\u201c<\/li>\n<li>\u2013 \u00a0\u201eosve\u030cz\u030ceni\u0301 te\u030cla, zdrave\u0301 dy\u0301cha\u0301ni\u0301, odolnost\u201c<\/li>\n<li>\u2013 \u00a0\u201er\u030cede\u030cni\u0301\u201c<\/li>\n<li>\u2013 \u00a0\u201evyluc\u030cova\u0301ni\u0301\u201c<\/li>\n<li>\u2013 \u00a0\u201enorma\u0301lni\u0301 c\u030cinnost kardiovaskula\u0301rni\u0301ho syste\u0301mu \u2013 pruz\u030cnost\u201c<\/li>\n<\/ul>\n<\/li>\n<\/ul>\n<div class=\"page\" title=\"Page 14\">\n<div class=\"layoutArea\">\n<div class=\"column\">\n<div class=\"page\" title=\"Page 14\">\n<div class=\"layoutArea\">\n<div class=\"column\"><strong>Betaglukany: \u201e<\/strong>\u03b2-glukany pr\u030cispi\u0301vaji\u0301 k udrz\u030ceni\u0301 norma\u0301lni\u0301 hladiny cholesterolu v krvi\u201c.<\/div>\n<\/div>\n<\/div>\n<\/div>\n<\/div>\n<\/div>\n<\/div>\n<\/div>\n<\/div>\n<\/div>\n<\/div>\n<\/div>\n<p>&nbsp;<\/p>\n<h5><strong>SKLADOV\u00c1N\u00cd <\/strong><strong>(pro dopln\u011bk stravy PROSTATOOL):<\/strong><\/h5>\n<p>Uchov\u00e1vejte v suchu p\u0159i pokojov\u00e9 teplot\u011b. Chra\u0148te p\u0159ed mrazem. Nevystavujte p\u0159\u00edm\u00e9mu slune\u010dn\u00edmu z\u00e1\u0159en\u00ed. Skladujte mimo dosah d\u011bt\u00ed.<\/p>\n<h5><\/h5>\n<h5><strong>UPOZORN\u011aN\u00cd (pro dopln\u011bk stravy PROSTATOOL):<\/strong><\/h5>\n<p>Pokud jste t\u011bhotn\u00e1, koj\u00edte nebo u\u017e\u00edv\u00e1te l\u00e9ky, pora\u010fte se o u\u017e\u00edv\u00e1n\u00ed se sv\u00fdm l\u00e9ka\u0159em. Nepou\u017e\u00edvejte p\u0159i zn\u00e1m\u00e9 p\u0159ecitliv\u011blosti na n\u011bkterou slo\u017eku p\u0159\u00edpravku.<\/p>\n","protected":false},"excerpt":{"rendered":"<h2>Targeted prostate support for long-term comfort and security<\/h2>\n<p>PROSTATOOL is <strong>natural prostate support<\/strong>. It is a targeted combination of plant extracts designed for men who want to take control of their health in the long term. It supports<strong> normal function of the prostate and urinary tract<\/strong> and helps maintain everyday comfort without restrictions. It is suitable as part of preventive care, especially with increasing age or with increased physical and mental stress. An important support where performance, comfort and safety matter. <strong>Ideal for men over 40.<\/strong><\/p>","protected":false},"featured_media":6072,"comment_status":"open","ping_status":"closed","template":"","meta":[],"product_brand":[58],"product_cat":[286,80,81,32],"product_tag":[],"class_list":{"0":"post-5983","1":"product","2":"type-product","3":"status-publish","4":"has-post-thumbnail","6":"product_brand-for-a-long-life","7":"product_cat-bestsellers","8":"product_cat-prevence","9":"product_cat-regenerace","10":"product_cat-zdravi-muze","12":"first","13":"instock","14":"taxable","15":"shipping-taxable","16":"purchasable","17":"product-type-simple"},"_links":{"self":[{"href":"https:\/\/www.linie4life.com\/eu\/wp-json\/wp\/v2\/product\/5983","targetHints":{"allow":["GET"]}}],"collection":[{"href":"https:\/\/www.linie4life.com\/eu\/wp-json\/wp\/v2\/product"}],"about":[{"href":"https:\/\/www.linie4life.com\/eu\/wp-json\/wp\/v2\/types\/product"}],"replies":[{"embeddable":true,"href":"https:\/\/www.linie4life.com\/eu\/wp-json\/wp\/v2\/comments?post=5983"}],"version-history":[{"count":10,"href":"https:\/\/www.linie4life.com\/eu\/wp-json\/wp\/v2\/product\/5983\/revisions"}],"predecessor-version":[{"id":17447,"href":"https:\/\/www.linie4life.com\/eu\/wp-json\/wp\/v2\/product\/5983\/revisions\/17447"}],"wp:featuredmedia":[{"embeddable":true,"href":"https:\/\/www.linie4life.com\/eu\/wp-json\/wp\/v2\/media\/6072"}],"wp:attachment":[{"href":"https:\/\/www.linie4life.com\/eu\/wp-json\/wp\/v2\/media?parent=5983"}],"wp:term":[{"taxonomy":"product_brand","embeddable":true,"href":"https:\/\/www.linie4life.com\/eu\/wp-json\/wp\/v2\/product_brand?post=5983"},{"taxonomy":"product_cat","embeddable":true,"href":"https:\/\/www.linie4life.com\/eu\/wp-json\/wp\/v2\/product_cat?post=5983"},{"taxonomy":"product_tag","embeddable":true,"href":"https:\/\/www.linie4life.com\/eu\/wp-json\/wp\/v2\/product_tag?post=5983"}],"curies":[{"name":"wp","href":"https:\/\/api.w.org\/{rel}","templated":true}]}}