{"id":13,"date":"2025-02-27T10:28:11","date_gmt":"2025-02-27T09:28:11","guid":{"rendered":"https:\/\/www.linie4life.com\/muj-ucet\/"},"modified":"2025-05-05T09:27:37","modified_gmt":"2025-05-05T07:27:37","slug":"mon-compte-2","status":"publish","type":"page","link":"https:\/\/www.linie4life.com\/fr\/muj-ucet\/","title":{"rendered":"Mon compte"},"content":{"rendered":"<div data-elementor-type=\"wp-page\" data-elementor-id=\"13\" class=\"elementor elementor-13\" data-elementor-post-type=\"page\">\n\t\t\t\t<div class=\"elementor-element elementor-element-c2087cd e-flex e-con-boxed e-con e-parent\" data-id=\"c2087cd\" data-element_type=\"container\" data-e-type=\"container\">\n\t\t\t\t\t<div class=\"e-con-inner\">\n\t\t\t\t<div class=\"elementor-element elementor-element-bfda464 elementor-widget elementor-widget-heading\" data-id=\"bfda464\" data-element_type=\"widget\" data-e-type=\"widget\" data-widget_type=\"heading.default\">\n\t\t\t\t\t<h2 class=\"elementor-heading-title elementor-size-default\">Profil<\/h2>\t\t\t\t<\/div>\n\t\t\t\t<div class=\"elementor-element elementor-element-18c3cc2 e-my-account-tabs-vertical elementor-widget elementor-widget-woocommerce-my-account\" data-id=\"18c3cc2\" data-element_type=\"widget\" data-e-type=\"widget\" data-widget_type=\"woocommerce-my-account.default\">\n\t\t\t\t\t<div class=\"e-my-account-tab e-my-account-tab__\">\t\t\t<div class=\"woocommerce\"><\/div>\t\t<\/div>\n\t\t\t\t\t\t<\/div>\n\t\t\t\t\t<\/div>\n\t\t\t\t<\/div>\n\t\t\t\t<\/div>","protected":false},"excerpt":{"rendered":"<p>Profil N\u00e1st\u011bnka Objedn\u00e1vky Ke sta\u017een\u00ed Adresa Zp\u016fsoby platby Detaily \u00fa\u010dtu Odhl\u00e1sit Dobr\u00fd den, Anna Fink (nejste Anna Fink? Odhl\u00e1sit se) Na n\u00e1st\u011bnce sv\u00e9ho u\u017eivatelsk\u00e9ho \u00fa\u010dtu si m\u016f\u017eete prohl\u00e9dnout sv\u00e9 ned\u00e1vn\u00e9 objedn\u00e1vky, upravit faktura\u010dn\u00ed a doru\u010dovac\u00ed adresy a zm\u011bnit sv\u00e9 heslo a osobn\u00ed informace.<\/p>","protected":false},"author":1,"featured_media":0,"parent":0,"menu_order":0,"comment_status":"closed","ping_status":"closed","template":"elementor_header_footer","meta":{"footnotes":""},"class_list":["post-13","page","type-page","status-publish","hentry"],"_links":{"self":[{"href":"https:\/\/www.linie4life.com\/fr\/wp-json\/wp\/v2\/pages\/13","targetHints":{"allow":["GET"]}}],"collection":[{"href":"https:\/\/www.linie4life.com\/fr\/wp-json\/wp\/v2\/pages"}],"about":[{"href":"https:\/\/www.linie4life.com\/fr\/wp-json\/wp\/v2\/types\/page"}],"author":[{"embeddable":true,"href":"https:\/\/www.linie4life.com\/fr\/wp-json\/wp\/v2\/users\/1"}],"replies":[{"embeddable":true,"href":"https:\/\/www.linie4life.com\/fr\/wp-json\/wp\/v2\/comments?post=13"}],"version-history":[{"count":5,"href":"https:\/\/www.linie4life.com\/fr\/wp-json\/wp\/v2\/pages\/13\/revisions"}],"predecessor-version":[{"id":7017,"href":"https:\/\/www.linie4life.com\/fr\/wp-json\/wp\/v2\/pages\/13\/revisions\/7017"}],"wp:attachment":[{"href":"https:\/\/www.linie4life.com\/fr\/wp-json\/wp\/v2\/media?parent=13"}],"curies":[{"name":"wp","href":"https:\/\/api.w.org\/{rel}","templated":true}]}}