{"id":34,"date":"2025-03-04T11:15:58","date_gmt":"2025-03-04T10:15:58","guid":{"rendered":"https:\/\/www.linie4life.com\/ochrana-osobnich-udaju\/"},"modified":"2025-05-26T13:05:45","modified_gmt":"2025-05-26T11:05:45","slug":"protection-des-donnees-personnelles","status":"publish","type":"page","link":"https:\/\/www.linie4life.com\/fr\/ochrana-osobnich-udaju\/","title":{"rendered":"Protection des donn\u00e9es personnelles"},"content":{"rendered":"<div data-elementor-type=\"wp-page\" data-elementor-id=\"34\" class=\"elementor elementor-34\" data-elementor-post-type=\"page\">\n\t\t\t\t<div class=\"elementor-element elementor-element-4e0a76c e-flex e-con-boxed e-con e-parent\" data-id=\"4e0a76c\" data-element_type=\"container\" data-e-type=\"container\">\n\t\t\t\t\t<div class=\"e-con-inner\">\n\t\t\t\t<div class=\"elementor-element elementor-element-10fa37b elementor-widget elementor-widget-heading\" data-id=\"10fa37b\" data-element_type=\"widget\" data-e-type=\"widget\" data-widget_type=\"heading.default\">\n\t\t\t\t\t<h1 class=\"elementor-heading-title elementor-size-default\">Protection des donn\u00e9es personnelles<\/h1>\t\t\t\t<\/div>\n\t\t\t\t<div class=\"elementor-element elementor-element-2d247ee elementor-widget elementor-widget-text-editor\" data-id=\"2d247ee\" data-element_type=\"widget\" data-e-type=\"widget\" data-widget_type=\"text-editor.default\">\n\t\t\t\t\t\t\t\t\t<h2><strong>I. Dispositions fondamentales<\/strong><\/h2><ol><li><strong>Responsable du traitement des donn\u00e9es personnelles<\/strong> Conform\u00e9ment \u00e0 l\u2019article 4(7) du r\u00e8glement (UE) 2016\/679 du Parlement europ\u00e9en et du Conseil (RGPD), <strong>NATUREPRODUCTSCLINIC LTD<\/strong> (Num\u00e9ro d&#039;entreprise 11332850), dont le si\u00e8ge social <strong>Unit\u00e9 Q, 35 Astbury Road, Londres, Angleterre, SE15 2NL<\/strong> (ci-apr\u00e8s d\u00e9nomm\u00e9 \u00ab l&#039;administrateur \u00bb).<\/li><li><strong>Coordonn\u00e9es de l&#039;administrateur :<\/strong><ul><li><strong>Adresse:<\/strong> Unit\u00e9 Q, 35 Astbury Road, Londres, Angleterre, SE15 2NL<\/li><li><strong>E-mail:<\/strong> <span style=\"text-decoration: underline;\"><a href=\"mailto:info@linie4life.com\">info@linie4life.com<\/a><\/span><\/li><\/ul><\/li><li><strong>Donn\u00e9es personnelles<\/strong> d\u00e9signe toute information concernant une personne physique identifi\u00e9e ou identifiable.<\/li><\/ol><h2><strong><br \/>II. Sources et cat\u00e9gories de donn\u00e9es personnelles trait\u00e9es<\/strong><\/h2><ol><li>L&#039;administrateur traite les donn\u00e9es personnelles que vous lui avez fournies ou que l&#039;administrateur a obtenues sur la base de l&#039;ex\u00e9cution de votre commande.<\/li><li>Les donn\u00e9es d\u2019identification et de contact n\u00e9cessaires \u00e0 l\u2019ex\u00e9cution du contrat sont trait\u00e9es.<\/li><\/ol><h2><strong>III. Base juridique et finalit\u00e9 du traitement des donn\u00e9es personnelles<\/strong><\/h2><ol><li><strong>La raison l\u00e9gale du traitement des donn\u00e9es personnelles est :<\/strong><ul><li>L&#039;int\u00e9r\u00eat l\u00e9gitime du responsable du traitement \u00e0 fournir du marketing direct (<strong>Article 6(1)(f) RGPD<\/strong>)<\/li><li>Votre consentement au traitement \u00e0 des fins de marketing (<strong>Article 6(1)(a) du RGPD<\/strong>)<\/li><\/ul><\/li><li><strong>Finalit\u00e9 du traitement des donn\u00e9es personnelles :<\/strong><ul><li>Traitement des commandes et ex\u00e9cution des contrats<\/li><li>Envoi de communications commerciales et d&#039;offres marketing<\/li><\/ul><\/li><li>L&#039;administrateur ne proc\u00e8de pas \u00e0 une prise de d\u00e9cision automatis\u00e9e au sens de l&#039;article 22 du RGPD.<\/li><\/ol><h2><strong>IV. Dur\u00e9e de conservation des donn\u00e9es personnelles<\/strong><\/h2><ol><li><strong>Les donn\u00e9es personnelles sont stock\u00e9es :<\/strong><ul><li>Pendant toute la dur\u00e9e de la relation contractuelle et ult\u00e9rieurement <strong>15 ans<\/strong>.<\/li><li>Pendant la dur\u00e9e du consentement \u00e0 des fins de marketing, pas plus de <strong>15 ans<\/strong>.<\/li><\/ul><\/li><li>Une fois la p\u00e9riode de conservation expir\u00e9e, les donn\u00e9es seront supprim\u00e9es.<\/li><\/ol><h2><strong>V. Destinataires des donn\u00e9es personnelles<\/strong><\/h2><ol><li>Les donn\u00e9es personnelles peuvent \u00eatre divulgu\u00e9es :<ul><li>Personnes impliqu\u00e9es dans la livraison de biens\/services<\/li><li>Prestataires de services marketing<\/li><\/ul><\/li><li>L&#039;administrateur n&#039;a pas l&#039;intention de transf\u00e9rer des donn\u00e9es personnelles en dehors de l&#039;UE.<\/li><\/ol><h2><strong>VI. Vos droits<\/strong><\/h2><ol><li>Conform\u00e9ment au RGPD, vous avez le droit de :<ul><li>Pour acc\u00e9der aux donn\u00e9es personnelles (<strong>Article 15 du RGPD<\/strong>)<\/li><li>Pour corriger les donn\u00e9es personnelles (<strong>Article 16 du RGPD<\/strong>)<\/li><li>Pour supprimer les donn\u00e9es personnelles (<strong>Article 17 du RGPD<\/strong>)<\/li><li>Pour restreindre le traitement (<strong>Article 18 du RGPD<\/strong>)<\/li><li>Sur la portabilit\u00e9 des donn\u00e9es (<strong>Article 20 du RGPD<\/strong>)<\/li><li>Opposition au traitement (<strong>Article 21 du RGPD<\/strong>)<\/li><li>Retirer le consentement au traitement<\/li><\/ul><\/li><li>Vous avez le droit de d\u00e9poser une plainte aupr\u00e8s de <strong>Autorit\u00e9 de protection des donn\u00e9es personnelles<\/strong>.<\/li><\/ol><h2><strong>VII. S\u00e9curit\u00e9 des donn\u00e9es personnelles<\/strong><\/h2><ol><li>L&#039;administrateur a pris des mesures techniques et organisationnelles pour s\u00e9curiser les donn\u00e9es personnelles.<\/li><li>Les donn\u00e9es personnelles sont prot\u00e9g\u00e9es contre tout acc\u00e8s non autoris\u00e9.<\/li><\/ol><h2><strong>VIII. Dispositions finales<\/strong><\/h2><ol><li>Vous confirmez votre accord avec les termes et conditions en cochant la case de consentement sur le site Web.<\/li><li>L&#039;administrateur est autoris\u00e9 \u00e0 modifier ces termes et conditions ; la nouvelle version sera publi\u00e9e sur le site Web.<\/li><\/ol><h3><strong>Ces termes et conditions entrent en vigueur le 23 novembre 2023.<\/strong><\/h3>\t\t\t\t\t\t\t\t<\/div>\n\t\t\t\t\t<\/div>\n\t\t\t\t<\/div>\n\t\t\t\t<\/div>","protected":false},"excerpt":{"rendered":"<p>Ochrana osobn\u00edch \u00fadaj\u016f I. Z\u00e1kladn\u00ed ustanoven\u00ed Spr\u00e1vcem osobn\u00edch \u00fadaj\u016f podle \u010dl. 4 bod 7 na\u0159\u00edzen\u00ed Evropsk\u00e9ho parlamentu a Rady (EU) 2016\/679 (GDPR) je NATUREPRODUCTSCLINIC LTD (Company number 11332850), se s\u00eddlem Unit Q, 35 Astbury Road, London, England, SE15 2NL (d\u00e1le jen &#8222;spr\u00e1vce&#8220;). Kontaktn\u00ed \u00fadaje spr\u00e1vce: Adresa: Unit Q, 35 Astbury Road, London, England, SE15 2NL [&hellip;]<\/p>\n","protected":false},"author":2,"featured_media":0,"parent":0,"menu_order":7,"comment_status":"closed","ping_status":"closed","template":"elementor_header_footer","meta":{"footnotes":""},"class_list":["post-34","page","type-page","status-publish","hentry"],"_links":{"self":[{"href":"https:\/\/www.linie4life.com\/fr\/wp-json\/wp\/v2\/pages\/34","targetHints":{"allow":["GET"]}}],"collection":[{"href":"https:\/\/www.linie4life.com\/fr\/wp-json\/wp\/v2\/pages"}],"about":[{"href":"https:\/\/www.linie4life.com\/fr\/wp-json\/wp\/v2\/types\/page"}],"author":[{"embeddable":true,"href":"https:\/\/www.linie4life.com\/fr\/wp-json\/wp\/v2\/users\/2"}],"replies":[{"embeddable":true,"href":"https:\/\/www.linie4life.com\/fr\/wp-json\/wp\/v2\/comments?post=34"}],"version-history":[{"count":5,"href":"https:\/\/www.linie4life.com\/fr\/wp-json\/wp\/v2\/pages\/34\/revisions"}],"predecessor-version":[{"id":7361,"href":"https:\/\/www.linie4life.com\/fr\/wp-json\/wp\/v2\/pages\/34\/revisions\/7361"}],"wp:attachment":[{"href":"https:\/\/www.linie4life.com\/fr\/wp-json\/wp\/v2\/media?parent=34"}],"curies":[{"name":"wp","href":"https:\/\/api.w.org\/{rel}","templated":true}]}}