{"id":7843,"date":"2025-06-05T14:01:53","date_gmt":"2025-06-05T12:01:53","guid":{"rendered":"https:\/\/www.linie4life.com\/zasady-cookies-eu\/"},"modified":"2026-02-16T03:21:59","modified_gmt":"2026-02-16T02:21:59","slug":"politique-de-lue-en-matiere-de-cookies","status":"publish","type":"page","link":"https:\/\/www.linie4life.com\/fr\/zasady-cookies-eu\/","title":{"rendered":"Politique relative aux cookies (UE)"},"content":{"rendered":"<div data-elementor-type=\"wp-page\" data-elementor-id=\"7843\" class=\"elementor elementor-7843\" data-elementor-post-type=\"page\">\n\t\t\t\t<div class=\"elementor-element elementor-element-b6e1274 e-flex e-con-boxed e-con e-parent\" data-id=\"b6e1274\" data-element_type=\"container\" data-e-type=\"container\">\n\t\t\t\t\t<div class=\"e-con-inner\">\n\t\t<div class=\"elementor-element elementor-element-64d49fd e-con-full e-flex e-con e-child\" data-id=\"64d49fd\" data-element_type=\"container\" data-e-type=\"container\">\n\t\t\t\t<div class=\"elementor-element elementor-element-e3751eb elementor-widget elementor-widget-text-editor\" data-id=\"e3751eb\" data-element_type=\"widget\" data-e-type=\"widget\" data-widget_type=\"text-editor.default\">\n\t\t\t\t\t\t\t\t\t<h1><strong>Politique relative aux cookies<\/strong><\/h1><p><strong>Date d&#039;entr\u00e9e en vigueur :<\/strong> 2 f\u00e9vrier 2026<br \/><strong>Derni\u00e8re mise \u00e0 jour\u00a0:<\/strong> 2 f\u00e9vrier 2026<\/p><p><strong>\u00a0<\/strong><\/p><p><strong>Que sont les cookies ?<\/strong><\/p><p>Cette politique relative aux cookies explique ce que sont les cookies, comment nous les utilisons, quels types de cookies nous utilisons (c\u2019est-\u00e0-dire quelles informations nous collectons par le biais des cookies et comment ces informations sont utilis\u00e9es) et comment vous pouvez g\u00e9rer vos param\u00e8tres de cookies.<\/p><p>Les cookies sont de petits fichiers texte enregistr\u00e9s sur votre appareil lorsque vous consultez un site web. Ils contribuent au bon fonctionnement du site, renforcent sa s\u00e9curit\u00e9, am\u00e9liorent votre exp\u00e9rience utilisateur et nous permettent d&#039;analyser ses performances afin d&#039;identifier ses points forts et ses axes d&#039;am\u00e9lioration.<\/p><p><strong>\u00a0<\/strong><\/p><p><strong>Comment utilisons-nous les cookies ?<\/strong><\/p><p>Comme la plupart des services en ligne, notre site web utilise des cookies internes et tiers \u00e0 diverses fins.<\/p><p>Les cookies internes sont n\u00e9cessaires au bon fonctionnement du site web et ne collectent aucune information permettant d&#039;identifier une personne.<\/p><p>Les cookies tiers nous aident notamment\u00a0:<\/p><ul><li>analyser le fonctionnement du site web,<\/li><li>surveiller les interactions des utilisateurs avec le site web,<\/li><li>assurer la s\u00e9curit\u00e9 de nos services,<\/li><li>afficher des publicit\u00e9s pertinentes,<\/li><li>am\u00e9liorer le confort des utilisateurs et la rapidit\u00e9 des visites futures.<\/li><\/ul><p>\u00a0<\/p><p><strong>Types de cookies que nous utilisons<\/strong><\/p><p><strong>Cookies n\u00e9cessaires<\/strong><\/p><p>Ces cookies sont indispensables au bon fonctionnement du site web. Sans eux, le site ne fonctionnerait pas correctement. Ils ne stockent aucune information permettant de vous identifier personnellement.<\/p><table><thead><tr><td><p><strong>Nom<\/strong><\/p><\/td><td><p><strong>Dur\u00e9e<\/strong><\/p><\/td><td><p><strong>Description<\/strong><\/p><\/td><\/tr><\/thead><tbody><tr><td><p>\u00e9l\u00e9mentor<\/p><\/td><td><p>Il n&#039;expire jamais.<\/p><\/td><td><p>Il est utilis\u00e9 par le mod\u00e8le WordPress pour modifier et afficher le contenu du site web.<\/p><\/td><\/tr><tr><td><p>Prise en charge des param\u00e8tres wpEmoji<\/p><\/td><td><p>Session<\/p><\/td><td><p>D\u00e9termine si le navigateur prend en charge l&#039;affichage des \u00e9mojis.<\/p><\/td><\/tr><tr><td><p>cookieoui-consentement<\/p><\/td><td><p>1 an<\/p><\/td><td><p>Il enregistre le consentement de l&#039;utilisateur concernant les cookies afin de respecter ses pr\u00e9f\u00e9rences.<\/p><\/td><\/tr><tr><td><p>M\u00c9TADONN\u00c9ES DE CONFIDENTIALIT\u00c9 DES VISITEURS<\/p><\/td><td><p>6 mois<\/p><\/td><td><p>Enregistre le statut de consentement aux cookies de l&#039;utilisateur pour le domaine actuel (YouTube).<\/p><\/td><\/tr><tr><td><p>PHPSESSID<\/p><\/td><td><p>Session<\/p><\/td><td><p>Stocke un identifiant de session utilisateur unique.<\/p><\/td><\/tr><tr><td><p>__cf_bm<\/p><\/td><td><p>1 heure<\/p><\/td><td><p>Cookie anti-bot Cloudflare.<\/p><\/td><\/tr><tr><td><p>m<\/p><\/td><td><p>1 an, 1 mois et 4 jours<\/p><\/td><td><p>Stripe \u2013 pr\u00e9vention de la fraude et identification des appareils.<\/p><\/td><\/tr><tr><td><p>__stripe_mid<\/p><\/td><td><p>1 an<\/p><\/td><td><p>Stripe \u2013 traitement des paiements.<\/p><\/td><\/tr><tr><td><p>__stripe_sid<\/p><\/td><td><p>1 heure<\/p><\/td><td><p>Stripe \u2013 traitement des paiements.<\/p><\/td><\/tr><tr><td><p>pbid<\/p><\/td><td><p>6 mois<\/p><\/td><td><p>PixelYourSite \u2013 gestion des sessions utilisateur.<\/p><\/td><\/tr><\/tbody><\/table><p><strong>\u00a0<\/strong><\/p><p><strong>Cookies fonctionnels<\/strong><\/p><p>Ces cookies permettent d&#039;activer des fonctionnalit\u00e9s avanc\u00e9es, telles que le partage de contenu sur les r\u00e9seaux sociaux ou la lecture de vid\u00e9os int\u00e9gr\u00e9es.<\/p><table><thead><tr><td><p><strong>Nom<\/strong><\/p><\/td><td><p><strong>Dur\u00e9e<\/strong><\/p><\/td><td><p><strong>Description<\/strong><\/p><\/td><\/tr><\/thead><tbody><tr><td><p>VISITEUR_INFO1_LIVE<\/p><\/td><td><p>6 mois<\/p><\/td><td><p>YouTube \u2013 Mesure de la vitesse de connexion.<\/p><\/td><\/tr><tr><td><p>yt-remote-*<\/p><\/td><td><p>Session \/ permanent<\/p><\/td><td><p>Ils stockent les pr\u00e9f\u00e9rences du lecteur YouTube.<\/p><\/td><\/tr><tr><td><p>ytidb::LAST_RESULT_ENTRY_KEY<\/p><\/td><td><p>Il n&#039;expire jamais.<\/p><\/td><td><p>Enregistre le dernier r\u00e9sultat de recherche YouTube cliqu\u00e9.<\/p><\/td><\/tr><\/tbody><\/table><p><strong>\u00a0<\/strong><\/p><p><strong>Cookies analytiques<\/strong><\/p><p>Elles servent \u00e0 comprendre comment les visiteurs utilisent le site web. Elles permettent de suivre le nombre de visiteurs, le taux de rebond, la source du trafic et d&#039;autres statistiques.<\/p><table><thead><tr><td><p><strong>Nom<\/strong><\/p><\/td><td><p><strong>Dur\u00e9e<\/strong><\/p><\/td><td><p><strong>Description<\/strong><\/p><\/td><\/tr><\/thead><tbody><tr><td><p>sbjs_*<\/p><\/td><td><p>Session<\/p><\/td><td><p>Identification de la source de la visite (Sourcebuster).<\/p><\/td><\/tr><tr><td><p>_G\u00e9orgie, <em>G\u00e9orgie<\/em>*<\/p><\/td><td><p>1 an, 1 mois et 4 jours<\/p><\/td><td><p>Google Analytics \u2013 statistiques de trafic anonymes.<\/p><\/td><\/tr><tr><td><p>_clic<\/p><\/td><td><p>1 an<\/p><\/td><td><p>Microsoft Clarity \u2013 Conservation des identifiants utilisateur.<\/p><\/td><\/tr><tr><td><p>_clsk<\/p><\/td><td><p>1 jour<\/p><\/td><td><p>Microsoft Clarity \u2013 enregistrement de session.<\/p><\/td><\/tr><tr><td><p>YSC<\/p><\/td><td><p>Session<\/p><\/td><td><p>YouTube \u2013 Suivi des vues des vid\u00e9os.<\/p><\/td><\/tr><tr><td><p>l\u00e8vre_*<\/p><\/td><td><p>Session \/ 7 jours<\/p><\/td><td><p>PixelYourSite \u2013 services d&#039;analyse.<\/p><\/td><\/tr><\/tbody><\/table><p><strong>\u00a0<\/strong><\/p><p><strong>Cookies publicitaires<\/strong><\/p><p>Ils servent \u00e0 afficher des publicit\u00e9s personnalis\u00e9es et \u00e0 mesurer l&#039;efficacit\u00e9 des campagnes publicitaires.<\/p><table><thead><tr><td><p><strong>Nom<\/strong><\/p><\/td><td><p><strong>Dur\u00e9e<\/strong><\/p><\/td><td><p><strong>Description<\/strong><\/p><\/td><\/tr><\/thead><tbody><tr><td><p>yt.innertube::*<\/p><\/td><td><p>Il n&#039;expire jamais.<\/p><\/td><td><p>YouTube \u2013 conservation de l&#039;historique de visionnage des vid\u00e9os.<\/p><\/td><\/tr><tr><td><p>_fbp<\/p><\/td><td><p>7 jours<\/p><\/td><td><p>Facebook \u2013 affichage de publicit\u00e9s personnalis\u00e9es.<\/p><\/td><\/tr><tr><td><p>_gcl_au<\/p><\/td><td><p>3 mois<\/p><\/td><td><p>Google Tag Manager \u2013 tester l&#039;efficacit\u00e9 des publicit\u00e9s.<\/p><\/td><\/tr><tr><td><p>test_cookie<\/p><\/td><td><p>15 minutes<\/p><\/td><td><p>V\u00e9rification de la prise en charge des cookies.<\/p><\/td><\/tr><tr><td><p>IDE<\/p><\/td><td><p>1 an 24 jours<\/p><\/td><td><p>Google DoubleClick - publicit\u00e9 personnalis\u00e9e.<\/p><\/td><\/tr><tr><td><p>NID<\/p><\/td><td><p>6 mois<\/p><\/td><td><p>Google \u2013 \u00e0 des fins publicitaires.<\/p><\/td><\/tr><\/tbody><\/table><p><strong>\u00a0<\/strong><\/p><p><strong>Cookies non cat\u00e9goris\u00e9s<\/strong><\/p><p>Ces cookies sont actuellement en cours d&#039;analyse et n&#039;ont pas encore \u00e9t\u00e9 class\u00e9s dans une cat\u00e9gorie sp\u00e9cifique.<\/p><table><thead><tr><td><p><strong>Nom<\/strong><\/p><\/td><td><p><strong>Dur\u00e9e<\/strong><\/p><\/td><td><p><strong>Description<\/strong><\/p><\/td><\/tr><\/thead><tbody><tr><td><p>__Jeton de d\u00e9ploiement s\u00e9curis\u00e9<\/p><\/td><td><p>6 mois<\/p><\/td><td><p>Gestion des tests de fonctionnalit\u00e9s (YouTube).<\/p><\/td><\/tr><tr><td><p>__S\u00e9curis\u00e9-YEC<\/p><\/td><td><p>\u2014<\/p><\/td><td><p>Description non disponible pour le moment.<\/p><\/td><\/tr><tr><td><p>__Secure-YNID<\/p><\/td><td><p>6 mois<\/p><\/td><td><p>Protection de la s\u00e9curit\u00e9 des utilisateurs (Google).<\/p><\/td><\/tr><tr><td><p>pys_consent<\/p><\/td><td><p>1 an<\/p><\/td><td><p>Gestion du consentement (PixelYourSite).<\/p><\/td><\/tr><tr><td><p>wmc_currency<\/p><\/td><td><p>1 mois<\/p><\/td><td><p>Enregistre la devise pr\u00e9f\u00e9r\u00e9e de l&#039;utilisateur.<\/p><\/td><\/tr><\/tbody><\/table><p><strong>\u00a0<\/strong><\/p><p><strong>Gestion des param\u00e8tres des cookies<\/strong><\/p><p>Vous pouvez modifier vos pr\u00e9f\u00e9rences relatives aux cookies \u00e0 tout moment en cliquant sur le bouton \u201e\u00a0Pr\u00e9f\u00e9rences de consentement\u00a0\u201c. La fen\u00eatre de gestion du consentement s\u2019ouvrira alors et vous pourrez modifier vos param\u00e8tres ou retirer votre consentement.<\/p><p>De nombreux navigateurs internet permettent de bloquer et de supprimer les cookies. Vous pouvez modifier ces param\u00e8tres directement dans votre navigateur. Vous trouverez les instructions ici\u00a0:<\/p><ul><li><strong>Google Chrome :<\/strong> <a href=\"https:\/\/support.google.com\/accounts\/answer\/32050\" target=\"_blank\" rel=\"noopener\">https:\/\/support.google.com\/accounts\/answer\/32050<\/a><\/li><li><strong>Safari:<\/strong> <a href=\"https:\/\/support.apple.com\/en-in\/guide\/safari\/sfri11471\/mac\" target=\"_blank\" rel=\"noopener\">https:\/\/support.apple.com\/en-in\/guide\/safari\/sfri11471\/mac<\/a><\/li><li><strong>Mozilla Firefox\u00a0:<\/strong> <a href=\"https:\/\/support.mozilla.org\/en-US\/kb\/clear-cookies-and-site-data-firefox\" target=\"_blank\" rel=\"noopener\">https:\/\/support.mozilla.org\/en-US\/kb\/clear-cookies-and-site-data-firefox<\/a><\/li><li><strong>Internet Explorer\u00a0:<\/strong> <a href=\"https:\/\/support.microsoft.com\/en-us\/topic\/how-to-delete-cookie-files-in-internet-explorer-bca9446f-d873-78de-77ba-d42645fa52fc\" target=\"_blank\" rel=\"noopener\">https:\/\/support.microsoft.com\/en-us\/topic\/how-to-delete-cookie-files-in-internet-explorer-bca9446f-d873-78de-77ba-d42645fa52fc<\/a><\/li><\/ul><p>Si vous utilisez un autre navigateur, veuillez suivre la documentation officielle de ce navigateur.<\/p><p><em>\u00a0<\/em><\/p><p><em>Cette politique relative aux cookies a \u00e9t\u00e9 cr\u00e9\u00e9e \u00e0 l&#039;aide de l&#039;outil CookieYes \u2013 G\u00e9n\u00e9rateur de politiques de cookies.<\/em><\/p>\t\t\t\t\t\t\t\t<\/div>\n\t\t\t\t<\/div>\n\t\t\t\t\t<\/div>\n\t\t\t\t<\/div>\n\t\t\t\t<\/div>","protected":false},"excerpt":{"rendered":"<p>Z\u00e1sady pou\u017e\u00edv\u00e1n\u00ed soubor\u016f cookies Datum \u00fa\u010dinnosti: 2. \u00fanora 2026Posledn\u00ed aktualizace: 2. \u00fanora 2026 \u00a0 Co jsou soubory cookies? Tyto Z\u00e1sady pou\u017e\u00edv\u00e1n\u00ed soubor\u016f cookies vysv\u011btluj\u00ed, co jsou cookies, jak je pou\u017e\u00edv\u00e1me, jak\u00e9 typy cookies vyu\u017e\u00edv\u00e1me (tj. jak\u00e9 informace prost\u0159ednictv\u00edm cookies shroma\u017e\u010fujeme a jak jsou tyto informace vyu\u017e\u00edv\u00e1ny) a jak m\u016f\u017eete spravovat sv\u00e9 nastaven\u00ed cookies. Cookies jsou [&hellip;]<\/p>\n","protected":false},"author":1,"featured_media":0,"parent":0,"menu_order":0,"comment_status":"closed","ping_status":"closed","template":"elementor_header_footer","meta":{"footnotes":""},"class_list":["post-7843","page","type-page","status-publish","hentry"],"_links":{"self":[{"href":"https:\/\/www.linie4life.com\/fr\/wp-json\/wp\/v2\/pages\/7843","targetHints":{"allow":["GET"]}}],"collection":[{"href":"https:\/\/www.linie4life.com\/fr\/wp-json\/wp\/v2\/pages"}],"about":[{"href":"https:\/\/www.linie4life.com\/fr\/wp-json\/wp\/v2\/types\/page"}],"author":[{"embeddable":true,"href":"https:\/\/www.linie4life.com\/fr\/wp-json\/wp\/v2\/users\/1"}],"replies":[{"embeddable":true,"href":"https:\/\/www.linie4life.com\/fr\/wp-json\/wp\/v2\/comments?post=7843"}],"version-history":[{"count":6,"href":"https:\/\/www.linie4life.com\/fr\/wp-json\/wp\/v2\/pages\/7843\/revisions"}],"predecessor-version":[{"id":17070,"href":"https:\/\/www.linie4life.com\/fr\/wp-json\/wp\/v2\/pages\/7843\/revisions\/17070"}],"wp:attachment":[{"href":"https:\/\/www.linie4life.com\/fr\/wp-json\/wp\/v2\/media?parent=7843"}],"curies":[{"name":"wp","href":"https:\/\/api.w.org\/{rel}","templated":true}]}}