{"id":34,"date":"2025-03-04T11:15:58","date_gmt":"2025-03-04T10:15:58","guid":{"rendered":"https:\/\/www.linie4life.com\/ochrana-osobnich-udaju\/"},"modified":"2025-05-26T13:05:45","modified_gmt":"2025-05-26T11:05:45","slug":"szemelyes-adatvedelem","status":"publish","type":"page","link":"https:\/\/www.linie4life.com\/hu\/ochrana-osobnich-udaju\/","title":{"rendered":"Szem\u00e9lyes adatok v\u00e9delme"},"content":{"rendered":"<div data-elementor-type=\"wp-page\" data-elementor-id=\"34\" class=\"elementor elementor-34\" data-elementor-post-type=\"page\">\n\t\t\t\t<div class=\"elementor-element elementor-element-4e0a76c e-flex e-con-boxed e-con e-parent\" data-id=\"4e0a76c\" data-element_type=\"container\" data-e-type=\"container\">\n\t\t\t\t\t<div class=\"e-con-inner\">\n\t\t\t\t<div class=\"elementor-element elementor-element-10fa37b elementor-widget elementor-widget-heading\" data-id=\"10fa37b\" data-element_type=\"widget\" data-e-type=\"widget\" data-widget_type=\"heading.default\">\n\t\t\t\t\t<h1 class=\"elementor-heading-title elementor-size-default\">Szem\u00e9lyes adatok v\u00e9delme<\/h1>\t\t\t\t<\/div>\n\t\t\t\t<div class=\"elementor-element elementor-element-2d247ee elementor-widget elementor-widget-text-editor\" data-id=\"2d247ee\" data-element_type=\"widget\" data-e-type=\"widget\" data-widget_type=\"text-editor.default\">\n\t\t\t\t\t\t\t\t\t<h2><strong>I. Alapvet\u0151 rendelkez\u00e9sek<\/strong><\/h2><ol><li><strong>Szem\u00e9lyes adatkezel\u0151<\/strong> Az Eur\u00f3pai Parlament \u00e9s a Tan\u00e1cs (EU) 2016\/679 rendelet\u00e9nek (GDPR) 4. cikk\u00e9nek (7) bekezd\u00e9se \u00e9rtelm\u00e9ben <strong>NATUREPRODUCTSCLINIC KFT.<\/strong> (C\u00e9gjegyz\u00e9ksz\u00e1m: 11332850), bejegyzett sz\u00e9khely <strong>Unit Q, 35 Astbury Road, London, Anglia, SE15 2NL<\/strong> (a tov\u00e1bbiakban: \u201ekezel\u0151\u201d).<\/li><li><strong>Adminisztr\u00e1tor el\u00e9rhet\u0151s\u00e9gei:<\/strong><ul><li><strong>C\u00edm:<\/strong> Unit Q, 35 Astbury Road, London, Anglia, SE15 2NL<\/li><li><strong>Email:<\/strong> <span style=\"text-decoration: underline;\"><a href=\"mailto:info@linie4life.com\">info@linie4life.com<\/a><\/span><\/li><\/ul><\/li><li><strong>Szem\u00e9lyes adatok<\/strong> b\u00e1rmely azonos\u00edtott vagy azonos\u00edthat\u00f3 term\u00e9szetes szem\u00e9lyre vonatkoz\u00f3 inform\u00e1ci\u00f3t jelent.<\/li><\/ol><h2><strong><br \/>II. A kezelt szem\u00e9lyes adatok forr\u00e1sai \u00e9s kateg\u00f3ri\u00e1i<\/strong><\/h2><ol><li>Az adatkezel\u0151 azokat a szem\u00e9lyes adatokat kezeli, amelyeket \u00d6n megadott neki, vagy amelyeket az adatkezel\u0151 az \u00d6n megrendel\u00e9s\u00e9nek teljes\u00edt\u00e9se alapj\u00e1n szerzett meg.<\/li><li>A szerz\u0151d\u00e9s teljes\u00edt\u00e9s\u00e9hez sz\u00fcks\u00e9ges azonos\u00edt\u00f3 \u00e9s el\u00e9rhet\u0151s\u00e9gi adatok kezel\u00e9se t\u00f6rt\u00e9nik.<\/li><\/ol><h2><strong>III. A szem\u00e9lyes adatok kezel\u00e9s\u00e9nek jogalapja \u00e9s c\u00e9lja<\/strong><\/h2><ol><li><strong>A szem\u00e9lyes adatok kezel\u00e9s\u00e9nek jogszer\u0171 indoka a k\u00f6vetkez\u0151:<\/strong><ul><li>Az adatkezel\u0151 jogos \u00e9rdeke a k\u00f6zvetlen \u00fczletszerz\u00e9s ny\u00fajt\u00e1s\u00e1ban (<strong>GDPR 6. cikk (1) bekezd\u00e9s f) pont<\/strong>)<\/li><li>Az \u00d6n hozz\u00e1j\u00e1rul\u00e1sa marketing c\u00e9l\u00fa feldolgoz\u00e1shoz (<strong>GDPR 6. cikk (1) bekezd\u00e9s a) pont<\/strong>)<\/li><\/ul><\/li><li><strong>A szem\u00e9lyes adatok kezel\u00e9s\u00e9nek c\u00e9lja:<\/strong><ul><li>Rendel\u00e9sfeldolgoz\u00e1s \u00e9s szerz\u0151d\u00e9steljes\u00edt\u00e9s<\/li><li>Kereskedelmi k\u00f6zlem\u00e9nyek \u00e9s marketingaj\u00e1nlatok k\u00fcld\u00e9se<\/li><\/ul><\/li><li>Az adatkezel\u0151 nem v\u00e9gez automatiz\u00e1lt d\u00f6nt\u00e9shozatalt a GDPR 22. cikke \u00e9rtelm\u00e9ben.<\/li><\/ol><h2><strong>IV. A szem\u00e9lyes adatok meg\u0151rz\u00e9si ideje<\/strong><\/h2><ol><li><strong>A szem\u00e9lyes adatokat a k\u00f6vetkez\u0151 szem\u00e9lyek t\u00e1rolj\u00e1k:<\/strong><ul><li>A szerz\u0151d\u00e9ses jogviszony id\u0151tartama alatt \u00e9s azt k\u00f6vet\u0151en <strong>15 \u00e9v<\/strong>.<\/li><li>A marketing c\u00e9lokra vonatkoz\u00f3 hozz\u00e1j\u00e1rul\u00e1s id\u0151tartama alatt, legfeljebb <strong>15 \u00e9v<\/strong>.<\/li><\/ul><\/li><li>A meg\u0151rz\u00e9si id\u0151szak lej\u00e1rta ut\u00e1n az adatok t\u00f6rl\u00e9sre ker\u00fclnek.<\/li><\/ol><h2><strong>V. Szem\u00e9lyes adatok c\u00edmzettjei<\/strong><\/h2><ol><li>Szem\u00e9lyes adatok nyilv\u00e1noss\u00e1gra hozhat\u00f3k:<ul><li>Az \u00e1ruk\/szolg\u00e1ltat\u00e1sok sz\u00e1ll\u00edt\u00e1s\u00e1ban r\u00e9szt vev\u0151 szem\u00e9lyek<\/li><li>Marketing szolg\u00e1ltat\u00f3k<\/li><\/ul><\/li><li>Az adatkezel\u0151 nem sz\u00e1nd\u00e9kozik szem\u00e9lyes adatokat az EU-n k\u00edv\u00fclre tov\u00e1bb\u00edtani.<\/li><\/ol><h2><strong>VI. Az \u00d6n jogai<\/strong><\/h2><ol><li>A GDPR szerint \u00d6nnek joga van:<ul><li>Szem\u00e9lyes adatokhoz val\u00f3 hozz\u00e1f\u00e9r\u00e9shez (<strong>15. cikk az \u00c1ltal\u00e1nos Adatv\u00e9delmi Rendeletben<\/strong>)<\/li><li>Szem\u00e9lyes adatok jav\u00edt\u00e1sa (<strong>16. cikk az \u00c1ltal\u00e1nos Adatv\u00e9delmi Rendeletben<\/strong>)<\/li><li>Szem\u00e9lyes adatok t\u00f6rl\u00e9s\u00e9hez (<strong>17. cikk az \u00c1ltal\u00e1nos Adatv\u00e9delmi Rendeletben<\/strong>)<\/li><li>A feldolgoz\u00e1s korl\u00e1toz\u00e1sa (<strong>18. cikk az \u00c1ltal\u00e1nos Adatv\u00e9delmi Rendeletben<\/strong>)<\/li><li>Az adathordozhat\u00f3s\u00e1gr\u00f3l (<strong>20. cikk az \u00c1ltal\u00e1nos Adatv\u00e9delmi Rendeletben<\/strong>)<\/li><li>Tiltakoz\u00e1s az adatkezel\u00e9s ellen (<strong>21. cikk az \u00c1ltal\u00e1nos Adatv\u00e9delmi Rendeletben<\/strong>)<\/li><li>Visszavonja a hozz\u00e1j\u00e1rul\u00e1s\u00e1t az adatkezel\u00e9shez<\/li><\/ul><\/li><li>Joga van panaszt beny\u00fajtani a <strong>Szem\u00e9lyes Adatv\u00e9delmi Hat\u00f3s\u00e1g<\/strong>.<\/li><\/ol><h2><strong>VII. Szem\u00e9lyes adatok biztons\u00e1ga<\/strong><\/h2><ol><li>Az adatkezel\u0151 technikai \u00e9s szervez\u00e9si int\u00e9zked\u00e9seket tett a szem\u00e9lyes adatok v\u00e9delme \u00e9rdek\u00e9ben.<\/li><li>A szem\u00e9lyes adatok v\u00e9dve vannak a jogosulatlan hozz\u00e1f\u00e9r\u00e9st\u0151l.<\/li><\/ol><h2><strong>VIII. Z\u00e1r\u00f3 rendelkez\u00e9sek<\/strong><\/h2><ol><li>A weboldalon tal\u00e1lhat\u00f3 hozz\u00e1j\u00e1rul\u00f3 n\u00e9gyzet bejel\u00f6l\u00e9s\u00e9vel meger\u0151s\u00edti, hogy elfogadja a felhaszn\u00e1l\u00e1si felt\u00e9teleket.<\/li><li>Az adminisztr\u00e1tor jogosult ezeket a felt\u00e9teleket m\u00f3dos\u00edtani; az \u00faj verzi\u00f3t a weboldalon k\u00f6zz\u00e9tessz\u00fck.<\/li><\/ol><h3><strong>Ezek a felt\u00e9telek 2023. november 23-\u00e1n l\u00e9pnek hat\u00e1lyba.<\/strong><\/h3>\t\t\t\t\t\t\t\t<\/div>\n\t\t\t\t\t<\/div>\n\t\t\t\t<\/div>\n\t\t\t\t<\/div>","protected":false},"excerpt":{"rendered":"<p>Ochrana osobn\u00edch \u00fadaj\u016f I. Z\u00e1kladn\u00ed ustanoven\u00ed Spr\u00e1vcem osobn\u00edch \u00fadaj\u016f podle \u010dl. 4 bod 7 na\u0159\u00edzen\u00ed Evropsk\u00e9ho parlamentu a Rady (EU) 2016\/679 (GDPR) je NATUREPRODUCTSCLINIC LTD (Company number 11332850), se s\u00eddlem Unit Q, 35 Astbury Road, London, England, SE15 2NL (d\u00e1le jen &#8222;spr\u00e1vce&#8220;). Kontaktn\u00ed \u00fadaje spr\u00e1vce: Adresa: Unit Q, 35 Astbury Road, London, England, SE15 2NL [&hellip;]<\/p>\n","protected":false},"author":2,"featured_media":0,"parent":0,"menu_order":7,"comment_status":"closed","ping_status":"closed","template":"elementor_header_footer","meta":{"footnotes":""},"class_list":["post-34","page","type-page","status-publish","hentry"],"_links":{"self":[{"href":"https:\/\/www.linie4life.com\/hu\/wp-json\/wp\/v2\/pages\/34","targetHints":{"allow":["GET"]}}],"collection":[{"href":"https:\/\/www.linie4life.com\/hu\/wp-json\/wp\/v2\/pages"}],"about":[{"href":"https:\/\/www.linie4life.com\/hu\/wp-json\/wp\/v2\/types\/page"}],"author":[{"embeddable":true,"href":"https:\/\/www.linie4life.com\/hu\/wp-json\/wp\/v2\/users\/2"}],"replies":[{"embeddable":true,"href":"https:\/\/www.linie4life.com\/hu\/wp-json\/wp\/v2\/comments?post=34"}],"version-history":[{"count":5,"href":"https:\/\/www.linie4life.com\/hu\/wp-json\/wp\/v2\/pages\/34\/revisions"}],"predecessor-version":[{"id":7361,"href":"https:\/\/www.linie4life.com\/hu\/wp-json\/wp\/v2\/pages\/34\/revisions\/7361"}],"wp:attachment":[{"href":"https:\/\/www.linie4life.com\/hu\/wp-json\/wp\/v2\/media?parent=34"}],"curies":[{"name":"munkaf\u00fczet","href":"https:\/\/api.w.org\/{rel}","templated":true}]}}