{"id":36,"date":"2025-03-04T11:15:58","date_gmt":"2025-03-04T10:15:58","guid":{"rendered":"https:\/\/www.linie4life.com\/doprava\/"},"modified":"2026-03-14T18:12:49","modified_gmt":"2026-03-14T17:12:49","slug":"szallitas","status":"publish","type":"page","link":"https:\/\/www.linie4life.com\/hu\/doprava\/","title":{"rendered":"Sz\u00e1ll\u00edt\u00e1s"},"content":{"rendered":"<div data-elementor-type=\"wp-page\" data-elementor-id=\"36\" class=\"elementor elementor-36\" data-elementor-post-type=\"page\">\n\t\t\t\t<div class=\"elementor-element elementor-element-1de4ce9 e-flex e-con-boxed e-con e-parent\" data-id=\"1de4ce9\" data-element_type=\"container\" data-e-type=\"container\" data-settings=\"{&quot;background_background&quot;:&quot;classic&quot;}\">\n\t\t\t\t\t<div class=\"e-con-inner\">\n\t\t<div class=\"elementor-element elementor-element-4e4d7e3 e-con-full e-flex e-con e-child\" data-id=\"4e4d7e3\" data-element_type=\"container\" data-e-type=\"container\">\n\t\t\t\t<div class=\"elementor-element elementor-element-67416e6 elementor-widget__width-inherit elementor-widget elementor-widget-heading\" data-id=\"67416e6\" data-element_type=\"widget\" data-e-type=\"widget\" data-widget_type=\"heading.default\">\n\t\t\t\t\t<h1 class=\"elementor-heading-title elementor-size-default\">Sz\u00e1ll\u00edt\u00e1s \u00e9s k\u00e9zbes\u00edt\u00e9s <\/h1>\t\t\t\t<\/div>\n\t\t\t\t<div class=\"elementor-element elementor-element-8247add elementor-widget__width-initial elementor-widget-laptop__width-initial elementor-widget elementor-widget-text-editor\" data-id=\"8247add\" data-element_type=\"widget\" data-e-type=\"widget\" data-widget_type=\"text-editor.default\">\n\t\t\t\t\t\t\t\t\t<h4 data-start=\"202\" data-end=\"306\"><strong>Rendel\u00e9s kisz\u00e1ll\u00edt\u00e1sa \u2013 r\u00e9gi\u00f3k<\/strong><\/h4><p data-start=\"202\" data-end=\"306\">A megrendel\u00e9sek kisz\u00e1ll\u00edt\u00e1s\u00e1t minden munkanapon biztos\u00edtjuk <strong data-start=\"256\" data-end=\"305\">Nagy-Britannia \u00e9s egyes Eur\u00f3pai Uni\u00f3s orsz\u00e1gok<\/strong>.<\/p><p data-start=\"308\" data-end=\"341\">A k\u00f6vetkez\u0151 orsz\u00e1gokba sz\u00e1ll\u00edtunk:<\/p><p data-start=\"343\" data-end=\"498\"><strong data-start=\"343\" data-end=\"498\">Bulg\u00e1ria<br data-start=\"354\" data-end=\"357\" \/>Cseh K\u00f6zt\u00e1rsas\u00e1g<br data-start=\"372\" data-end=\"375\" \/>Franciaorsz\u00e1g<br data-start=\"382\" data-end=\"385\" \/>Olaszorsz\u00e1g<br data-start=\"391\" data-end=\"394\" \/>Magyarorsz\u00e1g<br data-start=\"402\" data-end=\"405\" \/>N\u00e9metorsz\u00e1g<br data-start=\"412\" data-end=\"415\" \/>Lengyelorsz\u00e1g<br data-start=\"421\" data-end=\"424\" \/>Ausztria<br data-start=\"432\" data-end=\"435\" \/>Rom\u00e1nia<br data-start=\"443\" data-end=\"446\" \/>Szlov\u00e1kia<br data-start=\"455\" data-end=\"458\" \/>Szlov\u00e9nia<br data-start=\"467\" data-end=\"470\" \/>Spanyolorsz\u00e1g<br data-start=\"479\" data-end=\"482\" \/>Nagy-Britannia<\/strong><\/p><p data-start=\"343\" data-end=\"498\">Az \u00e1ruh\u00e1z jelenleg nem sz\u00e1ll\u00edt a felsorolt orsz\u00e1gokon k\u00edv\u00fclre.<\/p>\t\t\t\t\t\t\t\t<\/div>\n\t\t\t\t<div class=\"elementor-element elementor-element-ab79677 elementor-widget elementor-widget-text-editor\" data-id=\"ab79677\" data-element_type=\"widget\" data-e-type=\"widget\" data-widget_type=\"text-editor.default\">\n\t\t\t\t\t\t\t\t\t<h4><strong>Sz\u00e1ll\u00edt\u00e1si \u00e1r<\/strong><\/h4><p><strong>Ingyenesen sz\u00e1ll\u00edtunk az EU \u00f6sszes orsz\u00e1g\u00e1ba!<\/strong> Az Egyes\u00fclt Kir\u00e1lys\u00e1gba t\u00f6rt\u00e9n\u0151 sz\u00e1ll\u00edt\u00e1s jelenleg 15 fontba ker\u00fcl.<\/p><p>Az el\u00e9rhet\u0151 sz\u00e1ll\u00edt\u00e1si m\u00f3dok mindig a kiv\u00e1lasztott sz\u00e1ll\u00edt\u00e1si orsz\u00e1gnak megfelel\u0151en jelennek meg a kos\u00e1rban. Helyi \u00e9s nemzetk\u00f6zi sz\u00e1ll\u00edt\u00e1si szolg\u00e1ltat\u00e1sokkal m\u0171k\u00f6d\u00fcnk egy\u00fctt. A konkr\u00e9t sz\u00e1ll\u00edt\u00f3k mindig a megrendel\u00e9s v\u00e9gleges\u00edt\u00e9se el\u0151tt jelennek meg.<\/p><h4><strong>Sz\u00e1ll\u00edt\u00e1si id\u0151<\/strong><\/h4><ul><li>CZ, SK: \u00e1ltal\u00e1ban 1\u20132 munkanap<\/li><li>Kiv\u00e1lasztott EU-orsz\u00e1gok: \u00e1ltal\u00e1ban 2-3 munkanap<\/li><li>OK: \u00e1ltal\u00e1ban 2\u20133 munkanap<\/li><\/ul><p>\u00c9rv\u00e9nyes a helyi id\u0151 szerint d\u00e9lel\u0151tt 10:00 \u00f3ra el\u0151tt leadott rendel\u00e9sekre.<\/p><p>A megadott hat\u00e1rid\u0151k t\u00e1j\u00e9koztat\u00f3 jelleg\u0171ek, \u00e9s a fuvaroz\u00f3t\u00f3l vagy a sz\u00e1ll\u00edt\u00e1si terhel\u00e9st\u0151l f\u00fcgg\u0151en v\u00e1ltozhatnak.\u00a0<\/p><h4><strong>Fontos inform\u00e1ci\u00f3k<\/strong><\/h4><p>Az Egyes\u00fclt Kir\u00e1lys\u00e1gba t\u00f6rt\u00e9n\u0151 sz\u00e1ll\u00edt\u00e1sok eset\u00e9n a helyi v\u00e1m- \u00e9s ad\u00f3szab\u00e1lyoz\u00e1sok \u00e9rv\u00e9nyesek lehetnek, ami n\u00f6velheti a sz\u00e1ll\u00edt\u00e1si id\u0151t \u00e9s\/vagy a t\u00e9nyleges sz\u00e1ll\u00edt\u00e1si k\u00f6lts\u00e9get.<\/p>\t\t\t\t\t\t\t\t<\/div>\n\t\t\t\t<div class=\"elementor-element elementor-element-08ced77 elementor-widget elementor-widget-text-editor\" data-id=\"08ced77\" data-element_type=\"widget\" data-e-type=\"widget\" data-widget_type=\"text-editor.default\">\n\t\t\t\t\t\t\t\t\t<p>A sz\u00e1ll\u00edtm\u00e1nyoz\u00e1si logisztik\u00e1t Csehorsz\u00e1g biztos\u00edtja.<\/p>\t\t\t\t\t\t\t\t<\/div>\n\t\t\t\t<div class=\"elementor-element elementor-element-015f4b1 elementor-widget elementor-widget-text-editor\" data-id=\"015f4b1\" data-element_type=\"widget\" data-e-type=\"widget\" data-widget_type=\"text-editor.default\">\n\t\t\t\t\t\t\t\t\t<p><strong>Ut\u00e1nv\u00e9tes \u00e1r<\/strong><\/p><p>Ut\u00e1nv\u00e9tes fizet\u00e9s eset\u00e9n az ut\u00e1nv\u00e9tes d\u00edj 1,9 EUR\/50 CZK vagy annak megfelel\u0151je m\u00e1s p\u00e9nznemben.<\/p>\t\t\t\t\t\t\t\t<\/div>\n\t\t\t\t<\/div>\n\t\t<div class=\"elementor-element elementor-element-e6efdea e-con-full elementor-hidden-widescreen elementor-hidden-desktop elementor-hidden-laptop elementor-hidden-tablet elementor-hidden-mobile e-flex e-con e-child\" data-id=\"e6efdea\" data-element_type=\"container\" data-e-type=\"container\">\n\t\t\t\t<div class=\"elementor-element elementor-element-0aa8fb9 elementor-widget__width-inherit elementor-widget-mobile__width-initial elementor-widget elementor-widget-heading\" data-id=\"0aa8fb9\" data-element_type=\"widget\" data-e-type=\"widget\" data-widget_type=\"heading.default\">\n\t\t\t\t\t<h2 class=\"elementor-heading-title elementor-size-default\">\ud83c\udde8\ud83c\uddff Csehorsz\u00e1g \u00e9s \ud83c\uddf8\ud83c\uddf0 Szlov\u00e1kia<\/h2>\t\t\t\t<\/div>\n\t\t\t\t<div class=\"elementor-element elementor-element-aaa9f78 elementor-widget__width-inherit elementor-widget-laptop__width-initial elementor-widget elementor-widget-text-editor\" data-id=\"aaa9f78\" data-element_type=\"widget\" data-e-type=\"widget\" data-widget_type=\"text-editor.default\">\n\t\t\t\t\t\t\t\t\t<p>500 CZK alatti megrendel\u00e9sek eset\u00e9n a k\u00f6vetkez\u0151 sz\u00e1ll\u00edt\u00e1si d\u00edjak \u00e9rv\u00e9nyesek:<\/p>\t\t\t\t\t\t\t\t<\/div>\n\t\t<div class=\"elementor-element elementor-element-e703b09 e-con-full e-flex e-con e-child\" data-id=\"e703b09\" data-element_type=\"container\" data-e-type=\"container\" data-settings=\"{&quot;background_background&quot;:&quot;classic&quot;}\">\n\t\t<div class=\"elementor-element elementor-element-9f913f2 e-con-full e-flex e-con e-child\" data-id=\"9f913f2\" data-element_type=\"container\" data-e-type=\"container\">\n\t\t\t\t<div class=\"elementor-element elementor-element-dfb2121 elementor-widget__width-initial elementor-widget-laptop__width-initial elementor-widget-mobile__width-initial elementor-widget elementor-widget-image\" data-id=\"dfb2121\" data-element_type=\"widget\" data-e-type=\"widget\" data-widget_type=\"image.default\">\n\t\t\t\t\t\t\t\t\t\t\t\t\t\t\t<img fetchpriority=\"high\" decoding=\"async\" width=\"264\" height=\"191\" src=\"https:\/\/www.linie4life.com\/wp-content\/uploads\/2025\/03\/logo-zasilkovnacz-na-cervenem-pozadi-predstavujici-logistickou-a-dorucovaci-sluzbu-pro-zasilani-baliku.webp\" class=\"attachment-large size-large wp-image-5903\" alt=\"A Z\u00e1silkovna.cz log\u00f3 piros alapon, amely egy csomagk\u00fcld\u0151 logisztikai \u00e9s k\u00e9zbes\u00edt\u00e9si szolg\u00e1ltat\u00e1st jelk\u00e9pez.\" title=\"\">\t\t\t\t\t\t\t\t\t\t\t\t\t\t\t<\/div>\n\t\t\t\t<div class=\"elementor-element elementor-element-0a200e5 elementor-widget__width-initial elementor-widget-tablet__width-inherit elementor-widget-mobile__width-inherit elementor-widget elementor-widget-text-editor\" data-id=\"0a200e5\" data-element_type=\"widget\" data-e-type=\"widget\" data-widget_type=\"text-editor.default\">\n\t\t\t\t\t\t\t\t\t<p><strong>Alza csomagk\u00fcld\u0151 h\u00e1z + k\u00e9zbes\u00edt\u00e9si pontok<br \/>&amp; Alzaboxes<\/strong><\/p><p><span style=\"color: #339966;\"><strong>89 cseh koron\u00e1t<\/strong><\/span><\/p><p>Sz\u00e1ll\u00edt\u00e1s: 1-3 munkanap<\/p>\t\t\t\t\t\t\t\t<\/div>\n\t\t\t\t<\/div>\n\t\t\t\t<\/div>\n\t\t<div class=\"elementor-element elementor-element-0a3facc e-con-full e-flex e-con e-child\" data-id=\"0a3facc\" data-element_type=\"container\" data-e-type=\"container\" data-settings=\"{&quot;background_background&quot;:&quot;classic&quot;}\">\n\t\t<div class=\"elementor-element elementor-element-c35c599 e-con-full e-flex e-con e-child\" data-id=\"c35c599\" data-element_type=\"container\" data-e-type=\"container\">\n\t\t\t\t<div class=\"elementor-element elementor-element-4cacd70 elementor-widget__width-initial elementor-widget-laptop__width-initial elementor-widget-mobile__width-initial elementor-widget elementor-widget-image\" data-id=\"4cacd70\" data-element_type=\"widget\" data-e-type=\"widget\" data-widget_type=\"image.default\">\n\t\t\t\t\t\t\t\t\t\t\t\t\t\t\t<img decoding=\"async\" width=\"800\" height=\"360\" src=\"https:\/\/www.linie4life.com\/wp-content\/uploads\/2025\/03\/logo-ppl-se-tremi-modrymi-prouzky-a-modrym-textem-na-bilem-pozadi-symbolizujici-rychlou-prepravu.webp\" class=\"attachment-large size-large wp-image-5904\" alt=\"PPL log\u00f3 h\u00e1rom k\u00e9k cs\u00edkkal \u00e9s k\u00e9k sz\u00f6veggel feh\u00e9r alapon, a gyors k\u00f6zleked\u00e9st szimboliz\u00e1lja.\" title=\"\">\t\t\t\t\t\t\t\t\t\t\t\t\t\t\t<\/div>\n\t\t\t\t<div class=\"elementor-element elementor-element-01811f1 elementor-widget__width-initial elementor-widget-mobile__width-inherit elementor-widget elementor-widget-text-editor\" data-id=\"01811f1\" data-element_type=\"widget\" data-e-type=\"widget\" data-widget_type=\"text-editor.default\">\n\t\t\t\t\t\t\t\t\t<p><strong>PPL\/PPL csomagpont<\/strong><\/p><p><span style=\"color: #339966;\"><strong>119 CZK\/89 CZK<\/strong><\/span><\/p><p>Sz\u00e1ll\u00edt\u00e1s: 1-3 munkanap<\/p>\t\t\t\t\t\t\t\t<\/div>\n\t\t\t\t<\/div>\n\t\t\t\t<\/div>\n\t\t<div class=\"elementor-element elementor-element-fb53d52 e-con-full e-flex e-con e-child\" data-id=\"fb53d52\" data-element_type=\"container\" data-e-type=\"container\" data-settings=\"{&quot;background_background&quot;:&quot;classic&quot;}\">\n\t\t<div class=\"elementor-element elementor-element-9328687 e-con-full e-flex e-con e-child\" data-id=\"9328687\" data-element_type=\"container\" data-e-type=\"container\">\n\t\t\t\t<div class=\"elementor-element elementor-element-9f1683e elementor-widget__width-initial elementor-widget-laptop__width-initial elementor-widget-mobile__width-initial elementor-widget elementor-widget-image\" data-id=\"9f1683e\" data-element_type=\"widget\" data-e-type=\"widget\" data-widget_type=\"image.default\">\n\t\t\t\t\t\t\t\t\t\t\t\t\t\t\t<img decoding=\"async\" width=\"800\" height=\"215\" src=\"https:\/\/www.linie4life.com\/wp-content\/uploads\/2025\/03\/logo-spolecnosti-gls-ve-zluto-modrych-barvach-symbolizujici-logistiku-a-rychle-dorucovaci-sluzby.webp\" class=\"attachment-large size-large wp-image-5906\" alt=\"GLS log\u00f3 s\u00e1rga \u00e9s k\u00e9k sz\u00ednben, a logisztik\u00e1t \u00e9s a gyors sz\u00e1ll\u00edt\u00e1si szolg\u00e1ltat\u00e1sokat szimboliz\u00e1lja.\" title=\"\">\t\t\t\t\t\t\t\t\t\t\t\t\t\t\t<\/div>\n\t\t\t\t<div class=\"elementor-element elementor-element-5a521ca elementor-widget__width-initial elementor-widget-mobile__width-inherit elementor-widget elementor-widget-text-editor\" data-id=\"5a521ca\" data-element_type=\"widget\" data-e-type=\"widget\" data-widget_type=\"text-editor.default\">\n\t\t\t\t\t\t\t\t\t<p><strong>GLS<\/strong><\/p><p><span style=\"color: #339966;\"><strong>119 cseh koron\u00e1t<\/strong><\/span><\/p><p>Sz\u00e1ll\u00edt\u00e1s: 1-3 munkanap<br \/><br \/><\/p>\t\t\t\t\t\t\t\t<\/div>\n\t\t\t\t<\/div>\n\t\t\t\t<\/div>\n\t\t<div class=\"elementor-element elementor-element-ff7dc6a e-con-full e-flex e-con e-child\" data-id=\"ff7dc6a\" data-element_type=\"container\" data-e-type=\"container\" data-settings=\"{&quot;background_background&quot;:&quot;classic&quot;}\">\n\t\t<div class=\"elementor-element elementor-element-6257845 e-con-full e-flex e-con e-child\" data-id=\"6257845\" data-element_type=\"container\" data-e-type=\"container\">\n\t\t\t\t<div class=\"elementor-element elementor-element-f98908c elementor-widget__width-initial elementor-widget-laptop__width-initial elementor-widget-mobile__width-initial elementor-widget elementor-widget-image\" data-id=\"f98908c\" data-element_type=\"widget\" data-e-type=\"widget\" data-widget_type=\"image.default\">\n\t\t\t\t\t\t\t\t\t\t\t\t\t\t\t<img loading=\"lazy\" decoding=\"async\" width=\"200\" height=\"100\" src=\"https:\/\/www.linie4life.com\/wp-content\/uploads\/2025\/03\/logo-balikovny-s-barevnymi-ctverci-symbolizujicimi-moderni-a-rychle-logisticke-sluzby-pro-dorucovani-baliku-v-cr.webp\" class=\"attachment-large size-large wp-image-5907\" alt=\"A Bal\u00edkovna log\u00f3 sz\u00ednes n\u00e9gyzetekkel, amelyek a modern \u00e9s gyors csomagk\u00fcld\u00e9si logisztikai szolg\u00e1ltat\u00e1sokat szimboliz\u00e1lj\u00e1k Csehorsz\u00e1gban.\" title=\"\">\t\t\t\t\t\t\t\t\t\t\t\t\t\t\t<\/div>\n\t\t\t\t<div class=\"elementor-element elementor-element-edb7e0e elementor-widget__width-initial elementor-widget-mobile__width-inherit elementor-widget elementor-widget-text-editor\" data-id=\"edb7e0e\" data-element_type=\"widget\" data-e-type=\"widget\" data-widget_type=\"text-editor.default\">\n\t\t\t\t\t\t\t\t\t<p><strong>Balikovna \u2013 A c\u00edmre:\u00a0<\/strong><\/p><p><span style=\"color: #339966;\"><strong>89 cseh koron\u00e1t<\/strong><\/span><\/p><p>Sz\u00e1ll\u00edt\u00e1s: 1-3 munkanap<\/p>\t\t\t\t\t\t\t\t<\/div>\n\t\t\t\t<\/div>\n\t\t\t\t<\/div>\n\t\t<div class=\"elementor-element elementor-element-811b645 e-con-full e-flex e-con e-child\" data-id=\"811b645\" data-element_type=\"container\" data-e-type=\"container\" data-settings=\"{&quot;background_background&quot;:&quot;classic&quot;}\">\n\t\t<div class=\"elementor-element elementor-element-66cbb08 e-con-full e-flex e-con e-child\" data-id=\"66cbb08\" data-element_type=\"container\" data-e-type=\"container\">\n\t\t\t\t<div class=\"elementor-element elementor-element-781883e elementor-widget__width-initial elementor-widget-laptop__width-initial elementor-widget-tablet__width-initial elementor-widget-mobile__width-initial elementor-widget elementor-widget-image\" data-id=\"781883e\" data-element_type=\"widget\" data-e-type=\"widget\" data-widget_type=\"image.default\">\n\t\t\t\t\t\t\t\t\t\t\t\t\t\t\t<img loading=\"lazy\" decoding=\"async\" width=\"200\" height=\"100\" src=\"https:\/\/www.linie4life.com\/wp-content\/uploads\/2025\/03\/logo-ceske-posty-s-charakteristickym-modro-zlutym-ztvarnenim-symbolizujici-postovni-sluzby-v-ceske-republice.webp\" class=\"attachment-large size-large wp-image-5908\" alt=\"A Cseh Posta log\u00f3ja jellegzetes k\u00e9k-s\u00e1rga mint\u00e1val, amely a Cseh K\u00f6zt\u00e1rsas\u00e1g postai szolg\u00e1ltat\u00e1sait szimboliz\u00e1lja.\" title=\"\">\t\t\t\t\t\t\t\t\t\t\t\t\t\t\t<\/div>\n\t\t\t\t<div class=\"elementor-element elementor-element-a2d2406 elementor-widget__width-initial elementor-widget-mobile__width-inherit elementor-widget elementor-widget-text-editor\" data-id=\"a2d2406\" data-element_type=\"widget\" data-e-type=\"widget\" data-widget_type=\"text-editor.default\">\n\t\t\t\t\t\t\t\t\t<p><strong>Cseh Posta csomag a kez\u00e9ben<\/strong><\/p><p><span style=\"color: #339966;\"><strong>129 cseh koron\u00e1t<\/strong><\/span><\/p><p>Sz\u00e1ll\u00edt\u00e1s: 1-3 munkanap<\/p>\t\t\t\t\t\t\t\t<\/div>\n\t\t\t\t<\/div>\n\t\t\t\t<\/div>\n\t\t<div class=\"elementor-element elementor-element-a430356 e-con-full e-flex e-con e-child\" data-id=\"a430356\" data-element_type=\"container\" data-e-type=\"container\" data-settings=\"{&quot;background_background&quot;:&quot;classic&quot;}\">\n\t\t<div class=\"elementor-element elementor-element-1718d26 e-con-full e-flex e-con e-child\" data-id=\"1718d26\" data-element_type=\"container\" data-e-type=\"container\">\n\t\t\t\t<div class=\"elementor-element elementor-element-21cdb52 elementor-widget__width-initial elementor-widget-laptop__width-initial elementor-widget-tablet__width-initial elementor-widget-mobile__width-initial elementor-widget elementor-widget-image\" data-id=\"21cdb52\" data-element_type=\"widget\" data-e-type=\"widget\" data-widget_type=\"image.default\">\n\t\t\t\t\t\t\t\t\t\t\t\t\t\t\t<img loading=\"lazy\" decoding=\"async\" width=\"800\" height=\"336\" src=\"https:\/\/www.linie4life.com\/wp-content\/uploads\/2025\/03\/logo-logisticke-spolecnosti-dpd-cerveny-symbol-baliku-vedle-textu-zamerene-na-dorucovani-zasilek.webp\" class=\"attachment-large size-large wp-image-5905\" alt=\"A DPD logisztikai c\u00e9g log\u00f3ja, a sz\u00f6veg mellett egy piros csomag szimb\u00f3lum, amely a csomagok k\u00e9zbes\u00edt\u00e9s\u00e9re \u00f6sszpontos\u00edt.\" title=\"\">\t\t\t\t\t\t\t\t\t\t\t\t\t\t\t<\/div>\n\t\t\t\t<div class=\"elementor-element elementor-element-aeee673 elementor-widget__width-initial elementor-widget-mobile__width-inherit elementor-widget elementor-widget-text-editor\" data-id=\"aeee673\" data-element_type=\"widget\" data-e-type=\"widget\" data-widget_type=\"text-editor.default\">\n\t\t\t\t\t\t\t\t\t<p><strong>DPD<\/strong><\/p><p><span style=\"color: #339966;\"><strong>119 cseh koron\u00e1t<\/strong><\/span><\/p><p>Sz\u00e1ll\u00edt\u00e1s: 1-3 munkanap<\/p>\t\t\t\t\t\t\t\t<\/div>\n\t\t\t\t<\/div>\n\t\t\t\t<\/div>\n\t\t\t\t<\/div>\n\t\t<div class=\"elementor-element elementor-element-079cd2a e-con-full elementor-hidden-widescreen elementor-hidden-desktop elementor-hidden-laptop elementor-hidden-tablet elementor-hidden-mobile e-flex e-con e-child\" data-id=\"079cd2a\" data-element_type=\"container\" data-e-type=\"container\">\n\t\t\t\t<div class=\"elementor-element elementor-element-1109ecf elementor-widget__width-inherit elementor-widget-mobile__width-initial elementor-widget elementor-widget-heading\" data-id=\"1109ecf\" data-element_type=\"widget\" data-e-type=\"widget\" data-widget_type=\"heading.default\">\n\t\t\t\t\t<h2 class=\"elementor-heading-title elementor-size-default\">\ud83c\udf0d K\u00fclf\u00f6ld\u00f6n<\/h2>\t\t\t\t<\/div>\n\t\t\t\t<div class=\"elementor-element elementor-element-a11ba08 elementor-widget__width-inherit elementor-widget elementor-widget-text-editor\" data-id=\"a11ba08\" data-element_type=\"widget\" data-e-type=\"widget\" data-widget_type=\"text-editor.default\">\n\t\t\t\t\t\t\t\t\t<p>Sz\u00e1ll\u00edt\u00e1s c\u00edmre vagy postafi\u00f3kba lehets\u00e9ges. 1000 CZK alatti megrendel\u00e9sek eset\u00e9n a k\u00f6vetkez\u0151 sz\u00e1ll\u00edt\u00e1si d\u00edjak \u00e9rv\u00e9nyesek:<\/p>\t\t\t\t\t\t\t\t<\/div>\n\t\t<div class=\"elementor-element elementor-element-40b5f0a e-con-full e-flex e-con e-child\" data-id=\"40b5f0a\" data-element_type=\"container\" data-e-type=\"container\" data-settings=\"{&quot;background_background&quot;:&quot;classic&quot;}\">\n\t\t<div class=\"elementor-element elementor-element-d267c50 e-con-full e-flex e-con e-child\" data-id=\"d267c50\" data-element_type=\"container\" data-e-type=\"container\">\n\t\t\t\t<div class=\"elementor-element elementor-element-62bf8de elementor-widget__width-initial elementor-widget-laptop__width-initial elementor-widget-mobile__width-initial elementor-widget elementor-widget-image\" data-id=\"62bf8de\" data-element_type=\"widget\" data-e-type=\"widget\" data-widget_type=\"image.default\">\n\t\t\t\t\t\t\t\t\t\t\t\t\t\t\t<img fetchpriority=\"high\" decoding=\"async\" width=\"264\" height=\"191\" src=\"https:\/\/www.linie4life.com\/wp-content\/uploads\/2025\/03\/logo-zasilkovnacz-na-cervenem-pozadi-predstavujici-logistickou-a-dorucovaci-sluzbu-pro-zasilani-baliku.webp\" class=\"attachment-large size-large wp-image-5903\" alt=\"A Z\u00e1silkovna.cz log\u00f3 piros alapon, amely egy csomagk\u00fcld\u0151 logisztikai \u00e9s k\u00e9zbes\u00edt\u00e9si szolg\u00e1ltat\u00e1st jelk\u00e9pez.\" title=\"\">\t\t\t\t\t\t\t\t\t\t\t\t\t\t\t<\/div>\n\t\t\t\t<div class=\"elementor-element elementor-element-188c455 elementor-widget__width-initial elementor-widget-mobile__width-inherit elementor-widget elementor-widget-text-editor\" data-id=\"188c455\" data-element_type=\"widget\" data-e-type=\"widget\" data-widget_type=\"text-editor.default\">\n\t\t\t\t\t\t\t\t\t<p><strong>Postai megrendel\u00e9ssel kiszolg\u00e1l\u00f3 \u00e1ruh\u00e1z\u00a0<\/strong><\/p><p><span style=\"color: #339966;\"><strong>5 \u20ac \/ Ingyenes 1000 CZK felett<\/strong><\/span><\/p><p>Sz\u00e1ll\u00edt\u00e1s: 2-3 munkanap<\/p>\t\t\t\t\t\t\t\t<\/div>\n\t\t\t\t<\/div>\n\t\t\t\t<\/div>\n\t\t<div class=\"elementor-element elementor-element-6749723 e-con-full e-flex e-con e-child\" data-id=\"6749723\" data-element_type=\"container\" data-e-type=\"container\" data-settings=\"{&quot;background_background&quot;:&quot;classic&quot;}\">\n\t\t<div class=\"elementor-element elementor-element-1e87d0c e-con-full e-flex e-con e-child\" data-id=\"1e87d0c\" data-element_type=\"container\" data-e-type=\"container\">\n\t\t\t\t<div class=\"elementor-element elementor-element-8909fde elementor-widget__width-initial elementor-widget-laptop__width-initial elementor-widget-mobile__width-initial elementor-widget elementor-widget-image\" data-id=\"8909fde\" data-element_type=\"widget\" data-e-type=\"widget\" data-widget_type=\"image.default\">\n\t\t\t\t\t\t\t\t\t\t\t\t\t\t\t<img decoding=\"async\" width=\"800\" height=\"360\" src=\"https:\/\/www.linie4life.com\/wp-content\/uploads\/2025\/03\/logo-ppl-se-tremi-modrymi-prouzky-a-modrym-textem-na-bilem-pozadi-symbolizujici-rychlou-prepravu.webp\" class=\"attachment-large size-large wp-image-5904\" alt=\"PPL log\u00f3 h\u00e1rom k\u00e9k cs\u00edkkal \u00e9s k\u00e9k sz\u00f6veggel feh\u00e9r alapon, a gyors k\u00f6zleked\u00e9st szimboliz\u00e1lja.\" title=\"\">\t\t\t\t\t\t\t\t\t\t\t\t\t\t\t<\/div>\n\t\t\t\t<div class=\"elementor-element elementor-element-30a9934 elementor-widget__width-initial elementor-widget-mobile__width-inherit elementor-widget elementor-widget-text-editor\" data-id=\"30a9934\" data-element_type=\"widget\" data-e-type=\"widget\" data-widget_type=\"text-editor.default\">\n\t\t\t\t\t\t\t\t\t<p><strong>PPL\/DHL<\/strong><\/p><p><span style=\"color: #339966;\"><strong>5 \u20ac \/ Ingyenes 1000 CZK felett<\/strong><\/span><\/p><p>Sz\u00e1ll\u00edt\u00e1s: 2-3 munkanap<\/p>\t\t\t\t\t\t\t\t<\/div>\n\t\t\t\t<\/div>\n\t\t\t\t<\/div>\n\t\t<div class=\"elementor-element elementor-element-2287f13 e-con-full e-flex e-con e-child\" data-id=\"2287f13\" data-element_type=\"container\" data-e-type=\"container\" data-settings=\"{&quot;background_background&quot;:&quot;classic&quot;}\">\n\t\t<div class=\"elementor-element elementor-element-3a74706 e-con-full e-flex e-con e-child\" data-id=\"3a74706\" data-element_type=\"container\" data-e-type=\"container\">\n\t\t\t\t<div class=\"elementor-element elementor-element-ee5b05e elementor-widget__width-initial elementor-widget-laptop__width-initial elementor-widget-mobile__width-initial elementor-widget elementor-widget-image\" data-id=\"ee5b05e\" data-element_type=\"widget\" data-e-type=\"widget\" data-widget_type=\"image.default\">\n\t\t\t\t\t\t\t\t\t\t\t\t\t\t\t<img loading=\"lazy\" decoding=\"async\" width=\"800\" height=\"336\" src=\"https:\/\/www.linie4life.com\/wp-content\/uploads\/2025\/03\/logo-logisticke-spolecnosti-dpd-cerveny-symbol-baliku-vedle-textu-zamerene-na-dorucovani-zasilek.webp\" class=\"attachment-large size-large wp-image-5905\" alt=\"A DPD logisztikai c\u00e9g log\u00f3ja, a sz\u00f6veg mellett egy piros csomag szimb\u00f3lum, amely a csomagok k\u00e9zbes\u00edt\u00e9s\u00e9re \u00f6sszpontos\u00edt.\" title=\"\">\t\t\t\t\t\t\t\t\t\t\t\t\t\t\t<\/div>\n\t\t\t\t<div class=\"elementor-element elementor-element-9d840c9 elementor-widget__width-initial elementor-widget-mobile__width-inherit elementor-widget elementor-widget-text-editor\" data-id=\"9d840c9\" data-element_type=\"widget\" data-e-type=\"widget\" data-widget_type=\"text-editor.default\">\n\t\t\t\t\t\t\t\t\t<p><strong>DPD<\/strong><\/p><p><span style=\"color: #339966;\"><strong>5 \u20ac \/ Ingyenes 1000 CZK felett<\/strong><\/span><\/p><p>Sz\u00e1ll\u00edt\u00e1s: 2-3 munkanap<\/p>\t\t\t\t\t\t\t\t<\/div>\n\t\t\t\t<\/div>\n\t\t\t\t<\/div>\n\t\t\t\t<\/div>\n\t\t\t\t\t<\/div>\n\t\t\t\t<\/div>\n\t\t\t\t<\/div>","protected":false},"excerpt":{"rendered":"<p>Doprava a doru\u010den\u00ed Doru\u010dov\u00e1n\u00ed objedn\u00e1vek &#8211; regiony Zaji\u0161\u0165ujeme doru\u010den\u00ed objedn\u00e1vek ka\u017ed\u00fd pracovn\u00ed den do Velk\u00e9 Brit\u00e1nie a vybran\u00fdch zem\u00ed Evropsk\u00e9 unie. Doru\u010dujeme do n\u00e1sleduj\u00edc\u00edch zem\u00ed: Bulharsko\u010cesk\u00e1 republikaFrancieIt\u00e1lieMa\u010farskoN\u011bmeckoPolskoRakouskoRumunskoSlovenskoSlovinsko\u0160pan\u011blskoVelk\u00e1 Brit\u00e1nie Obchod aktu\u00e1ln\u011b nedoru\u010duje mimo uveden\u00e9 zem\u011b. Cena doru\u010den\u00ed Do v\u0161ech zem\u00ed EU doru\u010dujeme zdarma! Doru\u010den\u00ed pro Velkou Brit\u00e1nii aktu\u00e1ln\u011b \u010din\u00ed 15 \u00a3. Dostupn\u00e9 zp\u016fsoby dopravy jsou v\u017edy [&hellip;]<\/p>\n","protected":false},"author":2,"featured_media":0,"parent":0,"menu_order":9,"comment_status":"closed","ping_status":"closed","template":"elementor_header_footer","meta":{"footnotes":""},"class_list":["post-36","page","type-page","status-publish","hentry"],"_links":{"self":[{"href":"https:\/\/www.linie4life.com\/hu\/wp-json\/wp\/v2\/pages\/36","targetHints":{"allow":["GET"]}}],"collection":[{"href":"https:\/\/www.linie4life.com\/hu\/wp-json\/wp\/v2\/pages"}],"about":[{"href":"https:\/\/www.linie4life.com\/hu\/wp-json\/wp\/v2\/types\/page"}],"author":[{"embeddable":true,"href":"https:\/\/www.linie4life.com\/hu\/wp-json\/wp\/v2\/users\/2"}],"replies":[{"embeddable":true,"href":"https:\/\/www.linie4life.com\/hu\/wp-json\/wp\/v2\/comments?post=36"}],"version-history":[{"count":10,"href":"https:\/\/www.linie4life.com\/hu\/wp-json\/wp\/v2\/pages\/36\/revisions"}],"predecessor-version":[{"id":17750,"href":"https:\/\/www.linie4life.com\/hu\/wp-json\/wp\/v2\/pages\/36\/revisions\/17750"}],"wp:attachment":[{"href":"https:\/\/www.linie4life.com\/hu\/wp-json\/wp\/v2\/media?parent=36"}],"curies":[{"name":"munkaf\u00fczet","href":"https:\/\/api.w.org\/{rel}","templated":true}]}}