{"id":7843,"date":"2025-06-05T14:01:53","date_gmt":"2025-06-05T12:01:53","guid":{"rendered":"https:\/\/www.linie4life.com\/zasady-cookies-eu\/"},"modified":"2026-02-16T03:21:59","modified_gmt":"2026-02-16T02:21:59","slug":"eu-suti-szabalyzat","status":"publish","type":"page","link":"https:\/\/www.linie4life.com\/hu\/zasady-cookies-eu\/","title":{"rendered":"S\u00fctikre vonatkoz\u00f3 szab\u00e1lyzat (EU)"},"content":{"rendered":"<div data-elementor-type=\"wp-page\" data-elementor-id=\"7843\" class=\"elementor elementor-7843\" data-elementor-post-type=\"page\">\n\t\t\t\t<div class=\"elementor-element elementor-element-b6e1274 e-flex e-con-boxed e-con e-parent\" data-id=\"b6e1274\" data-element_type=\"container\" data-e-type=\"container\">\n\t\t\t\t\t<div class=\"e-con-inner\">\n\t\t<div class=\"elementor-element elementor-element-64d49fd e-con-full e-flex e-con e-child\" data-id=\"64d49fd\" data-element_type=\"container\" data-e-type=\"container\">\n\t\t\t\t<div class=\"elementor-element elementor-element-e3751eb elementor-widget elementor-widget-text-editor\" data-id=\"e3751eb\" data-element_type=\"widget\" data-e-type=\"widget\" data-widget_type=\"text-editor.default\">\n\t\t\t\t\t\t\t\t\t<h1><strong>S\u00fctikre vonatkoz\u00f3 szab\u00e1lyzat<\/strong><\/h1><p><strong>Hat\u00e1lybal\u00e9p\u00e9s d\u00e1tuma:<\/strong> 2026. febru\u00e1r 2.<br \/><strong>Utols\u00f3 friss\u00edt\u00e9s:<\/strong> 2026. febru\u00e1r 2.<\/p><p><strong>\u00a0<\/strong><\/p><p><strong>Mik azok a s\u00fctik?<\/strong><\/p><p>Ez a S\u00fcti Szab\u00e1lyzat elmagyar\u00e1zza, hogy mik a s\u00fctik, hogyan haszn\u00e1ljuk \u0151ket, milyen t\u00edpus\u00fa s\u00fctiket haszn\u00e1lunk (azaz milyen inform\u00e1ci\u00f3kat gy\u0171jt\u00fcnk s\u00fctiken kereszt\u00fcl, \u00e9s hogyan haszn\u00e1ljuk fel ezeket az inform\u00e1ci\u00f3kat), \u00e9s hogyan kezelheti a s\u00fctibe\u00e1ll\u00edt\u00e1sait.<\/p><p>A s\u00fctik kis sz\u00f6veges f\u00e1jlok, amelyek az \u00d6n eszk\u00f6z\u00e9n t\u00e1rol\u00f3dnak, amikor bet\u00f6lt egy weboldalt az internetb\u00f6ng\u00e9sz\u0151j\u00e9ben. Seg\u00edtenek biztos\u00edtani a weboldal megfelel\u0151 m\u0171k\u00f6d\u00e9s\u00e9t, n\u00f6velik annak biztons\u00e1g\u00e1t, jav\u00edtj\u00e1k a felhaszn\u00e1l\u00f3i \u00e9lm\u00e9nyt, \u00e9s lehet\u0151v\u00e9 teszik sz\u00e1munkra a weboldal teljes\u00edtm\u00e9ny\u00e9nek elemz\u00e9s\u00e9t, hogy azonos\u00edthassuk, mi m\u0171k\u00f6dik j\u00f3l, \u00e9s hol van m\u00e9g mit fejleszteni.<\/p><p><strong>\u00a0<\/strong><\/p><p><strong>Hogyan haszn\u00e1ljuk a s\u00fctiket?<\/strong><\/p><p>A legt\u00f6bb online szolg\u00e1ltat\u00e1shoz hasonl\u00f3an weboldalunk is saj\u00e1t \u00e9s harmadik f\u00e9lt\u0151l sz\u00e1rmaz\u00f3 s\u00fctiket haszn\u00e1l k\u00fcl\u00f6nf\u00e9le c\u00e9lokra.<\/p><p>Az els\u0151 f\u00e9lt\u0151l sz\u00e1rmaz\u00f3 s\u00fctik sz\u00fcks\u00e9gesek a weboldal megfelel\u0151 m\u0171k\u00f6d\u00e9s\u00e9hez, \u00e9s nem gy\u0171jtenek semmilyen szem\u00e9lyazonos\u00edt\u00e1sra alkalmas inform\u00e1ci\u00f3t.<\/p><p>A harmadik f\u00e9lt\u0151l sz\u00e1rmaz\u00f3 s\u00fctik k\u00fcl\u00f6n\u00f6sen a k\u00f6vetkez\u0151kben seg\u00edtenek nek\u00fcnk:<\/p><ul><li>elemezni a weboldal m\u0171k\u00f6d\u00e9s\u00e9t,<\/li><li>a felhaszn\u00e1l\u00f3k weboldallal val\u00f3 interakci\u00f3inak monitoroz\u00e1sa,<\/li><li>szolg\u00e1ltat\u00e1saink biztons\u00e1g\u00e1nak garant\u00e1l\u00e1sa,<\/li><li>relev\u00e1ns hirdet\u00e9sek megjelen\u00edt\u00e9se,<\/li><li>jav\u00edtja a felhaszn\u00e1l\u00f3i k\u00e9nyelmet \u00e9s a j\u00f6v\u0151beli l\u00e1togat\u00e1sok sebess\u00e9g\u00e9t.<\/li><\/ul><p>\u00a0<\/p><p><strong>Az \u00e1ltalunk haszn\u00e1lt s\u00fctik t\u00edpusai<\/strong><\/p><p><strong>Sz\u00fcks\u00e9ges s\u00fctik<\/strong><\/p><p>Ezek a s\u00fctik elengedhetetlenek a weboldal alapvet\u0151 funkci\u00f3ihoz. N\u00e9lk\u00fcl\u00fck a weboldal nem m\u0171k\u00f6dne megfelel\u0151en. Nem t\u00e1rolnak semmilyen szem\u00e9lyazonos\u00edt\u00e1sra alkalmas inform\u00e1ci\u00f3t.<\/p><table><thead><tr><td><p><strong>N\u00e9v<\/strong><\/p><\/td><td><p><strong>Id\u0151tartam<\/strong><\/p><\/td><td><p><strong>Le\u00edr\u00e1s<\/strong><\/p><\/td><\/tr><\/thead><tbody><tr><td><p>elemor<\/p><\/td><td><p>Soha nem j\u00e1r le.<\/p><\/td><td><p>A WordPress sablon a weboldal tartalm\u00e1nak szerkeszt\u00e9s\u00e9re \u00e9s megjelen\u00edt\u00e9s\u00e9re haszn\u00e1lja.<\/p><\/td><\/tr><tr><td><p>wpEmojiBe\u00e1ll\u00edt\u00e1sokT\u00e1mogat\u00e1sok<\/p><\/td><td><p>\u00dcl\u00e9s<\/p><\/td><td><p>Meghat\u00e1rozza, hogy a b\u00f6ng\u00e9sz\u0151 t\u00e1mogatja-e az emojik megjelen\u00edt\u00e9s\u00e9t.<\/p><\/td><\/tr><tr><td><p>s\u00fctijes-hozz\u00e1j\u00e1rul\u00e1s<\/p><\/td><td><p>1 \u00e9v<\/p><\/td><td><p>A felhaszn\u00e1l\u00f3 s\u00fctikre vonatkoz\u00f3 hozz\u00e1j\u00e1rul\u00e1s\u00e1t t\u00e1rolja a preferenci\u00e1inak tiszteletben tart\u00e1sa \u00e9rdek\u00e9ben.<\/p><\/td><\/tr><tr><td><p>L\u00c1TOGAT\u00d3I_ADATV\u00c9DELMI_METADATOK<\/p><\/td><td><p>6 h\u00f3nap<\/p><\/td><td><p>T\u00e1rolja a felhaszn\u00e1l\u00f3 s\u00fctikre vonatkoz\u00f3 hozz\u00e1j\u00e1rul\u00e1si \u00e1llapot\u00e1t az aktu\u00e1lis domainhez (YouTube).<\/p><\/td><\/tr><tr><td><p>PHPSESSID<\/p><\/td><td><p>\u00dcl\u00e9s<\/p><\/td><td><p>Egyedi felhaszn\u00e1l\u00f3i munkamenet-azonos\u00edt\u00f3t t\u00e1rol.<\/p><\/td><\/tr><tr><td><p>__cf_bm<\/p><\/td><td><p>1 \u00f3ra<\/p><\/td><td><p>Cloudflare anti-bot s\u00fcti.<\/p><\/td><\/tr><tr><td><p>m<\/p><\/td><td><p>1 \u00e9v 1 h\u00f3nap 4 nap<\/p><\/td><td><p>Stripe \u2013 csal\u00e1smegel\u0151z\u00e9s \u00e9s eszk\u00f6zazonos\u00edt\u00e1s.<\/p><\/td><\/tr><tr><td><p>__cs\u00edkos_k\u00f6z\u00e9p<\/p><\/td><td><p>1 \u00e9v<\/p><\/td><td><p>Stripe \u2013 fizet\u00e9sfeldolgoz\u00e1s.<\/p><\/td><\/tr><tr><td><p>__stripe_sid<\/p><\/td><td><p>1 \u00f3ra<\/p><\/td><td><p>Stripe \u2013 fizet\u00e9sfeldolgoz\u00e1s.<\/p><\/td><\/tr><tr><td><p>pbid<\/p><\/td><td><p>6 h\u00f3nap<\/p><\/td><td><p>PixelYourSite \u2013 felhaszn\u00e1l\u00f3i munkamenet-kezel\u00e9s.<\/p><\/td><\/tr><\/tbody><\/table><p><strong>\u00a0<\/strong><\/p><p><strong>Funkcion\u00e1lis s\u00fctik<\/strong><\/p><p>Ezek a s\u00fctik lehet\u0151v\u00e9 teszik a speci\u00e1lis funkci\u00f3kat, p\u00e9ld\u00e1ul a tartalom megoszt\u00e1s\u00e1t a k\u00f6z\u00f6ss\u00e9gi h\u00e1l\u00f3zatokon vagy a be\u00e1gyazott vide\u00f3k lej\u00e1tsz\u00e1s\u00e1t.<\/p><table><thead><tr><td><p><strong>N\u00e9v<\/strong><\/p><\/td><td><p><strong>Id\u0151tartam<\/strong><\/p><\/td><td><p><strong>Le\u00edr\u00e1s<\/strong><\/p><\/td><\/tr><\/thead><tbody><tr><td><p>L\u00c1TOGAT\u00d3I_INFO1_\u00c9L\u0150<\/p><\/td><td><p>6 h\u00f3nap<\/p><\/td><td><p>YouTube \u2013 kapcsolat sebess\u00e9g\u00e9nek m\u00e9r\u00e9se.<\/p><\/td><\/tr><tr><td><p>yt-remote-*<\/p><\/td><td><p>Munkamenet \/ \u00e1lland\u00f3<\/p><\/td><td><p>YouTube-lej\u00e1tsz\u00f3 be\u00e1ll\u00edt\u00e1sait t\u00e1rolj\u00e1k.<\/p><\/td><\/tr><tr><td><p>ytidb::LAST_RESULT_ENTRY_KEY<\/p><\/td><td><p>Soha nem j\u00e1r le.<\/p><\/td><td><p>Menti az utolj\u00e1ra kattintott YouTube keres\u00e9si tal\u00e1latot.<\/p><\/td><\/tr><\/tbody><\/table><p><strong>\u00a0<\/strong><\/p><p><strong>Analitikai s\u00fctik<\/strong><\/p><p>Arra szolg\u00e1lnak, hogy meg\u00e9rts\u00e9k, hogyan haszn\u00e1lj\u00e1k a l\u00e1togat\u00f3k a weboldalt. Seg\u00edts\u00e9g\u00fckkel nyomon k\u00f6vethet\u0151 a l\u00e1togat\u00f3k sz\u00e1ma, a visszafordul\u00e1si ar\u00e1ny, a forgalom forr\u00e1sa \u00e9s egy\u00e9b statisztik\u00e1k.<\/p><table><thead><tr><td><p><strong>N\u00e9v<\/strong><\/p><\/td><td><p><strong>Id\u0151tartam<\/strong><\/p><\/td><td><p><strong>Le\u00edr\u00e1s<\/strong><\/p><\/td><\/tr><\/thead><tbody><tr><td><p>sbjs_*<\/p><\/td><td><p>\u00dcl\u00e9s<\/p><\/td><td><p>A l\u00e1togat\u00e1s forr\u00e1s\u00e1nak azonos\u00edt\u00e1sa (Sourcebuster).<\/p><\/td><\/tr><tr><td><p>_ga, <em>ga<\/em>*<\/p><\/td><td><p>1 \u00e9v 1 h\u00f3nap 4 nap<\/p><\/td><td><p>Google Analytics \u2013 anonim forgalmi statisztik\u00e1k.<\/p><\/td><\/tr><tr><td><p>_kattint\u00e1s<\/p><\/td><td><p>1 \u00e9v<\/p><\/td><td><p>Microsoft Clarity \u2013 Felhaszn\u00e1l\u00f3i azonos\u00edt\u00f3 meg\u0151rz\u00e9se.<\/p><\/td><\/tr><tr><td><p>_clsk<\/p><\/td><td><p>1 nap<\/p><\/td><td><p>Microsoft Clarity \u2013 munkamenet-felv\u00e9tel.<\/p><\/td><\/tr><tr><td><p>YSC<\/p><\/td><td><p>\u00dcl\u00e9s<\/p><\/td><td><p>YouTube \u2013 vide\u00f3megtekint\u00e9sek nyomon k\u00f6vet\u00e9se.<\/p><\/td><\/tr><tr><td><p>ajak_*<\/p><\/td><td><p>Munkamenet \/ 7 nap<\/p><\/td><td><p>PixelYourSite \u2013 analitikai szolg\u00e1ltat\u00e1sok.<\/p><\/td><\/tr><\/tbody><\/table><p><strong>\u00a0<\/strong><\/p><p><strong>Hirdet\u00e9si s\u00fctik<\/strong><\/p><p>Szem\u00e9lyre szabott hirdet\u00e9sek megjelen\u00edt\u00e9s\u00e9re \u00e9s a hirdet\u00e9si kamp\u00e1nyok hat\u00e9konys\u00e1g\u00e1nak m\u00e9r\u00e9s\u00e9re szolg\u00e1lnak.<\/p><table><thead><tr><td><p><strong>N\u00e9v<\/strong><\/p><\/td><td><p><strong>Id\u0151tartam<\/strong><\/p><\/td><td><p><strong>Le\u00edr\u00e1s<\/strong><\/p><\/td><\/tr><\/thead><tbody><tr><td><p>yt.bels\u0151cs\u0151::*<\/p><\/td><td><p>Soha nem j\u00e1r le.<\/p><\/td><td><p>YouTube \u2013 vide\u00f3megtekint\u00e9si el\u0151zm\u00e9nyek t\u00e1rol\u00e1sa.<\/p><\/td><\/tr><tr><td><p>_fbp<\/p><\/td><td><p>7 nap<\/p><\/td><td><p>Facebook \u2013 szem\u00e9lyre szabott hirdet\u00e9sek megjelen\u00edt\u00e9se.<\/p><\/td><\/tr><tr><td><p>_gcl_au<\/p><\/td><td><p>3 h\u00f3nap<\/p><\/td><td><p>Google Tag Manager \u2013 a hirdet\u00e9sek hat\u00e9konys\u00e1g\u00e1nak tesztel\u00e9se.<\/p><\/td><\/tr><tr><td><p>teszt_s\u00fcti<\/p><\/td><td><p>15 perc<\/p><\/td><td><p>S\u00fcti t\u00e1mogat\u00e1s ellen\u0151rz\u00e9se.<\/p><\/td><\/tr><tr><td><p>IDE<\/p><\/td><td><p>1 \u00e9v 24 nap<\/p><\/td><td><p>Google DoubleClick \u2013 szem\u00e9lyre szabott hirdet\u00e9sek.<\/p><\/td><\/tr><tr><td><p>NID<\/p><\/td><td><p>6 h\u00f3nap<\/p><\/td><td><p>Google \u2013 hirdet\u00e9si c\u00e9lok.<\/p><\/td><\/tr><\/tbody><\/table><p><strong>\u00a0<\/strong><\/p><p><strong>Kategoriz\u00e1latlan s\u00fctik<\/strong><\/p><p>Ezeket a s\u00fctiket jelenleg elemz\u00e9s alatt \u00e1llnak, \u00e9s m\u00e9g nem sorolt\u00e1k be \u0151ket egy adott kateg\u00f3ri\u00e1ba.<\/p><table><thead><tr><td><p><strong>N\u00e9v<\/strong><\/p><\/td><td><p><strong>Id\u0151tartam<\/strong><\/p><\/td><td><p><strong>Le\u00edr\u00e1s<\/strong><\/p><\/td><\/tr><\/thead><tbody><tr><td><p>__Biztons\u00e1gos ROLLOUT_TOKEN<\/p><\/td><td><p>6 h\u00f3nap<\/p><\/td><td><p>Funkci\u00f3tesztel\u00e9s-menedzsment (YouTube).<\/p><\/td><\/tr><tr><td><p>__Biztons\u00e1gos-YEC<\/p><\/td><td><p>\u2014<\/p><\/td><td><p>Le\u00edr\u00e1s m\u00e9g nem el\u00e9rhet\u0151.<\/p><\/td><\/tr><tr><td><p>__Biztons\u00e1gos YNID<\/p><\/td><td><p>6 h\u00f3nap<\/p><\/td><td><p>Felhaszn\u00e1l\u00f3i biztons\u00e1gv\u00e9delem (Google).<\/p><\/td><\/tr><tr><td><p>pys_hozz\u00e1j\u00e1rul\u00e1s<\/p><\/td><td><p>1 \u00e9v<\/p><\/td><td><p>Hozz\u00e1j\u00e1rul\u00e1skezel\u00e9s (PixelYourSite).<\/p><\/td><\/tr><tr><td><p>wmc_p\u00e9nznem<\/p><\/td><td><p>1 h\u00f3nap<\/p><\/td><td><p>A felhaszn\u00e1l\u00f3 \u00e1ltal prefer\u00e1lt p\u00e9nznemet t\u00e1rolja.<\/p><\/td><\/tr><\/tbody><\/table><p><strong>\u00a0<\/strong><\/p><p><strong>S\u00fctibe\u00e1ll\u00edt\u00e1sok kezel\u00e9se<\/strong><\/p><p>A s\u00fctibe\u00e1ll\u00edt\u00e1sait b\u00e1rmikor m\u00f3dos\u00edthatja a \u201eHozz\u00e1j\u00e1rul\u00e1si be\u00e1ll\u00edt\u00e1sok\u201c gombra kattintva. Ezzel \u00fajra megny\u00edlik a hozz\u00e1j\u00e1rul\u00e1s-kezel\u0151 s\u00e1v, ahol m\u00f3dos\u00edthatja a be\u00e1ll\u00edt\u00e1sokat, vagy visszavonhatja hozz\u00e1j\u00e1rul\u00e1s\u00e1t.<\/p><p>K\u00fcl\u00f6nb\u00f6z\u0151 internetb\u00f6ng\u00e9sz\u0151k lehet\u0151v\u00e9 teszik a s\u00fctik blokkol\u00e1s\u00e1t \u00e9s t\u00f6rl\u00e9s\u00e9t. A be\u00e1ll\u00edt\u00e1sokat k\u00f6zvetlen\u00fcl a b\u00f6ng\u00e9sz\u0151j\u00e9ben m\u00f3dos\u00edthatja. Az utas\u00edt\u00e1sokat itt tal\u00e1lja:<\/p><ul><li><strong>Google Chrome:<\/strong> <a href=\"https:\/\/support.google.com\/accounts\/answer\/32050\" target=\"_blank\" rel=\"noopener\">https:\/\/support.google.com\/accounts\/answer\/32050<\/a><\/li><li><strong>Szafari:<\/strong> <a href=\"https:\/\/support.apple.com\/en-in\/guide\/safari\/sfri11471\/mac\" target=\"_blank\" rel=\"noopener\">https:\/\/support.apple.com\/en-in\/guide\/safari\/sfri11471\/mac<\/a><\/li><li><strong>Mozilla Firefox:<\/strong> <a href=\"https:\/\/support.mozilla.org\/en-US\/kb\/clear-cookies-and-site-data-firefox\" target=\"_blank\" rel=\"noopener\">https:\/\/support.mozilla.org\/en-US\/kb\/clear-cookies-and-site-data-firefox<\/a><\/li><li><strong>Internet Explorer:<\/strong> <a href=\"https:\/\/support.microsoft.com\/en-us\/topic\/how-to-delete-cookie-files-in-internet-explorer-bca9446f-d873-78de-77ba-d42645fa52fc\" target=\"_blank\" rel=\"noopener\">https:\/\/support.microsoft.com\/en-us\/topic\/how-to-delete-cookie-files-in-internet-explorer-bca9446f-d873-78de-77ba-d42645fa52fc<\/a><\/li><\/ul><p>Ha m\u00e1s b\u00f6ng\u00e9sz\u0151t haszn\u00e1l, k\u00e9rj\u00fck, k\u00f6vesse az adott b\u00f6ng\u00e9sz\u0151 hivatalos dokument\u00e1ci\u00f3j\u00e1t.<\/p><p><em>\u00a0<\/em><\/p><p><em>Ez a s\u00fcti szab\u00e1lyzat a CookieYes \u2013 S\u00fcti szab\u00e1lyzat gener\u00e1tor eszk\u00f6zzel k\u00e9sz\u00fclt.<\/em><\/p>\t\t\t\t\t\t\t\t<\/div>\n\t\t\t\t<\/div>\n\t\t\t\t\t<\/div>\n\t\t\t\t<\/div>\n\t\t\t\t<\/div>","protected":false},"excerpt":{"rendered":"<p>Z\u00e1sady pou\u017e\u00edv\u00e1n\u00ed soubor\u016f cookies Datum \u00fa\u010dinnosti: 2. \u00fanora 2026Posledn\u00ed aktualizace: 2. \u00fanora 2026 \u00a0 Co jsou soubory cookies? Tyto Z\u00e1sady pou\u017e\u00edv\u00e1n\u00ed soubor\u016f cookies vysv\u011btluj\u00ed, co jsou cookies, jak je pou\u017e\u00edv\u00e1me, jak\u00e9 typy cookies vyu\u017e\u00edv\u00e1me (tj. jak\u00e9 informace prost\u0159ednictv\u00edm cookies shroma\u017e\u010fujeme a jak jsou tyto informace vyu\u017e\u00edv\u00e1ny) a jak m\u016f\u017eete spravovat sv\u00e9 nastaven\u00ed cookies. Cookies jsou [&hellip;]<\/p>\n","protected":false},"author":1,"featured_media":0,"parent":0,"menu_order":0,"comment_status":"closed","ping_status":"closed","template":"elementor_header_footer","meta":{"footnotes":""},"class_list":["post-7843","page","type-page","status-publish","hentry"],"_links":{"self":[{"href":"https:\/\/www.linie4life.com\/hu\/wp-json\/wp\/v2\/pages\/7843","targetHints":{"allow":["GET"]}}],"collection":[{"href":"https:\/\/www.linie4life.com\/hu\/wp-json\/wp\/v2\/pages"}],"about":[{"href":"https:\/\/www.linie4life.com\/hu\/wp-json\/wp\/v2\/types\/page"}],"author":[{"embeddable":true,"href":"https:\/\/www.linie4life.com\/hu\/wp-json\/wp\/v2\/users\/1"}],"replies":[{"embeddable":true,"href":"https:\/\/www.linie4life.com\/hu\/wp-json\/wp\/v2\/comments?post=7843"}],"version-history":[{"count":6,"href":"https:\/\/www.linie4life.com\/hu\/wp-json\/wp\/v2\/pages\/7843\/revisions"}],"predecessor-version":[{"id":17070,"href":"https:\/\/www.linie4life.com\/hu\/wp-json\/wp\/v2\/pages\/7843\/revisions\/17070"}],"wp:attachment":[{"href":"https:\/\/www.linie4life.com\/hu\/wp-json\/wp\/v2\/media?parent=7843"}],"curies":[{"name":"munkaf\u00fczet","href":"https:\/\/api.w.org\/{rel}","templated":true}]}}