{"id":34,"date":"2025-03-04T11:15:58","date_gmt":"2025-03-04T10:15:58","guid":{"rendered":"https:\/\/www.linie4life.com\/ochrana-osobnich-udaju\/"},"modified":"2025-05-26T13:05:45","modified_gmt":"2025-05-26T11:05:45","slug":"protezione-dei-dati-personali","status":"publish","type":"page","link":"https:\/\/www.linie4life.com\/it\/ochrana-osobnich-udaju\/","title":{"rendered":"Protezione dei dati personali"},"content":{"rendered":"<div data-elementor-type=\"wp-page\" data-elementor-id=\"34\" class=\"elementor elementor-34\" data-elementor-post-type=\"page\">\n\t\t\t\t<div class=\"elementor-element elementor-element-4e0a76c e-flex e-con-boxed e-con e-parent\" data-id=\"4e0a76c\" data-element_type=\"container\" data-e-type=\"container\">\n\t\t\t\t\t<div class=\"e-con-inner\">\n\t\t\t\t<div class=\"elementor-element elementor-element-10fa37b elementor-widget elementor-widget-heading\" data-id=\"10fa37b\" data-element_type=\"widget\" data-e-type=\"widget\" data-widget_type=\"heading.default\">\n\t\t\t\t\t<h1 class=\"elementor-heading-title elementor-size-default\">Protezione dei dati personali<\/h1>\t\t\t\t<\/div>\n\t\t\t\t<div class=\"elementor-element elementor-element-2d247ee elementor-widget elementor-widget-text-editor\" data-id=\"2d247ee\" data-element_type=\"widget\" data-e-type=\"widget\" data-widget_type=\"text-editor.default\">\n\t\t\t\t\t\t\t\t\t<h2><strong>I. Disposizioni fondamentali<\/strong><\/h2><ol><li><strong>Titolare del trattamento dei dati personali<\/strong> Ai sensi dell\u2019articolo 4(7) del regolamento (UE) 2016\/679 del Parlamento europeo e del Consiglio (GDPR), <strong>NATUREPRODUCTSCLINIC LTD<\/strong> (Numero di registrazione 11332850), con sede legale <strong>Unit\u00e0 Q, 35 Astbury Road, Londra, Inghilterra, SE15 2NL<\/strong> (di seguito denominato &quot;amministratore&quot;).<\/li><li><strong>Dettagli di contatto dell&#039;amministratore:<\/strong><ul><li><strong>Indirizzo:<\/strong> Unit\u00e0 Q, 35 Astbury Road, Londra, Inghilterra, SE15 2NL<\/li><li><strong>E-mail:<\/strong> <span style=\"text-decoration: underline;\"><a href=\"mailto:info@linie4life.com\">info@linie4life.com<\/a><\/span><\/li><\/ul><\/li><li><strong>Dati personali<\/strong> si intende qualsiasi informazione relativa a una persona fisica identificata o identificabile.<\/li><\/ol><h2><strong><br \/>II. Fonti e categorie di dati personali trattati<\/strong><\/h2><ol><li>L&#039;amministratore elabora i dati personali che gli hai fornito o che l&#039;amministratore ha ottenuto in base all&#039;evasione del tuo ordine.<\/li><li>Vengono trattati i dati identificativi e di contatto necessari all\u2019esecuzione del contratto.<\/li><\/ol><h2><strong>III. Base giuridica e finalit\u00e0 del trattamento dei dati personali<\/strong><\/h2><ol><li><strong>La base giuridica del trattamento dei dati personali \u00e8:<\/strong><ul><li>L&#039;interesse legittimo del titolare del trattamento a fornire attivit\u00e0 di marketing diretto (<strong>Articolo 6(1)(f) GDPR<\/strong>)<\/li><li>Il tuo consenso al trattamento per finalit\u00e0 di marketing (<strong>Articolo 6(1)(a) GDPR<\/strong>)<\/li><\/ul><\/li><li><strong>Finalit\u00e0 del trattamento dei dati personali:<\/strong><ul><li>Elaborazione degli ordini ed esecuzione del contratto<\/li><li>Invio di comunicazioni commerciali e offerte di marketing<\/li><\/ul><\/li><li>L&#039;amministratore non esegue processi decisionali automatizzati ai sensi dell&#039;articolo 22 del GDPR.<\/li><\/ol><h2><strong>IV. Periodo di conservazione dei dati personali<\/strong><\/h2><ol><li><strong>I dati personali vengono conservati:<\/strong><ul><li>Per tutta la durata del rapporto contrattuale e successivamente <strong>15 anni<\/strong>.<\/li><li>Per la durata del consenso per finalit\u00e0 di marketing, non oltre <strong>15 anni<\/strong>.<\/li><\/ul><\/li><li>Dopo la scadenza del periodo di conservazione, i dati verranno cancellati.<\/li><\/ol><h2><strong>V. Destinatari dei dati personali<\/strong><\/h2><ol><li>I dati personali potranno essere comunicati:<ul><li>Persone coinvolte nella fornitura di beni\/servizi<\/li><li>Fornitori di servizi di marketing<\/li><\/ul><\/li><li>L&#039;amministratore non intende trasferire dati personali al di fuori dell&#039;UE.<\/li><\/ol><h2><strong>VI. I tuoi diritti<\/strong><\/h2><ol><li>Secondo il GDPR, hai il diritto di:<ul><li>Per accedere ai dati personali (<strong>Articolo 15 GDPR<\/strong>)<\/li><li>Per correggere i dati personali (<strong>Articolo 16 GDPR<\/strong>)<\/li><li>Per cancellare i dati personali (<strong>Articolo 17 GDPR<\/strong>)<\/li><li>Per limitare il trattamento (<strong>Articolo 18 GDPR<\/strong>)<\/li><li>Sulla portabilit\u00e0 dei dati (<strong>Articolo 20 GDPR<\/strong>)<\/li><li>Opposizione al trattamento (<strong>Articolo 21 GDPR<\/strong>)<\/li><li>Revoca del consenso al trattamento<\/li><\/ul><\/li><li>Hai il diritto di presentare un reclamo a <strong>Autorit\u00e0 per la protezione dei dati personali<\/strong>.<\/li><\/ol><h2><strong>VII. Sicurezza dei dati personali<\/strong><\/h2><ol><li>L&#039;amministratore ha adottato misure tecniche e organizzative per proteggere i dati personali.<\/li><li>I dati personali sono protetti dall&#039;accesso non autorizzato.<\/li><\/ol><h2><strong>VIII. Disposizioni finali<\/strong><\/h2><ol><li>Confermi di accettare i termini e le condizioni spuntando la casella di consenso sul sito web.<\/li><li>L&#039;amministratore \u00e8 autorizzato a modificare i presenti termini e condizioni; la nuova versione sar\u00e0 pubblicata sul sito web.<\/li><\/ol><h3><strong>I presenti termini e condizioni entrano in vigore il 23 novembre 2023.<\/strong><\/h3>\t\t\t\t\t\t\t\t<\/div>\n\t\t\t\t\t<\/div>\n\t\t\t\t<\/div>\n\t\t\t\t<\/div>","protected":false},"excerpt":{"rendered":"<p>Ochrana osobn\u00edch \u00fadaj\u016f I. Z\u00e1kladn\u00ed ustanoven\u00ed Spr\u00e1vcem osobn\u00edch \u00fadaj\u016f podle \u010dl. 4 bod 7 na\u0159\u00edzen\u00ed Evropsk\u00e9ho parlamentu a Rady (EU) 2016\/679 (GDPR) je NATUREPRODUCTSCLINIC LTD (Company number 11332850), se s\u00eddlem Unit Q, 35 Astbury Road, London, England, SE15 2NL (d\u00e1le jen &#8222;spr\u00e1vce&#8220;). Kontaktn\u00ed \u00fadaje spr\u00e1vce: Adresa: Unit Q, 35 Astbury Road, London, England, SE15 2NL [&hellip;]<\/p>\n","protected":false},"author":2,"featured_media":0,"parent":0,"menu_order":7,"comment_status":"closed","ping_status":"closed","template":"elementor_header_footer","meta":{"footnotes":""},"class_list":["post-34","page","type-page","status-publish","hentry"],"_links":{"self":[{"href":"https:\/\/www.linie4life.com\/it\/wp-json\/wp\/v2\/pages\/34","targetHints":{"allow":["GET"]}}],"collection":[{"href":"https:\/\/www.linie4life.com\/it\/wp-json\/wp\/v2\/pages"}],"about":[{"href":"https:\/\/www.linie4life.com\/it\/wp-json\/wp\/v2\/types\/page"}],"author":[{"embeddable":true,"href":"https:\/\/www.linie4life.com\/it\/wp-json\/wp\/v2\/users\/2"}],"replies":[{"embeddable":true,"href":"https:\/\/www.linie4life.com\/it\/wp-json\/wp\/v2\/comments?post=34"}],"version-history":[{"count":5,"href":"https:\/\/www.linie4life.com\/it\/wp-json\/wp\/v2\/pages\/34\/revisions"}],"predecessor-version":[{"id":7361,"href":"https:\/\/www.linie4life.com\/it\/wp-json\/wp\/v2\/pages\/34\/revisions\/7361"}],"wp:attachment":[{"href":"https:\/\/www.linie4life.com\/it\/wp-json\/wp\/v2\/media?parent=34"}],"curies":[{"name":"parola chiave","href":"https:\/\/api.w.org\/{rel}","templated":true}]}}