{"id":36,"date":"2025-03-04T11:15:58","date_gmt":"2025-03-04T10:15:58","guid":{"rendered":"https:\/\/www.linie4life.com\/doprava\/"},"modified":"2026-03-14T18:12:49","modified_gmt":"2026-03-14T17:12:49","slug":"trasporto","status":"publish","type":"page","link":"https:\/\/www.linie4life.com\/it\/doprava\/","title":{"rendered":"Spedizione"},"content":{"rendered":"<div data-elementor-type=\"wp-page\" data-elementor-id=\"36\" class=\"elementor elementor-36\" data-elementor-post-type=\"page\">\n\t\t\t\t<div class=\"elementor-element elementor-element-1de4ce9 e-flex e-con-boxed e-con e-parent\" data-id=\"1de4ce9\" data-element_type=\"container\" data-e-type=\"container\" data-settings=\"{&quot;background_background&quot;:&quot;classic&quot;}\">\n\t\t\t\t\t<div class=\"e-con-inner\">\n\t\t<div class=\"elementor-element elementor-element-4e4d7e3 e-con-full e-flex e-con e-child\" data-id=\"4e4d7e3\" data-element_type=\"container\" data-e-type=\"container\">\n\t\t\t\t<div class=\"elementor-element elementor-element-67416e6 elementor-widget__width-inherit elementor-widget elementor-widget-heading\" data-id=\"67416e6\" data-element_type=\"widget\" data-e-type=\"widget\" data-widget_type=\"heading.default\">\n\t\t\t\t\t<h1 class=\"elementor-heading-title elementor-size-default\">Spedizione e consegna <\/h1>\t\t\t\t<\/div>\n\t\t\t\t<div class=\"elementor-element elementor-element-8247add elementor-widget__width-initial elementor-widget-laptop__width-initial elementor-widget elementor-widget-text-editor\" data-id=\"8247add\" data-element_type=\"widget\" data-e-type=\"widget\" data-widget_type=\"text-editor.default\">\n\t\t\t\t\t\t\t\t\t<h4 data-start=\"202\" data-end=\"306\"><strong>Consegna degli ordini \u2013 regioni<\/strong><\/h4><p data-start=\"202\" data-end=\"306\">Garantiamo la consegna degli ordini ogni giorno lavorativo <strong data-start=\"256\" data-end=\"305\">Gran Bretagna e alcuni paesi dell&#039;Unione Europea<\/strong>.<\/p><p data-start=\"308\" data-end=\"341\">Effettuiamo consegne nei seguenti paesi:<\/p><p data-start=\"343\" data-end=\"498\"><strong data-start=\"343\" data-end=\"498\">Bulgaria<br data-start=\"354\" data-end=\"357\" \/>Repubblica Ceca<br data-start=\"372\" data-end=\"375\" \/>Francia<br data-start=\"382\" data-end=\"385\" \/>Italia<br data-start=\"391\" data-end=\"394\" \/>Ungheria<br data-start=\"402\" data-end=\"405\" \/>Germania<br data-start=\"412\" data-end=\"415\" \/>Polonia<br data-start=\"421\" data-end=\"424\" \/>Austria<br data-start=\"432\" data-end=\"435\" \/>Romania<br data-start=\"443\" data-end=\"446\" \/>Slovacchia<br data-start=\"455\" data-end=\"458\" \/>Slovenia<br data-start=\"467\" data-end=\"470\" \/>Spagna<br data-start=\"479\" data-end=\"482\" \/>Gran Bretagna<\/strong><\/p><p data-start=\"343\" data-end=\"498\">Al momento il negozio non effettua spedizioni al di fuori dei paesi elencati.<\/p>\t\t\t\t\t\t\t\t<\/div>\n\t\t\t\t<div class=\"elementor-element elementor-element-ab79677 elementor-widget elementor-widget-text-editor\" data-id=\"ab79677\" data-element_type=\"widget\" data-e-type=\"widget\" data-widget_type=\"text-editor.default\">\n\t\t\t\t\t\t\t\t\t<h4><strong>Prezzo di consegna<\/strong><\/h4><p><strong>Consegniamo gratuitamente in tutti i paesi dell&#039;UE!<\/strong> La consegna nel Regno Unito costa attualmente \u00a3 15.<\/p><p>I metodi di spedizione disponibili sono sempre visualizzati nel carrello in base al Paese di consegna selezionato. Collaboriamo con servizi di spedizione locali e internazionali. I corrieri specifici sono sempre visualizzati prima di completare l&#039;ordine.<\/p><h4><strong>Tempi di consegna<\/strong><\/h4><ul><li>CZ, SK: solitamente 1\u20132 giorni lavorativi<\/li><li>Paesi UE selezionati: solitamente 2-3 giorni lavorativi<\/li><li>OK: di solito 2-3 giorni lavorativi<\/li><\/ul><p>Valido per ordini consegnati entro le ore 10:00 locali.<\/p><p>Le scadenze indicate sono indicative e possono variare a seconda del vettore o del carico di lavoro di trasporto.\u00a0<\/p><h4><strong>Informazioni importanti<\/strong><\/h4><p>Per le spedizioni nel Regno Unito potrebbero essere applicate normative doganali e fiscali locali, che potrebbero aumentare i tempi di consegna e\/o i costi effettivi di consegna.<\/p>\t\t\t\t\t\t\t\t<\/div>\n\t\t\t\t<div class=\"elementor-element elementor-element-08ced77 elementor-widget elementor-widget-text-editor\" data-id=\"08ced77\" data-element_type=\"widget\" data-e-type=\"widget\" data-widget_type=\"text-editor.default\">\n\t\t\t\t\t\t\t\t\t<p>La logistica delle spedizioni viene gestita dalla Repubblica Ceca.<\/p>\t\t\t\t\t\t\t\t<\/div>\n\t\t\t\t<div class=\"elementor-element elementor-element-015f4b1 elementor-widget elementor-widget-text-editor\" data-id=\"015f4b1\" data-element_type=\"widget\" data-e-type=\"widget\" data-widget_type=\"text-editor.default\">\n\t\t\t\t\t\t\t\t\t<p><strong>Prezzo con pagamento alla consegna<\/strong><\/p><p>Nel caso di pagamento in contrassegno, la commissione per il pagamento in contrassegno \u00e8 di 1,9 EUR\/50 CZK o l&#039;equivalente in altre valute.<\/p>\t\t\t\t\t\t\t\t<\/div>\n\t\t\t\t<\/div>\n\t\t<div class=\"elementor-element elementor-element-e6efdea e-con-full elementor-hidden-widescreen elementor-hidden-desktop elementor-hidden-laptop elementor-hidden-tablet elementor-hidden-mobile e-flex e-con e-child\" data-id=\"e6efdea\" data-element_type=\"container\" data-e-type=\"container\">\n\t\t\t\t<div class=\"elementor-element elementor-element-0aa8fb9 elementor-widget__width-inherit elementor-widget-mobile__width-initial elementor-widget elementor-widget-heading\" data-id=\"0aa8fb9\" data-element_type=\"widget\" data-e-type=\"widget\" data-widget_type=\"heading.default\">\n\t\t\t\t\t<h2 class=\"elementor-heading-title elementor-size-default\">\ud83c\udde8\ud83c\uddff Repubblica Ceca e \ud83c\uddf8\ud83c\uddf0 Slovacchia<\/h2>\t\t\t\t<\/div>\n\t\t\t\t<div class=\"elementor-element elementor-element-aaa9f78 elementor-widget__width-inherit elementor-widget-laptop__width-initial elementor-widget elementor-widget-text-editor\" data-id=\"aaa9f78\" data-element_type=\"widget\" data-e-type=\"widget\" data-widget_type=\"text-editor.default\">\n\t\t\t\t\t\t\t\t\t<p>Per ordini inferiori a 500 CZK si applicano i seguenti costi di spedizione:<\/p>\t\t\t\t\t\t\t\t<\/div>\n\t\t<div class=\"elementor-element elementor-element-e703b09 e-con-full e-flex e-con e-child\" data-id=\"e703b09\" data-element_type=\"container\" data-e-type=\"container\" data-settings=\"{&quot;background_background&quot;:&quot;classic&quot;}\">\n\t\t<div class=\"elementor-element elementor-element-9f913f2 e-con-full e-flex e-con e-child\" data-id=\"9f913f2\" data-element_type=\"container\" data-e-type=\"container\">\n\t\t\t\t<div class=\"elementor-element elementor-element-dfb2121 elementor-widget__width-initial elementor-widget-laptop__width-initial elementor-widget-mobile__width-initial elementor-widget elementor-widget-image\" data-id=\"dfb2121\" data-element_type=\"widget\" data-e-type=\"widget\" data-widget_type=\"image.default\">\n\t\t\t\t\t\t\t\t\t\t\t\t\t\t\t<img fetchpriority=\"high\" decoding=\"async\" width=\"264\" height=\"191\" src=\"https:\/\/www.linie4life.com\/wp-content\/uploads\/2025\/03\/logo-zasilkovnacz-na-cervenem-pozadi-predstavujici-logistickou-a-dorucovaci-sluzbu-pro-zasilani-baliku.webp\" class=\"attachment-large size-large wp-image-5903\" alt=\"Logo di Z\u00e1silkovna.cz su sfondo rosso, che rappresenta un servizio di logistica e consegna per l&#039;invio di pacchi.\" title=\"\">\t\t\t\t\t\t\t\t\t\t\t\t\t\t\t<\/div>\n\t\t\t\t<div class=\"elementor-element elementor-element-0a200e5 elementor-widget__width-initial elementor-widget-tablet__width-inherit elementor-widget-mobile__width-inherit elementor-widget elementor-widget-text-editor\" data-id=\"0a200e5\" data-element_type=\"widget\" data-e-type=\"widget\" data-widget_type=\"text-editor.default\">\n\t\t\t\t\t\t\t\t\t<p><strong>Casa per corrispondenza Alza + punti di consegna<br \/>e Alzaboxes<\/strong><\/p><p><span style=\"color: #339966;\"><strong>89 corone corone<\/strong><\/span><\/p><p>Consegna: 1-3 giorni lavorativi<\/p>\t\t\t\t\t\t\t\t<\/div>\n\t\t\t\t<\/div>\n\t\t\t\t<\/div>\n\t\t<div class=\"elementor-element elementor-element-0a3facc e-con-full e-flex e-con e-child\" data-id=\"0a3facc\" data-element_type=\"container\" data-e-type=\"container\" data-settings=\"{&quot;background_background&quot;:&quot;classic&quot;}\">\n\t\t<div class=\"elementor-element elementor-element-c35c599 e-con-full e-flex e-con e-child\" data-id=\"c35c599\" data-element_type=\"container\" data-e-type=\"container\">\n\t\t\t\t<div class=\"elementor-element elementor-element-4cacd70 elementor-widget__width-initial elementor-widget-laptop__width-initial elementor-widget-mobile__width-initial elementor-widget elementor-widget-image\" data-id=\"4cacd70\" data-element_type=\"widget\" data-e-type=\"widget\" data-widget_type=\"image.default\">\n\t\t\t\t\t\t\t\t\t\t\t\t\t\t\t<img decoding=\"async\" width=\"800\" height=\"360\" src=\"https:\/\/www.linie4life.com\/wp-content\/uploads\/2025\/03\/logo-ppl-se-tremi-modrymi-prouzky-a-modrym-textem-na-bilem-pozadi-symbolizujici-rychlou-prepravu.webp\" class=\"attachment-large size-large wp-image-5904\" alt=\"Logo PPL con tre strisce blu e testo blu su sfondo bianco, che simboleggia il trasporto veloce.\" title=\"\">\t\t\t\t\t\t\t\t\t\t\t\t\t\t\t<\/div>\n\t\t\t\t<div class=\"elementor-element elementor-element-01811f1 elementor-widget__width-initial elementor-widget-mobile__width-inherit elementor-widget elementor-widget-text-editor\" data-id=\"01811f1\" data-element_type=\"widget\" data-e-type=\"widget\" data-widget_type=\"text-editor.default\">\n\t\t\t\t\t\t\t\t\t<p><strong>PPL\/PPL Parcelshop<\/strong><\/p><p><span style=\"color: #339966;\"><strong>119 corone ceche\/89 corone ceche<\/strong><\/span><\/p><p>Consegna: 1-3 giorni lavorativi<\/p>\t\t\t\t\t\t\t\t<\/div>\n\t\t\t\t<\/div>\n\t\t\t\t<\/div>\n\t\t<div class=\"elementor-element elementor-element-fb53d52 e-con-full e-flex e-con e-child\" data-id=\"fb53d52\" data-element_type=\"container\" data-e-type=\"container\" data-settings=\"{&quot;background_background&quot;:&quot;classic&quot;}\">\n\t\t<div class=\"elementor-element elementor-element-9328687 e-con-full e-flex e-con e-child\" data-id=\"9328687\" data-element_type=\"container\" data-e-type=\"container\">\n\t\t\t\t<div class=\"elementor-element elementor-element-9f1683e elementor-widget__width-initial elementor-widget-laptop__width-initial elementor-widget-mobile__width-initial elementor-widget elementor-widget-image\" data-id=\"9f1683e\" data-element_type=\"widget\" data-e-type=\"widget\" data-widget_type=\"image.default\">\n\t\t\t\t\t\t\t\t\t\t\t\t\t\t\t<img decoding=\"async\" width=\"800\" height=\"215\" src=\"https:\/\/www.linie4life.com\/wp-content\/uploads\/2025\/03\/logo-spolecnosti-gls-ve-zluto-modrych-barvach-symbolizujici-logistiku-a-rychle-dorucovaci-sluzby.webp\" class=\"attachment-large size-large wp-image-5906\" alt=\"Logo GLS nei colori giallo e blu, simbolo di logistica e servizi di consegna rapida.\" title=\"\">\t\t\t\t\t\t\t\t\t\t\t\t\t\t\t<\/div>\n\t\t\t\t<div class=\"elementor-element elementor-element-5a521ca elementor-widget__width-initial elementor-widget-mobile__width-inherit elementor-widget elementor-widget-text-editor\" data-id=\"5a521ca\" data-element_type=\"widget\" data-e-type=\"widget\" data-widget_type=\"text-editor.default\">\n\t\t\t\t\t\t\t\t\t<p><strong>GLS<\/strong><\/p><p><span style=\"color: #339966;\"><strong>119 corone corone<\/strong><\/span><\/p><p>Consegna: 1-3 giorni lavorativi<br \/><br \/><\/p>\t\t\t\t\t\t\t\t<\/div>\n\t\t\t\t<\/div>\n\t\t\t\t<\/div>\n\t\t<div class=\"elementor-element elementor-element-ff7dc6a e-con-full e-flex e-con e-child\" data-id=\"ff7dc6a\" data-element_type=\"container\" data-e-type=\"container\" data-settings=\"{&quot;background_background&quot;:&quot;classic&quot;}\">\n\t\t<div class=\"elementor-element elementor-element-6257845 e-con-full e-flex e-con e-child\" data-id=\"6257845\" data-element_type=\"container\" data-e-type=\"container\">\n\t\t\t\t<div class=\"elementor-element elementor-element-f98908c elementor-widget__width-initial elementor-widget-laptop__width-initial elementor-widget-mobile__width-initial elementor-widget elementor-widget-image\" data-id=\"f98908c\" data-element_type=\"widget\" data-e-type=\"widget\" data-widget_type=\"image.default\">\n\t\t\t\t\t\t\t\t\t\t\t\t\t\t\t<img loading=\"lazy\" decoding=\"async\" width=\"200\" height=\"100\" src=\"https:\/\/www.linie4life.com\/wp-content\/uploads\/2025\/03\/logo-balikovny-s-barevnymi-ctverci-symbolizujicimi-moderni-a-rychle-logisticke-sluzby-pro-dorucovani-baliku-v-cr.webp\" class=\"attachment-large size-large wp-image-5907\" alt=\"Il logo di Bal\u00edkovna con quadrati colorati simboleggia i servizi logistici moderni e veloci per la consegna dei pacchi nella Repubblica Ceca.\" title=\"\">\t\t\t\t\t\t\t\t\t\t\t\t\t\t\t<\/div>\n\t\t\t\t<div class=\"elementor-element elementor-element-edb7e0e elementor-widget__width-initial elementor-widget-mobile__width-inherit elementor-widget elementor-widget-text-editor\" data-id=\"edb7e0e\" data-element_type=\"widget\" data-e-type=\"widget\" data-widget_type=\"text-editor.default\">\n\t\t\t\t\t\t\t\t\t<p><strong>Balikovna \u2013 All\u2019indirizzo:\u00a0<\/strong><\/p><p><span style=\"color: #339966;\"><strong>89 corone corone<\/strong><\/span><\/p><p>Consegna: 1-3 giorni lavorativi<\/p>\t\t\t\t\t\t\t\t<\/div>\n\t\t\t\t<\/div>\n\t\t\t\t<\/div>\n\t\t<div class=\"elementor-element elementor-element-811b645 e-con-full e-flex e-con e-child\" data-id=\"811b645\" data-element_type=\"container\" data-e-type=\"container\" data-settings=\"{&quot;background_background&quot;:&quot;classic&quot;}\">\n\t\t<div class=\"elementor-element elementor-element-66cbb08 e-con-full e-flex e-con e-child\" data-id=\"66cbb08\" data-element_type=\"container\" data-e-type=\"container\">\n\t\t\t\t<div class=\"elementor-element elementor-element-781883e elementor-widget__width-initial elementor-widget-laptop__width-initial elementor-widget-tablet__width-initial elementor-widget-mobile__width-initial elementor-widget elementor-widget-image\" data-id=\"781883e\" data-element_type=\"widget\" data-e-type=\"widget\" data-widget_type=\"image.default\">\n\t\t\t\t\t\t\t\t\t\t\t\t\t\t\t<img loading=\"lazy\" decoding=\"async\" width=\"200\" height=\"100\" src=\"https:\/\/www.linie4life.com\/wp-content\/uploads\/2025\/03\/logo-ceske-posty-s-charakteristickym-modro-zlutym-ztvarnenim-symbolizujici-postovni-sluzby-v-ceske-republice.webp\" class=\"attachment-large size-large wp-image-5908\" alt=\"Il logo delle Poste ceche con il caratteristico disegno blu-giallo, simboleggia i servizi postali nella Repubblica Ceca.\" title=\"\">\t\t\t\t\t\t\t\t\t\t\t\t\t\t\t<\/div>\n\t\t\t\t<div class=\"elementor-element elementor-element-a2d2406 elementor-widget__width-initial elementor-widget-mobile__width-inherit elementor-widget elementor-widget-text-editor\" data-id=\"a2d2406\" data-element_type=\"widget\" data-e-type=\"widget\" data-widget_type=\"text-editor.default\">\n\t\t\t\t\t\t\t\t\t<p><strong>Pacco della Posta Ceca in mano<\/strong><\/p><p><span style=\"color: #339966;\"><strong>129 corone corone<\/strong><\/span><\/p><p>Consegna: 1-3 giorni lavorativi<\/p>\t\t\t\t\t\t\t\t<\/div>\n\t\t\t\t<\/div>\n\t\t\t\t<\/div>\n\t\t<div class=\"elementor-element elementor-element-a430356 e-con-full e-flex e-con e-child\" data-id=\"a430356\" data-element_type=\"container\" data-e-type=\"container\" data-settings=\"{&quot;background_background&quot;:&quot;classic&quot;}\">\n\t\t<div class=\"elementor-element elementor-element-1718d26 e-con-full e-flex e-con e-child\" data-id=\"1718d26\" data-element_type=\"container\" data-e-type=\"container\">\n\t\t\t\t<div class=\"elementor-element elementor-element-21cdb52 elementor-widget__width-initial elementor-widget-laptop__width-initial elementor-widget-tablet__width-initial elementor-widget-mobile__width-initial elementor-widget elementor-widget-image\" data-id=\"21cdb52\" data-element_type=\"widget\" data-e-type=\"widget\" data-widget_type=\"image.default\">\n\t\t\t\t\t\t\t\t\t\t\t\t\t\t\t<img loading=\"lazy\" decoding=\"async\" width=\"800\" height=\"336\" src=\"https:\/\/www.linie4life.com\/wp-content\/uploads\/2025\/03\/logo-logisticke-spolecnosti-dpd-cerveny-symbol-baliku-vedle-textu-zamerene-na-dorucovani-zasilek.webp\" class=\"attachment-large size-large wp-image-5905\" alt=\"Logo dell&#039;azienda di logistica DPD, un simbolo di pacco rosso accanto al testo, focalizzato sulla consegna dei pacchi.\" title=\"\">\t\t\t\t\t\t\t\t\t\t\t\t\t\t\t<\/div>\n\t\t\t\t<div class=\"elementor-element elementor-element-aeee673 elementor-widget__width-initial elementor-widget-mobile__width-inherit elementor-widget elementor-widget-text-editor\" data-id=\"aeee673\" data-element_type=\"widget\" data-e-type=\"widget\" data-widget_type=\"text-editor.default\">\n\t\t\t\t\t\t\t\t\t<p><strong>DPD<\/strong><\/p><p><span style=\"color: #339966;\"><strong>119 corone corone<\/strong><\/span><\/p><p>Consegna: 1-3 giorni lavorativi<\/p>\t\t\t\t\t\t\t\t<\/div>\n\t\t\t\t<\/div>\n\t\t\t\t<\/div>\n\t\t\t\t<\/div>\n\t\t<div class=\"elementor-element elementor-element-079cd2a e-con-full elementor-hidden-widescreen elementor-hidden-desktop elementor-hidden-laptop elementor-hidden-tablet elementor-hidden-mobile e-flex e-con e-child\" data-id=\"079cd2a\" data-element_type=\"container\" data-e-type=\"container\">\n\t\t\t\t<div class=\"elementor-element elementor-element-1109ecf elementor-widget__width-inherit elementor-widget-mobile__width-initial elementor-widget elementor-widget-heading\" data-id=\"1109ecf\" data-element_type=\"widget\" data-e-type=\"widget\" data-widget_type=\"heading.default\">\n\t\t\t\t\t<h2 class=\"elementor-heading-title elementor-size-default\">\ud83c\udf0d All&#039;estero<\/h2>\t\t\t\t<\/div>\n\t\t\t\t<div class=\"elementor-element elementor-element-a11ba08 elementor-widget__width-inherit elementor-widget elementor-widget-text-editor\" data-id=\"a11ba08\" data-element_type=\"widget\" data-e-type=\"widget\" data-widget_type=\"text-editor.default\">\n\t\t\t\t\t\t\t\t\t<p>\u00c8 possibile la consegna all&#039;indirizzo indicato o tramite cassetta postale. Per ordini inferiori a 1.000 corone ceche, si applicano i seguenti costi di spedizione:<\/p>\t\t\t\t\t\t\t\t<\/div>\n\t\t<div class=\"elementor-element elementor-element-40b5f0a e-con-full e-flex e-con e-child\" data-id=\"40b5f0a\" data-element_type=\"container\" data-e-type=\"container\" data-settings=\"{&quot;background_background&quot;:&quot;classic&quot;}\">\n\t\t<div class=\"elementor-element elementor-element-d267c50 e-con-full e-flex e-con e-child\" data-id=\"d267c50\" data-element_type=\"container\" data-e-type=\"container\">\n\t\t\t\t<div class=\"elementor-element elementor-element-62bf8de elementor-widget__width-initial elementor-widget-laptop__width-initial elementor-widget-mobile__width-initial elementor-widget elementor-widget-image\" data-id=\"62bf8de\" data-element_type=\"widget\" data-e-type=\"widget\" data-widget_type=\"image.default\">\n\t\t\t\t\t\t\t\t\t\t\t\t\t\t\t<img fetchpriority=\"high\" decoding=\"async\" width=\"264\" height=\"191\" src=\"https:\/\/www.linie4life.com\/wp-content\/uploads\/2025\/03\/logo-zasilkovnacz-na-cervenem-pozadi-predstavujici-logistickou-a-dorucovaci-sluzbu-pro-zasilani-baliku.webp\" class=\"attachment-large size-large wp-image-5903\" alt=\"Logo di Z\u00e1silkovna.cz su sfondo rosso, che rappresenta un servizio di logistica e consegna per l&#039;invio di pacchi.\" title=\"\">\t\t\t\t\t\t\t\t\t\t\t\t\t\t\t<\/div>\n\t\t\t\t<div class=\"elementor-element elementor-element-188c455 elementor-widget__width-initial elementor-widget-mobile__width-inherit elementor-widget elementor-widget-text-editor\" data-id=\"188c455\" data-element_type=\"widget\" data-e-type=\"widget\" data-widget_type=\"text-editor.default\">\n\t\t\t\t\t\t\t\t\t<p><strong>Casa per corrispondenza\u00a0<\/strong><\/p><p><span style=\"color: #339966;\"><strong>\u20ac5 \/ Gratuito da 1.000 CZK<\/strong><\/span><\/p><p>Consegna: 2-3 giorni lavorativi<\/p>\t\t\t\t\t\t\t\t<\/div>\n\t\t\t\t<\/div>\n\t\t\t\t<\/div>\n\t\t<div class=\"elementor-element elementor-element-6749723 e-con-full e-flex e-con e-child\" data-id=\"6749723\" data-element_type=\"container\" data-e-type=\"container\" data-settings=\"{&quot;background_background&quot;:&quot;classic&quot;}\">\n\t\t<div class=\"elementor-element elementor-element-1e87d0c e-con-full e-flex e-con e-child\" data-id=\"1e87d0c\" data-element_type=\"container\" data-e-type=\"container\">\n\t\t\t\t<div class=\"elementor-element elementor-element-8909fde elementor-widget__width-initial elementor-widget-laptop__width-initial elementor-widget-mobile__width-initial elementor-widget elementor-widget-image\" data-id=\"8909fde\" data-element_type=\"widget\" data-e-type=\"widget\" data-widget_type=\"image.default\">\n\t\t\t\t\t\t\t\t\t\t\t\t\t\t\t<img decoding=\"async\" width=\"800\" height=\"360\" src=\"https:\/\/www.linie4life.com\/wp-content\/uploads\/2025\/03\/logo-ppl-se-tremi-modrymi-prouzky-a-modrym-textem-na-bilem-pozadi-symbolizujici-rychlou-prepravu.webp\" class=\"attachment-large size-large wp-image-5904\" alt=\"Logo PPL con tre strisce blu e testo blu su sfondo bianco, che simboleggia il trasporto veloce.\" title=\"\">\t\t\t\t\t\t\t\t\t\t\t\t\t\t\t<\/div>\n\t\t\t\t<div class=\"elementor-element elementor-element-30a9934 elementor-widget__width-initial elementor-widget-mobile__width-inherit elementor-widget elementor-widget-text-editor\" data-id=\"30a9934\" data-element_type=\"widget\" data-e-type=\"widget\" data-widget_type=\"text-editor.default\">\n\t\t\t\t\t\t\t\t\t<p><strong>PPL\/DHL<\/strong><\/p><p><span style=\"color: #339966;\"><strong>\u20ac5 \/ Gratuito da 1.000 CZK<\/strong><\/span><\/p><p>Consegna: 2-3 giorni lavorativi<\/p>\t\t\t\t\t\t\t\t<\/div>\n\t\t\t\t<\/div>\n\t\t\t\t<\/div>\n\t\t<div class=\"elementor-element elementor-element-2287f13 e-con-full e-flex e-con e-child\" data-id=\"2287f13\" data-element_type=\"container\" data-e-type=\"container\" data-settings=\"{&quot;background_background&quot;:&quot;classic&quot;}\">\n\t\t<div class=\"elementor-element elementor-element-3a74706 e-con-full e-flex e-con e-child\" data-id=\"3a74706\" data-element_type=\"container\" data-e-type=\"container\">\n\t\t\t\t<div class=\"elementor-element elementor-element-ee5b05e elementor-widget__width-initial elementor-widget-laptop__width-initial elementor-widget-mobile__width-initial elementor-widget elementor-widget-image\" data-id=\"ee5b05e\" data-element_type=\"widget\" data-e-type=\"widget\" data-widget_type=\"image.default\">\n\t\t\t\t\t\t\t\t\t\t\t\t\t\t\t<img loading=\"lazy\" decoding=\"async\" width=\"800\" height=\"336\" src=\"https:\/\/www.linie4life.com\/wp-content\/uploads\/2025\/03\/logo-logisticke-spolecnosti-dpd-cerveny-symbol-baliku-vedle-textu-zamerene-na-dorucovani-zasilek.webp\" class=\"attachment-large size-large wp-image-5905\" alt=\"Logo dell&#039;azienda di logistica DPD, un simbolo di pacco rosso accanto al testo, focalizzato sulla consegna dei pacchi.\" title=\"\">\t\t\t\t\t\t\t\t\t\t\t\t\t\t\t<\/div>\n\t\t\t\t<div class=\"elementor-element elementor-element-9d840c9 elementor-widget__width-initial elementor-widget-mobile__width-inherit elementor-widget elementor-widget-text-editor\" data-id=\"9d840c9\" data-element_type=\"widget\" data-e-type=\"widget\" data-widget_type=\"text-editor.default\">\n\t\t\t\t\t\t\t\t\t<p><strong>DPD<\/strong><\/p><p><span style=\"color: #339966;\"><strong>\u20ac5 \/ Gratuito da 1.000 CZK<\/strong><\/span><\/p><p>Consegna: 2-3 giorni lavorativi<\/p>\t\t\t\t\t\t\t\t<\/div>\n\t\t\t\t<\/div>\n\t\t\t\t<\/div>\n\t\t\t\t<\/div>\n\t\t\t\t\t<\/div>\n\t\t\t\t<\/div>\n\t\t\t\t<\/div>","protected":false},"excerpt":{"rendered":"<p>Doprava a doru\u010den\u00ed Doru\u010dov\u00e1n\u00ed objedn\u00e1vek &#8211; regiony Zaji\u0161\u0165ujeme doru\u010den\u00ed objedn\u00e1vek ka\u017ed\u00fd pracovn\u00ed den do Velk\u00e9 Brit\u00e1nie a vybran\u00fdch zem\u00ed Evropsk\u00e9 unie. Doru\u010dujeme do n\u00e1sleduj\u00edc\u00edch zem\u00ed: Bulharsko\u010cesk\u00e1 republikaFrancieIt\u00e1lieMa\u010farskoN\u011bmeckoPolskoRakouskoRumunskoSlovenskoSlovinsko\u0160pan\u011blskoVelk\u00e1 Brit\u00e1nie Obchod aktu\u00e1ln\u011b nedoru\u010duje mimo uveden\u00e9 zem\u011b. Cena doru\u010den\u00ed Do v\u0161ech zem\u00ed EU doru\u010dujeme zdarma! Doru\u010den\u00ed pro Velkou Brit\u00e1nii aktu\u00e1ln\u011b \u010din\u00ed 15 \u00a3. Dostupn\u00e9 zp\u016fsoby dopravy jsou v\u017edy [&hellip;]<\/p>\n","protected":false},"author":2,"featured_media":0,"parent":0,"menu_order":9,"comment_status":"closed","ping_status":"closed","template":"elementor_header_footer","meta":{"footnotes":""},"class_list":["post-36","page","type-page","status-publish","hentry"],"_links":{"self":[{"href":"https:\/\/www.linie4life.com\/it\/wp-json\/wp\/v2\/pages\/36","targetHints":{"allow":["GET"]}}],"collection":[{"href":"https:\/\/www.linie4life.com\/it\/wp-json\/wp\/v2\/pages"}],"about":[{"href":"https:\/\/www.linie4life.com\/it\/wp-json\/wp\/v2\/types\/page"}],"author":[{"embeddable":true,"href":"https:\/\/www.linie4life.com\/it\/wp-json\/wp\/v2\/users\/2"}],"replies":[{"embeddable":true,"href":"https:\/\/www.linie4life.com\/it\/wp-json\/wp\/v2\/comments?post=36"}],"version-history":[{"count":10,"href":"https:\/\/www.linie4life.com\/it\/wp-json\/wp\/v2\/pages\/36\/revisions"}],"predecessor-version":[{"id":17750,"href":"https:\/\/www.linie4life.com\/it\/wp-json\/wp\/v2\/pages\/36\/revisions\/17750"}],"wp:attachment":[{"href":"https:\/\/www.linie4life.com\/it\/wp-json\/wp\/v2\/media?parent=36"}],"curies":[{"name":"parola chiave","href":"https:\/\/api.w.org\/{rel}","templated":true}]}}