{"id":7843,"date":"2025-06-05T14:01:53","date_gmt":"2025-06-05T12:01:53","guid":{"rendered":"https:\/\/www.linie4life.com\/zasady-cookies-eu\/"},"modified":"2026-02-16T03:21:59","modified_gmt":"2026-02-16T02:21:59","slug":"politica-sui-cookie-dellue","status":"publish","type":"page","link":"https:\/\/www.linie4life.com\/it\/zasady-cookies-eu\/","title":{"rendered":"Informativa sui cookie (UE)"},"content":{"rendered":"<div data-elementor-type=\"wp-page\" data-elementor-id=\"7843\" class=\"elementor elementor-7843\" data-elementor-post-type=\"page\">\n\t\t\t\t<div class=\"elementor-element elementor-element-b6e1274 e-flex e-con-boxed e-con e-parent\" data-id=\"b6e1274\" data-element_type=\"container\" data-e-type=\"container\">\n\t\t\t\t\t<div class=\"e-con-inner\">\n\t\t<div class=\"elementor-element elementor-element-64d49fd e-con-full e-flex e-con e-child\" data-id=\"64d49fd\" data-element_type=\"container\" data-e-type=\"container\">\n\t\t\t\t<div class=\"elementor-element elementor-element-e3751eb elementor-widget elementor-widget-text-editor\" data-id=\"e3751eb\" data-element_type=\"widget\" data-e-type=\"widget\" data-widget_type=\"text-editor.default\">\n\t\t\t\t\t\t\t\t\t<h1><strong>Informativa sui cookie<\/strong><\/h1><p><strong>Data di entrata in vigore:<\/strong> 2 febbraio 2026<br \/><strong>Ultimo aggiornamento:<\/strong> 2 febbraio 2026<\/p><p><strong>\u00a0<\/strong><\/p><p><strong>Cosa sono i cookie?<\/strong><\/p><p>La presente Informativa sui cookie spiega cosa sono i cookie, come li utilizziamo, quali tipi di cookie utilizziamo (ovvero quali informazioni raccogliamo tramite i cookie e come vengono utilizzate queste informazioni) e come puoi gestire le tue impostazioni sui cookie.<\/p><p>I cookie sono piccoli file di testo che vengono memorizzati sul tuo dispositivo quando carichi un sito web tramite il tuo browser. Contribuiscono a garantire il corretto funzionamento del sito web, ne aumentano la sicurezza, migliorano l&#039;esperienza utente e ci consentono di analizzare le prestazioni del sito web in modo da poter identificare cosa funziona bene e dove c&#039;\u00e8 margine di miglioramento.<\/p><p><strong>\u00a0<\/strong><\/p><p><strong>Come utilizziamo i cookie?<\/strong><\/p><p>Come la maggior parte dei servizi online, il nostro sito web utilizza cookie proprietari e di terze parti per vari scopi.<\/p><p>I cookie proprietari sono necessari per il corretto funzionamento del sito web e non raccolgono informazioni personali identificabili.<\/p><p>I cookie di terze parti ci aiutano in particolare a:<\/p><ul><li>analizzare come funziona il sito web,<\/li><li>monitorare le interazioni degli utenti con il sito web,<\/li><li>garantire la sicurezza dei nostri servizi,<\/li><li>visualizzare pubblicit\u00e0 pertinente,<\/li><li>migliorare il comfort dell&#039;utente e la velocit\u00e0 delle visite future.<\/li><\/ul><p>\u00a0<\/p><p><strong>Tipi di cookie che utilizziamo<\/strong><\/p><p><strong>Cookie necessari<\/strong><\/p><p>Questi cookie sono essenziali per le funzioni di base del sito web. Senza di essi, il sito non funzionerebbe correttamente. Non memorizzano alcuna informazione personale identificabile.<\/p><table><thead><tr><td><p><strong>Nome<\/strong><\/p><\/td><td><p><strong>Durata<\/strong><\/p><\/td><td><p><strong>Descrizione<\/strong><\/p><\/td><\/tr><\/thead><tbody><tr><td><p>elementore<\/p><\/td><td><p>Non scade mai.<\/p><\/td><td><p>Viene utilizzato dal modello WordPress per modificare e visualizzare i contenuti del sito web.<\/p><\/td><\/tr><tr><td><p>wpEmojiSettingsSupporta<\/p><\/td><td><p>Sessione<\/p><\/td><td><p>Determina se il browser supporta la visualizzazione degli emoji.<\/p><\/td><\/tr><tr><td><p>cookieyes-consent<\/p><\/td><td><p>1 anno<\/p><\/td><td><p>Memorizza il consenso dell&#039;utente ai cookie per rispettare le sue preferenze.<\/p><\/td><\/tr><tr><td><p>METADATI_PRIVACY_VISITATORE<\/p><\/td><td><p>6 mesi<\/p><\/td><td><p>Memorizza lo stato del consenso ai cookie dell&#039;utente per il dominio corrente (YouTube).<\/p><\/td><\/tr><tr><td><p>PHPSESSID<\/p><\/td><td><p>Sessione<\/p><\/td><td><p>Memorizza un ID univoco della sessione utente.<\/p><\/td><\/tr><tr><td><p>__cf_bm<\/p><\/td><td><p>1 ora<\/p><\/td><td><p>Cookie anti-bot di Cloudflare.<\/p><\/td><\/tr><tr><td><p>m<\/p><\/td><td><p>1 anno 1 mese 4 giorni<\/p><\/td><td><p>Stripe: prevenzione delle frodi e identificazione dei dispositivi.<\/p><\/td><\/tr><tr><td><p>__stripe_mid<\/p><\/td><td><p>1 anno<\/p><\/td><td><p>Stripe \u2013 elaborazione dei pagamenti.<\/p><\/td><\/tr><tr><td><p>__stripe_sid<\/p><\/td><td><p>1 ora<\/p><\/td><td><p>Stripe \u2013 elaborazione dei pagamenti.<\/p><\/td><\/tr><tr><td><p>pbid<\/p><\/td><td><p>6 mesi<\/p><\/td><td><p>PixelYourSite \u2013 gestione delle sessioni utente.<\/p><\/td><\/tr><\/tbody><\/table><p><strong>\u00a0<\/strong><\/p><p><strong>Cookie funzionali<\/strong><\/p><p>Questi cookie abilitano funzionalit\u00e0 avanzate, come la condivisione di contenuti sui social network o la riproduzione di video incorporati.<\/p><table><thead><tr><td><p><strong>Nome<\/strong><\/p><\/td><td><p><strong>Durata<\/strong><\/p><\/td><td><p><strong>Descrizione<\/strong><\/p><\/td><\/tr><\/thead><tbody><tr><td><p>VISITOR_INFO1_LIVE<\/p><\/td><td><p>6 mesi<\/p><\/td><td><p>YouTube \u2013 misurazione della velocit\u00e0 di connessione.<\/p><\/td><\/tr><tr><td><p>yt-remoto-*<\/p><\/td><td><p>Sessione \/ permanente<\/p><\/td><td><p>Memorizzano le preferenze del lettore YouTube.<\/p><\/td><\/tr><tr><td><p>ytidb::ULTIMA_CHIAVE_DI_VOCE_RISULTATO<\/p><\/td><td><p>Non scade mai.<\/p><\/td><td><p>Salva l&#039;ultimo risultato di ricerca YouTube cliccato.<\/p><\/td><\/tr><\/tbody><\/table><p><strong>\u00a0<\/strong><\/p><p><strong>Cookie analitici<\/strong><\/p><p>Vengono utilizzati per capire come i visitatori utilizzano il sito web. Aiutano a monitorare il numero di visitatori, la frequenza di rimbalzo, la fonte del traffico e altre statistiche.<\/p><table><thead><tr><td><p><strong>Nome<\/strong><\/p><\/td><td><p><strong>Durata<\/strong><\/p><\/td><td><p><strong>Descrizione<\/strong><\/p><\/td><\/tr><\/thead><tbody><tr><td><p>sbjs_*<\/p><\/td><td><p>Sessione<\/p><\/td><td><p>Identificazione della fonte della visita (Sourcebuster).<\/p><\/td><\/tr><tr><td><p>_ga, <em>ga<\/em>*<\/p><\/td><td><p>1 anno 1 mese 4 giorni<\/p><\/td><td><p>Google Analytics: statistiche anonime sul traffico.<\/p><\/td><\/tr><tr><td><p>_clicca<\/p><\/td><td><p>1 anno<\/p><\/td><td><p>Microsoft Clarity \u2013 Conservazione dell&#039;ID utente.<\/p><\/td><\/tr><tr><td><p>_clsk<\/p><\/td><td><p>1 giorno<\/p><\/td><td><p>Microsoft Clarity \u2013 registrazione della sessione.<\/p><\/td><\/tr><tr><td><p>YSC<\/p><\/td><td><p>Sessione<\/p><\/td><td><p>YouTube: monitoraggio delle visualizzazioni dei video.<\/p><\/td><\/tr><tr><td><p>labbro_*<\/p><\/td><td><p>Sessione \/ 7 giorni<\/p><\/td><td><p>PixelYourSite \u2013 servizi di analisi.<\/p><\/td><\/tr><\/tbody><\/table><p><strong>\u00a0<\/strong><\/p><p><strong>Cookie pubblicitari<\/strong><\/p><p>Vengono utilizzati per visualizzare annunci pubblicitari personalizzati e misurare l&#039;efficacia delle campagne pubblicitarie.<\/p><table><thead><tr><td><p><strong>Nome<\/strong><\/p><\/td><td><p><strong>Durata<\/strong><\/p><\/td><td><p><strong>Descrizione<\/strong><\/p><\/td><\/tr><\/thead><tbody><tr><td><p>yt.innertube::*<\/p><\/td><td><p>Non scade mai.<\/p><\/td><td><p>YouTube: memorizzazione della cronologia delle visualizzazioni dei video.<\/p><\/td><\/tr><tr><td><p>_fbp<\/p><\/td><td><p>7 giorni<\/p><\/td><td><p>Facebook: visualizzazione di annunci personalizzati.<\/p><\/td><\/tr><tr><td><p>_gcl_au<\/p><\/td><td><p>3 mesi<\/p><\/td><td><p>Google Tag Manager: verifica dell&#039;efficacia della pubblicit\u00e0.<\/p><\/td><\/tr><tr><td><p>test_cookie<\/p><\/td><td><p>15 minuti<\/p><\/td><td><p>Verifica del supporto dei cookie.<\/p><\/td><\/tr><tr><td><p>IDE<\/p><\/td><td><p>1 anno e 24 giorni<\/p><\/td><td><p>Google DoubleClick: pubblicit\u00e0 personalizzata.<\/p><\/td><\/tr><tr><td><p>NID<\/p><\/td><td><p>6 mesi<\/p><\/td><td><p>Google \u2013 scopi pubblicitari.<\/p><\/td><\/tr><\/tbody><\/table><p><strong>\u00a0<\/strong><\/p><p><strong>Cookie non categorizzati<\/strong><\/p><p>Questi cookie sono attualmente in fase di analisi e non sono ancora stati classificati in una categoria specifica.<\/p><table><thead><tr><td><p><strong>Nome<\/strong><\/p><\/td><td><p><strong>Durata<\/strong><\/p><\/td><td><p><strong>Descrizione<\/strong><\/p><\/td><\/tr><\/thead><tbody><tr><td><p>__Secure-ROLLOUT_TOKEN<\/p><\/td><td><p>6 mesi<\/p><\/td><td><p>Gestione dei test delle funzionalit\u00e0 (YouTube).<\/p><\/td><\/tr><tr><td><p>__Secure-YEC<\/p><\/td><td><p>\u2014<\/p><\/td><td><p>Descrizione non ancora disponibile.<\/p><\/td><\/tr><tr><td><p>__Secure-YNID<\/p><\/td><td><p>6 mesi<\/p><\/td><td><p>Protezione della sicurezza dell&#039;utente (Google).<\/p><\/td><\/tr><tr><td><p>pys_consent<\/p><\/td><td><p>1 anno<\/p><\/td><td><p>Gestione del consenso (PixelYourSite).<\/p><\/td><\/tr><tr><td><p>wmc_currency<\/p><\/td><td><p>1 mese<\/p><\/td><td><p>Memorizza la valuta preferita dall&#039;utente.<\/p><\/td><\/tr><\/tbody><\/table><p><strong>\u00a0<\/strong><\/p><p><strong>Gestione delle impostazioni dei cookie<\/strong><\/p><p>Puoi modificare le tue preferenze sui cookie in qualsiasi momento cliccando sul pulsante &quot;Preferenze consenso&quot;. Verr\u00e0 riaperta la barra di gestione del consenso e potrai modificare le impostazioni o revocare il consenso.<\/p><p>Diversi browser consentono di bloccare ed eliminare i cookie. \u00c8 possibile modificare le impostazioni direttamente nel browser. Le istruzioni sono disponibili qui:<\/p><ul><li><strong>Google Chrome:<\/strong> <a href=\"https:\/\/support.google.com\/accounts\/answer\/32050\" target=\"_blank\" rel=\"noopener\">https:\/\/support.google.com\/accounts\/answer\/32050<\/a><\/li><li><strong>Safari:<\/strong> <a href=\"https:\/\/support.apple.com\/en-in\/guide\/safari\/sfri11471\/mac\" target=\"_blank\" rel=\"noopener\">https:\/\/support.apple.com\/en-in\/guide\/safari\/sfri11471\/mac<\/a><\/li><li><strong>Mozilla Firefox:<\/strong> <a href=\"https:\/\/support.mozilla.org\/en-US\/kb\/clear-cookies-and-site-data-firefox\" target=\"_blank\" rel=\"noopener\">https:\/\/support.mozilla.org\/en-US\/kb\/clear-cookies-and-site-data-firefox<\/a><\/li><li><strong>Internet Explorer:<\/strong> <a href=\"https:\/\/support.microsoft.com\/en-us\/topic\/how-to-delete-cookie-files-in-internet-explorer-bca9446f-d873-78de-77ba-d42645fa52fc\" target=\"_blank\" rel=\"noopener\">https:\/\/support.microsoft.com\/en-us\/topic\/how-to-delete-cookie-files-in-internet-explorer-bca9446f-d873-78de-77ba-d42645fa52fc<\/a><\/li><\/ul><p>Se utilizzi un browser diverso, segui la documentazione ufficiale per quel browser.<\/p><p><em>\u00a0<\/em><\/p><p><em>La presente Cookie Policy \u00e8 stata creata utilizzando lo strumento CookieYes \u2013 Cookie Policy Generator.<\/em><\/p>\t\t\t\t\t\t\t\t<\/div>\n\t\t\t\t<\/div>\n\t\t\t\t\t<\/div>\n\t\t\t\t<\/div>\n\t\t\t\t<\/div>","protected":false},"excerpt":{"rendered":"<p>Z\u00e1sady pou\u017e\u00edv\u00e1n\u00ed soubor\u016f cookies Datum \u00fa\u010dinnosti: 2. \u00fanora 2026Posledn\u00ed aktualizace: 2. \u00fanora 2026 \u00a0 Co jsou soubory cookies? Tyto Z\u00e1sady pou\u017e\u00edv\u00e1n\u00ed soubor\u016f cookies vysv\u011btluj\u00ed, co jsou cookies, jak je pou\u017e\u00edv\u00e1me, jak\u00e9 typy cookies vyu\u017e\u00edv\u00e1me (tj. jak\u00e9 informace prost\u0159ednictv\u00edm cookies shroma\u017e\u010fujeme a jak jsou tyto informace vyu\u017e\u00edv\u00e1ny) a jak m\u016f\u017eete spravovat sv\u00e9 nastaven\u00ed cookies. Cookies jsou [&hellip;]<\/p>\n","protected":false},"author":1,"featured_media":0,"parent":0,"menu_order":0,"comment_status":"closed","ping_status":"closed","template":"elementor_header_footer","meta":{"footnotes":""},"class_list":["post-7843","page","type-page","status-publish","hentry"],"_links":{"self":[{"href":"https:\/\/www.linie4life.com\/it\/wp-json\/wp\/v2\/pages\/7843","targetHints":{"allow":["GET"]}}],"collection":[{"href":"https:\/\/www.linie4life.com\/it\/wp-json\/wp\/v2\/pages"}],"about":[{"href":"https:\/\/www.linie4life.com\/it\/wp-json\/wp\/v2\/types\/page"}],"author":[{"embeddable":true,"href":"https:\/\/www.linie4life.com\/it\/wp-json\/wp\/v2\/users\/1"}],"replies":[{"embeddable":true,"href":"https:\/\/www.linie4life.com\/it\/wp-json\/wp\/v2\/comments?post=7843"}],"version-history":[{"count":6,"href":"https:\/\/www.linie4life.com\/it\/wp-json\/wp\/v2\/pages\/7843\/revisions"}],"predecessor-version":[{"id":17070,"href":"https:\/\/www.linie4life.com\/it\/wp-json\/wp\/v2\/pages\/7843\/revisions\/17070"}],"wp:attachment":[{"href":"https:\/\/www.linie4life.com\/it\/wp-json\/wp\/v2\/media?parent=7843"}],"curies":[{"name":"parola chiave","href":"https:\/\/api.w.org\/{rel}","templated":true}]}}