{"id":32,"date":"2025-03-04T11:15:58","date_gmt":"2025-03-04T10:15:58","guid":{"rendered":"https:\/\/www.linie4life.com\/kontakt\/"},"modified":"2026-03-14T18:15:29","modified_gmt":"2026-03-14T17:15:29","slug":"kontakt","status":"publish","type":"page","link":"https:\/\/www.linie4life.com\/pl\/kontakt\/","title":{"rendered":"Kontakt"},"content":{"rendered":"\t\t<div data-elementor-type=\"wp-page\" data-elementor-id=\"32\" class=\"elementor elementor-32\" data-elementor-post-type=\"page\">\n\t\t\t\t<div class=\"elementor-element elementor-element-46ee9f5 e-flex e-con-boxed e-con e-parent\" data-id=\"46ee9f5\" data-element_type=\"container\" data-e-type=\"container\">\n\t\t\t\t\t<div class=\"e-con-inner\">\n\t\t<div class=\"elementor-element elementor-element-faee594 e-flex e-con-boxed e-con e-child\" data-id=\"faee594\" data-element_type=\"container\" data-e-type=\"container\">\n\t\t\t\t\t<div class=\"e-con-inner\">\n\t\t\t\t<div class=\"elementor-element elementor-element-747c999 elementor-widget elementor-widget-heading\" data-id=\"747c999\" data-element_type=\"widget\" data-e-type=\"widget\" data-widget_type=\"heading.default\">\n\t\t\t\t\t<h1 class=\"elementor-heading-title elementor-size-default\">Kontakt<\/h1>\t\t\t\t<\/div>\n\t\t\t\t<div class=\"elementor-element elementor-element-c4552b5 elementor-widget elementor-widget-spacer\" data-id=\"c4552b5\" data-element_type=\"widget\" data-e-type=\"widget\" data-widget_type=\"spacer.default\">\n\t\t\t\t\t\t\t<div class=\"elementor-spacer\">\n\t\t\t<div class=\"elementor-spacer-inner\"><\/div>\n\t\t<\/div>\n\t\t\t\t\t\t<\/div>\n\t\t\t\t<div class=\"elementor-element elementor-element-ad70ca4 elementor-widget__width-initial elementor-widget-laptop__width-initial elementor-widget elementor-widget-text-editor\" data-id=\"ad70ca4\" data-element_type=\"widget\" data-e-type=\"widget\" data-widget_type=\"text-editor.default\">\n\t\t\t\t\t\t\t\t\tM\u00e1te dotaz k objedn\u00e1vce, vr\u00e1cen\u00ed zbo\u017e\u00ed nebo reklamaci?<br\/>Jsme v\u00e1m k dispozici.\t\t\t\t\t\t\t\t<\/div>\n\t\t\t\t<div class=\"elementor-element elementor-element-1375325 elementor-widget__width-initial elementor-widget elementor-widget-text-editor\" data-id=\"1375325\" data-element_type=\"widget\" data-e-type=\"widget\" data-widget_type=\"text-editor.default\">\n\t\t\t\t\t\t\t\t\t<h4><strong>Provozovatel e-shopu<\/strong><\/h4><p>NATUREPRODUCTSCLINIC LTD<br \/>Unit Q, 35 Astbury Road, London, SE15 2NL, Spojen\u00e9 kr\u00e1lovstv\u00ed<\/p><p>Company Number: 11332850<\/p>\t\t\t\t\t\t\t\t<\/div>\n\t\t\t\t<div class=\"elementor-element elementor-element-6e614ff elementor-widget__width-initial elementor-widget elementor-widget-text-editor\" data-id=\"6e614ff\" data-element_type=\"widget\" data-e-type=\"widget\" data-widget_type=\"text-editor.default\">\n\t\t\t\t\t\t\t\t\t<h5><strong>Adresa skladu pro vr\u00e1cen\u00ed zbo\u017e\u00ed<\/strong><\/h5>\n<p>Ringhofferova 422<br\/>251 68 Kamenice<br\/>\u010cesk\u00e1 republika<\/p>\n<p>(Tato adresa slou\u017e\u00ed pro vr\u00e1cen\u00ed zbo\u017e\u00ed a vy\u0159\u00edzen\u00ed reklamac\u00ed.)<\/p>\t\t\t\t\t\t\t\t<\/div>\n\t\t\t\t<div class=\"elementor-element elementor-element-a905464 elementor-widget elementor-widget-spacer\" data-id=\"a905464\" data-element_type=\"widget\" data-e-type=\"widget\" data-widget_type=\"spacer.default\">\n\t\t\t\t\t\t\t<div class=\"elementor-spacer\">\n\t\t\t<div class=\"elementor-spacer-inner\"><\/div>\n\t\t<\/div>\n\t\t\t\t\t\t<\/div>\n\t\t\t\t<div class=\"elementor-element elementor-element-2c157fd elementor-widget__width-initial elementor-widget elementor-widget-text-editor\" data-id=\"2c157fd\" data-element_type=\"widget\" data-e-type=\"widget\" data-widget_type=\"text-editor.default\">\n\t\t\t\t\t\t\t\t\t<h4><strong>Z\u00e1kaznick\u00e1 podpora<\/strong><\/h4><p>\ud83d\udce7 E-mail: <strong><a class=\"decorated-link cursor-pointer\" rel=\"noopener\" data-start=\"739\" data-end=\"758\">info@linie4life.com<\/a><\/strong><\/p><p>\ud83d\udcde Z\u00e1kaznick\u00e1 linka:<\/p><p>CZ: <strong>+420 777 801 550<\/strong><\/p><p>\ud83d\udd58 Provozn\u00ed doba podpory:<br \/>Po\u2013P\u00e1 9:00\u201316:00<\/p><p>Na e-maily odpov\u00edd\u00e1me zpravidla do 1 pracovn\u00edho dne.<\/p>\t\t\t\t\t\t\t\t<\/div>\n\t\t\t\t<div class=\"elementor-element elementor-element-5dfaa58 elementor-widget elementor-widget-spacer\" data-id=\"5dfaa58\" data-element_type=\"widget\" data-e-type=\"widget\" data-widget_type=\"spacer.default\">\n\t\t\t\t\t\t\t<div class=\"elementor-spacer\">\n\t\t\t<div class=\"elementor-spacer-inner\"><\/div>\n\t\t<\/div>\n\t\t\t\t\t\t<\/div>\n\t\t\t\t<div class=\"elementor-element elementor-element-c036ea1 elementor-widget__width-initial elementor-widget elementor-widget-text-editor\" data-id=\"c036ea1\" data-element_type=\"widget\" data-e-type=\"widget\" data-widget_type=\"text-editor.default\">\n\t\t\t\t\t\t\t\t\t<h4><strong>D\u016fle\u017eit\u00e9 informace<\/strong><\/h4><p>Podm\u00ednky vr\u00e1cen\u00ed zbo\u017e\u00ed a reklamac\u00ed naleznete zde:<br \/>-&gt; <a href=\"https:\/\/www.linie4life.com\/reklamace\/\">Vr\u00e1cen\u00ed zbo\u017e\u00ed &amp; reklamace<\/a><\/p><p>\u00dapln\u00e9 obchodn\u00ed podm\u00ednky jsou dostupn\u00e9 zde:<br \/>-&gt; <a href=\"https:\/\/www.linie4life.com\/vseobecne-obchodni-podminky\/\">V\u0161eobecn\u00e9 obchodn\u00ed podm\u00ednky<\/a><\/p>\t\t\t\t\t\t\t\t<\/div>\n\t\t\t\t\t<\/div>\n\t\t\t\t<\/div>\n\t\t<div class=\"elementor-element elementor-element-a984951 e-con-full e-flex e-con e-child\" data-id=\"a984951\" data-element_type=\"container\" data-e-type=\"container\">\n\t\t\t\t<div class=\"elementor-element elementor-element-dce90d3 elementor-widget elementor-widget-text-editor\" data-id=\"dce90d3\" data-element_type=\"widget\" data-e-type=\"widget\" data-widget_type=\"text-editor.default\">\n\t\t\t\t\t\t\t\t\t<p data-start=\"980\" data-end=\"1003\"><strong data-start=\"980\" data-end=\"1003\">Informace o firm\u011b<\/strong><\/p><p data-start=\"980\" data-end=\"1003\">NATUREPRODUCTSCLINIC LTD<br data-start=\"1029\" data-end=\"1032\" \/>Company number: 11332850<br data-start=\"1056\" data-end=\"1059\" \/>Registered office:<br data-start=\"1077\" data-end=\"1080\" \/>Unit Q, 35 Astbury Road<br data-start=\"1103\" data-end=\"1106\" \/>London SE15 2NL<br data-start=\"1121\" data-end=\"1124\" \/>United Kingdom<\/p>\t\t\t\t\t\t\t\t<\/div>\n\t\t\t\t<div class=\"elementor-element elementor-element-4989ea2 elementor-widget elementor-widget-text-editor\" data-id=\"4989ea2\" data-element_type=\"widget\" data-e-type=\"widget\" data-widget_type=\"text-editor.default\">\n\t\t\t\t\t\t\t\t\t<h4><strong>Napi\u0161te n\u00e1m<\/strong><\/h4>\t\t\t\t\t\t\t\t<\/div>\n\t\t\t\t<div class=\"elementor-element elementor-element-beec08d elementor-button-align-start elementor-mobile-button-align-stretch elementor-widget__width-inherit elementor-widget-mobile__width-inherit elementor-widget elementor-widget-form\" data-id=\"beec08d\" data-element_type=\"widget\" data-e-type=\"widget\" data-settings=\"{&quot;step_next_label&quot;:&quot;Next&quot;,&quot;step_previous_label&quot;:&quot;Previous&quot;,&quot;button_width&quot;:&quot;100&quot;,&quot;step_type&quot;:&quot;number_text&quot;,&quot;step_icon_shape&quot;:&quot;circle&quot;}\" data-widget_type=\"form.default\">\n\t\t\t\t\t\t\t<form class=\"elementor-form\" method=\"post\" name=\"New Form\" aria-label=\"New Form\">\n\t\t\t<input type=\"hidden\" name=\"post_id\" value=\"32\"\/>\n\t\t\t<input type=\"hidden\" name=\"form_id\" value=\"beec08d\"\/>\n\t\t\t<input type=\"hidden\" name=\"referer_title\" value=\"\" \/>\n\n\t\t\t\n\t\t\t<div class=\"elementor-form-fields-wrapper elementor-labels-above\">\n\t\t\t\t\t\t\t\t<div class=\"elementor-field-type-text elementor-field-group elementor-column elementor-field-group-name elementor-col-33 elementor-field-required elementor-mark-required\">\n\t\t\t\t\t\t\t\t\t\t\t\t<label for=\"form-field-name\" class=\"elementor-field-label\">\n\t\t\t\t\t\t\t\tJm\u00e9no\t\t\t\t\t\t\t<\/label>\n\t\t\t\t\t\t\t\t\t\t\t\t\t\t<input size=\"1\" type=\"text\" name=\"form_fields[name]\" id=\"form-field-name\" class=\"elementor-field elementor-size-sm  elementor-field-textual\" placeholder=\"Va\u0161e jm\u00e9no\" required=\"required\">\n\t\t\t\t\t\t\t\t\t\t\t<\/div>\n\t\t\t\t\t\t\t\t<div class=\"elementor-field-type-email elementor-field-group elementor-column elementor-field-group-email11 elementor-col-33 elementor-field-required elementor-mark-required\">\n\t\t\t\t\t\t\t\t\t\t\t\t<label for=\"form-field-email11\" class=\"elementor-field-label\">\n\t\t\t\t\t\t\t\tE-mail\t\t\t\t\t\t\t<\/label>\n\t\t\t\t\t\t\t\t\t\t\t\t\t\t<input size=\"1\" type=\"email\" name=\"form_fields[email11]\" id=\"form-field-email11\" class=\"elementor-field elementor-size-sm  elementor-field-textual\" placeholder=\"@\" required=\"required\">\n\t\t\t\t\t\t\t\t\t\t\t<\/div>\n\t\t\t\t\t\t\t\t<div class=\"elementor-field-type-tel elementor-field-group elementor-column elementor-field-group-field_8c5d2fe elementor-col-33\">\n\t\t\t\t\t\t\t\t\t\t\t\t<label for=\"form-field-field_8c5d2fe\" class=\"elementor-field-label\">\n\t\t\t\t\t\t\t\tTelefon\t\t\t\t\t\t\t<\/label>\n\t\t\t\t\t\t\t\t<input size=\"1\" type=\"tel\" name=\"form_fields[field_8c5d2fe]\" id=\"form-field-field_8c5d2fe\" class=\"elementor-field elementor-size-sm  elementor-field-textual\" placeholder=\"+420 000 000 000\" pattern=\"[0-9()#&amp;+*-=.]+\" title=\"Akceptowane s\u0105 jedynie cyfry i znaki telefoniczne (#,-,*).\">\n\n\t\t\t\t\t\t<\/div>\n\t\t\t\t\t\t\t\t<div class=\"elementor-field-type-textarea elementor-field-group elementor-column elementor-field-group-message elementor-col-100 elementor-field-required elementor-mark-required\">\n\t\t\t\t\t\t\t\t\t\t\t\t<label for=\"form-field-message\" class=\"elementor-field-label\">\n\t\t\t\t\t\t\t\tVa\u0161e zpr\u00e1va\t\t\t\t\t\t\t<\/label>\n\t\t\t\t\t\t<textarea class=\"elementor-field-textual elementor-field  elementor-size-sm\" name=\"form_fields[message]\" id=\"form-field-message\" rows=\"4\" placeholder=\"M\u00e1te dotaz?\" required=\"required\"><\/textarea>\t\t\t\t<\/div>\n\t\t\t\t\t\t\t\t<div class=\"elementor-field-type-acceptance elementor-field-group elementor-column elementor-field-group-field_5a5a0b8 elementor-col-100 elementor-field-required elementor-mark-required\">\n\t\t\t\t\t\t\t<div class=\"elementor-field-subgroup\">\n\t\t\t<span class=\"elementor-field-option\">\n\t\t\t\t<input type=\"checkbox\" name=\"form_fields[field_5a5a0b8]\" id=\"form-field-field_5a5a0b8\" class=\"elementor-field elementor-size-sm  elementor-acceptance-field\" required=\"required\">\n\t\t\t\t<label for=\"form-field-field_5a5a0b8\">Souhlas\u00edm se \n<a href=\"https:\/\/www.linie4life.com\/ochrana-osobnich-udaju\/\" target=\"_blank\">\n  <u>zpracov\u00e1n\u00edm osobn\u00edch \u00fadaj\u016f<\/u>\n<\/a>\n<\/label>\t\t\t<\/span>\n\t\t<\/div>\n\t\t\t\t\t\t<\/div>\n\t\t\t\t\t\t\t\t<div class=\"elementor-field-group elementor-column elementor-field-type-submit elementor-col-100 e-form__buttons\">\n\t\t\t\t\t<button class=\"elementor-button elementor-size-sm\" type=\"submit\">\n\t\t\t\t\t\t<span class=\"elementor-button-content-wrapper\">\n\t\t\t\t\t\t\t\t\t\t\t\t\t\t\t\t\t\t\t\t\t\t<span class=\"elementor-button-text\">Odeslat dotaz<\/span>\n\t\t\t\t\t\t\t\t\t\t\t\t\t<\/span>\n\t\t\t\t\t<\/button>\n\t\t\t\t<\/div>\n\t\t\t<\/div>\n\t\t<\/form>\n\t\t\t\t\t\t<\/div>\n\t\t\t\t<div class=\"elementor-element elementor-element-1465720 elementor-widget__width-inherit elementor-widget-divider--view-line elementor-widget elementor-widget-divider\" data-id=\"1465720\" data-element_type=\"widget\" data-e-type=\"widget\" data-widget_type=\"divider.default\">\n\t\t\t\t\t\t\t<div class=\"elementor-divider\">\n\t\t\t<span class=\"elementor-divider-separator\">\n\t\t\t\t\t\t<\/span>\n\t\t<\/div>\n\t\t\t\t\t\t<\/div>\n\t\t\t\t<\/div>\n\t\t\t\t\t<\/div>\n\t\t\t\t<\/div>\n\t\t\t\t<\/div>\n\t\t","protected":false},"excerpt":{"rendered":"<p>Kontakt M\u00e1te dotaz k objedn\u00e1vce, vr\u00e1cen\u00ed zbo\u017e\u00ed nebo reklamaci?Jsme v\u00e1m k dispozici. Provozovatel e-shopu NATUREPRODUCTSCLINIC LTDUnit Q, 35 Astbury Road, London, SE15 2NL, Spojen\u00e9 kr\u00e1lovstv\u00ed Company Number: 11332850 Adresa skladu pro vr\u00e1cen\u00ed zbo\u017e\u00ed Ringhofferova 422251 68 Kamenice\u010cesk\u00e1 republika (Tato adresa slou\u017e\u00ed pro vr\u00e1cen\u00ed zbo\u017e\u00ed a vy\u0159\u00edzen\u00ed reklamac\u00ed.) Z\u00e1kaznick\u00e1 podpora \ud83d\udce7 E-mail: info@linie4life.com \ud83d\udcde Z\u00e1kaznick\u00e1 linka: [&hellip;]<\/p>\n","protected":false},"author":2,"featured_media":0,"parent":0,"menu_order":5,"comment_status":"closed","ping_status":"closed","template":"elementor_header_footer","meta":{"footnotes":""},"class_list":["post-32","page","type-page","status-publish","hentry"],"_links":{"self":[{"href":"https:\/\/www.linie4life.com\/pl\/wp-json\/wp\/v2\/pages\/32","targetHints":{"allow":["GET"]}}],"collection":[{"href":"https:\/\/www.linie4life.com\/pl\/wp-json\/wp\/v2\/pages"}],"about":[{"href":"https:\/\/www.linie4life.com\/pl\/wp-json\/wp\/v2\/types\/page"}],"author":[{"embeddable":true,"href":"https:\/\/www.linie4life.com\/pl\/wp-json\/wp\/v2\/users\/2"}],"replies":[{"embeddable":true,"href":"https:\/\/www.linie4life.com\/pl\/wp-json\/wp\/v2\/comments?post=32"}],"version-history":[{"count":10,"href":"https:\/\/www.linie4life.com\/pl\/wp-json\/wp\/v2\/pages\/32\/revisions"}],"predecessor-version":[{"id":17753,"href":"https:\/\/www.linie4life.com\/pl\/wp-json\/wp\/v2\/pages\/32\/revisions\/17753"}],"wp:attachment":[{"href":"https:\/\/www.linie4life.com\/pl\/wp-json\/wp\/v2\/media?parent=32"}],"curies":[{"name":"wp","href":"https:\/\/api.w.org\/{rel}","templated":true}]}}