{"id":34,"date":"2025-03-04T11:15:58","date_gmt":"2025-03-04T10:15:58","guid":{"rendered":"https:\/\/www.linie4life.com\/ochrana-osobnich-udaju\/"},"modified":"2025-05-26T13:05:45","modified_gmt":"2025-05-26T11:05:45","slug":"ochrona-danych-osobowych","status":"publish","type":"page","link":"https:\/\/www.linie4life.com\/pl\/ochrana-osobnich-udaju\/","title":{"rendered":"Ochrona danych osobowych"},"content":{"rendered":"<div data-elementor-type=\"wp-page\" data-elementor-id=\"34\" class=\"elementor elementor-34\" data-elementor-post-type=\"page\">\n\t\t\t\t<div class=\"elementor-element elementor-element-4e0a76c e-flex e-con-boxed e-con e-parent\" data-id=\"4e0a76c\" data-element_type=\"container\" data-e-type=\"container\">\n\t\t\t\t\t<div class=\"e-con-inner\">\n\t\t\t\t<div class=\"elementor-element elementor-element-10fa37b elementor-widget elementor-widget-heading\" data-id=\"10fa37b\" data-element_type=\"widget\" data-e-type=\"widget\" data-widget_type=\"heading.default\">\n\t\t\t\t\t<h1 class=\"elementor-heading-title elementor-size-default\">Ochrona danych osobowych<\/h1>\t\t\t\t<\/div>\n\t\t\t\t<div class=\"elementor-element elementor-element-2d247ee elementor-widget elementor-widget-text-editor\" data-id=\"2d247ee\" data-element_type=\"widget\" data-e-type=\"widget\" data-widget_type=\"text-editor.default\">\n\t\t\t\t\t\t\t\t\t<h2><strong>I. Postanowienia podstawowe<\/strong><\/h2><ol><li><strong>Administrator danych osobowych<\/strong> Zgodnie z artyku\u0142em 4(7) Rozporz\u0105dzenia Parlamentu Europejskiego i Rady (UE) 2016\/679 (RODO), <strong>NATUREPRODUCTSCLINIC LTD<\/strong> (Numer sp\u00f3\u0142ki 11332850) z siedzib\u0105 zarejestrowan\u0105 <strong>Unit Q, 35 Astbury Road, Londyn, Anglia, SE15 2NL<\/strong> (zwany dalej \u201eadministratorem\u201d).<\/li><li><strong>Dane kontaktowe administratora:<\/strong><ul><li><strong>Adres:<\/strong> Unit Q, 35 Astbury Road, Londyn, Anglia, SE15 2NL<\/li><li><strong>E-mail:<\/strong> <span style=\"text-decoration: underline;\"><a href=\"mailto:info@linie4life.com\">info@linie4life.com<\/a><\/span><\/li><\/ul><\/li><li><strong>Dane osobowe<\/strong> oznacza wszelkie informacje o zidentyfikowanej lub mo\u017cliwej do zidentyfikowania osobie fizycznej.<\/li><\/ol><h2><strong><br \/>II. \u0179r\u00f3d\u0142a i kategorie przetwarzanych danych osobowych<\/strong><\/h2><ol><li>Administrator przetwarza dane osobowe, kt\u00f3re mu przekaza\u0142e\u015b\/a\u015b lub kt\u00f3re administrator uzyska\u0142 w zwi\u0105zku z realizacj\u0105 Twojego zam\u00f3wienia.<\/li><li>Przetwarzane s\u0105 dane identyfikacyjne i kontaktowe niezb\u0119dne do realizacji umowy.<\/li><\/ol><h2><strong>III. Podstawa prawna i cel przetwarzania danych osobowych<\/strong><\/h2><ol><li><strong>Prawn\u0105 przyczyn\u0105 przetwarzania danych osobowych jest:<\/strong><ul><li>Uzasadniony interes administratora w \u015bwiadczeniu us\u0142ug marketingu bezpo\u015bredniego (<strong>Artyku\u0142 6(1)(f) RODO<\/strong>)<\/li><li>Twoja zgoda na przetwarzanie w celach marketingowych (<strong>Artyku\u0142 6(1)(a) RODO<\/strong>)<\/li><\/ul><\/li><li><strong>Cel przetwarzania danych osobowych:<\/strong><ul><li>Przetwarzanie zam\u00f3wie\u0144 i realizacja um\u00f3w<\/li><li>Wysy\u0142anie komunikat\u00f3w handlowych i ofert marketingowych<\/li><\/ul><\/li><li>Administrator nie dokonuje zautomatyzowanego podejmowania decyzji w rozumieniu art. 22 RODO.<\/li><\/ol><h2><strong>IV. Okres przechowywania danych osobowych<\/strong><\/h2><ol><li><strong>Dane osobowe s\u0105 przechowywane:<\/strong><ul><li>Przez czas trwania stosunku umownego i po jego zako\u0144czeniu <strong>15 lat<\/strong>.<\/li><li>Przez czas trwania zgody na cele marketingowe, nie d\u0142u\u017cej ni\u017c <strong>15 lat<\/strong>.<\/li><\/ul><\/li><li>Po up\u0142ywie okresu przechowywania dane zostan\u0105 usuni\u0119te.<\/li><\/ol><h2><strong>V. Odbiorcy danych osobowych<\/strong><\/h2><ol><li>Dane osobowe mog\u0105 zosta\u0107 ujawnione:<ul><li>Osoby uczestnicz\u0105ce w dostarczaniu towar\u00f3w\/us\u0142ug<\/li><li>Dostawcy us\u0142ug marketingowych<\/li><\/ul><\/li><li>Administrator nie zamierza przekazywa\u0107 danych osobowych poza obszar UE.<\/li><\/ol><h2><strong>VI. Twoje prawa<\/strong><\/h2><ol><li>Zgodnie z RODO masz prawo do:<ul><li>Aby uzyska\u0107 dost\u0119p do danych osobowych (<strong>Artyku\u0142 15 RODO<\/strong>)<\/li><li>W celu poprawienia danych osobowych (<strong>Artyku\u0142 16 RODO<\/strong>)<\/li><li>Aby usun\u0105\u0107 dane osobowe (<strong>Artyku\u0142 17 RODO<\/strong>)<\/li><li>Aby ograniczy\u0107 przetwarzanie (<strong>Artyku\u0142 18 RODO<\/strong>)<\/li><li>O przeno\u015bno\u015bci danych (<strong>Artyku\u0142 20 RODO<\/strong>)<\/li><li>Sprzeciw wobec przetwarzania (<strong>Artyku\u0142 21 RODO<\/strong>)<\/li><li>Cofnij zgod\u0119 na przetwarzanie<\/li><\/ul><\/li><li>Masz prawo z\u0142o\u017cy\u0107 skarg\u0119 do <strong>Urz\u0105d Ochrony Danych Osobowych<\/strong>.<\/li><\/ol><h2><strong>VII. Bezpiecze\u0144stwo danych osobowych<\/strong><\/h2><ol><li>Administrator podj\u0105\u0142 \u015brodki techniczne i organizacyjne w celu zabezpieczenia danych osobowych.<\/li><li>Dane osobowe s\u0105 chronione przed dost\u0119pem os\u00f3b nieupowa\u017cnionych.<\/li><\/ol><h2><strong>VIII. Postanowienia ko\u0144cowe<\/strong><\/h2><ol><li>Akceptacj\u0119 regulaminu potwierdzasz zaznaczaj\u0105c odpowiednie pole na stronie internetowej.<\/li><li>Administrator jest uprawniony do zmiany niniejszego regulaminu; nowa wersja zostanie opublikowana na stronie internetowej.<\/li><\/ol><h3><strong>Niniejsze warunki wchodz\u0105 w \u017cycie z dniem 23 listopada 2023 r.<\/strong><\/h3>\t\t\t\t\t\t\t\t<\/div>\n\t\t\t\t\t<\/div>\n\t\t\t\t<\/div>\n\t\t\t\t<\/div>","protected":false},"excerpt":{"rendered":"<p>Ochrana osobn\u00edch \u00fadaj\u016f I. Z\u00e1kladn\u00ed ustanoven\u00ed Spr\u00e1vcem osobn\u00edch \u00fadaj\u016f podle \u010dl. 4 bod 7 na\u0159\u00edzen\u00ed Evropsk\u00e9ho parlamentu a Rady (EU) 2016\/679 (GDPR) je NATUREPRODUCTSCLINIC LTD (Company number 11332850), se s\u00eddlem Unit Q, 35 Astbury Road, London, England, SE15 2NL (d\u00e1le jen &#8222;spr\u00e1vce&#8220;). Kontaktn\u00ed \u00fadaje spr\u00e1vce: Adresa: Unit Q, 35 Astbury Road, London, England, SE15 2NL [&hellip;]<\/p>\n","protected":false},"author":2,"featured_media":0,"parent":0,"menu_order":7,"comment_status":"closed","ping_status":"closed","template":"elementor_header_footer","meta":{"footnotes":""},"class_list":["post-34","page","type-page","status-publish","hentry"],"_links":{"self":[{"href":"https:\/\/www.linie4life.com\/pl\/wp-json\/wp\/v2\/pages\/34","targetHints":{"allow":["GET"]}}],"collection":[{"href":"https:\/\/www.linie4life.com\/pl\/wp-json\/wp\/v2\/pages"}],"about":[{"href":"https:\/\/www.linie4life.com\/pl\/wp-json\/wp\/v2\/types\/page"}],"author":[{"embeddable":true,"href":"https:\/\/www.linie4life.com\/pl\/wp-json\/wp\/v2\/users\/2"}],"replies":[{"embeddable":true,"href":"https:\/\/www.linie4life.com\/pl\/wp-json\/wp\/v2\/comments?post=34"}],"version-history":[{"count":5,"href":"https:\/\/www.linie4life.com\/pl\/wp-json\/wp\/v2\/pages\/34\/revisions"}],"predecessor-version":[{"id":7361,"href":"https:\/\/www.linie4life.com\/pl\/wp-json\/wp\/v2\/pages\/34\/revisions\/7361"}],"wp:attachment":[{"href":"https:\/\/www.linie4life.com\/pl\/wp-json\/wp\/v2\/media?parent=34"}],"curies":[{"name":"wp","href":"https:\/\/api.w.org\/{rel}","templated":true}]}}