{"id":7843,"date":"2025-06-05T14:01:53","date_gmt":"2025-06-05T12:01:53","guid":{"rendered":"https:\/\/www.linie4life.com\/zasady-cookies-eu\/"},"modified":"2026-02-16T03:21:59","modified_gmt":"2026-02-16T02:21:59","slug":"polityka-plikow-cookie-ue","status":"publish","type":"page","link":"https:\/\/www.linie4life.com\/pl\/zasady-cookies-eu\/","title":{"rendered":"Polityka plik\u00f3w cookie (UE)"},"content":{"rendered":"<div data-elementor-type=\"wp-page\" data-elementor-id=\"7843\" class=\"elementor elementor-7843\" data-elementor-post-type=\"page\">\n\t\t\t\t<div class=\"elementor-element elementor-element-b6e1274 e-flex e-con-boxed e-con e-parent\" data-id=\"b6e1274\" data-element_type=\"container\" data-e-type=\"container\">\n\t\t\t\t\t<div class=\"e-con-inner\">\n\t\t<div class=\"elementor-element elementor-element-64d49fd e-con-full e-flex e-con e-child\" data-id=\"64d49fd\" data-element_type=\"container\" data-e-type=\"container\">\n\t\t\t\t<div class=\"elementor-element elementor-element-e3751eb elementor-widget elementor-widget-text-editor\" data-id=\"e3751eb\" data-element_type=\"widget\" data-e-type=\"widget\" data-widget_type=\"text-editor.default\">\n\t\t\t\t\t\t\t\t\t<h1><strong>Polityka plik\u00f3w cookie<\/strong><\/h1><p><strong>Data wej\u015bcia w \u017cycie:<\/strong> 2 lutego 2026 r.<br \/><strong>Ostatnia aktualizacja:<\/strong> 2 lutego 2026 r.<\/p><p><strong>\u00a0<\/strong><\/p><p><strong>Czym s\u0105 pliki cookie?<\/strong><\/p><p>Niniejsza Polityka plik\u00f3w cookie wyja\u015bnia, czym s\u0105 pliki cookie, w jaki spos\u00f3b je wykorzystujemy, jakie typy plik\u00f3w cookie wykorzystujemy (tj. jakie informacje gromadzimy za pomoc\u0105 plik\u00f3w cookie i w jaki spos\u00f3b te informacje s\u0105 wykorzystywane) oraz w jaki spos\u00f3b mo\u017cna zarz\u0105dza\u0107 ustawieniami plik\u00f3w cookie.<\/p><p>Pliki cookie to niewielkie pliki tekstowe, kt\u00f3re s\u0105 zapisywane na Twoim urz\u0105dzeniu po za\u0142adowaniu strony internetowej w przegl\u0105darce. Pomagaj\u0105 one zapewni\u0107 prawid\u0142owe dzia\u0142anie strony internetowej, zwi\u0119kszy\u0107 jej bezpiecze\u0144stwo, poprawi\u0107 komfort u\u017cytkowania oraz umo\u017cliwiaj\u0105 nam analiz\u0119 wydajno\u015bci strony internetowej, dzi\u0119ki czemu mo\u017cemy okre\u015bli\u0107, co dzia\u0142a dobrze, a co wymaga poprawy.<\/p><p><strong>\u00a0<\/strong><\/p><p><strong>Jak u\u017cywamy plik\u00f3w cookie?<\/strong><\/p><p>Podobnie jak wi\u0119kszo\u015b\u0107 us\u0142ug online, nasza strona internetowa wykorzystuje pliki cookie w\u0142asne i podmiot\u00f3w trzecich do r\u00f3\u017cnych cel\u00f3w.<\/p><p>Pliki cookie pierwszej kategorii s\u0105 niezb\u0119dne do prawid\u0142owego funkcjonowania witryny i nie gromadz\u0105 \u017cadnych danych osobowych.<\/p><p>Pliki cookie stron trzecich pomagaj\u0105 nam w szczeg\u00f3lno\u015bci:<\/p><ul><li>analizowa\u0107 dzia\u0142anie strony internetowej,<\/li><li>monitorowa\u0107 interakcje u\u017cytkownik\u00f3w ze stron\u0105 internetow\u0105,<\/li><li>zapewni\u0107 bezpiecze\u0144stwo naszych us\u0142ug,<\/li><li>wy\u015bwietla\u0107 trafne reklamy,<\/li><li>poprawi\u0107 komfort u\u017cytkownik\u00f3w i szybko\u015b\u0107 przysz\u0142ych wizyt.<\/li><\/ul><p>\u00a0<\/p><p><strong>Rodzaje plik\u00f3w cookie, kt\u00f3rych u\u017cywamy<\/strong><\/p><p><strong>Niezb\u0119dne pliki cookie<\/strong><\/p><p>Te pliki cookie s\u0105 niezb\u0119dne do podstawowych funkcji witryny. Bez nich witryna nie dzia\u0142a\u0142aby prawid\u0142owo. Nie przechowuj\u0105 one \u017cadnych danych osobowych.<\/p><table><thead><tr><td><p><strong>Nazwa<\/strong><\/p><\/td><td><p><strong>Czas trwania<\/strong><\/p><\/td><td><p><strong>Opis<\/strong><\/p><\/td><\/tr><\/thead><tbody><tr><td><p>elementarz<\/p><\/td><td><p>Nigdy nie traci wa\u017cno\u015bci.<\/p><\/td><td><p>Jest u\u017cywany przez szablon WordPress do edycji i wy\u015bwietlania tre\u015bci witryny.<\/p><\/td><\/tr><tr><td><p>wpEmojiSettingsObs\u0142uguje<\/p><\/td><td><p>Sesja<\/p><\/td><td><p>Okre\u015bla, czy przegl\u0105darka obs\u0142uguje wy\u015bwietlanie emoji.<\/p><\/td><\/tr><tr><td><p>cookieyes-zgoda<\/p><\/td><td><p>1 rok<\/p><\/td><td><p>Przechowuje zgod\u0119 u\u017cytkownika na pliki cookie w celu uszanowania jego preferencji.<\/p><\/td><\/tr><tr><td><p>METADANYCH_PRYWATNO\u015aCI_ODWIEDZAJ\u0104CYCH<\/p><\/td><td><p>6 miesi\u0119cy<\/p><\/td><td><p>Przechowuje status zgody u\u017cytkownika na pliki cookie dla bie\u017c\u0105cej domeny (YouTube).<\/p><\/td><\/tr><tr><td><p>Identyfikator PHPSESSID<\/p><\/td><td><p>Sesja<\/p><\/td><td><p>Przechowuje unikalny identyfikator sesji u\u017cytkownika.<\/p><\/td><\/tr><tr><td><p>__cf_bm<\/p><\/td><td><p>1 godzina<\/p><\/td><td><p>Plik cookie Cloudflare anty-bot.<\/p><\/td><\/tr><tr><td><p>m<\/p><\/td><td><p>1 rok 1 miesi\u0105c 4 dni<\/p><\/td><td><p>Stripe \u2013 zapobieganie oszustwom i identyfikacja urz\u0105dze\u0144.<\/p><\/td><\/tr><tr><td><p>__pasek_\u015brodek<\/p><\/td><td><p>1 rok<\/p><\/td><td><p>Stripe \u2013 przetwarzanie p\u0142atno\u015bci.<\/p><\/td><\/tr><tr><td><p>__stripe_sid<\/p><\/td><td><p>1 godzina<\/p><\/td><td><p>Stripe \u2013 przetwarzanie p\u0142atno\u015bci.<\/p><\/td><\/tr><tr><td><p>pbid<\/p><\/td><td><p>6 miesi\u0119cy<\/p><\/td><td><p>PixelYourSite \u2013 zarz\u0105dzanie sesjami u\u017cytkownik\u00f3w.<\/p><\/td><\/tr><\/tbody><\/table><p><strong>\u00a0<\/strong><\/p><p><strong>Pliki cookie funkcjonalne<\/strong><\/p><p>Pliki cookie umo\u017cliwiaj\u0105 korzystanie z zaawansowanych funkcji, takich jak udost\u0119pnianie tre\u015bci w sieciach spo\u0142eczno\u015bciowych lub odtwarzanie osadzonych film\u00f3w wideo.<\/p><table><thead><tr><td><p><strong>Nazwa<\/strong><\/p><\/td><td><p><strong>Czas trwania<\/strong><\/p><\/td><td><p><strong>Opis<\/strong><\/p><\/td><\/tr><\/thead><tbody><tr><td><p>INFORMACJE O ODWIEDZAJ\u0104CYCH_1_NA \u017bYWO<\/p><\/td><td><p>6 miesi\u0119cy<\/p><\/td><td><p>YouTube \u2013 pomiar szybko\u015bci po\u0142\u0105czenia.<\/p><\/td><\/tr><tr><td><p>yt-remote-*<\/p><\/td><td><p>Sesja \/ sta\u0142a<\/p><\/td><td><p>Przechowuj\u0105 preferencje odtwarzacza YouTube.<\/p><\/td><\/tr><tr><td><p>ytidb::OSTATNI_KLUCZ_WPISU_WYNIKU<\/p><\/td><td><p>Nigdy nie traci wa\u017cno\u015bci.<\/p><\/td><td><p>Zapisuje ostatni klikni\u0119ty wynik wyszukiwania w serwisie YouTube.<\/p><\/td><\/tr><\/tbody><\/table><p><strong>\u00a0<\/strong><\/p><p><strong>Pliki cookie analityczne<\/strong><\/p><p>S\u0142u\u017c\u0105 one do zrozumienia, w jaki spos\u00f3b odwiedzaj\u0105cy korzystaj\u0105 ze strony internetowej. Pomagaj\u0105 \u015bledzi\u0107 liczb\u0119 odwiedzaj\u0105cych, wsp\u00f3\u0142czynnik odrzuce\u0144, \u017ar\u00f3d\u0142a ruchu i inne statystyki.<\/p><table><thead><tr><td><p><strong>Nazwa<\/strong><\/p><\/td><td><p><strong>Czas trwania<\/strong><\/p><\/td><td><p><strong>Opis<\/strong><\/p><\/td><\/tr><\/thead><tbody><tr><td><p>sbjs_*<\/p><\/td><td><p>Sesja<\/p><\/td><td><p>Identyfikacja \u017ar\u00f3d\u0142a wizyty (Sourcebuster).<\/p><\/td><\/tr><tr><td><p>_ga, <em>ga<\/em>*<\/p><\/td><td><p>1 rok 1 miesi\u0105c 4 dni<\/p><\/td><td><p>Google Analytics \u2013 anonimowe statystyki ruchu.<\/p><\/td><\/tr><tr><td><p>_clck<\/p><\/td><td><p>1 rok<\/p><\/td><td><p>Microsoft Clarity \u2013 przechowywanie identyfikator\u00f3w u\u017cytkownik\u00f3w.<\/p><\/td><\/tr><tr><td><p>_clsk<\/p><\/td><td><p>1 dzie\u0144<\/p><\/td><td><p>Microsoft Clarity \u2013 nagrywanie sesji.<\/p><\/td><\/tr><tr><td><p>YSC<\/p><\/td><td><p>Sesja<\/p><\/td><td><p>YouTube \u2013 \u015bledzenie wy\u015bwietle\u0144 film\u00f3w.<\/p><\/td><\/tr><tr><td><p>warga_*<\/p><\/td><td><p>Sesja \/ 7 dni<\/p><\/td><td><p>PixelYourSite \u2013 us\u0142ugi analityczne.<\/p><\/td><\/tr><\/tbody><\/table><p><strong>\u00a0<\/strong><\/p><p><strong>Pliki cookie reklamowe<\/strong><\/p><p>S\u0142u\u017c\u0105 do wy\u015bwietlania spersonalizowanych reklam i pomiaru skuteczno\u015bci kampanii reklamowych.<\/p><table><thead><tr><td><p><strong>Nazwa<\/strong><\/p><\/td><td><p><strong>Czas trwania<\/strong><\/p><\/td><td><p><strong>Opis<\/strong><\/p><\/td><\/tr><\/thead><tbody><tr><td><p>yt.innertube::*<\/p><\/td><td><p>Nigdy nie traci wa\u017cno\u015bci.<\/p><\/td><td><p>YouTube \u2013 przechowywanie historii ogl\u0105danych film\u00f3w.<\/p><\/td><\/tr><tr><td><p>_fbp<\/p><\/td><td><p>7 dni<\/p><\/td><td><p>Facebook \u2013 wy\u015bwietlanie spersonalizowanych reklam.<\/p><\/td><\/tr><tr><td><p>_gcl_au<\/p><\/td><td><p>3 miesi\u0105ce<\/p><\/td><td><p>Google Tag Manager \u2013 testowanie skuteczno\u015bci reklam.<\/p><\/td><\/tr><tr><td><p>test_cookie<\/p><\/td><td><p>15 minut<\/p><\/td><td><p>Sprawdzanie obs\u0142ugi plik\u00f3w cookie.<\/p><\/td><\/tr><tr><td><p>IDE<\/p><\/td><td><p>1 rok i 24 dni<\/p><\/td><td><p>Google DoubleClick \u2014 spersonalizowana reklama.<\/p><\/td><\/tr><tr><td><p>NID<\/p><\/td><td><p>6 miesi\u0119cy<\/p><\/td><td><p>Google \u2013 cele reklamowe.<\/p><\/td><\/tr><\/tbody><\/table><p><strong>\u00a0<\/strong><\/p><p><strong>Niekategoryzowane ciasteczka<\/strong><\/p><p>Pliki cookie s\u0105 obecnie poddawane analizie i nie zosta\u0142y jeszcze przypisane do \u017cadnej konkretnej kategorii.<\/p><table><thead><tr><td><p><strong>Nazwa<\/strong><\/p><\/td><td><p><strong>Czas trwania<\/strong><\/p><\/td><td><p><strong>Opis<\/strong><\/p><\/td><\/tr><\/thead><tbody><tr><td><p>__Bezpieczne wdra\u017canie_TOKENA<\/p><\/td><td><p>6 miesi\u0119cy<\/p><\/td><td><p>Zarz\u0105dzanie testowaniem funkcji (YouTube).<\/p><\/td><\/tr><tr><td><p>__Secure-YEC<\/p><\/td><td><p>\u2014<\/p><\/td><td><p>Opis nie jest jeszcze dost\u0119pny.<\/p><\/td><\/tr><tr><td><p>__Secure-YNID<\/p><\/td><td><p>6 miesi\u0119cy<\/p><\/td><td><p>Ochrona bezpiecze\u0144stwa u\u017cytkownika (Google).<\/p><\/td><\/tr><tr><td><p>zgoda pys<\/p><\/td><td><p>1 rok<\/p><\/td><td><p>Zarz\u0105dzanie zgodami (PixelYourSite).<\/p><\/td><\/tr><tr><td><p>wmc_currency<\/p><\/td><td><p>1 miesi\u0105c<\/p><\/td><td><p>Przechowuje preferowan\u0105 walut\u0119 u\u017cytkownika.<\/p><\/td><\/tr><\/tbody><\/table><p><strong>\u00a0<\/strong><\/p><p><strong>Zarz\u0105dzanie ustawieniami plik\u00f3w cookie<\/strong><\/p><p>Mo\u017cesz w dowolnym momencie zmieni\u0107 swoje preferencje dotycz\u0105ce plik\u00f3w cookie, klikaj\u0105c przycisk \u201ePreferencje zgody\u201c. Spowoduje to ponowne otwarcie paska zarz\u0105dzania zgodami, gdzie mo\u017cesz zmieni\u0107 ustawienia lub wycofa\u0107 zgod\u0119.<\/p><p>R\u00f3\u017cne przegl\u0105darki internetowe umo\u017cliwiaj\u0105 blokowanie i usuwanie plik\u00f3w cookie. Ustawienia te mo\u017cna zmieni\u0107 bezpo\u015brednio w przegl\u0105darce. Instrukcje znajdziesz tutaj:<\/p><ul><li><strong>Google Chrome:<\/strong> <a href=\"https:\/\/support.google.com\/accounts\/answer\/32050\" target=\"_blank\" rel=\"noopener\">https:\/\/support.google.com\/accounts\/answer\/32050<\/a><\/li><li><strong>Safari:<\/strong> <a href=\"https:\/\/support.apple.com\/en-in\/guide\/safari\/sfri11471\/mac\" target=\"_blank\" rel=\"noopener\">https:\/\/support.apple.com\/en-in\/guide\/safari\/sfri11471\/mac<\/a><\/li><li><strong>Mozilla Firefox:<\/strong> <a href=\"https:\/\/support.mozilla.org\/en-US\/kb\/clear-cookies-and-site-data-firefox\" target=\"_blank\" rel=\"noopener\">https:\/\/support.mozilla.org\/en-US\/kb\/clear-cookies-and-site-data-firefox<\/a><\/li><li><strong>Internet Explorer:<\/strong> <a href=\"https:\/\/support.microsoft.com\/en-us\/topic\/how-to-delete-cookie-files-in-internet-explorer-bca9446f-d873-78de-77ba-d42645fa52fc\" target=\"_blank\" rel=\"noopener\">https:\/\/support.microsoft.com\/en-us\/topic\/how-to-delete-cookie-files-in-internet-explorer-bca9446f-d873-78de-77ba-d42645fa52fc<\/a><\/li><\/ul><p>Je\u015bli u\u017cywasz innej przegl\u0105darki, post\u0119puj zgodnie z oficjaln\u0105 dokumentacj\u0105 tej przegl\u0105darki.<\/p><p><em>\u00a0<\/em><\/p><p><em>Niniejsza Polityka plik\u00f3w cookie zosta\u0142a utworzona przy u\u017cyciu narz\u0119dzia CookieYes \u2013 Generator Polityki plik\u00f3w cookie.<\/em><\/p>\t\t\t\t\t\t\t\t<\/div>\n\t\t\t\t<\/div>\n\t\t\t\t\t<\/div>\n\t\t\t\t<\/div>\n\t\t\t\t<\/div>","protected":false},"excerpt":{"rendered":"<p>Z\u00e1sady pou\u017e\u00edv\u00e1n\u00ed soubor\u016f cookies Datum \u00fa\u010dinnosti: 2. \u00fanora 2026Posledn\u00ed aktualizace: 2. \u00fanora 2026 \u00a0 Co jsou soubory cookies? Tyto Z\u00e1sady pou\u017e\u00edv\u00e1n\u00ed soubor\u016f cookies vysv\u011btluj\u00ed, co jsou cookies, jak je pou\u017e\u00edv\u00e1me, jak\u00e9 typy cookies vyu\u017e\u00edv\u00e1me (tj. jak\u00e9 informace prost\u0159ednictv\u00edm cookies shroma\u017e\u010fujeme a jak jsou tyto informace vyu\u017e\u00edv\u00e1ny) a jak m\u016f\u017eete spravovat sv\u00e9 nastaven\u00ed cookies. Cookies jsou [&hellip;]<\/p>\n","protected":false},"author":1,"featured_media":0,"parent":0,"menu_order":0,"comment_status":"closed","ping_status":"closed","template":"elementor_header_footer","meta":{"footnotes":""},"class_list":["post-7843","page","type-page","status-publish","hentry"],"_links":{"self":[{"href":"https:\/\/www.linie4life.com\/pl\/wp-json\/wp\/v2\/pages\/7843","targetHints":{"allow":["GET"]}}],"collection":[{"href":"https:\/\/www.linie4life.com\/pl\/wp-json\/wp\/v2\/pages"}],"about":[{"href":"https:\/\/www.linie4life.com\/pl\/wp-json\/wp\/v2\/types\/page"}],"author":[{"embeddable":true,"href":"https:\/\/www.linie4life.com\/pl\/wp-json\/wp\/v2\/users\/1"}],"replies":[{"embeddable":true,"href":"https:\/\/www.linie4life.com\/pl\/wp-json\/wp\/v2\/comments?post=7843"}],"version-history":[{"count":6,"href":"https:\/\/www.linie4life.com\/pl\/wp-json\/wp\/v2\/pages\/7843\/revisions"}],"predecessor-version":[{"id":17070,"href":"https:\/\/www.linie4life.com\/pl\/wp-json\/wp\/v2\/pages\/7843\/revisions\/17070"}],"wp:attachment":[{"href":"https:\/\/www.linie4life.com\/pl\/wp-json\/wp\/v2\/media?parent=7843"}],"curies":[{"name":"wp","href":"https:\/\/api.w.org\/{rel}","templated":true}]}}