{"id":34,"date":"2025-03-04T11:15:58","date_gmt":"2025-03-04T10:15:58","guid":{"rendered":"https:\/\/www.linie4life.com\/ochrana-osobnich-udaju\/"},"modified":"2025-05-26T13:05:45","modified_gmt":"2025-05-26T11:05:45","slug":"protectia-datelor-cu-caracter-personal","status":"publish","type":"page","link":"https:\/\/www.linie4life.com\/ro\/ochrana-osobnich-udaju\/","title":{"rendered":"Protec\u021bia datelor cu caracter personal"},"content":{"rendered":"<div data-elementor-type=\"wp-page\" data-elementor-id=\"34\" class=\"elementor elementor-34\" data-elementor-post-type=\"page\">\n\t\t\t\t<div class=\"elementor-element elementor-element-4e0a76c e-flex e-con-boxed e-con e-parent\" data-id=\"4e0a76c\" data-element_type=\"container\" data-e-type=\"container\">\n\t\t\t\t\t<div class=\"e-con-inner\">\n\t\t\t\t<div class=\"elementor-element elementor-element-10fa37b elementor-widget elementor-widget-heading\" data-id=\"10fa37b\" data-element_type=\"widget\" data-e-type=\"widget\" data-widget_type=\"heading.default\">\n\t\t\t\t\t<h1 class=\"elementor-heading-title elementor-size-default\">Protec\u021bia datelor cu caracter personal<\/h1>\t\t\t\t<\/div>\n\t\t\t\t<div class=\"elementor-element elementor-element-2d247ee elementor-widget elementor-widget-text-editor\" data-id=\"2d247ee\" data-element_type=\"widget\" data-e-type=\"widget\" data-widget_type=\"text-editor.default\">\n\t\t\t\t\t\t\t\t\t<h2><strong>I. Dispozi\u021bii de baz\u0103<\/strong><\/h2><ol><li><strong>Operator de date cu caracter personal<\/strong> conform art. Articolul 4 punctul 7 din Regulamentul (UE) 2016\/679 al Parlamentului European \u0219i al Consiliului (GDPR) este <strong>NATUREPRODUCTSCLINIC LTD<\/strong> (Num\u0103r de \u00eenregistrare al companiei 11332850), cu sediul social \u00eenregistrat <strong>Unitatea Q, 35 Astbury Road, Londra, Anglia, SE15 2NL<\/strong> (denumit \u00een continuare \u201eadministrator\u201d).<\/li><li><strong>Date de contact ale administratorului:<\/strong><ul><li><strong>Adresa:<\/strong> Unitatea Q, 35 Astbury Road, Londra, Anglia, SE15 2NL<\/li><li><strong>E-mail:<\/strong> <span style=\"text-decoration: underline;\"><a href=\"mailto:info@linie4life.com\">info@linie4life.com<\/a><\/span><\/li><\/ul><\/li><li><strong>Date personale<\/strong> \u00eenseamn\u0103 orice informa\u021bie despre o persoan\u0103 fizic\u0103 identificat\u0103 sau identificabil\u0103.<\/li><\/ol><h2><strong><br \/>II. Surse \u0219i categorii de date cu caracter personal prelucrate<\/strong><\/h2><ol><li>Administratorul prelucreaz\u0103 datele cu caracter personal pe care i le-a\u021bi furnizat sau pe care le-a ob\u021binut \u00een urma \u00eendeplinirii comenzii dumneavoastr\u0103.<\/li><li>Sunt prelucrate datele de identificare \u0219i de contact necesare pentru executarea contractului.<\/li><\/ol><h2><strong>III. Temeiul juridic \u0219i scopul prelucr\u0103rii datelor cu caracter personal<\/strong><\/h2><ol><li><strong>Temeiul legal pentru prelucrarea datelor cu caracter personal este:<\/strong><ul><li>Interesul legitim al operatorului de a furniza servicii de marketing direct (<strong>Art\u0103. Articolul 6 alineatul 1 litera f) din RGPD<\/strong>)<\/li><li>Consim\u021b\u0103m\u00e2ntul dumneavoastr\u0103 pentru prelucrarea \u00een scopuri de marketing (<strong>Art\u0103. Articolul 6 alineatul 1 litera a) din RGPD<\/strong>)<\/li><\/ul><\/li><li><strong>Scopul prelucr\u0103rii datelor cu caracter personal:<\/strong><ul><li>Procesarea comenzilor \u0219i \u00eendeplinirea contractului<\/li><li>Trimiterea de comunic\u0103ri comerciale \u0219i oferte de marketing<\/li><\/ul><\/li><li>Administratorul nu efectueaz\u0103 luarea deciziilor automatizate \u00een temeiul art. Articolul 22 din RGPD.<\/li><\/ol><h2><strong>IV. Perioada de p\u0103strare a datelor cu caracter personal<\/strong><\/h2><ol><li><strong>Datele cu caracter personal sunt stocate:<\/strong><ul><li>Pe durata rela\u021biei contractuale \u0219i ulterior <strong>15 ani<\/strong>.<\/li><li>Pe durata consim\u021b\u0103m\u00e2ntului \u00een scopuri de marketing, nu mai mult de <strong>15 ani<\/strong>.<\/li><\/ul><\/li><li>Dup\u0103 expirarea perioadei de p\u0103strare, datele vor fi \u0219terse.<\/li><\/ol><h2><strong>V. Destinatarii datelor cu caracter personal<\/strong><\/h2><ol><li>Datele cu caracter personal pot fi divulgate:<ul><li>Persoanele implicate \u00een livrarea de bunuri\/servicii<\/li><li>Furnizori de servicii de marketing<\/li><\/ul><\/li><li>Administratorul nu inten\u021bioneaz\u0103 s\u0103 transfere date cu caracter personal \u00een afara UE.<\/li><\/ol><h2><strong>VI. Drepturile dumneavoastr\u0103<\/strong><\/h2><ol><li>Conform GDPR, ave\u021bi dreptul s\u0103:<ul><li>Pentru a accesa datele cu caracter personal (<strong>Art\u0103. 15 din RGPD<\/strong>)<\/li><li>Pentru a corecta datele cu caracter personal (<strong>Art\u0103. 16 din RGPD<\/strong>)<\/li><li>Pentru a \u0219terge datele personale (<strong>Art\u0103. 17 RGPD<\/strong>)<\/li><li>Pentru a restric\u021biona procesarea (<strong>Art\u0103. 18 RGPD<\/strong>)<\/li><li>Despre portabilitatea datelor (<strong>Art\u0103. 20 RGPD<\/strong>)<\/li><li>Obiec\u021bie la prelucrare (<strong>Art\u0103. 21 RGPD<\/strong>)<\/li><li>Retragerea consim\u021b\u0103m\u00e2ntului pentru prelucrare<\/li><\/ul><\/li><li>Ave\u021bi dreptul s\u0103 depune\u021bi o pl\u00e2ngere la <strong>Autoritatea pentru Protec\u021bia Datelor cu Caracter Personal<\/strong>.<\/li><\/ol><h2><strong>VII. Securitatea datelor cu caracter personal<\/strong><\/h2><ol><li>Administratorul a luat m\u0103suri tehnice \u0219i organizatorice pentru a securiza datele cu caracter personal.<\/li><li>Datele personale sunt protejate \u00eempotriva accesului neautorizat.<\/li><\/ol><h2><strong>VIII. Dispozi\u021bii finale<\/strong><\/h2><ol><li>Confirma\u021bi acordul dumneavoastr\u0103 cu termenii \u0219i condi\u021biile bif\u00e2nd caseta de consim\u021b\u0103m\u00e2nt de pe site.<\/li><li>Administratorul este autorizat s\u0103 modifice ace\u0219ti termeni \u0219i condi\u021bii; Noua versiune va fi publicat\u0103 pe site.<\/li><\/ol><h3><strong>Prezentele clauze \u0219i condi\u021bii intr\u0103 \u00een vigoare la data de 23 noiembrie 2023.<\/strong><\/h3>\t\t\t\t\t\t\t\t<\/div>\n\t\t\t\t\t<\/div>\n\t\t\t\t<\/div>\n\t\t\t\t<\/div>","protected":false},"excerpt":{"rendered":"<p>Ochrana osobn\u00edch \u00fadaj\u016f I. Z\u00e1kladn\u00ed ustanoven\u00ed Spr\u00e1vcem osobn\u00edch \u00fadaj\u016f podle \u010dl. 4 bod 7 na\u0159\u00edzen\u00ed Evropsk\u00e9ho parlamentu a Rady (EU) 2016\/679 (GDPR) je NATUREPRODUCTSCLINIC LTD (Company number 11332850), se s\u00eddlem Unit Q, 35 Astbury Road, London, England, SE15 2NL (d\u00e1le jen &#8222;spr\u00e1vce&#8220;). Kontaktn\u00ed \u00fadaje spr\u00e1vce: Adresa: Unit Q, 35 Astbury Road, London, England, SE15 2NL [&hellip;]<\/p>\n","protected":false},"author":2,"featured_media":0,"parent":0,"menu_order":7,"comment_status":"closed","ping_status":"closed","template":"elementor_header_footer","meta":{"footnotes":""},"class_list":["post-34","page","type-page","status-publish","hentry"],"_links":{"self":[{"href":"https:\/\/www.linie4life.com\/ro\/wp-json\/wp\/v2\/pages\/34","targetHints":{"allow":["GET"]}}],"collection":[{"href":"https:\/\/www.linie4life.com\/ro\/wp-json\/wp\/v2\/pages"}],"about":[{"href":"https:\/\/www.linie4life.com\/ro\/wp-json\/wp\/v2\/types\/page"}],"author":[{"embeddable":true,"href":"https:\/\/www.linie4life.com\/ro\/wp-json\/wp\/v2\/users\/2"}],"replies":[{"embeddable":true,"href":"https:\/\/www.linie4life.com\/ro\/wp-json\/wp\/v2\/comments?post=34"}],"version-history":[{"count":5,"href":"https:\/\/www.linie4life.com\/ro\/wp-json\/wp\/v2\/pages\/34\/revisions"}],"predecessor-version":[{"id":7361,"href":"https:\/\/www.linie4life.com\/ro\/wp-json\/wp\/v2\/pages\/34\/revisions\/7361"}],"wp:attachment":[{"href":"https:\/\/www.linie4life.com\/ro\/wp-json\/wp\/v2\/media?parent=34"}],"curies":[{"name":"wp","href":"https:\/\/api.w.org\/{rel}","templated":true}]}}