{"id":36,"date":"2025-03-04T11:15:58","date_gmt":"2025-03-04T10:15:58","guid":{"rendered":"https:\/\/www.linie4life.com\/doprava\/"},"modified":"2026-03-14T18:12:49","modified_gmt":"2026-03-14T17:12:49","slug":"transport","status":"publish","type":"page","link":"https:\/\/www.linie4life.com\/ro\/doprava\/","title":{"rendered":"Livrare"},"content":{"rendered":"<div data-elementor-type=\"wp-page\" data-elementor-id=\"36\" class=\"elementor elementor-36\" data-elementor-post-type=\"page\">\n\t\t\t\t<div class=\"elementor-element elementor-element-1de4ce9 e-flex e-con-boxed e-con e-parent\" data-id=\"1de4ce9\" data-element_type=\"container\" data-e-type=\"container\" data-settings=\"{&quot;background_background&quot;:&quot;classic&quot;}\">\n\t\t\t\t\t<div class=\"e-con-inner\">\n\t\t<div class=\"elementor-element elementor-element-4e4d7e3 e-con-full e-flex e-con e-child\" data-id=\"4e4d7e3\" data-element_type=\"container\" data-e-type=\"container\">\n\t\t\t\t<div class=\"elementor-element elementor-element-67416e6 elementor-widget__width-inherit elementor-widget elementor-widget-heading\" data-id=\"67416e6\" data-element_type=\"widget\" data-e-type=\"widget\" data-widget_type=\"heading.default\">\n\t\t\t\t\t<h1 class=\"elementor-heading-title elementor-size-default\">Livrare \u0219i expediere <\/h1>\t\t\t\t<\/div>\n\t\t\t\t<div class=\"elementor-element elementor-element-8247add elementor-widget__width-initial elementor-widget-laptop__width-initial elementor-widget elementor-widget-text-editor\" data-id=\"8247add\" data-element_type=\"widget\" data-e-type=\"widget\" data-widget_type=\"text-editor.default\">\n\t\t\t\t\t\t\t\t\t<h4 data-start=\"202\" data-end=\"306\"><strong>Livrare comenzi \u2013 regiuni<\/strong><\/h4><p data-start=\"202\" data-end=\"306\">Asigur\u0103m livrarea comenzilor \u00een fiecare zi lucr\u0103toare p\u00e2n\u0103 la <strong data-start=\"256\" data-end=\"305\">Marea Britanie \u0219i anumite \u021b\u0103ri ale Uniunii Europene<\/strong>.<\/p><p data-start=\"308\" data-end=\"341\">Livr\u0103m \u00een urm\u0103toarele \u021b\u0103ri:<\/p><p data-start=\"343\" data-end=\"498\"><strong data-start=\"343\" data-end=\"498\">Bulgaria<br data-start=\"354\" data-end=\"357\" \/>Republica Ceh\u0103<br data-start=\"372\" data-end=\"375\" \/>Fran\u0163a<br data-start=\"382\" data-end=\"385\" \/>Italia<br data-start=\"391\" data-end=\"394\" \/>Ungaria<br data-start=\"402\" data-end=\"405\" \/>Germania<br data-start=\"412\" data-end=\"415\" \/>Polonia<br data-start=\"421\" data-end=\"424\" \/>Austria<br data-start=\"432\" data-end=\"435\" \/>Rom\u00e2nia<br data-start=\"443\" data-end=\"446\" \/>Slovacia<br data-start=\"455\" data-end=\"458\" \/>Slovenia<br data-start=\"467\" data-end=\"470\" \/>Spania<br data-start=\"479\" data-end=\"482\" \/>Marea Britanie<\/strong><\/p><p data-start=\"343\" data-end=\"498\">Magazinul nu livreaz\u0103 \u00een prezent \u00een afara \u021b\u0103rilor listate.<\/p>\t\t\t\t\t\t\t\t<\/div>\n\t\t\t\t<div class=\"elementor-element elementor-element-ab79677 elementor-widget elementor-widget-text-editor\" data-id=\"ab79677\" data-element_type=\"widget\" data-e-type=\"widget\" data-widget_type=\"text-editor.default\">\n\t\t\t\t\t\t\t\t\t<h4><strong>Pre\u021b de livrare<\/strong><\/h4><p><strong>Livr\u0103m gratuit \u00een toate \u021b\u0103rile UE!<\/strong> Livrarea \u00een Marea Britanie cost\u0103 \u00een prezent 15 lire sterline.<\/p><p>Metodele de livrare disponibile sunt \u00eentotdeauna afi\u0219ate \u00een co\u0219ul de cump\u0103r\u0103turi \u00een func\u021bie de \u021bara de livrare selectat\u0103. Colabor\u0103m cu servicii de curierat locale \u0219i interna\u021bionale. Transportatorii specifici sunt \u00eentotdeauna afi\u0219a\u021bi \u00eenainte de finalizarea comenzii.<\/p><h4><strong>Timpul de livrare<\/strong><\/h4><ul><li>CZ, SK: de obicei 1\u20132 zile lucr\u0103toare<\/li><li>\u021a\u0103ri selectate din UE: de obicei 2-3 zile lucr\u0103toare<\/li><li>OK: de obicei 2\u20133 zile lucr\u0103toare<\/li><\/ul><p>Valabil pentru comenzile livrate \u00eenainte de ora 10:00 AM, ora local\u0103.<\/p><p>Termenele limit\u0103 men\u021bionate sunt orientative \u0219i pot varia \u00een func\u021bie de transportator sau de volumul de munc\u0103 al transportului.\u00a0<\/p><h4><strong>Informa\u021bii importante<\/strong><\/h4><p>Pentru expedierile c\u0103tre Regatul Unit, se pot aplica reglement\u0103ri vamale \u0219i fiscale locale, ceea ce poate cre\u0219te timpii de livrare \u0219i\/sau costul real de livrare.<\/p>\t\t\t\t\t\t\t\t<\/div>\n\t\t\t\t<div class=\"elementor-element elementor-element-08ced77 elementor-widget elementor-widget-text-editor\" data-id=\"08ced77\" data-element_type=\"widget\" data-e-type=\"widget\" data-widget_type=\"text-editor.default\">\n\t\t\t\t\t\t\t\t\t<p>Logistica transportului este asigurat\u0103 din Republica Ceh\u0103.<\/p>\t\t\t\t\t\t\t\t<\/div>\n\t\t\t\t<div class=\"elementor-element elementor-element-015f4b1 elementor-widget elementor-widget-text-editor\" data-id=\"015f4b1\" data-element_type=\"widget\" data-e-type=\"widget\" data-widget_type=\"text-editor.default\">\n\t\t\t\t\t\t\t\t\t<p><strong>Pre\u021b ramburs la livrare<\/strong><\/p><p>\u00cen cazul pl\u0103\u021bii unei comenzi cu plata ramburs la livrare, taxa de ramburs la livrare este de 1,9 EUR\/50 CZK sau echivalentul \u00een alte valute.<\/p>\t\t\t\t\t\t\t\t<\/div>\n\t\t\t\t<\/div>\n\t\t<div class=\"elementor-element elementor-element-e6efdea e-con-full elementor-hidden-widescreen elementor-hidden-desktop elementor-hidden-laptop elementor-hidden-tablet elementor-hidden-mobile e-flex e-con e-child\" data-id=\"e6efdea\" data-element_type=\"container\" data-e-type=\"container\">\n\t\t\t\t<div class=\"elementor-element elementor-element-0aa8fb9 elementor-widget__width-inherit elementor-widget-mobile__width-initial elementor-widget elementor-widget-heading\" data-id=\"0aa8fb9\" data-element_type=\"widget\" data-e-type=\"widget\" data-widget_type=\"heading.default\">\n\t\t\t\t\t<h2 class=\"elementor-heading-title elementor-size-default\">\ud83c\udde8\ud83c\uddff Republica Ceh\u0103 \u0219i \ud83c\uddf8\ud83c\uddf0 Slovacia<\/h2>\t\t\t\t<\/div>\n\t\t\t\t<div class=\"elementor-element elementor-element-aaa9f78 elementor-widget__width-inherit elementor-widget-laptop__width-initial elementor-widget elementor-widget-text-editor\" data-id=\"aaa9f78\" data-element_type=\"widget\" data-e-type=\"widget\" data-widget_type=\"text-editor.default\">\n\t\t\t\t\t\t\t\t\t<p>Pentru comenzile sub 500 CZK, se aplic\u0103 urm\u0103toarele pre\u021buri de livrare:<\/p>\t\t\t\t\t\t\t\t<\/div>\n\t\t<div class=\"elementor-element elementor-element-e703b09 e-con-full e-flex e-con e-child\" data-id=\"e703b09\" data-element_type=\"container\" data-e-type=\"container\" data-settings=\"{&quot;background_background&quot;:&quot;classic&quot;}\">\n\t\t<div class=\"elementor-element elementor-element-9f913f2 e-con-full e-flex e-con e-child\" data-id=\"9f913f2\" data-element_type=\"container\" data-e-type=\"container\">\n\t\t\t\t<div class=\"elementor-element elementor-element-dfb2121 elementor-widget__width-initial elementor-widget-laptop__width-initial elementor-widget-mobile__width-initial elementor-widget elementor-widget-image\" data-id=\"dfb2121\" data-element_type=\"widget\" data-e-type=\"widget\" data-widget_type=\"image.default\">\n\t\t\t\t\t\t\t\t\t\t\t\t\t\t\t<img fetchpriority=\"high\" decoding=\"async\" width=\"264\" height=\"191\" src=\"https:\/\/www.linie4life.com\/wp-content\/uploads\/2025\/03\/logo-zasilkovnacz-na-cervenem-pozadi-predstavujici-logistickou-a-dorucovaci-sluzbu-pro-zasilani-baliku.webp\" class=\"attachment-large size-large wp-image-5903\" alt=\"Sigla Z\u00e1silkovna.cz pe fundal ro\u0219u, reprezent\u00e2nd un serviciu de logistic\u0103 \u0219i livrare pentru expedierea de colete.\" title=\"\">\t\t\t\t\t\t\t\t\t\t\t\t\t\t\t<\/div>\n\t\t\t\t<div class=\"elementor-element elementor-element-0a200e5 elementor-widget__width-initial elementor-widget-tablet__width-inherit elementor-widget-mobile__width-inherit elementor-widget elementor-widget-text-editor\" data-id=\"0a200e5\" data-element_type=\"widget\" data-e-type=\"widget\" data-widget_type=\"text-editor.default\">\n\t\t\t\t\t\t\t\t\t<p><strong>Casa de comenzi prin po\u0219t\u0103 Alza + puncte de livrare<br \/>&amp; Alzaboxes<\/strong><\/p><p><span style=\"color: #339966;\"><strong>89 CZK<\/strong><\/span><\/p><p>Livrare: 1-3 zile lucr\u0103toare<\/p>\t\t\t\t\t\t\t\t<\/div>\n\t\t\t\t<\/div>\n\t\t\t\t<\/div>\n\t\t<div class=\"elementor-element elementor-element-0a3facc e-con-full e-flex e-con e-child\" data-id=\"0a3facc\" data-element_type=\"container\" data-e-type=\"container\" data-settings=\"{&quot;background_background&quot;:&quot;classic&quot;}\">\n\t\t<div class=\"elementor-element elementor-element-c35c599 e-con-full e-flex e-con e-child\" data-id=\"c35c599\" data-element_type=\"container\" data-e-type=\"container\">\n\t\t\t\t<div class=\"elementor-element elementor-element-4cacd70 elementor-widget__width-initial elementor-widget-laptop__width-initial elementor-widget-mobile__width-initial elementor-widget elementor-widget-image\" data-id=\"4cacd70\" data-element_type=\"widget\" data-e-type=\"widget\" data-widget_type=\"image.default\">\n\t\t\t\t\t\t\t\t\t\t\t\t\t\t\t<img decoding=\"async\" width=\"800\" height=\"360\" src=\"https:\/\/www.linie4life.com\/wp-content\/uploads\/2025\/03\/logo-ppl-se-tremi-modrymi-prouzky-a-modrym-textem-na-bilem-pozadi-symbolizujici-rychlou-prepravu.webp\" class=\"attachment-large size-large wp-image-5904\" alt=\"Sigla PPL cu trei dungi albastre \u0219i text albastru pe fundal alb, simboliz\u00e2nd transportul rapid.\" title=\"\">\t\t\t\t\t\t\t\t\t\t\t\t\t\t\t<\/div>\n\t\t\t\t<div class=\"elementor-element elementor-element-01811f1 elementor-widget__width-initial elementor-widget-mobile__width-inherit elementor-widget elementor-widget-text-editor\" data-id=\"01811f1\" data-element_type=\"widget\" data-e-type=\"widget\" data-widget_type=\"text-editor.default\">\n\t\t\t\t\t\t\t\t\t<p><strong>PPL\/PPL Parcelshop<\/strong><\/p><p><span style=\"color: #339966;\"><strong>119 CZK\/89 CZK<\/strong><\/span><\/p><p>Livrare: 1-3 zile lucr\u0103toare<\/p>\t\t\t\t\t\t\t\t<\/div>\n\t\t\t\t<\/div>\n\t\t\t\t<\/div>\n\t\t<div class=\"elementor-element elementor-element-fb53d52 e-con-full e-flex e-con e-child\" data-id=\"fb53d52\" data-element_type=\"container\" data-e-type=\"container\" data-settings=\"{&quot;background_background&quot;:&quot;classic&quot;}\">\n\t\t<div class=\"elementor-element elementor-element-9328687 e-con-full e-flex e-con e-child\" data-id=\"9328687\" data-element_type=\"container\" data-e-type=\"container\">\n\t\t\t\t<div class=\"elementor-element elementor-element-9f1683e elementor-widget__width-initial elementor-widget-laptop__width-initial elementor-widget-mobile__width-initial elementor-widget elementor-widget-image\" data-id=\"9f1683e\" data-element_type=\"widget\" data-e-type=\"widget\" data-widget_type=\"image.default\">\n\t\t\t\t\t\t\t\t\t\t\t\t\t\t\t<img decoding=\"async\" width=\"800\" height=\"215\" src=\"https:\/\/www.linie4life.com\/wp-content\/uploads\/2025\/03\/logo-spolecnosti-gls-ve-zluto-modrych-barvach-symbolizujici-logistiku-a-rychle-dorucovaci-sluzby.webp\" class=\"attachment-large size-large wp-image-5906\" alt=\"Sigla GLS \u00een culorile galben \u0219i albastru, simboliz\u00e2nd logistica \u0219i serviciile de livrare rapid\u0103.\" title=\"\">\t\t\t\t\t\t\t\t\t\t\t\t\t\t\t<\/div>\n\t\t\t\t<div class=\"elementor-element elementor-element-5a521ca elementor-widget__width-initial elementor-widget-mobile__width-inherit elementor-widget elementor-widget-text-editor\" data-id=\"5a521ca\" data-element_type=\"widget\" data-e-type=\"widget\" data-widget_type=\"text-editor.default\">\n\t\t\t\t\t\t\t\t\t<p><strong>GLS<\/strong><\/p><p><span style=\"color: #339966;\"><strong>119 CZK<\/strong><\/span><\/p><p>Livrare: 1-3 zile lucr\u0103toare<br \/><br \/><\/p>\t\t\t\t\t\t\t\t<\/div>\n\t\t\t\t<\/div>\n\t\t\t\t<\/div>\n\t\t<div class=\"elementor-element elementor-element-ff7dc6a e-con-full e-flex e-con e-child\" data-id=\"ff7dc6a\" data-element_type=\"container\" data-e-type=\"container\" data-settings=\"{&quot;background_background&quot;:&quot;classic&quot;}\">\n\t\t<div class=\"elementor-element elementor-element-6257845 e-con-full e-flex e-con e-child\" data-id=\"6257845\" data-element_type=\"container\" data-e-type=\"container\">\n\t\t\t\t<div class=\"elementor-element elementor-element-f98908c elementor-widget__width-initial elementor-widget-laptop__width-initial elementor-widget-mobile__width-initial elementor-widget elementor-widget-image\" data-id=\"f98908c\" data-element_type=\"widget\" data-e-type=\"widget\" data-widget_type=\"image.default\">\n\t\t\t\t\t\t\t\t\t\t\t\t\t\t\t<img loading=\"lazy\" decoding=\"async\" width=\"200\" height=\"100\" src=\"https:\/\/www.linie4life.com\/wp-content\/uploads\/2025\/03\/logo-balikovny-s-barevnymi-ctverci-symbolizujicimi-moderni-a-rychle-logisticke-sluzby-pro-dorucovani-baliku-v-cr.webp\" class=\"attachment-large size-large wp-image-5907\" alt=\"Sigla Bal\u00edkovna cu p\u0103trate colorate, simbolizeaz\u0103 servicii logistice moderne \u0219i rapide pentru livrarea de colete \u00een Republica Ceh\u0103.\" title=\"\">\t\t\t\t\t\t\t\t\t\t\t\t\t\t\t<\/div>\n\t\t\t\t<div class=\"elementor-element elementor-element-edb7e0e elementor-widget__width-initial elementor-widget-mobile__width-inherit elementor-widget elementor-widget-text-editor\" data-id=\"edb7e0e\" data-element_type=\"widget\" data-e-type=\"widget\" data-widget_type=\"text-editor.default\">\n\t\t\t\t\t\t\t\t\t<p><strong>Balikovna \u2013 La adresa:\u00a0<\/strong><\/p><p><span style=\"color: #339966;\"><strong>89 CZK<\/strong><\/span><\/p><p>Livrare: 1-3 zile lucr\u0103toare<\/p>\t\t\t\t\t\t\t\t<\/div>\n\t\t\t\t<\/div>\n\t\t\t\t<\/div>\n\t\t<div class=\"elementor-element elementor-element-811b645 e-con-full e-flex e-con e-child\" data-id=\"811b645\" data-element_type=\"container\" data-e-type=\"container\" data-settings=\"{&quot;background_background&quot;:&quot;classic&quot;}\">\n\t\t<div class=\"elementor-element elementor-element-66cbb08 e-con-full e-flex e-con e-child\" data-id=\"66cbb08\" data-element_type=\"container\" data-e-type=\"container\">\n\t\t\t\t<div class=\"elementor-element elementor-element-781883e elementor-widget__width-initial elementor-widget-laptop__width-initial elementor-widget-tablet__width-initial elementor-widget-mobile__width-initial elementor-widget elementor-widget-image\" data-id=\"781883e\" data-element_type=\"widget\" data-e-type=\"widget\" data-widget_type=\"image.default\">\n\t\t\t\t\t\t\t\t\t\t\t\t\t\t\t<img loading=\"lazy\" decoding=\"async\" width=\"200\" height=\"100\" src=\"https:\/\/www.linie4life.com\/wp-content\/uploads\/2025\/03\/logo-ceske-posty-s-charakteristickym-modro-zlutym-ztvarnenim-symbolizujici-postovni-sluzby-v-ceske-republice.webp\" class=\"attachment-large size-large wp-image-5908\" alt=\"Sigla Po\u0219tei Cehe cu un design caracteristic albastru-galben, simboliz\u00e2nd serviciile po\u0219tale din Republica Ceh\u0103.\" title=\"\">\t\t\t\t\t\t\t\t\t\t\t\t\t\t\t<\/div>\n\t\t\t\t<div class=\"elementor-element elementor-element-a2d2406 elementor-widget__width-initial elementor-widget-mobile__width-inherit elementor-widget elementor-widget-text-editor\" data-id=\"a2d2406\" data-element_type=\"widget\" data-e-type=\"widget\" data-widget_type=\"text-editor.default\">\n\t\t\t\t\t\t\t\t\t<p><strong>Colet Po\u0219tal Ceh \u00een m\u00e2n\u0103<\/strong><\/p><p><span style=\"color: #339966;\"><strong>129 CZK<\/strong><\/span><\/p><p>Livrare: 1-3 zile lucr\u0103toare<\/p>\t\t\t\t\t\t\t\t<\/div>\n\t\t\t\t<\/div>\n\t\t\t\t<\/div>\n\t\t<div class=\"elementor-element elementor-element-a430356 e-con-full e-flex e-con e-child\" data-id=\"a430356\" data-element_type=\"container\" data-e-type=\"container\" data-settings=\"{&quot;background_background&quot;:&quot;classic&quot;}\">\n\t\t<div class=\"elementor-element elementor-element-1718d26 e-con-full e-flex e-con e-child\" data-id=\"1718d26\" data-element_type=\"container\" data-e-type=\"container\">\n\t\t\t\t<div class=\"elementor-element elementor-element-21cdb52 elementor-widget__width-initial elementor-widget-laptop__width-initial elementor-widget-tablet__width-initial elementor-widget-mobile__width-initial elementor-widget elementor-widget-image\" data-id=\"21cdb52\" data-element_type=\"widget\" data-e-type=\"widget\" data-widget_type=\"image.default\">\n\t\t\t\t\t\t\t\t\t\t\t\t\t\t\t<img loading=\"lazy\" decoding=\"async\" width=\"800\" height=\"336\" src=\"https:\/\/www.linie4life.com\/wp-content\/uploads\/2025\/03\/logo-logisticke-spolecnosti-dpd-cerveny-symbol-baliku-vedle-textu-zamerene-na-dorucovani-zasilek.webp\" class=\"attachment-large size-large wp-image-5905\" alt=\"Sigla companiei de logistic\u0103 DPD, un simbol ro\u0219u pentru colete l\u00e2ng\u0103 text, axat pe livrarea de colete.\" title=\"\">\t\t\t\t\t\t\t\t\t\t\t\t\t\t\t<\/div>\n\t\t\t\t<div class=\"elementor-element elementor-element-aeee673 elementor-widget__width-initial elementor-widget-mobile__width-inherit elementor-widget elementor-widget-text-editor\" data-id=\"aeee673\" data-element_type=\"widget\" data-e-type=\"widget\" data-widget_type=\"text-editor.default\">\n\t\t\t\t\t\t\t\t\t<p><strong>DPD<\/strong><\/p><p><span style=\"color: #339966;\"><strong>119 CZK<\/strong><\/span><\/p><p>Livrare: 1-3 zile lucr\u0103toare<\/p>\t\t\t\t\t\t\t\t<\/div>\n\t\t\t\t<\/div>\n\t\t\t\t<\/div>\n\t\t\t\t<\/div>\n\t\t<div class=\"elementor-element elementor-element-079cd2a e-con-full elementor-hidden-widescreen elementor-hidden-desktop elementor-hidden-laptop elementor-hidden-tablet elementor-hidden-mobile e-flex e-con e-child\" data-id=\"079cd2a\" data-element_type=\"container\" data-e-type=\"container\">\n\t\t\t\t<div class=\"elementor-element elementor-element-1109ecf elementor-widget__width-inherit elementor-widget-mobile__width-initial elementor-widget elementor-widget-heading\" data-id=\"1109ecf\" data-element_type=\"widget\" data-e-type=\"widget\" data-widget_type=\"heading.default\">\n\t\t\t\t\t<h2 class=\"elementor-heading-title elementor-size-default\">\ud83c\udf0d \u00cen str\u0103in\u0103tate<\/h2>\t\t\t\t<\/div>\n\t\t\t\t<div class=\"elementor-element elementor-element-a11ba08 elementor-widget__width-inherit elementor-widget elementor-widget-text-editor\" data-id=\"a11ba08\" data-element_type=\"widget\" data-e-type=\"widget\" data-widget_type=\"text-editor.default\">\n\t\t\t\t\t\t\t\t\t<p>Livrarea la adresa sau la cutia po\u0219tal\u0103 este posibil\u0103. Pentru comenzile sub 1.000 CZK, se aplic\u0103 urm\u0103toarele pre\u021buri de livrare:<\/p>\t\t\t\t\t\t\t\t<\/div>\n\t\t<div class=\"elementor-element elementor-element-40b5f0a e-con-full e-flex e-con e-child\" data-id=\"40b5f0a\" data-element_type=\"container\" data-e-type=\"container\" data-settings=\"{&quot;background_background&quot;:&quot;classic&quot;}\">\n\t\t<div class=\"elementor-element elementor-element-d267c50 e-con-full e-flex e-con e-child\" data-id=\"d267c50\" data-element_type=\"container\" data-e-type=\"container\">\n\t\t\t\t<div class=\"elementor-element elementor-element-62bf8de elementor-widget__width-initial elementor-widget-laptop__width-initial elementor-widget-mobile__width-initial elementor-widget elementor-widget-image\" data-id=\"62bf8de\" data-element_type=\"widget\" data-e-type=\"widget\" data-widget_type=\"image.default\">\n\t\t\t\t\t\t\t\t\t\t\t\t\t\t\t<img fetchpriority=\"high\" decoding=\"async\" width=\"264\" height=\"191\" src=\"https:\/\/www.linie4life.com\/wp-content\/uploads\/2025\/03\/logo-zasilkovnacz-na-cervenem-pozadi-predstavujici-logistickou-a-dorucovaci-sluzbu-pro-zasilani-baliku.webp\" class=\"attachment-large size-large wp-image-5903\" alt=\"Sigla Z\u00e1silkovna.cz pe fundal ro\u0219u, reprezent\u00e2nd un serviciu de logistic\u0103 \u0219i livrare pentru expedierea de colete.\" title=\"\">\t\t\t\t\t\t\t\t\t\t\t\t\t\t\t<\/div>\n\t\t\t\t<div class=\"elementor-element elementor-element-188c455 elementor-widget__width-initial elementor-widget-mobile__width-inherit elementor-widget elementor-widget-text-editor\" data-id=\"188c455\" data-element_type=\"widget\" data-e-type=\"widget\" data-widget_type=\"text-editor.default\">\n\t\t\t\t\t\t\t\t\t<p><strong>Cas\u0103 de comenzi prin po\u0219t\u0103\u00a0<\/strong><\/p><p><span style=\"color: #339966;\"><strong>5 \u20ac \/ Gratuit de la 1.000 CZK<\/strong><\/span><\/p><p>Livrare: 2-3 zile lucr\u0103toare<\/p>\t\t\t\t\t\t\t\t<\/div>\n\t\t\t\t<\/div>\n\t\t\t\t<\/div>\n\t\t<div class=\"elementor-element elementor-element-6749723 e-con-full e-flex e-con e-child\" data-id=\"6749723\" data-element_type=\"container\" data-e-type=\"container\" data-settings=\"{&quot;background_background&quot;:&quot;classic&quot;}\">\n\t\t<div class=\"elementor-element elementor-element-1e87d0c e-con-full e-flex e-con e-child\" data-id=\"1e87d0c\" data-element_type=\"container\" data-e-type=\"container\">\n\t\t\t\t<div class=\"elementor-element elementor-element-8909fde elementor-widget__width-initial elementor-widget-laptop__width-initial elementor-widget-mobile__width-initial elementor-widget elementor-widget-image\" data-id=\"8909fde\" data-element_type=\"widget\" data-e-type=\"widget\" data-widget_type=\"image.default\">\n\t\t\t\t\t\t\t\t\t\t\t\t\t\t\t<img decoding=\"async\" width=\"800\" height=\"360\" src=\"https:\/\/www.linie4life.com\/wp-content\/uploads\/2025\/03\/logo-ppl-se-tremi-modrymi-prouzky-a-modrym-textem-na-bilem-pozadi-symbolizujici-rychlou-prepravu.webp\" class=\"attachment-large size-large wp-image-5904\" alt=\"Sigla PPL cu trei dungi albastre \u0219i text albastru pe fundal alb, simboliz\u00e2nd transportul rapid.\" title=\"\">\t\t\t\t\t\t\t\t\t\t\t\t\t\t\t<\/div>\n\t\t\t\t<div class=\"elementor-element elementor-element-30a9934 elementor-widget__width-initial elementor-widget-mobile__width-inherit elementor-widget elementor-widget-text-editor\" data-id=\"30a9934\" data-element_type=\"widget\" data-e-type=\"widget\" data-widget_type=\"text-editor.default\">\n\t\t\t\t\t\t\t\t\t<p><strong>PPL\/DHL<\/strong><\/p><p><span style=\"color: #339966;\"><strong>5 \u20ac \/ Gratuit de la 1.000 CZK<\/strong><\/span><\/p><p>Livrare: 2-3 zile lucr\u0103toare<\/p>\t\t\t\t\t\t\t\t<\/div>\n\t\t\t\t<\/div>\n\t\t\t\t<\/div>\n\t\t<div class=\"elementor-element elementor-element-2287f13 e-con-full e-flex e-con e-child\" data-id=\"2287f13\" data-element_type=\"container\" data-e-type=\"container\" data-settings=\"{&quot;background_background&quot;:&quot;classic&quot;}\">\n\t\t<div class=\"elementor-element elementor-element-3a74706 e-con-full e-flex e-con e-child\" data-id=\"3a74706\" data-element_type=\"container\" data-e-type=\"container\">\n\t\t\t\t<div class=\"elementor-element elementor-element-ee5b05e elementor-widget__width-initial elementor-widget-laptop__width-initial elementor-widget-mobile__width-initial elementor-widget elementor-widget-image\" data-id=\"ee5b05e\" data-element_type=\"widget\" data-e-type=\"widget\" data-widget_type=\"image.default\">\n\t\t\t\t\t\t\t\t\t\t\t\t\t\t\t<img loading=\"lazy\" decoding=\"async\" width=\"800\" height=\"336\" src=\"https:\/\/www.linie4life.com\/wp-content\/uploads\/2025\/03\/logo-logisticke-spolecnosti-dpd-cerveny-symbol-baliku-vedle-textu-zamerene-na-dorucovani-zasilek.webp\" class=\"attachment-large size-large wp-image-5905\" alt=\"Sigla companiei de logistic\u0103 DPD, un simbol ro\u0219u pentru colete l\u00e2ng\u0103 text, axat pe livrarea de colete.\" title=\"\">\t\t\t\t\t\t\t\t\t\t\t\t\t\t\t<\/div>\n\t\t\t\t<div class=\"elementor-element elementor-element-9d840c9 elementor-widget__width-initial elementor-widget-mobile__width-inherit elementor-widget elementor-widget-text-editor\" data-id=\"9d840c9\" data-element_type=\"widget\" data-e-type=\"widget\" data-widget_type=\"text-editor.default\">\n\t\t\t\t\t\t\t\t\t<p><strong>DPD<\/strong><\/p><p><span style=\"color: #339966;\"><strong>5 \u20ac \/ Gratuit de la 1.000 CZK<\/strong><\/span><\/p><p>Livrare: 2-3 zile lucr\u0103toare<\/p>\t\t\t\t\t\t\t\t<\/div>\n\t\t\t\t<\/div>\n\t\t\t\t<\/div>\n\t\t\t\t<\/div>\n\t\t\t\t\t<\/div>\n\t\t\t\t<\/div>\n\t\t\t\t<\/div>","protected":false},"excerpt":{"rendered":"<p>Doprava a doru\u010den\u00ed Doru\u010dov\u00e1n\u00ed objedn\u00e1vek &#8211; regiony Zaji\u0161\u0165ujeme doru\u010den\u00ed objedn\u00e1vek ka\u017ed\u00fd pracovn\u00ed den do Velk\u00e9 Brit\u00e1nie a vybran\u00fdch zem\u00ed Evropsk\u00e9 unie. Doru\u010dujeme do n\u00e1sleduj\u00edc\u00edch zem\u00ed: Bulharsko\u010cesk\u00e1 republikaFrancieIt\u00e1lieMa\u010farskoN\u011bmeckoPolskoRakouskoRumunskoSlovenskoSlovinsko\u0160pan\u011blskoVelk\u00e1 Brit\u00e1nie Obchod aktu\u00e1ln\u011b nedoru\u010duje mimo uveden\u00e9 zem\u011b. Cena doru\u010den\u00ed Do v\u0161ech zem\u00ed EU doru\u010dujeme zdarma! Doru\u010den\u00ed pro Velkou Brit\u00e1nii aktu\u00e1ln\u011b \u010din\u00ed 15 \u00a3. Dostupn\u00e9 zp\u016fsoby dopravy jsou v\u017edy [&hellip;]<\/p>\n","protected":false},"author":2,"featured_media":0,"parent":0,"menu_order":9,"comment_status":"closed","ping_status":"closed","template":"elementor_header_footer","meta":{"footnotes":""},"class_list":["post-36","page","type-page","status-publish","hentry"],"_links":{"self":[{"href":"https:\/\/www.linie4life.com\/ro\/wp-json\/wp\/v2\/pages\/36","targetHints":{"allow":["GET"]}}],"collection":[{"href":"https:\/\/www.linie4life.com\/ro\/wp-json\/wp\/v2\/pages"}],"about":[{"href":"https:\/\/www.linie4life.com\/ro\/wp-json\/wp\/v2\/types\/page"}],"author":[{"embeddable":true,"href":"https:\/\/www.linie4life.com\/ro\/wp-json\/wp\/v2\/users\/2"}],"replies":[{"embeddable":true,"href":"https:\/\/www.linie4life.com\/ro\/wp-json\/wp\/v2\/comments?post=36"}],"version-history":[{"count":10,"href":"https:\/\/www.linie4life.com\/ro\/wp-json\/wp\/v2\/pages\/36\/revisions"}],"predecessor-version":[{"id":17750,"href":"https:\/\/www.linie4life.com\/ro\/wp-json\/wp\/v2\/pages\/36\/revisions\/17750"}],"wp:attachment":[{"href":"https:\/\/www.linie4life.com\/ro\/wp-json\/wp\/v2\/media?parent=36"}],"curies":[{"name":"wp","href":"https:\/\/api.w.org\/{rel}","templated":true}]}}