{"id":7843,"date":"2025-06-05T14:01:53","date_gmt":"2025-06-05T12:01:53","guid":{"rendered":"https:\/\/www.linie4life.com\/zasady-cookies-eu\/"},"modified":"2026-02-16T03:21:59","modified_gmt":"2026-02-16T02:21:59","slug":"politica-ue-privind-cookie-urile","status":"publish","type":"page","link":"https:\/\/www.linie4life.com\/ro\/zasady-cookies-eu\/","title":{"rendered":"Politica privind cookie-urile (UE)"},"content":{"rendered":"<div data-elementor-type=\"wp-page\" data-elementor-id=\"7843\" class=\"elementor elementor-7843\" data-elementor-post-type=\"page\">\n\t\t\t\t<div class=\"elementor-element elementor-element-b6e1274 e-flex e-con-boxed e-con e-parent\" data-id=\"b6e1274\" data-element_type=\"container\" data-e-type=\"container\">\n\t\t\t\t\t<div class=\"e-con-inner\">\n\t\t<div class=\"elementor-element elementor-element-64d49fd e-con-full e-flex e-con e-child\" data-id=\"64d49fd\" data-element_type=\"container\" data-e-type=\"container\">\n\t\t\t\t<div class=\"elementor-element elementor-element-e3751eb elementor-widget elementor-widget-text-editor\" data-id=\"e3751eb\" data-element_type=\"widget\" data-e-type=\"widget\" data-widget_type=\"text-editor.default\">\n\t\t\t\t\t\t\t\t\t<h1><strong>Politica privind cookie-urile<\/strong><\/h1><p><strong>Data intr\u0103rii \u00een vigoare:<\/strong> 2 februarie 2026<br \/><strong>Ultima actualizare:<\/strong> 2 februarie 2026<\/p><p><strong>\u00a0<\/strong><\/p><p><strong>Ce sunt cookie-urile?<\/strong><\/p><p>Aceast\u0103 Politic\u0103 privind cookie-urile explic\u0103 ce sunt cookie-urile, cum le folosim, ce tipuri de cookie-uri folosim (adic\u0103 ce informa\u021bii colect\u0103m prin cookie-uri \u0219i cum sunt utilizate aceste informa\u021bii) \u0219i cum pute\u021bi gestiona set\u0103rile cookie-urilor.<\/p><p>Cookie-urile sunt fi\u0219iere text de mici dimensiuni care sunt stocate pe dispozitivul dvs. atunci c\u00e2nd \u00eenc\u0103rca\u021bi un site web \u00een browserul dvs. de internet. Acestea ajut\u0103 la asigurarea func\u021bion\u0103rii corecte a site-ului web, cresc securitatea acestuia, \u00eembun\u0103t\u0103\u021besc experien\u021ba utilizatorului \u0219i ne permit s\u0103 analiz\u0103m performan\u021ba site-ului web, astfel \u00eenc\u00e2t s\u0103 putem identifica ce func\u021bioneaz\u0103 bine \u0219i unde exist\u0103 loc de \u00eembun\u0103t\u0103\u021biri.<\/p><p><strong>\u00a0<\/strong><\/p><p><strong>Cum folosim cookie-urile?<\/strong><\/p><p>Ca majoritatea serviciilor online, site-ul nostru web utilizeaz\u0103 cookie-uri proprii \u0219i ter\u021be \u00een diverse scopuri.<\/p><p>Cookie-urile primare sunt necesare pentru ca site-ul web s\u0103 func\u021bioneze corect \u0219i nu colecteaz\u0103 nicio informa\u021bie de identificare personal\u0103.<\/p><p>Cookie-urile ter\u021be ne ajut\u0103 \u00een special:<\/p><ul><li>analiza\u021bi modul \u00een care func\u021bioneaz\u0103 site-ul web,<\/li><li>monitorizarea interac\u021biunilor utilizatorilor cu site-ul web,<\/li><li>a asigura securitatea serviciilor noastre,<\/li><li>afi\u0219a publicitate relevant\u0103,<\/li><li>\u00eembun\u0103t\u0103\u021bi confortul utilizatorilor \u0219i viteza vizitelor viitoare.<\/li><\/ul><p>\u00a0<\/p><p><strong>Tipuri de cookie-uri pe care le folosim<\/strong><\/p><p><strong>Cookie-uri necesare<\/strong><\/p><p>Aceste cookie-uri sunt esen\u021biale pentru func\u021biile de baz\u0103 ale site-ului web. F\u0103r\u0103 ele, site-ul web nu ar func\u021biona corect. Nu stocheaz\u0103 nicio informa\u021bie de identificare personal\u0103.<\/p><table><thead><tr><td><p><strong>Nume<\/strong><\/p><\/td><td><p><strong>Durat\u0103<\/strong><\/p><\/td><td><p><strong>Descriere<\/strong><\/p><\/td><\/tr><\/thead><tbody><tr><td><p>elementor<\/p><\/td><td><p>Nu expir\u0103 niciodat\u0103.<\/p><\/td><td><p>Este utilizat de \u0219ablonul WordPress pentru a edita \u0219i afi\u0219a con\u021binutul site-ului web.<\/p><\/td><\/tr><tr><td><p>Set\u0103ri wpEmojiSuporturi<\/p><\/td><td><p>Sesiune<\/p><\/td><td><p>Stabile\u0219te dac\u0103 browserul accept\u0103 afi\u0219area emoji-urilor.<\/p><\/td><\/tr><tr><td><p>cookie-consim\u021b\u0103m\u00e2nt-da<\/p><\/td><td><p>1 an<\/p><\/td><td><p>Stocheaz\u0103 consim\u021b\u0103m\u00e2ntul utilizatorului pentru cookie-uri pentru a respecta preferin\u021bele acestuia.<\/p><\/td><\/tr><tr><td><p>METADATE_CONFIDEN\u021aIALITATE_VIZITATOR<\/p><\/td><td><p>6 luni<\/p><\/td><td><p>Stocheaz\u0103 starea consim\u021b\u0103m\u00e2ntului utilizatorului pentru cookie-uri pentru domeniul curent (YouTube).<\/p><\/td><\/tr><tr><td><p>PHPSESSID<\/p><\/td><td><p>Sesiune<\/p><\/td><td><p>Stocheaz\u0103 un ID unic de sesiune de utilizator.<\/p><\/td><\/tr><tr><td><p>__cf_bm<\/p><\/td><td><p>1 or\u0103<\/p><\/td><td><p>Cookie anti-robo\u021bi Cloudflare.<\/p><\/td><\/tr><tr><td><p>m<\/p><\/td><td><p>1 an, 1 lun\u0103 \u0219i 4 zile<\/p><\/td><td><p>Stripe \u2013 prevenirea fraudelor \u0219i identificarea dispozitivelor.<\/p><\/td><\/tr><tr><td><p>__stripe_mid<\/p><\/td><td><p>1 an<\/p><\/td><td><p>Stripe \u2013 procesare pl\u0103\u021bi.<\/p><\/td><\/tr><tr><td><p>__stripe_sid<\/p><\/td><td><p>1 or\u0103<\/p><\/td><td><p>Stripe \u2013 procesare pl\u0103\u021bi.<\/p><\/td><\/tr><tr><td><p>pbid<\/p><\/td><td><p>6 luni<\/p><\/td><td><p>PixelYourSite \u2013 gestionarea sesiunilor utilizatorilor.<\/p><\/td><\/tr><\/tbody><\/table><p><strong>\u00a0<\/strong><\/p><p><strong>Cookie-uri func\u021bionale<\/strong><\/p><p>Aceste cookie-uri activeaz\u0103 func\u021bii avansate, cum ar fi partajarea con\u021binutului pe re\u021belele sociale sau redarea videoclipurilor \u00eencorporate.<\/p><table><thead><tr><td><p><strong>Nume<\/strong><\/p><\/td><td><p><strong>Durat\u0103<\/strong><\/p><\/td><td><p><strong>Descriere<\/strong><\/p><\/td><\/tr><\/thead><tbody><tr><td><p>VISITOR_INFO1_LIVE<\/p><\/td><td><p>6 luni<\/p><\/td><td><p>YouTube \u2013 m\u0103surarea vitezei conexiunii.<\/p><\/td><\/tr><tr><td><p>yt-remote-*<\/p><\/td><td><p>Sesiune \/ permanent\u0103<\/p><\/td><td><p>Acestea stocheaz\u0103 preferin\u021bele juc\u0103torului YouTube.<\/p><\/td><\/tr><tr><td><p>ytidb::LAST_RESULT_ENTRY_KEY<\/p><\/td><td><p>Nu expir\u0103 niciodat\u0103.<\/p><\/td><td><p>Salveaz\u0103 ultimul rezultat al c\u0103ut\u0103rii YouTube pe care s-a dat clic.<\/p><\/td><\/tr><\/tbody><\/table><p><strong>\u00a0<\/strong><\/p><p><strong>Cookie-uri analitice<\/strong><\/p><p>Acestea sunt folosite pentru a \u00een\u021belege modul \u00een care vizitatorii utilizeaz\u0103 site-ul web. Ajut\u0103 la urm\u0103rirea num\u0103rului de vizitatori, a ratei de respingere, a sursei de trafic \u0219i a altor statistici.<\/p><table><thead><tr><td><p><strong>Nume<\/strong><\/p><\/td><td><p><strong>Durat\u0103<\/strong><\/p><\/td><td><p><strong>Descriere<\/strong><\/p><\/td><\/tr><\/thead><tbody><tr><td><p>sbjs_*<\/p><\/td><td><p>Sesiune<\/p><\/td><td><p>Identificarea sursei vizitei (Sourcebuster).<\/p><\/td><\/tr><tr><td><p>_ga, <em>ga<\/em>*<\/p><\/td><td><p>1 an, 1 lun\u0103 \u0219i 4 zile<\/p><\/td><td><p>Google Analytics \u2013 statistici anonime privind traficul.<\/p><\/td><\/tr><tr><td><p>_clic<\/p><\/td><td><p>1 an<\/p><\/td><td><p>Microsoft Clarity \u2013 P\u0103strarea ID-ului utilizatorului.<\/p><\/td><\/tr><tr><td><p>_clsk<\/p><\/td><td><p>1 zi<\/p><\/td><td><p>Microsoft Clarity \u2013 \u00eenregistrare sesiune.<\/p><\/td><\/tr><tr><td><p>YSC<\/p><\/td><td><p>Sesiune<\/p><\/td><td><p>YouTube \u2013 urm\u0103rirea vizualiz\u0103rilor videoclipurilor.<\/p><\/td><\/tr><tr><td><p>buze_*<\/p><\/td><td><p>Sesiune \/ 7 zile<\/p><\/td><td><p>PixelYourSite \u2013 servicii de analiz\u0103.<\/p><\/td><\/tr><\/tbody><\/table><p><strong>\u00a0<\/strong><\/p><p><strong>Cookie-uri publicitare<\/strong><\/p><p>Acestea sunt utilizate pentru a afi\u0219a reclame personalizate \u0219i pentru a m\u0103sura eficacitatea campaniilor publicitare.<\/p><table><thead><tr><td><p><strong>Nume<\/strong><\/p><\/td><td><p><strong>Durat\u0103<\/strong><\/p><\/td><td><p><strong>Descriere<\/strong><\/p><\/td><\/tr><\/thead><tbody><tr><td><p>yt.innertube::*<\/p><\/td><td><p>Nu expir\u0103 niciodat\u0103.<\/p><\/td><td><p>YouTube \u2013 stocarea istoricului vizion\u0103rilor videoclipurilor.<\/p><\/td><\/tr><tr><td><p>_fbp<\/p><\/td><td><p>7 zile<\/p><\/td><td><p>Facebook \u2013 afi\u0219area de reclame personalizate.<\/p><\/td><\/tr><tr><td><p>_gcl_au<\/p><\/td><td><p>3 luni<\/p><\/td><td><p>Google Tag Manager \u2013 testarea eficien\u021bei publicit\u0103\u021bii.<\/p><\/td><\/tr><tr><td><p>test_cookie<\/p><\/td><td><p>15 minute<\/p><\/td><td><p>Verificarea suportului pentru cookie-uri.<\/p><\/td><\/tr><tr><td><p>IDE<\/p><\/td><td><p>1 an \u0219i 24 de zile<\/p><\/td><td><p>Google DoubleClick - publicitate personalizat\u0103.<\/p><\/td><\/tr><tr><td><p>NID<\/p><\/td><td><p>6 luni<\/p><\/td><td><p>Google \u2013 \u00een scopuri publicitare.<\/p><\/td><\/tr><\/tbody><\/table><p><strong>\u00a0<\/strong><\/p><p><strong>Cookie-uri necategorizate<\/strong><\/p><p>Aceste cookie-uri sunt analizate \u00een prezent \u0219i nu au fost \u00eenc\u0103 clasificate \u00eentr-o categorie specific\u0103.<\/p><table><thead><tr><td><p><strong>Nume<\/strong><\/p><\/td><td><p><strong>Durat\u0103<\/strong><\/p><\/td><td><p><strong>Descriere<\/strong><\/p><\/td><\/tr><\/thead><tbody><tr><td><p>__Secure-ROLLOUT_TOKEN<\/p><\/td><td><p>6 luni<\/p><\/td><td><p>Managementul test\u0103rii func\u021bionalit\u0103\u021bilor (YouTube).<\/p><\/td><\/tr><tr><td><p>__Secure-YEC<\/p><\/td><td><p>\u2014<\/p><\/td><td><p>Descrierea nu este \u00eenc\u0103 disponibil\u0103.<\/p><\/td><\/tr><tr><td><p>__Secure-YNID<\/p><\/td><td><p>6 luni<\/p><\/td><td><p>Protec\u021bia securit\u0103\u021bii utilizatorilor (Google).<\/p><\/td><\/tr><tr><td><p>pys_consent<\/p><\/td><td><p>1 an<\/p><\/td><td><p>Gestionarea consim\u021b\u0103m\u00e2ntului (PixelYourSite).<\/p><\/td><\/tr><tr><td><p>wmc_currency<\/p><\/td><td><p>1 lun\u0103<\/p><\/td><td><p>Stocheaz\u0103 moneda preferat\u0103 de utilizator.<\/p><\/td><\/tr><\/tbody><\/table><p><strong>\u00a0<\/strong><\/p><p><strong>Gestionarea set\u0103rilor cookie-urilor<\/strong><\/p><p>Pute\u021bi ajusta preferin\u021bele privind cookie-urile \u00een orice moment, f\u0103c\u00e2nd clic pe butonul \u201ePreferin\u021be consim\u021b\u0103m\u00e2nt\u201c. Aceasta va redeschide bara de gestionare a consim\u021b\u0103m\u00e2ntului \u0219i pute\u021bi modifica set\u0103rile sau v\u0103 pute\u021bi retrage consim\u021b\u0103m\u00e2ntul.<\/p><p>Diverse browsere de internet v\u0103 permit s\u0103 bloca\u021bi \u0219i s\u0103 \u0219terge\u021bi cookie-urile. Pute\u021bi ajusta set\u0103rile direct \u00een browserul dvs. Instruc\u021biunile pot fi g\u0103site aici:<\/p><ul><li><strong>Google Chrome:<\/strong> <a href=\"https:\/\/support.google.com\/accounts\/answer\/32050\" target=\"_blank\" rel=\"noopener\">https:\/\/support.google.com\/accounts\/answer\/32050<\/a><\/li><li><strong>Safari:<\/strong> <a href=\"https:\/\/support.apple.com\/en-in\/guide\/safari\/sfri11471\/mac\" target=\"_blank\" rel=\"noopener\">https:\/\/support.apple.com\/en-in\/guide\/safari\/sfri11471\/mac<\/a><\/li><li><strong>Mozilla Firefox:<\/strong> <a href=\"https:\/\/support.mozilla.org\/en-US\/kb\/clear-cookies-and-site-data-firefox\" target=\"_blank\" rel=\"noopener\">https:\/\/support.mozilla.org\/en-US\/kb\/clear-cookies-and-site-data-firefox<\/a><\/li><li><strong>Internet Explorer:<\/strong> <a href=\"https:\/\/support.microsoft.com\/en-us\/topic\/how-to-delete-cookie-files-in-internet-explorer-bca9446f-d873-78de-77ba-d42645fa52fc\" target=\"_blank\" rel=\"noopener\">https:\/\/support.microsoft.com\/en-us\/topic\/how-to-delete-cookie-files-in-internet-explorer-bca9446f-d873-78de-77ba-d42645fa52fc<\/a><\/li><\/ul><p>Dac\u0103 utiliza\u021bi un alt browser, v\u0103 rug\u0103m s\u0103 urma\u021bi documenta\u021bia oficial\u0103 pentru browserul respectiv.<\/p><p><em>\u00a0<\/em><\/p><p><em>Aceast\u0103 Politic\u0103 privind cookie-urile a fost creat\u0103 folosind instrumentul CookieYes \u2013 Generator de politici privind cookie-urile.<\/em><\/p>\t\t\t\t\t\t\t\t<\/div>\n\t\t\t\t<\/div>\n\t\t\t\t\t<\/div>\n\t\t\t\t<\/div>\n\t\t\t\t<\/div>","protected":false},"excerpt":{"rendered":"<p>Z\u00e1sady pou\u017e\u00edv\u00e1n\u00ed soubor\u016f cookies Datum \u00fa\u010dinnosti: 2. \u00fanora 2026Posledn\u00ed aktualizace: 2. \u00fanora 2026 \u00a0 Co jsou soubory cookies? Tyto Z\u00e1sady pou\u017e\u00edv\u00e1n\u00ed soubor\u016f cookies vysv\u011btluj\u00ed, co jsou cookies, jak je pou\u017e\u00edv\u00e1me, jak\u00e9 typy cookies vyu\u017e\u00edv\u00e1me (tj. jak\u00e9 informace prost\u0159ednictv\u00edm cookies shroma\u017e\u010fujeme a jak jsou tyto informace vyu\u017e\u00edv\u00e1ny) a jak m\u016f\u017eete spravovat sv\u00e9 nastaven\u00ed cookies. Cookies jsou [&hellip;]<\/p>\n","protected":false},"author":1,"featured_media":0,"parent":0,"menu_order":0,"comment_status":"closed","ping_status":"closed","template":"elementor_header_footer","meta":{"footnotes":""},"class_list":["post-7843","page","type-page","status-publish","hentry"],"_links":{"self":[{"href":"https:\/\/www.linie4life.com\/ro\/wp-json\/wp\/v2\/pages\/7843","targetHints":{"allow":["GET"]}}],"collection":[{"href":"https:\/\/www.linie4life.com\/ro\/wp-json\/wp\/v2\/pages"}],"about":[{"href":"https:\/\/www.linie4life.com\/ro\/wp-json\/wp\/v2\/types\/page"}],"author":[{"embeddable":true,"href":"https:\/\/www.linie4life.com\/ro\/wp-json\/wp\/v2\/users\/1"}],"replies":[{"embeddable":true,"href":"https:\/\/www.linie4life.com\/ro\/wp-json\/wp\/v2\/comments?post=7843"}],"version-history":[{"count":6,"href":"https:\/\/www.linie4life.com\/ro\/wp-json\/wp\/v2\/pages\/7843\/revisions"}],"predecessor-version":[{"id":17070,"href":"https:\/\/www.linie4life.com\/ro\/wp-json\/wp\/v2\/pages\/7843\/revisions\/17070"}],"wp:attachment":[{"href":"https:\/\/www.linie4life.com\/ro\/wp-json\/wp\/v2\/media?parent=7843"}],"curies":[{"name":"wp","href":"https:\/\/api.w.org\/{rel}","templated":true}]}}