{"id":34,"date":"2025-03-04T11:15:58","date_gmt":"2025-03-04T10:15:58","guid":{"rendered":"https:\/\/www.linie4life.com\/ochrana-osobnich-udaju\/"},"modified":"2025-05-26T13:05:45","modified_gmt":"2025-05-26T11:05:45","slug":"ochrana-osobnych-udajov","status":"publish","type":"page","link":"https:\/\/www.linie4life.com\/sk\/ochrana-osobnich-udaju\/","title":{"rendered":"Ochrana osobn\u00fdch \u00fadajov"},"content":{"rendered":"<div data-elementor-type=\"wp-page\" data-elementor-id=\"34\" class=\"elementor elementor-34\" data-elementor-post-type=\"page\">\n\t\t\t\t<div class=\"elementor-element elementor-element-4e0a76c e-flex e-con-boxed e-con e-parent\" data-id=\"4e0a76c\" data-element_type=\"container\" data-e-type=\"container\">\n\t\t\t\t\t<div class=\"e-con-inner\">\n\t\t\t\t<div class=\"elementor-element elementor-element-10fa37b elementor-widget elementor-widget-heading\" data-id=\"10fa37b\" data-element_type=\"widget\" data-e-type=\"widget\" data-widget_type=\"heading.default\">\n\t\t\t\t\t<h1 class=\"elementor-heading-title elementor-size-default\">Ochrana osobn\u00fdch \u00fadajov<\/h1>\t\t\t\t<\/div>\n\t\t\t\t<div class=\"elementor-element elementor-element-2d247ee elementor-widget elementor-widget-text-editor\" data-id=\"2d247ee\" data-element_type=\"widget\" data-e-type=\"widget\" data-widget_type=\"text-editor.default\">\n\t\t\t\t\t\t\t\t\t<h2><strong>I. Z\u00e1kladn\u00e9 ustanovenia<\/strong><\/h2><ol><li><strong>Spr\u00e1vcom osobn\u00fdch \u00fadajov<\/strong> pod\u013ea \u010dl. 4 bod 7 nariadenia Eur\u00f3pskeho parlamentu a Rady (E\u00da) 2016\/679 (GDPR) je <strong>NATUREPRODUCTSCLINIC LTD<\/strong> (Company number 11332850), so s\u00eddlom <strong>Unit Q, 35 Astbury Road, Lond\u00fdn, Anglicko, SE15 2NL<\/strong> (\u010falej len \u201espr\u00e1vca\u201c).<\/li><li><strong>Kontaktn\u00e9 \u00fadaje spr\u00e1vcu:<\/strong><ul><li><strong>Adresa:<\/strong> Unit Q, 35 Astbury Road, Lond\u00fdn, Anglicko, SE15 2NL<\/li><li><strong>Email:<\/strong> <span style=\"text-decoration: underline;\"><a href=\"mailto:info@linie4life.com\">info@linie4life.com<\/a><\/span><\/li><\/ul><\/li><li><strong>Osobn\u00fdmi \u00fadajmi<\/strong> sa rozumej\u00fa v\u0161etky inform\u00e1cie o identifikovanej alebo identifikovate\u013enej fyzickej osobe.<\/li><\/ol><h2><strong><br \/>II. Zdroje a kateg\u00f3rie spracov\u00e1van\u00fdch osobn\u00fdch \u00fadajov<\/strong><\/h2><ol><li>Spr\u00e1vca spracov\u00e1va osobn\u00e9 \u00fadaje, ktor\u00e9 ste mu poskytol\/a alebo ktor\u00e9 spr\u00e1vca z\u00edskal na z\u00e1klade plnenia Va\u0161ej objedn\u00e1vky.<\/li><li>Spracov\u00e1van\u00e9 s\u00fa identifika\u010dn\u00e9 a kontaktn\u00e9 \u00fadaje nevyhnutn\u00e9 pre plnenie zmluvy.<\/li><\/ol><h2><strong>III. Z\u00e1konn\u00fd d\u00f4vod a \u00fa\u010del spracovania osobn\u00fdch \u00fadajov<\/strong><\/h2><ol><li><strong>Z\u00e1konn\u00fdm d\u00f4vodom spracovania osobn\u00fdch \u00fadajov je:<\/strong><ul><li>Opr\u00e1vnen\u00fd z\u00e1ujem spr\u00e1vcu na poskytovan\u00ed priameho marketingu (<strong>\u010dl\u00e1nok 6 ods. 1 p\u00edsm. f) GDPR<\/strong>)<\/li><li>V\u00e1\u0161 s\u00fahlas so spracovan\u00edm na marketingov\u00e9 \u00fa\u010dely (<strong>\u010dl. 6 ods. 1 p\u00edsm. a) GDPR<\/strong>)<\/li><\/ul><\/li><li><strong>\u00da\u010del spracovania osobn\u00fdch \u00fadajov:<\/strong><ul><li>Vybavenie objedn\u00e1vok a plnenie zml\u00fav<\/li><li>Zasielanie obchodn\u00fdch ozn\u00e1men\u00ed a marketingov\u00fdch pon\u00fak<\/li><\/ul><\/li><li>Spr\u00e1vca nevykon\u00e1va automatizovan\u00e9 rozhodovanie pod\u013ea \u010dl. 22 GDPR.<\/li><\/ol><h2><strong>IV. \u010cas uchov\u00e1vania osobn\u00fdch \u00fadajov<\/strong><\/h2><ol><li><strong>Osobn\u00e9 \u00fadaje s\u00fa uchov\u00e1van\u00e9:<\/strong><ul><li>Po dobu trvania zmluvn\u00e9ho vz\u0165ahu a n\u00e1sledne <strong>15 rokov<\/strong>.<\/li><li>Po dobu platnosti s\u00fahlasu na marketingov\u00e9 \u00fa\u010dely, najdlh\u0161ie <strong>15 rokov<\/strong>.<\/li><\/ul><\/li><li>Po uplynut\u00ed doby uchov\u00e1vania bud\u00fa \u00fadaje vymazan\u00e9.<\/li><\/ol><h2><strong>V. Pr\u00edjemcovia osobn\u00fdch \u00fadajov<\/strong><\/h2><ol><li>Osobn\u00e9 \u00fadaje m\u00f4\u017eu by\u0165 spr\u00edstupnen\u00e9:<ul><li>Osob\u00e1m podie\u013eaj\u00facim sa na dod\u00e1vke tovaru\/slu\u017eieb<\/li><li>Poskytovate\u013eom marketingov\u00fdch slu\u017eieb<\/li><\/ul><\/li><li>Spr\u00e1vca nechce odovzd\u00e1va\u0165 osobn\u00e9 \u00fadaje mimo E\u00da.<\/li><\/ol><h2><strong>VI. Va\u0161e pr\u00e1va<\/strong><\/h2><ol><li>Pod\u013ea GDPR m\u00e1te pr\u00e1vo:<ul><li>Na pr\u00edstup k osobn\u00fdm \u00fadajom (<strong>\u010dl. 15 GDPR<\/strong>)<\/li><li>Na opravu osobn\u00fdch \u00fadajov (<strong>\u010dl\u00e1nok 16 GDPR<\/strong>)<\/li><li>Na vymazanie osobn\u00fdch \u00fadajov (<strong>\u010dl. 17 GDPR<\/strong>)<\/li><li>Na obmedzenie spracovania (<strong>\u010dl. 18 GDPR<\/strong>)<\/li><li>Na prenosite\u013enos\u0165 \u00fadajov (<strong>\u010dl. 20 GDPR<\/strong>)<\/li><li>Vznesenie n\u00e1mietky proti spracovaniu (<strong>\u010dl. 21 GDPR<\/strong>)<\/li><li>Odvola\u0165 s\u00fahlas so spracovan\u00edm<\/li><\/ul><\/li><li>M\u00e1te pr\u00e1vo poda\u0165 s\u0165a\u017enos\u0165 na <strong>\u00dado na ochranu osobn\u00fdch \u00fadajov<\/strong>.<\/li><\/ol><h2><strong>VII. Zabezpe\u010denie osobn\u00fdch \u00fadajov<\/strong><\/h2><ol><li>Spr\u00e1vca prijal technick\u00e9 a organiza\u010dn\u00e9 opatrenia na zabezpe\u010denie osobn\u00fdch \u00fadajov.<\/li><li>Osobn\u00e9 \u00fadaje s\u00fa chr\u00e1nen\u00e9 proti neopr\u00e1vnen\u00e9mu pr\u00edstupu.<\/li><\/ol><h2><strong>VIII. Z\u00e1vere\u010dn\u00e9 ustanovenia<\/strong><\/h2><ol><li>S\u00fahlas s podmienkami potvrdzujete za\u0161krtnut\u00edm s\u00fahlasu na webe.<\/li><li>Spr\u00e1vca je opr\u00e1vnen\u00fd zmeni\u0165 tieto podmienky, nov\u00e1 verzia bude zverejnen\u00e1 na webe.<\/li><\/ol><h3><strong>Tieto podmienky nadob\u00fadaj\u00fa \u00fa\u010dinnos\u0165 d\u0148om 23. 11. 2023.<\/strong><\/h3>\t\t\t\t\t\t\t\t<\/div>\n\t\t\t\t\t<\/div>\n\t\t\t\t<\/div>\n\t\t\t\t<\/div>","protected":false},"excerpt":{"rendered":"<p>Ochrana osobn\u00edch \u00fadaj\u016f I. Z\u00e1kladn\u00ed ustanoven\u00ed Spr\u00e1vcem osobn\u00edch \u00fadaj\u016f podle \u010dl. 4 bod 7 na\u0159\u00edzen\u00ed Evropsk\u00e9ho parlamentu a Rady (EU) 2016\/679 (GDPR) je NATUREPRODUCTSCLINIC LTD (Company number 11332850), se s\u00eddlem Unit Q, 35 Astbury Road, London, England, SE15 2NL (d\u00e1le jen &#8222;spr\u00e1vce&#8220;). Kontaktn\u00ed \u00fadaje spr\u00e1vce: Adresa: Unit Q, 35 Astbury Road, London, England, SE15 2NL [&hellip;]<\/p>\n","protected":false},"author":2,"featured_media":0,"parent":0,"menu_order":7,"comment_status":"closed","ping_status":"closed","template":"elementor_header_footer","meta":{"footnotes":""},"class_list":["post-34","page","type-page","status-publish","hentry"],"_links":{"self":[{"href":"https:\/\/www.linie4life.com\/sk\/wp-json\/wp\/v2\/pages\/34","targetHints":{"allow":["GET"]}}],"collection":[{"href":"https:\/\/www.linie4life.com\/sk\/wp-json\/wp\/v2\/pages"}],"about":[{"href":"https:\/\/www.linie4life.com\/sk\/wp-json\/wp\/v2\/types\/page"}],"author":[{"embeddable":true,"href":"https:\/\/www.linie4life.com\/sk\/wp-json\/wp\/v2\/users\/2"}],"replies":[{"embeddable":true,"href":"https:\/\/www.linie4life.com\/sk\/wp-json\/wp\/v2\/comments?post=34"}],"version-history":[{"count":5,"href":"https:\/\/www.linie4life.com\/sk\/wp-json\/wp\/v2\/pages\/34\/revisions"}],"predecessor-version":[{"id":7361,"href":"https:\/\/www.linie4life.com\/sk\/wp-json\/wp\/v2\/pages\/34\/revisions\/7361"}],"wp:attachment":[{"href":"https:\/\/www.linie4life.com\/sk\/wp-json\/wp\/v2\/media?parent=34"}],"curies":[{"name":"wp","href":"https:\/\/api.w.org\/{rel}","templated":true}]}}