{"id":7843,"date":"2025-06-05T14:01:53","date_gmt":"2025-06-05T12:01:53","guid":{"rendered":"https:\/\/www.linie4life.com\/zasady-cookies-eu\/"},"modified":"2026-02-16T03:21:59","modified_gmt":"2026-02-16T02:21:59","slug":"zasady-cookies-eu","status":"publish","type":"page","link":"https:\/\/www.linie4life.com\/sk\/zasady-cookies-eu\/","title":{"rendered":"Z\u00e1sady cookies (EU)"},"content":{"rendered":"<div data-elementor-type=\"wp-page\" data-elementor-id=\"7843\" class=\"elementor elementor-7843\" data-elementor-post-type=\"page\">\n\t\t\t\t<div class=\"elementor-element elementor-element-b6e1274 e-flex e-con-boxed e-con e-parent\" data-id=\"b6e1274\" data-element_type=\"container\" data-e-type=\"container\">\n\t\t\t\t\t<div class=\"e-con-inner\">\n\t\t<div class=\"elementor-element elementor-element-64d49fd e-con-full e-flex e-con e-child\" data-id=\"64d49fd\" data-element_type=\"container\" data-e-type=\"container\">\n\t\t\t\t<div class=\"elementor-element elementor-element-e3751eb elementor-widget elementor-widget-text-editor\" data-id=\"e3751eb\" data-element_type=\"widget\" data-e-type=\"widget\" data-widget_type=\"text-editor.default\">\n\t\t\t\t\t\t\t\t\t<h1><strong>Z\u00e1sady pou\u017e\u00edvania s\u00faborov cookies<\/strong><\/h1><p><strong>D\u00e1tum \u00fa\u010dinnosti:<\/strong> 2. febru\u00e1ra 2026<br \/><strong>Posledn\u00e1 aktualiz\u00e1cia:<\/strong> 2. febru\u00e1ra 2026<\/p><p><strong>\u00a0<\/strong><\/p><p><strong>\u010co s\u00fa s\u00fabory cookies?<\/strong><\/p><p>Tieto Z\u00e1sady pou\u017e\u00edvania s\u00faborov cookies vysvet\u013euj\u00fa, \u010do s\u00fa cookies, ako ich pou\u017e\u00edvame, ak\u00e9 typy cookies vyu\u017e\u00edvame (tj ak\u00e9 inform\u00e1cie prostredn\u00edctvom cookies zhroma\u017e\u010fujeme a ako s\u00fa tieto inform\u00e1cie vyu\u017e\u00edvan\u00e9) a ako m\u00f4\u017eete spravova\u0165 svoje nastavenia cookies.<\/p><p>Cookies s\u00fa mal\u00e9 textov\u00e9 s\u00fabory, ktor\u00e9 sa ukladaj\u00fa do v\u00e1\u0161ho zariadenia pri na\u010d\u00edtan\u00ed webovej str\u00e1nky v internetovom prehliada\u010di. Pom\u00e1haj\u00fa zaisti\u0165 spr\u00e1vne fungovanie webu, zvy\u0161uj\u00fa jeho bezpe\u010dnos\u0165, zlep\u0161uj\u00fa u\u017e\u00edvate\u013esk\u00fd komfort a umo\u017e\u0148uj\u00fa analyzova\u0165 v\u00fdkon webu, aby sme mohli identifikova\u0165, \u010do funguje dobre a kde je priestor na zlep\u0161enie.<\/p><p><strong>\u00a0<\/strong><\/p><p><strong>Ako pou\u017e\u00edvame cookies?<\/strong><\/p><p>Rovnako ako v\u00e4\u010d\u0161ina online slu\u017eieb pou\u017e\u00edva n\u00e1\u0161 web s\u00fabory cookies prvej aj tretej strany na r\u00f4zne \u00fa\u010dely.<\/p><p>Cookies prvej strany s\u00fa nevyhnutn\u00e9 pre spr\u00e1vne fungovanie webu a nezhroma\u017e\u010fuj\u00fa \u017eiadne osobne identifikovate\u013en\u00e9 \u00fadaje.<\/p><p>Cookies tret\u00edch str\u00e1n n\u00e1m pom\u00e1haj\u00fa najm\u00e4:<\/p><ul><li>analyzova\u0165, ako web funguje,<\/li><li>sledova\u0165 interakcie u\u017e\u00edvate\u013eov s webom,<\/li><li>zais\u0165ova\u0165 bezpe\u010dnos\u0165 na\u0161ich slu\u017eieb,<\/li><li>zobrazova\u0165 relevantn\u00fa reklamu,<\/li><li>zlep\u0161ova\u0165 u\u017e\u00edvate\u013esk\u00fd komfort a r\u00fdchlos\u0165 bud\u00facich n\u00e1v\u0161tev.<\/li><\/ul><p>\u00a0<\/p><p><strong>Typy s\u00faborov cookies, ktor\u00e9 pou\u017e\u00edvame<\/strong><\/p><p><strong>Nevyhnutn\u00e9 cookies<\/strong><\/p><p>Tieto cookies s\u00fa z\u00e1sadn\u00e9 pre z\u00e1kladn\u00e9 funkcie webu. Bez nich by web nefungoval spr\u00e1vne. Neukladaj\u00fa \u017eiadne osobne identifikovate\u013en\u00e9 \u00fadaje.<\/p><table><thead><tr><td><p><strong>N\u00e1zov<\/strong><\/p><\/td><td><p><strong>Trvanie<\/strong><\/p><\/td><td><p><strong>Popis<\/strong><\/p><\/td><\/tr><\/thead><tbody><tr><td><p>elementor<\/p><\/td><td><p>Nikdy nevypr\u0161\u00ed<\/p><\/td><td><p>Pou\u017e\u00edva sa \u0161abl\u00f3nou WordPress na \u00fapravu a zobrazovanie obsahu webu.<\/p><\/td><\/tr><tr><td><p>wpEmojiSettingsSupports<\/p><\/td><td><p>Rel\u00e1cia<\/p><\/td><td><p>Zis\u0165uje, \u010di prehliada\u010d podporuje zobrazovanie emoji.<\/p><\/td><\/tr><tr><td><p>cookieyes-consent<\/p><\/td><td><p>1 rok<\/p><\/td><td><p>Uklad\u00e1 s\u00fahlas u\u017e\u00edvate\u013ea s cookies, aby bolo mo\u017en\u00e9 re\u0161pektova\u0165 jeho preferencie.<\/p><\/td><\/tr><tr><td><p>VISITOR_PRIVACY_METADATA<\/p><\/td><td><p>6 mesiacov<\/p><\/td><td><p>Uklad\u00e1 stav s\u00fahlasu u\u017e\u00edvate\u013ea s cookies pre aktu\u00e1lnu dom\u00e9nu (YouTube).<\/p><\/td><\/tr><tr><td><p>PHPSESSID<\/p><\/td><td><p>Rel\u00e1cia<\/p><\/td><td><p>Uchov\u00e1va jedine\u010dn\u00e9 ID rel\u00e1cie pou\u017e\u00edvate\u013ea.<\/p><\/td><\/tr><tr><td><p>__cf_bm<\/p><\/td><td><p>1 hodina<\/p><\/td><td><p>Cookie slu\u017eby Cloudflare na ochranu proti top\u00e1nkam.<\/p><\/td><\/tr><tr><td><p>m<\/p><\/td><td><p>1 rok 1 mesiac 4 dni<\/p><\/td><td><p>Stripe \u2013 prevencia podvodov a identifik\u00e1cia zariadenia.<\/p><\/td><\/tr><tr><td><p>__stripe_mid<\/p><\/td><td><p>1 rok<\/p><\/td><td><p>Stripe \u2013 spracovanie platieb.<\/p><\/td><\/tr><tr><td><p>__stripe_sid<\/p><\/td><td><p>1 hodina<\/p><\/td><td><p>Stripe \u2013 spracovanie platieb.<\/p><\/td><\/tr><tr><td><p>pbid<\/p><\/td><td><p>6 mesiacov<\/p><\/td><td><p>PixelYourSite \u2013 spr\u00e1va rel\u00e1ci\u00ed pou\u017e\u00edvate\u013ea.<\/p><\/td><\/tr><\/tbody><\/table><p><strong>\u00a0<\/strong><\/p><p><strong>Funk\u010dn\u00e9 cookies<\/strong><\/p><p>Tieto cookies umo\u017e\u0148uj\u00fa roz\u0161\u00edren\u00e9 funkcie, napr\u00edklad zdie\u013eanie obsahu na soci\u00e1lnych sie\u0165ach alebo prehr\u00e1vanie vlo\u017een\u00fdch vide\u00ed.<\/p><table><thead><tr><td><p><strong>N\u00e1zov<\/strong><\/p><\/td><td><p><strong>Trvanie<\/strong><\/p><\/td><td><p><strong>Popis<\/strong><\/p><\/td><\/tr><\/thead><tbody><tr><td><p>VISITOR_INFO1_LIVE<\/p><\/td><td><p>6 mesiacov<\/p><\/td><td><p>YouTube \u2013 meranie r\u00fdchlosti pripojenia.<\/p><\/td><\/tr><tr><td><p>yt-remote-*<\/p><\/td><td><p>Rel\u00e1cia \/ trval\u00e9<\/p><\/td><td><p>Ukladaj\u00fa preferencie prehr\u00e1va\u010da YouTube.<\/p><\/td><\/tr><tr><td><p>ytidb::LAST_RESULT_ENTRY_KEY<\/p><\/td><td><p>Nikdy nevypr\u0161\u00ed<\/p><\/td><td><p>Uklad\u00e1 posledn\u00fd kliknut\u00fd v\u00fdsledok vyh\u013ead\u00e1vania na YouTube.<\/p><\/td><\/tr><\/tbody><\/table><p><strong>\u00a0<\/strong><\/p><p><strong>Analytick\u00e9 cookies<\/strong><\/p><p>Pou\u017e\u00edvaj\u00fa sa na pochopenie toho, ako n\u00e1v\u0161tevn\u00edci web pou\u017e\u00edvaj\u00fa. Pom\u00e1haj\u00fa sledova\u0165 po\u010det n\u00e1v\u0161tevn\u00edkov, mieru opustenia, zdroj n\u00e1v\u0161tevnosti a \u010fal\u0161ie \u0161tatistiky.<\/p><table><thead><tr><td><p><strong>N\u00e1zov<\/strong><\/p><\/td><td><p><strong>Trvanie<\/strong><\/p><\/td><td><p><strong>Popis<\/strong><\/p><\/td><\/tr><\/thead><tbody><tr><td><p>sbjs_*<\/p><\/td><td><p>Rel\u00e1cia<\/p><\/td><td><p>Identifik\u00e1cia zdroja n\u00e1v\u0161tevy (Sourcebuster).<\/p><\/td><\/tr><tr><td><p>_ga, <em>ga<\/em>*<\/p><\/td><td><p>1 rok 1 mesiac 4 dni<\/p><\/td><td><p>Google Analytics \u2013 anonymn\u00e9 \u0161tatistiky n\u00e1v\u0161tevnosti.<\/p><\/td><\/tr><tr><td><p>_clck<\/p><\/td><td><p>1 rok<\/p><\/td><td><p>Microsoft Clarity \u2013 uchovanie ID pou\u017e\u00edvate\u013ea.<\/p><\/td><\/tr><tr><td><p>_clsk<\/p><\/td><td><p>1 de\u0148<\/p><\/td><td><p>Microsoft Clarity \u2013 z\u00e1znam rel\u00e1cie.<\/p><\/td><\/tr><tr><td><p>YSC<\/p><\/td><td><p>Rel\u00e1cia<\/p><\/td><td><p>YouTube \u2013 sledovanie zhliadnut\u00ed vide\u00ed.<\/p><\/td><\/tr><tr><td><p>pys_*<\/p><\/td><td><p>Rel\u00e1cia \/ 7 dn\u00ed<\/p><\/td><td><p>PixelYourSite \u2013 analytick\u00e9 slu\u017eby.<\/p><\/td><\/tr><\/tbody><\/table><p><strong>\u00a0<\/strong><\/p><p><strong>Reklamn\u00e9 cookies<\/strong><\/p><p>Pou\u017e\u00edvaj\u00fa sa na zobrazovanie personalizovan\u00fdch rekl\u00e1m a meranie \u00fa\u010dinnosti reklamn\u00fdch kampan\u00ed.<\/p><table><thead><tr><td><p><strong>N\u00e1zov<\/strong><\/p><\/td><td><p><strong>Trvanie<\/strong><\/p><\/td><td><p><strong>Popis<\/strong><\/p><\/td><\/tr><\/thead><tbody><tr><td><p>yt.innertube::*<\/p><\/td><td><p>Nikdy nevypr\u0161\u00ed<\/p><\/td><td><p>YouTube \u2013 ukladanie hist\u00f3rie sledovania vide\u00ed.<\/p><\/td><\/tr><tr><td><p>_fbp<\/p><\/td><td><p>7 dn\u00ed<\/p><\/td><td><p>Facebook \u2013 zobrazovanie personalizovan\u00fdch rekl\u00e1m.<\/p><\/td><\/tr><tr><td><p>_gcl_au<\/p><\/td><td><p>3 mesiace<\/p><\/td><td><p>Google Tag Manager \u2013 testovanie \u00fa\u010dinnosti reklamy.<\/p><\/td><\/tr><tr><td><p>test_cookie<\/p><\/td><td><p>15 min\u00fat<\/p><\/td><td><p>Overenie podpory cookies.<\/p><\/td><\/tr><tr><td><p>IDE<\/p><\/td><td><p>1 rok 24 dn\u00ed<\/p><\/td><td><p>Google DoubleClick \u2013 personalizovan\u00e1 reklama.<\/p><\/td><\/tr><tr><td><p>NID<\/p><\/td><td><p>6 mesiacov<\/p><\/td><td><p>Google \u2013 reklamn\u00e9 \u00fa\u010dely.<\/p><\/td><\/tr><\/tbody><\/table><p><strong>\u00a0<\/strong><\/p><p><strong>Nezaraden\u00e9 cookies<\/strong><\/p><p>Tieto cookies s\u00fa aktu\u00e1lne analyzovan\u00e9 a doteraz neboli zaraden\u00e9 do konkr\u00e9tnej kateg\u00f3rie.<\/p><table><thead><tr><td><p><strong>N\u00e1zov<\/strong><\/p><\/td><td><p><strong>Trvanie<\/strong><\/p><\/td><td><p><strong>Popis<\/strong><\/p><\/td><\/tr><\/thead><tbody><tr><td><p>__Secure-ROLLOUT_TOKEN<\/p><\/td><td><p>6 mesiacov<\/p><\/td><td><p>Riadenie testovania funkci\u00ed (YouTube).<\/p><\/td><\/tr><tr><td><p>__Secure-YEC<\/p><\/td><td><p>\u2014<\/p><\/td><td><p>Popis zatia\u013e nie je k dispoz\u00edcii.<\/p><\/td><\/tr><tr><td><p>__Secure-YNID<\/p><\/td><td><p>6 mesiacov<\/p><\/td><td><p>Ochrana bezpe\u010dnosti pou\u017e\u00edvate\u013ea (Google).<\/p><\/td><\/tr><tr><td><p>pys_consent<\/p><\/td><td><p>1 rok<\/p><\/td><td><p>Spr\u00e1va s\u00fahlasu (PixelYourSite).<\/p><\/td><\/tr><tr><td><p>wmc_currency<\/p><\/td><td><p>1 mesiac<\/p><\/td><td><p>Uklad\u00e1 preferovan\u00fa menu pou\u017e\u00edvate\u013ea.<\/p><\/td><\/tr><\/tbody><\/table><p><strong>\u00a0<\/strong><\/p><p><strong>Spr\u00e1va nastaven\u00ed cookies<\/strong><\/p><p>Svoje preferencie cookies m\u00f4\u017eete kedyko\u013evek upravi\u0165 kliknut\u00edm na tla\u010didlo \u201eNastavenie s\u00fahlasu\u201c (Consent Preferences). T\u00fdm znovu otvor\u00edte li\u0161tu pre spr\u00e1vu s\u00fahlasu a m\u00f4\u017eete svoje nastavenie zmeni\u0165 alebo s\u00fahlas odvola\u0165.<\/p><p>R\u00f4zne internetov\u00e9 prehliada\u010de umo\u017e\u0148uj\u00fa blokovanie a mazanie cookies. Nastavenia m\u00f4\u017eete upravi\u0165 priamo vo svojom prehliada\u010di. N\u00e1vody n\u00e1jdete tu:<\/p><ul><li><strong>Google Chrome:<\/strong> <a href=\"https:\/\/support.google.com\/accounts\/answer\/32050\" target=\"_blank\" rel=\"noopener\">https:\/\/support.google.com\/accounts\/answer\/32050<\/a><\/li><li><strong>Safari:<\/strong> <a href=\"https:\/\/support.apple.com\/en-in\/guide\/safari\/sfri11471\/mac\" target=\"_blank\" rel=\"noopener\">https:\/\/support.apple.com\/en-in\/guide\/safari\/sfri11471\/mac<\/a><\/li><li><strong>Mozilla Firefox:<\/strong> <a href=\"https:\/\/support.mozilla.org\/en-US\/kb\/clear-cookies-and-site-data-firefox\" target=\"_blank\" rel=\"noopener\">https:\/\/support.mozilla.org\/en-US\/kb\/clear-cookies-and-site-data-firefox<\/a><\/li><li><strong>Internet Explorer:<\/strong> <a href=\"https:\/\/support.microsoft.com\/en-us\/topic\/how-to-delete-cookie-files-in-internet-explorer-bca9446f-d873-78de-77ba-d42645fa52fc\" target=\"_blank\" rel=\"noopener\">https:\/\/support.microsoft.com\/en-us\/topic\/how-to-delete-cookie-files-in-internet-explorer-bca9446f-d873-78de-77ba-d42645fa52fc<\/a><\/li><\/ul><p>Ak pou\u017e\u00edvate in\u00fd prehliada\u010d, postupujte pod\u013ea ofici\u00e1lnej dokument\u00e1cie dan\u00e9ho prehliada\u010da.<\/p><p><em>\u00a0<\/em><\/p><p><em>Tieto Z\u00e1sady pou\u017e\u00edvania s\u00faborov cookies boli vytvoren\u00e9 pomocou n\u00e1stroja CookieYes \u2013 Cookie Policy Generator.<\/em><\/p>\t\t\t\t\t\t\t\t<\/div>\n\t\t\t\t<\/div>\n\t\t\t\t\t<\/div>\n\t\t\t\t<\/div>\n\t\t\t\t<\/div>","protected":false},"excerpt":{"rendered":"<p>Z\u00e1sady pou\u017e\u00edv\u00e1n\u00ed soubor\u016f cookies Datum \u00fa\u010dinnosti: 2. \u00fanora 2026Posledn\u00ed aktualizace: 2. \u00fanora 2026 \u00a0 Co jsou soubory cookies? Tyto Z\u00e1sady pou\u017e\u00edv\u00e1n\u00ed soubor\u016f cookies vysv\u011btluj\u00ed, co jsou cookies, jak je pou\u017e\u00edv\u00e1me, jak\u00e9 typy cookies vyu\u017e\u00edv\u00e1me (tj. jak\u00e9 informace prost\u0159ednictv\u00edm cookies shroma\u017e\u010fujeme a jak jsou tyto informace vyu\u017e\u00edv\u00e1ny) a jak m\u016f\u017eete spravovat sv\u00e9 nastaven\u00ed cookies. Cookies jsou [&hellip;]<\/p>\n","protected":false},"author":1,"featured_media":0,"parent":0,"menu_order":0,"comment_status":"closed","ping_status":"closed","template":"elementor_header_footer","meta":{"footnotes":""},"class_list":["post-7843","page","type-page","status-publish","hentry"],"_links":{"self":[{"href":"https:\/\/www.linie4life.com\/sk\/wp-json\/wp\/v2\/pages\/7843","targetHints":{"allow":["GET"]}}],"collection":[{"href":"https:\/\/www.linie4life.com\/sk\/wp-json\/wp\/v2\/pages"}],"about":[{"href":"https:\/\/www.linie4life.com\/sk\/wp-json\/wp\/v2\/types\/page"}],"author":[{"embeddable":true,"href":"https:\/\/www.linie4life.com\/sk\/wp-json\/wp\/v2\/users\/1"}],"replies":[{"embeddable":true,"href":"https:\/\/www.linie4life.com\/sk\/wp-json\/wp\/v2\/comments?post=7843"}],"version-history":[{"count":6,"href":"https:\/\/www.linie4life.com\/sk\/wp-json\/wp\/v2\/pages\/7843\/revisions"}],"predecessor-version":[{"id":17070,"href":"https:\/\/www.linie4life.com\/sk\/wp-json\/wp\/v2\/pages\/7843\/revisions\/17070"}],"wp:attachment":[{"href":"https:\/\/www.linie4life.com\/sk\/wp-json\/wp\/v2\/media?parent=7843"}],"curies":[{"name":"wp","href":"https:\/\/api.w.org\/{rel}","templated":true}]}}